{"id":9155,"date":"2023-06-28T11:24:57","date_gmt":"2023-06-28T16:24:57","guid":{"rendered":"https:\/\/www.vecol.com.co\/?post_type=product&#038;p=9155"},"modified":"2024-12-27T10:45:58","modified_gmt":"2024-12-27T15:45:58","slug":"endotabs","status":"publish","type":"product","link":"https:\/\/www.vecol.com.co\/en\/product\/endotabs\/","title":{"rendered":"Endotabs"},"content":{"rendered":"<table width=\"633\">\n<tbody>\n<tr>\n<td width=\"141\">INDICACIONES<\/td>\n<td width=\"491\">\n<p style=\"text-align: justify;\">Antiparasitario interno de Amplio espectro para tratamiento de parasitosis producidas por nematodos gastrointestinales (Toxocara canis, Toxocara cati, Toxascaris leonina, Ancylostoma caninum, Ancylostoma tubaeforme, Uncinaria stenocephala, Trichuris vulpis) y cestodos (Echinococcus granulosus y formas adultas y larvarias de Dipylidium)<\/p>\n<\/td>\n<\/tr>\n<tr>\n<td width=\"141\">COMPOSICI\u00d3N<\/td>\n<td width=\"491\">Comprimidos por 440 mg (5 kg):<\/p>\n<p>Fenbendazol 250 mg, Pamoato de Pirantel 25 mg, Praziquantel 25 mg, Excipientes c.s.p. 1 comprimido.<\/p>\n<p>Comprimido 880 mg (10 kg):<br \/>\nFenbendazol 500 mg, Pamoato de Pirantel 50 mg, Praziquantel 50 mg. Excipientes c.s.p. 1 comprimido.<\/td>\n<\/tr>\n<tr>\n<td width=\"141\">DOSIS Y VIA DE ADMINISTRACI\u00d3N<\/td>\n<td width=\"491\">V\u00eda de administraci\u00f3n: oral<br \/>\n\u2713 Comprimidos por 440 mg: 1 comprimido por cada 5 kg de peso.<br \/>\n\u2713 Comprimidos por 880 mg: 1 comprimido por cada 10 kg.Las dosis son equivalentes a 50 mg\/kg de fenbendazol, 5 mg\/kg de pamoato de pirantel y 5 mg\/kg de praziquantel.Intervalo entre dosis: dosis \u00fanica.Duraci\u00f3n del tratamiento: para tratamiento de nematodosis y teniasis en perros: dosis \u00fanica. Para tratamiento de trichuriasis, 1 dosis cada 24 horas,<br \/>\ndurante 3 d\u00edas.<\/td>\n<\/tr>\n<tr>\n<td width=\"141\">PRECAUCIONES Y ALMACENAMIENTO<\/td>\n<td width=\"491\">Antes de la administraci\u00f3n se recomienda suministrar alimento al animal.<br \/>\nEn algunos casos puede haber fen\u00f3menos de hipersensibilidad secundarias a la liberaci\u00f3n de ant\u00edgenos de par\u00e1sitos agonizantes.Controlar la manifestaci\u00f3n de v\u00f3mitos, anorexia, letargia o diarrea u otro signo anormal luego de la administraci\u00f3n del producto.<br \/>\nNo administrar en hembras pre\u00f1adas durante el primer tercio de la gestaci\u00f3n.<br \/>\nEmplear con cautela en animales muy debilitados.<br \/>\nNo administrar en animales hipersensibles a algunos de los principios activos y\/o excipientes del producto. En caso de ingesti\u00f3n accidental pueden presentarse s\u00edntomas de tipo gastrointestinal, incluyendo n\u00e1useas, v\u00f3mitos, anorexia y diarrea.<br \/>\nAlmacenar a temperatura inferior a 30\u00b0C y protegido de la luz.<br \/>\nMant\u00e9ngase fuera del alcance de los ni\u00f1os y de los animales dom\u00e9sticos.<br \/>\nVenta bajo formula del M\u00e9dico Veterinario.<br \/>\nUSO VETERINARIO.<\/td>\n<\/tr>\n<tr>\n<td width=\"141\">ESPECIES DE DESTINO<\/td>\n<td width=\"491\">Perros y gatos.<\/td>\n<\/tr>\n<tr>\n<td width=\"141\">PRESENTACI\u00d3N:<\/td>\n<td width=\"491\">Caja plegadiza con bl\u00edster con 4 comprimidos de 440 mg.<br \/>\nCaja plegadiza con bl\u00edster con 4 comprimidos de 880 mg.<br \/>\nCaja plegadiza con bl\u00edster con 6 comprimidos de 880 mg.<\/td>\n<\/tr>\n<tr>\n<td width=\"141\">REGISTRO ICA N\u00b0<\/td>\n<td width=\"491\">11026-MV<\/td>\n<\/tr>\n<\/tbody>\n<\/table>","protected":false},"excerpt":{"rendered":"<p>Antiparasitario interno de Amplio espectro para tratamiento de parasitosis producidas por nematodos gastrointestinales (Toxocara canis, Toxocara cati, Toxascaris leonina, Ancylostoma caninum, Ancylostoma tubaeforme, Uncinaria stenocephala, Trichuris vulpis) y cestodos (Echinococcus granulosus y formas adultas y larvarias de Dipylidium)<\/p>","protected":false},"featured_media":9157,"template":"","meta":{"_acf_changed":false,"site-sidebar-layout":"default","site-content-layout":"default","ast-site-content-layout":"default","site-content-style":"default","site-sidebar-style":"default","ast-global-header-display":"","ast-banner-title-visibility":"","ast-main-header-display":"","ast-hfb-above-header-display":"","ast-hfb-below-header-display":"","ast-hfb-mobile-header-display":"","site-post-title":"","ast-breadcrumbs-content":"","ast-featured-img":"","footer-sml-layout":"","ast-disable-related-posts":"","theme-transparent-header-meta":"default","adv-header-id-meta":"","stick-header-meta":"","header-above-stick-meta":"","header-main-stick-meta":"","header-below-stick-meta":"","astra-migrate-meta-layouts":"set","ast-page-background-enabled":"default","ast-page-background-meta":{"desktop":{"background-color":"","background-image":"","background-repeat":"repeat","background-position":"center center","background-size":"auto","background-attachment":"scroll","background-type":"","background-media":"","overlay-type":"","overlay-color":"","overlay-opacity":"","overlay-gradient":""},"tablet":{"background-color":"","background-image":"","background-repeat":"repeat","background-position":"center center","background-size":"auto","background-attachment":"scroll","background-type":"","background-media":"","overlay-type":"","overlay-color":"","overlay-opacity":"","overlay-gradient":""},"mobile":{"background-color":"","background-image":"","background-repeat":"repeat","background-position":"center center","background-size":"auto","background-attachment":"scroll","background-type":"","background-media":"","overlay-type":"","overlay-color":"","overlay-opacity":"","overlay-gradient":""}},"ast-content-background-meta":{"desktop":{"background-color":"var(--ast-global-color-5)","background-image":"","background-repeat":"repeat","background-position":"center center","background-size":"auto","background-attachment":"scroll","background-type":"","background-media":"","overlay-type":"","overlay-color":"","overlay-opacity":"","overlay-gradient":""},"tablet":{"background-color":"var(--ast-global-color-5)","background-image":"","background-repeat":"repeat","background-position":"center center","background-size":"auto","background-attachment":"scroll","background-type":"","background-media":"","overlay-type":"","overlay-color":"","overlay-opacity":"","overlay-gradient":""},"mobile":{"background-color":"var(--ast-global-color-5)","background-image":"","background-repeat":"repeat","background-position":"center center","background-size":"auto","background-attachment":"scroll","background-type":"","background-media":"","overlay-type":"","overlay-color":"","overlay-opacity":"","overlay-gradient":""}}},"product_brand":[],"product_cat":[19,101],"product_tag":[],"class_list":{"0":"post-9155","1":"product","2":"type-product","3":"status-publish","4":"has-post-thumbnail","6":"product_cat-animales-de-compania","7":"product_cat-antiparasitario_ac","8":"desktop-align-left","9":"tablet-align-left","10":"mobile-align-left","12":"first","13":"instock","14":"shipping-taxable","15":"product-type-simple"},"acf":[],"yoast_head":"<!-- This site is optimized with the Yoast SEO plugin v27.3 - https:\/\/yoast.com\/product\/yoast-seo-wordpress\/ -->\n<title>Endotabs - Antiparasitario interno | VECOL<\/title>\n<meta name=\"robots\" content=\"index, follow, max-snippet:-1, max-image-preview:large, max-video-preview:-1\" \/>\n<link rel=\"canonical\" href=\"https:\/\/www.vecol.com.co\/en\/product\/endotabs\/\" \/>\n<meta property=\"og:locale\" content=\"en_US\" \/>\n<meta property=\"og:type\" content=\"article\" \/>\n<meta property=\"og:title\" content=\"Endotabs - Antiparasitario interno | VECOL\" \/>\n<meta property=\"og:description\" content=\"Antiparasitario interno de Amplio espectro para tratamiento de parasitosis producidas por nematodos gastrointestinales (Toxocara canis, Toxocara cati, Toxascaris leonina, Ancylostoma caninum, Ancylostoma tubaeforme, Uncinaria stenocephala, Trichuris vulpis) y cestodos (Echinococcus granulosus y formas adultas y larvarias de Dipylidium)\" \/>\n<meta property=\"og:url\" content=\"https:\/\/www.vecol.com.co\/en\/product\/endotabs\/\" \/>\n<meta property=\"og:site_name\" content=\"VECOL\" \/>\n<meta property=\"article:publisher\" content=\"https:\/\/www.facebook.com\/vecolveterinaria\" \/>\n<meta property=\"article:modified_time\" content=\"2024-12-27T15:45:58+00:00\" \/>\n<meta property=\"og:image\" content=\"https:\/\/www.vecol.com.co\/wp-content\/uploads\/2023\/06\/ENDOTABS-AZUL.png\" \/>\n\t<meta property=\"og:image:width\" content=\"1795\" \/>\n\t<meta property=\"og:image:height\" content=\"2169\" \/>\n\t<meta property=\"og:image:type\" content=\"image\/png\" \/>\n<meta name=\"twitter:card\" content=\"summary_large_image\" \/>\n<meta name=\"twitter:site\" content=\"@VecolColombia\" \/>\n<meta name=\"twitter:label1\" content=\"Est. reading time\" \/>\n\t<meta name=\"twitter:data1\" content=\"2 minutes\" \/>\n<script type=\"application\/ld+json\" class=\"yoast-schema-graph\">{\"@context\":\"https:\\\/\\\/schema.org\",\"@graph\":[{\"@type\":\"WebPage\",\"@id\":\"https:\\\/\\\/www.vecol.com.co\\\/producto\\\/endotabs\\\/\",\"url\":\"https:\\\/\\\/www.vecol.com.co\\\/producto\\\/endotabs\\\/\",\"name\":\"Endotabs - Antiparasitario interno | VECOL\",\"isPartOf\":{\"@id\":\"https:\\\/\\\/www.vecol.com.co\\\/#website\"},\"primaryImageOfPage\":{\"@id\":\"https:\\\/\\\/www.vecol.com.co\\\/producto\\\/endotabs\\\/#primaryimage\"},\"image\":{\"@id\":\"https:\\\/\\\/www.vecol.com.co\\\/producto\\\/endotabs\\\/#primaryimage\"},\"thumbnailUrl\":\"https:\\\/\\\/www.vecol.com.co\\\/wp-content\\\/uploads\\\/2023\\\/06\\\/ENDOTABS-AZUL.png\",\"datePublished\":\"2023-06-28T16:24:57+00:00\",\"dateModified\":\"2024-12-27T15:45:58+00:00\",\"breadcrumb\":{\"@id\":\"https:\\\/\\\/www.vecol.com.co\\\/producto\\\/endotabs\\\/#breadcrumb\"},\"inLanguage\":\"en-US\",\"potentialAction\":[{\"@type\":\"ReadAction\",\"target\":[\"https:\\\/\\\/www.vecol.com.co\\\/producto\\\/endotabs\\\/\"]}]},{\"@type\":\"ImageObject\",\"inLanguage\":\"en-US\",\"@id\":\"https:\\\/\\\/www.vecol.com.co\\\/producto\\\/endotabs\\\/#primaryimage\",\"url\":\"https:\\\/\\\/www.vecol.com.co\\\/wp-content\\\/uploads\\\/2023\\\/06\\\/ENDOTABS-AZUL.png\",\"contentUrl\":\"https:\\\/\\\/www.vecol.com.co\\\/wp-content\\\/uploads\\\/2023\\\/06\\\/ENDOTABS-AZUL.png\",\"width\":1795,\"height\":2169,\"caption\":\"ENDOTABS AZUL\"},{\"@type\":\"BreadcrumbList\",\"@id\":\"https:\\\/\\\/www.vecol.com.co\\\/producto\\\/endotabs\\\/#breadcrumb\",\"itemListElement\":[{\"@type\":\"ListItem\",\"position\":1,\"name\":\"Inicio\",\"item\":\"https:\\\/\\\/www.vecol.com.co\\\/\"},{\"@type\":\"ListItem\",\"position\":2,\"name\":\"Productos\",\"item\":\"https:\\\/\\\/www.vecol.com.co\\\/productos\\\/\"},{\"@type\":\"ListItem\",\"position\":3,\"name\":\"Endotabs\"}]},{\"@type\":\"WebSite\",\"@id\":\"https:\\\/\\\/www.vecol.com.co\\\/#website\",\"url\":\"https:\\\/\\\/www.vecol.com.co\\\/\",\"name\":\"VECOL\",\"description\":\"Empresa Colombiana de Productos Veterinarios\",\"publisher\":{\"@id\":\"https:\\\/\\\/www.vecol.com.co\\\/#organization\"},\"potentialAction\":[{\"@type\":\"SearchAction\",\"target\":{\"@type\":\"EntryPoint\",\"urlTemplate\":\"https:\\\/\\\/www.vecol.com.co\\\/?s={search_term_string}\"},\"query-input\":{\"@type\":\"PropertyValueSpecification\",\"valueRequired\":true,\"valueName\":\"search_term_string\"}}],\"inLanguage\":\"en-US\"},{\"@type\":\"Organization\",\"@id\":\"https:\\\/\\\/www.vecol.com.co\\\/#organization\",\"name\":\"Empresa Colombiana de Productos Veterinarios\",\"url\":\"https:\\\/\\\/www.vecol.com.co\\\/\",\"logo\":{\"@type\":\"ImageObject\",\"inLanguage\":\"en-US\",\"@id\":\"https:\\\/\\\/www.vecol.com.co\\\/#\\\/schema\\\/logo\\\/image\\\/\",\"url\":\"https:\\\/\\\/www.vecol.com.co\\\/wp-content\\\/uploads\\\/2023\\\/07\\\/logoVecol.png\",\"contentUrl\":\"https:\\\/\\\/www.vecol.com.co\\\/wp-content\\\/uploads\\\/2023\\\/07\\\/logoVecol.png\",\"width\":106,\"height\":106,\"caption\":\"Empresa Colombiana de Productos Veterinarios\"},\"image\":{\"@id\":\"https:\\\/\\\/www.vecol.com.co\\\/#\\\/schema\\\/logo\\\/image\\\/\"},\"sameAs\":[\"https:\\\/\\\/www.facebook.com\\\/vecolveterinaria\",\"https:\\\/\\\/x.com\\\/VecolColombia\"]}]}<\/script>\n<!-- \/ Yoast SEO plugin. -->","yoast_head_json":{"title":"Endotabs - Internal Antiparasitic | VECOL","robots":{"index":"index","follow":"follow","max-snippet":"max-snippet:-1","max-image-preview":"max-image-preview:large","max-video-preview":"max-video-preview:-1"},"canonical":"https:\/\/www.vecol.com.co\/en\/product\/endotabs\/","og_locale":"en_US","og_type":"article","og_title":"Endotabs - Antiparasitario interno | VECOL","og_description":"Antiparasitario interno de Amplio espectro para tratamiento de parasitosis producidas por nematodos gastrointestinales (Toxocara canis, Toxocara cati, Toxascaris leonina, Ancylostoma caninum, Ancylostoma tubaeforme, Uncinaria stenocephala, Trichuris vulpis) y cestodos (Echinococcus granulosus y formas adultas y larvarias de Dipylidium)","og_url":"https:\/\/www.vecol.com.co\/en\/product\/endotabs\/","og_site_name":"VECOL","article_publisher":"https:\/\/www.facebook.com\/vecolveterinaria","article_modified_time":"2024-12-27T15:45:58+00:00","og_image":[{"width":1795,"height":2169,"url":"https:\/\/www.vecol.com.co\/wp-content\/uploads\/2023\/06\/ENDOTABS-AZUL.png","type":"image\/png"}],"twitter_card":"summary_large_image","twitter_site":"@VecolColombia","twitter_misc":{"Est. reading time":"2 minutes"},"schema":{"@context":"https:\/\/schema.org","@graph":[{"@type":"WebPage","@id":"https:\/\/www.vecol.com.co\/producto\/endotabs\/","url":"https:\/\/www.vecol.com.co\/producto\/endotabs\/","name":"Endotabs - Internal Antiparasitic | VECOL","isPartOf":{"@id":"https:\/\/www.vecol.com.co\/#website"},"primaryImageOfPage":{"@id":"https:\/\/www.vecol.com.co\/producto\/endotabs\/#primaryimage"},"image":{"@id":"https:\/\/www.vecol.com.co\/producto\/endotabs\/#primaryimage"},"thumbnailUrl":"https:\/\/www.vecol.com.co\/wp-content\/uploads\/2023\/06\/ENDOTABS-AZUL.png","datePublished":"2023-06-28T16:24:57+00:00","dateModified":"2024-12-27T15:45:58+00:00","breadcrumb":{"@id":"https:\/\/www.vecol.com.co\/producto\/endotabs\/#breadcrumb"},"inLanguage":"en-US","potentialAction":[{"@type":"ReadAction","target":["https:\/\/www.vecol.com.co\/producto\/endotabs\/"]}]},{"@type":"ImageObject","inLanguage":"en-US","@id":"https:\/\/www.vecol.com.co\/producto\/endotabs\/#primaryimage","url":"https:\/\/www.vecol.com.co\/wp-content\/uploads\/2023\/06\/ENDOTABS-AZUL.png","contentUrl":"https:\/\/www.vecol.com.co\/wp-content\/uploads\/2023\/06\/ENDOTABS-AZUL.png","width":1795,"height":2169,"caption":"ENDOTABS AZUL"},{"@type":"BreadcrumbList","@id":"https:\/\/www.vecol.com.co\/producto\/endotabs\/#breadcrumb","itemListElement":[{"@type":"ListItem","position":1,"name":"Inicio","item":"https:\/\/www.vecol.com.co\/"},{"@type":"ListItem","position":2,"name":"Productos","item":"https:\/\/www.vecol.com.co\/productos\/"},{"@type":"ListItem","position":3,"name":"Endotabs"}]},{"@type":"WebSite","@id":"https:\/\/www.vecol.com.co\/#website","url":"https:\/\/www.vecol.com.co\/","name":"VECOL","description":"Colombian Veterinary Products Company","publisher":{"@id":"https:\/\/www.vecol.com.co\/#organization"},"potentialAction":[{"@type":"SearchAction","target":{"@type":"EntryPoint","urlTemplate":"https:\/\/www.vecol.com.co\/?s={search_term_string}"},"query-input":{"@type":"PropertyValueSpecification","valueRequired":true,"valueName":"search_term_string"}}],"inLanguage":"en-US"},{"@type":"Organization","@id":"https:\/\/www.vecol.com.co\/#organization","name":"Colombian Veterinary Products Company","url":"https:\/\/www.vecol.com.co\/","logo":{"@type":"ImageObject","inLanguage":"en-US","@id":"https:\/\/www.vecol.com.co\/#\/schema\/logo\/image\/","url":"https:\/\/www.vecol.com.co\/wp-content\/uploads\/2023\/07\/logoVecol.png","contentUrl":"https:\/\/www.vecol.com.co\/wp-content\/uploads\/2023\/07\/logoVecol.png","width":106,"height":106,"caption":"Empresa Colombiana de Productos Veterinarios"},"image":{"@id":"https:\/\/www.vecol.com.co\/#\/schema\/logo\/image\/"},"sameAs":["https:\/\/www.facebook.com\/vecolveterinaria","https:\/\/x.com\/VecolColombia"]}]}},"_links":{"self":[{"href":"https:\/\/www.vecol.com.co\/en\/wp-json\/wp\/v2\/product\/9155","targetHints":{"allow":["GET"]}}],"collection":[{"href":"https:\/\/www.vecol.com.co\/en\/wp-json\/wp\/v2\/product"}],"about":[{"href":"https:\/\/www.vecol.com.co\/en\/wp-json\/wp\/v2\/types\/product"}],"wp:featuredmedia":[{"embeddable":true,"href":"https:\/\/www.vecol.com.co\/en\/wp-json\/wp\/v2\/media\/9157"}],"wp:attachment":[{"href":"https:\/\/www.vecol.com.co\/en\/wp-json\/wp\/v2\/media?parent=9155"}],"wp:term":[{"taxonomy":"product_brand","embeddable":true,"href":"https:\/\/www.vecol.com.co\/en\/wp-json\/wp\/v2\/product_brand?post=9155"},{"taxonomy":"product_cat","embeddable":true,"href":"https:\/\/www.vecol.com.co\/en\/wp-json\/wp\/v2\/product_cat?post=9155"},{"taxonomy":"product_tag","embeddable":true,"href":"https:\/\/www.vecol.com.co\/en\/wp-json\/wp\/v2\/product_tag?post=9155"}],"curies":[{"name":"wp","href":"https:\/\/api.w.org\/{rel}","templated":true}]}}