{"id":9113,"date":"2023-06-26T13:51:01","date_gmt":"2023-06-26T18:51:01","guid":{"rendered":"https:\/\/www.vecol.com.co\/?post_type=product&#038;p=9113"},"modified":"2024-12-13T12:18:46","modified_gmt":"2024-12-13T17:18:46","slug":"cefalpets","status":"publish","type":"product","link":"https:\/\/www.vecol.com.co\/en\/product\/cefalpets\/","title":{"rendered":"Cefalpets\u00ae"},"content":{"rendered":"<table width=\"633\">\n<tbody>\n<tr>\n<td width=\"141\">INDICACIONES<\/td>\n<td width=\"491\">\n<p style=\"text-align: justify;\">Tratamiento de infecciones de piel, tejidos blandos, osteoarticulares, otitis, v\u00edas respiratorias y genitourinarias. Enfermedades ocasionadas por bacterias sensibles a la Cefalexina como Staphylococcus spp., Streptococcus spp., Escherichia coli, Klebsiella spp., Haemophilus spp., Proteus spp.,<br \/>\nClostridium spp., Pasteurella spp.<\/p>\n<\/td>\n<\/tr>\n<tr>\n<td width=\"141\">COMPOSICI\u00d3N<\/td>\n<td width=\"491\">Seg\u00fan la presentaci\u00f3n: Cefalexina monohidrato 500mg con excipientes c.s.p 700 mg o Cefalexina monohidrato 1000 mg con excipientes c.s.p. 1400 mg<br \/>\npor comprimido.<\/td>\n<\/tr>\n<tr>\n<td width=\"141\">DOSIS Y VIA DE ADMINISTRACI\u00d3N<\/td>\n<td width=\"491\">Comprimidos x 500 mg de Cefalexina<\/p>\n<p>Administrar de 25 \u2013 30 mg\/kg de peso. En la pr\u00e1ctica:<br \/>\n1\u20442 comprimido de 700 mg por cada 8 a 10 kg de peso. 1 comprimido 700 mg por cada 16 \u2013 20 kg de peso.<\/p>\n<p>Cada 8 a 12 horas<br \/>\nComprimidos de 1000 mg de Cefalexina<br \/>\nAdministrar de 25 \u2013 30 mg\/kg de peso.<br \/>\nEn la pr\u00e1ctica:<br \/>\n1 comprimido de 1400 mg por cada 33 a 40 kg peso.<br \/>\nCada 8 a 12 horas<\/p>\n<p>Indicado en perros adultos y cachorros de m\u00e1s de 3 semanas de edad.<\/p>\n<p>No menor a 7 d\u00edas, y por lo menos 48 horas despu\u00e9s de la desaparici\u00f3n de los signos cl\u00ednicos. En patolog\u00edas como pioderma e infecciones urinarias se<br \/>\nha administrado hasta por 30 d\u00edas.<\/td>\n<\/tr>\n<tr>\n<td width=\"141\">PRECAUCIONES Y ALMACENAMIENTO<\/td>\n<td width=\"491\">\n<p style=\"text-align: justify;\">\u2022 No administrar en animales hipersensibles a los betalact\u00e1micos.<br \/>\n\u2022 No administrar a sujetos al\u00e9rgicos a las cefalosporinas.<br \/>\n\u2022 No suministraren pacientes con insuficiencia renal ni en hembras gestantes.<br \/>\n\u2022 Venta bajo formula del M\u00e9dico Veterinario.<br \/>\n\u2022 No usar en conejos, cobayos, h\u00e1mster o jerbos.<br \/>\n\u2022 Conservar a una temperatura no mayor a 30\u00b0C y protegido de la luz solar.<br \/>\n\u2022 Mant\u00e9ngase fuera del alcance de los ni\u00f1os y de los animales dom\u00e9sticos.<br \/>\n\u2022 La disposici\u00f3n de los envases o contenido residual debe hacerse seg\u00fan la normativa ambiental vigente.<br \/>\n\u2022 USO VETERINARIO.<\/p>\n<\/td>\n<\/tr>\n<tr>\n<td width=\"141\">ESPECIES DE DESTINO<\/td>\n<td width=\"491\">Perros<\/td>\n<\/tr>\n<tr>\n<td width=\"141\">PRESENTACI\u00d3N:<\/td>\n<td width=\"491\">Caja plegadiza con bl\u00edster por 8 comprimidos de 500 mg, y caja plegadiza con bl\u00edster por 5 comprimidos de 1000 mg.<\/td>\n<\/tr>\n<tr>\n<td width=\"141\">REGISTRO ICA N\u00b0<\/td>\n<td width=\"491\">11025-MV<\/td>\n<\/tr>\n<\/tbody>\n<\/table>","protected":false},"excerpt":{"rendered":"<p>Tratamiento de infecciones de piel, tejidos blandos, osteoarticulares, otitis, v\u00edas respiratorias y genitourinarias. Enfermedades ocasionadas por bacterias sensibles a la Cefalexina como Staphylococcus spp., Streptococcus spp., Escherichia coli, Klebsiella spp., Haemophilus spp., Proteus spp.,<br \/>\nClostridium spp., Pasteurella spp.<\/p>","protected":false},"featured_media":9114,"template":"","meta":{"_acf_changed":false,"site-sidebar-layout":"default","site-content-layout":"default","ast-site-content-layout":"default","site-content-style":"default","site-sidebar-style":"default","ast-global-header-display":"","ast-banner-title-visibility":"","ast-main-header-display":"","ast-hfb-above-header-display":"","ast-hfb-below-header-display":"","ast-hfb-mobile-header-display":"","site-post-title":"","ast-breadcrumbs-content":"","ast-featured-img":"","footer-sml-layout":"","ast-disable-related-posts":"","theme-transparent-header-meta":"default","adv-header-id-meta":"","stick-header-meta":"","header-above-stick-meta":"","header-main-stick-meta":"","header-below-stick-meta":"","astra-migrate-meta-layouts":"set","ast-page-background-enabled":"default","ast-page-background-meta":{"desktop":{"background-color":"","background-image":"","background-repeat":"repeat","background-position":"center center","background-size":"auto","background-attachment":"scroll","background-type":"","background-media":"","overlay-type":"","overlay-color":"","overlay-opacity":"","overlay-gradient":""},"tablet":{"background-color":"","background-image":"","background-repeat":"repeat","background-position":"center center","background-size":"auto","background-attachment":"scroll","background-type":"","background-media":"","overlay-type":"","overlay-color":"","overlay-opacity":"","overlay-gradient":""},"mobile":{"background-color":"","background-image":"","background-repeat":"repeat","background-position":"center center","background-size":"auto","background-attachment":"scroll","background-type":"","background-media":"","overlay-type":"","overlay-color":"","overlay-opacity":"","overlay-gradient":""}},"ast-content-background-meta":{"desktop":{"background-color":"var(--ast-global-color-5)","background-image":"","background-repeat":"repeat","background-position":"center center","background-size":"auto","background-attachment":"scroll","background-type":"","background-media":"","overlay-type":"","overlay-color":"","overlay-opacity":"","overlay-gradient":""},"tablet":{"background-color":"var(--ast-global-color-5)","background-image":"","background-repeat":"repeat","background-position":"center center","background-size":"auto","background-attachment":"scroll","background-type":"","background-media":"","overlay-type":"","overlay-color":"","overlay-opacity":"","overlay-gradient":""},"mobile":{"background-color":"var(--ast-global-color-5)","background-image":"","background-repeat":"repeat","background-position":"center center","background-size":"auto","background-attachment":"scroll","background-type":"","background-media":"","overlay-type":"","overlay-color":"","overlay-opacity":"","overlay-gradient":""}}},"product_brand":[],"product_cat":[19,99],"product_tag":[],"class_list":{"0":"post-9113","1":"product","2":"type-product","3":"status-publish","4":"has-post-thumbnail","6":"product_cat-animales-de-compania","7":"product_cat-antibioticos-animales-de-compania","8":"desktop-align-left","9":"tablet-align-left","10":"mobile-align-left","12":"first","13":"instock","14":"shipping-taxable","15":"product-type-simple"},"acf":[],"yoast_head":"<!-- This site is optimized with the Yoast SEO plugin v27.3 - https:\/\/yoast.com\/product\/yoast-seo-wordpress\/ -->\n<title>Cefalpets\u00ae - tratamiento de infecciones de piel | VECOL<\/title>\n<meta name=\"robots\" content=\"index, follow, max-snippet:-1, max-image-preview:large, max-video-preview:-1\" \/>\n<link rel=\"canonical\" href=\"https:\/\/www.vecol.com.co\/en\/product\/cefalpets\/\" \/>\n<meta property=\"og:locale\" content=\"en_US\" \/>\n<meta property=\"og:type\" content=\"article\" \/>\n<meta property=\"og:title\" content=\"Cefalpets\u00ae - tratamiento de infecciones de piel | VECOL\" \/>\n<meta property=\"og:description\" content=\"Tratamiento de infecciones de piel, tejidos blandos, osteoarticulares, otitis, v\u00edas respiratorias y genitourinarias. Enfermedades ocasionadas por bacterias sensibles a la Cefalexina como Staphylococcus spp., Streptococcus spp., Escherichia coli, Klebsiella spp., Haemophilus spp., Proteus spp., Clostridium spp., Pasteurella spp.\" \/>\n<meta property=\"og:url\" content=\"https:\/\/www.vecol.com.co\/en\/product\/cefalpets\/\" \/>\n<meta property=\"og:site_name\" content=\"VECOL\" \/>\n<meta property=\"article:publisher\" content=\"https:\/\/www.facebook.com\/vecolveterinaria\" \/>\n<meta property=\"article:modified_time\" content=\"2024-12-13T17:18:46+00:00\" \/>\n<meta property=\"og:image\" content=\"https:\/\/www.vecol.com.co\/wp-content\/uploads\/2023\/06\/CELFAPETS-PERRO-1.png\" \/>\n\t<meta property=\"og:image:width\" content=\"824\" \/>\n\t<meta property=\"og:image:height\" content=\"983\" \/>\n\t<meta property=\"og:image:type\" content=\"image\/png\" \/>\n<meta name=\"twitter:card\" content=\"summary_large_image\" \/>\n<meta name=\"twitter:site\" content=\"@VecolColombia\" \/>\n<meta name=\"twitter:label1\" content=\"Est. reading time\" \/>\n\t<meta name=\"twitter:data1\" content=\"2 minutes\" \/>\n<script type=\"application\/ld+json\" class=\"yoast-schema-graph\">{\"@context\":\"https:\\\/\\\/schema.org\",\"@graph\":[{\"@type\":\"WebPage\",\"@id\":\"https:\\\/\\\/www.vecol.com.co\\\/en\\\/product\\\/cefalpets\\\/\",\"url\":\"https:\\\/\\\/www.vecol.com.co\\\/en\\\/product\\\/cefalpets\\\/\",\"name\":\"Cefalpets\u00ae - tratamiento de infecciones de piel | VECOL\",\"isPartOf\":{\"@id\":\"https:\\\/\\\/www.vecol.com.co\\\/#website\"},\"primaryImageOfPage\":{\"@id\":\"https:\\\/\\\/www.vecol.com.co\\\/en\\\/product\\\/cefalpets\\\/#primaryimage\"},\"image\":{\"@id\":\"https:\\\/\\\/www.vecol.com.co\\\/en\\\/product\\\/cefalpets\\\/#primaryimage\"},\"thumbnailUrl\":\"https:\\\/\\\/www.vecol.com.co\\\/wp-content\\\/uploads\\\/2023\\\/06\\\/CELFAPETS-PERRO-1.png\",\"datePublished\":\"2023-06-26T18:51:01+00:00\",\"dateModified\":\"2024-12-13T17:18:46+00:00\",\"breadcrumb\":{\"@id\":\"https:\\\/\\\/www.vecol.com.co\\\/en\\\/product\\\/cefalpets\\\/#breadcrumb\"},\"inLanguage\":\"en-US\",\"potentialAction\":[{\"@type\":\"ReadAction\",\"target\":[\"https:\\\/\\\/www.vecol.com.co\\\/en\\\/product\\\/cefalpets\\\/\"]}]},{\"@type\":\"ImageObject\",\"inLanguage\":\"en-US\",\"@id\":\"https:\\\/\\\/www.vecol.com.co\\\/en\\\/product\\\/cefalpets\\\/#primaryimage\",\"url\":\"https:\\\/\\\/www.vecol.com.co\\\/wp-content\\\/uploads\\\/2023\\\/06\\\/CELFAPETS-PERRO-1.png\",\"contentUrl\":\"https:\\\/\\\/www.vecol.com.co\\\/wp-content\\\/uploads\\\/2023\\\/06\\\/CELFAPETS-PERRO-1.png\",\"width\":824,\"height\":983,\"caption\":\"CELFAPETS PERRO\"},{\"@type\":\"BreadcrumbList\",\"@id\":\"https:\\\/\\\/www.vecol.com.co\\\/en\\\/product\\\/cefalpets\\\/#breadcrumb\",\"itemListElement\":[{\"@type\":\"ListItem\",\"position\":1,\"name\":\"Inicio\",\"item\":\"https:\\\/\\\/www.vecol.com.co\\\/\"},{\"@type\":\"ListItem\",\"position\":2,\"name\":\"Productos\",\"item\":\"https:\\\/\\\/www.vecol.com.co\\\/productos\\\/\"},{\"@type\":\"ListItem\",\"position\":3,\"name\":\"Cefalpets\u00ae\"}]},{\"@type\":\"WebSite\",\"@id\":\"https:\\\/\\\/www.vecol.com.co\\\/#website\",\"url\":\"https:\\\/\\\/www.vecol.com.co\\\/\",\"name\":\"VECOL\",\"description\":\"Empresa Colombiana de Productos Veterinarios\",\"publisher\":{\"@id\":\"https:\\\/\\\/www.vecol.com.co\\\/#organization\"},\"potentialAction\":[{\"@type\":\"SearchAction\",\"target\":{\"@type\":\"EntryPoint\",\"urlTemplate\":\"https:\\\/\\\/www.vecol.com.co\\\/?s={search_term_string}\"},\"query-input\":{\"@type\":\"PropertyValueSpecification\",\"valueRequired\":true,\"valueName\":\"search_term_string\"}}],\"inLanguage\":\"en-US\"},{\"@type\":\"Organization\",\"@id\":\"https:\\\/\\\/www.vecol.com.co\\\/#organization\",\"name\":\"Empresa Colombiana de Productos Veterinarios\",\"url\":\"https:\\\/\\\/www.vecol.com.co\\\/\",\"logo\":{\"@type\":\"ImageObject\",\"inLanguage\":\"en-US\",\"@id\":\"https:\\\/\\\/www.vecol.com.co\\\/#\\\/schema\\\/logo\\\/image\\\/\",\"url\":\"https:\\\/\\\/www.vecol.com.co\\\/wp-content\\\/uploads\\\/2023\\\/07\\\/logoVecol.png\",\"contentUrl\":\"https:\\\/\\\/www.vecol.com.co\\\/wp-content\\\/uploads\\\/2023\\\/07\\\/logoVecol.png\",\"width\":106,\"height\":106,\"caption\":\"Empresa Colombiana de Productos Veterinarios\"},\"image\":{\"@id\":\"https:\\\/\\\/www.vecol.com.co\\\/#\\\/schema\\\/logo\\\/image\\\/\"},\"sameAs\":[\"https:\\\/\\\/www.facebook.com\\\/vecolveterinaria\",\"https:\\\/\\\/x.com\\\/VecolColombia\"]}]}<\/script>\n<!-- \/ Yoast SEO plugin. -->","yoast_head_json":{"title":"Cefalpets\u00ae - treatment of skin infections | VECOL","robots":{"index":"index","follow":"follow","max-snippet":"max-snippet:-1","max-image-preview":"max-image-preview:large","max-video-preview":"max-video-preview:-1"},"canonical":"https:\/\/www.vecol.com.co\/en\/product\/cefalpets\/","og_locale":"en_US","og_type":"article","og_title":"Cefalpets\u00ae - tratamiento de infecciones de piel | VECOL","og_description":"Tratamiento de infecciones de piel, tejidos blandos, osteoarticulares, otitis, v\u00edas respiratorias y genitourinarias. Enfermedades ocasionadas por bacterias sensibles a la Cefalexina como Staphylococcus spp., Streptococcus spp., Escherichia coli, Klebsiella spp., Haemophilus spp., Proteus spp., Clostridium spp., Pasteurella spp.","og_url":"https:\/\/www.vecol.com.co\/en\/product\/cefalpets\/","og_site_name":"VECOL","article_publisher":"https:\/\/www.facebook.com\/vecolveterinaria","article_modified_time":"2024-12-13T17:18:46+00:00","og_image":[{"width":824,"height":983,"url":"https:\/\/www.vecol.com.co\/wp-content\/uploads\/2023\/06\/CELFAPETS-PERRO-1.png","type":"image\/png"}],"twitter_card":"summary_large_image","twitter_site":"@VecolColombia","twitter_misc":{"Est. reading time":"2 minutes"},"schema":{"@context":"https:\/\/schema.org","@graph":[{"@type":"WebPage","@id":"https:\/\/www.vecol.com.co\/en\/product\/cefalpets\/","url":"https:\/\/www.vecol.com.co\/en\/product\/cefalpets\/","name":"Cefalpets\u00ae - treatment of skin infections | VECOL","isPartOf":{"@id":"https:\/\/www.vecol.com.co\/#website"},"primaryImageOfPage":{"@id":"https:\/\/www.vecol.com.co\/en\/product\/cefalpets\/#primaryimage"},"image":{"@id":"https:\/\/www.vecol.com.co\/en\/product\/cefalpets\/#primaryimage"},"thumbnailUrl":"https:\/\/www.vecol.com.co\/wp-content\/uploads\/2023\/06\/CELFAPETS-PERRO-1.png","datePublished":"2023-06-26T18:51:01+00:00","dateModified":"2024-12-13T17:18:46+00:00","breadcrumb":{"@id":"https:\/\/www.vecol.com.co\/en\/product\/cefalpets\/#breadcrumb"},"inLanguage":"en-US","potentialAction":[{"@type":"ReadAction","target":["https:\/\/www.vecol.com.co\/en\/product\/cefalpets\/"]}]},{"@type":"ImageObject","inLanguage":"en-US","@id":"https:\/\/www.vecol.com.co\/en\/product\/cefalpets\/#primaryimage","url":"https:\/\/www.vecol.com.co\/wp-content\/uploads\/2023\/06\/CELFAPETS-PERRO-1.png","contentUrl":"https:\/\/www.vecol.com.co\/wp-content\/uploads\/2023\/06\/CELFAPETS-PERRO-1.png","width":824,"height":983,"caption":"CELFAPETS PERRO"},{"@type":"BreadcrumbList","@id":"https:\/\/www.vecol.com.co\/en\/product\/cefalpets\/#breadcrumb","itemListElement":[{"@type":"ListItem","position":1,"name":"Inicio","item":"https:\/\/www.vecol.com.co\/"},{"@type":"ListItem","position":2,"name":"Productos","item":"https:\/\/www.vecol.com.co\/productos\/"},{"@type":"ListItem","position":3,"name":"Cefalpets\u00ae"}]},{"@type":"WebSite","@id":"https:\/\/www.vecol.com.co\/#website","url":"https:\/\/www.vecol.com.co\/","name":"VECOL","description":"Colombian Veterinary Products Company","publisher":{"@id":"https:\/\/www.vecol.com.co\/#organization"},"potentialAction":[{"@type":"SearchAction","target":{"@type":"EntryPoint","urlTemplate":"https:\/\/www.vecol.com.co\/?s={search_term_string}"},"query-input":{"@type":"PropertyValueSpecification","valueRequired":true,"valueName":"search_term_string"}}],"inLanguage":"en-US"},{"@type":"Organization","@id":"https:\/\/www.vecol.com.co\/#organization","name":"Colombian Veterinary Products Company","url":"https:\/\/www.vecol.com.co\/","logo":{"@type":"ImageObject","inLanguage":"en-US","@id":"https:\/\/www.vecol.com.co\/#\/schema\/logo\/image\/","url":"https:\/\/www.vecol.com.co\/wp-content\/uploads\/2023\/07\/logoVecol.png","contentUrl":"https:\/\/www.vecol.com.co\/wp-content\/uploads\/2023\/07\/logoVecol.png","width":106,"height":106,"caption":"Empresa Colombiana de Productos Veterinarios"},"image":{"@id":"https:\/\/www.vecol.com.co\/#\/schema\/logo\/image\/"},"sameAs":["https:\/\/www.facebook.com\/vecolveterinaria","https:\/\/x.com\/VecolColombia"]}]}},"_links":{"self":[{"href":"https:\/\/www.vecol.com.co\/en\/wp-json\/wp\/v2\/product\/9113","targetHints":{"allow":["GET"]}}],"collection":[{"href":"https:\/\/www.vecol.com.co\/en\/wp-json\/wp\/v2\/product"}],"about":[{"href":"https:\/\/www.vecol.com.co\/en\/wp-json\/wp\/v2\/types\/product"}],"wp:featuredmedia":[{"embeddable":true,"href":"https:\/\/www.vecol.com.co\/en\/wp-json\/wp\/v2\/media\/9114"}],"wp:attachment":[{"href":"https:\/\/www.vecol.com.co\/en\/wp-json\/wp\/v2\/media?parent=9113"}],"wp:term":[{"taxonomy":"product_brand","embeddable":true,"href":"https:\/\/www.vecol.com.co\/en\/wp-json\/wp\/v2\/product_brand?post=9113"},{"taxonomy":"product_cat","embeddable":true,"href":"https:\/\/www.vecol.com.co\/en\/wp-json\/wp\/v2\/product_cat?post=9113"},{"taxonomy":"product_tag","embeddable":true,"href":"https:\/\/www.vecol.com.co\/en\/wp-json\/wp\/v2\/product_tag?post=9113"}],"curies":[{"name":"wp","href":"https:\/\/api.w.org\/{rel}","templated":true}]}}