{"id":7025,"date":"2022-11-09T09:14:38","date_gmt":"2022-11-09T14:14:38","guid":{"rendered":"https:\/\/www.vecol.com.co\/?post_type=product&#038;p=7025"},"modified":"2022-11-09T11:39:45","modified_gmt":"2022-11-09T16:39:45","slug":"sunny-pet","status":"publish","type":"product","link":"https:\/\/www.vecol.com.co\/en\/product\/sunny-pet\/","title":{"rendered":"Sunny Pet \u00ae"},"content":{"rendered":"<table width=\"633\">\n<tbody>\n<tr>\n<td width=\"141\"><strong>INDICACIONES<\/strong><\/td>\n<td width=\"491\">\n<p style=\"text-align: justify;\">Bloqueador solar de amplio espectro (FPS 50+) que est\u00e1 indicado en perros de pelo blanco y claro, de pelaje corto y delgado, de piel blanca, rosada o sensible al sol y todas las mascotas sometidas a una exposici\u00f3n excesiva al sol, para ayudar a prevenir los efectos da\u00f1inos de los rayos del sol UVA y UVB en la piel, incluso a trav\u00e9s de su manto de pelo, lo que se logra gracias sus activos y sus excipientes.<\/p>\n<p>Contiene aceites naturales que gracias a sus propiedades antis\u00e9pticas, antibacteriales y cicatrizantes, y a sus excipientes que aumentan el potencial de humectaci\u00f3n de la Glicerina, aportan mayor protecci\u00f3n a la piel de su mascota.<\/p>\n<p>Este producto est\u00e1 especialmente formulado con filtros solares f\u00edsicos y una pantalla qu\u00edmica que absorben y desv\u00edan los rayos del sol UVA y UVB, haci\u00e9ndolo seguro para su mascota.<\/p>\n<p style=\"text-align: justify;\">Este producto es de suave composici\u00f3n y sin preservantes artificiales, sin \u00f3xido de Zinc, sin \u00e1cido para- aminobenz\u00f3ico (PABA), sin Parabenos y tiene suave aroma de textura no grasa ni pegajosa.<\/p>\n<\/td>\n<\/tr>\n<tr>\n<td width=\"141\"><strong>COMPOSICI\u00d3N <\/strong><\/td>\n<td width=\"491\">Titanium dioxide, Octocrylene, Butyl methoxydibenzoylmetano, Phenylbenzimidazole sulfonic acid, Aloe barbadensis flower extract, Melaleuca alternifolia oil.<\/td>\n<\/tr>\n<tr>\n<td width=\"141\"><strong>DOSIS Y VIA DE ADMINISTRACI\u00d3N<\/strong><\/td>\n<td width=\"491\">\n<p style=\"text-align: justify;\">Aplicar una cantidad generosa de Sunny Pet\u00ae sobre la palma de su mano y realizar masaje sobre el pelaje de su mascota, verificando que el producto quede totalmente esparcido. Al aplicar sobre la zona de la cara, prestar atenci\u00f3n de no aplicar alrededor de la zona ocular, trufa y pliegues de las orejas.<\/p>\n<p style=\"text-align: justify;\">Aplicar 30 minutos antes de exponer su mascota al sol. Aplicar otra cantidad cada 2 horas durante la exposici\u00f3n al sol.<\/p>\n<\/td>\n<\/tr>\n<tr>\n<td width=\"141\"><strong>PRECAUCIONES Y ALMACENAMIENTO<\/strong><\/td>\n<td width=\"491\">\n<p style=\"text-align: justify;\">Evitar el contacto con los ojos y otras mucosas del animal. En caso de contacto con los ojos del animal enjuagar con abundante agua y consultar al m\u00e9dico veterinario. Evitar ingesti\u00f3n por parte del animal. En caso de ingesti\u00f3n por parte del animal consultar al m\u00e9dico veterinario si percibe reacciones adversas o irritaci\u00f3n de las zonas de la piel suspenda el uso del producto y consulte al m\u00e9dico veterinario.<\/p>\n<\/td>\n<\/tr>\n<tr>\n<td width=\"141\"><strong>ESPECIES DE DESTINO<\/strong><\/td>\n<td width=\"491\">Perros de todas las razas.<\/td>\n<\/tr>\n<tr>\n<td width=\"141\"><strong>PRESENTACI\u00d3N:\u00a0<\/strong><\/td>\n<td width=\"491\"><span style=\"font-size: 16px; font-family: inherit;\">Frasco 120 Grs<\/span><\/td>\n<\/tr>\n<tr>\n<td width=\"141\"><strong>REGISTRO ICA N\u00b0<\/strong><\/td>\n<td width=\"491\"><strong>10746-CV<\/strong><\/td>\n<\/tr>\n<\/tbody>\n<\/table>","protected":false},"excerpt":{"rendered":"<p>Bloqueador solar de amplio espectro (FPS 50+).<\/p>","protected":false},"featured_media":7061,"template":"","meta":{"_acf_changed":false,"site-sidebar-layout":"default","site-content-layout":"default","ast-site-content-layout":"default","site-content-style":"default","site-sidebar-style":"default","ast-global-header-display":"","ast-banner-title-visibility":"","ast-main-header-display":"","ast-hfb-above-header-display":"","ast-hfb-below-header-display":"","ast-hfb-mobile-header-display":"","site-post-title":"","ast-breadcrumbs-content":"","ast-featured-img":"","footer-sml-layout":"","ast-disable-related-posts":"","theme-transparent-header-meta":"default","adv-header-id-meta":"","stick-header-meta":"","header-above-stick-meta":"","header-main-stick-meta":"","header-below-stick-meta":"","astra-migrate-meta-layouts":"default","ast-page-background-enabled":"default","ast-page-background-meta":{"desktop":{"background-color":"","background-image":"","background-repeat":"repeat","background-position":"center center","background-size":"auto","background-attachment":"scroll","background-type":"","background-media":"","overlay-type":"","overlay-color":"","overlay-opacity":"","overlay-gradient":""},"tablet":{"background-color":"","background-image":"","background-repeat":"repeat","background-position":"center center","background-size":"auto","background-attachment":"scroll","background-type":"","background-media":"","overlay-type":"","overlay-color":"","overlay-opacity":"","overlay-gradient":""},"mobile":{"background-color":"","background-image":"","background-repeat":"repeat","background-position":"center center","background-size":"auto","background-attachment":"scroll","background-type":"","background-media":"","overlay-type":"","overlay-color":"","overlay-opacity":"","overlay-gradient":""}},"ast-content-background-meta":{"desktop":{"background-color":"var(--ast-global-color-5)","background-image":"","background-repeat":"repeat","background-position":"center center","background-size":"auto","background-attachment":"scroll","background-type":"","background-media":"","overlay-type":"","overlay-color":"","overlay-opacity":"","overlay-gradient":""},"tablet":{"background-color":"var(--ast-global-color-5)","background-image":"","background-repeat":"repeat","background-position":"center center","background-size":"auto","background-attachment":"scroll","background-type":"","background-media":"","overlay-type":"","overlay-color":"","overlay-opacity":"","overlay-gradient":""},"mobile":{"background-color":"var(--ast-global-color-5)","background-image":"","background-repeat":"repeat","background-position":"center center","background-size":"auto","background-attachment":"scroll","background-type":"","background-media":"","overlay-type":"","overlay-color":"","overlay-opacity":"","overlay-gradient":""}}},"product_brand":[],"product_cat":[19,58],"product_tag":[],"class_list":{"0":"post-7025","1":"product","2":"type-product","3":"status-publish","4":"has-post-thumbnail","6":"product_cat-animales-de-compania","7":"product_cat-cosmeticos","8":"desktop-align-left","9":"tablet-align-left","10":"mobile-align-left","12":"first","13":"instock","14":"shipping-taxable","15":"product-type-simple"},"acf":[],"yoast_head":"<!-- This site is optimized with the Yoast SEO plugin v27.3 - https:\/\/yoast.com\/product\/yoast-seo-wordpress\/ -->\n<title>Sunny Pet \u00ae - VECOL<\/title>\n<meta name=\"robots\" content=\"index, follow, max-snippet:-1, max-image-preview:large, max-video-preview:-1\" \/>\n<link rel=\"canonical\" href=\"https:\/\/www.vecol.com.co\/en\/product\/sunny-pet\/\" \/>\n<meta property=\"og:locale\" content=\"en_US\" \/>\n<meta property=\"og:type\" content=\"article\" \/>\n<meta property=\"og:title\" content=\"Sunny Pet \u00ae - VECOL\" \/>\n<meta property=\"og:description\" content=\"Bloqueador solar de amplio espectro (FPS 50+).\" \/>\n<meta property=\"og:url\" content=\"https:\/\/www.vecol.com.co\/en\/product\/sunny-pet\/\" \/>\n<meta property=\"og:site_name\" content=\"VECOL\" \/>\n<meta property=\"article:publisher\" content=\"https:\/\/www.facebook.com\/vecolveterinaria\" \/>\n<meta property=\"article:modified_time\" content=\"2022-11-09T16:39:45+00:00\" \/>\n<meta property=\"og:image\" content=\"https:\/\/www.vecol.com.co\/wp-content\/uploads\/2022\/11\/SUNNY-PET-FRONTAL-1.png\" \/>\n\t<meta property=\"og:image:width\" content=\"1000\" \/>\n\t<meta property=\"og:image:height\" content=\"1000\" \/>\n\t<meta property=\"og:image:type\" content=\"image\/png\" \/>\n<meta name=\"twitter:card\" content=\"summary_large_image\" \/>\n<meta name=\"twitter:site\" content=\"@VecolColombia\" \/>\n<meta name=\"twitter:label1\" content=\"Est. reading time\" \/>\n\t<meta name=\"twitter:data1\" content=\"2 minutes\" \/>\n<script type=\"application\/ld+json\" class=\"yoast-schema-graph\">{\"@context\":\"https:\\\/\\\/schema.org\",\"@graph\":[{\"@type\":\"WebPage\",\"@id\":\"https:\\\/\\\/www.vecol.com.co\\\/producto\\\/sunny-pet\\\/\",\"url\":\"https:\\\/\\\/www.vecol.com.co\\\/producto\\\/sunny-pet\\\/\",\"name\":\"Sunny Pet \u00ae - VECOL\",\"isPartOf\":{\"@id\":\"https:\\\/\\\/www.vecol.com.co\\\/#website\"},\"primaryImageOfPage\":{\"@id\":\"https:\\\/\\\/www.vecol.com.co\\\/producto\\\/sunny-pet\\\/#primaryimage\"},\"image\":{\"@id\":\"https:\\\/\\\/www.vecol.com.co\\\/producto\\\/sunny-pet\\\/#primaryimage\"},\"thumbnailUrl\":\"https:\\\/\\\/www.vecol.com.co\\\/wp-content\\\/uploads\\\/2022\\\/11\\\/SUNNY-PET-FRONTAL-1.png\",\"datePublished\":\"2022-11-09T14:14:38+00:00\",\"dateModified\":\"2022-11-09T16:39:45+00:00\",\"breadcrumb\":{\"@id\":\"https:\\\/\\\/www.vecol.com.co\\\/producto\\\/sunny-pet\\\/#breadcrumb\"},\"inLanguage\":\"en-US\",\"potentialAction\":[{\"@type\":\"ReadAction\",\"target\":[\"https:\\\/\\\/www.vecol.com.co\\\/producto\\\/sunny-pet\\\/\"]}]},{\"@type\":\"ImageObject\",\"inLanguage\":\"en-US\",\"@id\":\"https:\\\/\\\/www.vecol.com.co\\\/producto\\\/sunny-pet\\\/#primaryimage\",\"url\":\"https:\\\/\\\/www.vecol.com.co\\\/wp-content\\\/uploads\\\/2022\\\/11\\\/SUNNY-PET-FRONTAL-1.png\",\"contentUrl\":\"https:\\\/\\\/www.vecol.com.co\\\/wp-content\\\/uploads\\\/2022\\\/11\\\/SUNNY-PET-FRONTAL-1.png\",\"width\":1000,\"height\":1000,\"caption\":\"SUNNY PET FRONTAL 1\"},{\"@type\":\"BreadcrumbList\",\"@id\":\"https:\\\/\\\/www.vecol.com.co\\\/producto\\\/sunny-pet\\\/#breadcrumb\",\"itemListElement\":[{\"@type\":\"ListItem\",\"position\":1,\"name\":\"Inicio\",\"item\":\"https:\\\/\\\/www.vecol.com.co\\\/\"},{\"@type\":\"ListItem\",\"position\":2,\"name\":\"Productos\",\"item\":\"https:\\\/\\\/www.vecol.com.co\\\/productos\\\/\"},{\"@type\":\"ListItem\",\"position\":3,\"name\":\"Sunny Pet \u00ae\"}]},{\"@type\":\"WebSite\",\"@id\":\"https:\\\/\\\/www.vecol.com.co\\\/#website\",\"url\":\"https:\\\/\\\/www.vecol.com.co\\\/\",\"name\":\"VECOL\",\"description\":\"Empresa Colombiana de Productos Veterinarios\",\"publisher\":{\"@id\":\"https:\\\/\\\/www.vecol.com.co\\\/#organization\"},\"potentialAction\":[{\"@type\":\"SearchAction\",\"target\":{\"@type\":\"EntryPoint\",\"urlTemplate\":\"https:\\\/\\\/www.vecol.com.co\\\/?s={search_term_string}\"},\"query-input\":{\"@type\":\"PropertyValueSpecification\",\"valueRequired\":true,\"valueName\":\"search_term_string\"}}],\"inLanguage\":\"en-US\"},{\"@type\":\"Organization\",\"@id\":\"https:\\\/\\\/www.vecol.com.co\\\/#organization\",\"name\":\"Empresa Colombiana de Productos Veterinarios\",\"url\":\"https:\\\/\\\/www.vecol.com.co\\\/\",\"logo\":{\"@type\":\"ImageObject\",\"inLanguage\":\"en-US\",\"@id\":\"https:\\\/\\\/www.vecol.com.co\\\/#\\\/schema\\\/logo\\\/image\\\/\",\"url\":\"https:\\\/\\\/www.vecol.com.co\\\/wp-content\\\/uploads\\\/2023\\\/07\\\/logoVecol.png\",\"contentUrl\":\"https:\\\/\\\/www.vecol.com.co\\\/wp-content\\\/uploads\\\/2023\\\/07\\\/logoVecol.png\",\"width\":106,\"height\":106,\"caption\":\"Empresa Colombiana de Productos Veterinarios\"},\"image\":{\"@id\":\"https:\\\/\\\/www.vecol.com.co\\\/#\\\/schema\\\/logo\\\/image\\\/\"},\"sameAs\":[\"https:\\\/\\\/www.facebook.com\\\/vecolveterinaria\",\"https:\\\/\\\/x.com\\\/VecolColombia\"]}]}<\/script>\n<!-- \/ Yoast SEO plugin. -->","yoast_head_json":{"title":"Sunny Pet \u00ae - VECOL","robots":{"index":"index","follow":"follow","max-snippet":"max-snippet:-1","max-image-preview":"max-image-preview:large","max-video-preview":"max-video-preview:-1"},"canonical":"https:\/\/www.vecol.com.co\/en\/product\/sunny-pet\/","og_locale":"en_US","og_type":"article","og_title":"Sunny Pet \u00ae - VECOL","og_description":"Bloqueador solar de amplio espectro (FPS 50+).","og_url":"https:\/\/www.vecol.com.co\/en\/product\/sunny-pet\/","og_site_name":"VECOL","article_publisher":"https:\/\/www.facebook.com\/vecolveterinaria","article_modified_time":"2022-11-09T16:39:45+00:00","og_image":[{"width":1000,"height":1000,"url":"https:\/\/www.vecol.com.co\/wp-content\/uploads\/2022\/11\/SUNNY-PET-FRONTAL-1.png","type":"image\/png"}],"twitter_card":"summary_large_image","twitter_site":"@VecolColombia","twitter_misc":{"Est. reading time":"2 minutes"},"schema":{"@context":"https:\/\/schema.org","@graph":[{"@type":"WebPage","@id":"https:\/\/www.vecol.com.co\/producto\/sunny-pet\/","url":"https:\/\/www.vecol.com.co\/producto\/sunny-pet\/","name":"Sunny Pet \u00ae - VECOL","isPartOf":{"@id":"https:\/\/www.vecol.com.co\/#website"},"primaryImageOfPage":{"@id":"https:\/\/www.vecol.com.co\/producto\/sunny-pet\/#primaryimage"},"image":{"@id":"https:\/\/www.vecol.com.co\/producto\/sunny-pet\/#primaryimage"},"thumbnailUrl":"https:\/\/www.vecol.com.co\/wp-content\/uploads\/2022\/11\/SUNNY-PET-FRONTAL-1.png","datePublished":"2022-11-09T14:14:38+00:00","dateModified":"2022-11-09T16:39:45+00:00","breadcrumb":{"@id":"https:\/\/www.vecol.com.co\/producto\/sunny-pet\/#breadcrumb"},"inLanguage":"en-US","potentialAction":[{"@type":"ReadAction","target":["https:\/\/www.vecol.com.co\/producto\/sunny-pet\/"]}]},{"@type":"ImageObject","inLanguage":"en-US","@id":"https:\/\/www.vecol.com.co\/producto\/sunny-pet\/#primaryimage","url":"https:\/\/www.vecol.com.co\/wp-content\/uploads\/2022\/11\/SUNNY-PET-FRONTAL-1.png","contentUrl":"https:\/\/www.vecol.com.co\/wp-content\/uploads\/2022\/11\/SUNNY-PET-FRONTAL-1.png","width":1000,"height":1000,"caption":"SUNNY PET FRONTAL 1"},{"@type":"BreadcrumbList","@id":"https:\/\/www.vecol.com.co\/producto\/sunny-pet\/#breadcrumb","itemListElement":[{"@type":"ListItem","position":1,"name":"Inicio","item":"https:\/\/www.vecol.com.co\/"},{"@type":"ListItem","position":2,"name":"Productos","item":"https:\/\/www.vecol.com.co\/productos\/"},{"@type":"ListItem","position":3,"name":"Sunny Pet \u00ae"}]},{"@type":"WebSite","@id":"https:\/\/www.vecol.com.co\/#website","url":"https:\/\/www.vecol.com.co\/","name":"VECOL","description":"Colombian Veterinary Products Company","publisher":{"@id":"https:\/\/www.vecol.com.co\/#organization"},"potentialAction":[{"@type":"SearchAction","target":{"@type":"EntryPoint","urlTemplate":"https:\/\/www.vecol.com.co\/?s={search_term_string}"},"query-input":{"@type":"PropertyValueSpecification","valueRequired":true,"valueName":"search_term_string"}}],"inLanguage":"en-US"},{"@type":"Organization","@id":"https:\/\/www.vecol.com.co\/#organization","name":"Colombian Veterinary Products Company","url":"https:\/\/www.vecol.com.co\/","logo":{"@type":"ImageObject","inLanguage":"en-US","@id":"https:\/\/www.vecol.com.co\/#\/schema\/logo\/image\/","url":"https:\/\/www.vecol.com.co\/wp-content\/uploads\/2023\/07\/logoVecol.png","contentUrl":"https:\/\/www.vecol.com.co\/wp-content\/uploads\/2023\/07\/logoVecol.png","width":106,"height":106,"caption":"Empresa Colombiana de Productos Veterinarios"},"image":{"@id":"https:\/\/www.vecol.com.co\/#\/schema\/logo\/image\/"},"sameAs":["https:\/\/www.facebook.com\/vecolveterinaria","https:\/\/x.com\/VecolColombia"]}]}},"_links":{"self":[{"href":"https:\/\/www.vecol.com.co\/en\/wp-json\/wp\/v2\/product\/7025","targetHints":{"allow":["GET"]}}],"collection":[{"href":"https:\/\/www.vecol.com.co\/en\/wp-json\/wp\/v2\/product"}],"about":[{"href":"https:\/\/www.vecol.com.co\/en\/wp-json\/wp\/v2\/types\/product"}],"wp:featuredmedia":[{"embeddable":true,"href":"https:\/\/www.vecol.com.co\/en\/wp-json\/wp\/v2\/media\/7061"}],"wp:attachment":[{"href":"https:\/\/www.vecol.com.co\/en\/wp-json\/wp\/v2\/media?parent=7025"}],"wp:term":[{"taxonomy":"product_brand","embeddable":true,"href":"https:\/\/www.vecol.com.co\/en\/wp-json\/wp\/v2\/product_brand?post=7025"},{"taxonomy":"product_cat","embeddable":true,"href":"https:\/\/www.vecol.com.co\/en\/wp-json\/wp\/v2\/product_cat?post=7025"},{"taxonomy":"product_tag","embeddable":true,"href":"https:\/\/www.vecol.com.co\/en\/wp-json\/wp\/v2\/product_tag?post=7025"}],"curies":[{"name":"wp","href":"https:\/\/api.w.org\/{rel}","templated":true}]}}