{"id":4730,"date":"2022-05-05T15:47:03","date_gmt":"2022-05-05T20:47:03","guid":{"rendered":"https:\/\/www.vecol.com.co\/?post_type=product&#038;p=4730"},"modified":"2023-05-25T12:15:19","modified_gmt":"2023-05-25T17:15:19","slug":"fertilizante-vecol-npk-18-6-18-2mg-2s","status":"publish","type":"product","link":"https:\/\/www.vecol.com.co\/en\/product\/fertilizante-vecol-npk-18-6-18-2mg-2s\/","title":{"rendered":"Fertilizante Vecol NPK 18-6-18-(2Mg)-2(S)"},"content":{"rendered":"<table width=\"572\">\n<tbody>\n<tr>\n<td width=\"153\"><strong>DESCRIPCI\u00d3N<\/strong><\/td>\n<td width=\"419\">Vecol NPK 18-6-18 (2Mg)-2(S) es un fertilizante ed\u00e1fico compuesto complejo granulado, que mejora la calidad de los productos agr\u00edcolas, aumenta la resistencia de los cultivos a la sequ\u00eda, al fr\u00edo, a las enfermedades y plagas. El uso de este fertilizante es indicado para cultivos como: tub\u00e9rculos, hortalizas, cereales, leguminosas y frutales.<\/td>\n<\/tr>\n<tr>\n<td width=\"153\"><strong>PRESENTACI\u00d3N Y FORMULACI\u00d3N<\/strong><\/td>\n<td width=\"419\">50 Kg | Complejo granulado<\/td>\n<\/tr>\n<tr>\n<td width=\"153\"><strong>COMPOSICI\u00d3N GARANTIZADA<\/strong><\/td>\n<td width=\"419\">Nitr\u00f3geno Total (N)&#8230;&#8230;&#8230;&#8230;&#8230;&#8230;&#8230;&#8230;&#8230;&#8230;&#8230;&#8230;&#8230;&#8230;&#8230;&#8230;&#8230;&#8230;&#8230;&#8230;18%<br \/>\nNitr\u00f3geno N\u00edtricol (N)&#8230;&#8230;&#8230;&#8230;&#8230;&#8230;&#8230;&#8230;&#8230;&#8230;&#8230;&#8230;&#8230;&#8230;&#8230;&#8230;.8,0%<br \/>\nNitr\u00f3geno Amoniacal (N)&#8230;&#8230;&#8230;&#8230;&#8230;&#8230;&#8230;&#8230;&#8230;&#8230;&#8230;&#8230;&#8230;&#8230;&#8230;10%<br \/>\nF\u00f3sforo Asimilable (P2O5)&#8230;&#8230;&#8230;&#8230;&#8230;&#8230;&#8230;&#8230;&#8230;&#8230;&#8230;&#8230;&#8230;&#8230;&#8230;&#8230;..6%<br \/>\nPotasio Soluble en Agua (K2O)&#8230;&#8230;&#8230;&#8230;&#8230;&#8230;&#8230;&#8230;&#8230;&#8230;&#8230;&#8230;&#8230;.18%<br \/>\nMagnesio Total<br \/>\n(MgO)&#8230;&#8230;&#8230;&#8230;&#8230;&#8230;&#8230;&#8230;&#8230;&#8230;&#8230;&#8230;&#8230;&#8230;&#8230;&#8230;&#8230;&#8230;&#8230;2% Azufre Total<br \/>\n(S) &#8230;&#8230;&#8230;&#8230;&#8230;&#8230;&#8230;&#8230;&#8230;&#8230;&#8230;&#8230;&#8230;&#8230;&#8230;&#8230;&#8230;&#8230;&#8230;&#8230;&#8230;&#8230;2%<br \/>\nHumedad&#8230;&#8230;&#8230;&#8230;&#8230;&#8230;&#8230;&#8230;&#8230;&#8230;&#8230;&#8230;&#8230;&#8230;&#8230;&#8230;&#8230;&#8230;&#8230;&#8230;&#8230;&#8230;&#8230;&#8230;&#8230;.1%<\/td>\n<\/tr>\n<tr>\n<td width=\"153\"><strong>TIPO DE FORMULACI\u00d3N<\/strong><\/td>\n<td width=\"419\">Complejo NPK + Azufre + Magnesio para aplicaci\u00f3n al suelo<\/td>\n<\/tr>\n<tr>\n<td width=\"153\"><strong>REGISTRO ICA N\u00b0<\/strong><\/td>\n<td width=\"419\">12083 a Nombre de VECOL S.A<\/td>\n<\/tr>\n<tr>\n<td width=\"153\"><strong>MODO DE EMPLEO<\/strong><\/td>\n<td width=\"419\">Aplicar directamente los gr\u00e1nulos sobre el suelo h\u00famedo. Propagaci\u00f3n superficial o incorporaci\u00f3n a campo.<\/td>\n<\/tr>\n<\/tbody>\n<\/table>","protected":false},"excerpt":{"rendered":"<p>Vecol NPK 18-6-18 (2Mg)-2(S) es un fertilizante ed\u00e1fico compuesto complejo granulado, que mejora la calidad de los productos agr\u00edcolas, aumenta la resistencia de los cultivos a la sequ\u00eda, al fr\u00edo, a las enfermedades y plagas. El uso de este fertilizante es indicado para cultivos como: tub\u00e9rculos, hortalizas, cereales, leguminosas y frutales.<\/p>","protected":false},"featured_media":4731,"template":"","meta":{"_acf_changed":false,"site-sidebar-layout":"default","site-content-layout":"default","ast-site-content-layout":"default","site-content-style":"default","site-sidebar-style":"default","ast-global-header-display":"","ast-banner-title-visibility":"","ast-main-header-display":"","ast-hfb-above-header-display":"","ast-hfb-below-header-display":"","ast-hfb-mobile-header-display":"","site-post-title":"","ast-breadcrumbs-content":"","ast-featured-img":"","footer-sml-layout":"","ast-disable-related-posts":"","theme-transparent-header-meta":"default","adv-header-id-meta":"","stick-header-meta":"","header-above-stick-meta":"","header-main-stick-meta":"","header-below-stick-meta":"","astra-migrate-meta-layouts":"default","ast-page-background-enabled":"default","ast-page-background-meta":{"desktop":{"background-color":"","background-image":"","background-repeat":"repeat","background-position":"center center","background-size":"auto","background-attachment":"scroll","background-type":"","background-media":"","overlay-type":"","overlay-color":"","overlay-opacity":"","overlay-gradient":""},"tablet":{"background-color":"","background-image":"","background-repeat":"repeat","background-position":"center center","background-size":"auto","background-attachment":"scroll","background-type":"","background-media":"","overlay-type":"","overlay-color":"","overlay-opacity":"","overlay-gradient":""},"mobile":{"background-color":"","background-image":"","background-repeat":"repeat","background-position":"center center","background-size":"auto","background-attachment":"scroll","background-type":"","background-media":"","overlay-type":"","overlay-color":"","overlay-opacity":"","overlay-gradient":""}},"ast-content-background-meta":{"desktop":{"background-color":"var(--ast-global-color-5)","background-image":"","background-repeat":"repeat","background-position":"center center","background-size":"auto","background-attachment":"scroll","background-type":"","background-media":"","overlay-type":"","overlay-color":"","overlay-opacity":"","overlay-gradient":""},"tablet":{"background-color":"var(--ast-global-color-5)","background-image":"","background-repeat":"repeat","background-position":"center center","background-size":"auto","background-attachment":"scroll","background-type":"","background-media":"","overlay-type":"","overlay-color":"","overlay-opacity":"","overlay-gradient":""},"mobile":{"background-color":"var(--ast-global-color-5)","background-image":"","background-repeat":"repeat","background-position":"center center","background-size":"auto","background-attachment":"scroll","background-type":"","background-media":"","overlay-type":"","overlay-color":"","overlay-opacity":"","overlay-gradient":""}}},"product_brand":[],"product_cat":[26],"product_tag":[56,57],"class_list":{"0":"post-4730","1":"product","2":"type-product","3":"status-publish","4":"has-post-thumbnail","6":"product_cat-edaficos","7":"product_tag-fertilizante","8":"product_tag-foliar","9":"desktop-align-left","10":"tablet-align-left","11":"mobile-align-left","13":"first","14":"instock","15":"shipping-taxable","16":"product-type-simple"},"acf":[],"yoast_head":"<!-- This site is optimized with the Yoast SEO plugin v27.4 - https:\/\/yoast.com\/product\/yoast-seo-wordpress\/ -->\n<title>Fertilizante Vecol NPK 18-6-18-(2Mg)-2(S) - VECOL<\/title>\n<meta name=\"robots\" content=\"index, follow, max-snippet:-1, max-image-preview:large, max-video-preview:-1\" \/>\n<link rel=\"canonical\" href=\"https:\/\/www.vecol.com.co\/en\/product\/fertilizante-vecol-npk-18-6-18-2mg-2s\/\" \/>\n<meta property=\"og:locale\" content=\"en_US\" \/>\n<meta property=\"og:type\" content=\"article\" \/>\n<meta property=\"og:title\" content=\"Fertilizante Vecol NPK 18-6-18-(2Mg)-2(S) - VECOL\" \/>\n<meta property=\"og:description\" content=\"Vecol NPK 18-6-18 (2Mg)-2(S) es un fertilizante ed\u00e1fico compuesto complejo granulado, que mejora la calidad de los productos agr\u00edcolas, aumenta la resistencia de los cultivos a la sequ\u00eda, al fr\u00edo, a las enfermedades y plagas. El uso de este fertilizante es indicado para cultivos como: tub\u00e9rculos, hortalizas, cereales, leguminosas y frutales.\" \/>\n<meta property=\"og:url\" content=\"https:\/\/www.vecol.com.co\/en\/product\/fertilizante-vecol-npk-18-6-18-2mg-2s\/\" \/>\n<meta property=\"og:site_name\" content=\"VECOL\" \/>\n<meta property=\"article:publisher\" content=\"https:\/\/www.facebook.com\/vecolveterinaria\" \/>\n<meta property=\"article:modified_time\" content=\"2023-05-25T17:15:19+00:00\" \/>\n<meta property=\"og:image\" content=\"https:\/\/www.vecol.com.co\/wp-content\/uploads\/2022\/05\/Triple-18.jpg\" \/>\n\t<meta property=\"og:image:width\" content=\"1080\" \/>\n\t<meta property=\"og:image:height\" content=\"1080\" \/>\n\t<meta property=\"og:image:type\" content=\"image\/jpeg\" \/>\n<meta name=\"twitter:card\" content=\"summary_large_image\" \/>\n<meta name=\"twitter:site\" content=\"@VecolColombia\" \/>\n<meta name=\"twitter:label1\" content=\"Est. reading time\" \/>\n\t<meta name=\"twitter:data1\" content=\"1 minute\" \/>\n<script type=\"application\/ld+json\" class=\"yoast-schema-graph\">{\"@context\":\"https:\\\/\\\/schema.org\",\"@graph\":[{\"@type\":\"WebPage\",\"@id\":\"https:\\\/\\\/www.vecol.com.co\\\/producto\\\/fertilizante-vecol-npk-18-6-18-2mg-2s\\\/\",\"url\":\"https:\\\/\\\/www.vecol.com.co\\\/producto\\\/fertilizante-vecol-npk-18-6-18-2mg-2s\\\/\",\"name\":\"Fertilizante Vecol NPK 18-6-18-(2Mg)-2(S) - VECOL\",\"isPartOf\":{\"@id\":\"https:\\\/\\\/www.vecol.com.co\\\/#website\"},\"primaryImageOfPage\":{\"@id\":\"https:\\\/\\\/www.vecol.com.co\\\/producto\\\/fertilizante-vecol-npk-18-6-18-2mg-2s\\\/#primaryimage\"},\"image\":{\"@id\":\"https:\\\/\\\/www.vecol.com.co\\\/producto\\\/fertilizante-vecol-npk-18-6-18-2mg-2s\\\/#primaryimage\"},\"thumbnailUrl\":\"https:\\\/\\\/www.vecol.com.co\\\/wp-content\\\/uploads\\\/2022\\\/05\\\/Triple-18.jpg\",\"datePublished\":\"2022-05-05T20:47:03+00:00\",\"dateModified\":\"2023-05-25T17:15:19+00:00\",\"breadcrumb\":{\"@id\":\"https:\\\/\\\/www.vecol.com.co\\\/producto\\\/fertilizante-vecol-npk-18-6-18-2mg-2s\\\/#breadcrumb\"},\"inLanguage\":\"en-US\",\"potentialAction\":[{\"@type\":\"ReadAction\",\"target\":[\"https:\\\/\\\/www.vecol.com.co\\\/producto\\\/fertilizante-vecol-npk-18-6-18-2mg-2s\\\/\"]}]},{\"@type\":\"ImageObject\",\"inLanguage\":\"en-US\",\"@id\":\"https:\\\/\\\/www.vecol.com.co\\\/producto\\\/fertilizante-vecol-npk-18-6-18-2mg-2s\\\/#primaryimage\",\"url\":\"https:\\\/\\\/www.vecol.com.co\\\/wp-content\\\/uploads\\\/2022\\\/05\\\/Triple-18.jpg\",\"contentUrl\":\"https:\\\/\\\/www.vecol.com.co\\\/wp-content\\\/uploads\\\/2022\\\/05\\\/Triple-18.jpg\",\"width\":1080,\"height\":1080,\"caption\":\"Triple 18\"},{\"@type\":\"BreadcrumbList\",\"@id\":\"https:\\\/\\\/www.vecol.com.co\\\/producto\\\/fertilizante-vecol-npk-18-6-18-2mg-2s\\\/#breadcrumb\",\"itemListElement\":[{\"@type\":\"ListItem\",\"position\":1,\"name\":\"Inicio\",\"item\":\"https:\\\/\\\/www.vecol.com.co\\\/\"},{\"@type\":\"ListItem\",\"position\":2,\"name\":\"Productos\",\"item\":\"https:\\\/\\\/www.vecol.com.co\\\/productos\\\/\"},{\"@type\":\"ListItem\",\"position\":3,\"name\":\"Fertilizante Vecol NPK 18-6-18-(2Mg)-2(S)\"}]},{\"@type\":\"WebSite\",\"@id\":\"https:\\\/\\\/www.vecol.com.co\\\/#website\",\"url\":\"https:\\\/\\\/www.vecol.com.co\\\/\",\"name\":\"VECOL\",\"description\":\"Empresa Colombiana de Productos Veterinarios\",\"publisher\":{\"@id\":\"https:\\\/\\\/www.vecol.com.co\\\/#organization\"},\"potentialAction\":[{\"@type\":\"SearchAction\",\"target\":{\"@type\":\"EntryPoint\",\"urlTemplate\":\"https:\\\/\\\/www.vecol.com.co\\\/?s={search_term_string}\"},\"query-input\":{\"@type\":\"PropertyValueSpecification\",\"valueRequired\":true,\"valueName\":\"search_term_string\"}}],\"inLanguage\":\"en-US\"},{\"@type\":\"Organization\",\"@id\":\"https:\\\/\\\/www.vecol.com.co\\\/#organization\",\"name\":\"Empresa Colombiana de Productos Veterinarios\",\"url\":\"https:\\\/\\\/www.vecol.com.co\\\/\",\"logo\":{\"@type\":\"ImageObject\",\"inLanguage\":\"en-US\",\"@id\":\"https:\\\/\\\/www.vecol.com.co\\\/#\\\/schema\\\/logo\\\/image\\\/\",\"url\":\"https:\\\/\\\/www.vecol.com.co\\\/wp-content\\\/uploads\\\/2023\\\/07\\\/logoVecol.png\",\"contentUrl\":\"https:\\\/\\\/www.vecol.com.co\\\/wp-content\\\/uploads\\\/2023\\\/07\\\/logoVecol.png\",\"width\":106,\"height\":106,\"caption\":\"Empresa Colombiana de Productos Veterinarios\"},\"image\":{\"@id\":\"https:\\\/\\\/www.vecol.com.co\\\/#\\\/schema\\\/logo\\\/image\\\/\"},\"sameAs\":[\"https:\\\/\\\/www.facebook.com\\\/vecolveterinaria\",\"https:\\\/\\\/x.com\\\/VecolColombia\"]}]}<\/script>\n<!-- \/ Yoast SEO plugin. -->","yoast_head_json":{"title":"Fertilizante Vecol NPK 18-6-18-(2Mg)-2(S) - VECOL","robots":{"index":"index","follow":"follow","max-snippet":"max-snippet:-1","max-image-preview":"max-image-preview:large","max-video-preview":"max-video-preview:-1"},"canonical":"https:\/\/www.vecol.com.co\/en\/product\/fertilizante-vecol-npk-18-6-18-2mg-2s\/","og_locale":"en_US","og_type":"article","og_title":"Fertilizante Vecol NPK 18-6-18-(2Mg)-2(S) - VECOL","og_description":"Vecol NPK 18-6-18 (2Mg)-2(S) es un fertilizante ed\u00e1fico compuesto complejo granulado, que mejora la calidad de los productos agr\u00edcolas, aumenta la resistencia de los cultivos a la sequ\u00eda, al fr\u00edo, a las enfermedades y plagas. El uso de este fertilizante es indicado para cultivos como: tub\u00e9rculos, hortalizas, cereales, leguminosas y frutales.","og_url":"https:\/\/www.vecol.com.co\/en\/product\/fertilizante-vecol-npk-18-6-18-2mg-2s\/","og_site_name":"VECOL","article_publisher":"https:\/\/www.facebook.com\/vecolveterinaria","article_modified_time":"2023-05-25T17:15:19+00:00","og_image":[{"width":1080,"height":1080,"url":"https:\/\/www.vecol.com.co\/wp-content\/uploads\/2022\/05\/Triple-18.jpg","type":"image\/jpeg"}],"twitter_card":"summary_large_image","twitter_site":"@VecolColombia","twitter_misc":{"Est. reading time":"1 minute"},"schema":{"@context":"https:\/\/schema.org","@graph":[{"@type":"WebPage","@id":"https:\/\/www.vecol.com.co\/producto\/fertilizante-vecol-npk-18-6-18-2mg-2s\/","url":"https:\/\/www.vecol.com.co\/producto\/fertilizante-vecol-npk-18-6-18-2mg-2s\/","name":"Fertilizante Vecol NPK 18-6-18-(2Mg)-2(S) - VECOL","isPartOf":{"@id":"https:\/\/www.vecol.com.co\/#website"},"primaryImageOfPage":{"@id":"https:\/\/www.vecol.com.co\/producto\/fertilizante-vecol-npk-18-6-18-2mg-2s\/#primaryimage"},"image":{"@id":"https:\/\/www.vecol.com.co\/producto\/fertilizante-vecol-npk-18-6-18-2mg-2s\/#primaryimage"},"thumbnailUrl":"https:\/\/www.vecol.com.co\/wp-content\/uploads\/2022\/05\/Triple-18.jpg","datePublished":"2022-05-05T20:47:03+00:00","dateModified":"2023-05-25T17:15:19+00:00","breadcrumb":{"@id":"https:\/\/www.vecol.com.co\/producto\/fertilizante-vecol-npk-18-6-18-2mg-2s\/#breadcrumb"},"inLanguage":"en-US","potentialAction":[{"@type":"ReadAction","target":["https:\/\/www.vecol.com.co\/producto\/fertilizante-vecol-npk-18-6-18-2mg-2s\/"]}]},{"@type":"ImageObject","inLanguage":"en-US","@id":"https:\/\/www.vecol.com.co\/producto\/fertilizante-vecol-npk-18-6-18-2mg-2s\/#primaryimage","url":"https:\/\/www.vecol.com.co\/wp-content\/uploads\/2022\/05\/Triple-18.jpg","contentUrl":"https:\/\/www.vecol.com.co\/wp-content\/uploads\/2022\/05\/Triple-18.jpg","width":1080,"height":1080,"caption":"Triple 18"},{"@type":"BreadcrumbList","@id":"https:\/\/www.vecol.com.co\/producto\/fertilizante-vecol-npk-18-6-18-2mg-2s\/#breadcrumb","itemListElement":[{"@type":"ListItem","position":1,"name":"Inicio","item":"https:\/\/www.vecol.com.co\/"},{"@type":"ListItem","position":2,"name":"Productos","item":"https:\/\/www.vecol.com.co\/productos\/"},{"@type":"ListItem","position":3,"name":"Fertilizante Vecol NPK 18-6-18-(2Mg)-2(S)"}]},{"@type":"WebSite","@id":"https:\/\/www.vecol.com.co\/#website","url":"https:\/\/www.vecol.com.co\/","name":"VECOL","description":"Colombian Veterinary Products Company","publisher":{"@id":"https:\/\/www.vecol.com.co\/#organization"},"potentialAction":[{"@type":"SearchAction","target":{"@type":"EntryPoint","urlTemplate":"https:\/\/www.vecol.com.co\/?s={search_term_string}"},"query-input":{"@type":"PropertyValueSpecification","valueRequired":true,"valueName":"search_term_string"}}],"inLanguage":"en-US"},{"@type":"Organization","@id":"https:\/\/www.vecol.com.co\/#organization","name":"Colombian Veterinary Products Company","url":"https:\/\/www.vecol.com.co\/","logo":{"@type":"ImageObject","inLanguage":"en-US","@id":"https:\/\/www.vecol.com.co\/#\/schema\/logo\/image\/","url":"https:\/\/www.vecol.com.co\/wp-content\/uploads\/2023\/07\/logoVecol.png","contentUrl":"https:\/\/www.vecol.com.co\/wp-content\/uploads\/2023\/07\/logoVecol.png","width":106,"height":106,"caption":"Empresa Colombiana de Productos Veterinarios"},"image":{"@id":"https:\/\/www.vecol.com.co\/#\/schema\/logo\/image\/"},"sameAs":["https:\/\/www.facebook.com\/vecolveterinaria","https:\/\/x.com\/VecolColombia"]}]}},"_links":{"self":[{"href":"https:\/\/www.vecol.com.co\/en\/wp-json\/wp\/v2\/product\/4730","targetHints":{"allow":["GET"]}}],"collection":[{"href":"https:\/\/www.vecol.com.co\/en\/wp-json\/wp\/v2\/product"}],"about":[{"href":"https:\/\/www.vecol.com.co\/en\/wp-json\/wp\/v2\/types\/product"}],"wp:featuredmedia":[{"embeddable":true,"href":"https:\/\/www.vecol.com.co\/en\/wp-json\/wp\/v2\/media\/4731"}],"wp:attachment":[{"href":"https:\/\/www.vecol.com.co\/en\/wp-json\/wp\/v2\/media?parent=4730"}],"wp:term":[{"taxonomy":"product_brand","embeddable":true,"href":"https:\/\/www.vecol.com.co\/en\/wp-json\/wp\/v2\/product_brand?post=4730"},{"taxonomy":"product_cat","embeddable":true,"href":"https:\/\/www.vecol.com.co\/en\/wp-json\/wp\/v2\/product_cat?post=4730"},{"taxonomy":"product_tag","embeddable":true,"href":"https:\/\/www.vecol.com.co\/en\/wp-json\/wp\/v2\/product_tag?post=4730"}],"curies":[{"name":"wp","href":"https:\/\/api.w.org\/{rel}","templated":true}]}}