{"id":4713,"date":"2022-05-05T12:12:25","date_gmt":"2022-05-05T17:12:25","guid":{"rendered":"https:\/\/www.vecol.com.co\/?post_type=product&#038;p=4713"},"modified":"2024-12-27T10:22:25","modified_gmt":"2024-12-27T15:22:25","slug":"cyto-npk","status":"publish","type":"product","link":"https:\/\/www.vecol.com.co\/en\/product\/cyto-npk\/","title":{"rendered":"Cyto NPK\u00ae"},"content":{"rendered":"<table width=\"572\">\n<tbody>\n<tr>\n<td width=\"153\"><strong>DESCRIPCI\u00d3N<\/strong><\/td>\n<td width=\"419\">Fertilizante org\u00e1nico mineral complejado con amino\u00e1cidos, \u00e1cidos carbox\u00edlicos y carbohidratos, para aplicaci\u00f3n foliar. Recomendado para aquellos casos en los que se presentan deficiencias de elementos mayores en las plantas<\/td>\n<\/tr>\n<tr>\n<td width=\"153\"><strong>PRESENTACI\u00d3N Y FORMULACI\u00d3N<\/strong><\/td>\n<td width=\"419\">1 L | L\u00edquido Concentrado Soluble (SL)<\/td>\n<\/tr>\n<tr>\n<td width=\"153\"><strong>COMPOSICI\u00d3N GARANTIZADA<\/strong><\/td>\n<td width=\"419\">Carbono org\u00e1nico oxidable total &#8230;&#8230;&#8230;&#8230;&#8230;&#8230;&#8230;&#8230;&#8230;37,00 g\/l Nitr\u00f3geno total (N)&#8230;&#8230;&#8230;&#8230;&#8230;&#8230;&#8230;&#8230;&#8230;&#8230;&#8230;&#8230;&#8230;&#8230;&#8230;&#8230;&#8230;50,00 g\/l Nitr\u00f3geno org\u00e1nico(N)&#8230;&#8230;&#8230;&#8230;&#8230;&#8230;&#8230;&#8230;&#8230;&#8230;&#8230;&#8230;&#8230;&#8230;&#8230;. 15,0 g\/l Nitr\u00f3geno ureico(N)&#8230;&#8230;&#8230;&#8230;&#8230;&#8230;&#8230;&#8230;&#8230;&#8230;&#8230;&#8230;&#8230;&#8230;&#8230;&#8230;.. 35,0 g\/l F\u00f3sforo asimilable(P2O5)&#8230;&#8230;&#8230;&#8230;&#8230;&#8230;&#8230;&#8230;&#8230;&#8230;&#8230;&#8230;&#8230;.240,0 g\/l Potasio soluble en agua(K2O)* &#8230;&#8230;&#8230;&#8230;&#8230;&#8230;&#8230;&#8230;&#8230;&#8230;240,0 g\/l\u00a0\u00a0\u00a0\u00a0\u00a0\u00a0 pH en soluci\u00f3n al 10%&#8230;&#8230;&#8230;&#8230;&#8230;&#8230;&#8230;&#8230;&#8230;&#8230;&#8230;&#8230;&#8230;&#8230;&#8230;&#8230;&#8230;.7,00 Densidad a 20 \u00b0C &#8230;&#8230;&#8230;&#8230;&#8230;&#8230;&#8230;&#8230;&#8230;&#8230;&#8230;&#8230;&#8230;&#8230;&#8230;&#8230;&#8230; 1,42 g\/ml Conductividad el\u00e9ctrica (1:200)&#8230;&#8230;&#8230;&#8230;&#8230;&#8230;&#8230;&#8230;&#8230;&#8230;&#8230;&#8230;.3,18 dS\/m Salmonella&#8230;&#8230;&#8230;&#8230;&#8230;&#8230;&#8230;&#8230;&#8230;&#8230;&#8230;&#8230;&#8230;Ausente en 25 ml Enterobacterias totales&#8230;&#8230;&#8230;&#8230;&#8230;&#8230;&#8230;&#8230;&#8230;.&lt;0,1803 NMP\/ml * Complejado con amino\u00e1cidos, \u00e1cidos carboxilos y carbohidratos<\/td>\n<\/tr>\n<tr>\n<td width=\"153\"><strong>COMPATIBILIDAD<\/strong><\/td>\n<td width=\"419\">CYTO NPK\u00ae, es compatible con la mayor\u00eda de los productos agr\u00edcolas por aplicaci\u00f3n foliar, incluyendo insecticidas y funguicidas. Se sugiere efectuar pre mezcla antes de usarlo.<\/td>\n<\/tr>\n<tr>\n<td width=\"153\"><strong>RECOMENDACIONES DE USO Y MANEJO: <\/strong><\/td>\n<td width=\"419\">CYTO NPK\u00ae, se recomienda en aquellos casos en los que se presenta deficiencia de los elementos mayores en las plantas.<\/td>\n<\/tr>\n<tr>\n<td width=\"153\"><strong>REGISTRO ICA N\u00b0<\/strong><\/td>\n<td width=\"419\">5442 a Nombre de VECOL S.A<\/td>\n<\/tr>\n<tr>\n<td width=\"153\"><strong>CULTIVOS<\/strong><\/td>\n<td width=\"419\">TOMATE (solanum lycopersicum)<\/td>\n<\/tr>\n<tr>\n<td width=\"153\"><strong>DOSIS POR CULTIVO<\/strong><\/td>\n<td width=\"419\">4 L\/ha<\/td>\n<\/tr>\n<tr>\n<td width=\"153\"><strong>\u00c9POCA DE APLICACI\u00d3N<\/strong><\/td>\n<td width=\"419\">1ra Floraci\u00f3n 2da Cuaje 3ra Llenado de frutos<\/td>\n<\/tr>\n<\/tbody>\n<\/table>","protected":false},"excerpt":{"rendered":"<p>Fertilizante org\u00e1nico mineral complejado con amino\u00e1cidos, \u00e1cidos carbox\u00edlicos y carbohidratos, para aplicaci\u00f3n foliar. Recomendado para aquellos casos en los que se presentan deficiencias de elementos mayores en las plantas.<\/p>","protected":false},"featured_media":4715,"template":"","meta":{"_acf_changed":false,"site-sidebar-layout":"default","site-content-layout":"default","ast-site-content-layout":"default","site-content-style":"default","site-sidebar-style":"default","ast-global-header-display":"","ast-banner-title-visibility":"","ast-main-header-display":"","ast-hfb-above-header-display":"","ast-hfb-below-header-display":"","ast-hfb-mobile-header-display":"","site-post-title":"","ast-breadcrumbs-content":"","ast-featured-img":"","footer-sml-layout":"","ast-disable-related-posts":"","theme-transparent-header-meta":"default","adv-header-id-meta":"","stick-header-meta":"","header-above-stick-meta":"","header-main-stick-meta":"","header-below-stick-meta":"","astra-migrate-meta-layouts":"set","ast-page-background-enabled":"default","ast-page-background-meta":{"desktop":{"background-color":"","background-image":"","background-repeat":"repeat","background-position":"center center","background-size":"auto","background-attachment":"scroll","background-type":"","background-media":"","overlay-type":"","overlay-color":"","overlay-opacity":"","overlay-gradient":""},"tablet":{"background-color":"","background-image":"","background-repeat":"repeat","background-position":"center center","background-size":"auto","background-attachment":"scroll","background-type":"","background-media":"","overlay-type":"","overlay-color":"","overlay-opacity":"","overlay-gradient":""},"mobile":{"background-color":"","background-image":"","background-repeat":"repeat","background-position":"center center","background-size":"auto","background-attachment":"scroll","background-type":"","background-media":"","overlay-type":"","overlay-color":"","overlay-opacity":"","overlay-gradient":""}},"ast-content-background-meta":{"desktop":{"background-color":"var(--ast-global-color-5)","background-image":"","background-repeat":"repeat","background-position":"center center","background-size":"auto","background-attachment":"scroll","background-type":"","background-media":"","overlay-type":"","overlay-color":"","overlay-opacity":"","overlay-gradient":""},"tablet":{"background-color":"var(--ast-global-color-5)","background-image":"","background-repeat":"repeat","background-position":"center center","background-size":"auto","background-attachment":"scroll","background-type":"","background-media":"","overlay-type":"","overlay-color":"","overlay-opacity":"","overlay-gradient":""},"mobile":{"background-color":"var(--ast-global-color-5)","background-image":"","background-repeat":"repeat","background-position":"center center","background-size":"auto","background-attachment":"scroll","background-type":"","background-media":"","overlay-type":"","overlay-color":"","overlay-opacity":"","overlay-gradient":""}}},"product_brand":[],"product_cat":[54],"product_tag":[56,57],"class_list":{"0":"post-4713","1":"product","2":"type-product","3":"status-publish","4":"has-post-thumbnail","6":"product_cat-fertilizantes-foliares-vecol","7":"product_tag-fertilizante","8":"product_tag-foliar","9":"desktop-align-left","10":"tablet-align-left","11":"mobile-align-left","13":"first","14":"instock","15":"shipping-taxable","16":"product-type-simple"},"acf":[],"yoast_head":"<!-- This site is optimized with the Yoast SEO plugin v27.3 - https:\/\/yoast.com\/product\/yoast-seo-wordpress\/ -->\n<title>Cyto NPK\u00ae - Fertilizante org\u00e1nico mineral | VECOL<\/title>\n<meta name=\"robots\" content=\"index, follow, max-snippet:-1, max-image-preview:large, max-video-preview:-1\" \/>\n<link rel=\"canonical\" href=\"https:\/\/www.vecol.com.co\/en\/product\/cyto-npk\/\" \/>\n<meta property=\"og:locale\" content=\"en_US\" \/>\n<meta property=\"og:type\" content=\"article\" \/>\n<meta property=\"og:title\" content=\"Cyto NPK\u00ae - Fertilizante org\u00e1nico mineral | VECOL\" \/>\n<meta property=\"og:description\" content=\"Fertilizante org\u00e1nico mineral complejado con amino\u00e1cidos, \u00e1cidos carbox\u00edlicos y carbohidratos, para aplicaci\u00f3n foliar. Recomendado para aquellos casos en los que se presentan deficiencias de elementos mayores en las plantas.\" \/>\n<meta property=\"og:url\" content=\"https:\/\/www.vecol.com.co\/en\/product\/cyto-npk\/\" \/>\n<meta property=\"og:site_name\" content=\"VECOL\" \/>\n<meta property=\"article:publisher\" content=\"https:\/\/www.facebook.com\/vecolveterinaria\" \/>\n<meta property=\"article:modified_time\" content=\"2024-12-27T15:22:25+00:00\" \/>\n<meta property=\"og:image\" content=\"https:\/\/www.vecol.com.co\/wp-content\/uploads\/2022\/05\/CytoNPK-1.jpg\" \/>\n\t<meta property=\"og:image:width\" content=\"1080\" \/>\n\t<meta property=\"og:image:height\" content=\"1080\" \/>\n\t<meta property=\"og:image:type\" content=\"image\/jpeg\" \/>\n<meta name=\"twitter:card\" content=\"summary_large_image\" \/>\n<meta name=\"twitter:site\" content=\"@VecolColombia\" \/>\n<meta name=\"twitter:label1\" content=\"Est. reading time\" \/>\n\t<meta name=\"twitter:data1\" content=\"1 minute\" \/>\n<script type=\"application\/ld+json\" class=\"yoast-schema-graph\">{\"@context\":\"https:\\\/\\\/schema.org\",\"@graph\":[{\"@type\":\"WebPage\",\"@id\":\"https:\\\/\\\/www.vecol.com.co\\\/producto\\\/cyto-npk\\\/\",\"url\":\"https:\\\/\\\/www.vecol.com.co\\\/producto\\\/cyto-npk\\\/\",\"name\":\"Cyto NPK\u00ae - Fertilizante org\u00e1nico mineral | VECOL\",\"isPartOf\":{\"@id\":\"https:\\\/\\\/www.vecol.com.co\\\/#website\"},\"primaryImageOfPage\":{\"@id\":\"https:\\\/\\\/www.vecol.com.co\\\/producto\\\/cyto-npk\\\/#primaryimage\"},\"image\":{\"@id\":\"https:\\\/\\\/www.vecol.com.co\\\/producto\\\/cyto-npk\\\/#primaryimage\"},\"thumbnailUrl\":\"https:\\\/\\\/www.vecol.com.co\\\/wp-content\\\/uploads\\\/2022\\\/05\\\/CytoNPK-1.jpg\",\"datePublished\":\"2022-05-05T17:12:25+00:00\",\"dateModified\":\"2024-12-27T15:22:25+00:00\",\"breadcrumb\":{\"@id\":\"https:\\\/\\\/www.vecol.com.co\\\/producto\\\/cyto-npk\\\/#breadcrumb\"},\"inLanguage\":\"en-US\",\"potentialAction\":[{\"@type\":\"ReadAction\",\"target\":[\"https:\\\/\\\/www.vecol.com.co\\\/producto\\\/cyto-npk\\\/\"]}]},{\"@type\":\"ImageObject\",\"inLanguage\":\"en-US\",\"@id\":\"https:\\\/\\\/www.vecol.com.co\\\/producto\\\/cyto-npk\\\/#primaryimage\",\"url\":\"https:\\\/\\\/www.vecol.com.co\\\/wp-content\\\/uploads\\\/2022\\\/05\\\/CytoNPK-1.jpg\",\"contentUrl\":\"https:\\\/\\\/www.vecol.com.co\\\/wp-content\\\/uploads\\\/2022\\\/05\\\/CytoNPK-1.jpg\",\"width\":1080,\"height\":1080,\"caption\":\"CytoNPK 1\"},{\"@type\":\"BreadcrumbList\",\"@id\":\"https:\\\/\\\/www.vecol.com.co\\\/producto\\\/cyto-npk\\\/#breadcrumb\",\"itemListElement\":[{\"@type\":\"ListItem\",\"position\":1,\"name\":\"Inicio\",\"item\":\"https:\\\/\\\/www.vecol.com.co\\\/\"},{\"@type\":\"ListItem\",\"position\":2,\"name\":\"Productos\",\"item\":\"https:\\\/\\\/www.vecol.com.co\\\/productos\\\/\"},{\"@type\":\"ListItem\",\"position\":3,\"name\":\"Cyto NPK\u00ae\"}]},{\"@type\":\"WebSite\",\"@id\":\"https:\\\/\\\/www.vecol.com.co\\\/#website\",\"url\":\"https:\\\/\\\/www.vecol.com.co\\\/\",\"name\":\"VECOL\",\"description\":\"Empresa Colombiana de Productos Veterinarios\",\"publisher\":{\"@id\":\"https:\\\/\\\/www.vecol.com.co\\\/#organization\"},\"potentialAction\":[{\"@type\":\"SearchAction\",\"target\":{\"@type\":\"EntryPoint\",\"urlTemplate\":\"https:\\\/\\\/www.vecol.com.co\\\/?s={search_term_string}\"},\"query-input\":{\"@type\":\"PropertyValueSpecification\",\"valueRequired\":true,\"valueName\":\"search_term_string\"}}],\"inLanguage\":\"en-US\"},{\"@type\":\"Organization\",\"@id\":\"https:\\\/\\\/www.vecol.com.co\\\/#organization\",\"name\":\"Empresa Colombiana de Productos Veterinarios\",\"url\":\"https:\\\/\\\/www.vecol.com.co\\\/\",\"logo\":{\"@type\":\"ImageObject\",\"inLanguage\":\"en-US\",\"@id\":\"https:\\\/\\\/www.vecol.com.co\\\/#\\\/schema\\\/logo\\\/image\\\/\",\"url\":\"https:\\\/\\\/www.vecol.com.co\\\/wp-content\\\/uploads\\\/2023\\\/07\\\/logoVecol.png\",\"contentUrl\":\"https:\\\/\\\/www.vecol.com.co\\\/wp-content\\\/uploads\\\/2023\\\/07\\\/logoVecol.png\",\"width\":106,\"height\":106,\"caption\":\"Empresa Colombiana de Productos Veterinarios\"},\"image\":{\"@id\":\"https:\\\/\\\/www.vecol.com.co\\\/#\\\/schema\\\/logo\\\/image\\\/\"},\"sameAs\":[\"https:\\\/\\\/www.facebook.com\\\/vecolveterinaria\",\"https:\\\/\\\/x.com\\\/VecolColombia\"]}]}<\/script>\n<!-- \/ Yoast SEO plugin. -->","yoast_head_json":{"title":"Cyto NPK\u00ae - Organic Mineral Fertilizer | VECOL","robots":{"index":"index","follow":"follow","max-snippet":"max-snippet:-1","max-image-preview":"max-image-preview:large","max-video-preview":"max-video-preview:-1"},"canonical":"https:\/\/www.vecol.com.co\/en\/product\/cyto-npk\/","og_locale":"en_US","og_type":"article","og_title":"Cyto NPK\u00ae - Fertilizante org\u00e1nico mineral | VECOL","og_description":"Fertilizante org\u00e1nico mineral complejado con amino\u00e1cidos, \u00e1cidos carbox\u00edlicos y carbohidratos, para aplicaci\u00f3n foliar. Recomendado para aquellos casos en los que se presentan deficiencias de elementos mayores en las plantas.","og_url":"https:\/\/www.vecol.com.co\/en\/product\/cyto-npk\/","og_site_name":"VECOL","article_publisher":"https:\/\/www.facebook.com\/vecolveterinaria","article_modified_time":"2024-12-27T15:22:25+00:00","og_image":[{"width":1080,"height":1080,"url":"https:\/\/www.vecol.com.co\/wp-content\/uploads\/2022\/05\/CytoNPK-1.jpg","type":"image\/jpeg"}],"twitter_card":"summary_large_image","twitter_site":"@VecolColombia","twitter_misc":{"Est. reading time":"1 minute"},"schema":{"@context":"https:\/\/schema.org","@graph":[{"@type":"WebPage","@id":"https:\/\/www.vecol.com.co\/producto\/cyto-npk\/","url":"https:\/\/www.vecol.com.co\/producto\/cyto-npk\/","name":"Cyto NPK\u00ae - Organic Mineral Fertilizer | VECOL","isPartOf":{"@id":"https:\/\/www.vecol.com.co\/#website"},"primaryImageOfPage":{"@id":"https:\/\/www.vecol.com.co\/producto\/cyto-npk\/#primaryimage"},"image":{"@id":"https:\/\/www.vecol.com.co\/producto\/cyto-npk\/#primaryimage"},"thumbnailUrl":"https:\/\/www.vecol.com.co\/wp-content\/uploads\/2022\/05\/CytoNPK-1.jpg","datePublished":"2022-05-05T17:12:25+00:00","dateModified":"2024-12-27T15:22:25+00:00","breadcrumb":{"@id":"https:\/\/www.vecol.com.co\/producto\/cyto-npk\/#breadcrumb"},"inLanguage":"en-US","potentialAction":[{"@type":"ReadAction","target":["https:\/\/www.vecol.com.co\/producto\/cyto-npk\/"]}]},{"@type":"ImageObject","inLanguage":"en-US","@id":"https:\/\/www.vecol.com.co\/producto\/cyto-npk\/#primaryimage","url":"https:\/\/www.vecol.com.co\/wp-content\/uploads\/2022\/05\/CytoNPK-1.jpg","contentUrl":"https:\/\/www.vecol.com.co\/wp-content\/uploads\/2022\/05\/CytoNPK-1.jpg","width":1080,"height":1080,"caption":"CytoNPK 1"},{"@type":"BreadcrumbList","@id":"https:\/\/www.vecol.com.co\/producto\/cyto-npk\/#breadcrumb","itemListElement":[{"@type":"ListItem","position":1,"name":"Inicio","item":"https:\/\/www.vecol.com.co\/"},{"@type":"ListItem","position":2,"name":"Productos","item":"https:\/\/www.vecol.com.co\/productos\/"},{"@type":"ListItem","position":3,"name":"Cyto NPK\u00ae"}]},{"@type":"WebSite","@id":"https:\/\/www.vecol.com.co\/#website","url":"https:\/\/www.vecol.com.co\/","name":"VECOL","description":"Colombian Veterinary Products Company","publisher":{"@id":"https:\/\/www.vecol.com.co\/#organization"},"potentialAction":[{"@type":"SearchAction","target":{"@type":"EntryPoint","urlTemplate":"https:\/\/www.vecol.com.co\/?s={search_term_string}"},"query-input":{"@type":"PropertyValueSpecification","valueRequired":true,"valueName":"search_term_string"}}],"inLanguage":"en-US"},{"@type":"Organization","@id":"https:\/\/www.vecol.com.co\/#organization","name":"Colombian Veterinary Products Company","url":"https:\/\/www.vecol.com.co\/","logo":{"@type":"ImageObject","inLanguage":"en-US","@id":"https:\/\/www.vecol.com.co\/#\/schema\/logo\/image\/","url":"https:\/\/www.vecol.com.co\/wp-content\/uploads\/2023\/07\/logoVecol.png","contentUrl":"https:\/\/www.vecol.com.co\/wp-content\/uploads\/2023\/07\/logoVecol.png","width":106,"height":106,"caption":"Empresa Colombiana de Productos Veterinarios"},"image":{"@id":"https:\/\/www.vecol.com.co\/#\/schema\/logo\/image\/"},"sameAs":["https:\/\/www.facebook.com\/vecolveterinaria","https:\/\/x.com\/VecolColombia"]}]}},"_links":{"self":[{"href":"https:\/\/www.vecol.com.co\/en\/wp-json\/wp\/v2\/product\/4713","targetHints":{"allow":["GET"]}}],"collection":[{"href":"https:\/\/www.vecol.com.co\/en\/wp-json\/wp\/v2\/product"}],"about":[{"href":"https:\/\/www.vecol.com.co\/en\/wp-json\/wp\/v2\/types\/product"}],"wp:featuredmedia":[{"embeddable":true,"href":"https:\/\/www.vecol.com.co\/en\/wp-json\/wp\/v2\/media\/4715"}],"wp:attachment":[{"href":"https:\/\/www.vecol.com.co\/en\/wp-json\/wp\/v2\/media?parent=4713"}],"wp:term":[{"taxonomy":"product_brand","embeddable":true,"href":"https:\/\/www.vecol.com.co\/en\/wp-json\/wp\/v2\/product_brand?post=4713"},{"taxonomy":"product_cat","embeddable":true,"href":"https:\/\/www.vecol.com.co\/en\/wp-json\/wp\/v2\/product_cat?post=4713"},{"taxonomy":"product_tag","embeddable":true,"href":"https:\/\/www.vecol.com.co\/en\/wp-json\/wp\/v2\/product_tag?post=4713"}],"curies":[{"name":"wp","href":"https:\/\/api.w.org\/{rel}","templated":true}]}}