{"id":4712,"date":"2022-05-05T11:42:52","date_gmt":"2022-05-05T16:42:52","guid":{"rendered":"https:\/\/www.vecol.com.co\/?post_type=product&#038;p=4712"},"modified":"2022-05-05T12:22:05","modified_gmt":"2022-05-05T17:22:05","slug":"flower-crop","status":"publish","type":"product","link":"https:\/\/www.vecol.com.co\/en\/product\/flower-crop\/","title":{"rendered":"Flower Crop\u00ae"},"content":{"rendered":"<table width=\"572\">\n<tbody>\n<tr>\n<td width=\"153\"><strong>DESCRIPCI\u00d3N<\/strong><\/td>\n<td width=\"419\">Fertilizante inorg\u00e1nico para aplicaci\u00f3n foliar, complejado con \u00e1cidos carbox\u00edlicos y carbohidratos. Act\u00faa como promotor del crecimiento de la planta contribuyendo en la activaci\u00f3n del desarrollo vegetativo de los brotes, puesto que produce agrandamiento y multiplicaci\u00f3n de las c\u00e9lulas. Act\u00faa induciendo la floraci\u00f3n y el alargamiento del tallo e incrementa los rendimientos.<\/td>\n<\/tr>\n<tr>\n<td width=\"153\"><strong>PRESENTACI\u00d3N Y FORMULACI\u00d3N<\/strong><\/td>\n<td width=\"419\">1 L | L\u00edquido Concentrado Soluble (SL)<\/td>\n<\/tr>\n<tr>\n<td width=\"153\"><strong>COMPOSICI\u00d3N GARANTIZADA<\/strong><\/td>\n<td width=\"419\">Azufre (S)*&#8230;&#8230;&#8230;&#8230;&#8230;&#8230;&#8230;&#8230;&#8230;&#8230;&#8230;&#8230;&#8230;&#8230;&#8230;&#8230;&#8230;&#8230;.68,20 g\/l Cobre (Cu)*&#8230;&#8230;&#8230;&#8230;&#8230;&#8230;&#8230;&#8230;&#8230;&#8230;&#8230;&#8230;&#8230;&#8230;&#8230;&#8230;&#8230;&#8230;15,62 g\/l Hierro (Fe)* &#8230;&#8230;&#8230;&#8230;&#8230;&#8230;&#8230;&#8230;&#8230;&#8230;&#8230;&#8230;&#8230;&#8230;&#8230;&#8230;&#8230;&#8230;.2,10 g\/l Manganeso (Mn)* &#8230;&#8230;&#8230;&#8230;&#8230;&#8230;&#8230;&#8230;&#8230;&#8230;&#8230;&#8230;&#8230;&#8230;.34,50 g\/l Zn (Zn)*&#8230;&#8230;&#8230;&#8230;&#8230;&#8230;&#8230;&#8230;&#8230;&#8230;&#8230;&#8230;&#8230;&#8230;&#8230;&#8230;&#8230;&#8230;&#8230;&#8230;25,30 g\/l pH en soluci\u00f3n al 10%&#8230;&#8230;&#8230;&#8230;&#8230;&#8230;&#8230;&#8230;&#8230;&#8230;&#8230;&#8230;.3,00 Densidad a 20 \u00b0C&#8230;&#8230;&#8230;&#8230;&#8230;&#8230;&#8230;&#8230;&#8230;&#8230;&#8230;&#8230;&#8230;&#8230; 1,28 g\/ml *Complejado con \u00e1cidos carbox\u00edlicos y carbohidratos<\/td>\n<\/tr>\n<tr>\n<td width=\"153\"><strong>PREPARACI\u00d3N DE LA MEZCLA<\/strong><\/td>\n<td width=\"419\">Para preparar la mezcla de aplicaci\u00f3n, llene hasta la mitad de su capacidad con agua, luego adicione la cantidad a aplicar seg\u00fan la dosis recomendada y agite con el fin de homogenizar el producto, luego complete el tanque. Aseg\u00farese de obtener durante la aplicaci\u00f3n un cubrimiento uniforme en las plantas. Los equipos usados en la aplicaci\u00f3n deben ser lavados adecuadamente, despu\u00e9s de cada aplicaci\u00f3n.<\/td>\n<\/tr>\n<tr>\n<td width=\"153\"><strong>COMPATIBILIDAD<\/strong><\/td>\n<td width=\"419\">Se recomienda hacer pruebas de compatibilidad.<\/td>\n<\/tr>\n<tr>\n<td width=\"153\"><strong>FITOTOXICIDAD<\/strong><\/td>\n<td width=\"419\">No es Fitot\u00f3xico en la dosis recomendada en esta etiqueta.<\/td>\n<\/tr>\n<tr>\n<td width=\"153\"><strong>REGISTRO ICA N\u00b0<\/strong><\/td>\n<td width=\"419\">6166 a Nombre de VECOL S.A<\/td>\n<\/tr>\n<tr>\n<td width=\"153\"><strong>CULTIVOS<\/strong><\/td>\n<td width=\"419\">Rosas<\/td>\n<\/tr>\n<tr>\n<td width=\"153\"><strong>DOSIS POR CULTIVO<\/strong><\/td>\n<td width=\"419\">1,0 cm3\/L de agua<\/td>\n<\/tr>\n<\/tbody>\n<\/table>","protected":false},"excerpt":{"rendered":"<p>Fertilizante inorg\u00e1nico para aplicaci\u00f3n foliar, complejado con \u00e1cidos carbox\u00edlicos y carbohidratos. Act\u00faa como promotor del crecimiento de la planta contribuyendo en la activaci\u00f3n del desarrollo vegetativo de los brotes, puesto que produce agrandamiento y multiplicaci\u00f3n de las c\u00e9lulas. Act\u00faa induciendo la floraci\u00f3n y el alargamiento del tallo e incrementa los rendimientos.<\/p>","protected":false},"featured_media":4714,"template":"","meta":{"_acf_changed":false,"site-sidebar-layout":"default","site-content-layout":"default","ast-site-content-layout":"default","site-content-style":"default","site-sidebar-style":"default","ast-global-header-display":"","ast-banner-title-visibility":"","ast-main-header-display":"","ast-hfb-above-header-display":"","ast-hfb-below-header-display":"","ast-hfb-mobile-header-display":"","site-post-title":"","ast-breadcrumbs-content":"","ast-featured-img":"","footer-sml-layout":"","ast-disable-related-posts":"","theme-transparent-header-meta":"default","adv-header-id-meta":"","stick-header-meta":"","header-above-stick-meta":"","header-main-stick-meta":"","header-below-stick-meta":"","astra-migrate-meta-layouts":"default","ast-page-background-enabled":"default","ast-page-background-meta":{"desktop":{"background-color":"","background-image":"","background-repeat":"repeat","background-position":"center center","background-size":"auto","background-attachment":"scroll","background-type":"","background-media":"","overlay-type":"","overlay-color":"","overlay-opacity":"","overlay-gradient":""},"tablet":{"background-color":"","background-image":"","background-repeat":"repeat","background-position":"center center","background-size":"auto","background-attachment":"scroll","background-type":"","background-media":"","overlay-type":"","overlay-color":"","overlay-opacity":"","overlay-gradient":""},"mobile":{"background-color":"","background-image":"","background-repeat":"repeat","background-position":"center center","background-size":"auto","background-attachment":"scroll","background-type":"","background-media":"","overlay-type":"","overlay-color":"","overlay-opacity":"","overlay-gradient":""}},"ast-content-background-meta":{"desktop":{"background-color":"var(--ast-global-color-5)","background-image":"","background-repeat":"repeat","background-position":"center center","background-size":"auto","background-attachment":"scroll","background-type":"","background-media":"","overlay-type":"","overlay-color":"","overlay-opacity":"","overlay-gradient":""},"tablet":{"background-color":"var(--ast-global-color-5)","background-image":"","background-repeat":"repeat","background-position":"center center","background-size":"auto","background-attachment":"scroll","background-type":"","background-media":"","overlay-type":"","overlay-color":"","overlay-opacity":"","overlay-gradient":""},"mobile":{"background-color":"var(--ast-global-color-5)","background-image":"","background-repeat":"repeat","background-position":"center center","background-size":"auto","background-attachment":"scroll","background-type":"","background-media":"","overlay-type":"","overlay-color":"","overlay-opacity":"","overlay-gradient":""}}},"product_brand":[],"product_cat":[54],"product_tag":[56,57],"class_list":{"0":"post-4712","1":"product","2":"type-product","3":"status-publish","4":"has-post-thumbnail","6":"product_cat-fertilizantes-foliares-vecol","7":"product_tag-fertilizante","8":"product_tag-foliar","9":"desktop-align-left","10":"tablet-align-left","11":"mobile-align-left","13":"first","14":"instock","15":"shipping-taxable","16":"product-type-simple"},"acf":[],"yoast_head":"<!-- This site is optimized with the Yoast SEO plugin v27.3 - https:\/\/yoast.com\/product\/yoast-seo-wordpress\/ -->\n<title>Flower Crop\u00ae - VECOL<\/title>\n<meta name=\"robots\" content=\"index, follow, max-snippet:-1, max-image-preview:large, max-video-preview:-1\" \/>\n<link rel=\"canonical\" href=\"https:\/\/www.vecol.com.co\/en\/product\/flower-crop\/\" \/>\n<meta property=\"og:locale\" content=\"en_US\" \/>\n<meta property=\"og:type\" content=\"article\" \/>\n<meta property=\"og:title\" content=\"Flower Crop\u00ae - VECOL\" \/>\n<meta property=\"og:description\" content=\"Fertilizante inorg\u00e1nico para aplicaci\u00f3n foliar, complejado con \u00e1cidos carbox\u00edlicos y carbohidratos. Act\u00faa como promotor del crecimiento de la planta contribuyendo en la activaci\u00f3n del desarrollo vegetativo de los brotes, puesto que produce agrandamiento y multiplicaci\u00f3n de las c\u00e9lulas. Act\u00faa induciendo la floraci\u00f3n y el alargamiento del tallo e incrementa los rendimientos.\" \/>\n<meta property=\"og:url\" content=\"https:\/\/www.vecol.com.co\/en\/product\/flower-crop\/\" \/>\n<meta property=\"og:site_name\" content=\"VECOL\" \/>\n<meta property=\"article:publisher\" content=\"https:\/\/www.facebook.com\/vecolveterinaria\" \/>\n<meta property=\"article:modified_time\" content=\"2022-05-05T17:22:05+00:00\" \/>\n<meta property=\"og:image\" content=\"https:\/\/www.vecol.com.co\/wp-content\/uploads\/2022\/05\/flowercrop-1.jpg\" \/>\n\t<meta property=\"og:image:width\" content=\"1080\" \/>\n\t<meta property=\"og:image:height\" content=\"1080\" \/>\n\t<meta property=\"og:image:type\" content=\"image\/jpeg\" \/>\n<meta name=\"twitter:card\" content=\"summary_large_image\" \/>\n<meta name=\"twitter:site\" content=\"@VecolColombia\" \/>\n<meta name=\"twitter:label1\" content=\"Est. reading time\" \/>\n\t<meta name=\"twitter:data1\" content=\"1 minute\" \/>\n<script type=\"application\/ld+json\" class=\"yoast-schema-graph\">{\"@context\":\"https:\\\/\\\/schema.org\",\"@graph\":[{\"@type\":\"WebPage\",\"@id\":\"https:\\\/\\\/www.vecol.com.co\\\/en\\\/product\\\/flower-crop\\\/\",\"url\":\"https:\\\/\\\/www.vecol.com.co\\\/en\\\/product\\\/flower-crop\\\/\",\"name\":\"Flower Crop\u00ae - VECOL\",\"isPartOf\":{\"@id\":\"https:\\\/\\\/www.vecol.com.co\\\/#website\"},\"primaryImageOfPage\":{\"@id\":\"https:\\\/\\\/www.vecol.com.co\\\/en\\\/product\\\/flower-crop\\\/#primaryimage\"},\"image\":{\"@id\":\"https:\\\/\\\/www.vecol.com.co\\\/en\\\/product\\\/flower-crop\\\/#primaryimage\"},\"thumbnailUrl\":\"https:\\\/\\\/www.vecol.com.co\\\/wp-content\\\/uploads\\\/2022\\\/05\\\/flowercrop-1.jpg\",\"datePublished\":\"2022-05-05T16:42:52+00:00\",\"dateModified\":\"2022-05-05T17:22:05+00:00\",\"breadcrumb\":{\"@id\":\"https:\\\/\\\/www.vecol.com.co\\\/en\\\/product\\\/flower-crop\\\/#breadcrumb\"},\"inLanguage\":\"en-US\",\"potentialAction\":[{\"@type\":\"ReadAction\",\"target\":[\"https:\\\/\\\/www.vecol.com.co\\\/en\\\/product\\\/flower-crop\\\/\"]}]},{\"@type\":\"ImageObject\",\"inLanguage\":\"en-US\",\"@id\":\"https:\\\/\\\/www.vecol.com.co\\\/en\\\/product\\\/flower-crop\\\/#primaryimage\",\"url\":\"https:\\\/\\\/www.vecol.com.co\\\/wp-content\\\/uploads\\\/2022\\\/05\\\/flowercrop-1.jpg\",\"contentUrl\":\"https:\\\/\\\/www.vecol.com.co\\\/wp-content\\\/uploads\\\/2022\\\/05\\\/flowercrop-1.jpg\",\"width\":1080,\"height\":1080,\"caption\":\"flowercrop 1\"},{\"@type\":\"BreadcrumbList\",\"@id\":\"https:\\\/\\\/www.vecol.com.co\\\/en\\\/product\\\/flower-crop\\\/#breadcrumb\",\"itemListElement\":[{\"@type\":\"ListItem\",\"position\":1,\"name\":\"Inicio\",\"item\":\"https:\\\/\\\/www.vecol.com.co\\\/\"},{\"@type\":\"ListItem\",\"position\":2,\"name\":\"Productos\",\"item\":\"https:\\\/\\\/www.vecol.com.co\\\/productos\\\/\"},{\"@type\":\"ListItem\",\"position\":3,\"name\":\"Flower Crop\u00ae\"}]},{\"@type\":\"WebSite\",\"@id\":\"https:\\\/\\\/www.vecol.com.co\\\/#website\",\"url\":\"https:\\\/\\\/www.vecol.com.co\\\/\",\"name\":\"VECOL\",\"description\":\"Empresa Colombiana de Productos Veterinarios\",\"publisher\":{\"@id\":\"https:\\\/\\\/www.vecol.com.co\\\/#organization\"},\"potentialAction\":[{\"@type\":\"SearchAction\",\"target\":{\"@type\":\"EntryPoint\",\"urlTemplate\":\"https:\\\/\\\/www.vecol.com.co\\\/?s={search_term_string}\"},\"query-input\":{\"@type\":\"PropertyValueSpecification\",\"valueRequired\":true,\"valueName\":\"search_term_string\"}}],\"inLanguage\":\"en-US\"},{\"@type\":\"Organization\",\"@id\":\"https:\\\/\\\/www.vecol.com.co\\\/#organization\",\"name\":\"Empresa Colombiana de Productos Veterinarios\",\"url\":\"https:\\\/\\\/www.vecol.com.co\\\/\",\"logo\":{\"@type\":\"ImageObject\",\"inLanguage\":\"en-US\",\"@id\":\"https:\\\/\\\/www.vecol.com.co\\\/#\\\/schema\\\/logo\\\/image\\\/\",\"url\":\"https:\\\/\\\/www.vecol.com.co\\\/wp-content\\\/uploads\\\/2023\\\/07\\\/logoVecol.png\",\"contentUrl\":\"https:\\\/\\\/www.vecol.com.co\\\/wp-content\\\/uploads\\\/2023\\\/07\\\/logoVecol.png\",\"width\":106,\"height\":106,\"caption\":\"Empresa Colombiana de Productos Veterinarios\"},\"image\":{\"@id\":\"https:\\\/\\\/www.vecol.com.co\\\/#\\\/schema\\\/logo\\\/image\\\/\"},\"sameAs\":[\"https:\\\/\\\/www.facebook.com\\\/vecolveterinaria\",\"https:\\\/\\\/x.com\\\/VecolColombia\"]}]}<\/script>\n<!-- \/ Yoast SEO plugin. -->","yoast_head_json":{"title":"Flower Crop\u00ae - VECOL","robots":{"index":"index","follow":"follow","max-snippet":"max-snippet:-1","max-image-preview":"max-image-preview:large","max-video-preview":"max-video-preview:-1"},"canonical":"https:\/\/www.vecol.com.co\/en\/product\/flower-crop\/","og_locale":"en_US","og_type":"article","og_title":"Flower Crop\u00ae - VECOL","og_description":"Fertilizante inorg\u00e1nico para aplicaci\u00f3n foliar, complejado con \u00e1cidos carbox\u00edlicos y carbohidratos. Act\u00faa como promotor del crecimiento de la planta contribuyendo en la activaci\u00f3n del desarrollo vegetativo de los brotes, puesto que produce agrandamiento y multiplicaci\u00f3n de las c\u00e9lulas. Act\u00faa induciendo la floraci\u00f3n y el alargamiento del tallo e incrementa los rendimientos.","og_url":"https:\/\/www.vecol.com.co\/en\/product\/flower-crop\/","og_site_name":"VECOL","article_publisher":"https:\/\/www.facebook.com\/vecolveterinaria","article_modified_time":"2022-05-05T17:22:05+00:00","og_image":[{"width":1080,"height":1080,"url":"https:\/\/www.vecol.com.co\/wp-content\/uploads\/2022\/05\/flowercrop-1.jpg","type":"image\/jpeg"}],"twitter_card":"summary_large_image","twitter_site":"@VecolColombia","twitter_misc":{"Est. reading time":"1 minute"},"schema":{"@context":"https:\/\/schema.org","@graph":[{"@type":"WebPage","@id":"https:\/\/www.vecol.com.co\/en\/product\/flower-crop\/","url":"https:\/\/www.vecol.com.co\/en\/product\/flower-crop\/","name":"Flower Crop\u00ae - VECOL","isPartOf":{"@id":"https:\/\/www.vecol.com.co\/#website"},"primaryImageOfPage":{"@id":"https:\/\/www.vecol.com.co\/en\/product\/flower-crop\/#primaryimage"},"image":{"@id":"https:\/\/www.vecol.com.co\/en\/product\/flower-crop\/#primaryimage"},"thumbnailUrl":"https:\/\/www.vecol.com.co\/wp-content\/uploads\/2022\/05\/flowercrop-1.jpg","datePublished":"2022-05-05T16:42:52+00:00","dateModified":"2022-05-05T17:22:05+00:00","breadcrumb":{"@id":"https:\/\/www.vecol.com.co\/en\/product\/flower-crop\/#breadcrumb"},"inLanguage":"en-US","potentialAction":[{"@type":"ReadAction","target":["https:\/\/www.vecol.com.co\/en\/product\/flower-crop\/"]}]},{"@type":"ImageObject","inLanguage":"en-US","@id":"https:\/\/www.vecol.com.co\/en\/product\/flower-crop\/#primaryimage","url":"https:\/\/www.vecol.com.co\/wp-content\/uploads\/2022\/05\/flowercrop-1.jpg","contentUrl":"https:\/\/www.vecol.com.co\/wp-content\/uploads\/2022\/05\/flowercrop-1.jpg","width":1080,"height":1080,"caption":"flowercrop 1"},{"@type":"BreadcrumbList","@id":"https:\/\/www.vecol.com.co\/en\/product\/flower-crop\/#breadcrumb","itemListElement":[{"@type":"ListItem","position":1,"name":"Inicio","item":"https:\/\/www.vecol.com.co\/"},{"@type":"ListItem","position":2,"name":"Productos","item":"https:\/\/www.vecol.com.co\/productos\/"},{"@type":"ListItem","position":3,"name":"Flower Crop\u00ae"}]},{"@type":"WebSite","@id":"https:\/\/www.vecol.com.co\/#website","url":"https:\/\/www.vecol.com.co\/","name":"VECOL","description":"Colombian Veterinary Products Company","publisher":{"@id":"https:\/\/www.vecol.com.co\/#organization"},"potentialAction":[{"@type":"SearchAction","target":{"@type":"EntryPoint","urlTemplate":"https:\/\/www.vecol.com.co\/?s={search_term_string}"},"query-input":{"@type":"PropertyValueSpecification","valueRequired":true,"valueName":"search_term_string"}}],"inLanguage":"en-US"},{"@type":"Organization","@id":"https:\/\/www.vecol.com.co\/#organization","name":"Colombian Veterinary Products Company","url":"https:\/\/www.vecol.com.co\/","logo":{"@type":"ImageObject","inLanguage":"en-US","@id":"https:\/\/www.vecol.com.co\/#\/schema\/logo\/image\/","url":"https:\/\/www.vecol.com.co\/wp-content\/uploads\/2023\/07\/logoVecol.png","contentUrl":"https:\/\/www.vecol.com.co\/wp-content\/uploads\/2023\/07\/logoVecol.png","width":106,"height":106,"caption":"Empresa Colombiana de Productos Veterinarios"},"image":{"@id":"https:\/\/www.vecol.com.co\/#\/schema\/logo\/image\/"},"sameAs":["https:\/\/www.facebook.com\/vecolveterinaria","https:\/\/x.com\/VecolColombia"]}]}},"_links":{"self":[{"href":"https:\/\/www.vecol.com.co\/en\/wp-json\/wp\/v2\/product\/4712","targetHints":{"allow":["GET"]}}],"collection":[{"href":"https:\/\/www.vecol.com.co\/en\/wp-json\/wp\/v2\/product"}],"about":[{"href":"https:\/\/www.vecol.com.co\/en\/wp-json\/wp\/v2\/types\/product"}],"wp:featuredmedia":[{"embeddable":true,"href":"https:\/\/www.vecol.com.co\/en\/wp-json\/wp\/v2\/media\/4714"}],"wp:attachment":[{"href":"https:\/\/www.vecol.com.co\/en\/wp-json\/wp\/v2\/media?parent=4712"}],"wp:term":[{"taxonomy":"product_brand","embeddable":true,"href":"https:\/\/www.vecol.com.co\/en\/wp-json\/wp\/v2\/product_brand?post=4712"},{"taxonomy":"product_cat","embeddable":true,"href":"https:\/\/www.vecol.com.co\/en\/wp-json\/wp\/v2\/product_cat?post=4712"},{"taxonomy":"product_tag","embeddable":true,"href":"https:\/\/www.vecol.com.co\/en\/wp-json\/wp\/v2\/product_tag?post=4712"}],"curies":[{"name":"wp","href":"https:\/\/api.w.org\/{rel}","templated":true}]}}