{"id":3717,"date":"2021-05-21T11:31:40","date_gmt":"2021-05-21T16:31:40","guid":{"rendered":"https:\/\/www.vecol.com.co\/?post_type=product&#038;p=3717"},"modified":"2021-09-07T12:43:56","modified_gmt":"2021-09-07T17:43:56","slug":"rumitec","status":"publish","type":"product","link":"https:\/\/www.vecol.com.co\/en\/product\/rumitec\/","title":{"rendered":"Rumitec\u00ae"},"content":{"rendered":"<table width=\"633\">\n<tbody>\n<tr>\n<td width=\"141\"><strong>INDICACIONES<\/strong><\/td>\n<td width=\"491\">\n<p style=\"text-align: justify;\">Probi\u00f3tico a base de bacterias anaer\u00f3bicas ben\u00e9ficas que contiene m\u00ednimo 100 millones de (unidades formadoras de colonia) por mililitro de microorganismos nativos del rumen de ganado colombiano que act\u00faa como mejorador de la eficacia alimenticia en terneras y terneros en etapa de iniciaci\u00f3n. Se emplea para acelerar el desarrollo del rumen y potencializar el rendimiento productivo del ternero, el equilibrio de la flora intestinal y la aceleraci\u00f3n del paso de lactante a rumiante.<\/p>\n<\/td>\n<\/tr>\n<tr>\n<td width=\"141\"><strong>DOSIS Y V\u00cdA DE ADMINISTRACI\u00d3N:\u00a0<\/strong><\/td>\n<td width=\"491\">\n<p style=\"text-align: justify;\">Debe ser administrado por v\u00eda oral a terneros en etapa de iniciaci\u00f3n, en una dosis de 10 ml durante 10 d\u00edas consecutivos, a partir del tercer d\u00eda de nacido. La dosis se repite a los 5 y a los 15 d\u00edas despu\u00e9s de la \u00faltima administraci\u00f3n. Mantener refrigerado entre 2\u00b0C y 8\u00b0C.<\/p>\n<\/td>\n<\/tr>\n<tr style=\"text-align: justify;\">\n<td width=\"141\"><strong>TIEMPO DE RETIRO<\/strong><\/td>\n<td width=\"491\">No aplica<\/td>\n<\/tr>\n<tr style=\"text-align: justify;\">\n<td width=\"141\"><strong>PRECAUCIONES<\/strong><\/td>\n<td width=\"491\">Agitar el producto antes de usar.<\/p>\n<p>No administrar el producto a dos o m\u00e1s terneros con la misma jeringa.<\/p>\n<p>Evitar que el producto se quede en la boca del ternero.<\/p>\n<p>No mezclar el producto con otros compuestos de naturaleza qu\u00edmica.<\/p>\n<p>Para lograr un mayor efecto del producto es recomendable un adecuado manejo nutricional del ternero acompa\u00f1ado de buenas pr\u00e1cticas ganaderas.<\/td>\n<\/tr>\n<tr style=\"text-align: justify;\">\n<td width=\"141\"><strong>PRESENTACI\u00d3N:\u00a0<\/strong><\/td>\n<td width=\"491\">Frasco por 120ml<\/td>\n<\/tr>\n<tr style=\"text-align: justify;\">\n<td width=\"141\"><strong>REGISTRO ICA N\u00b0.<\/strong><\/td>\n<td width=\"491\"><strong>18017AL<\/strong><\/td>\n<\/tr>\n<\/tbody>\n<\/table>","protected":false},"excerpt":{"rendered":"<p style=\"text-align: justify;\">Probi\u00f3tico a base de bacterias anaer\u00f3bicas ben\u00e9ficas que contiene m\u00ednimo 100 millones de (unidades formadoras de colonia) por mililitro de microorganismos nativos del rumen de ganado colombiano que act\u00faa como mejorador de la eficacia alimenticia en terneras y terneros en etapa de iniciaci\u00f3n. Se emplea para acelerar el desarrollo del rumen y potencializar el rendimiento productivo del ternero, el equilibrio de la flora intestinal y la aceleraci\u00f3n del paso de lactante a rumiante.<\/p>","protected":false},"featured_media":3718,"template":"","meta":{"_acf_changed":false,"site-sidebar-layout":"default","site-content-layout":"default","ast-site-content-layout":"default","site-content-style":"default","site-sidebar-style":"default","ast-global-header-display":"","ast-banner-title-visibility":"","ast-main-header-display":"","ast-hfb-above-header-display":"","ast-hfb-below-header-display":"","ast-hfb-mobile-header-display":"","site-post-title":"","ast-breadcrumbs-content":"","ast-featured-img":"","footer-sml-layout":"","ast-disable-related-posts":"","theme-transparent-header-meta":"default","adv-header-id-meta":"","stick-header-meta":"","header-above-stick-meta":"","header-main-stick-meta":"","header-below-stick-meta":"","astra-migrate-meta-layouts":"default","ast-page-background-enabled":"default","ast-page-background-meta":{"desktop":{"background-color":"","background-image":"","background-repeat":"repeat","background-position":"center center","background-size":"auto","background-attachment":"scroll","background-type":"","background-media":"","overlay-type":"","overlay-color":"","overlay-opacity":"","overlay-gradient":""},"tablet":{"background-color":"","background-image":"","background-repeat":"repeat","background-position":"center center","background-size":"auto","background-attachment":"scroll","background-type":"","background-media":"","overlay-type":"","overlay-color":"","overlay-opacity":"","overlay-gradient":""},"mobile":{"background-color":"","background-image":"","background-repeat":"repeat","background-position":"center center","background-size":"auto","background-attachment":"scroll","background-type":"","background-media":"","overlay-type":"","overlay-color":"","overlay-opacity":"","overlay-gradient":""}},"ast-content-background-meta":{"desktop":{"background-color":"var(--ast-global-color-5)","background-image":"","background-repeat":"repeat","background-position":"center center","background-size":"auto","background-attachment":"scroll","background-type":"","background-media":"","overlay-type":"","overlay-color":"","overlay-opacity":"","overlay-gradient":""},"tablet":{"background-color":"var(--ast-global-color-5)","background-image":"","background-repeat":"repeat","background-position":"center center","background-size":"auto","background-attachment":"scroll","background-type":"","background-media":"","overlay-type":"","overlay-color":"","overlay-opacity":"","overlay-gradient":""},"mobile":{"background-color":"var(--ast-global-color-5)","background-image":"","background-repeat":"repeat","background-position":"center center","background-size":"auto","background-attachment":"scroll","background-type":"","background-media":"","overlay-type":"","overlay-color":"","overlay-opacity":"","overlay-gradient":""}}},"product_brand":[],"product_cat":[17,43],"product_tag":[],"class_list":{"0":"post-3717","1":"product","2":"type-product","3":"status-publish","4":"has-post-thumbnail","6":"product_cat-animales-de-produccion","7":"product_cat-otros","8":"desktop-align-left","9":"tablet-align-left","10":"mobile-align-left","12":"first","13":"instock","14":"shipping-taxable","15":"product-type-simple"},"acf":[],"yoast_head":"<!-- This site is optimized with the Yoast SEO plugin v27.4 - https:\/\/yoast.com\/product\/yoast-seo-wordpress\/ -->\n<title>Rumitec\u00ae - VECOL<\/title>\n<meta name=\"robots\" content=\"index, follow, max-snippet:-1, max-image-preview:large, max-video-preview:-1\" \/>\n<link rel=\"canonical\" href=\"https:\/\/www.vecol.com.co\/en\/product\/rumitec\/\" \/>\n<meta property=\"og:locale\" content=\"en_US\" \/>\n<meta property=\"og:type\" content=\"article\" \/>\n<meta property=\"og:title\" content=\"Rumitec\u00ae - VECOL\" \/>\n<meta property=\"og:description\" content=\"Probi\u00f3tico a base de bacterias anaer\u00f3bicas ben\u00e9ficas que contiene m\u00ednimo 100 millones de (unidades formadoras de colonia) por mililitro de microorganismos nativos del rumen de ganado colombiano que act\u00faa como mejorador de la eficacia alimenticia en terneras y terneros en etapa de iniciaci\u00f3n. Se emplea para acelerar el desarrollo del rumen y potencializar el rendimiento productivo del ternero, el equilibrio de la flora intestinal y la aceleraci\u00f3n del paso de lactante a rumiante.\" \/>\n<meta property=\"og:url\" content=\"https:\/\/www.vecol.com.co\/en\/product\/rumitec\/\" \/>\n<meta property=\"og:site_name\" content=\"VECOL\" \/>\n<meta property=\"article:publisher\" content=\"https:\/\/www.facebook.com\/vecolveterinaria\" \/>\n<meta property=\"article:modified_time\" content=\"2021-09-07T17:43:56+00:00\" \/>\n<meta property=\"og:image\" content=\"https:\/\/www.vecol.com.co\/wp-content\/uploads\/2021\/05\/Diseno-sin-titulo-2021-05-21T113031.762.png\" \/>\n\t<meta property=\"og:image:width\" content=\"800\" \/>\n\t<meta property=\"og:image:height\" content=\"800\" \/>\n\t<meta property=\"og:image:type\" content=\"image\/png\" \/>\n<meta name=\"twitter:card\" content=\"summary_large_image\" \/>\n<meta name=\"twitter:site\" content=\"@VecolColombia\" \/>\n<meta name=\"twitter:label1\" content=\"Est. reading time\" \/>\n\t<meta name=\"twitter:data1\" content=\"1 minute\" \/>\n<script type=\"application\/ld+json\" class=\"yoast-schema-graph\">{\"@context\":\"https:\\\/\\\/schema.org\",\"@graph\":[{\"@type\":\"WebPage\",\"@id\":\"https:\\\/\\\/www.vecol.com.co\\\/producto\\\/rumitec\\\/\",\"url\":\"https:\\\/\\\/www.vecol.com.co\\\/producto\\\/rumitec\\\/\",\"name\":\"Rumitec\u00ae - VECOL\",\"isPartOf\":{\"@id\":\"https:\\\/\\\/www.vecol.com.co\\\/#website\"},\"primaryImageOfPage\":{\"@id\":\"https:\\\/\\\/www.vecol.com.co\\\/producto\\\/rumitec\\\/#primaryimage\"},\"image\":{\"@id\":\"https:\\\/\\\/www.vecol.com.co\\\/producto\\\/rumitec\\\/#primaryimage\"},\"thumbnailUrl\":\"https:\\\/\\\/www.vecol.com.co\\\/wp-content\\\/uploads\\\/2021\\\/05\\\/Diseno-sin-titulo-2021-05-21T113031.762.png\",\"datePublished\":\"2021-05-21T16:31:40+00:00\",\"dateModified\":\"2021-09-07T17:43:56+00:00\",\"breadcrumb\":{\"@id\":\"https:\\\/\\\/www.vecol.com.co\\\/producto\\\/rumitec\\\/#breadcrumb\"},\"inLanguage\":\"en-US\",\"potentialAction\":[{\"@type\":\"ReadAction\",\"target\":[\"https:\\\/\\\/www.vecol.com.co\\\/producto\\\/rumitec\\\/\"]}]},{\"@type\":\"ImageObject\",\"inLanguage\":\"en-US\",\"@id\":\"https:\\\/\\\/www.vecol.com.co\\\/producto\\\/rumitec\\\/#primaryimage\",\"url\":\"https:\\\/\\\/www.vecol.com.co\\\/wp-content\\\/uploads\\\/2021\\\/05\\\/Diseno-sin-titulo-2021-05-21T113031.762.png\",\"contentUrl\":\"https:\\\/\\\/www.vecol.com.co\\\/wp-content\\\/uploads\\\/2021\\\/05\\\/Diseno-sin-titulo-2021-05-21T113031.762.png\",\"width\":800,\"height\":800,\"caption\":\"Diseno sin titulo 2021 05 21T113031.762\"},{\"@type\":\"BreadcrumbList\",\"@id\":\"https:\\\/\\\/www.vecol.com.co\\\/producto\\\/rumitec\\\/#breadcrumb\",\"itemListElement\":[{\"@type\":\"ListItem\",\"position\":1,\"name\":\"Inicio\",\"item\":\"https:\\\/\\\/www.vecol.com.co\\\/\"},{\"@type\":\"ListItem\",\"position\":2,\"name\":\"Productos\",\"item\":\"https:\\\/\\\/www.vecol.com.co\\\/productos\\\/\"},{\"@type\":\"ListItem\",\"position\":3,\"name\":\"Rumitec\u00ae\"}]},{\"@type\":\"WebSite\",\"@id\":\"https:\\\/\\\/www.vecol.com.co\\\/#website\",\"url\":\"https:\\\/\\\/www.vecol.com.co\\\/\",\"name\":\"VECOL\",\"description\":\"Empresa Colombiana de Productos Veterinarios\",\"publisher\":{\"@id\":\"https:\\\/\\\/www.vecol.com.co\\\/#organization\"},\"potentialAction\":[{\"@type\":\"SearchAction\",\"target\":{\"@type\":\"EntryPoint\",\"urlTemplate\":\"https:\\\/\\\/www.vecol.com.co\\\/?s={search_term_string}\"},\"query-input\":{\"@type\":\"PropertyValueSpecification\",\"valueRequired\":true,\"valueName\":\"search_term_string\"}}],\"inLanguage\":\"en-US\"},{\"@type\":\"Organization\",\"@id\":\"https:\\\/\\\/www.vecol.com.co\\\/#organization\",\"name\":\"Empresa Colombiana de Productos Veterinarios\",\"url\":\"https:\\\/\\\/www.vecol.com.co\\\/\",\"logo\":{\"@type\":\"ImageObject\",\"inLanguage\":\"en-US\",\"@id\":\"https:\\\/\\\/www.vecol.com.co\\\/#\\\/schema\\\/logo\\\/image\\\/\",\"url\":\"https:\\\/\\\/www.vecol.com.co\\\/wp-content\\\/uploads\\\/2023\\\/07\\\/logoVecol.png\",\"contentUrl\":\"https:\\\/\\\/www.vecol.com.co\\\/wp-content\\\/uploads\\\/2023\\\/07\\\/logoVecol.png\",\"width\":106,\"height\":106,\"caption\":\"Empresa Colombiana de Productos Veterinarios\"},\"image\":{\"@id\":\"https:\\\/\\\/www.vecol.com.co\\\/#\\\/schema\\\/logo\\\/image\\\/\"},\"sameAs\":[\"https:\\\/\\\/www.facebook.com\\\/vecolveterinaria\",\"https:\\\/\\\/x.com\\\/VecolColombia\"]}]}<\/script>\n<!-- \/ Yoast SEO plugin. -->","yoast_head_json":{"title":"Rumitec\u00ae - VECOL","robots":{"index":"index","follow":"follow","max-snippet":"max-snippet:-1","max-image-preview":"max-image-preview:large","max-video-preview":"max-video-preview:-1"},"canonical":"https:\/\/www.vecol.com.co\/en\/product\/rumitec\/","og_locale":"en_US","og_type":"article","og_title":"Rumitec\u00ae - VECOL","og_description":"Probi\u00f3tico a base de bacterias anaer\u00f3bicas ben\u00e9ficas que contiene m\u00ednimo 100 millones de (unidades formadoras de colonia) por mililitro de microorganismos nativos del rumen de ganado colombiano que act\u00faa como mejorador de la eficacia alimenticia en terneras y terneros en etapa de iniciaci\u00f3n. Se emplea para acelerar el desarrollo del rumen y potencializar el rendimiento productivo del ternero, el equilibrio de la flora intestinal y la aceleraci\u00f3n del paso de lactante a rumiante.","og_url":"https:\/\/www.vecol.com.co\/en\/product\/rumitec\/","og_site_name":"VECOL","article_publisher":"https:\/\/www.facebook.com\/vecolveterinaria","article_modified_time":"2021-09-07T17:43:56+00:00","og_image":[{"width":800,"height":800,"url":"https:\/\/www.vecol.com.co\/wp-content\/uploads\/2021\/05\/Diseno-sin-titulo-2021-05-21T113031.762.png","type":"image\/png"}],"twitter_card":"summary_large_image","twitter_site":"@VecolColombia","twitter_misc":{"Est. reading time":"1 minute"},"schema":{"@context":"https:\/\/schema.org","@graph":[{"@type":"WebPage","@id":"https:\/\/www.vecol.com.co\/producto\/rumitec\/","url":"https:\/\/www.vecol.com.co\/producto\/rumitec\/","name":"Rumitec\u00ae - VECOL","isPartOf":{"@id":"https:\/\/www.vecol.com.co\/#website"},"primaryImageOfPage":{"@id":"https:\/\/www.vecol.com.co\/producto\/rumitec\/#primaryimage"},"image":{"@id":"https:\/\/www.vecol.com.co\/producto\/rumitec\/#primaryimage"},"thumbnailUrl":"https:\/\/www.vecol.com.co\/wp-content\/uploads\/2021\/05\/Diseno-sin-titulo-2021-05-21T113031.762.png","datePublished":"2021-05-21T16:31:40+00:00","dateModified":"2021-09-07T17:43:56+00:00","breadcrumb":{"@id":"https:\/\/www.vecol.com.co\/producto\/rumitec\/#breadcrumb"},"inLanguage":"en-US","potentialAction":[{"@type":"ReadAction","target":["https:\/\/www.vecol.com.co\/producto\/rumitec\/"]}]},{"@type":"ImageObject","inLanguage":"en-US","@id":"https:\/\/www.vecol.com.co\/producto\/rumitec\/#primaryimage","url":"https:\/\/www.vecol.com.co\/wp-content\/uploads\/2021\/05\/Diseno-sin-titulo-2021-05-21T113031.762.png","contentUrl":"https:\/\/www.vecol.com.co\/wp-content\/uploads\/2021\/05\/Diseno-sin-titulo-2021-05-21T113031.762.png","width":800,"height":800,"caption":"Diseno sin titulo 2021 05 21T113031.762"},{"@type":"BreadcrumbList","@id":"https:\/\/www.vecol.com.co\/producto\/rumitec\/#breadcrumb","itemListElement":[{"@type":"ListItem","position":1,"name":"Inicio","item":"https:\/\/www.vecol.com.co\/"},{"@type":"ListItem","position":2,"name":"Productos","item":"https:\/\/www.vecol.com.co\/productos\/"},{"@type":"ListItem","position":3,"name":"Rumitec\u00ae"}]},{"@type":"WebSite","@id":"https:\/\/www.vecol.com.co\/#website","url":"https:\/\/www.vecol.com.co\/","name":"VECOL","description":"Colombian Veterinary Products Company","publisher":{"@id":"https:\/\/www.vecol.com.co\/#organization"},"potentialAction":[{"@type":"SearchAction","target":{"@type":"EntryPoint","urlTemplate":"https:\/\/www.vecol.com.co\/?s={search_term_string}"},"query-input":{"@type":"PropertyValueSpecification","valueRequired":true,"valueName":"search_term_string"}}],"inLanguage":"en-US"},{"@type":"Organization","@id":"https:\/\/www.vecol.com.co\/#organization","name":"Colombian Veterinary Products Company","url":"https:\/\/www.vecol.com.co\/","logo":{"@type":"ImageObject","inLanguage":"en-US","@id":"https:\/\/www.vecol.com.co\/#\/schema\/logo\/image\/","url":"https:\/\/www.vecol.com.co\/wp-content\/uploads\/2023\/07\/logoVecol.png","contentUrl":"https:\/\/www.vecol.com.co\/wp-content\/uploads\/2023\/07\/logoVecol.png","width":106,"height":106,"caption":"Empresa Colombiana de Productos Veterinarios"},"image":{"@id":"https:\/\/www.vecol.com.co\/#\/schema\/logo\/image\/"},"sameAs":["https:\/\/www.facebook.com\/vecolveterinaria","https:\/\/x.com\/VecolColombia"]}]}},"_links":{"self":[{"href":"https:\/\/www.vecol.com.co\/en\/wp-json\/wp\/v2\/product\/3717","targetHints":{"allow":["GET"]}}],"collection":[{"href":"https:\/\/www.vecol.com.co\/en\/wp-json\/wp\/v2\/product"}],"about":[{"href":"https:\/\/www.vecol.com.co\/en\/wp-json\/wp\/v2\/types\/product"}],"wp:featuredmedia":[{"embeddable":true,"href":"https:\/\/www.vecol.com.co\/en\/wp-json\/wp\/v2\/media\/3718"}],"wp:attachment":[{"href":"https:\/\/www.vecol.com.co\/en\/wp-json\/wp\/v2\/media?parent=3717"}],"wp:term":[{"taxonomy":"product_brand","embeddable":true,"href":"https:\/\/www.vecol.com.co\/en\/wp-json\/wp\/v2\/product_brand?post=3717"},{"taxonomy":"product_cat","embeddable":true,"href":"https:\/\/www.vecol.com.co\/en\/wp-json\/wp\/v2\/product_cat?post=3717"},{"taxonomy":"product_tag","embeddable":true,"href":"https:\/\/www.vecol.com.co\/en\/wp-json\/wp\/v2\/product_tag?post=3717"}],"curies":[{"name":"wp","href":"https:\/\/api.w.org\/{rel}","templated":true}]}}