{"id":2503,"date":"2020-07-16T16:38:59","date_gmt":"2020-07-16T16:38:59","guid":{"rendered":"https:\/\/www.vecol.com.co\/?post_type=product&#038;p=2503"},"modified":"2025-01-31T17:17:27","modified_gmt":"2025-01-31T22:17:27","slug":"vitarsan","status":"publish","type":"product","link":"https:\/\/www.vecol.com.co\/en\/product\/vitarsan\/","title":{"rendered":"Vitars\u00e1n\u00ae"},"content":{"rendered":"<table width=\"633\">\n<tbody>\n<tr>\n<td width=\"141\"><strong>COMPOSICI\u00d3N<\/strong><\/td>\n<td width=\"491\">\n<p style=\"text-align: justify;\">Cada mL contiene:<br \/>\nVitamina B1, Vitamina B3, Vitamina B6, Vitamina B12, Vitamina B2, Pantotenato de Calcio, Dextrosa, Acetato de sodio, Cloruro de sodio, Cloruro de Calcio, Cloruro de Potasio, Sulfato de magnesio, L-Glutamato de Sodio, L-Metionina, L-Tript\u00f3fano, L Treonina, L-Isoleucina, LFenilalanina, L-Lisina, L-Valina, Leucina, L-Histidina.<\/p>\n<p style=\"text-align: justify;\">Excipientes c.s.p. 1 ml<\/p>\n<\/td>\n<\/tr>\n<tr>\n<td width=\"141\"><strong>ESPECIES DE DESTINO<\/strong><\/td>\n<td width=\"491\">\n<p style=\"text-align: justify;\">Bovinos, Equinos, Ovinos, Caprinos, Porcinos, Caninos y Gatos.<\/p>\n<\/td>\n<\/tr>\n<tr>\n<td width=\"141\"><strong>INDICACIONES<\/strong><\/td>\n<td width=\"491\">\n<p style=\"text-align: justify;\"><strong>En Bovinos, Equinos, Ovinos, Caprinos, Porcinos, Caninos y Gatos<\/strong> como coadyuvante en el tratamiento de la deficiencia de los elementos presentes en la composici\u00f3n. Coadyuvante en el tratamiento de enfermedades infecciosas y parasitarias.<\/p>\n<\/td>\n<\/tr>\n<tr>\n<td width=\"141\"><strong>DOSIS Y V\u00cdA DE ADMINISTRACI\u00d3N:\u00a0<\/strong><\/td>\n<td width=\"491\">\n<p style=\"text-align: justify;\">Por la v\u00eda de administraci\u00f3n intravenosa, se recomienda una velocidad de administraci\u00f3n de 15 a 50 ml\/Kg\/hora de acuerdo al grado de deshidrataci\u00f3n, una vez el animal presente restablecimiento, se debe reevaluar la velocidad de acuerdo al criterio del M\u00e9dico Veterinario.<\/p>\n<p style=\"text-align: justify;\">Por la v\u00eda subcut\u00e1nea inyectar un m\u00e1ximo de 15 ml por punto de aplicaci\u00f3n.<\/p>\n<p style=\"text-align: justify;\">En Bovinos, Equinos, Ovinos, Caprinos y Porcinos administrar 0.5 ml\/Kg de peso.<\/p>\n<p style=\"text-align: justify;\">En Perros y Gatos administrar de 0.2 a 0.5 ml\/Kg de peso.<\/p>\n<p style=\"text-align: justify;\">Puede repetirse una o 2 veces diariamente dependiendo de la severidad de la condici\u00f3n.<\/p>\n<\/td>\n<\/tr>\n<tr>\n<td width=\"141\"><strong>PRECAUCIONES Y<\/strong><br \/>\n<strong>ALMACENAMIENTO<\/strong><\/td>\n<td width=\"491\">\n<p style=\"text-align: justify;\">Si el producto se administra muy r\u00e1pido el animal puede presentar n\u00e1useas y malestar. En este caso suspender la administraci\u00f3n y permitir su recuperaci\u00f3n. Reanudar la administraci\u00f3n a una menor velocidad. Una vez abierto utilice inmediatamente. Mant\u00e9ngase fuera del alcance de los ni\u00f1os y animales dom\u00e9sticos. Conservar a una temperatura inferior a 30\u00b0C y protegido de la luz.<\/p>\n<\/td>\n<\/tr>\n<tr>\n<td width=\"141\"><strong>PRESENTACI\u00d3N:\u00a0<\/strong><\/td>\n<td width=\"491\">Frascos por 500 ml<\/td>\n<\/tr>\n<tr>\n<td width=\"141\"><strong>REGISTRO ICA N\u00b0.<\/strong><\/td>\n<td width=\"491\"><strong>9705 MV<\/strong><\/td>\n<\/tr>\n<\/tbody>\n<\/table>","protected":false},"excerpt":{"rendered":"<p style=\"text-align: justify;\">Soluci\u00f3n de dextrosa, amino\u00e1cidos, vitaminas y minerales indicado en bovinos, equinos, ovinos, caprinos, porcinos, perros y gatos como coadyuvante en el tratamiento de deficiencias metab\u00f3licas de minerales, vitaminas, amino\u00e1cidos y electrolitos como estimulante del apetito en el tratamiento de enfermedades infecciosas y parasitarias acompa\u00f1adas de inapetencia o anorexia. Ayuda a prevenir y corregir estados de inanici\u00f3n, desnutrici\u00f3n, anemia, deshidrataci\u00f3n y recuperaci\u00f3n m\u00e1s r\u00e1pida en casos de quemaduras.<\/p>","protected":false},"featured_media":3068,"template":"","meta":{"_acf_changed":false,"site-sidebar-layout":"default","site-content-layout":"default","ast-site-content-layout":"default","site-content-style":"default","site-sidebar-style":"default","ast-global-header-display":"","ast-banner-title-visibility":"","ast-main-header-display":"","ast-hfb-above-header-display":"","ast-hfb-below-header-display":"","ast-hfb-mobile-header-display":"","site-post-title":"","ast-breadcrumbs-content":"","ast-featured-img":"","footer-sml-layout":"","ast-disable-related-posts":"","theme-transparent-header-meta":"default","adv-header-id-meta":"","stick-header-meta":"","header-above-stick-meta":"","header-main-stick-meta":"","header-below-stick-meta":"","astra-migrate-meta-layouts":"set","ast-page-background-enabled":"default","ast-page-background-meta":{"desktop":{"background-color":"","background-image":"","background-repeat":"repeat","background-position":"center center","background-size":"auto","background-attachment":"scroll","background-type":"","background-media":"","overlay-type":"","overlay-color":"","overlay-opacity":"","overlay-gradient":""},"tablet":{"background-color":"","background-image":"","background-repeat":"repeat","background-position":"center center","background-size":"auto","background-attachment":"scroll","background-type":"","background-media":"","overlay-type":"","overlay-color":"","overlay-opacity":"","overlay-gradient":""},"mobile":{"background-color":"","background-image":"","background-repeat":"repeat","background-position":"center center","background-size":"auto","background-attachment":"scroll","background-type":"","background-media":"","overlay-type":"","overlay-color":"","overlay-opacity":"","overlay-gradient":""}},"ast-content-background-meta":{"desktop":{"background-color":"var(--ast-global-color-5)","background-image":"","background-repeat":"repeat","background-position":"center center","background-size":"auto","background-attachment":"scroll","background-type":"","background-media":"","overlay-type":"","overlay-color":"","overlay-opacity":"","overlay-gradient":""},"tablet":{"background-color":"var(--ast-global-color-5)","background-image":"","background-repeat":"repeat","background-position":"center center","background-size":"auto","background-attachment":"scroll","background-type":"","background-media":"","overlay-type":"","overlay-color":"","overlay-opacity":"","overlay-gradient":""},"mobile":{"background-color":"var(--ast-global-color-5)","background-image":"","background-repeat":"repeat","background-position":"center center","background-size":"auto","background-attachment":"scroll","background-type":"","background-media":"","overlay-type":"","overlay-color":"","overlay-opacity":"","overlay-gradient":""}}},"product_brand":[],"product_cat":[17,42],"product_tag":[],"class_list":{"0":"post-2503","1":"product","2":"type-product","3":"status-publish","4":"has-post-thumbnail","6":"product_cat-animales-de-produccion","7":"product_cat-multivitaminicos-y-minerales","8":"desktop-align-left","9":"tablet-align-left","10":"mobile-align-left","12":"first","13":"instock","14":"shipping-taxable","15":"product-type-simple"},"acf":[],"yoast_head":"<!-- This site is optimized with the Yoast SEO plugin v27.3 - https:\/\/yoast.com\/product\/yoast-seo-wordpress\/ -->\n<title>Vitars\u00e1n\u00ae - VECOL<\/title>\n<meta name=\"robots\" content=\"index, follow, max-snippet:-1, max-image-preview:large, max-video-preview:-1\" \/>\n<link rel=\"canonical\" href=\"https:\/\/www.vecol.com.co\/en\/product\/vitarsan\/\" \/>\n<meta property=\"og:locale\" content=\"en_US\" \/>\n<meta property=\"og:type\" content=\"article\" \/>\n<meta property=\"og:title\" content=\"Vitars\u00e1n\u00ae - VECOL\" \/>\n<meta property=\"og:description\" content=\"Soluci\u00f3n de dextrosa, amino\u00e1cidos, vitaminas y minerales indicado en bovinos, equinos, ovinos, caprinos, porcinos, perros y gatos como coadyuvante en el tratamiento de deficiencias metab\u00f3licas de minerales, vitaminas, amino\u00e1cidos y electrolitos como estimulante del apetito en el tratamiento de enfermedades infecciosas y parasitarias acompa\u00f1adas de inapetencia o anorexia. Ayuda a prevenir y corregir estados de inanici\u00f3n, desnutrici\u00f3n, anemia, deshidrataci\u00f3n y recuperaci\u00f3n m\u00e1s r\u00e1pida en casos de quemaduras.\" \/>\n<meta property=\"og:url\" content=\"https:\/\/www.vecol.com.co\/en\/product\/vitarsan\/\" \/>\n<meta property=\"og:site_name\" content=\"VECOL\" \/>\n<meta property=\"article:publisher\" content=\"https:\/\/www.facebook.com\/vecolveterinaria\" \/>\n<meta property=\"article:modified_time\" content=\"2025-01-31T22:17:27+00:00\" \/>\n<meta property=\"og:image\" content=\"https:\/\/www.vecol.com.co\/wp-content\/uploads\/2020\/07\/VITARSAN.jpg\" \/>\n\t<meta property=\"og:image:width\" content=\"1920\" \/>\n\t<meta property=\"og:image:height\" content=\"1920\" \/>\n\t<meta property=\"og:image:type\" content=\"image\/jpeg\" \/>\n<meta name=\"twitter:card\" content=\"summary_large_image\" \/>\n<meta name=\"twitter:site\" content=\"@VecolColombia\" \/>\n<meta name=\"twitter:label1\" content=\"Est. reading time\" \/>\n\t<meta name=\"twitter:data1\" content=\"1 minute\" \/>\n<script type=\"application\/ld+json\" class=\"yoast-schema-graph\">{\"@context\":\"https:\\\/\\\/schema.org\",\"@graph\":[{\"@type\":\"WebPage\",\"@id\":\"https:\\\/\\\/www.vecol.com.co\\\/producto\\\/vitarsan\\\/\",\"url\":\"https:\\\/\\\/www.vecol.com.co\\\/producto\\\/vitarsan\\\/\",\"name\":\"Vitars\u00e1n\u00ae - VECOL\",\"isPartOf\":{\"@id\":\"https:\\\/\\\/www.vecol.com.co\\\/#website\"},\"primaryImageOfPage\":{\"@id\":\"https:\\\/\\\/www.vecol.com.co\\\/producto\\\/vitarsan\\\/#primaryimage\"},\"image\":{\"@id\":\"https:\\\/\\\/www.vecol.com.co\\\/producto\\\/vitarsan\\\/#primaryimage\"},\"thumbnailUrl\":\"https:\\\/\\\/www.vecol.com.co\\\/wp-content\\\/uploads\\\/2020\\\/07\\\/VITARSAN.jpg\",\"datePublished\":\"2020-07-16T16:38:59+00:00\",\"dateModified\":\"2025-01-31T22:17:27+00:00\",\"breadcrumb\":{\"@id\":\"https:\\\/\\\/www.vecol.com.co\\\/producto\\\/vitarsan\\\/#breadcrumb\"},\"inLanguage\":\"en-US\",\"potentialAction\":[{\"@type\":\"ReadAction\",\"target\":[\"https:\\\/\\\/www.vecol.com.co\\\/producto\\\/vitarsan\\\/\"]}]},{\"@type\":\"ImageObject\",\"inLanguage\":\"en-US\",\"@id\":\"https:\\\/\\\/www.vecol.com.co\\\/producto\\\/vitarsan\\\/#primaryimage\",\"url\":\"https:\\\/\\\/www.vecol.com.co\\\/wp-content\\\/uploads\\\/2020\\\/07\\\/VITARSAN.jpg\",\"contentUrl\":\"https:\\\/\\\/www.vecol.com.co\\\/wp-content\\\/uploads\\\/2020\\\/07\\\/VITARSAN.jpg\",\"width\":1920,\"height\":1920,\"caption\":\"VITARSAN\"},{\"@type\":\"BreadcrumbList\",\"@id\":\"https:\\\/\\\/www.vecol.com.co\\\/producto\\\/vitarsan\\\/#breadcrumb\",\"itemListElement\":[{\"@type\":\"ListItem\",\"position\":1,\"name\":\"Inicio\",\"item\":\"https:\\\/\\\/www.vecol.com.co\\\/\"},{\"@type\":\"ListItem\",\"position\":2,\"name\":\"Productos\",\"item\":\"https:\\\/\\\/www.vecol.com.co\\\/productos\\\/\"},{\"@type\":\"ListItem\",\"position\":3,\"name\":\"Vitars\u00e1n\u00ae\"}]},{\"@type\":\"WebSite\",\"@id\":\"https:\\\/\\\/www.vecol.com.co\\\/#website\",\"url\":\"https:\\\/\\\/www.vecol.com.co\\\/\",\"name\":\"VECOL\",\"description\":\"Empresa Colombiana de Productos Veterinarios\",\"publisher\":{\"@id\":\"https:\\\/\\\/www.vecol.com.co\\\/#organization\"},\"potentialAction\":[{\"@type\":\"SearchAction\",\"target\":{\"@type\":\"EntryPoint\",\"urlTemplate\":\"https:\\\/\\\/www.vecol.com.co\\\/?s={search_term_string}\"},\"query-input\":{\"@type\":\"PropertyValueSpecification\",\"valueRequired\":true,\"valueName\":\"search_term_string\"}}],\"inLanguage\":\"en-US\"},{\"@type\":\"Organization\",\"@id\":\"https:\\\/\\\/www.vecol.com.co\\\/#organization\",\"name\":\"Empresa Colombiana de Productos Veterinarios\",\"url\":\"https:\\\/\\\/www.vecol.com.co\\\/\",\"logo\":{\"@type\":\"ImageObject\",\"inLanguage\":\"en-US\",\"@id\":\"https:\\\/\\\/www.vecol.com.co\\\/#\\\/schema\\\/logo\\\/image\\\/\",\"url\":\"https:\\\/\\\/www.vecol.com.co\\\/wp-content\\\/uploads\\\/2023\\\/07\\\/logoVecol.png\",\"contentUrl\":\"https:\\\/\\\/www.vecol.com.co\\\/wp-content\\\/uploads\\\/2023\\\/07\\\/logoVecol.png\",\"width\":106,\"height\":106,\"caption\":\"Empresa Colombiana de Productos Veterinarios\"},\"image\":{\"@id\":\"https:\\\/\\\/www.vecol.com.co\\\/#\\\/schema\\\/logo\\\/image\\\/\"},\"sameAs\":[\"https:\\\/\\\/www.facebook.com\\\/vecolveterinaria\",\"https:\\\/\\\/x.com\\\/VecolColombia\"]}]}<\/script>\n<!-- \/ Yoast SEO plugin. -->","yoast_head_json":{"title":"Vitars\u00e1n\u00ae - VECOL","robots":{"index":"index","follow":"follow","max-snippet":"max-snippet:-1","max-image-preview":"max-image-preview:large","max-video-preview":"max-video-preview:-1"},"canonical":"https:\/\/www.vecol.com.co\/en\/product\/vitarsan\/","og_locale":"en_US","og_type":"article","og_title":"Vitars\u00e1n\u00ae - VECOL","og_description":"Soluci\u00f3n de dextrosa, amino\u00e1cidos, vitaminas y minerales indicado en bovinos, equinos, ovinos, caprinos, porcinos, perros y gatos como coadyuvante en el tratamiento de deficiencias metab\u00f3licas de minerales, vitaminas, amino\u00e1cidos y electrolitos como estimulante del apetito en el tratamiento de enfermedades infecciosas y parasitarias acompa\u00f1adas de inapetencia o anorexia. Ayuda a prevenir y corregir estados de inanici\u00f3n, desnutrici\u00f3n, anemia, deshidrataci\u00f3n y recuperaci\u00f3n m\u00e1s r\u00e1pida en casos de quemaduras.","og_url":"https:\/\/www.vecol.com.co\/en\/product\/vitarsan\/","og_site_name":"VECOL","article_publisher":"https:\/\/www.facebook.com\/vecolveterinaria","article_modified_time":"2025-01-31T22:17:27+00:00","og_image":[{"width":1920,"height":1920,"url":"https:\/\/www.vecol.com.co\/wp-content\/uploads\/2020\/07\/VITARSAN.jpg","type":"image\/jpeg"}],"twitter_card":"summary_large_image","twitter_site":"@VecolColombia","twitter_misc":{"Est. reading time":"1 minute"},"schema":{"@context":"https:\/\/schema.org","@graph":[{"@type":"WebPage","@id":"https:\/\/www.vecol.com.co\/producto\/vitarsan\/","url":"https:\/\/www.vecol.com.co\/producto\/vitarsan\/","name":"Vitars\u00e1n\u00ae - VECOL","isPartOf":{"@id":"https:\/\/www.vecol.com.co\/#website"},"primaryImageOfPage":{"@id":"https:\/\/www.vecol.com.co\/producto\/vitarsan\/#primaryimage"},"image":{"@id":"https:\/\/www.vecol.com.co\/producto\/vitarsan\/#primaryimage"},"thumbnailUrl":"https:\/\/www.vecol.com.co\/wp-content\/uploads\/2020\/07\/VITARSAN.jpg","datePublished":"2020-07-16T16:38:59+00:00","dateModified":"2025-01-31T22:17:27+00:00","breadcrumb":{"@id":"https:\/\/www.vecol.com.co\/producto\/vitarsan\/#breadcrumb"},"inLanguage":"en-US","potentialAction":[{"@type":"ReadAction","target":["https:\/\/www.vecol.com.co\/producto\/vitarsan\/"]}]},{"@type":"ImageObject","inLanguage":"en-US","@id":"https:\/\/www.vecol.com.co\/producto\/vitarsan\/#primaryimage","url":"https:\/\/www.vecol.com.co\/wp-content\/uploads\/2020\/07\/VITARSAN.jpg","contentUrl":"https:\/\/www.vecol.com.co\/wp-content\/uploads\/2020\/07\/VITARSAN.jpg","width":1920,"height":1920,"caption":"VITARSAN"},{"@type":"BreadcrumbList","@id":"https:\/\/www.vecol.com.co\/producto\/vitarsan\/#breadcrumb","itemListElement":[{"@type":"ListItem","position":1,"name":"Inicio","item":"https:\/\/www.vecol.com.co\/"},{"@type":"ListItem","position":2,"name":"Productos","item":"https:\/\/www.vecol.com.co\/productos\/"},{"@type":"ListItem","position":3,"name":"Vitars\u00e1n\u00ae"}]},{"@type":"WebSite","@id":"https:\/\/www.vecol.com.co\/#website","url":"https:\/\/www.vecol.com.co\/","name":"VECOL","description":"Colombian Veterinary Products Company","publisher":{"@id":"https:\/\/www.vecol.com.co\/#organization"},"potentialAction":[{"@type":"SearchAction","target":{"@type":"EntryPoint","urlTemplate":"https:\/\/www.vecol.com.co\/?s={search_term_string}"},"query-input":{"@type":"PropertyValueSpecification","valueRequired":true,"valueName":"search_term_string"}}],"inLanguage":"en-US"},{"@type":"Organization","@id":"https:\/\/www.vecol.com.co\/#organization","name":"Colombian Veterinary Products Company","url":"https:\/\/www.vecol.com.co\/","logo":{"@type":"ImageObject","inLanguage":"en-US","@id":"https:\/\/www.vecol.com.co\/#\/schema\/logo\/image\/","url":"https:\/\/www.vecol.com.co\/wp-content\/uploads\/2023\/07\/logoVecol.png","contentUrl":"https:\/\/www.vecol.com.co\/wp-content\/uploads\/2023\/07\/logoVecol.png","width":106,"height":106,"caption":"Empresa Colombiana de Productos Veterinarios"},"image":{"@id":"https:\/\/www.vecol.com.co\/#\/schema\/logo\/image\/"},"sameAs":["https:\/\/www.facebook.com\/vecolveterinaria","https:\/\/x.com\/VecolColombia"]}]}},"_links":{"self":[{"href":"https:\/\/www.vecol.com.co\/en\/wp-json\/wp\/v2\/product\/2503","targetHints":{"allow":["GET"]}}],"collection":[{"href":"https:\/\/www.vecol.com.co\/en\/wp-json\/wp\/v2\/product"}],"about":[{"href":"https:\/\/www.vecol.com.co\/en\/wp-json\/wp\/v2\/types\/product"}],"wp:featuredmedia":[{"embeddable":true,"href":"https:\/\/www.vecol.com.co\/en\/wp-json\/wp\/v2\/media\/3068"}],"wp:attachment":[{"href":"https:\/\/www.vecol.com.co\/en\/wp-json\/wp\/v2\/media?parent=2503"}],"wp:term":[{"taxonomy":"product_brand","embeddable":true,"href":"https:\/\/www.vecol.com.co\/en\/wp-json\/wp\/v2\/product_brand?post=2503"},{"taxonomy":"product_cat","embeddable":true,"href":"https:\/\/www.vecol.com.co\/en\/wp-json\/wp\/v2\/product_cat?post=2503"},{"taxonomy":"product_tag","embeddable":true,"href":"https:\/\/www.vecol.com.co\/en\/wp-json\/wp\/v2\/product_tag?post=2503"}],"curies":[{"name":"wp","href":"https:\/\/api.w.org\/{rel}","templated":true}]}}