{"id":249,"date":"2020-03-26T21:39:22","date_gmt":"2020-03-26T21:39:22","guid":{"rendered":"https:\/\/www.vecol.com.co\/?post_type=product&#038;p=249"},"modified":"2024-12-13T12:20:33","modified_gmt":"2024-12-13T17:20:33","slug":"ceftiofur-sodico","status":"publish","type":"product","link":"https:\/\/www.vecol.com.co\/en\/product\/ceftiofur-sodico\/","title":{"rendered":"Ceftiofur S\u00f3dico"},"content":{"rendered":"<table>\n<tbody>\n<tr>\n<td width=\"141\"><strong>INDICACIONES<\/strong><\/td>\n<td width=\"447\">\n<p style=\"text-align: justify;\">Antibi\u00f3tico inyectable de amplio espectro para el tratamiento de enfermedades respiratorias y tracto urinario as\u00ed:<\/p>\n<p style=\"text-align: justify;\"><strong>Bovinos:<\/strong> \u00a0<em>Mannheimia hemolytica, Pasteurella multocida, Histophilus somni, Staphylococcus sp., Escherichia coli, Streptococcus sp <\/em><\/p>\n<p style=\"text-align: justify;\"><strong>Equinos:<\/strong> \u00a0<em>Streptococcus zooepidemicus <\/em><\/p>\n<p style=\"text-align: justify;\"><strong>Porcinos:<\/strong> \u00a0<em>Actinobacillus (Haemophilus pleuroneumoniae), Pasteurella multocida, Salmonella cholerasuis, Streptococcus suis tipo II.<\/em><\/p>\n<\/td>\n<\/tr>\n<tr>\n<td width=\"141\"><strong>DOSIS Y V\u00cdA DE ADMINISTRACI\u00d3N:\u00a0<\/strong><\/td>\n<td width=\"447\">\n<p style=\"text-align: justify;\"><strong>Bovinos:<\/strong> Aplicar 2 ml de la soluci\u00f3n reconstituida por cada 100 kg de peso vivo, cada 24 horas durante tres d\u00edas consecutivos v\u00eda intramuscular. El tratamiento puede prolongarse hasta por 4 a 5 d\u00edas como m\u00e1ximo.<\/p>\n<p style=\"text-align: justify;\"><strong>Equinos:<\/strong> Aplicar 2 &#8211; 4 ml de la soluci\u00f3n reconstituida por cada 50 kg de peso vivo, v\u00eda intramuscular en el anca o tabla de cuello cada 24 horas.; continuar por 48 horas hasta la desaparici\u00f3n de los s\u00edntomas.<\/p>\n<p style=\"text-align: justify;\"><strong>Porcinos:<\/strong> Aplicar 0,6 a 1,0 ml de la soluci\u00f3n reconstituida por cada 10 kg de peso vivo V\u00eda intramuscular cada 24 horas durante 3 d\u00edas.<\/p>\n<\/td>\n<\/tr>\n<tr>\n<td width=\"141\"><strong>TIEMPO DE RETIRO<\/strong><\/td>\n<td width=\"447\">\n<p style=\"text-align: justify;\">Los animales tratados no deben sacrificarse para consumo humano hasta 4 d\u00edas despu\u00e9s de finalizado el tratamiento.<\/p>\n<p style=\"text-align: justify;\">No tiene tiempo de retiro en leche.<\/p>\n<\/td>\n<\/tr>\n<tr>\n<td width=\"141\"><strong>PRECAUCIONES<\/strong><\/td>\n<td width=\"447\">\n<p style=\"text-align: justify;\">No usar en equinos destinados a consumo humano.<\/p>\n<p style=\"text-align: justify;\">El color del producto reconstituido puede variar de incoloro a marr\u00f3n claro. El color no afecta la potencia del antibi\u00f3tico.<\/p>\n<p style=\"text-align: justify;\">Mant\u00e9ngase fuera del alcance de los ni\u00f1os.<\/p>\n<p style=\"text-align: justify;\">Venta bajo f\u00f3rmula del M\u00e9dico Veterinario.<\/p>\n<p style=\"text-align: justify;\">Almacenar a temperatura inferior a 30\u00b0C y protegido de la luz solar.<\/p>\n<\/td>\n<\/tr>\n<tr>\n<td style=\"text-align: justify;\" width=\"141\"><strong>PRESENTACI\u00d3N:\u00a0<\/strong><\/td>\n<td width=\"447\">\n<p style=\"text-align: justify;\">Frasco por 1 gramo, acompa\u00f1ado por 20 ml de diluyente est\u00e9ril.<\/p>\n<p style=\"text-align: justify;\">Frasco por 4 gramos, acompa\u00f1ado por 77 ml de diluyente est\u00e9ril.<\/p>\n<\/td>\n<\/tr>\n<tr>\n<td width=\"141\"><strong>REGISTRO ICA N\u00b0<\/strong><\/td>\n<td width=\"447\"><strong>6428 MV<\/strong><\/td>\n<\/tr>\n<\/tbody>\n<\/table>","protected":false},"excerpt":{"rendered":"<p style=\"text-align: justify;\">Antibi\u00f3tico inyectable de amplio espectro para el tratamiento de enfermedades respiratorias y tracto urinario<\/p>","protected":false},"featured_media":3024,"template":"","meta":{"_acf_changed":false,"site-sidebar-layout":"default","site-content-layout":"default","ast-site-content-layout":"default","site-content-style":"default","site-sidebar-style":"default","ast-global-header-display":"","ast-banner-title-visibility":"","ast-main-header-display":"","ast-hfb-above-header-display":"","ast-hfb-below-header-display":"","ast-hfb-mobile-header-display":"","site-post-title":"","ast-breadcrumbs-content":"","ast-featured-img":"","footer-sml-layout":"","ast-disable-related-posts":"","theme-transparent-header-meta":"default","adv-header-id-meta":"","stick-header-meta":"","header-above-stick-meta":"","header-main-stick-meta":"","header-below-stick-meta":"","astra-migrate-meta-layouts":"set","ast-page-background-enabled":"default","ast-page-background-meta":{"desktop":{"background-color":"","background-image":"","background-repeat":"repeat","background-position":"center center","background-size":"auto","background-attachment":"scroll","background-type":"","background-media":"","overlay-type":"","overlay-color":"","overlay-opacity":"","overlay-gradient":""},"tablet":{"background-color":"","background-image":"","background-repeat":"repeat","background-position":"center center","background-size":"auto","background-attachment":"scroll","background-type":"","background-media":"","overlay-type":"","overlay-color":"","overlay-opacity":"","overlay-gradient":""},"mobile":{"background-color":"","background-image":"","background-repeat":"repeat","background-position":"center center","background-size":"auto","background-attachment":"scroll","background-type":"","background-media":"","overlay-type":"","overlay-color":"","overlay-opacity":"","overlay-gradient":""}},"ast-content-background-meta":{"desktop":{"background-color":"var(--ast-global-color-5)","background-image":"","background-repeat":"repeat","background-position":"center center","background-size":"auto","background-attachment":"scroll","background-type":"","background-media":"","overlay-type":"","overlay-color":"","overlay-opacity":"","overlay-gradient":""},"tablet":{"background-color":"var(--ast-global-color-5)","background-image":"","background-repeat":"repeat","background-position":"center center","background-size":"auto","background-attachment":"scroll","background-type":"","background-media":"","overlay-type":"","overlay-color":"","overlay-opacity":"","overlay-gradient":""},"mobile":{"background-color":"var(--ast-global-color-5)","background-image":"","background-repeat":"repeat","background-position":"center center","background-size":"auto","background-attachment":"scroll","background-type":"","background-media":"","overlay-type":"","overlay-color":"","overlay-opacity":"","overlay-gradient":""}}},"product_brand":[],"product_cat":[17,18],"product_tag":[],"class_list":{"0":"post-249","1":"product","2":"type-product","3":"status-publish","4":"has-post-thumbnail","6":"product_cat-animales-de-produccion","7":"product_cat-antibioticos","8":"desktop-align-left","9":"tablet-align-left","10":"mobile-align-left","12":"first","13":"instock","14":"shipping-taxable","15":"product-type-simple"},"acf":[],"yoast_head":"<!-- This site is optimized with the Yoast SEO plugin v27.3 - https:\/\/yoast.com\/product\/yoast-seo-wordpress\/ -->\n<title>Ceftiofur S\u00f3dico - antibi\u00f3tico inyectable | VECOL<\/title>\n<meta name=\"robots\" content=\"index, follow, max-snippet:-1, max-image-preview:large, max-video-preview:-1\" \/>\n<link rel=\"canonical\" href=\"https:\/\/www.vecol.com.co\/en\/product\/ceftiofur-sodico\/\" \/>\n<meta property=\"og:locale\" content=\"en_US\" \/>\n<meta property=\"og:type\" content=\"article\" \/>\n<meta property=\"og:title\" content=\"Ceftiofur S\u00f3dico - antibi\u00f3tico inyectable | VECOL\" \/>\n<meta property=\"og:description\" content=\"Antibi\u00f3tico inyectable de amplio espectro para el tratamiento de enfermedades respiratorias y tracto urinario\" \/>\n<meta property=\"og:url\" content=\"https:\/\/www.vecol.com.co\/en\/product\/ceftiofur-sodico\/\" \/>\n<meta property=\"og:site_name\" content=\"VECOL\" \/>\n<meta property=\"article:publisher\" content=\"https:\/\/www.facebook.com\/vecolveterinaria\" \/>\n<meta property=\"article:modified_time\" content=\"2024-12-13T17:20:33+00:00\" \/>\n<meta property=\"og:image\" content=\"https:\/\/www.vecol.com.co\/wp-content\/uploads\/2020\/03\/CEFTIOFUR-SODICO.jpg\" \/>\n\t<meta property=\"og:image:width\" content=\"1920\" \/>\n\t<meta property=\"og:image:height\" content=\"1920\" \/>\n\t<meta property=\"og:image:type\" content=\"image\/jpeg\" \/>\n<meta name=\"twitter:card\" content=\"summary_large_image\" \/>\n<meta name=\"twitter:site\" content=\"@VecolColombia\" \/>\n<meta name=\"twitter:label1\" content=\"Est. reading time\" \/>\n\t<meta name=\"twitter:data1\" content=\"1 minute\" \/>\n<script type=\"application\/ld+json\" class=\"yoast-schema-graph\">{\"@context\":\"https:\\\/\\\/schema.org\",\"@graph\":[{\"@type\":\"WebPage\",\"@id\":\"https:\\\/\\\/www.vecol.com.co\\\/producto\\\/ceftiofur-sodico\\\/\",\"url\":\"https:\\\/\\\/www.vecol.com.co\\\/producto\\\/ceftiofur-sodico\\\/\",\"name\":\"Ceftiofur S\u00f3dico - antibi\u00f3tico inyectable | VECOL\",\"isPartOf\":{\"@id\":\"https:\\\/\\\/www.vecol.com.co\\\/#website\"},\"primaryImageOfPage\":{\"@id\":\"https:\\\/\\\/www.vecol.com.co\\\/producto\\\/ceftiofur-sodico\\\/#primaryimage\"},\"image\":{\"@id\":\"https:\\\/\\\/www.vecol.com.co\\\/producto\\\/ceftiofur-sodico\\\/#primaryimage\"},\"thumbnailUrl\":\"https:\\\/\\\/www.vecol.com.co\\\/wp-content\\\/uploads\\\/2020\\\/03\\\/CEFTIOFUR-SODICO.jpg\",\"datePublished\":\"2020-03-26T21:39:22+00:00\",\"dateModified\":\"2024-12-13T17:20:33+00:00\",\"breadcrumb\":{\"@id\":\"https:\\\/\\\/www.vecol.com.co\\\/producto\\\/ceftiofur-sodico\\\/#breadcrumb\"},\"inLanguage\":\"en-US\",\"potentialAction\":[{\"@type\":\"ReadAction\",\"target\":[\"https:\\\/\\\/www.vecol.com.co\\\/producto\\\/ceftiofur-sodico\\\/\"]}]},{\"@type\":\"ImageObject\",\"inLanguage\":\"en-US\",\"@id\":\"https:\\\/\\\/www.vecol.com.co\\\/producto\\\/ceftiofur-sodico\\\/#primaryimage\",\"url\":\"https:\\\/\\\/www.vecol.com.co\\\/wp-content\\\/uploads\\\/2020\\\/03\\\/CEFTIOFUR-SODICO.jpg\",\"contentUrl\":\"https:\\\/\\\/www.vecol.com.co\\\/wp-content\\\/uploads\\\/2020\\\/03\\\/CEFTIOFUR-SODICO.jpg\",\"width\":1920,\"height\":1920,\"caption\":\"CEFTIOFUR SODICO\"},{\"@type\":\"BreadcrumbList\",\"@id\":\"https:\\\/\\\/www.vecol.com.co\\\/producto\\\/ceftiofur-sodico\\\/#breadcrumb\",\"itemListElement\":[{\"@type\":\"ListItem\",\"position\":1,\"name\":\"Inicio\",\"item\":\"https:\\\/\\\/www.vecol.com.co\\\/\"},{\"@type\":\"ListItem\",\"position\":2,\"name\":\"Productos\",\"item\":\"https:\\\/\\\/www.vecol.com.co\\\/productos\\\/\"},{\"@type\":\"ListItem\",\"position\":3,\"name\":\"Ceftiofur S\u00f3dico\"}]},{\"@type\":\"WebSite\",\"@id\":\"https:\\\/\\\/www.vecol.com.co\\\/#website\",\"url\":\"https:\\\/\\\/www.vecol.com.co\\\/\",\"name\":\"VECOL\",\"description\":\"Empresa Colombiana de Productos Veterinarios\",\"publisher\":{\"@id\":\"https:\\\/\\\/www.vecol.com.co\\\/#organization\"},\"potentialAction\":[{\"@type\":\"SearchAction\",\"target\":{\"@type\":\"EntryPoint\",\"urlTemplate\":\"https:\\\/\\\/www.vecol.com.co\\\/?s={search_term_string}\"},\"query-input\":{\"@type\":\"PropertyValueSpecification\",\"valueRequired\":true,\"valueName\":\"search_term_string\"}}],\"inLanguage\":\"en-US\"},{\"@type\":\"Organization\",\"@id\":\"https:\\\/\\\/www.vecol.com.co\\\/#organization\",\"name\":\"Empresa Colombiana de Productos Veterinarios\",\"url\":\"https:\\\/\\\/www.vecol.com.co\\\/\",\"logo\":{\"@type\":\"ImageObject\",\"inLanguage\":\"en-US\",\"@id\":\"https:\\\/\\\/www.vecol.com.co\\\/#\\\/schema\\\/logo\\\/image\\\/\",\"url\":\"https:\\\/\\\/www.vecol.com.co\\\/wp-content\\\/uploads\\\/2023\\\/07\\\/logoVecol.png\",\"contentUrl\":\"https:\\\/\\\/www.vecol.com.co\\\/wp-content\\\/uploads\\\/2023\\\/07\\\/logoVecol.png\",\"width\":106,\"height\":106,\"caption\":\"Empresa Colombiana de Productos Veterinarios\"},\"image\":{\"@id\":\"https:\\\/\\\/www.vecol.com.co\\\/#\\\/schema\\\/logo\\\/image\\\/\"},\"sameAs\":[\"https:\\\/\\\/www.facebook.com\\\/vecolveterinaria\",\"https:\\\/\\\/x.com\\\/VecolColombia\"]}]}<\/script>\n<!-- \/ Yoast SEO plugin. -->","yoast_head_json":{"title":"Ceftiofur sodium - antibiotic for injection | VECOL","robots":{"index":"index","follow":"follow","max-snippet":"max-snippet:-1","max-image-preview":"max-image-preview:large","max-video-preview":"max-video-preview:-1"},"canonical":"https:\/\/www.vecol.com.co\/en\/product\/ceftiofur-sodico\/","og_locale":"en_US","og_type":"article","og_title":"Ceftiofur S\u00f3dico - antibi\u00f3tico inyectable | VECOL","og_description":"Antibi\u00f3tico inyectable de amplio espectro para el tratamiento de enfermedades respiratorias y tracto urinario","og_url":"https:\/\/www.vecol.com.co\/en\/product\/ceftiofur-sodico\/","og_site_name":"VECOL","article_publisher":"https:\/\/www.facebook.com\/vecolveterinaria","article_modified_time":"2024-12-13T17:20:33+00:00","og_image":[{"width":1920,"height":1920,"url":"https:\/\/www.vecol.com.co\/wp-content\/uploads\/2020\/03\/CEFTIOFUR-SODICO.jpg","type":"image\/jpeg"}],"twitter_card":"summary_large_image","twitter_site":"@VecolColombia","twitter_misc":{"Est. reading time":"1 minute"},"schema":{"@context":"https:\/\/schema.org","@graph":[{"@type":"WebPage","@id":"https:\/\/www.vecol.com.co\/producto\/ceftiofur-sodico\/","url":"https:\/\/www.vecol.com.co\/producto\/ceftiofur-sodico\/","name":"Ceftiofur sodium - antibiotic for injection | VECOL","isPartOf":{"@id":"https:\/\/www.vecol.com.co\/#website"},"primaryImageOfPage":{"@id":"https:\/\/www.vecol.com.co\/producto\/ceftiofur-sodico\/#primaryimage"},"image":{"@id":"https:\/\/www.vecol.com.co\/producto\/ceftiofur-sodico\/#primaryimage"},"thumbnailUrl":"https:\/\/www.vecol.com.co\/wp-content\/uploads\/2020\/03\/CEFTIOFUR-SODICO.jpg","datePublished":"2020-03-26T21:39:22+00:00","dateModified":"2024-12-13T17:20:33+00:00","breadcrumb":{"@id":"https:\/\/www.vecol.com.co\/producto\/ceftiofur-sodico\/#breadcrumb"},"inLanguage":"en-US","potentialAction":[{"@type":"ReadAction","target":["https:\/\/www.vecol.com.co\/producto\/ceftiofur-sodico\/"]}]},{"@type":"ImageObject","inLanguage":"en-US","@id":"https:\/\/www.vecol.com.co\/producto\/ceftiofur-sodico\/#primaryimage","url":"https:\/\/www.vecol.com.co\/wp-content\/uploads\/2020\/03\/CEFTIOFUR-SODICO.jpg","contentUrl":"https:\/\/www.vecol.com.co\/wp-content\/uploads\/2020\/03\/CEFTIOFUR-SODICO.jpg","width":1920,"height":1920,"caption":"CEFTIOFUR SODICO"},{"@type":"BreadcrumbList","@id":"https:\/\/www.vecol.com.co\/producto\/ceftiofur-sodico\/#breadcrumb","itemListElement":[{"@type":"ListItem","position":1,"name":"Inicio","item":"https:\/\/www.vecol.com.co\/"},{"@type":"ListItem","position":2,"name":"Productos","item":"https:\/\/www.vecol.com.co\/productos\/"},{"@type":"ListItem","position":3,"name":"Ceftiofur S\u00f3dico"}]},{"@type":"WebSite","@id":"https:\/\/www.vecol.com.co\/#website","url":"https:\/\/www.vecol.com.co\/","name":"VECOL","description":"Colombian Veterinary Products Company","publisher":{"@id":"https:\/\/www.vecol.com.co\/#organization"},"potentialAction":[{"@type":"SearchAction","target":{"@type":"EntryPoint","urlTemplate":"https:\/\/www.vecol.com.co\/?s={search_term_string}"},"query-input":{"@type":"PropertyValueSpecification","valueRequired":true,"valueName":"search_term_string"}}],"inLanguage":"en-US"},{"@type":"Organization","@id":"https:\/\/www.vecol.com.co\/#organization","name":"Colombian Veterinary Products Company","url":"https:\/\/www.vecol.com.co\/","logo":{"@type":"ImageObject","inLanguage":"en-US","@id":"https:\/\/www.vecol.com.co\/#\/schema\/logo\/image\/","url":"https:\/\/www.vecol.com.co\/wp-content\/uploads\/2023\/07\/logoVecol.png","contentUrl":"https:\/\/www.vecol.com.co\/wp-content\/uploads\/2023\/07\/logoVecol.png","width":106,"height":106,"caption":"Empresa Colombiana de Productos Veterinarios"},"image":{"@id":"https:\/\/www.vecol.com.co\/#\/schema\/logo\/image\/"},"sameAs":["https:\/\/www.facebook.com\/vecolveterinaria","https:\/\/x.com\/VecolColombia"]}]}},"_links":{"self":[{"href":"https:\/\/www.vecol.com.co\/en\/wp-json\/wp\/v2\/product\/249","targetHints":{"allow":["GET"]}}],"collection":[{"href":"https:\/\/www.vecol.com.co\/en\/wp-json\/wp\/v2\/product"}],"about":[{"href":"https:\/\/www.vecol.com.co\/en\/wp-json\/wp\/v2\/types\/product"}],"wp:featuredmedia":[{"embeddable":true,"href":"https:\/\/www.vecol.com.co\/en\/wp-json\/wp\/v2\/media\/3024"}],"wp:attachment":[{"href":"https:\/\/www.vecol.com.co\/en\/wp-json\/wp\/v2\/media?parent=249"}],"wp:term":[{"taxonomy":"product_brand","embeddable":true,"href":"https:\/\/www.vecol.com.co\/en\/wp-json\/wp\/v2\/product_brand?post=249"},{"taxonomy":"product_cat","embeddable":true,"href":"https:\/\/www.vecol.com.co\/en\/wp-json\/wp\/v2\/product_cat?post=249"},{"taxonomy":"product_tag","embeddable":true,"href":"https:\/\/www.vecol.com.co\/en\/wp-json\/wp\/v2\/product_tag?post=249"}],"curies":[{"name":"wp","href":"https:\/\/api.w.org\/{rel}","templated":true}]}}