{"id":2247,"date":"2020-07-01T22:31:05","date_gmt":"2020-07-01T22:31:05","guid":{"rendered":"https:\/\/www.vecol.com.co\/?post_type=product&#038;p=2247"},"modified":"2024-09-04T15:31:00","modified_gmt":"2024-09-04T20:31:00","slug":"mancozeb","status":"publish","type":"product","link":"https:\/\/www.vecol.com.co\/en\/product\/mancozeb\/","title":{"rendered":"Mancozeb Vecol 80% WP"},"content":{"rendered":"<table width=\"572\">\n<tbody>\n<tr>\n<td width=\"152\"><strong>DESCRIPCI\u00d3N<\/strong><\/td>\n<td width=\"420\">\n<p style=\"text-align: justify;\">Mancozeb Vecol 80% WP, es un fungicida indicado para los cultivos de papa, tomate y arroz, de efecto preventivo, para el control de una amplia gama de enfermedades. Pertenece al grupo de los ditiocarbamatos.<\/p>\n<\/td>\n<\/tr>\n<tr>\n<td width=\"152\"><strong>PRESENTACI\u00d3N Y FORMULACI\u00d3N<\/strong>><\/td>\n<td width=\"420\">1 Kilo | Polvo Mojable (WP)<\/td>\n<\/tr>\n<tr>\n<td width=\"152\"><strong>INGREDIENTE ACTIVO <\/strong><\/td>\n<td width=\"420\">MANCOZEB\u2026.640 g\/kilo<\/td>\n<\/tr>\n<tr>\n<td width=\"152\"><strong>CONTRAINDICACIONES &#8211; FITOTOXICIDAD &#8211; COMPATIBILIDAD<\/strong><\/td>\n<td width=\"420\">\n<p style=\"text-align: justify;\">MANCOZEB VECOL 80% W. P. es compatible con la mayor\u00eda de los plaguicidas, sin embargo no es compatible con productos de reacci\u00f3n alcalina. Se recomienda realizar prueba de compatibilidad, previa a la aplicaci\u00f3n. No se debe mezclar con compuestos c\u00e1lcicos como arseniatos y polisulfuros de calcio ya que en esta forma puede cambiar su actividad fungicida protectora residual a un efecto instant\u00e1neo. En mezclas con compuestos c\u00fapricos, debe utilizarse inmediatamente. Es incompatible con fertilizantes, no puede mezclarse con urea o fertilizantes que contengan amoniaco, pues produce floculaci\u00f3n.<\/p>\n<\/td>\n<\/tr>\n<tr>\n<td width=\"152\"><strong>FORMA DE ADMINISTRACI\u00d3N<\/strong><\/td>\n<td width=\"420\">\n<p style=\"text-align: justify;\">El volumen a aplicar depende del cultivo y el estado fenol\u00f3gico que tenga, asegurar el buen cubrimiento en la aspersi\u00f3n.<\/p>\n<\/td>\n<\/tr>\n<tr style=\"text-align: justify;\">\n<td width=\"152\"><strong>MODO DE ACCI\u00d3N<\/strong><\/td>\n<td width=\"420\">Fungicida org\u00e1nico de efecto preventivo. Act\u00faa por contacto sobre una gran variedad de hongos causantes de enfermedades en diversos cultivos.<\/td>\n<\/tr>\n<tr>\n<td style=\"text-align: justify;\" width=\"152\"><strong>FRECUENCIA Y \u00c9POCA DE APLICACI\u00d3N<\/strong><\/td>\n<td width=\"420\">\n<p style=\"text-align: justify;\">La frecuencia de aplicaci\u00f3n depende de los monitoreos; incidencia y severidad de las enfermedades y las condiciones agroclim\u00e1ticas.<\/p>\n<\/td>\n<\/tr>\n<tr>\n<td width=\"152\"><strong>REGISTRO ICA N\u00b0<\/strong><\/td>\n<td width=\"420\">PL0009832023 a nombre de VECOL S.A<\/td>\n<\/tr>\n<tr>\n<td width=\"152\"><strong>BLANCO BIOL\u00d3GICO<\/strong><\/td>\n<td width=\"420\">PAPA Y TOMATE: Gota<\/p>\n<p>                ARROZ: Pyricularia<\/td>\n<\/tr>\n<tr>\n<td width=\"152\"><strong>CULTIVOS<\/strong><\/td>\n<td width=\"420\">Papa, tomate y arroz<\/td>\n<\/tr>\n<tr>\n<td width=\"152\"><strong>DOSIS POR CULTIVO<\/strong><\/td>\n<td width=\"420\">\n<ul>\n<li>Papa 1,5 KG\/HA<\/li>\n<li>Arroz 3.0 KG\/HA<\/li>\n<li>Tomate 1,5 KG\/HA<\/li>\n<\/ul>\n<\/td>\n<\/tr>\n<tr>\n<td width=\"152\"><strong>TIPO PRODUCTO <\/strong><\/td>\n<td width=\"420\">\n<p style=\"text-align: justify;\">Fungicida<\/p>\n<\/td>\n<\/tr>\n<tr>\n<td width=\"152\"><strong>INDICACIONES<\/strong><\/td>\n<td width=\"420\">\n<p style=\"text-align: justify;\">Es un fungicida org\u00e1nico de efecto preventivo, formulado como polvo mojable para el control de una amplia gama de enfermedades, act\u00faa por contacto sobre una gran variedad de hongos causantes de enfermedades en diversos cultivos. Pertenece al grupo qu\u00edmico de los ditiocarbamatos.<\/p>\n<\/td>\n<\/tr>\n<tr>\n<td width=\"152\"><strong>USOS Y BLANCO BIOL\u00d3GICO<\/strong><\/td>\n<td width=\"420\">\n<p style=\"text-align: justify;\"><strong>CULTIVO:<\/strong> Papa<\/p>\n<p style=\"text-align: justify;\"><strong>BLANCO BIOL\u00d3GICO:<\/strong>Gota (Phythopthora infestans)<\/p>\n<p style=\"text-align: justify;\"><strong>DOSIS:<\/strong>1.5 Kg\/Ha<\/p>\n<p style=\"text-align: justify;\">\n<p style=\"text-align: justify;\"><strong>CULTIVO:<\/strong> Tomate<\/p>\n<p style=\"text-align: justify;\"><strong>BLANCO BIOL\u00d3GICO:<\/strong>Gota (Phythopthorainfestans)<\/p>\n<p style=\"text-align: justify;\"><strong>DOSIS:<\/strong>1.5 Kg\/Ha<\/p>\n<p style=\"text-align: justify;\">\n<p style=\"text-align: justify;\"><strong>CULTIVO:<\/strong> Arroz<\/p>\n<p style=\"text-align: justify;\"><strong>BLANCO BIOL\u00d3GICO:<\/strong>Piricularia (Pyricularia oryzae)<\/p>\n<p style=\"text-align: justify;\"><strong>DOSIS:<\/strong>3.0 Kg\/Ha<\/p>\n<\/td>\n<\/tr>\n<tr>\n<td width=\"152\"><strong>PERIODO DE REENTRADA<\/strong><\/td>\n<td width=\"420\">\n<p style=\"text-align: justify;\"><strong>CULTIVO:<\/strong> Papa<\/p>\n<p style=\"text-align: justify;\"><strong>PR:<\/strong> 4 horas<\/p>\n<p style=\"text-align: justify;\">\n<p style=\"text-align: justify;\"><strong>CULTIVO:<\/strong> Tomate<\/p>\n<p style=\"text-align: justify;\"><strong>PR:<\/strong> 4 horas<\/p>\n<p style=\"text-align: justify;\">\n<p style=\"text-align: justify;\"><strong>CULTIVO:<\/strong> Arroz<\/p>\n<p style=\"text-align: justify;\"><strong>PR:<\/strong> 4 horas<\/p>\n<\/td>\n<\/tr>\n<tr>\n<td width=\"152\"><strong>PERIODO DE CARENCIA<\/strong><\/td>\n<td width=\"420\">\n<p style=\"text-align: justify;\"><strong>CULTIVO:<\/strong> Papa<\/p>\n<p style=\"text-align: justify;\"><strong>PC:<\/strong>14 d\u00edas<\/p>\n<p style=\"text-align: justify;\">\n<p style=\"text-align: justify;\"><strong>CULTIVO:<\/strong> Tomate<\/p>\n<p style=\"text-align: justify;\"><strong>PC:<\/strong>14 d\u00edas<\/p>\n<p style=\"text-align: justify;\">\n<p style=\"text-align: justify;\"><strong>CULTIVO:<\/strong> Arroz<\/p>\n<p style=\"text-align: justify;\"><strong>PC:<\/strong>14 d\u00edas<\/p>\n<\/td>\n<\/tr>\n<tr>\n<td width=\"152\"><strong>PRECAUCIONES Y ALMACENAMIENTO<\/strong><\/td>\n<td width=\"420\">\n<p style=\"text-align: justify;\"><strong>Evaluaci\u00f3n del Riesgo ambiental:<\/strong><\/p>\n<ul>\n                    <l\u00f1i>Aves: Riesgo para las aves.<\/l\u00f1i><br \/>\n                    <l\u00f1i>Peces: Ligeramente t\u00f3xico para los peces.<\/l\u00f1i><br \/>\n                    <l\u00f1i>Abejas: Altamente t\u00f3xico para las abejas.<\/l\u00f1i><br \/>\n                    <l\u00f1i>Lombriz de tierra: Moderadamente t\u00f3xico para las lombrices.<\/l\u00f1i>\n                <\/ul>\n<p style=\"text-align: justify;\">\u201cPara la aplicaci\u00f3n a\u00e9rea y terrestre respetar la franja de seguridad de 100 y 10 metros respectivamente con relaci\u00f3n a cuerpos de agua\u201d<\/p>\n<p style=\"text-align: justify;\">\u201cNo contaminar lagos, r\u00edos, estanques o arroyos con los desechos y envases vac\u00edos\u201d<\/p>\n<p style=\"text-align: justify;\">\u201cEn caso de derrame recoger el producto o depositarlo en el sitio destinado por las autoridades locales para este fin\u201d<\/p>\n<p style=\"text-align: justify;\">\u201cNo contaminar las fuentes de agua con los restos de la aplicaci\u00f3n o sobrante del producto\u201d<\/p>\n<p style=\"text-align: justify;\"><strong>ALMACENAMIENTO Y MANEJO DEL PRODUCTO<\/strong><\/p>\n<p style=\"text-align: justify;\">\u201cNo almacenar en casas de habitaci\u00f3n\u201d<\/p>\n<p style=\"text-align: justify;\">\u201cNo almacenar ni transportar conjuntamente con alimentos, medicinas, bebidas ni forrajes\u201d<\/p>\n<p style=\"text-align: justify;\">\u201cConservar el producto en el envase original etiquetado y cerrado\u201d<\/p>\n<p style=\"text-align: justify;\">\u201cNo re-envasar o depositar el contenido en otros envases\u201d<\/p>\n<p style=\"text-align: justify;\">\u201cNo debe transportarse con productos de consumo humano o animal\u201d<\/p>\n<p style=\"text-align: justify;\">EMERGENCIAS TOXICOL\u00d3GICAS 24 HORAS CISPROQUIM 018000916012 fuera de Bogot\u00e1. En Bogot\u00e1 comunicarse con el tel\u00e9fono (57) 1 2886012.<\/p>\n<\/td>\n<\/tr>\n<tr>\n<td width=\"152\"><strong>REGISTRO ICA<\/strong><\/td>\n<td width=\"420\">\n<p style=\"text-align: justify;\"><strong>PL0009832023<\/strong><\/p>\n<\/td>\n<\/tr>\n<\/tbody>\n<\/table>","protected":false},"excerpt":{"rendered":"<p>Mancozeb Vecol 80% WP, es un fungicida indicado para los cultivos de papa, tomate y arroz, de efecto preventivo, para el control de una amplia gama de enfermedades. Pertenece al grupo de los ditiocarbamatos.<\/p>","protected":false},"featured_media":2992,"template":"","meta":{"_acf_changed":false,"site-sidebar-layout":"default","site-content-layout":"default","ast-site-content-layout":"default","site-content-style":"default","site-sidebar-style":"default","ast-global-header-display":"","ast-banner-title-visibility":"","ast-main-header-display":"","ast-hfb-above-header-display":"","ast-hfb-below-header-display":"","ast-hfb-mobile-header-display":"","site-post-title":"","ast-breadcrumbs-content":"","ast-featured-img":"","footer-sml-layout":"","ast-disable-related-posts":"","theme-transparent-header-meta":"default","adv-header-id-meta":"","stick-header-meta":"","header-above-stick-meta":"","header-main-stick-meta":"","header-below-stick-meta":"","astra-migrate-meta-layouts":"set","ast-page-background-enabled":"default","ast-page-background-meta":{"desktop":{"background-color":"","background-image":"","background-repeat":"repeat","background-position":"center center","background-size":"auto","background-attachment":"scroll","background-type":"","background-media":"","overlay-type":"","overlay-color":"","overlay-opacity":"","overlay-gradient":""},"tablet":{"background-color":"","background-image":"","background-repeat":"repeat","background-position":"center center","background-size":"auto","background-attachment":"scroll","background-type":"","background-media":"","overlay-type":"","overlay-color":"","overlay-opacity":"","overlay-gradient":""},"mobile":{"background-color":"","background-image":"","background-repeat":"repeat","background-position":"center center","background-size":"auto","background-attachment":"scroll","background-type":"","background-media":"","overlay-type":"","overlay-color":"","overlay-opacity":"","overlay-gradient":""}},"ast-content-background-meta":{"desktop":{"background-color":"var(--ast-global-color-5)","background-image":"","background-repeat":"repeat","background-position":"center center","background-size":"auto","background-attachment":"scroll","background-type":"","background-media":"","overlay-type":"","overlay-color":"","overlay-opacity":"","overlay-gradient":""},"tablet":{"background-color":"var(--ast-global-color-5)","background-image":"","background-repeat":"repeat","background-position":"center center","background-size":"auto","background-attachment":"scroll","background-type":"","background-media":"","overlay-type":"","overlay-color":"","overlay-opacity":"","overlay-gradient":""},"mobile":{"background-color":"var(--ast-global-color-5)","background-image":"","background-repeat":"repeat","background-position":"center center","background-size":"auto","background-attachment":"scroll","background-type":"","background-media":"","overlay-type":"","overlay-color":"","overlay-opacity":"","overlay-gradient":""}}},"product_brand":[],"product_cat":[23,24],"product_tag":[],"class_list":{"0":"post-2247","1":"product","2":"type-product","3":"status-publish","4":"has-post-thumbnail","6":"product_cat-agricola-y-fertilizantes","7":"product_cat-fungicidas","8":"desktop-align-left","9":"tablet-align-left","10":"mobile-align-left","12":"first","13":"instock","14":"shipping-taxable","15":"product-type-simple"},"acf":[],"yoast_head":"<!-- This site is optimized with the Yoast SEO plugin v27.3 - https:\/\/yoast.com\/product\/yoast-seo-wordpress\/ -->\n<title>Mancozeb Vecol 80% WP - VECOL<\/title>\n<meta name=\"robots\" content=\"index, follow, max-snippet:-1, max-image-preview:large, max-video-preview:-1\" \/>\n<link rel=\"canonical\" href=\"https:\/\/www.vecol.com.co\/en\/product\/mancozeb\/\" \/>\n<meta property=\"og:locale\" content=\"en_US\" \/>\n<meta property=\"og:type\" content=\"article\" \/>\n<meta property=\"og:title\" content=\"Mancozeb Vecol 80% WP - VECOL\" \/>\n<meta property=\"og:description\" content=\"Mancozeb Vecol 80% WP, es un fungicida indicado para los cultivos de papa, tomate y arroz, de efecto preventivo, para el control de una amplia gama de enfermedades. Pertenece al grupo de los ditiocarbamatos.\" \/>\n<meta property=\"og:url\" content=\"https:\/\/www.vecol.com.co\/en\/product\/mancozeb\/\" \/>\n<meta property=\"og:site_name\" content=\"VECOL\" \/>\n<meta property=\"article:publisher\" content=\"https:\/\/www.facebook.com\/vecolveterinaria\" \/>\n<meta property=\"article:modified_time\" content=\"2024-09-04T20:31:00+00:00\" \/>\n<meta property=\"og:image\" content=\"https:\/\/www.vecol.com.co\/wp-content\/uploads\/2020\/07\/mancozeb8.jpg\" \/>\n\t<meta property=\"og:image:width\" content=\"1920\" \/>\n\t<meta property=\"og:image:height\" content=\"1920\" \/>\n\t<meta property=\"og:image:type\" content=\"image\/jpeg\" \/>\n<meta name=\"twitter:card\" content=\"summary_large_image\" \/>\n<meta name=\"twitter:site\" content=\"@VecolColombia\" \/>\n<meta name=\"twitter:label1\" content=\"Est. reading time\" \/>\n\t<meta name=\"twitter:data1\" content=\"3 minutes\" \/>\n<script type=\"application\/ld+json\" class=\"yoast-schema-graph\">{\"@context\":\"https:\\\/\\\/schema.org\",\"@graph\":[{\"@type\":\"WebPage\",\"@id\":\"https:\\\/\\\/www.vecol.com.co\\\/producto\\\/mancozeb\\\/\",\"url\":\"https:\\\/\\\/www.vecol.com.co\\\/producto\\\/mancozeb\\\/\",\"name\":\"Mancozeb Vecol 80% WP - VECOL\",\"isPartOf\":{\"@id\":\"https:\\\/\\\/www.vecol.com.co\\\/#website\"},\"primaryImageOfPage\":{\"@id\":\"https:\\\/\\\/www.vecol.com.co\\\/producto\\\/mancozeb\\\/#primaryimage\"},\"image\":{\"@id\":\"https:\\\/\\\/www.vecol.com.co\\\/producto\\\/mancozeb\\\/#primaryimage\"},\"thumbnailUrl\":\"https:\\\/\\\/www.vecol.com.co\\\/wp-content\\\/uploads\\\/2020\\\/07\\\/mancozeb8.jpg\",\"datePublished\":\"2020-07-01T22:31:05+00:00\",\"dateModified\":\"2024-09-04T20:31:00+00:00\",\"breadcrumb\":{\"@id\":\"https:\\\/\\\/www.vecol.com.co\\\/producto\\\/mancozeb\\\/#breadcrumb\"},\"inLanguage\":\"en-US\",\"potentialAction\":[{\"@type\":\"ReadAction\",\"target\":[\"https:\\\/\\\/www.vecol.com.co\\\/producto\\\/mancozeb\\\/\"]}]},{\"@type\":\"ImageObject\",\"inLanguage\":\"en-US\",\"@id\":\"https:\\\/\\\/www.vecol.com.co\\\/producto\\\/mancozeb\\\/#primaryimage\",\"url\":\"https:\\\/\\\/www.vecol.com.co\\\/wp-content\\\/uploads\\\/2020\\\/07\\\/mancozeb8.jpg\",\"contentUrl\":\"https:\\\/\\\/www.vecol.com.co\\\/wp-content\\\/uploads\\\/2020\\\/07\\\/mancozeb8.jpg\",\"width\":1920,\"height\":1920,\"caption\":\"mancozeb8\"},{\"@type\":\"BreadcrumbList\",\"@id\":\"https:\\\/\\\/www.vecol.com.co\\\/producto\\\/mancozeb\\\/#breadcrumb\",\"itemListElement\":[{\"@type\":\"ListItem\",\"position\":1,\"name\":\"Inicio\",\"item\":\"https:\\\/\\\/www.vecol.com.co\\\/\"},{\"@type\":\"ListItem\",\"position\":2,\"name\":\"Productos\",\"item\":\"https:\\\/\\\/www.vecol.com.co\\\/productos\\\/\"},{\"@type\":\"ListItem\",\"position\":3,\"name\":\"Mancozeb Vecol 80% WP\"}]},{\"@type\":\"WebSite\",\"@id\":\"https:\\\/\\\/www.vecol.com.co\\\/#website\",\"url\":\"https:\\\/\\\/www.vecol.com.co\\\/\",\"name\":\"VECOL\",\"description\":\"Empresa Colombiana de Productos Veterinarios\",\"publisher\":{\"@id\":\"https:\\\/\\\/www.vecol.com.co\\\/#organization\"},\"potentialAction\":[{\"@type\":\"SearchAction\",\"target\":{\"@type\":\"EntryPoint\",\"urlTemplate\":\"https:\\\/\\\/www.vecol.com.co\\\/?s={search_term_string}\"},\"query-input\":{\"@type\":\"PropertyValueSpecification\",\"valueRequired\":true,\"valueName\":\"search_term_string\"}}],\"inLanguage\":\"en-US\"},{\"@type\":\"Organization\",\"@id\":\"https:\\\/\\\/www.vecol.com.co\\\/#organization\",\"name\":\"Empresa Colombiana de Productos Veterinarios\",\"url\":\"https:\\\/\\\/www.vecol.com.co\\\/\",\"logo\":{\"@type\":\"ImageObject\",\"inLanguage\":\"en-US\",\"@id\":\"https:\\\/\\\/www.vecol.com.co\\\/#\\\/schema\\\/logo\\\/image\\\/\",\"url\":\"https:\\\/\\\/www.vecol.com.co\\\/wp-content\\\/uploads\\\/2023\\\/07\\\/logoVecol.png\",\"contentUrl\":\"https:\\\/\\\/www.vecol.com.co\\\/wp-content\\\/uploads\\\/2023\\\/07\\\/logoVecol.png\",\"width\":106,\"height\":106,\"caption\":\"Empresa Colombiana de Productos Veterinarios\"},\"image\":{\"@id\":\"https:\\\/\\\/www.vecol.com.co\\\/#\\\/schema\\\/logo\\\/image\\\/\"},\"sameAs\":[\"https:\\\/\\\/www.facebook.com\\\/vecolveterinaria\",\"https:\\\/\\\/x.com\\\/VecolColombia\"]}]}<\/script>\n<!-- \/ Yoast SEO plugin. -->","yoast_head_json":{"title":"Mancozeb Vecol 80% WP - VECOL","robots":{"index":"index","follow":"follow","max-snippet":"max-snippet:-1","max-image-preview":"max-image-preview:large","max-video-preview":"max-video-preview:-1"},"canonical":"https:\/\/www.vecol.com.co\/en\/product\/mancozeb\/","og_locale":"en_US","og_type":"article","og_title":"Mancozeb Vecol 80% WP - VECOL","og_description":"Mancozeb Vecol 80% WP, es un fungicida indicado para los cultivos de papa, tomate y arroz, de efecto preventivo, para el control de una amplia gama de enfermedades. Pertenece al grupo de los ditiocarbamatos.","og_url":"https:\/\/www.vecol.com.co\/en\/product\/mancozeb\/","og_site_name":"VECOL","article_publisher":"https:\/\/www.facebook.com\/vecolveterinaria","article_modified_time":"2024-09-04T20:31:00+00:00","og_image":[{"width":1920,"height":1920,"url":"https:\/\/www.vecol.com.co\/wp-content\/uploads\/2020\/07\/mancozeb8.jpg","type":"image\/jpeg"}],"twitter_card":"summary_large_image","twitter_site":"@VecolColombia","twitter_misc":{"Est. reading time":"3 minutes"},"schema":{"@context":"https:\/\/schema.org","@graph":[{"@type":"WebPage","@id":"https:\/\/www.vecol.com.co\/producto\/mancozeb\/","url":"https:\/\/www.vecol.com.co\/producto\/mancozeb\/","name":"Mancozeb Vecol 80% WP - VECOL","isPartOf":{"@id":"https:\/\/www.vecol.com.co\/#website"},"primaryImageOfPage":{"@id":"https:\/\/www.vecol.com.co\/producto\/mancozeb\/#primaryimage"},"image":{"@id":"https:\/\/www.vecol.com.co\/producto\/mancozeb\/#primaryimage"},"thumbnailUrl":"https:\/\/www.vecol.com.co\/wp-content\/uploads\/2020\/07\/mancozeb8.jpg","datePublished":"2020-07-01T22:31:05+00:00","dateModified":"2024-09-04T20:31:00+00:00","breadcrumb":{"@id":"https:\/\/www.vecol.com.co\/producto\/mancozeb\/#breadcrumb"},"inLanguage":"en-US","potentialAction":[{"@type":"ReadAction","target":["https:\/\/www.vecol.com.co\/producto\/mancozeb\/"]}]},{"@type":"ImageObject","inLanguage":"en-US","@id":"https:\/\/www.vecol.com.co\/producto\/mancozeb\/#primaryimage","url":"https:\/\/www.vecol.com.co\/wp-content\/uploads\/2020\/07\/mancozeb8.jpg","contentUrl":"https:\/\/www.vecol.com.co\/wp-content\/uploads\/2020\/07\/mancozeb8.jpg","width":1920,"height":1920,"caption":"mancozeb8"},{"@type":"BreadcrumbList","@id":"https:\/\/www.vecol.com.co\/producto\/mancozeb\/#breadcrumb","itemListElement":[{"@type":"ListItem","position":1,"name":"Inicio","item":"https:\/\/www.vecol.com.co\/"},{"@type":"ListItem","position":2,"name":"Productos","item":"https:\/\/www.vecol.com.co\/productos\/"},{"@type":"ListItem","position":3,"name":"Mancozeb Vecol 80% WP"}]},{"@type":"WebSite","@id":"https:\/\/www.vecol.com.co\/#website","url":"https:\/\/www.vecol.com.co\/","name":"VECOL","description":"Colombian Veterinary Products Company","publisher":{"@id":"https:\/\/www.vecol.com.co\/#organization"},"potentialAction":[{"@type":"SearchAction","target":{"@type":"EntryPoint","urlTemplate":"https:\/\/www.vecol.com.co\/?s={search_term_string}"},"query-input":{"@type":"PropertyValueSpecification","valueRequired":true,"valueName":"search_term_string"}}],"inLanguage":"en-US"},{"@type":"Organization","@id":"https:\/\/www.vecol.com.co\/#organization","name":"Colombian Veterinary Products Company","url":"https:\/\/www.vecol.com.co\/","logo":{"@type":"ImageObject","inLanguage":"en-US","@id":"https:\/\/www.vecol.com.co\/#\/schema\/logo\/image\/","url":"https:\/\/www.vecol.com.co\/wp-content\/uploads\/2023\/07\/logoVecol.png","contentUrl":"https:\/\/www.vecol.com.co\/wp-content\/uploads\/2023\/07\/logoVecol.png","width":106,"height":106,"caption":"Empresa Colombiana de Productos Veterinarios"},"image":{"@id":"https:\/\/www.vecol.com.co\/#\/schema\/logo\/image\/"},"sameAs":["https:\/\/www.facebook.com\/vecolveterinaria","https:\/\/x.com\/VecolColombia"]}]}},"_links":{"self":[{"href":"https:\/\/www.vecol.com.co\/en\/wp-json\/wp\/v2\/product\/2247","targetHints":{"allow":["GET"]}}],"collection":[{"href":"https:\/\/www.vecol.com.co\/en\/wp-json\/wp\/v2\/product"}],"about":[{"href":"https:\/\/www.vecol.com.co\/en\/wp-json\/wp\/v2\/types\/product"}],"wp:featuredmedia":[{"embeddable":true,"href":"https:\/\/www.vecol.com.co\/en\/wp-json\/wp\/v2\/media\/2992"}],"wp:attachment":[{"href":"https:\/\/www.vecol.com.co\/en\/wp-json\/wp\/v2\/media?parent=2247"}],"wp:term":[{"taxonomy":"product_brand","embeddable":true,"href":"https:\/\/www.vecol.com.co\/en\/wp-json\/wp\/v2\/product_brand?post=2247"},{"taxonomy":"product_cat","embeddable":true,"href":"https:\/\/www.vecol.com.co\/en\/wp-json\/wp\/v2\/product_cat?post=2247"},{"taxonomy":"product_tag","embeddable":true,"href":"https:\/\/www.vecol.com.co\/en\/wp-json\/wp\/v2\/product_tag?post=2247"}],"curies":[{"name":"wp","href":"https:\/\/api.w.org\/{rel}","templated":true}]}}