{"id":2245,"date":"2020-07-01T22:28:37","date_gmt":"2020-07-01T22:28:37","guid":{"rendered":"https:\/\/www.vecol.com.co\/?post_type=product&#038;p=2245"},"modified":"2024-12-27T10:35:19","modified_gmt":"2024-12-27T15:35:19","slug":"dimethomorf","status":"publish","type":"product","link":"https:\/\/www.vecol.com.co\/en\/product\/dimethomorf\/","title":{"rendered":"Dimethomorf Vecol 50% WP"},"content":{"rendered":"<table width=\"572\">\n<tbody>\n<tr>\n<td width=\"152\"><strong>DESCRIPCI\u00d3N<\/strong><\/td>\n<td width=\"420\">\n<p style=\"text-align: justify;\">Dimethomorf Vecol 50% WP, es un fungicida de efecto curativo, para el control de Gota de la papa. Ataca a hongos oomicetos, con gran actividad antiesporulante y prolongado tiempo de protecci\u00f3n.<\/p>\n<\/td>\n<\/tr>\n<tr>\n<td width=\"152\"><strong>PRESENTACI\u00d3N Y FORMULACI\u00d3N<\/strong><\/p>\n<p><strong>\u00a0<\/strong><\/td>\n<td width=\"420\">Bolsa por 120 y 500 gramos | Polvo Mojable (WP)<\/td>\n<\/tr>\n<tr>\n<td width=\"152\"><strong>INGREDIENTE ACTIVO <\/strong><\/td>\n<td width=\"420\">Dimethomorph\u2026&#8230;500 g\/KG Ingredientes aditivos\u2026..c.s.p 1\/K<\/td>\n<\/tr>\n<tr>\n<td width=\"152\"><strong>CONTRAINDICACIONES &#8211; FITOTOXICIDAD &#8211; COMPATIBILIDAD<\/strong><\/td>\n<td width=\"420\">\n<p style=\"text-align: justify;\">SE RECOMIENDA HACER PRUEBAS PREVIAS DE LA MEZCLA A LA PREPARACI\u00d3N<\/p>\n<p style=\"text-align: justify;\">LA MEZCLA CON FERTILIZANTES FOLIARES PUEDE OCASIONAR CORTE DE MEZCLAS O DISMINUCI\u00d3N EN LA EFICACIA. USADO DE ACUERDO CON LO RECOMENDADO ES FITOCOMPATIBLE CON LOS CULTIVOS AUTORIZADOS.<\/p>\n<\/td>\n<\/tr>\n<tr>\n<td width=\"152\"><strong>FORMA DE ADMINISTRACI\u00d3N<\/strong><\/td>\n<td width=\"420\">\n<p style=\"text-align: justify;\">Aspersi\u00f3n foliar terrestre dirigida al cultivo, previa diluci\u00f3n del producto en agua. Puede aplicarse con bomba de espalda, siendo recomendable usar boquillas de cono hueco, y un tama\u00f1o de gota de 350-500\u00b5m aprox (30-40 gotas por cm2) y a presi\u00f3n constante.<\/p>\n<\/td>\n<\/tr>\n<tr>\n<td style=\"text-align: justify;\" width=\"152\"><strong>MODO DE ACCI\u00d3N<\/strong><\/td>\n<td width=\"420\">\n<p style=\"text-align: justify;\">Fungicida org\u00e1nico de efecto curativo. Controla una gama amplia de enfermedades, act\u00faa por contacto sobre una variedad de hongos causantes de enfermedades en diversos cultivos. Ataca hongos y oomicetos.<\/p>\n<\/td>\n<\/tr>\n<tr>\n<td width=\"152\"><strong>FRECUENCIA Y \u00c9POCA DE APLICACI\u00d3N<\/strong><\/td>\n<td width=\"420\">\n<p style=\"text-align: justify;\">Aplicar seg\u00fan recomendaci\u00f3n de un ingeniero agr\u00f3nomo. Se recomienda hacer las aplicaciones cuando la presi\u00f3n de la enfermedad sea menor al 5% para que la eficacia del producto sea mejor. Como parte de un programa de manejo integrado de enfermedades se recomienda la rotaci\u00f3n de productos de diferentes mecanismos de acci\u00f3n.<\/p>\n<\/td>\n<\/tr>\n<tr>\n<td width=\"152\"><strong>REGISTRO ICA N\u00b0<\/strong><\/td>\n<td width=\"420\"><strong>PL0016052023 a nombre de VECOL S.A<\/strong><\/td>\n<\/tr>\n<tr>\n<td width=\"152\"><strong>BLANCO BIOL\u00d3GICO<\/strong><\/td>\n<td width=\"420\"><strong>Gota<\/strong><\/td>\n<\/tr>\n<tr>\n<td width=\"152\"><strong>CULTIVOS<\/strong><\/td>\n<td width=\"420\"><strong>Papa<\/strong><\/td>\n<\/tr>\n<tr>\n<td width=\"152\"><strong>DOSIS POR CULTIVO<\/strong><\/td>\n<td width=\"420\"><strong>600 g\/Ha<\/strong><\/td>\n<\/tr>\n<\/tbody>\n<\/table>","protected":false},"excerpt":{"rendered":"<p>Dimethomorf Vecol 50% WP, es un fungicida de efecto curativo, para el control de Gota de la papa. Ataca a hongos oomicetos, con gran actividad antiesporulante y prolongado tiempo de protecci\u00f3n.<\/p>","protected":false},"featured_media":2980,"template":"","meta":{"_acf_changed":false,"site-sidebar-layout":"default","site-content-layout":"default","ast-site-content-layout":"default","site-content-style":"default","site-sidebar-style":"default","ast-global-header-display":"","ast-banner-title-visibility":"","ast-main-header-display":"","ast-hfb-above-header-display":"","ast-hfb-below-header-display":"","ast-hfb-mobile-header-display":"","site-post-title":"","ast-breadcrumbs-content":"","ast-featured-img":"","footer-sml-layout":"","ast-disable-related-posts":"","theme-transparent-header-meta":"default","adv-header-id-meta":"","stick-header-meta":"","header-above-stick-meta":"","header-main-stick-meta":"","header-below-stick-meta":"","astra-migrate-meta-layouts":"set","ast-page-background-enabled":"default","ast-page-background-meta":{"desktop":{"background-color":"","background-image":"","background-repeat":"repeat","background-position":"center center","background-size":"auto","background-attachment":"scroll","background-type":"","background-media":"","overlay-type":"","overlay-color":"","overlay-opacity":"","overlay-gradient":""},"tablet":{"background-color":"","background-image":"","background-repeat":"repeat","background-position":"center center","background-size":"auto","background-attachment":"scroll","background-type":"","background-media":"","overlay-type":"","overlay-color":"","overlay-opacity":"","overlay-gradient":""},"mobile":{"background-color":"","background-image":"","background-repeat":"repeat","background-position":"center center","background-size":"auto","background-attachment":"scroll","background-type":"","background-media":"","overlay-type":"","overlay-color":"","overlay-opacity":"","overlay-gradient":""}},"ast-content-background-meta":{"desktop":{"background-color":"var(--ast-global-color-5)","background-image":"","background-repeat":"repeat","background-position":"center center","background-size":"auto","background-attachment":"scroll","background-type":"","background-media":"","overlay-type":"","overlay-color":"","overlay-opacity":"","overlay-gradient":""},"tablet":{"background-color":"var(--ast-global-color-5)","background-image":"","background-repeat":"repeat","background-position":"center center","background-size":"auto","background-attachment":"scroll","background-type":"","background-media":"","overlay-type":"","overlay-color":"","overlay-opacity":"","overlay-gradient":""},"mobile":{"background-color":"var(--ast-global-color-5)","background-image":"","background-repeat":"repeat","background-position":"center center","background-size":"auto","background-attachment":"scroll","background-type":"","background-media":"","overlay-type":"","overlay-color":"","overlay-opacity":"","overlay-gradient":""}}},"product_brand":[],"product_cat":[23,24],"product_tag":[],"class_list":{"0":"post-2245","1":"product","2":"type-product","3":"status-publish","4":"has-post-thumbnail","6":"product_cat-agricola-y-fertilizantes","7":"product_cat-fungicidas","8":"desktop-align-left","9":"tablet-align-left","10":"mobile-align-left","12":"first","13":"instock","14":"shipping-taxable","15":"product-type-simple"},"acf":[],"yoast_head":"<!-- This site is optimized with the Yoast SEO plugin v27.3 - https:\/\/yoast.com\/product\/yoast-seo-wordpress\/ -->\n<title>Dimethomorf Vecol 50% WP - fungicida de efecto curativo | VECOL<\/title>\n<meta name=\"robots\" content=\"index, follow, max-snippet:-1, max-image-preview:large, max-video-preview:-1\" \/>\n<link rel=\"canonical\" href=\"https:\/\/www.vecol.com.co\/en\/product\/dimethomorf\/\" \/>\n<meta property=\"og:locale\" content=\"en_US\" \/>\n<meta property=\"og:type\" content=\"article\" \/>\n<meta property=\"og:title\" content=\"Dimethomorf Vecol 50% WP - fungicida de efecto curativo | VECOL\" \/>\n<meta property=\"og:description\" content=\"Dimethomorf Vecol 50% WP, es un fungicida de efecto curativo, para el control de Gota de la papa. Ataca a hongos oomicetos, con gran actividad antiesporulante y prolongado tiempo de protecci\u00f3n.\" \/>\n<meta property=\"og:url\" content=\"https:\/\/www.vecol.com.co\/en\/product\/dimethomorf\/\" \/>\n<meta property=\"og:site_name\" content=\"VECOL\" \/>\n<meta property=\"article:publisher\" content=\"https:\/\/www.facebook.com\/vecolveterinaria\" \/>\n<meta property=\"article:modified_time\" content=\"2024-12-27T15:35:19+00:00\" \/>\n<meta property=\"og:image\" content=\"https:\/\/www.vecol.com.co\/wp-content\/uploads\/2020\/07\/dimethomrf.jpg\" \/>\n\t<meta property=\"og:image:width\" content=\"1920\" \/>\n\t<meta property=\"og:image:height\" content=\"1920\" \/>\n\t<meta property=\"og:image:type\" content=\"image\/jpeg\" \/>\n<meta name=\"twitter:card\" content=\"summary_large_image\" \/>\n<meta name=\"twitter:site\" content=\"@VecolColombia\" \/>\n<meta name=\"twitter:label1\" content=\"Est. reading time\" \/>\n\t<meta name=\"twitter:data1\" content=\"1 minute\" \/>\n<script type=\"application\/ld+json\" class=\"yoast-schema-graph\">{\"@context\":\"https:\\\/\\\/schema.org\",\"@graph\":[{\"@type\":\"WebPage\",\"@id\":\"https:\\\/\\\/www.vecol.com.co\\\/producto\\\/dimethomorf\\\/\",\"url\":\"https:\\\/\\\/www.vecol.com.co\\\/producto\\\/dimethomorf\\\/\",\"name\":\"Dimethomorf Vecol 50% WP - fungicida de efecto curativo | VECOL\",\"isPartOf\":{\"@id\":\"https:\\\/\\\/www.vecol.com.co\\\/#website\"},\"primaryImageOfPage\":{\"@id\":\"https:\\\/\\\/www.vecol.com.co\\\/producto\\\/dimethomorf\\\/#primaryimage\"},\"image\":{\"@id\":\"https:\\\/\\\/www.vecol.com.co\\\/producto\\\/dimethomorf\\\/#primaryimage\"},\"thumbnailUrl\":\"https:\\\/\\\/www.vecol.com.co\\\/wp-content\\\/uploads\\\/2020\\\/07\\\/dimethomrf.jpg\",\"datePublished\":\"2020-07-01T22:28:37+00:00\",\"dateModified\":\"2024-12-27T15:35:19+00:00\",\"breadcrumb\":{\"@id\":\"https:\\\/\\\/www.vecol.com.co\\\/producto\\\/dimethomorf\\\/#breadcrumb\"},\"inLanguage\":\"en-US\",\"potentialAction\":[{\"@type\":\"ReadAction\",\"target\":[\"https:\\\/\\\/www.vecol.com.co\\\/producto\\\/dimethomorf\\\/\"]}]},{\"@type\":\"ImageObject\",\"inLanguage\":\"en-US\",\"@id\":\"https:\\\/\\\/www.vecol.com.co\\\/producto\\\/dimethomorf\\\/#primaryimage\",\"url\":\"https:\\\/\\\/www.vecol.com.co\\\/wp-content\\\/uploads\\\/2020\\\/07\\\/dimethomrf.jpg\",\"contentUrl\":\"https:\\\/\\\/www.vecol.com.co\\\/wp-content\\\/uploads\\\/2020\\\/07\\\/dimethomrf.jpg\",\"width\":1920,\"height\":1920,\"caption\":\"dimethomrf\"},{\"@type\":\"BreadcrumbList\",\"@id\":\"https:\\\/\\\/www.vecol.com.co\\\/producto\\\/dimethomorf\\\/#breadcrumb\",\"itemListElement\":[{\"@type\":\"ListItem\",\"position\":1,\"name\":\"Inicio\",\"item\":\"https:\\\/\\\/www.vecol.com.co\\\/\"},{\"@type\":\"ListItem\",\"position\":2,\"name\":\"Productos\",\"item\":\"https:\\\/\\\/www.vecol.com.co\\\/productos\\\/\"},{\"@type\":\"ListItem\",\"position\":3,\"name\":\"Dimethomorf Vecol 50% WP\"}]},{\"@type\":\"WebSite\",\"@id\":\"https:\\\/\\\/www.vecol.com.co\\\/#website\",\"url\":\"https:\\\/\\\/www.vecol.com.co\\\/\",\"name\":\"VECOL\",\"description\":\"Empresa Colombiana de Productos Veterinarios\",\"publisher\":{\"@id\":\"https:\\\/\\\/www.vecol.com.co\\\/#organization\"},\"potentialAction\":[{\"@type\":\"SearchAction\",\"target\":{\"@type\":\"EntryPoint\",\"urlTemplate\":\"https:\\\/\\\/www.vecol.com.co\\\/?s={search_term_string}\"},\"query-input\":{\"@type\":\"PropertyValueSpecification\",\"valueRequired\":true,\"valueName\":\"search_term_string\"}}],\"inLanguage\":\"en-US\"},{\"@type\":\"Organization\",\"@id\":\"https:\\\/\\\/www.vecol.com.co\\\/#organization\",\"name\":\"Empresa Colombiana de Productos Veterinarios\",\"url\":\"https:\\\/\\\/www.vecol.com.co\\\/\",\"logo\":{\"@type\":\"ImageObject\",\"inLanguage\":\"en-US\",\"@id\":\"https:\\\/\\\/www.vecol.com.co\\\/#\\\/schema\\\/logo\\\/image\\\/\",\"url\":\"https:\\\/\\\/www.vecol.com.co\\\/wp-content\\\/uploads\\\/2023\\\/07\\\/logoVecol.png\",\"contentUrl\":\"https:\\\/\\\/www.vecol.com.co\\\/wp-content\\\/uploads\\\/2023\\\/07\\\/logoVecol.png\",\"width\":106,\"height\":106,\"caption\":\"Empresa Colombiana de Productos Veterinarios\"},\"image\":{\"@id\":\"https:\\\/\\\/www.vecol.com.co\\\/#\\\/schema\\\/logo\\\/image\\\/\"},\"sameAs\":[\"https:\\\/\\\/www.facebook.com\\\/vecolveterinaria\",\"https:\\\/\\\/x.com\\\/VecolColombia\"]}]}<\/script>\n<!-- \/ Yoast SEO plugin. -->","yoast_head_json":{"title":"Dimethomorph Vecol 50% WP - fungicide with curative effect | VECOL","robots":{"index":"index","follow":"follow","max-snippet":"max-snippet:-1","max-image-preview":"max-image-preview:large","max-video-preview":"max-video-preview:-1"},"canonical":"https:\/\/www.vecol.com.co\/en\/product\/dimethomorf\/","og_locale":"en_US","og_type":"article","og_title":"Dimethomorf Vecol 50% WP - fungicida de efecto curativo | VECOL","og_description":"Dimethomorf Vecol 50% WP, es un fungicida de efecto curativo, para el control de Gota de la papa. Ataca a hongos oomicetos, con gran actividad antiesporulante y prolongado tiempo de protecci\u00f3n.","og_url":"https:\/\/www.vecol.com.co\/en\/product\/dimethomorf\/","og_site_name":"VECOL","article_publisher":"https:\/\/www.facebook.com\/vecolveterinaria","article_modified_time":"2024-12-27T15:35:19+00:00","og_image":[{"width":1920,"height":1920,"url":"https:\/\/www.vecol.com.co\/wp-content\/uploads\/2020\/07\/dimethomrf.jpg","type":"image\/jpeg"}],"twitter_card":"summary_large_image","twitter_site":"@VecolColombia","twitter_misc":{"Est. reading time":"1 minute"},"schema":{"@context":"https:\/\/schema.org","@graph":[{"@type":"WebPage","@id":"https:\/\/www.vecol.com.co\/producto\/dimethomorf\/","url":"https:\/\/www.vecol.com.co\/producto\/dimethomorf\/","name":"Dimethomorph Vecol 50% WP - fungicide with curative effect | VECOL","isPartOf":{"@id":"https:\/\/www.vecol.com.co\/#website"},"primaryImageOfPage":{"@id":"https:\/\/www.vecol.com.co\/producto\/dimethomorf\/#primaryimage"},"image":{"@id":"https:\/\/www.vecol.com.co\/producto\/dimethomorf\/#primaryimage"},"thumbnailUrl":"https:\/\/www.vecol.com.co\/wp-content\/uploads\/2020\/07\/dimethomrf.jpg","datePublished":"2020-07-01T22:28:37+00:00","dateModified":"2024-12-27T15:35:19+00:00","breadcrumb":{"@id":"https:\/\/www.vecol.com.co\/producto\/dimethomorf\/#breadcrumb"},"inLanguage":"en-US","potentialAction":[{"@type":"ReadAction","target":["https:\/\/www.vecol.com.co\/producto\/dimethomorf\/"]}]},{"@type":"ImageObject","inLanguage":"en-US","@id":"https:\/\/www.vecol.com.co\/producto\/dimethomorf\/#primaryimage","url":"https:\/\/www.vecol.com.co\/wp-content\/uploads\/2020\/07\/dimethomrf.jpg","contentUrl":"https:\/\/www.vecol.com.co\/wp-content\/uploads\/2020\/07\/dimethomrf.jpg","width":1920,"height":1920,"caption":"dimethomrf"},{"@type":"BreadcrumbList","@id":"https:\/\/www.vecol.com.co\/producto\/dimethomorf\/#breadcrumb","itemListElement":[{"@type":"ListItem","position":1,"name":"Inicio","item":"https:\/\/www.vecol.com.co\/"},{"@type":"ListItem","position":2,"name":"Productos","item":"https:\/\/www.vecol.com.co\/productos\/"},{"@type":"ListItem","position":3,"name":"Dimethomorf Vecol 50% WP"}]},{"@type":"WebSite","@id":"https:\/\/www.vecol.com.co\/#website","url":"https:\/\/www.vecol.com.co\/","name":"VECOL","description":"Colombian Veterinary Products Company","publisher":{"@id":"https:\/\/www.vecol.com.co\/#organization"},"potentialAction":[{"@type":"SearchAction","target":{"@type":"EntryPoint","urlTemplate":"https:\/\/www.vecol.com.co\/?s={search_term_string}"},"query-input":{"@type":"PropertyValueSpecification","valueRequired":true,"valueName":"search_term_string"}}],"inLanguage":"en-US"},{"@type":"Organization","@id":"https:\/\/www.vecol.com.co\/#organization","name":"Colombian Veterinary Products Company","url":"https:\/\/www.vecol.com.co\/","logo":{"@type":"ImageObject","inLanguage":"en-US","@id":"https:\/\/www.vecol.com.co\/#\/schema\/logo\/image\/","url":"https:\/\/www.vecol.com.co\/wp-content\/uploads\/2023\/07\/logoVecol.png","contentUrl":"https:\/\/www.vecol.com.co\/wp-content\/uploads\/2023\/07\/logoVecol.png","width":106,"height":106,"caption":"Empresa Colombiana de Productos Veterinarios"},"image":{"@id":"https:\/\/www.vecol.com.co\/#\/schema\/logo\/image\/"},"sameAs":["https:\/\/www.facebook.com\/vecolveterinaria","https:\/\/x.com\/VecolColombia"]}]}},"_links":{"self":[{"href":"https:\/\/www.vecol.com.co\/en\/wp-json\/wp\/v2\/product\/2245","targetHints":{"allow":["GET"]}}],"collection":[{"href":"https:\/\/www.vecol.com.co\/en\/wp-json\/wp\/v2\/product"}],"about":[{"href":"https:\/\/www.vecol.com.co\/en\/wp-json\/wp\/v2\/types\/product"}],"wp:featuredmedia":[{"embeddable":true,"href":"https:\/\/www.vecol.com.co\/en\/wp-json\/wp\/v2\/media\/2980"}],"wp:attachment":[{"href":"https:\/\/www.vecol.com.co\/en\/wp-json\/wp\/v2\/media?parent=2245"}],"wp:term":[{"taxonomy":"product_brand","embeddable":true,"href":"https:\/\/www.vecol.com.co\/en\/wp-json\/wp\/v2\/product_brand?post=2245"},{"taxonomy":"product_cat","embeddable":true,"href":"https:\/\/www.vecol.com.co\/en\/wp-json\/wp\/v2\/product_cat?post=2245"},{"taxonomy":"product_tag","embeddable":true,"href":"https:\/\/www.vecol.com.co\/en\/wp-json\/wp\/v2\/product_tag?post=2245"}],"curies":[{"name":"wp","href":"https:\/\/api.w.org\/{rel}","templated":true}]}}