{"id":2243,"date":"2020-07-01T22:27:19","date_gmt":"2020-07-01T22:27:19","guid":{"rendered":"https:\/\/www.vecol.com.co\/?post_type=product&#038;p=2243"},"modified":"2024-12-27T10:34:17","modified_gmt":"2024-12-27T15:34:17","slug":"dimethalonil","status":"publish","type":"product","link":"https:\/\/www.vecol.com.co\/en\/product\/dimethalonil\/","title":{"rendered":"Dimethalonil\u00ae Vecol 65 WG"},"content":{"rendered":"<table width=\"572\">\n<tbody>\n<tr>\n<td width=\"152\"><strong>DESCRIPCI\u00d3N<\/strong><\/td>\n<td width=\"420\">\n<p style=\"text-align: justify;\">Dimethalonil Vecol 65% WG fungicida sist\u00e9mico, translaminar, con acci\u00f3n protectante y antiesporulante, asimilado r\u00e1pidamente en los tejidos de las plantas, distribuci\u00f3n acrop\u00e9tala desde la ra\u00edz hasta las hojas en crecimiento. Protege las plantas durante la penetraci\u00f3n y la formaci\u00f3n de haustorios de los hongos pat\u00f3genos. Ingrediente Activo: DIMETHOMORF 150 gr\/Kg + CLOROTHALONIL 500 gr\/Kg Formulaci\u00f3n: Gr\u00e1nulos Dispersables Presentaci\u00f3n: Frascos por 500g, 1 y 5 Kilos Cultivos: Papa, tomate y rosas Registro ICA No. 1543 a nombre de VECOL S.A.<\/p>\n<\/td>\n<\/tr>\n<tr>\n<td width=\"152\"><strong>PRESENTACI\u00d3N Y FORMULACI\u00d3N<\/strong><\/p>\n<p><strong>\u00a0<\/strong><\/td>\n<td width=\"420\">500 gramos | Gr\u00e1nulos Dispersables (WG)<\/td>\n<\/tr>\n<tr>\n<td width=\"152\"><strong>COMPOSICI\u00d3N<\/strong><\/td>\n<td width=\"420\">\n<ul>\n<li>DIMETHOMORPH 150 g\/Kg<\/li>\n<li>CHLOROTHANOLIL 500 g\/Kg<\/li>\n<\/ul>\n<\/td>\n<\/tr>\n<tr>\n<td width=\"152\"><strong>CONTRAINDICACIONES &#8211; FITOTOXICIDAD &#8211; COMPATIBILIDAD<\/strong><\/td>\n<td width=\"420\">\n<p style=\"text-align: justify;\">DIMETHALONIL VECOL 65% WG NO ES COMPATIBLE CON PRODUCTOS DE REACCI\u00d3N ALCALINA. SE RECOMIENDA REALIZAR PRUEBAS DE FITOCOMPATIBILIDAD ANTES DE MEZCLAR CON OTROS PRODUCTOS.<\/p>\n<p style=\"text-align: justify;\">FITOTOXICIDAD: NO HAY NINGUNA CLASE DE FITOTOXICIDAD EN LOS CULTIVOS REGISTRADOS, MANTENIENDO LAS DOSIS Y LAS CONDICIONES DE APLICACI\u00d3N SEG\u00daN SE DAN EN ESTA ETIQUETA<\/p>\n<\/td>\n<\/tr>\n<tr style=\"text-align: justify;\">\n<td width=\"152\"><strong>FORMA DE ADMINISTRACI\u00d3N<\/strong><\/td>\n<td width=\"420\">\n<p style=\"text-align: justify;\">Llene el tanque de mezcla hasta 1\/4 con agua, comience a agitar y agregue la dosis del producto. Complete el volumen final con agua. cuando se desee mezclar con productos s\u00f3lidos se deben hacer 2 premezclas separadas para luego a\u00f1adirlas al tanque principal de mezcla. Use 200 litros de agua por hect\u00e1rea en aplicaci\u00f3n terrestre.<\/p>\n<\/td>\n<\/tr>\n<tr style=\"text-align: justify;\">\n<td width=\"152\"><strong>MODO DE ACCI\u00d3N<\/strong><\/td>\n<td width=\"420\">\n<p style=\"text-align: justify;\">Dimethalonil vecol 65% wg act\u00faa por contacto sist\u00e9mico translaminar de acci\u00f3n protectante y antiespirulante.<\/p>\n<p style=\"text-align: justify;\">Dimethomorf afecta la formaci\u00f3n de la pared celular del pat\u00f3geno, inhibiendo la bios\u00edntesis de fosfol\u00edpidos.<\/p>\n<\/td>\n<\/tr>\n<tr style=\"text-align: justify;\">\n<td style=\"text-align: justify;\" width=\"152\"><strong>FRECUENCIA Y \u00c9POCA DE APLICACI\u00d3N<\/strong><\/td>\n<td width=\"420\">\n<p style=\"text-align: justify;\">Aplicar el producto una vez y rotar el mecanismo de acci\u00f3n, as\u00ed evitar\u00e1 que se desarrolle resistencia del pat\u00f3geno a los ingredientes activos que componen este producto. para control de mildeo velloso es preferible hacer rotaciones de productos para obtener mejores resultados en control del hongo pat\u00f3geno.<\/p>\n<\/td>\n<\/tr>\n<tr style=\"text-align: justify;\">\n<td width=\"152\"><strong>REGISTRO ICA N\u00b0<\/strong><\/td>\n<td width=\"420\">PL0013532023 a nombre de VECOL S.A<\/td>\n<\/tr>\n<tr style=\"text-align: justify;\">\n<td width=\"152\"><strong>BLANCO BIOL\u00d3GICO<\/strong><\/td>\n<td width=\"420\">PAPA Y TOMATE: Gota<\/p>\n<p>ROSAS: Mildeo velloso<\/td>\n<\/tr>\n<tr style=\"text-align: justify;\">\n<td width=\"152\"><strong>CULTIVOS<\/strong><\/td>\n<td width=\"420\">Papa, tomate y rosas<\/td>\n<\/tr>\n<tr style=\"text-align: justify;\">\n<td width=\"152\"><strong>DOSIS POR CULTIVO<\/strong><\/td>\n<td width=\"420\">Papa\u00a0\u00a0\u00a0\u00a0\u00a0\u00a0\u00a0\u00a0\u00a0\u00a0\u00a0\u00a0\u00a0\u00a0\u00a0\u00a0 2.0 KG\/Ha<\/p>\n<p>Tomate\u00a0\u00a0\u00a0\u00a0\u00a0\u00a0\u00a0\u00a0\u00a0\u00a0\u00a0\u00a0\u00a0\u00a0\u00a0\u00a0\u00a0\u00a0\u00a0\u00a0\u00a0\u00a0\u00a0\u00a0 2.0 KG\/Ha<\/p>\n<p>Rosas\u00a0\u00a0\u00a0\u00a0\u00a0\u00a0\u00a0\u00a0\u00a0\u00a0\u00a0\u00a0\u00a0\u00a0 2.5 KG\/Ha<\/td>\n<\/tr>\n<tr>\n<td width=\"152\"><strong>TIPO PRODUCTO <\/strong><\/td>\n<td width=\"420\">\n<p style=\"text-align: justify;\">Fungicida<\/p>\n<\/td>\n<\/tr>\n<tr>\n<td width=\"152\"><strong>INDICACIONES<\/strong><\/td>\n<td width=\"420\">\n<ul>\n<li><strong>Dimetomorph:<\/strong> Afecta la formaci\u00f3n de la pared celular del pat\u00f3geno, inhibiendo la bios\u00edntesis de fosfol\u00edpidos, que es parte fundamental en la estructura de la pared celular el hongo.<\/li>\n<li><strong>Chlorothalonil:<\/strong> Impide que el hongo pueda obtener energ\u00eda necesaria para sus procesos vitales, esto lo logra inhibiendo la respiraci\u00f3n de las c\u00e9lulas del hongo impidiendo la transformaci\u00f3n de los carbohidratos energ\u00eda, por lo que inactiva las enzimas que intervienen en el ciclo de Krebs. Act\u00faa por contacto sobre las esporas e los hongos antes de la germinaci\u00f3n e impide la penetraci\u00f3n en las c\u00e9lulas.<\/li>\n<\/ul>\n<p style=\"text-align: justify;\">Es un fungicida de contacto sist\u00e9mico, traslaminar de acci\u00f3n y antiesporulante.<\/p>\n<\/td>\n<\/tr>\n<tr>\n<td width=\"152\"><strong>USOS Y BLANCO BIOL\u00d3GICO<\/strong><\/td>\n<td width=\"420\">\n<p style=\"text-align: justify;\"><strong>CULTIVO:<\/strong> Papa<\/p>\n<p style=\"text-align: justify;\"><strong>BLANCO BIOL\u00d3GICO:<\/strong>Gota (Phytophthora infestans)<\/p>\n<p style=\"text-align: justify;\"><strong>DOSIS:<\/strong>2.0 Kg\/Ha<\/p>\n<p style=\"text-align: justify;\"><strong>CULTIVO:<\/strong> Rosa<\/p>\n<p style=\"text-align: justify;\"><strong>BLANCO BIOL\u00d3GICO:<\/strong>Mildeo velloso (Peronospora sparsa)<\/p>\n<p style=\"text-align: justify;\"><strong>DOSIS:<\/strong>2.5 Kg\/Ha<\/p>\n<p style=\"text-align: justify;\"><strong>CULTIVO:<\/strong> Tomate<\/p>\n<p style=\"text-align: justify;\"><strong>BLANCO BIOL\u00d3GICO:<\/strong>Gota (Phytophthora infestans)<\/p>\n<p style=\"text-align: justify;\"><strong>DOSIS:<\/strong>2.0 Kg\/Ha<\/p>\n<\/td>\n<\/tr>\n<tr>\n<td width=\"152\"><strong>PERIODO DE REENTRADA<\/strong><\/td>\n<td width=\"420\">\n<p style=\"text-align: justify;\"><strong>CULTIVO:<\/strong> Papa<\/p>\n<p style=\"text-align: justify;\"><strong>PR:<\/strong> 4 horas<\/p>\n<p style=\"text-align: justify;\"><strong>CULTIVO:<\/strong> Rosa<\/p>\n<p style=\"text-align: justify;\"><strong>PR:<\/strong> 4 horas<\/p>\n<p style=\"text-align: justify;\"><strong>CULTIVO:<\/strong> Tomate<\/p>\n<p style=\"text-align: justify;\"><strong>PR:<\/strong> 4 horas<\/p>\n<\/td>\n<\/tr>\n<tr>\n<td width=\"152\"><strong>PERIODO DE CARENCIA<\/strong><\/td>\n<td width=\"420\">\n<p style=\"text-align: justify;\"><strong>CULTIVO:<\/strong> Papa<\/p>\n<p style=\"text-align: justify;\"><strong>PC:<\/strong>7 d\u00edas<\/p>\n<p style=\"text-align: justify;\"><strong>CULTIVO:<\/strong> Rosa<\/p>\n<p style=\"text-align: justify;\"><strong>PC:<\/strong>N.A<\/p>\n<p style=\"text-align: justify;\"><strong>CULTIVO:<\/strong> Tomate<\/p>\n<p style=\"text-align: justify;\"><strong>PC:<\/strong>7 d\u00edas<\/p>\n<\/td>\n<\/tr>\n<tr>\n<td width=\"152\"><strong>PRECAUCIONES Y ALMACENAMIENTO<\/strong><\/td>\n<td width=\"420\">\n<p style=\"text-align: justify;\"><strong>Evaluaci\u00f3n del Riesgo ambiental:<\/strong><\/p>\n<ul>\n<li>Aves: Existe riesgo para las aves<\/li>\n<li>Peces: Muy t\u00f3xico para organismos acu\u00e1ticos.<\/li>\n<li>Abejas: T\u00f3xico para abejas expuestas a la aspersi\u00f3n directa (contacto). No aplicar cuando las abejas se encuentren en actividad en el \u00e1rea a tratar o cuando los cultivos y o malezas est\u00e9n en floraci\u00f3n.<\/li>\n<li>Lombriz de tierra: No existe riesgo para las lombrices.<\/li>\n<\/ul>\n<p style=\"text-align: justify;\">\u201cPara la aplicaci\u00f3n a\u00e9rea y terrestre respetar la franja de seguridad de 100 y 10 metros respectivamente con relaci\u00f3n a cuerpos de agua\u201d<\/p>\n<p style=\"text-align: justify;\">\u201cNo contaminar lagos, r\u00edos, estanques o arroyos con los desechos y envases vac\u00edos\u201d<\/p>\n<p style=\"text-align: justify;\">\u201cEn caso de derrame recoger el producto o depositarlo en el sitio destinado por las autoridades locales para este fin\u201d<\/p>\n<p style=\"text-align: justify;\">\u201cNo descargue ni vierta en el suelo, en sistema de drenaje o cuerpos de agua.\u201d<\/p>\n<p style=\"text-align: justify;\">\u201cNo contaminar las fuentes de agua con los restos de la aplicaci\u00f3n o sobrante del producto\u201d<\/p>\n<p style=\"text-align: justify;\">\u201cRealizar las aplicaciones con el volumen de agua recomendado para evitar la escorrent\u00eda.\u201d<\/p>\n<p style=\"text-align: justify;\"><strong>ALMACENAMIENTO Y MANEJO DEL PRODUCTO<\/strong><\/p>\n<p style=\"text-align: justify;\">\u201cNo almacenar en casas de habitaci\u00f3n\u201d<\/p>\n<p style=\"text-align: justify;\">\u201cNo almacenar ni transportar conjuntamente con alimentos, medicinas, bebidas ni forrajes\u201d<\/p>\n<p style=\"text-align: justify;\">\u201cConservar el producto en el envase original etiquetado y cerrado\u201d<\/p>\n<p style=\"text-align: justify;\">\u201cNo re-envasar o depositar el contenido en otros envases\u201d<\/p>\n<p style=\"text-align: justify;\">\u201cNo debe transportarse con productos de consumo humano o animal\u201d<\/p>\n<p style=\"text-align: justify;\">\u201cNo lavar los envases o equipos de aplicaci\u00f3n en lagos, rios y otras fuentes de agua\u201d<\/p>\n<p style=\"text-align: justify;\">EMERGENCIAS TOXICOL\u00d3GICAS 24 HORAS CISPROQUIM 018000916012 fuera de Bogot\u00e1. En Bogot\u00e1 comunicarse con el tel\u00e9fono (57) 1 2886012.<\/p>\n<\/td>\n<\/tr>\n<tr>\n<td width=\"152\"><strong>REGISTRO ICA<\/strong><\/td>\n<td width=\"420\">\n<p style=\"text-align: justify;\"><strong>PL0013532023<\/strong><\/p>\n<\/td>\n<\/tr>\n<\/tbody>\n<\/table>","protected":false},"excerpt":{"rendered":"<p>Dimethalonil Vecol 65% WG fungicida sist\u00e9mico, translaminar, con acci\u00f3n protectante y antiesporulante, asimilado r\u00e1pidamente en los tejidos de las plantas, distribuci\u00f3n acrop\u00e9tala desde la ra\u00edz hasta las hojas en crecimiento. Protege las plantas durante la penetraci\u00f3n y la formaci\u00f3n de haustorios de los hongos pat\u00f3genos. Ingrediente Activo: DIMETHOMORF 150 gr\/Kg + CLOROTHALONIL 500 gr\/Kg Formulaci\u00f3n: Gr\u00e1nulos Dispersables Presentaci\u00f3n: Frascos por 500g, 1 y 5 Kilos Cultivos: Papa, tomate y rosas Registro ICA No. 1543 a nombre de VECOL S.A.<\/p>","protected":false},"featured_media":2979,"template":"","meta":{"_acf_changed":false,"site-sidebar-layout":"default","site-content-layout":"default","ast-site-content-layout":"default","site-content-style":"default","site-sidebar-style":"default","ast-global-header-display":"","ast-banner-title-visibility":"","ast-main-header-display":"","ast-hfb-above-header-display":"","ast-hfb-below-header-display":"","ast-hfb-mobile-header-display":"","site-post-title":"","ast-breadcrumbs-content":"","ast-featured-img":"","footer-sml-layout":"","ast-disable-related-posts":"","theme-transparent-header-meta":"default","adv-header-id-meta":"","stick-header-meta":"","header-above-stick-meta":"","header-main-stick-meta":"","header-below-stick-meta":"","astra-migrate-meta-layouts":"set","ast-page-background-enabled":"default","ast-page-background-meta":{"desktop":{"background-color":"","background-image":"","background-repeat":"repeat","background-position":"center center","background-size":"auto","background-attachment":"scroll","background-type":"","background-media":"","overlay-type":"","overlay-color":"","overlay-opacity":"","overlay-gradient":""},"tablet":{"background-color":"","background-image":"","background-repeat":"repeat","background-position":"center center","background-size":"auto","background-attachment":"scroll","background-type":"","background-media":"","overlay-type":"","overlay-color":"","overlay-opacity":"","overlay-gradient":""},"mobile":{"background-color":"","background-image":"","background-repeat":"repeat","background-position":"center center","background-size":"auto","background-attachment":"scroll","background-type":"","background-media":"","overlay-type":"","overlay-color":"","overlay-opacity":"","overlay-gradient":""}},"ast-content-background-meta":{"desktop":{"background-color":"var(--ast-global-color-5)","background-image":"","background-repeat":"repeat","background-position":"center center","background-size":"auto","background-attachment":"scroll","background-type":"","background-media":"","overlay-type":"","overlay-color":"","overlay-opacity":"","overlay-gradient":""},"tablet":{"background-color":"var(--ast-global-color-5)","background-image":"","background-repeat":"repeat","background-position":"center center","background-size":"auto","background-attachment":"scroll","background-type":"","background-media":"","overlay-type":"","overlay-color":"","overlay-opacity":"","overlay-gradient":""},"mobile":{"background-color":"var(--ast-global-color-5)","background-image":"","background-repeat":"repeat","background-position":"center center","background-size":"auto","background-attachment":"scroll","background-type":"","background-media":"","overlay-type":"","overlay-color":"","overlay-opacity":"","overlay-gradient":""}}},"product_brand":[],"product_cat":[23,24],"product_tag":[],"class_list":{"0":"post-2243","1":"product","2":"type-product","3":"status-publish","4":"has-post-thumbnail","6":"product_cat-agricola-y-fertilizantes","7":"product_cat-fungicidas","8":"desktop-align-left","9":"tablet-align-left","10":"mobile-align-left","12":"first","13":"instock","14":"shipping-taxable","15":"product-type-simple"},"acf":[],"yoast_head":"<!-- This site is optimized with the Yoast SEO plugin v27.3 - https:\/\/yoast.com\/product\/yoast-seo-wordpress\/ -->\n<title>Dimethalonil\u00ae Vecol 65 WG - Fungicida sist\u00e9mico | VECOL<\/title>\n<meta name=\"robots\" content=\"index, follow, max-snippet:-1, max-image-preview:large, max-video-preview:-1\" \/>\n<link rel=\"canonical\" href=\"https:\/\/www.vecol.com.co\/en\/product\/dimethalonil\/\" \/>\n<meta property=\"og:locale\" content=\"en_US\" \/>\n<meta property=\"og:type\" content=\"article\" \/>\n<meta property=\"og:title\" content=\"Dimethalonil\u00ae Vecol 65 WG - Fungicida sist\u00e9mico | VECOL\" \/>\n<meta property=\"og:description\" content=\"Dimethalonil Vecol 65% WG fungicida sist\u00e9mico, translaminar, con acci\u00f3n protectante y antiesporulante, asimilado r\u00e1pidamente en los tejidos de las plantas, distribuci\u00f3n acrop\u00e9tala desde la ra\u00edz hasta las hojas en crecimiento. Protege las plantas durante la penetraci\u00f3n y la formaci\u00f3n de haustorios de los hongos pat\u00f3genos. Ingrediente Activo: DIMETHOMORF 150 gr\/Kg + CLOROTHALONIL 500 gr\/Kg Formulaci\u00f3n: Gr\u00e1nulos Dispersables Presentaci\u00f3n: Frascos por 500g, 1 y 5 Kilos Cultivos: Papa, tomate y rosas Registro ICA No. 1543 a nombre de VECOL S.A.\" \/>\n<meta property=\"og:url\" content=\"https:\/\/www.vecol.com.co\/en\/product\/dimethalonil\/\" \/>\n<meta property=\"og:site_name\" content=\"VECOL\" \/>\n<meta property=\"article:publisher\" content=\"https:\/\/www.facebook.com\/vecolveterinaria\" \/>\n<meta property=\"article:modified_time\" content=\"2024-12-27T15:34:17+00:00\" \/>\n<meta property=\"og:image\" content=\"https:\/\/www.vecol.com.co\/wp-content\/uploads\/2020\/07\/Dimethalonil500g.jpg\" \/>\n\t<meta property=\"og:image:width\" content=\"1920\" \/>\n\t<meta property=\"og:image:height\" content=\"1920\" \/>\n\t<meta property=\"og:image:type\" content=\"image\/jpeg\" \/>\n<meta name=\"twitter:card\" content=\"summary_large_image\" \/>\n<meta name=\"twitter:site\" content=\"@VecolColombia\" \/>\n<meta name=\"twitter:label1\" content=\"Est. reading time\" \/>\n\t<meta name=\"twitter:data1\" content=\"4 minutes\" \/>\n<script type=\"application\/ld+json\" class=\"yoast-schema-graph\">{\"@context\":\"https:\\\/\\\/schema.org\",\"@graph\":[{\"@type\":\"WebPage\",\"@id\":\"https:\\\/\\\/www.vecol.com.co\\\/en\\\/product\\\/dimethalonil\\\/\",\"url\":\"https:\\\/\\\/www.vecol.com.co\\\/en\\\/product\\\/dimethalonil\\\/\",\"name\":\"Dimethalonil\u00ae Vecol 65 WG - Fungicida sist\u00e9mico | VECOL\",\"isPartOf\":{\"@id\":\"https:\\\/\\\/www.vecol.com.co\\\/#website\"},\"primaryImageOfPage\":{\"@id\":\"https:\\\/\\\/www.vecol.com.co\\\/en\\\/product\\\/dimethalonil\\\/#primaryimage\"},\"image\":{\"@id\":\"https:\\\/\\\/www.vecol.com.co\\\/en\\\/product\\\/dimethalonil\\\/#primaryimage\"},\"thumbnailUrl\":\"https:\\\/\\\/www.vecol.com.co\\\/wp-content\\\/uploads\\\/2020\\\/07\\\/Dimethalonil500g.jpg\",\"datePublished\":\"2020-07-01T22:27:19+00:00\",\"dateModified\":\"2024-12-27T15:34:17+00:00\",\"breadcrumb\":{\"@id\":\"https:\\\/\\\/www.vecol.com.co\\\/en\\\/product\\\/dimethalonil\\\/#breadcrumb\"},\"inLanguage\":\"en-US\",\"potentialAction\":[{\"@type\":\"ReadAction\",\"target\":[\"https:\\\/\\\/www.vecol.com.co\\\/en\\\/product\\\/dimethalonil\\\/\"]}]},{\"@type\":\"ImageObject\",\"inLanguage\":\"en-US\",\"@id\":\"https:\\\/\\\/www.vecol.com.co\\\/en\\\/product\\\/dimethalonil\\\/#primaryimage\",\"url\":\"https:\\\/\\\/www.vecol.com.co\\\/wp-content\\\/uploads\\\/2020\\\/07\\\/Dimethalonil500g.jpg\",\"contentUrl\":\"https:\\\/\\\/www.vecol.com.co\\\/wp-content\\\/uploads\\\/2020\\\/07\\\/Dimethalonil500g.jpg\",\"width\":1920,\"height\":1920,\"caption\":\"Dimethalonil500g\"},{\"@type\":\"BreadcrumbList\",\"@id\":\"https:\\\/\\\/www.vecol.com.co\\\/en\\\/product\\\/dimethalonil\\\/#breadcrumb\",\"itemListElement\":[{\"@type\":\"ListItem\",\"position\":1,\"name\":\"Inicio\",\"item\":\"https:\\\/\\\/www.vecol.com.co\\\/\"},{\"@type\":\"ListItem\",\"position\":2,\"name\":\"Productos\",\"item\":\"https:\\\/\\\/www.vecol.com.co\\\/productos\\\/\"},{\"@type\":\"ListItem\",\"position\":3,\"name\":\"Dimethalonil\u00ae Vecol 65 WG\"}]},{\"@type\":\"WebSite\",\"@id\":\"https:\\\/\\\/www.vecol.com.co\\\/#website\",\"url\":\"https:\\\/\\\/www.vecol.com.co\\\/\",\"name\":\"VECOL\",\"description\":\"Empresa Colombiana de Productos Veterinarios\",\"publisher\":{\"@id\":\"https:\\\/\\\/www.vecol.com.co\\\/#organization\"},\"potentialAction\":[{\"@type\":\"SearchAction\",\"target\":{\"@type\":\"EntryPoint\",\"urlTemplate\":\"https:\\\/\\\/www.vecol.com.co\\\/?s={search_term_string}\"},\"query-input\":{\"@type\":\"PropertyValueSpecification\",\"valueRequired\":true,\"valueName\":\"search_term_string\"}}],\"inLanguage\":\"en-US\"},{\"@type\":\"Organization\",\"@id\":\"https:\\\/\\\/www.vecol.com.co\\\/#organization\",\"name\":\"Empresa Colombiana de Productos Veterinarios\",\"url\":\"https:\\\/\\\/www.vecol.com.co\\\/\",\"logo\":{\"@type\":\"ImageObject\",\"inLanguage\":\"en-US\",\"@id\":\"https:\\\/\\\/www.vecol.com.co\\\/#\\\/schema\\\/logo\\\/image\\\/\",\"url\":\"https:\\\/\\\/www.vecol.com.co\\\/wp-content\\\/uploads\\\/2023\\\/07\\\/logoVecol.png\",\"contentUrl\":\"https:\\\/\\\/www.vecol.com.co\\\/wp-content\\\/uploads\\\/2023\\\/07\\\/logoVecol.png\",\"width\":106,\"height\":106,\"caption\":\"Empresa Colombiana de Productos Veterinarios\"},\"image\":{\"@id\":\"https:\\\/\\\/www.vecol.com.co\\\/#\\\/schema\\\/logo\\\/image\\\/\"},\"sameAs\":[\"https:\\\/\\\/www.facebook.com\\\/vecolveterinaria\",\"https:\\\/\\\/x.com\\\/VecolColombia\"]}]}<\/script>\n<!-- \/ Yoast SEO plugin. -->","yoast_head_json":{"title":"Dimethalonil\u00ae Vecol 65 WG - systemic fungicide | VECOL","robots":{"index":"index","follow":"follow","max-snippet":"max-snippet:-1","max-image-preview":"max-image-preview:large","max-video-preview":"max-video-preview:-1"},"canonical":"https:\/\/www.vecol.com.co\/en\/product\/dimethalonil\/","og_locale":"en_US","og_type":"article","og_title":"Dimethalonil\u00ae Vecol 65 WG - Fungicida sist\u00e9mico | VECOL","og_description":"Dimethalonil Vecol 65% WG fungicida sist\u00e9mico, translaminar, con acci\u00f3n protectante y antiesporulante, asimilado r\u00e1pidamente en los tejidos de las plantas, distribuci\u00f3n acrop\u00e9tala desde la ra\u00edz hasta las hojas en crecimiento. Protege las plantas durante la penetraci\u00f3n y la formaci\u00f3n de haustorios de los hongos pat\u00f3genos. Ingrediente Activo: DIMETHOMORF 150 gr\/Kg + CLOROTHALONIL 500 gr\/Kg Formulaci\u00f3n: Gr\u00e1nulos Dispersables Presentaci\u00f3n: Frascos por 500g, 1 y 5 Kilos Cultivos: Papa, tomate y rosas Registro ICA No. 1543 a nombre de VECOL S.A.","og_url":"https:\/\/www.vecol.com.co\/en\/product\/dimethalonil\/","og_site_name":"VECOL","article_publisher":"https:\/\/www.facebook.com\/vecolveterinaria","article_modified_time":"2024-12-27T15:34:17+00:00","og_image":[{"width":1920,"height":1920,"url":"https:\/\/www.vecol.com.co\/wp-content\/uploads\/2020\/07\/Dimethalonil500g.jpg","type":"image\/jpeg"}],"twitter_card":"summary_large_image","twitter_site":"@VecolColombia","twitter_misc":{"Est. reading time":"4 minutes"},"schema":{"@context":"https:\/\/schema.org","@graph":[{"@type":"WebPage","@id":"https:\/\/www.vecol.com.co\/en\/product\/dimethalonil\/","url":"https:\/\/www.vecol.com.co\/en\/product\/dimethalonil\/","name":"Dimethalonil\u00ae Vecol 65 WG - systemic fungicide | VECOL","isPartOf":{"@id":"https:\/\/www.vecol.com.co\/#website"},"primaryImageOfPage":{"@id":"https:\/\/www.vecol.com.co\/en\/product\/dimethalonil\/#primaryimage"},"image":{"@id":"https:\/\/www.vecol.com.co\/en\/product\/dimethalonil\/#primaryimage"},"thumbnailUrl":"https:\/\/www.vecol.com.co\/wp-content\/uploads\/2020\/07\/Dimethalonil500g.jpg","datePublished":"2020-07-01T22:27:19+00:00","dateModified":"2024-12-27T15:34:17+00:00","breadcrumb":{"@id":"https:\/\/www.vecol.com.co\/en\/product\/dimethalonil\/#breadcrumb"},"inLanguage":"en-US","potentialAction":[{"@type":"ReadAction","target":["https:\/\/www.vecol.com.co\/en\/product\/dimethalonil\/"]}]},{"@type":"ImageObject","inLanguage":"en-US","@id":"https:\/\/www.vecol.com.co\/en\/product\/dimethalonil\/#primaryimage","url":"https:\/\/www.vecol.com.co\/wp-content\/uploads\/2020\/07\/Dimethalonil500g.jpg","contentUrl":"https:\/\/www.vecol.com.co\/wp-content\/uploads\/2020\/07\/Dimethalonil500g.jpg","width":1920,"height":1920,"caption":"Dimethalonil500g"},{"@type":"BreadcrumbList","@id":"https:\/\/www.vecol.com.co\/en\/product\/dimethalonil\/#breadcrumb","itemListElement":[{"@type":"ListItem","position":1,"name":"Inicio","item":"https:\/\/www.vecol.com.co\/"},{"@type":"ListItem","position":2,"name":"Productos","item":"https:\/\/www.vecol.com.co\/productos\/"},{"@type":"ListItem","position":3,"name":"Dimethalonil\u00ae Vecol 65 WG"}]},{"@type":"WebSite","@id":"https:\/\/www.vecol.com.co\/#website","url":"https:\/\/www.vecol.com.co\/","name":"VECOL","description":"Colombian Veterinary Products Company","publisher":{"@id":"https:\/\/www.vecol.com.co\/#organization"},"potentialAction":[{"@type":"SearchAction","target":{"@type":"EntryPoint","urlTemplate":"https:\/\/www.vecol.com.co\/?s={search_term_string}"},"query-input":{"@type":"PropertyValueSpecification","valueRequired":true,"valueName":"search_term_string"}}],"inLanguage":"en-US"},{"@type":"Organization","@id":"https:\/\/www.vecol.com.co\/#organization","name":"Colombian Veterinary Products Company","url":"https:\/\/www.vecol.com.co\/","logo":{"@type":"ImageObject","inLanguage":"en-US","@id":"https:\/\/www.vecol.com.co\/#\/schema\/logo\/image\/","url":"https:\/\/www.vecol.com.co\/wp-content\/uploads\/2023\/07\/logoVecol.png","contentUrl":"https:\/\/www.vecol.com.co\/wp-content\/uploads\/2023\/07\/logoVecol.png","width":106,"height":106,"caption":"Empresa Colombiana de Productos Veterinarios"},"image":{"@id":"https:\/\/www.vecol.com.co\/#\/schema\/logo\/image\/"},"sameAs":["https:\/\/www.facebook.com\/vecolveterinaria","https:\/\/x.com\/VecolColombia"]}]}},"_links":{"self":[{"href":"https:\/\/www.vecol.com.co\/en\/wp-json\/wp\/v2\/product\/2243","targetHints":{"allow":["GET"]}}],"collection":[{"href":"https:\/\/www.vecol.com.co\/en\/wp-json\/wp\/v2\/product"}],"about":[{"href":"https:\/\/www.vecol.com.co\/en\/wp-json\/wp\/v2\/types\/product"}],"wp:featuredmedia":[{"embeddable":true,"href":"https:\/\/www.vecol.com.co\/en\/wp-json\/wp\/v2\/media\/2979"}],"wp:attachment":[{"href":"https:\/\/www.vecol.com.co\/en\/wp-json\/wp\/v2\/media?parent=2243"}],"wp:term":[{"taxonomy":"product_brand","embeddable":true,"href":"https:\/\/www.vecol.com.co\/en\/wp-json\/wp\/v2\/product_brand?post=2243"},{"taxonomy":"product_cat","embeddable":true,"href":"https:\/\/www.vecol.com.co\/en\/wp-json\/wp\/v2\/product_cat?post=2243"},{"taxonomy":"product_tag","embeddable":true,"href":"https:\/\/www.vecol.com.co\/en\/wp-json\/wp\/v2\/product_tag?post=2243"}],"curies":[{"name":"wp","href":"https:\/\/api.w.org\/{rel}","templated":true}]}}