{"id":2235,"date":"2020-07-01T22:20:47","date_gmt":"2020-07-01T22:20:47","guid":{"rendered":"https:\/\/www.vecol.com.co\/?post_type=product&#038;p=2235"},"modified":"2025-02-12T07:45:21","modified_gmt":"2025-02-12T12:45:21","slug":"tropero","status":"publish","type":"product","link":"https:\/\/www.vecol.com.co\/en\/product\/tropero\/","title":{"rendered":"Tropero Vecol 400 SC\u00ae"},"content":{"rendered":"<table width=\"572\">\n<tbody>\n<tr>\n<td width=\"152\"><strong>DESCRIPCI\u00d3N<\/strong><\/td>\n<td width=\"420\">\n<p style=\"text-align: justify;\">Tropero Vecol 400 SC es un poderoso insecticida que combina dos poderosos modos de acci\u00f3n para controlar eficazmente insectos chupadores. El Lufenuron es un insecticida t\u00f3xico por ingesti\u00f3n que funciona como regulador del crecimiento de los insectos, interfiere en la s\u00edntesis de la quitina y penetra en el insecto m\u00e1s por ingesti\u00f3n.<\/p>\n<p style=\"text-align: justify;\">Imidacloprid act\u00faa interfiriendo la transmisi\u00f3n de los est\u00edmulos nerviosos, al provocar trastornos en la prote\u00edna receptora de la acetilcolina.<\/p>\n<\/td>\n<\/tr>\n<tr>\n<td width=\"152\"><strong>PRESENTACI\u00d3N Y FORMULACI\u00d3N<\/strong><\/td>\n<td width=\"420\">1 kg | Suspensi\u00f3n Concentrada (SC)<\/td>\n<\/tr>\n<tr>\n<td width=\"152\"><\/td>\n<td width=\"420\">\n<ul>\n<li>IMIDACLOPRID 350g\/litro<\/li>\n<li>LUFENURON 50gr\/L<\/li>\n<\/ul>\n<\/td>\n<\/tr>\n<tr>\n<td width=\"152\"><strong>CONTRAINDICACIONES &#8211; FITOTOXICIDAD &#8211; COMPATIBILIDAD<\/strong><\/td>\n<td width=\"420\">\n<p style=\"text-align: justify;\">Se recomienda hacer pruebas previas de mezcla a la preparaci\u00f3n. Usado de acuerdo con lo recomendado es fitocompatible con los cultivos autorizados.<\/p>\n<\/td>\n<\/tr>\n<tr>\n<td width=\"152\"><strong>FORMA DE ADMINISTRACI\u00d3N<\/strong><\/td>\n<td width=\"420\">\n<p style=\"text-align: justify;\">Aspersi\u00f3n foliar terrestre dirigida al cultivo, previa diluci\u00f3n del producto en agua. Puede aplicarse con bomba de espalda siendo recomendable usar boquillas de cono hueco, y un tama\u00f1o de gota de 350-500 \u00b5m aprox (30-40 gotas por cm2) y a presi\u00f3n constante.<\/p>\n<\/td>\n<\/tr>\n<tr>\n<td width=\"152\"><strong>MODO DE ACCI\u00d3N<\/strong><\/td>\n<td width=\"420\">Por ingesti\u00f3n y por contacto, actuando sobre el sistema nervioso.<\/td>\n<\/tr>\n<tr>\n<td width=\"152\"><strong>FRECUENCIA Y \u00c9POCA DE APLICACI\u00d3N<\/strong><\/td>\n<td width=\"420\">\n<p style=\"text-align: justify;\">Aplicar seg\u00fan recomendaci\u00f3n de un Ingeniero agr\u00f3nomo.<\/p>\n<p style=\"text-align: justify;\">Realizar una sola aplicaci\u00f3n en rotaci\u00f3n con insecticidas de diferente mecanismo de acci\u00f3n para evitar problemas de resistencia por parte de la plaga.<\/p>\n<\/td>\n<\/tr>\n<tr>\n<td width=\"152\"><strong>REGISTRO ICA N\u00b0<\/strong><\/td>\n<td width=\"420\">PL0021112023 a nombre de VECOL S.A<\/td>\n<\/tr>\n<tr>\n<td width=\"152\"><strong>BLANCO BIOL\u00d3GICO<\/strong><\/td>\n<td width=\"420\">TOMATE: Mosca blanca (Trialeurodes vaporariorum)<\/p>\n<p>ALGOD\u00d3N: Mosca blanca (Bemisia tabaci)<br \/>\nAGUACATE: Pasador del Fruto<\/td>\n<\/tr>\n<tr>\n<td width=\"152\"><strong>CULTIVOS<\/strong><\/td>\n<td width=\"420\">Tomate bajo invernadero<\/p>\n<p>Algod\u00f3n<br \/>\nAguacate<\/td>\n<\/tr>\n<tr>\n<td width=\"152\"><strong>DOSIS POR CULTIVO<\/strong><\/td>\n<td width=\"420\">\n<ul>\n<li>Tomate bajo Invernadero 600cc\/Ha<\/li>\n<li>Algod\u00f3n 300cc\/Ha<\/li>\n<\/ul>\n<\/td>\n<\/tr>\n<tr>\n<td width=\"152\"><strong>TIPO PRODUCTO <\/strong><\/td>\n<td width=\"420\">\n<p style=\"text-align: justify;\">Insecticida<\/p>\n<\/td>\n<\/tr>\n<tr>\n<td width=\"152\"><strong>INDICACIONES<\/strong><\/td>\n<td width=\"420\">\n<p style=\"text-align: justify;\">Tropero combina dos poderosos modos de acci\u00f3n. El Lufenuron es un insecticida, toxico por ingesti\u00f3n, interfiere en la s\u00edntesis de la quitina y penetra en el insecto m\u00e1s por ingesti\u00f3n que por contacto. Imidacloprid act\u00faa interfiriendo la transmisi\u00f3n de los est\u00edmulos nerviosos, al provocar trastornos en la prote\u00edna receptora de la acetilcolina en las membranas (postsin\u00e1ptico) de los insectos.<\/p>\n<\/td>\n<\/tr>\n<tr>\n<td width=\"152\"><strong>USOS Y BLANCO BIOL\u00d3GICO<\/strong><\/td>\n<td width=\"420\">\n<p style=\"text-align: justify;\"><strong>CULTIVO:<\/strong> Tomate bajo invernadero<\/p>\n<p style=\"text-align: justify;\"><strong>BLANCO BIOL\u00d3GICO:<\/strong>Mosca Blanca (Trialeurodes vap\u00f3rariorum)<\/p>\n<p style=\"text-align: justify;\"><strong>DOSIS:<\/strong>600 cc\/ha<\/p>\n<p style=\"text-align: justify;\"><strong>CULTIVO:<\/strong> Algod\u00f3n<\/p>\n<p style=\"text-align: justify;\"><strong>BLANCO BIOL\u00d3GICO:<\/strong>Mosca Blanca (Bemisia tabaci)<\/p>\n<p style=\"text-align: justify;\"><strong>DOSIS:<\/strong>0,3L\/ha<\/p>\n<p style=\"text-align: justify;\"><strong>CULTIVO:<\/strong> Aguacate<\/p>\n<p style=\"text-align: justify;\"><strong>BLANCO BIOL\u00d3GICO:<\/strong>Pasador del Fruto (Stenoma catenifer Walsingham)<\/p>\n<p style=\"text-align: justify;\"><strong>DOSIS:<\/strong>0.6 l\/ha<\/p>\n<\/td>\n<\/tr>\n<tr>\n<td width=\"152\"><strong>PERIODO DE REENTRADA<\/strong><\/td>\n<td width=\"420\">\n<p style=\"text-align: justify;\"><strong>CULTIVO:<\/strong> Tomate bajo invernadero<\/p>\n<p style=\"text-align: justify;\"><strong>PR:<\/strong> 4 horas<\/p>\n<p style=\"text-align: justify;\"><strong>CULTIVO:<\/strong> Algod\u00f3n<\/p>\n<p style=\"text-align: justify;\"><strong>PR:<\/strong> 4 horas<\/p>\n<p style=\"text-align: justify;\"><strong>CULTIVO:<\/strong> Aguacate<\/p>\n<p style=\"text-align: justify;\"><strong>PR:<\/strong> 4 horas<\/p>\n<\/td>\n<\/tr>\n<tr>\n<td width=\"152\"><strong>PERIODO DE CARENCIA<\/strong><\/td>\n<td width=\"420\">\n<p style=\"text-align: justify;\"><strong>CULTIVO:<\/strong> Tomate bajo invernadero<\/p>\n<p style=\"text-align: justify;\"><strong>PC:<\/strong>20 d\u00edas<\/p>\n<p style=\"text-align: justify;\"><strong>CULTIVO:<\/strong> Algod\u00f3n<\/p>\n<p style=\"text-align: justify;\"><strong>PC:<\/strong> 20 d\u00edas<\/p>\n<p style=\"text-align: justify;\"><strong>CULTIVO:<\/strong> Aguacate<\/p>\n<p style=\"text-align: justify;\"><strong>PC:<\/strong> 15 d\u00edas<\/p>\n<\/td>\n<\/tr>\n<tr>\n<td width=\"152\"><strong>PRECAUCIONES Y ALMACENAMIENTO<\/strong><\/td>\n<td width=\"420\">\n<p style=\"text-align: justify;\"><strong>Evaluaci\u00f3n del Riesgo ambiental:<\/strong><\/p>\n<p style=\"text-align: justify;\">\u201cNo contaminar las fuentes de agua con los restos de la aplicaci\u00f3n o sobrantes del producto\u201d. Para aplicaciones terrestres y a\u00e9reas del producto, se deben \u201cRespetar las franjas de seguridad con relaci\u00f3n a cuerpos de agua\u201d. Dejar franjas de seguridad de 10 y 100 metros respectivamente, con relaci\u00f3n a los cuerpos de agua, casas o carreteras. \u201cNo contamine fuentes de agua\u201d. No descargue ni vierta en el suelo, en sistema de drenaje o cuerpos de agua. T\u00f3xico para abejas expuestas a la aspersi\u00f3n directa (por contacto); no aplicar cuando las abejas se encuentren en actividad en el \u00e1rea a tratar o cuando los cultivos y\/o malezas est\u00e9n en floraci\u00f3n.<\/p>\n<p style=\"text-align: justify;\">\u201cT\u00f3xico para organismos acu\u00e1ticos\u201d. Realizar las aplicaciones con el volumen de agua recomendado para evitar la escorrent\u00eda.<\/p>\n<p style=\"text-align: justify;\">\u201cT\u00f3xico para abejas\u201d \u201cPuede matar insectos polinizadores\u201d \u201cNo aplicar este producto en presencia o actividad de insectos polinizadores o en \u00e9poca de floraci\u00f3n\u201d<\/p>\n<p style=\"text-align: justify;\"><strong>ALMACENAMIENTO Y MANEJO DEL PRODUCTO<\/strong><\/p>\n<p style=\"text-align: justify;\">\u201cNo almacenar en casas de habitaci\u00f3n\u201d<\/p>\n<p style=\"text-align: justify;\">\u201cNo almacenar ni transportar conjuntamente con alimentos, medicinas, bebidas ni forrajes\u201d<\/p>\n<p style=\"text-align: justify;\">\u201cConservar el producto en el envase original etiquetado y cerrado\u201d<\/p>\n<p style=\"text-align: justify;\">\u201cNo re-envasar o depositar el contenido en otros envases\u201d<\/p>\n<p style=\"text-align: justify;\">\u201cNo debe transportarse con productos de consumo humano o animal\u201d<\/p>\n<p style=\"text-align: justify;\">EMERGENCIAS TOXICOL\u00d3GICAS 24 HORAS CISPROQUIM 018000916012 fuera de Bogot\u00e1. En Bogot\u00e1 comunicarse con el tel\u00e9fono (57) 1 2886012.<\/p>\n<\/td>\n<\/tr>\n<tr>\n<td width=\"152\"><strong>REGISTRO ICA<\/strong><\/td>\n<td width=\"420\">\n<p style=\"text-align: justify;\"><strong>PL0021112023<\/strong><\/p>\n<\/td>\n<\/tr>\n<\/tbody>\n<\/table>","protected":false},"excerpt":{"rendered":"<p style=\"text-align: justify;\">Tropero Vecol 400 SC es un poderoso insecticida que combina dos poderosos modos de acci\u00f3n para controlar eficazmente insectos chupadores. El Lufenuron es un insecticida t\u00f3xico por ingesti\u00f3n que funciona como regulador del crecimiento de los insectos, interfiere en la s\u00edntesis de la quitina y penetra en el insecto m\u00e1s por ingesti\u00f3n.<\/p>\n<p style=\"text-align: justify;\">Imidacloprid act\u00faa interfiriendo la transmisi\u00f3n de los est\u00edmulos nerviosos, al provocar trastornos en la prote\u00edna receptora de la acetilcolina.<\/p>","protected":false},"featured_media":3011,"template":"","meta":{"_acf_changed":false,"site-sidebar-layout":"default","site-content-layout":"default","ast-site-content-layout":"default","site-content-style":"default","site-sidebar-style":"default","ast-global-header-display":"","ast-banner-title-visibility":"","ast-main-header-display":"","ast-hfb-above-header-display":"","ast-hfb-below-header-display":"","ast-hfb-mobile-header-display":"","site-post-title":"","ast-breadcrumbs-content":"","ast-featured-img":"","footer-sml-layout":"","ast-disable-related-posts":"","theme-transparent-header-meta":"default","adv-header-id-meta":"","stick-header-meta":"","header-above-stick-meta":"","header-main-stick-meta":"","header-below-stick-meta":"","astra-migrate-meta-layouts":"set","ast-page-background-enabled":"default","ast-page-background-meta":{"desktop":{"background-color":"","background-image":"","background-repeat":"repeat","background-position":"center center","background-size":"auto","background-attachment":"scroll","background-type":"","background-media":"","overlay-type":"","overlay-color":"","overlay-opacity":"","overlay-gradient":""},"tablet":{"background-color":"","background-image":"","background-repeat":"repeat","background-position":"center center","background-size":"auto","background-attachment":"scroll","background-type":"","background-media":"","overlay-type":"","overlay-color":"","overlay-opacity":"","overlay-gradient":""},"mobile":{"background-color":"","background-image":"","background-repeat":"repeat","background-position":"center center","background-size":"auto","background-attachment":"scroll","background-type":"","background-media":"","overlay-type":"","overlay-color":"","overlay-opacity":"","overlay-gradient":""}},"ast-content-background-meta":{"desktop":{"background-color":"var(--ast-global-color-5)","background-image":"","background-repeat":"repeat","background-position":"center center","background-size":"auto","background-attachment":"scroll","background-type":"","background-media":"","overlay-type":"","overlay-color":"","overlay-opacity":"","overlay-gradient":""},"tablet":{"background-color":"var(--ast-global-color-5)","background-image":"","background-repeat":"repeat","background-position":"center center","background-size":"auto","background-attachment":"scroll","background-type":"","background-media":"","overlay-type":"","overlay-color":"","overlay-opacity":"","overlay-gradient":""},"mobile":{"background-color":"var(--ast-global-color-5)","background-image":"","background-repeat":"repeat","background-position":"center center","background-size":"auto","background-attachment":"scroll","background-type":"","background-media":"","overlay-type":"","overlay-color":"","overlay-opacity":"","overlay-gradient":""}}},"product_brand":[],"product_cat":[23,45],"product_tag":[],"class_list":{"0":"post-2235","1":"product","2":"type-product","3":"status-publish","4":"has-post-thumbnail","6":"product_cat-agricola-y-fertilizantes","7":"product_cat-insecticidas","8":"desktop-align-left","9":"tablet-align-left","10":"mobile-align-left","12":"first","13":"instock","14":"shipping-taxable","15":"product-type-simple"},"acf":[],"yoast_head":"<!-- This site is optimized with the Yoast SEO plugin v27.3 - https:\/\/yoast.com\/product\/yoast-seo-wordpress\/ -->\n<title>Tropero Vecol 400 SC\u00ae - VECOL<\/title>\n<meta name=\"robots\" content=\"index, follow, max-snippet:-1, max-image-preview:large, max-video-preview:-1\" \/>\n<link rel=\"canonical\" href=\"https:\/\/www.vecol.com.co\/en\/product\/tropero\/\" \/>\n<meta property=\"og:locale\" content=\"en_US\" \/>\n<meta property=\"og:type\" content=\"article\" \/>\n<meta property=\"og:title\" content=\"Tropero Vecol 400 SC\u00ae - VECOL\" \/>\n<meta property=\"og:description\" content=\"Tropero Vecol 400 SC es un poderoso insecticida que combina dos poderosos modos de acci\u00f3n para controlar eficazmente insectos chupadores. El Lufenuron es un insecticida t\u00f3xico por ingesti\u00f3n que funciona como regulador del crecimiento de los insectos, interfiere en la s\u00edntesis de la quitina y penetra en el insecto m\u00e1s por ingesti\u00f3n. Imidacloprid act\u00faa interfiriendo la transmisi\u00f3n de los est\u00edmulos nerviosos, al provocar trastornos en la prote\u00edna receptora de la acetilcolina.\" \/>\n<meta property=\"og:url\" content=\"https:\/\/www.vecol.com.co\/en\/product\/tropero\/\" \/>\n<meta property=\"og:site_name\" content=\"VECOL\" \/>\n<meta property=\"article:publisher\" content=\"https:\/\/www.facebook.com\/vecolveterinaria\" \/>\n<meta property=\"article:modified_time\" content=\"2025-02-12T12:45:21+00:00\" \/>\n<meta property=\"og:image\" content=\"https:\/\/www.vecol.com.co\/wp-content\/uploads\/2020\/07\/Tropero-400-SC.jpg\" \/>\n\t<meta property=\"og:image:width\" content=\"1920\" \/>\n\t<meta property=\"og:image:height\" content=\"1920\" \/>\n\t<meta property=\"og:image:type\" content=\"image\/jpeg\" \/>\n<meta name=\"twitter:card\" content=\"summary_large_image\" \/>\n<meta name=\"twitter:site\" content=\"@VecolColombia\" \/>\n<meta name=\"twitter:label1\" content=\"Est. reading time\" \/>\n\t<meta name=\"twitter:data1\" content=\"3 minutes\" \/>\n<script type=\"application\/ld+json\" class=\"yoast-schema-graph\">{\"@context\":\"https:\\\/\\\/schema.org\",\"@graph\":[{\"@type\":\"WebPage\",\"@id\":\"https:\\\/\\\/www.vecol.com.co\\\/producto\\\/tropero\\\/\",\"url\":\"https:\\\/\\\/www.vecol.com.co\\\/producto\\\/tropero\\\/\",\"name\":\"Tropero Vecol 400 SC\u00ae - VECOL\",\"isPartOf\":{\"@id\":\"https:\\\/\\\/www.vecol.com.co\\\/#website\"},\"primaryImageOfPage\":{\"@id\":\"https:\\\/\\\/www.vecol.com.co\\\/producto\\\/tropero\\\/#primaryimage\"},\"image\":{\"@id\":\"https:\\\/\\\/www.vecol.com.co\\\/producto\\\/tropero\\\/#primaryimage\"},\"thumbnailUrl\":\"https:\\\/\\\/www.vecol.com.co\\\/wp-content\\\/uploads\\\/2020\\\/07\\\/Tropero-400-SC.jpg\",\"datePublished\":\"2020-07-01T22:20:47+00:00\",\"dateModified\":\"2025-02-12T12:45:21+00:00\",\"breadcrumb\":{\"@id\":\"https:\\\/\\\/www.vecol.com.co\\\/producto\\\/tropero\\\/#breadcrumb\"},\"inLanguage\":\"en-US\",\"potentialAction\":[{\"@type\":\"ReadAction\",\"target\":[\"https:\\\/\\\/www.vecol.com.co\\\/producto\\\/tropero\\\/\"]}]},{\"@type\":\"ImageObject\",\"inLanguage\":\"en-US\",\"@id\":\"https:\\\/\\\/www.vecol.com.co\\\/producto\\\/tropero\\\/#primaryimage\",\"url\":\"https:\\\/\\\/www.vecol.com.co\\\/wp-content\\\/uploads\\\/2020\\\/07\\\/Tropero-400-SC.jpg\",\"contentUrl\":\"https:\\\/\\\/www.vecol.com.co\\\/wp-content\\\/uploads\\\/2020\\\/07\\\/Tropero-400-SC.jpg\",\"width\":1920,\"height\":1920,\"caption\":\"Tropero 400 SC\"},{\"@type\":\"BreadcrumbList\",\"@id\":\"https:\\\/\\\/www.vecol.com.co\\\/producto\\\/tropero\\\/#breadcrumb\",\"itemListElement\":[{\"@type\":\"ListItem\",\"position\":1,\"name\":\"Inicio\",\"item\":\"https:\\\/\\\/www.vecol.com.co\\\/\"},{\"@type\":\"ListItem\",\"position\":2,\"name\":\"Productos\",\"item\":\"https:\\\/\\\/www.vecol.com.co\\\/productos\\\/\"},{\"@type\":\"ListItem\",\"position\":3,\"name\":\"Tropero Vecol 400 SC\u00ae\"}]},{\"@type\":\"WebSite\",\"@id\":\"https:\\\/\\\/www.vecol.com.co\\\/#website\",\"url\":\"https:\\\/\\\/www.vecol.com.co\\\/\",\"name\":\"VECOL\",\"description\":\"Empresa Colombiana de Productos Veterinarios\",\"publisher\":{\"@id\":\"https:\\\/\\\/www.vecol.com.co\\\/#organization\"},\"potentialAction\":[{\"@type\":\"SearchAction\",\"target\":{\"@type\":\"EntryPoint\",\"urlTemplate\":\"https:\\\/\\\/www.vecol.com.co\\\/?s={search_term_string}\"},\"query-input\":{\"@type\":\"PropertyValueSpecification\",\"valueRequired\":true,\"valueName\":\"search_term_string\"}}],\"inLanguage\":\"en-US\"},{\"@type\":\"Organization\",\"@id\":\"https:\\\/\\\/www.vecol.com.co\\\/#organization\",\"name\":\"Empresa Colombiana de Productos Veterinarios\",\"url\":\"https:\\\/\\\/www.vecol.com.co\\\/\",\"logo\":{\"@type\":\"ImageObject\",\"inLanguage\":\"en-US\",\"@id\":\"https:\\\/\\\/www.vecol.com.co\\\/#\\\/schema\\\/logo\\\/image\\\/\",\"url\":\"https:\\\/\\\/www.vecol.com.co\\\/wp-content\\\/uploads\\\/2023\\\/07\\\/logoVecol.png\",\"contentUrl\":\"https:\\\/\\\/www.vecol.com.co\\\/wp-content\\\/uploads\\\/2023\\\/07\\\/logoVecol.png\",\"width\":106,\"height\":106,\"caption\":\"Empresa Colombiana de Productos Veterinarios\"},\"image\":{\"@id\":\"https:\\\/\\\/www.vecol.com.co\\\/#\\\/schema\\\/logo\\\/image\\\/\"},\"sameAs\":[\"https:\\\/\\\/www.facebook.com\\\/vecolveterinaria\",\"https:\\\/\\\/x.com\\\/VecolColombia\"]}]}<\/script>\n<!-- \/ Yoast SEO plugin. -->","yoast_head_json":{"title":"Tropero Vecol 400 SC\u00ae - VECOL","robots":{"index":"index","follow":"follow","max-snippet":"max-snippet:-1","max-image-preview":"max-image-preview:large","max-video-preview":"max-video-preview:-1"},"canonical":"https:\/\/www.vecol.com.co\/en\/product\/tropero\/","og_locale":"en_US","og_type":"article","og_title":"Tropero Vecol 400 SC\u00ae - VECOL","og_description":"Tropero Vecol 400 SC es un poderoso insecticida que combina dos poderosos modos de acci\u00f3n para controlar eficazmente insectos chupadores. El Lufenuron es un insecticida t\u00f3xico por ingesti\u00f3n que funciona como regulador del crecimiento de los insectos, interfiere en la s\u00edntesis de la quitina y penetra en el insecto m\u00e1s por ingesti\u00f3n. Imidacloprid act\u00faa interfiriendo la transmisi\u00f3n de los est\u00edmulos nerviosos, al provocar trastornos en la prote\u00edna receptora de la acetilcolina.","og_url":"https:\/\/www.vecol.com.co\/en\/product\/tropero\/","og_site_name":"VECOL","article_publisher":"https:\/\/www.facebook.com\/vecolveterinaria","article_modified_time":"2025-02-12T12:45:21+00:00","og_image":[{"width":1920,"height":1920,"url":"https:\/\/www.vecol.com.co\/wp-content\/uploads\/2020\/07\/Tropero-400-SC.jpg","type":"image\/jpeg"}],"twitter_card":"summary_large_image","twitter_site":"@VecolColombia","twitter_misc":{"Est. reading time":"3 minutes"},"schema":{"@context":"https:\/\/schema.org","@graph":[{"@type":"WebPage","@id":"https:\/\/www.vecol.com.co\/producto\/tropero\/","url":"https:\/\/www.vecol.com.co\/producto\/tropero\/","name":"Tropero Vecol 400 SC\u00ae - VECOL","isPartOf":{"@id":"https:\/\/www.vecol.com.co\/#website"},"primaryImageOfPage":{"@id":"https:\/\/www.vecol.com.co\/producto\/tropero\/#primaryimage"},"image":{"@id":"https:\/\/www.vecol.com.co\/producto\/tropero\/#primaryimage"},"thumbnailUrl":"https:\/\/www.vecol.com.co\/wp-content\/uploads\/2020\/07\/Tropero-400-SC.jpg","datePublished":"2020-07-01T22:20:47+00:00","dateModified":"2025-02-12T12:45:21+00:00","breadcrumb":{"@id":"https:\/\/www.vecol.com.co\/producto\/tropero\/#breadcrumb"},"inLanguage":"en-US","potentialAction":[{"@type":"ReadAction","target":["https:\/\/www.vecol.com.co\/producto\/tropero\/"]}]},{"@type":"ImageObject","inLanguage":"en-US","@id":"https:\/\/www.vecol.com.co\/producto\/tropero\/#primaryimage","url":"https:\/\/www.vecol.com.co\/wp-content\/uploads\/2020\/07\/Tropero-400-SC.jpg","contentUrl":"https:\/\/www.vecol.com.co\/wp-content\/uploads\/2020\/07\/Tropero-400-SC.jpg","width":1920,"height":1920,"caption":"Tropero 400 SC"},{"@type":"BreadcrumbList","@id":"https:\/\/www.vecol.com.co\/producto\/tropero\/#breadcrumb","itemListElement":[{"@type":"ListItem","position":1,"name":"Inicio","item":"https:\/\/www.vecol.com.co\/"},{"@type":"ListItem","position":2,"name":"Productos","item":"https:\/\/www.vecol.com.co\/productos\/"},{"@type":"ListItem","position":3,"name":"Tropero Vecol 400 SC\u00ae"}]},{"@type":"WebSite","@id":"https:\/\/www.vecol.com.co\/#website","url":"https:\/\/www.vecol.com.co\/","name":"VECOL","description":"Colombian Veterinary Products Company","publisher":{"@id":"https:\/\/www.vecol.com.co\/#organization"},"potentialAction":[{"@type":"SearchAction","target":{"@type":"EntryPoint","urlTemplate":"https:\/\/www.vecol.com.co\/?s={search_term_string}"},"query-input":{"@type":"PropertyValueSpecification","valueRequired":true,"valueName":"search_term_string"}}],"inLanguage":"en-US"},{"@type":"Organization","@id":"https:\/\/www.vecol.com.co\/#organization","name":"Colombian Veterinary Products Company","url":"https:\/\/www.vecol.com.co\/","logo":{"@type":"ImageObject","inLanguage":"en-US","@id":"https:\/\/www.vecol.com.co\/#\/schema\/logo\/image\/","url":"https:\/\/www.vecol.com.co\/wp-content\/uploads\/2023\/07\/logoVecol.png","contentUrl":"https:\/\/www.vecol.com.co\/wp-content\/uploads\/2023\/07\/logoVecol.png","width":106,"height":106,"caption":"Empresa Colombiana de Productos Veterinarios"},"image":{"@id":"https:\/\/www.vecol.com.co\/#\/schema\/logo\/image\/"},"sameAs":["https:\/\/www.facebook.com\/vecolveterinaria","https:\/\/x.com\/VecolColombia"]}]}},"_links":{"self":[{"href":"https:\/\/www.vecol.com.co\/en\/wp-json\/wp\/v2\/product\/2235","targetHints":{"allow":["GET"]}}],"collection":[{"href":"https:\/\/www.vecol.com.co\/en\/wp-json\/wp\/v2\/product"}],"about":[{"href":"https:\/\/www.vecol.com.co\/en\/wp-json\/wp\/v2\/types\/product"}],"wp:featuredmedia":[{"embeddable":true,"href":"https:\/\/www.vecol.com.co\/en\/wp-json\/wp\/v2\/media\/3011"}],"wp:attachment":[{"href":"https:\/\/www.vecol.com.co\/en\/wp-json\/wp\/v2\/media?parent=2235"}],"wp:term":[{"taxonomy":"product_brand","embeddable":true,"href":"https:\/\/www.vecol.com.co\/en\/wp-json\/wp\/v2\/product_brand?post=2235"},{"taxonomy":"product_cat","embeddable":true,"href":"https:\/\/www.vecol.com.co\/en\/wp-json\/wp\/v2\/product_cat?post=2235"},{"taxonomy":"product_tag","embeddable":true,"href":"https:\/\/www.vecol.com.co\/en\/wp-json\/wp\/v2\/product_tag?post=2235"}],"curies":[{"name":"wp","href":"https:\/\/api.w.org\/{rel}","templated":true}]}}