{"id":2233,"date":"2020-07-01T22:19:05","date_gmt":"2020-07-01T22:19:05","guid":{"rendered":"https:\/\/www.vecol.com.co\/?post_type=product&#038;p=2233"},"modified":"2025-02-12T12:19:18","modified_gmt":"2025-02-12T17:19:18","slug":"thiamethoxam","status":"publish","type":"product","link":"https:\/\/www.vecol.com.co\/en\/product\/thiamethoxam\/","title":{"rendered":"Thiamethoxam Top Vecol 247 SC"},"content":{"rendered":"<table width=\"572\">\n<tbody>\n<tr>\n<td width=\"152\"><strong>DESCRIPCI\u00d3N<\/strong><\/td>\n<td width=\"420\">\n<p style=\"text-align: justify;\">Thiamethoxam Vecol 247 SC es un insecticida que combina dos poderosos modos de acci\u00f3n. Sist\u00e9mico de tiamethoxam que es absorbido y distribuido por el follaje y traslocado en toda la planta, actuando por ingesti\u00f3n y de contacto de Lambda Cyalotrina, con un r\u00e1pido efecto de derribe (Knock-down). Tambi\u00e9n posee un marcado efecto de repelencia y acci\u00f3n antialimentaria.<\/p>\n<\/td>\n<\/tr>\n<tr>\n<td width=\"152\"><strong>PRESENTACI\u00d3N Y FORMULACI\u00d3N<\/strong><\/td>\n<td width=\"420\">Frasco, Garrafa y Caneca Pet \/ Coex: por 100, 250 , 500 ml. 1 y 4 litros<\/td>\n<\/tr>\n<tr>\n<td width=\"152\"><strong>COMPOSICI\u00d3N<\/strong><\/td>\n<td width=\"420\">\n<ul>\n<li>THIAMETHOXAM 141g\/L<\/li>\n<li>LAMBDACIALOTRINA 106g\/L<\/li>\n<\/ul>\n<\/td>\n<\/tr>\n<tr>\n<td width=\"152\"><strong>CONTRAINDICACIONES &#8211; FITOTOXICIDAD &#8211; COMPATIBILIDAD<\/strong><\/td>\n<td width=\"420\">\n<p style=\"text-align: justify;\">Fitotoxicidad: no se han observado efectos fitot\u00f3xicos usando las dosis y formas recomendadas.<\/p>\n<p style=\"text-align: justify;\">Se recomienda realizar una premezcla con otros productos agroqu\u00edmicos cuando van en mezcla para ver la reacci\u00f3n de los mismos.<\/p>\n<p>&nbsp;<\/td>\n<\/tr>\n<tr>\n<td width=\"152\"><strong>FORMA DE ADMINISTRACI\u00d3N<\/strong><\/td>\n<td width=\"420\">\n<p style=\"text-align: justify;\">Aspersi\u00f3n foliar terrestre dirigida al cultivo, previa diluci\u00f3n del producto en agua. Puede aplicarse con bomba de espalda siendo recomendable usar boquillas de cono hueco, y un tama\u00f1o de gota de 350-500 \u00b5m aprox (30-40 gotas por cm2) y a presi\u00f3n constante.<\/p>\n<\/td>\n<\/tr>\n<tr>\n<td width=\"152\"><strong>MODO DE ACCI\u00d3N<\/strong><\/td>\n<td width=\"420\">\n<p style=\"text-align: justify;\">Sist\u00e8mico de Thiamethoxam para control de plagas que se alimentan de tejidos vegetales y Lambda Cyalotryina con un r\u00e1pido derribe. Tambi\u00e9n ofrece un marcado efecto de repelencia y acci\u00f3n antialimentaria.<\/p>\n<\/td>\n<\/tr>\n<tr>\n<td style=\"text-align: justify;\" width=\"152\"><strong>FRECUENCIA Y \u00c9POCA DE APLICACI\u00d3N<\/strong><\/td>\n<td width=\"420\">\n<p style=\"text-align: justify;\">Aplicar en forma preventiva o con condiciones favorables para el desarrollo de la enfermedad.<\/p>\n<p style=\"text-align: justify;\">Aplicar en rotaci\u00f3n con insecticidas de diferente mecanismo de acci\u00f3n. Aplicar de acuerdo a lo recomendado por un Ingeniero Agr\u00f3nomo.<\/p>\n<\/td>\n<\/tr>\n<tr>\n<td width=\"152\"><strong>REGISTRO ICA N\u00b0<\/strong><\/td>\n<td width=\"420\">PL0018492023 a nombre de VECOL S.A.<\/td>\n<\/tr>\n<tr>\n<td width=\"152\"><strong>BLANCO BIOL\u00d3GICO<\/strong><\/td>\n<td width=\"420\">Arroz: Sogata, Tagasodes orizicolus<\/p>\n<p>Cebolla: Trips (Trips tabacci)<\/p>\n<p>Papa: Polilla guatemalteca (Tesia solanivora)<\/p>\n<p>Palma: Barrenador de la ra\u00edz (Salagassa valida)<\/p>\n<p>Algod\u00f3n: Mosca blanca (Bemissia tabacci)<\/p>\n<p>Potreros: Chinche de los pastos (Collaria columbiensis)<\/p>\n<p>Clavel: Trips (Frankliniella occidentalis)<\/td>\n<\/tr>\n<tr>\n<td width=\"152\"><strong>CULTIVOS<\/strong><\/td>\n<td width=\"420\">Arroz<\/p>\n<p>Cebolla<\/p>\n<p>Papa<\/p>\n<p>Algod\u00f3n<\/p>\n<p>Potreros<\/p>\n<p>Clavel<\/p>\n<p>Aguacate<\/td>\n<\/tr>\n<tr>\n<td width=\"152\"><strong>DOSIS POR CULTIVO<\/strong><\/td>\n<td width=\"420\">\n<ul>\n<li>Arroz 0.200 L\/Ha<\/li>\n<li>Cebolla 0.400L\/Ha<\/li>\n<li>Papa 0.600L\/Ha<\/li>\n<li>Palma 0.500L\/Ha<\/li>\n<li>Algod\u00f3n 0.350L\/Ha<\/li>\n<li>Potreros 0.100L\/Ha<\/li>\n<li>Clavel 1L\/Ha<\/li>\n<\/ul>\n<\/td>\n<\/tr>\n<tr>\n<td width=\"152\"><strong>TIPO PRODUCTO <\/strong><\/td>\n<td width=\"420\">\n<p style=\"text-align: justify;\">Insecticida<\/p>\n<\/td>\n<\/tr>\n<tr>\n<td width=\"152\"><strong>INDICACIONES<\/strong><\/td>\n<td width=\"420\">\n<p style=\"text-align: justify;\">Es altamente sist\u00e9mico, act\u00faa por contacto e ingesti\u00f3n protegiendo completamente la planta.<\/p>\n<\/td>\n<\/tr>\n<tr>\n<td width=\"152\"><strong>USOS Y BLANCO BIOL\u00d3GICO<\/strong><\/td>\n<td width=\"420\">\n<p style=\"text-align: justify;\"><strong>CULTIVO:<\/strong> Arroz<\/p>\n<p style=\"text-align: justify;\"><strong>BLANCO BIOL\u00d3GICO:<\/strong>Sogata (Tagaso des orizicolus)<\/p>\n<p style=\"text-align: justify;\"><strong>DOSIS:<\/strong>0,2 L\/ha<\/p>\n<p style=\"text-align: justify;\"><strong>CULTIVO:<\/strong> Algod\u00f3n<\/p>\n<p style=\"text-align: justify;\"><strong>BLANCO BIOL\u00d3GICO:<\/strong> Mosca Blanca (Bemisia tabaci)<\/p>\n<p style=\"text-align: justify;\"><strong>DOSIS:<\/strong>0,3L\/ha<\/p>\n<p style=\"text-align: justify;\"><strong>CULTIVO:<\/strong> Papa<\/p>\n<p style=\"text-align: justify;\"><strong>BLANCO BIOL\u00d3GICO:<\/strong>Polilla Guatemalteca (Tecia Sol anivora)<\/p>\n<p style=\"text-align: justify;\"><strong>DOSIS:<\/strong>0.6 L\/ha<\/p>\n<p style=\"text-align: justify;\"><strong>CULTIVO:<\/strong> Potreros<\/p>\n<p style=\"text-align: justify;\"><strong>BLANCO BIOL\u00d3GICO:<\/strong>Chinche de los pastos (Collar\u00eda Columbiensis)<\/p>\n<p style=\"text-align: justify;\"><strong>DOSIS:<\/strong>0.1 L\/ha<\/p>\n<p style=\"text-align: justify;\"><strong>CULTIVO:<\/strong> Clavel<\/p>\n<p style=\"text-align: justify;\"><strong>BLANCO BIOL\u00d3GICO:<\/strong>Trips (Frankliniella occidentalis)<\/p>\n<p style=\"text-align: justify;\"><strong>DOSIS:<\/strong>1 L\/ha<\/p>\n<p style=\"text-align: justify;\"><strong>CULTIVO:<\/strong> Palma africana<\/p>\n<p style=\"text-align: justify;\"><strong>BLANCO BIOL\u00d3GICO:<\/strong>Barrenador de la Ra\u00edz (Sagalassa valida)<\/p>\n<p style=\"text-align: justify;\"><strong>DOSIS:<\/strong>0.5 L\/ha<\/p>\n<p style=\"text-align: justify;\"><strong>CULTIVO:<\/strong> Aguacate<\/p>\n<p style=\"text-align: justify;\"><strong>BLANCO BIOL\u00d3GICO:<\/strong>Pasador del fruto (Stenoma catenifer Walsingham)<\/p>\n<p style=\"text-align: justify;\"><strong>DOSIS:<\/strong>0.75 L\/ha<\/p>\n<\/td>\n<\/tr>\n<tr>\n<td width=\"152\"><strong>PERIODO DE REENTRADA<\/strong><\/td>\n<td width=\"420\">\n<p style=\"text-align: justify;\"><strong>CULTIVO:<\/strong> Arroz<\/p>\n<p style=\"text-align: justify;\"><strong>PR:<\/strong> 4 horas<\/p>\n<p style=\"text-align: justify;\"><strong>CULTIVO:<\/strong> Algod\u00f3n<\/p>\n<p style=\"text-align: justify;\"><strong>PR:<\/strong> 4 horas<\/p>\n<p style=\"text-align: justify;\"><strong>CULTIVO:<\/strong> Papa<\/p>\n<p style=\"text-align: justify;\"><strong>PR:<\/strong> 4 horas<\/p>\n<p style=\"text-align: justify;\"><strong>CULTIVO:<\/strong> Potreros<\/p>\n<p style=\"text-align: justify;\"><strong>PR:<\/strong> 4 horas<\/p>\n<p style=\"text-align: justify;\"><strong>CULTIVO:<\/strong> Clavel<\/p>\n<p style=\"text-align: justify;\"><strong>PR:<\/strong> 4 horas<\/p>\n<p style=\"text-align: justify;\"><strong>CULTIVO:<\/strong> Palma africana<\/p>\n<p style=\"text-align: justify;\"><strong>PR:<\/strong> 4 horas<\/p>\n<p style=\"text-align: justify;\"><strong>CULTIVO:<\/strong> Aguacate<\/p>\n<p style=\"text-align: justify;\"><strong>PR:<\/strong> 4 horas<\/p>\n<\/td>\n<\/tr>\n<tr>\n<td width=\"152\"><strong>PERIODO DE CARENCIA<\/strong><\/td>\n<td width=\"420\">\n<p style=\"text-align: justify;\"><strong>CULTIVO:<\/strong> Arroz<\/p>\n<p style=\"text-align: justify;\"><strong>PC:<\/strong>7 d\u00edas<\/p>\n<p style=\"text-align: justify;\"><strong>CULTIVO:<\/strong> Algod\u00f3n<\/p>\n<p style=\"text-align: justify;\"><strong>PC:<\/strong> N.A<\/p>\n<p style=\"text-align: justify;\"><strong>CULTIVO:<\/strong> Papa<\/p>\n<p style=\"text-align: justify;\"><strong>PC:<\/strong> N.A<\/p>\n<p style=\"text-align: justify;\"><strong>CULTIVO:<\/strong> Potreros<\/p>\n<p style=\"text-align: justify;\"><strong>PC:<\/strong> N.A<\/p>\n<p style=\"text-align: justify;\"><strong>CULTIVO:<\/strong> Clavel<\/p>\n<p style=\"text-align: justify;\"><strong>PC:<\/strong> N.A<\/p>\n<p style=\"text-align: justify;\"><strong>CULTIVO:<\/strong> Palma africana<\/p>\n<p style=\"text-align: justify;\"><strong>PC:<\/strong> N.A<\/p>\n<p style=\"text-align: justify;\"><strong>CULTIVO:<\/strong> Aguacate<\/p>\n<p style=\"text-align: justify;\"><strong>PC:<\/strong>7 d\u00edas<\/p>\n<\/td>\n<\/tr>\n<tr>\n<td width=\"152\"><strong>PRECAUCIONES Y ALMACENAMIENTO<\/strong><\/td>\n<td width=\"420\">\n<p style=\"text-align: justify;\"><strong>Evaluaci\u00f3n del Riesgo ambiental:<\/strong><\/p>\n<ul>\n<li>Aves: No existe riesgo para las aves<\/li>\n<li>Peces: Extremadamente t\u00f3xico para organismos acu\u00e1ticos<\/li>\n<li>Abejas: Altamente t\u00f3xico para abejas<\/li>\n<li>Lombriz de tierra: No existe para las lombrices<\/li>\n<\/ul>\n<p style=\"text-align: justify;\">\u201cPara la aplicaci\u00f3n \u00e1rea y terrestre respetar las franjas de seguridad de 100 y 10 metros respectivamente con relaci\u00f3n a cuerpos de agua\u201d<\/p>\n<p style=\"text-align: justify;\">\u201cNo contaminar lagos, r\u00edos, estanques o arroyos con los desechos y envases vac\u00edos\u201d<\/p>\n<p style=\"text-align: justify;\">\u201cEn caso de derrame recoger el producto y depositarlo en el sitio destinado por las autoridades locales para este fin\u201d<\/p>\n<p style=\"text-align: justify;\">\u201cNo contaminar las fuentes de agua con los restos de la aplicaci\u00f3n o sobrantes del producto\u201d<\/p>\n<p style=\"text-align: justify;\"><strong>ALMACENAMIENTO Y MANEJO DEL PRODUCTO<\/strong><\/p>\n<p style=\"text-align: justify;\">\u201cNo almacenar en casas de habitaci\u00f3n\u201d<\/p>\n<p style=\"text-align: justify;\">\u201cNo almacenar ni transportar conjuntamente con alimentos, medicinas, bebidas ni forrajes\u201d<\/p>\n<p style=\"text-align: justify;\">\u201cConservar el producto en el envase original etiquetado y cerrado\u201d<\/p>\n<p style=\"text-align: justify;\">\u201cNo re-envasar o depositar el contenido en otros envases\u201d<\/p>\n<p style=\"text-align: justify;\">\u201cNo debe transportarse con productos de consumo humano o animal\u201d<\/p>\n<p style=\"text-align: justify;\">EMERGENCIAS TOXICOL\u00d3GICAS 24 HORAS CISPROQUIM 018000916012 fuera de Bogot\u00e1. En Bogot\u00e1 comunicarse con el tel\u00e9fono (57) 1 2886012.<\/p>\n<\/td>\n<\/tr>\n<tr>\n<td width=\"152\"><strong>REGISTRO ICA<\/strong><\/td>\n<td width=\"420\">\n<p style=\"text-align: justify;\"><strong>PL0018492023<\/strong><\/p>\n<\/td>\n<\/tr>\n<\/tbody>\n<\/table>","protected":false},"excerpt":{"rendered":"<p>Thiamethoxam Vecol 247 SC es un insecticida que combina dos poderosos modos de acci\u00f3n. Sist\u00e9mico de tiamethoxam que es absorbido y distribuido por el follaje y traslocado en toda la planta, actuando por ingesti\u00f3n y de contacto de Lambda Cyalotrina, con un r\u00e1pido efecto de derribe (Knock-down). Tambi\u00e9n posee un marcado efecto de repelencia y acci\u00f3n antialimentaria.<\/p>\n<p>La comercializaci\u00f3n y utilizaci\u00f3n del producto THIAMETHOXAN TOP VECOL 247 SC est\u00e1 <strong><u>PROH\u00cdBIDA<\/u><\/strong> en los territorios colectivos del Consejo Comunitario de Alto Mira y Frontera de la zona de la Cuenca del Pac\u00edfico del Departamento de Nari\u00f1o, para el <strong><u>cultivo de palma<\/u><\/strong>.<\/p>\n<p>Esto, conforme al fallo de Segunda Instancia proferido por el Tribunal Superior del Distrito Judicial de Cali del 22 de abril de 2013.<\/p>","protected":false},"featured_media":11269,"template":"","meta":{"_acf_changed":false,"site-sidebar-layout":"default","site-content-layout":"default","ast-site-content-layout":"default","site-content-style":"default","site-sidebar-style":"default","ast-global-header-display":"","ast-banner-title-visibility":"","ast-main-header-display":"","ast-hfb-above-header-display":"","ast-hfb-below-header-display":"","ast-hfb-mobile-header-display":"","site-post-title":"","ast-breadcrumbs-content":"","ast-featured-img":"","footer-sml-layout":"","ast-disable-related-posts":"","theme-transparent-header-meta":"default","adv-header-id-meta":"","stick-header-meta":"","header-above-stick-meta":"","header-main-stick-meta":"","header-below-stick-meta":"","astra-migrate-meta-layouts":"set","ast-page-background-enabled":"default","ast-page-background-meta":{"desktop":{"background-color":"","background-image":"","background-repeat":"repeat","background-position":"center center","background-size":"auto","background-attachment":"scroll","background-type":"","background-media":"","overlay-type":"","overlay-color":"","overlay-opacity":"","overlay-gradient":""},"tablet":{"background-color":"","background-image":"","background-repeat":"repeat","background-position":"center center","background-size":"auto","background-attachment":"scroll","background-type":"","background-media":"","overlay-type":"","overlay-color":"","overlay-opacity":"","overlay-gradient":""},"mobile":{"background-color":"","background-image":"","background-repeat":"repeat","background-position":"center center","background-size":"auto","background-attachment":"scroll","background-type":"","background-media":"","overlay-type":"","overlay-color":"","overlay-opacity":"","overlay-gradient":""}},"ast-content-background-meta":{"desktop":{"background-color":"var(--ast-global-color-5)","background-image":"","background-repeat":"repeat","background-position":"center center","background-size":"auto","background-attachment":"scroll","background-type":"","background-media":"","overlay-type":"","overlay-color":"","overlay-opacity":"","overlay-gradient":""},"tablet":{"background-color":"var(--ast-global-color-5)","background-image":"","background-repeat":"repeat","background-position":"center center","background-size":"auto","background-attachment":"scroll","background-type":"","background-media":"","overlay-type":"","overlay-color":"","overlay-opacity":"","overlay-gradient":""},"mobile":{"background-color":"var(--ast-global-color-5)","background-image":"","background-repeat":"repeat","background-position":"center center","background-size":"auto","background-attachment":"scroll","background-type":"","background-media":"","overlay-type":"","overlay-color":"","overlay-opacity":"","overlay-gradient":""}}},"product_brand":[],"product_cat":[23,45],"product_tag":[],"class_list":{"0":"post-2233","1":"product","2":"type-product","3":"status-publish","4":"has-post-thumbnail","6":"product_cat-agricola-y-fertilizantes","7":"product_cat-insecticidas","8":"desktop-align-left","9":"tablet-align-left","10":"mobile-align-left","12":"first","13":"instock","14":"shipping-taxable","15":"product-type-simple"},"acf":[],"yoast_head":"<!-- This site is optimized with the Yoast SEO plugin v27.3 - https:\/\/yoast.com\/product\/yoast-seo-wordpress\/ -->\n<title>Thiamethoxam Top Vecol 247 SC - VECOL<\/title>\n<meta name=\"robots\" content=\"index, follow, max-snippet:-1, max-image-preview:large, max-video-preview:-1\" \/>\n<link rel=\"canonical\" href=\"https:\/\/www.vecol.com.co\/en\/product\/thiamethoxam\/\" \/>\n<meta property=\"og:locale\" content=\"en_US\" \/>\n<meta property=\"og:type\" content=\"article\" \/>\n<meta property=\"og:title\" content=\"Thiamethoxam Top Vecol 247 SC - VECOL\" \/>\n<meta property=\"og:description\" content=\"Thiamethoxam Vecol 247 SC es un insecticida que combina dos poderosos modos de acci\u00f3n. Sist\u00e9mico de tiamethoxam que es absorbido y distribuido por el follaje y traslocado en toda la planta, actuando por ingesti\u00f3n y de contacto de Lambda Cyalotrina, con un r\u00e1pido efecto de derribe (Knock-down). Tambi\u00e9n posee un marcado efecto de repelencia y acci\u00f3n antialimentaria.  La comercializaci\u00f3n y utilizaci\u00f3n del producto THIAMETHOXAN TOP VECOL 247 SC est\u00e1 PROH\u00cdBIDA en los territorios colectivos del Consejo Comunitario de Alto Mira y Frontera de la zona de la Cuenca del Pac\u00edfico del Departamento de Nari\u00f1o, para el cultivo de palma.  Esto, conforme al fallo de Segunda Instancia proferido por el Tribunal Superior del Distrito Judicial de Cali del 22 de abril de 2013.\" \/>\n<meta property=\"og:url\" content=\"https:\/\/www.vecol.com.co\/en\/product\/thiamethoxam\/\" \/>\n<meta property=\"og:site_name\" content=\"VECOL\" \/>\n<meta property=\"article:publisher\" content=\"https:\/\/www.facebook.com\/vecolveterinaria\" \/>\n<meta property=\"article:modified_time\" content=\"2025-02-12T17:19:18+00:00\" \/>\n<meta property=\"og:image\" content=\"https:\/\/www.vecol.com.co\/wp-content\/uploads\/2020\/07\/Ajuste-frasco-categoria-azul-V2.jpg\" \/>\n\t<meta property=\"og:image:width\" content=\"1920\" \/>\n\t<meta property=\"og:image:height\" content=\"1920\" \/>\n\t<meta property=\"og:image:type\" content=\"image\/jpeg\" \/>\n<meta name=\"twitter:card\" content=\"summary_large_image\" \/>\n<meta name=\"twitter:site\" content=\"@VecolColombia\" \/>\n<meta name=\"twitter:label1\" content=\"Est. reading time\" \/>\n\t<meta name=\"twitter:data1\" content=\"4 minutes\" \/>\n<script type=\"application\/ld+json\" class=\"yoast-schema-graph\">{\"@context\":\"https:\\\/\\\/schema.org\",\"@graph\":[{\"@type\":\"WebPage\",\"@id\":\"https:\\\/\\\/www.vecol.com.co\\\/producto\\\/thiamethoxam\\\/\",\"url\":\"https:\\\/\\\/www.vecol.com.co\\\/producto\\\/thiamethoxam\\\/\",\"name\":\"Thiamethoxam Top Vecol 247 SC - VECOL\",\"isPartOf\":{\"@id\":\"https:\\\/\\\/www.vecol.com.co\\\/#website\"},\"primaryImageOfPage\":{\"@id\":\"https:\\\/\\\/www.vecol.com.co\\\/producto\\\/thiamethoxam\\\/#primaryimage\"},\"image\":{\"@id\":\"https:\\\/\\\/www.vecol.com.co\\\/producto\\\/thiamethoxam\\\/#primaryimage\"},\"thumbnailUrl\":\"https:\\\/\\\/www.vecol.com.co\\\/wp-content\\\/uploads\\\/2020\\\/07\\\/Ajuste-frasco-categoria-azul-V2.jpg\",\"datePublished\":\"2020-07-01T22:19:05+00:00\",\"dateModified\":\"2025-02-12T17:19:18+00:00\",\"breadcrumb\":{\"@id\":\"https:\\\/\\\/www.vecol.com.co\\\/producto\\\/thiamethoxam\\\/#breadcrumb\"},\"inLanguage\":\"en-US\",\"potentialAction\":[{\"@type\":\"ReadAction\",\"target\":[\"https:\\\/\\\/www.vecol.com.co\\\/producto\\\/thiamethoxam\\\/\"]}]},{\"@type\":\"ImageObject\",\"inLanguage\":\"en-US\",\"@id\":\"https:\\\/\\\/www.vecol.com.co\\\/producto\\\/thiamethoxam\\\/#primaryimage\",\"url\":\"https:\\\/\\\/www.vecol.com.co\\\/wp-content\\\/uploads\\\/2020\\\/07\\\/Ajuste-frasco-categoria-azul-V2.jpg\",\"contentUrl\":\"https:\\\/\\\/www.vecol.com.co\\\/wp-content\\\/uploads\\\/2020\\\/07\\\/Ajuste-frasco-categoria-azul-V2.jpg\",\"width\":1920,\"height\":1920},{\"@type\":\"BreadcrumbList\",\"@id\":\"https:\\\/\\\/www.vecol.com.co\\\/producto\\\/thiamethoxam\\\/#breadcrumb\",\"itemListElement\":[{\"@type\":\"ListItem\",\"position\":1,\"name\":\"Inicio\",\"item\":\"https:\\\/\\\/www.vecol.com.co\\\/\"},{\"@type\":\"ListItem\",\"position\":2,\"name\":\"Productos\",\"item\":\"https:\\\/\\\/www.vecol.com.co\\\/productos\\\/\"},{\"@type\":\"ListItem\",\"position\":3,\"name\":\"Thiamethoxam Top Vecol 247 SC\"}]},{\"@type\":\"WebSite\",\"@id\":\"https:\\\/\\\/www.vecol.com.co\\\/#website\",\"url\":\"https:\\\/\\\/www.vecol.com.co\\\/\",\"name\":\"VECOL\",\"description\":\"Empresa Colombiana de Productos Veterinarios\",\"publisher\":{\"@id\":\"https:\\\/\\\/www.vecol.com.co\\\/#organization\"},\"potentialAction\":[{\"@type\":\"SearchAction\",\"target\":{\"@type\":\"EntryPoint\",\"urlTemplate\":\"https:\\\/\\\/www.vecol.com.co\\\/?s={search_term_string}\"},\"query-input\":{\"@type\":\"PropertyValueSpecification\",\"valueRequired\":true,\"valueName\":\"search_term_string\"}}],\"inLanguage\":\"en-US\"},{\"@type\":\"Organization\",\"@id\":\"https:\\\/\\\/www.vecol.com.co\\\/#organization\",\"name\":\"Empresa Colombiana de Productos Veterinarios\",\"url\":\"https:\\\/\\\/www.vecol.com.co\\\/\",\"logo\":{\"@type\":\"ImageObject\",\"inLanguage\":\"en-US\",\"@id\":\"https:\\\/\\\/www.vecol.com.co\\\/#\\\/schema\\\/logo\\\/image\\\/\",\"url\":\"https:\\\/\\\/www.vecol.com.co\\\/wp-content\\\/uploads\\\/2023\\\/07\\\/logoVecol.png\",\"contentUrl\":\"https:\\\/\\\/www.vecol.com.co\\\/wp-content\\\/uploads\\\/2023\\\/07\\\/logoVecol.png\",\"width\":106,\"height\":106,\"caption\":\"Empresa Colombiana de Productos Veterinarios\"},\"image\":{\"@id\":\"https:\\\/\\\/www.vecol.com.co\\\/#\\\/schema\\\/logo\\\/image\\\/\"},\"sameAs\":[\"https:\\\/\\\/www.facebook.com\\\/vecolveterinaria\",\"https:\\\/\\\/x.com\\\/VecolColombia\"]}]}<\/script>\n<!-- \/ Yoast SEO plugin. -->","yoast_head_json":{"title":"Thiamethoxam Top Vecol 247 SC - VECOL","robots":{"index":"index","follow":"follow","max-snippet":"max-snippet:-1","max-image-preview":"max-image-preview:large","max-video-preview":"max-video-preview:-1"},"canonical":"https:\/\/www.vecol.com.co\/en\/product\/thiamethoxam\/","og_locale":"en_US","og_type":"article","og_title":"Thiamethoxam Top Vecol 247 SC - VECOL","og_description":"Thiamethoxam Vecol 247 SC es un insecticida que combina dos poderosos modos de acci\u00f3n. Sist\u00e9mico de tiamethoxam que es absorbido y distribuido por el follaje y traslocado en toda la planta, actuando por ingesti\u00f3n y de contacto de Lambda Cyalotrina, con un r\u00e1pido efecto de derribe (Knock-down). Tambi\u00e9n posee un marcado efecto de repelencia y acci\u00f3n antialimentaria.  La comercializaci\u00f3n y utilizaci\u00f3n del producto THIAMETHOXAN TOP VECOL 247 SC est\u00e1 PROH\u00cdBIDA en los territorios colectivos del Consejo Comunitario de Alto Mira y Frontera de la zona de la Cuenca del Pac\u00edfico del Departamento de Nari\u00f1o, para el cultivo de palma.  Esto, conforme al fallo de Segunda Instancia proferido por el Tribunal Superior del Distrito Judicial de Cali del 22 de abril de 2013.","og_url":"https:\/\/www.vecol.com.co\/en\/product\/thiamethoxam\/","og_site_name":"VECOL","article_publisher":"https:\/\/www.facebook.com\/vecolveterinaria","article_modified_time":"2025-02-12T17:19:18+00:00","og_image":[{"width":1920,"height":1920,"url":"https:\/\/www.vecol.com.co\/wp-content\/uploads\/2020\/07\/Ajuste-frasco-categoria-azul-V2.jpg","type":"image\/jpeg"}],"twitter_card":"summary_large_image","twitter_site":"@VecolColombia","twitter_misc":{"Est. reading time":"4 minutes"},"schema":{"@context":"https:\/\/schema.org","@graph":[{"@type":"WebPage","@id":"https:\/\/www.vecol.com.co\/producto\/thiamethoxam\/","url":"https:\/\/www.vecol.com.co\/producto\/thiamethoxam\/","name":"Thiamethoxam Top Vecol 247 SC - VECOL","isPartOf":{"@id":"https:\/\/www.vecol.com.co\/#website"},"primaryImageOfPage":{"@id":"https:\/\/www.vecol.com.co\/producto\/thiamethoxam\/#primaryimage"},"image":{"@id":"https:\/\/www.vecol.com.co\/producto\/thiamethoxam\/#primaryimage"},"thumbnailUrl":"https:\/\/www.vecol.com.co\/wp-content\/uploads\/2020\/07\/Ajuste-frasco-categoria-azul-V2.jpg","datePublished":"2020-07-01T22:19:05+00:00","dateModified":"2025-02-12T17:19:18+00:00","breadcrumb":{"@id":"https:\/\/www.vecol.com.co\/producto\/thiamethoxam\/#breadcrumb"},"inLanguage":"en-US","potentialAction":[{"@type":"ReadAction","target":["https:\/\/www.vecol.com.co\/producto\/thiamethoxam\/"]}]},{"@type":"ImageObject","inLanguage":"en-US","@id":"https:\/\/www.vecol.com.co\/producto\/thiamethoxam\/#primaryimage","url":"https:\/\/www.vecol.com.co\/wp-content\/uploads\/2020\/07\/Ajuste-frasco-categoria-azul-V2.jpg","contentUrl":"https:\/\/www.vecol.com.co\/wp-content\/uploads\/2020\/07\/Ajuste-frasco-categoria-azul-V2.jpg","width":1920,"height":1920},{"@type":"BreadcrumbList","@id":"https:\/\/www.vecol.com.co\/producto\/thiamethoxam\/#breadcrumb","itemListElement":[{"@type":"ListItem","position":1,"name":"Inicio","item":"https:\/\/www.vecol.com.co\/"},{"@type":"ListItem","position":2,"name":"Productos","item":"https:\/\/www.vecol.com.co\/productos\/"},{"@type":"ListItem","position":3,"name":"Thiamethoxam Top Vecol 247 SC"}]},{"@type":"WebSite","@id":"https:\/\/www.vecol.com.co\/#website","url":"https:\/\/www.vecol.com.co\/","name":"VECOL","description":"Colombian Veterinary Products Company","publisher":{"@id":"https:\/\/www.vecol.com.co\/#organization"},"potentialAction":[{"@type":"SearchAction","target":{"@type":"EntryPoint","urlTemplate":"https:\/\/www.vecol.com.co\/?s={search_term_string}"},"query-input":{"@type":"PropertyValueSpecification","valueRequired":true,"valueName":"search_term_string"}}],"inLanguage":"en-US"},{"@type":"Organization","@id":"https:\/\/www.vecol.com.co\/#organization","name":"Colombian Veterinary Products Company","url":"https:\/\/www.vecol.com.co\/","logo":{"@type":"ImageObject","inLanguage":"en-US","@id":"https:\/\/www.vecol.com.co\/#\/schema\/logo\/image\/","url":"https:\/\/www.vecol.com.co\/wp-content\/uploads\/2023\/07\/logoVecol.png","contentUrl":"https:\/\/www.vecol.com.co\/wp-content\/uploads\/2023\/07\/logoVecol.png","width":106,"height":106,"caption":"Empresa Colombiana de Productos Veterinarios"},"image":{"@id":"https:\/\/www.vecol.com.co\/#\/schema\/logo\/image\/"},"sameAs":["https:\/\/www.facebook.com\/vecolveterinaria","https:\/\/x.com\/VecolColombia"]}]}},"_links":{"self":[{"href":"https:\/\/www.vecol.com.co\/en\/wp-json\/wp\/v2\/product\/2233","targetHints":{"allow":["GET"]}}],"collection":[{"href":"https:\/\/www.vecol.com.co\/en\/wp-json\/wp\/v2\/product"}],"about":[{"href":"https:\/\/www.vecol.com.co\/en\/wp-json\/wp\/v2\/types\/product"}],"wp:featuredmedia":[{"embeddable":true,"href":"https:\/\/www.vecol.com.co\/en\/wp-json\/wp\/v2\/media\/11269"}],"wp:attachment":[{"href":"https:\/\/www.vecol.com.co\/en\/wp-json\/wp\/v2\/media?parent=2233"}],"wp:term":[{"taxonomy":"product_brand","embeddable":true,"href":"https:\/\/www.vecol.com.co\/en\/wp-json\/wp\/v2\/product_brand?post=2233"},{"taxonomy":"product_cat","embeddable":true,"href":"https:\/\/www.vecol.com.co\/en\/wp-json\/wp\/v2\/product_cat?post=2233"},{"taxonomy":"product_tag","embeddable":true,"href":"https:\/\/www.vecol.com.co\/en\/wp-json\/wp\/v2\/product_tag?post=2233"}],"curies":[{"name":"wp","href":"https:\/\/api.w.org\/{rel}","templated":true}]}}