{"id":2231,"date":"2020-07-01T22:18:04","date_gmt":"2020-07-01T22:18:04","guid":{"rendered":"https:\/\/www.vecol.com.co\/?post_type=product&#038;p=2231"},"modified":"2025-12-29T14:52:15","modified_gmt":"2025-12-29T19:52:15","slug":"rizzoprid","status":"publish","type":"product","link":"https:\/\/www.vecol.com.co\/en\/product\/rizzoprid\/","title":{"rendered":"Rizzoprid\u00ae Vecol 246 FSv"},"content":{"rendered":"<table width=\"572\">\n<tbody>\n<tr>\n<td width=\"152\"><strong>DESCRIPCI\u00d3N<\/strong><\/td>\n<td width=\"420\">\n<p style=\"text-align: justify;\">Rizzoprid Vecol 246 FS, es una mezcla de insecticida y fungicida, para tratamiento de semillas, que afecta el sistema nervioso central de los insectos e inhibe la bios\u00edntesis del ergosterol en los pat\u00f3genos.<\/p>\n<\/td>\n<\/tr>\n<tr>\n<td width=\"152\"><strong>PRESENTACI\u00d3N Y FORMULACI\u00d3N<\/strong><\/td>\n<td width=\"420\">Frascos por 1 y 4 Litros | Suspensi\u00f3n Concentrada para tratamiento de semilla (FS)<\/td>\n<\/tr>\n<tr>\n<td width=\"152\"><strong>COMPOSICI\u00d3N<\/strong><\/td>\n<td width=\"420\">\n<ul>\n<li>IMIDACLOPRID 233 g\/litro<\/li>\n<li>TEBUCONAZOL 13 g\/L<\/li>\n<\/ul>\n<\/td>\n<\/tr>\n<tr>\n<td width=\"152\"><strong>CONTRAINDICACIONES &#8211; FITOTOXICIDAD &#8211; COMPATIBILIDAD<\/strong><\/td>\n<td width=\"420\">\n<p style=\"text-align: justify;\">Se recomienda hacer pruebas previas de la mezcla a la preparaci\u00f3n. usado de acuerdo con lo recomendado es fitocompatible con los cultivos recomendados<\/p>\n<\/td>\n<\/tr>\n<tr>\n<td width=\"152\"><strong>FORMA DE ADMINISTRACI\u00d3N<\/strong><\/td>\n<td width=\"420\">\n<p style=\"text-align: justify;\">Aspersi\u00f3n foliar terrestre dirigida al cultivo, previa diluci\u00f3n del producto en agua. puede aplicarse con bomba de espalda siendo recomendable usar boquillas de cono hueco, y un tama\u00f1o de gota de 350-500 \u00b5m aprox (30-40 gotas por cm2) y a presi\u00f3n constante<\/p>\n<\/td>\n<\/tr>\n<tr>\n<td width=\"152\"><strong>MODO DE ACCI\u00d3N<\/strong><\/td>\n<td width=\"420\">\n<p style=\"text-align: justify;\">Para tratamiento de semillas que afecta el sistema nervioso central de los insectos e inhibe la bios\u00ecntesis del ergosterol en los pat\u00f3genos.<\/p>\n<\/td>\n<\/tr>\n<tr>\n<td width=\"152\"><strong>FRECUENCIA Y \u00c9POCA DE APLICACI\u00d3N<\/strong><\/td>\n<td width=\"420\">\n<p style=\"text-align: justify;\">Aplicar seg\u00fan recomendaci\u00f3n de un Ingeniero Agr\u00f3nomo. Es un producto para tratamiento de semillas, el cual debe ser usado dentro de un programa\u00a0 de manejo integrado de plagas, enfermedades y de cultivo<\/p>\n<\/td>\n<\/tr>\n<tr>\n<td width=\"152\"><strong>REGISTRO ICA N\u00b0<\/strong><\/td>\n<td width=\"420\">PL0001982024 a nombre de VECOL S.A<\/td>\n<\/tr>\n<tr>\n<td width=\"152\"><strong>BLANCO BIOL\u00d3GICO<\/strong><\/td>\n<td width=\"420\">Secadera (Fusarium sp) y Sogata (Tagasodes orizicolus)<\/td>\n<\/tr>\n<tr>\n<td width=\"152\"><strong>CULTIVOS<\/strong><\/td>\n<td width=\"420\">Arroz<\/td>\n<\/tr>\n<tr>\n<td width=\"152\"><strong>DOSIS POR CULTIVO<\/strong><\/td>\n<td width=\"420\">3cc\/Kg de semilla<\/td>\n<\/tr>\n<tr>\n<td width=\"152\"><strong>TIPO PRODUCTO <\/strong><\/td>\n<td width=\"420\">\n<p style=\"text-align: justify;\">Fungicida -Insecticida<\/p>\n<\/td>\n<\/tr>\n<tr>\n<td width=\"152\"><strong>INDICACIONES<\/strong><\/td>\n<td width=\"420\">\n<p style=\"text-align: justify;\">Es un insecticida y fungicida para tratamiento de semillas que afecta el sistema nervioso central de los insectos e inhibe la bios\u00edntesis del ergosterol en los pat\u00f3genos.<\/p>\n<\/td>\n<\/tr>\n<tr>\n<td width=\"152\"><strong>USOS Y BLANCO BIOL\u00d3GICO<\/strong><\/td>\n<td width=\"420\">\n<p style=\"text-align: justify;\"><strong>CULTIVO:<\/strong> Arroz<\/p>\n<p style=\"text-align: justify;\"><strong>BLANCO BIOL\u00d3GICO:<\/strong>Sogata (Tagasodes orizicolus) y Fusariosis (Fusarium oxysporum)<\/p>\n<p style=\"text-align: justify;\"><strong>DOSIS:<\/strong>3 cc\/kg<\/p>\n<\/td>\n<\/tr>\n<tr>\n<td width=\"152\"><strong>PERIODO DE REENTRADA<\/strong><\/td>\n<td width=\"420\">\n<p style=\"text-align: justify;\"><strong>CULTIVO:<\/strong> Papa<\/p>\n<p style=\"text-align: justify;\"><strong>PR:<\/strong> 0 horas<\/p>\n<\/td>\n<\/tr>\n<tr>\n<td width=\"152\"><strong>PERIODO DE CARENCIA<\/strong><\/td>\n<td width=\"420\">\n<p style=\"text-align: justify;\"><strong>CULTIVO:<\/strong> Papa<\/p>\n<p style=\"text-align: justify;\"><strong>PC:<\/strong>N.A<\/p>\n<\/td>\n<\/tr>\n<tr>\n<td width=\"152\"><strong>PRECAUCIONES Y ALMACENAMIENTO<\/strong><\/td>\n<td width=\"420\">\n<p style=\"text-align: justify;\"><strong>Evaluaci\u00f3n del Riesgo ambiental:<\/strong><\/p>\n<ul>\n<li>Aves: No existe riesgo para las aves<\/li>\n<li>Peces: No Existe riesgo para los peces<\/li>\n<li>Abejas: Altamente t\u00f3xico para las abejas<\/li>\n<li>Lombriz de tierra: No existe para las lombrices<\/li>\n<\/ul>\n<p style=\"text-align: justify;\">\u201cPara la aplicaci\u00f3n \u00e1rea y terrestre respetar las franjas de seguridad de 100 y 10 metros respectivamente con relaci\u00f3n a cuerpos de agua\u201d<\/p>\n<p style=\"text-align: justify;\">\u201cNo contaminar lagos, r\u00edos, estanques o arroyos con los desechos y envases vac\u00edos\u201d<\/p>\n<p style=\"text-align: justify;\">\u201cEn caso de derrame recoger el producto y depositarlo en el sitio destinado por las autoridades locales para este fin\u201d<\/p>\n<p style=\"text-align: justify;\">\u201cNo contaminar las fuentes de agua con los restos de la aplicaci\u00f3n o sobrantes del producto\u201d<\/p>\n<p style=\"text-align: justify;\"><strong>ALMACENAMIENTO Y MANEJO DEL PRODUCTO<\/strong><\/p>\n<p style=\"text-align: justify;\">\u201cNo almacenar en casas de habitaci\u00f3n\u201d<\/p>\n<p style=\"text-align: justify;\">\u201cNo almacenar ni transportar conjuntamente con alimentos, medicinas, bebidas ni forrajes\u201d<\/p>\n<p style=\"text-align: justify;\">\u201cConservar el producto en el envase original etiquetado y cerrado\u201d<\/p>\n<p style=\"text-align: justify;\">\u201cNo re-envasar o depositar el contenido en otros envases\u201d<\/p>\n<p style=\"text-align: justify;\">\u201cNo debe transportarse con productos de consumo humano o animal\u201d<\/p>\n<p style=\"text-align: justify;\">EMERGENCIAS TOXICOL\u00d3GICAS 24 HORAS CISPROQUIM 018000916012 fuera de Bogot\u00e1. En Bogot\u00e1 comunicarse con el tel\u00e9fono (57) 1 2886012.<\/p>\n<\/td>\n<\/tr>\n<tr>\n<td width=\"152\"><strong>REGISTRO ICA<\/strong><\/td>\n<td width=\"420\">\n<p style=\"text-align: justify;\"><strong>PL0001982024<\/strong><\/p>\n<\/td>\n<\/tr>\n<\/tbody>\n<\/table>","protected":false},"excerpt":{"rendered":"<p>Rizzoprid Vecol 246 FS, es una mezcla de insecticida y fungicida, para tratamiento de semillas, que afecta el sistema nervioso central de los insectos e inhibe la bios\u00edntesis del ergosterol en los pat\u00f3genos.<\/p>","protected":false},"featured_media":3007,"template":"","meta":{"_acf_changed":false,"site-sidebar-layout":"default","site-content-layout":"default","ast-site-content-layout":"default","site-content-style":"default","site-sidebar-style":"default","ast-global-header-display":"","ast-banner-title-visibility":"","ast-main-header-display":"","ast-hfb-above-header-display":"","ast-hfb-below-header-display":"","ast-hfb-mobile-header-display":"","site-post-title":"","ast-breadcrumbs-content":"","ast-featured-img":"","footer-sml-layout":"","ast-disable-related-posts":"","theme-transparent-header-meta":"default","adv-header-id-meta":"","stick-header-meta":"","header-above-stick-meta":"","header-main-stick-meta":"","header-below-stick-meta":"","astra-migrate-meta-layouts":"set","ast-page-background-enabled":"default","ast-page-background-meta":{"desktop":{"background-color":"","background-image":"","background-repeat":"repeat","background-position":"center center","background-size":"auto","background-attachment":"scroll","background-type":"","background-media":"","overlay-type":"","overlay-color":"","overlay-opacity":"","overlay-gradient":""},"tablet":{"background-color":"","background-image":"","background-repeat":"repeat","background-position":"center center","background-size":"auto","background-attachment":"scroll","background-type":"","background-media":"","overlay-type":"","overlay-color":"","overlay-opacity":"","overlay-gradient":""},"mobile":{"background-color":"","background-image":"","background-repeat":"repeat","background-position":"center center","background-size":"auto","background-attachment":"scroll","background-type":"","background-media":"","overlay-type":"","overlay-color":"","overlay-opacity":"","overlay-gradient":""}},"ast-content-background-meta":{"desktop":{"background-color":"var(--ast-global-color-5)","background-image":"","background-repeat":"repeat","background-position":"center center","background-size":"auto","background-attachment":"scroll","background-type":"","background-media":"","overlay-type":"","overlay-color":"","overlay-opacity":"","overlay-gradient":""},"tablet":{"background-color":"var(--ast-global-color-5)","background-image":"","background-repeat":"repeat","background-position":"center center","background-size":"auto","background-attachment":"scroll","background-type":"","background-media":"","overlay-type":"","overlay-color":"","overlay-opacity":"","overlay-gradient":""},"mobile":{"background-color":"var(--ast-global-color-5)","background-image":"","background-repeat":"repeat","background-position":"center center","background-size":"auto","background-attachment":"scroll","background-type":"","background-media":"","overlay-type":"","overlay-color":"","overlay-opacity":"","overlay-gradient":""}}},"product_brand":[],"product_cat":[23,45],"product_tag":[],"class_list":{"0":"post-2231","1":"product","2":"type-product","3":"status-publish","4":"has-post-thumbnail","6":"product_cat-agricola-y-fertilizantes","7":"product_cat-insecticidas","8":"desktop-align-left","9":"tablet-align-left","10":"mobile-align-left","12":"first","13":"instock","14":"shipping-taxable","15":"product-type-simple"},"acf":[],"yoast_head":"<!-- This site is optimized with the Yoast SEO plugin v27.4 - https:\/\/yoast.com\/product\/yoast-seo-wordpress\/ -->\n<title>Rizzoprid\u00ae Vecol 246 FSv - VECOL<\/title>\n<meta name=\"robots\" content=\"index, follow, max-snippet:-1, max-image-preview:large, max-video-preview:-1\" \/>\n<link rel=\"canonical\" href=\"https:\/\/www.vecol.com.co\/en\/product\/rizzoprid\/\" \/>\n<meta property=\"og:locale\" content=\"en_US\" \/>\n<meta property=\"og:type\" content=\"article\" \/>\n<meta property=\"og:title\" content=\"Rizzoprid\u00ae Vecol 246 FSv - VECOL\" \/>\n<meta property=\"og:description\" content=\"Rizzoprid Vecol 246 FS, es una mezcla de insecticida y fungicida, para tratamiento de semillas, que afecta el sistema nervioso central de los insectos e inhibe la bios\u00edntesis del ergosterol en los pat\u00f3genos.\" \/>\n<meta property=\"og:url\" content=\"https:\/\/www.vecol.com.co\/en\/product\/rizzoprid\/\" \/>\n<meta property=\"og:site_name\" content=\"VECOL\" \/>\n<meta property=\"article:publisher\" content=\"https:\/\/www.facebook.com\/vecolveterinaria\" \/>\n<meta property=\"article:modified_time\" content=\"2025-12-29T19:52:15+00:00\" \/>\n<meta property=\"og:image\" content=\"https:\/\/www.vecol.com.co\/wp-content\/uploads\/2020\/07\/rizzoprid-246-FS.jpg\" \/>\n\t<meta property=\"og:image:width\" content=\"1920\" \/>\n\t<meta property=\"og:image:height\" content=\"1920\" \/>\n\t<meta property=\"og:image:type\" content=\"image\/jpeg\" \/>\n<meta name=\"twitter:card\" content=\"summary_large_image\" \/>\n<meta name=\"twitter:site\" content=\"@VecolColombia\" \/>\n<meta name=\"twitter:label1\" content=\"Est. reading time\" \/>\n\t<meta name=\"twitter:data1\" content=\"2 minutes\" \/>\n<script type=\"application\/ld+json\" class=\"yoast-schema-graph\">{\"@context\":\"https:\\\/\\\/schema.org\",\"@graph\":[{\"@type\":\"WebPage\",\"@id\":\"https:\\\/\\\/www.vecol.com.co\\\/producto\\\/rizzoprid\\\/\",\"url\":\"https:\\\/\\\/www.vecol.com.co\\\/producto\\\/rizzoprid\\\/\",\"name\":\"Rizzoprid\u00ae Vecol 246 FSv - VECOL\",\"isPartOf\":{\"@id\":\"https:\\\/\\\/www.vecol.com.co\\\/#website\"},\"primaryImageOfPage\":{\"@id\":\"https:\\\/\\\/www.vecol.com.co\\\/producto\\\/rizzoprid\\\/#primaryimage\"},\"image\":{\"@id\":\"https:\\\/\\\/www.vecol.com.co\\\/producto\\\/rizzoprid\\\/#primaryimage\"},\"thumbnailUrl\":\"https:\\\/\\\/www.vecol.com.co\\\/wp-content\\\/uploads\\\/2020\\\/07\\\/rizzoprid-246-FS.jpg\",\"datePublished\":\"2020-07-01T22:18:04+00:00\",\"dateModified\":\"2025-12-29T19:52:15+00:00\",\"breadcrumb\":{\"@id\":\"https:\\\/\\\/www.vecol.com.co\\\/producto\\\/rizzoprid\\\/#breadcrumb\"},\"inLanguage\":\"en-US\",\"potentialAction\":[{\"@type\":\"ReadAction\",\"target\":[\"https:\\\/\\\/www.vecol.com.co\\\/producto\\\/rizzoprid\\\/\"]}]},{\"@type\":\"ImageObject\",\"inLanguage\":\"en-US\",\"@id\":\"https:\\\/\\\/www.vecol.com.co\\\/producto\\\/rizzoprid\\\/#primaryimage\",\"url\":\"https:\\\/\\\/www.vecol.com.co\\\/wp-content\\\/uploads\\\/2020\\\/07\\\/rizzoprid-246-FS.jpg\",\"contentUrl\":\"https:\\\/\\\/www.vecol.com.co\\\/wp-content\\\/uploads\\\/2020\\\/07\\\/rizzoprid-246-FS.jpg\",\"width\":1920,\"height\":1920,\"caption\":\"rizzoprid 246 FS\"},{\"@type\":\"BreadcrumbList\",\"@id\":\"https:\\\/\\\/www.vecol.com.co\\\/producto\\\/rizzoprid\\\/#breadcrumb\",\"itemListElement\":[{\"@type\":\"ListItem\",\"position\":1,\"name\":\"Inicio\",\"item\":\"https:\\\/\\\/www.vecol.com.co\\\/\"},{\"@type\":\"ListItem\",\"position\":2,\"name\":\"Productos\",\"item\":\"https:\\\/\\\/www.vecol.com.co\\\/productos\\\/\"},{\"@type\":\"ListItem\",\"position\":3,\"name\":\"Rizzoprid\u00ae Vecol 246 FSv\"}]},{\"@type\":\"WebSite\",\"@id\":\"https:\\\/\\\/www.vecol.com.co\\\/#website\",\"url\":\"https:\\\/\\\/www.vecol.com.co\\\/\",\"name\":\"VECOL\",\"description\":\"Empresa Colombiana de Productos Veterinarios\",\"publisher\":{\"@id\":\"https:\\\/\\\/www.vecol.com.co\\\/#organization\"},\"potentialAction\":[{\"@type\":\"SearchAction\",\"target\":{\"@type\":\"EntryPoint\",\"urlTemplate\":\"https:\\\/\\\/www.vecol.com.co\\\/?s={search_term_string}\"},\"query-input\":{\"@type\":\"PropertyValueSpecification\",\"valueRequired\":true,\"valueName\":\"search_term_string\"}}],\"inLanguage\":\"en-US\"},{\"@type\":\"Organization\",\"@id\":\"https:\\\/\\\/www.vecol.com.co\\\/#organization\",\"name\":\"Empresa Colombiana de Productos Veterinarios\",\"url\":\"https:\\\/\\\/www.vecol.com.co\\\/\",\"logo\":{\"@type\":\"ImageObject\",\"inLanguage\":\"en-US\",\"@id\":\"https:\\\/\\\/www.vecol.com.co\\\/#\\\/schema\\\/logo\\\/image\\\/\",\"url\":\"https:\\\/\\\/www.vecol.com.co\\\/wp-content\\\/uploads\\\/2023\\\/07\\\/logoVecol.png\",\"contentUrl\":\"https:\\\/\\\/www.vecol.com.co\\\/wp-content\\\/uploads\\\/2023\\\/07\\\/logoVecol.png\",\"width\":106,\"height\":106,\"caption\":\"Empresa Colombiana de Productos Veterinarios\"},\"image\":{\"@id\":\"https:\\\/\\\/www.vecol.com.co\\\/#\\\/schema\\\/logo\\\/image\\\/\"},\"sameAs\":[\"https:\\\/\\\/www.facebook.com\\\/vecolveterinaria\",\"https:\\\/\\\/x.com\\\/VecolColombia\"]}]}<\/script>\n<!-- \/ Yoast SEO plugin. -->","yoast_head_json":{"title":"Rizzoprid\u00ae Vecol 246 FSv - VECOL","robots":{"index":"index","follow":"follow","max-snippet":"max-snippet:-1","max-image-preview":"max-image-preview:large","max-video-preview":"max-video-preview:-1"},"canonical":"https:\/\/www.vecol.com.co\/en\/product\/rizzoprid\/","og_locale":"en_US","og_type":"article","og_title":"Rizzoprid\u00ae Vecol 246 FSv - VECOL","og_description":"Rizzoprid Vecol 246 FS, es una mezcla de insecticida y fungicida, para tratamiento de semillas, que afecta el sistema nervioso central de los insectos e inhibe la bios\u00edntesis del ergosterol en los pat\u00f3genos.","og_url":"https:\/\/www.vecol.com.co\/en\/product\/rizzoprid\/","og_site_name":"VECOL","article_publisher":"https:\/\/www.facebook.com\/vecolveterinaria","article_modified_time":"2025-12-29T19:52:15+00:00","og_image":[{"width":1920,"height":1920,"url":"https:\/\/www.vecol.com.co\/wp-content\/uploads\/2020\/07\/rizzoprid-246-FS.jpg","type":"image\/jpeg"}],"twitter_card":"summary_large_image","twitter_site":"@VecolColombia","twitter_misc":{"Est. reading time":"2 minutes"},"schema":{"@context":"https:\/\/schema.org","@graph":[{"@type":"WebPage","@id":"https:\/\/www.vecol.com.co\/producto\/rizzoprid\/","url":"https:\/\/www.vecol.com.co\/producto\/rizzoprid\/","name":"Rizzoprid\u00ae Vecol 246 FSv - VECOL","isPartOf":{"@id":"https:\/\/www.vecol.com.co\/#website"},"primaryImageOfPage":{"@id":"https:\/\/www.vecol.com.co\/producto\/rizzoprid\/#primaryimage"},"image":{"@id":"https:\/\/www.vecol.com.co\/producto\/rizzoprid\/#primaryimage"},"thumbnailUrl":"https:\/\/www.vecol.com.co\/wp-content\/uploads\/2020\/07\/rizzoprid-246-FS.jpg","datePublished":"2020-07-01T22:18:04+00:00","dateModified":"2025-12-29T19:52:15+00:00","breadcrumb":{"@id":"https:\/\/www.vecol.com.co\/producto\/rizzoprid\/#breadcrumb"},"inLanguage":"en-US","potentialAction":[{"@type":"ReadAction","target":["https:\/\/www.vecol.com.co\/producto\/rizzoprid\/"]}]},{"@type":"ImageObject","inLanguage":"en-US","@id":"https:\/\/www.vecol.com.co\/producto\/rizzoprid\/#primaryimage","url":"https:\/\/www.vecol.com.co\/wp-content\/uploads\/2020\/07\/rizzoprid-246-FS.jpg","contentUrl":"https:\/\/www.vecol.com.co\/wp-content\/uploads\/2020\/07\/rizzoprid-246-FS.jpg","width":1920,"height":1920,"caption":"rizzoprid 246 FS"},{"@type":"BreadcrumbList","@id":"https:\/\/www.vecol.com.co\/producto\/rizzoprid\/#breadcrumb","itemListElement":[{"@type":"ListItem","position":1,"name":"Inicio","item":"https:\/\/www.vecol.com.co\/"},{"@type":"ListItem","position":2,"name":"Productos","item":"https:\/\/www.vecol.com.co\/productos\/"},{"@type":"ListItem","position":3,"name":"Rizzoprid\u00ae Vecol 246 FSv"}]},{"@type":"WebSite","@id":"https:\/\/www.vecol.com.co\/#website","url":"https:\/\/www.vecol.com.co\/","name":"VECOL","description":"Colombian Veterinary Products Company","publisher":{"@id":"https:\/\/www.vecol.com.co\/#organization"},"potentialAction":[{"@type":"SearchAction","target":{"@type":"EntryPoint","urlTemplate":"https:\/\/www.vecol.com.co\/?s={search_term_string}"},"query-input":{"@type":"PropertyValueSpecification","valueRequired":true,"valueName":"search_term_string"}}],"inLanguage":"en-US"},{"@type":"Organization","@id":"https:\/\/www.vecol.com.co\/#organization","name":"Colombian Veterinary Products Company","url":"https:\/\/www.vecol.com.co\/","logo":{"@type":"ImageObject","inLanguage":"en-US","@id":"https:\/\/www.vecol.com.co\/#\/schema\/logo\/image\/","url":"https:\/\/www.vecol.com.co\/wp-content\/uploads\/2023\/07\/logoVecol.png","contentUrl":"https:\/\/www.vecol.com.co\/wp-content\/uploads\/2023\/07\/logoVecol.png","width":106,"height":106,"caption":"Empresa Colombiana de Productos Veterinarios"},"image":{"@id":"https:\/\/www.vecol.com.co\/#\/schema\/logo\/image\/"},"sameAs":["https:\/\/www.facebook.com\/vecolveterinaria","https:\/\/x.com\/VecolColombia"]}]}},"_links":{"self":[{"href":"https:\/\/www.vecol.com.co\/en\/wp-json\/wp\/v2\/product\/2231","targetHints":{"allow":["GET"]}}],"collection":[{"href":"https:\/\/www.vecol.com.co\/en\/wp-json\/wp\/v2\/product"}],"about":[{"href":"https:\/\/www.vecol.com.co\/en\/wp-json\/wp\/v2\/types\/product"}],"wp:featuredmedia":[{"embeddable":true,"href":"https:\/\/www.vecol.com.co\/en\/wp-json\/wp\/v2\/media\/3007"}],"wp:attachment":[{"href":"https:\/\/www.vecol.com.co\/en\/wp-json\/wp\/v2\/media?parent=2231"}],"wp:term":[{"taxonomy":"product_brand","embeddable":true,"href":"https:\/\/www.vecol.com.co\/en\/wp-json\/wp\/v2\/product_brand?post=2231"},{"taxonomy":"product_cat","embeddable":true,"href":"https:\/\/www.vecol.com.co\/en\/wp-json\/wp\/v2\/product_cat?post=2231"},{"taxonomy":"product_tag","embeddable":true,"href":"https:\/\/www.vecol.com.co\/en\/wp-json\/wp\/v2\/product_tag?post=2231"}],"curies":[{"name":"wp","href":"https:\/\/api.w.org\/{rel}","templated":true}]}}