{"id":2221,"date":"2020-07-01T22:10:30","date_gmt":"2020-07-01T22:10:30","guid":{"rendered":"https:\/\/www.vecol.com.co\/?post_type=product&#038;p=2221"},"modified":"2025-12-29T14:48:32","modified_gmt":"2025-12-29T19:48:32","slug":"clorimuron","status":"publish","type":"product","link":"https:\/\/www.vecol.com.co\/en\/product\/clorimuron\/","title":{"rendered":"Clorimuron Vecol 25% WG"},"content":{"rendered":"<table width=\"572\">\n<tbody>\n<tr>\n<td width=\"152\"><strong>DESCRIPCI\u00d3N<\/strong><\/td>\n<td width=\"420\">Clorimuron Vecol 25% WG es un herbicida de uso agr\u00edcola, para el control selectivo en post-emergencia de las malezas de hoja ancha en el cultivo de soya.<\/td>\n<\/tr>\n<tr>\n<td width=\"152\"><strong>PRESENTACI\u00d3N Y FORMULACI\u00d3N<\/strong><\/td>\n<td width=\"420\">50 gramos y 100 gramos | Gr\u00e1nulos Dispersables (WG)<\/td>\n<\/tr>\n<tr>\n<td width=\"152\"><strong>COMPOSICI\u00d3N<\/strong><\/td>\n<td width=\"420\">CHLORIMURON 250 g\/Kg<\/td>\n<\/tr>\n<tr>\n<td width=\"152\"><strong>CONTRAINDICACIONES &#8211; FITOTOXICIDAD &#8211; COMPATIBILIDAD<\/strong><\/td>\n<td width=\"420\">\n<p style=\"text-align: justify;\">Al realizar premezclas, siempre hacer mezclas con otros productos para observar la compatibilidad de estos con Clorimuron 25% WG. Fitotoxicidad: Se recomienda hacer una aspersi\u00f3n en una peque\u00f1a \u00e1rea para asegurarse de que no ocurra fitotoxicidad cuando se use en variedades de nuevos cultivos. En las variedades en el pa\u00eds no hay problemas de toxicidad con el cultivo de soya.<\/p>\n<\/td>\n<\/tr>\n<tr>\n<td width=\"152\"><strong>FORMA DE ADMINISTRACI\u00d3N<\/strong><\/td>\n<td width=\"420\">\n<p style=\"text-align: justify;\">Llene el tanque de mezcla hasta 1\/4 con agua, comience a agitar y agregue la dosis del producto. Complete el volumen final con agua. Cuando se desee mezclar con productos s\u00f3lidos se deben hacer dos premezclas separadas para luego a\u00f1adirlas al tanque principal de mezcla. Use 200 Litros de agua por hect\u00e1rea en aplicaci\u00f3n terrestre.<\/p>\n<\/td>\n<\/tr>\n<tr>\n<td width=\"152\"><strong>MODO DE ACCI\u00d3N<\/strong><\/td>\n<td width=\"420\">\n<p style=\"text-align: justify;\">La absorci\u00f3n del producto se produce principalmente por v\u00eda foliar. Clorimuron Vecol 25% WG act\u00faa inhibiendo la enzima acetolactasa sintasa (Als), la cual es clave en la v\u00eda de bios\u00edntesis de los amino\u00e1cidos valina, leucina e isoleucina.<\/p>\n<\/td>\n<\/tr>\n<tr>\n<td width=\"152\"><strong>FRECUENCIA Y \u00c9POCA DE APLICACI\u00d3N<\/strong><\/td>\n<td width=\"420\">\n<p style=\"text-align: justify;\">Aplicar el producto una sola vez por ciclo de cultivo y rotar las aplicaciones con otros productos de diferentes modos de acci\u00f3n o grupo qu\u00edmico, dentro de un programa de manejo integrado. El uso repetido de herbicidas de un mismo grupo qu\u00edmico origina biotipos de malezas resistentes a dichos herbicidas.<\/p>\n<\/td>\n<\/tr>\n<tr>\n<td width=\"152\"><strong>REGISTRO ICA N\u00b0<\/strong><\/td>\n<td width=\"420\">PL0010152023 a nombre de VECOL S.A<\/td>\n<\/tr>\n<tr>\n<td width=\"152\"><strong>BLANCO BIOL\u00d3GICO<\/strong><\/td>\n<td width=\"420\">Coquito, Verdolaga, Clavito, Bot\u00f3n blanco, Batatilla, Balsilla<\/td>\n<\/tr>\n<tr>\n<td width=\"152\"><strong>CULTIVOS<\/strong><\/td>\n<td width=\"420\">Soya<\/td>\n<\/tr>\n<tr>\n<td width=\"152\"><strong>DOSIS POR CULTIVO<\/strong><\/td>\n<td width=\"420\">50 gr\/Ha<\/td>\n<\/tr>\n<tr>\n<td width=\"152\"><strong>TIPO PRODUCTO <\/strong><\/td>\n<td width=\"420\">\n<p style=\"text-align: justify;\">Herbicida<\/p>\n<\/td>\n<\/tr>\n<tr>\n<td width=\"152\"><strong>INDICACIONES<\/strong><\/td>\n<td width=\"420\">\n<p style=\"text-align: justify;\">Para el control selectivo en post-emergencia de las malezas de hoja ancha detalladas en la etiqueta para el cultivo de soya.<br \/>\nEl producto aplicado es r\u00e1pidamente absorbido por ra\u00edces y follaje traslad\u00e1ndose por toda la planta. Las malezas susceptibles cesan su crecimiento poco tiempo despu\u00e9s de realizado el tratamiento. Las hojas se vuelven clor\u00f3ticas en 3 a 5 d\u00edas, y se produce necrosis en los puntos de crecimiento. La muerte ocurre a las 2 a 3 semanas despu\u00e9s de la aplicaci\u00f3n. La absorci\u00f3n del producto se produce principalmente por v\u00eda foliar.<br \/>\nClorimuron Vecol 25% WP act\u00faa inhibiendo la enzima acetolactasa sintasa (ALS), la cual es clave en la v\u00eda de bios\u00edntesis de los amino\u00e1cidos valina, leucina e isoleucina.<\/p>\n<\/td>\n<\/tr>\n<tr>\n<td width=\"152\"><strong>USOS Y BLANCO BIOL\u00d3GICO<\/strong><\/td>\n<td width=\"420\">\n<p style=\"text-align: justify;\"><strong>CULTIVO:<\/strong> Soya<\/p>\n<div style=\"text-align: justify;\"><strong>BLANCO BIOL\u00d3GICO:<\/strong><\/div>\n<ul>\n<li>Coquito (Cyperus rotundus)<\/li>\n<li>Batatilla (Ipomocea sp)<\/li>\n<li>Verdolaga (Portulaca oleracea)<\/li>\n<li>Balsilla (Corchorus orinocensis)<\/li>\n<li>Bot\u00f3n blanco (Eclipta alba)<\/li>\n<li>Clavito (Jussiaea linnifolia)<\/li>\n<\/ul>\n<p style=\"text-align: justify;\"><strong>DOSIS:<\/strong>50 g\/Ha<\/p>\n<\/td>\n<\/tr>\n<tr>\n<td width=\"152\"><strong>PERIODO DE REENTRADA<\/strong><\/td>\n<td width=\"420\">\n<p style=\"text-align: justify;\"><strong>CULTIVO:<\/strong> Soya<\/p>\n<p style=\"text-align: justify;\"><strong>PR:<\/strong> 0 horas<\/p>\n<\/td>\n<\/tr>\n<tr>\n<td width=\"152\"><strong>PERIODO DE CARENCIA<\/strong><\/td>\n<td width=\"420\">\n<p style=\"text-align: justify;\"><strong>CULTIVO:<\/strong> Soya<\/p>\n<p style=\"text-align: justify;\"><strong>PC:<\/strong>N.A<\/p>\n<\/td>\n<\/tr>\n<tr>\n<td width=\"152\"><strong>PRECAUCIONES Y ALMACENAMIENTO<\/strong><\/td>\n<td width=\"420\">\n<p style=\"text-align: justify;\"><strong>Evaluaci\u00f3n del Riesgo ambiental:<\/strong><\/p>\n<ul>\n<li>Aves: No existe riesgo para las aves<\/li>\n<li>Peces: No existe riesgo para los peces<\/li>\n<li>Abejas: No existe riesgo para las abejas<\/li>\n<li>Lombriz de tierra: No existe riesgo para las lombrices.<\/li>\n<\/ul>\n<p style=\"text-align: justify;\">\u201cPara la aplicaci\u00f3n a\u00e9rea y terrestre respetar la franja de seguridad de 100 y 10 metros respectivamente con relaci\u00f3n a cuerpos de agua\u201d.<\/p>\n<p style=\"text-align: justify;\">\u201cNo contaminar lagos, r\u00edos, estanques o arroyos con los desechos y envases vac\u00edos\u201d<\/p>\n<p style=\"text-align: justify;\">\u201cEn caso de derrame recoger el producto y depositarlo en el sitio destinado por las autoridades locales para este fin\u201d<\/p>\n<p style=\"text-align: justify;\">\u201cNo contaminar las fuentes de agua con los restos de la aplicaci\u00f3n o sobrante del producto\u201d<\/p>\n<p style=\"text-align: justify;\"><strong>ALMACENAMIENTO Y MANEJO DEL PRODUCTO<\/strong><\/p>\n<p style=\"text-align: justify;\">\u201cNo almacenar en casas de habitaci\u00f3n\u201d<\/p>\n<p style=\"text-align: justify;\">\u201cNo almacenar ni transportar conjuntamente con alimentos, medicinas, bebidas ni forrajes\u201d<\/p>\n<p style=\"text-align: justify;\">\u201cConservar el producto en el envase original etiquetado y cerrado\u201d<\/p>\n<p style=\"text-align: justify;\">\u201cNo re-envasar o depositar el contenido en otros envases\u201d<\/p>\n<p style=\"text-align: justify;\">\u201cNo debe transportarse con productos de consumo humano o animal\u201d<\/p>\n<p style=\"text-align: justify;\">EMERGENCIAS TOXICOL\u00d3GICAS 24 HORAS CISPROQUIM 018000916012 fuera de Bogot\u00e1. En Bogot\u00e1 comunicarse con el tel\u00e9fono (57) 1 2886012.<\/p>\n<\/td>\n<\/tr>\n<tr>\n<td width=\"152\"><strong>REGISTRO ICA<\/strong><\/td>\n<td width=\"420\">\n<p style=\"text-align: justify;\"><strong>PL0010152023<\/strong><\/p>\n<\/td>\n<\/tr>\n<\/tbody>\n<\/table>","protected":false},"excerpt":{"rendered":"<p>Clorimuron Vecol 25% WG es un herbicida de uso agr\u00edcola, para el control selectivo en post-emergencia de las malezas de hoja ancha en el cultivo de soya.<\/p>","protected":false},"featured_media":3087,"template":"","meta":{"_acf_changed":false,"site-sidebar-layout":"default","site-content-layout":"default","ast-site-content-layout":"default","site-content-style":"default","site-sidebar-style":"default","ast-global-header-display":"","ast-banner-title-visibility":"","ast-main-header-display":"","ast-hfb-above-header-display":"","ast-hfb-below-header-display":"","ast-hfb-mobile-header-display":"","site-post-title":"","ast-breadcrumbs-content":"","ast-featured-img":"","footer-sml-layout":"","ast-disable-related-posts":"","theme-transparent-header-meta":"default","adv-header-id-meta":"","stick-header-meta":"","header-above-stick-meta":"","header-main-stick-meta":"","header-below-stick-meta":"","astra-migrate-meta-layouts":"set","ast-page-background-enabled":"default","ast-page-background-meta":{"desktop":{"background-color":"","background-image":"","background-repeat":"repeat","background-position":"center center","background-size":"auto","background-attachment":"scroll","background-type":"","background-media":"","overlay-type":"","overlay-color":"","overlay-opacity":"","overlay-gradient":""},"tablet":{"background-color":"","background-image":"","background-repeat":"repeat","background-position":"center center","background-size":"auto","background-attachment":"scroll","background-type":"","background-media":"","overlay-type":"","overlay-color":"","overlay-opacity":"","overlay-gradient":""},"mobile":{"background-color":"","background-image":"","background-repeat":"repeat","background-position":"center center","background-size":"auto","background-attachment":"scroll","background-type":"","background-media":"","overlay-type":"","overlay-color":"","overlay-opacity":"","overlay-gradient":""}},"ast-content-background-meta":{"desktop":{"background-color":"var(--ast-global-color-5)","background-image":"","background-repeat":"repeat","background-position":"center center","background-size":"auto","background-attachment":"scroll","background-type":"","background-media":"","overlay-type":"","overlay-color":"","overlay-opacity":"","overlay-gradient":""},"tablet":{"background-color":"var(--ast-global-color-5)","background-image":"","background-repeat":"repeat","background-position":"center center","background-size":"auto","background-attachment":"scroll","background-type":"","background-media":"","overlay-type":"","overlay-color":"","overlay-opacity":"","overlay-gradient":""},"mobile":{"background-color":"var(--ast-global-color-5)","background-image":"","background-repeat":"repeat","background-position":"center center","background-size":"auto","background-attachment":"scroll","background-type":"","background-media":"","overlay-type":"","overlay-color":"","overlay-opacity":"","overlay-gradient":""}}},"product_brand":[],"product_cat":[23,44],"product_tag":[],"class_list":{"0":"post-2221","1":"product","2":"type-product","3":"status-publish","4":"has-post-thumbnail","6":"product_cat-agricola-y-fertilizantes","7":"product_cat-herbicidas","8":"desktop-align-left","9":"tablet-align-left","10":"mobile-align-left","12":"first","13":"instock","14":"shipping-taxable","15":"product-type-simple"},"acf":[],"yoast_head":"<!-- This site is optimized with the Yoast SEO plugin v27.4 - https:\/\/yoast.com\/product\/yoast-seo-wordpress\/ -->\n<title>Clorimuron Vecol 25% WG - VECOL<\/title>\n<meta name=\"robots\" content=\"index, follow, max-snippet:-1, max-image-preview:large, max-video-preview:-1\" \/>\n<link rel=\"canonical\" href=\"https:\/\/www.vecol.com.co\/en\/product\/clorimuron\/\" \/>\n<meta property=\"og:locale\" content=\"en_US\" \/>\n<meta property=\"og:type\" content=\"article\" \/>\n<meta property=\"og:title\" content=\"Clorimuron Vecol 25% WG - VECOL\" \/>\n<meta property=\"og:description\" content=\"Clorimuron Vecol 25% WG es un herbicida de uso agr\u00edcola, para el control selectivo en post-emergencia de las malezas de hoja ancha en el cultivo de soya.\" \/>\n<meta property=\"og:url\" content=\"https:\/\/www.vecol.com.co\/en\/product\/clorimuron\/\" \/>\n<meta property=\"og:site_name\" content=\"VECOL\" \/>\n<meta property=\"article:publisher\" content=\"https:\/\/www.facebook.com\/vecolveterinaria\" \/>\n<meta property=\"article:modified_time\" content=\"2025-12-29T19:48:32+00:00\" \/>\n<meta property=\"og:image\" content=\"https:\/\/www.vecol.com.co\/wp-content\/uploads\/2020\/07\/CLORIMURON-VECOL.jpg\" \/>\n\t<meta property=\"og:image:width\" content=\"1920\" \/>\n\t<meta property=\"og:image:height\" content=\"1920\" \/>\n\t<meta property=\"og:image:type\" content=\"image\/jpeg\" \/>\n<meta name=\"twitter:card\" content=\"summary_large_image\" \/>\n<meta name=\"twitter:site\" content=\"@VecolColombia\" \/>\n<meta name=\"twitter:label1\" content=\"Est. reading time\" \/>\n\t<meta name=\"twitter:data1\" content=\"3 minutes\" \/>\n<script type=\"application\/ld+json\" class=\"yoast-schema-graph\">{\"@context\":\"https:\\\/\\\/schema.org\",\"@graph\":[{\"@type\":\"WebPage\",\"@id\":\"https:\\\/\\\/www.vecol.com.co\\\/en\\\/product\\\/clorimuron\\\/\",\"url\":\"https:\\\/\\\/www.vecol.com.co\\\/en\\\/product\\\/clorimuron\\\/\",\"name\":\"Clorimuron Vecol 25% WG - VECOL\",\"isPartOf\":{\"@id\":\"https:\\\/\\\/www.vecol.com.co\\\/#website\"},\"primaryImageOfPage\":{\"@id\":\"https:\\\/\\\/www.vecol.com.co\\\/en\\\/product\\\/clorimuron\\\/#primaryimage\"},\"image\":{\"@id\":\"https:\\\/\\\/www.vecol.com.co\\\/en\\\/product\\\/clorimuron\\\/#primaryimage\"},\"thumbnailUrl\":\"https:\\\/\\\/www.vecol.com.co\\\/wp-content\\\/uploads\\\/2020\\\/07\\\/CLORIMURON-VECOL.jpg\",\"datePublished\":\"2020-07-01T22:10:30+00:00\",\"dateModified\":\"2025-12-29T19:48:32+00:00\",\"breadcrumb\":{\"@id\":\"https:\\\/\\\/www.vecol.com.co\\\/en\\\/product\\\/clorimuron\\\/#breadcrumb\"},\"inLanguage\":\"en-US\",\"potentialAction\":[{\"@type\":\"ReadAction\",\"target\":[\"https:\\\/\\\/www.vecol.com.co\\\/en\\\/product\\\/clorimuron\\\/\"]}]},{\"@type\":\"ImageObject\",\"inLanguage\":\"en-US\",\"@id\":\"https:\\\/\\\/www.vecol.com.co\\\/en\\\/product\\\/clorimuron\\\/#primaryimage\",\"url\":\"https:\\\/\\\/www.vecol.com.co\\\/wp-content\\\/uploads\\\/2020\\\/07\\\/CLORIMURON-VECOL.jpg\",\"contentUrl\":\"https:\\\/\\\/www.vecol.com.co\\\/wp-content\\\/uploads\\\/2020\\\/07\\\/CLORIMURON-VECOL.jpg\",\"width\":1920,\"height\":1920,\"caption\":\"CLORIMURON VECOL\"},{\"@type\":\"BreadcrumbList\",\"@id\":\"https:\\\/\\\/www.vecol.com.co\\\/en\\\/product\\\/clorimuron\\\/#breadcrumb\",\"itemListElement\":[{\"@type\":\"ListItem\",\"position\":1,\"name\":\"Inicio\",\"item\":\"https:\\\/\\\/www.vecol.com.co\\\/\"},{\"@type\":\"ListItem\",\"position\":2,\"name\":\"Productos\",\"item\":\"https:\\\/\\\/www.vecol.com.co\\\/productos\\\/\"},{\"@type\":\"ListItem\",\"position\":3,\"name\":\"Clorimuron Vecol 25% WG\"}]},{\"@type\":\"WebSite\",\"@id\":\"https:\\\/\\\/www.vecol.com.co\\\/#website\",\"url\":\"https:\\\/\\\/www.vecol.com.co\\\/\",\"name\":\"VECOL\",\"description\":\"Empresa Colombiana de Productos Veterinarios\",\"publisher\":{\"@id\":\"https:\\\/\\\/www.vecol.com.co\\\/#organization\"},\"potentialAction\":[{\"@type\":\"SearchAction\",\"target\":{\"@type\":\"EntryPoint\",\"urlTemplate\":\"https:\\\/\\\/www.vecol.com.co\\\/?s={search_term_string}\"},\"query-input\":{\"@type\":\"PropertyValueSpecification\",\"valueRequired\":true,\"valueName\":\"search_term_string\"}}],\"inLanguage\":\"en-US\"},{\"@type\":\"Organization\",\"@id\":\"https:\\\/\\\/www.vecol.com.co\\\/#organization\",\"name\":\"Empresa Colombiana de Productos Veterinarios\",\"url\":\"https:\\\/\\\/www.vecol.com.co\\\/\",\"logo\":{\"@type\":\"ImageObject\",\"inLanguage\":\"en-US\",\"@id\":\"https:\\\/\\\/www.vecol.com.co\\\/#\\\/schema\\\/logo\\\/image\\\/\",\"url\":\"https:\\\/\\\/www.vecol.com.co\\\/wp-content\\\/uploads\\\/2023\\\/07\\\/logoVecol.png\",\"contentUrl\":\"https:\\\/\\\/www.vecol.com.co\\\/wp-content\\\/uploads\\\/2023\\\/07\\\/logoVecol.png\",\"width\":106,\"height\":106,\"caption\":\"Empresa Colombiana de Productos Veterinarios\"},\"image\":{\"@id\":\"https:\\\/\\\/www.vecol.com.co\\\/#\\\/schema\\\/logo\\\/image\\\/\"},\"sameAs\":[\"https:\\\/\\\/www.facebook.com\\\/vecolveterinaria\",\"https:\\\/\\\/x.com\\\/VecolColombia\"]}]}<\/script>\n<!-- \/ Yoast SEO plugin. -->","yoast_head_json":{"title":"Clorimuron Vecol 25% WG herbicida de uso agr\u00edcola | VECOL","robots":{"index":"index","follow":"follow","max-snippet":"max-snippet:-1","max-image-preview":"max-image-preview:large","max-video-preview":"max-video-preview:-1"},"canonical":"https:\/\/www.vecol.com.co\/en\/product\/clorimuron\/","og_locale":"en_US","og_type":"article","og_title":"Clorimuron Vecol 25% WG - VECOL","og_description":"Clorimuron Vecol 25% WG es un herbicida de uso agr\u00edcola, para el control selectivo en post-emergencia de las malezas de hoja ancha en el cultivo de soya.","og_url":"https:\/\/www.vecol.com.co\/en\/product\/clorimuron\/","og_site_name":"VECOL","article_publisher":"https:\/\/www.facebook.com\/vecolveterinaria","article_modified_time":"2025-12-29T19:48:32+00:00","og_image":[{"width":1920,"height":1920,"url":"https:\/\/www.vecol.com.co\/wp-content\/uploads\/2020\/07\/CLORIMURON-VECOL.jpg","type":"image\/jpeg"}],"twitter_card":"summary_large_image","twitter_site":"@VecolColombia","twitter_misc":{"Est. reading time":"3 minutes"},"schema":{"@context":"https:\/\/schema.org","@graph":[{"@type":"WebPage","@id":"https:\/\/www.vecol.com.co\/en\/product\/clorimuron\/","url":"https:\/\/www.vecol.com.co\/en\/product\/clorimuron\/","name":"Clorimuron Vecol 25% WG herbicida de uso agr\u00edcola | VECOL","isPartOf":{"@id":"https:\/\/www.vecol.com.co\/#website"},"primaryImageOfPage":{"@id":"https:\/\/www.vecol.com.co\/en\/product\/clorimuron\/#primaryimage"},"image":{"@id":"https:\/\/www.vecol.com.co\/en\/product\/clorimuron\/#primaryimage"},"thumbnailUrl":"https:\/\/www.vecol.com.co\/wp-content\/uploads\/2020\/07\/CLORIMURON-VECOL.jpg","datePublished":"2020-07-01T22:10:30+00:00","dateModified":"2025-12-29T19:48:32+00:00","breadcrumb":{"@id":"https:\/\/www.vecol.com.co\/en\/product\/clorimuron\/#breadcrumb"},"inLanguage":"en-US","potentialAction":[{"@type":"ReadAction","target":["https:\/\/www.vecol.com.co\/en\/product\/clorimuron\/"]}]},{"@type":"ImageObject","inLanguage":"en-US","@id":"https:\/\/www.vecol.com.co\/en\/product\/clorimuron\/#primaryimage","url":"https:\/\/www.vecol.com.co\/wp-content\/uploads\/2020\/07\/CLORIMURON-VECOL.jpg","contentUrl":"https:\/\/www.vecol.com.co\/wp-content\/uploads\/2020\/07\/CLORIMURON-VECOL.jpg","width":1920,"height":1920,"caption":"CLORIMURON VECOL"},{"@type":"BreadcrumbList","@id":"https:\/\/www.vecol.com.co\/en\/product\/clorimuron\/#breadcrumb","itemListElement":[{"@type":"ListItem","position":1,"name":"Inicio","item":"https:\/\/www.vecol.com.co\/"},{"@type":"ListItem","position":2,"name":"Productos","item":"https:\/\/www.vecol.com.co\/productos\/"},{"@type":"ListItem","position":3,"name":"Clorimuron Vecol 25% WG"}]},{"@type":"WebSite","@id":"https:\/\/www.vecol.com.co\/#website","url":"https:\/\/www.vecol.com.co\/","name":"VECOL","description":"Colombian Veterinary Products Company","publisher":{"@id":"https:\/\/www.vecol.com.co\/#organization"},"potentialAction":[{"@type":"SearchAction","target":{"@type":"EntryPoint","urlTemplate":"https:\/\/www.vecol.com.co\/?s={search_term_string}"},"query-input":{"@type":"PropertyValueSpecification","valueRequired":true,"valueName":"search_term_string"}}],"inLanguage":"en-US"},{"@type":"Organization","@id":"https:\/\/www.vecol.com.co\/#organization","name":"Colombian Veterinary Products Company","url":"https:\/\/www.vecol.com.co\/","logo":{"@type":"ImageObject","inLanguage":"en-US","@id":"https:\/\/www.vecol.com.co\/#\/schema\/logo\/image\/","url":"https:\/\/www.vecol.com.co\/wp-content\/uploads\/2023\/07\/logoVecol.png","contentUrl":"https:\/\/www.vecol.com.co\/wp-content\/uploads\/2023\/07\/logoVecol.png","width":106,"height":106,"caption":"Empresa Colombiana de Productos Veterinarios"},"image":{"@id":"https:\/\/www.vecol.com.co\/#\/schema\/logo\/image\/"},"sameAs":["https:\/\/www.facebook.com\/vecolveterinaria","https:\/\/x.com\/VecolColombia"]}]}},"_links":{"self":[{"href":"https:\/\/www.vecol.com.co\/en\/wp-json\/wp\/v2\/product\/2221","targetHints":{"allow":["GET"]}}],"collection":[{"href":"https:\/\/www.vecol.com.co\/en\/wp-json\/wp\/v2\/product"}],"about":[{"href":"https:\/\/www.vecol.com.co\/en\/wp-json\/wp\/v2\/types\/product"}],"wp:featuredmedia":[{"embeddable":true,"href":"https:\/\/www.vecol.com.co\/en\/wp-json\/wp\/v2\/media\/3087"}],"wp:attachment":[{"href":"https:\/\/www.vecol.com.co\/en\/wp-json\/wp\/v2\/media?parent=2221"}],"wp:term":[{"taxonomy":"product_brand","embeddable":true,"href":"https:\/\/www.vecol.com.co\/en\/wp-json\/wp\/v2\/product_brand?post=2221"},{"taxonomy":"product_cat","embeddable":true,"href":"https:\/\/www.vecol.com.co\/en\/wp-json\/wp\/v2\/product_cat?post=2221"},{"taxonomy":"product_tag","embeddable":true,"href":"https:\/\/www.vecol.com.co\/en\/wp-json\/wp\/v2\/product_tag?post=2221"}],"curies":[{"name":"wp","href":"https:\/\/api.w.org\/{rel}","templated":true}]}}