{"id":2211,"date":"2020-07-01T22:05:17","date_gmt":"2020-07-01T22:05:17","guid":{"rendered":"https:\/\/www.vecol.com.co\/?post_type=product&#038;p=2211"},"modified":"2025-12-29T14:50:29","modified_gmt":"2025-12-29T19:50:29","slug":"metsulfuron","status":"publish","type":"product","link":"https:\/\/www.vecol.com.co\/en\/product\/metsulfuron\/","title":{"rendered":"Metsulfuron Vecol 60 % WG"},"content":{"rendered":"<table width=\"572\">\n<tbody>\n<tr>\n<td width=\"152\">\n<p style=\"text-align: justify;\"><strong>DESCRIPCI\u00d3N<\/strong><\/p>\n<\/td>\n<td width=\"420\">\n<p style=\"text-align: justify;\">Herbicida sist\u00e9mico no hormonal con efecto residual para el control selectivo de malezas de hoja ancha en aspersi\u00f3n foliar total.<\/p>\n<\/td>\n<\/tr>\n<tr>\n<td width=\"152\"><strong>PRESENTACI\u00d3N Y FORMULACI\u00d3N<\/strong><\/td>\n<td width=\"420\">100 gramos | Gr\u00e1nulos Dispersables (WG)<\/td>\n<\/tr>\n<tr>\n<td width=\"152\"><strong>COMPOSICI\u00d3N<\/strong><\/td>\n<td width=\"420\">METSULFURON METHY 600 g\/L<\/td>\n<\/tr>\n<tr>\n<td width=\"152\"><strong>CONTRAINDICACIONES &#8211; FITOTOXICIDAD &#8211; COMPATIBILIDAD<\/strong><\/td>\n<td width=\"420\">\n<p style=\"text-align: justify;\">Se recomienda realizar pruebas previas de compatibilidad en caso de duda. No es fitot\u00f3xico si se siguen las dosis y recomendaciones indicadas. En caso de duda se recomienda hacer aspersi\u00f3n en una peque\u00f1a \u00e1rea para asegurarse de que no ocurra fitotoxicidad.<\/p>\n<\/td>\n<\/tr>\n<tr>\n<td width=\"152\"><strong>FORMA DE ADMINISTRACI\u00d3N<\/strong><\/td>\n<td width=\"420\">\n<p style=\"text-align: justify;\">Llene el tanque de mezcla hasta 1\/4 con agua, comience a agitar y agregue la dosis del producto. Complete el volumen final con agua y adicione el surfactante de \u00faltimo cuando el tanque est\u00e9 casi lleno, contin\u00fae agitando. Use de 200-400 litros de agua por hect\u00e1rea en aplicaci\u00f3n terrestre.<\/p>\n<\/td>\n<\/tr>\n<tr>\n<td width=\"152\"><strong>MODO DE ACCI\u00d3N<\/strong><\/td>\n<td width=\"420\">Es un herbicida sist\u00e9mico para el control selectivo de malezas de hoja ancha.<\/td>\n<\/tr>\n<tr>\n<td width=\"152\"><strong>FRECUENCIA Y \u00c9POCA DE APLICACI\u00d3N<\/strong><\/td>\n<td width=\"420\">\n<p style=\"text-align: justify;\">Aplicar en postemergencia a las malezas, las malezas deben tener de 2 a 3 hojas verdaderas. En pasto para producci\u00f3n de semilla aplicar antes del inicio del primordio floral. Aplicar el producto una sola vez por ciclo y rotar las aplicaciones con otros productos de diferentes modos de acci\u00f3n.<\/p>\n<\/td>\n<\/tr>\n<tr>\n<td width=\"152\"><strong>REGISTRO ICA N\u00b0<\/strong><\/td>\n<td width=\"420\">PL0009332023 a nombre de VECOL S.A.<\/td>\n<\/tr>\n<tr>\n<td width=\"152\"><strong>BLANCO BIOL\u00d3GICO<\/strong><\/td>\n<td width=\"420\">\n<p style=\"text-align: justify;\">Pi\u00f1ita, Botoncillo, Clavito, Bledo, Tripa de pollo, Lechosa, Bot\u00f3n blanco, Balsilia, Suelda consuelda, Dormidera, Chilinchil, Batatilla, Helecho, Morti\u00f1o y Escoba<\/p>\n<\/td>\n<\/tr>\n<tr style=\"text-align: justify;\">\n<td width=\"152\"><strong>CULTIVOS<\/strong><\/td>\n<td width=\"420\">Arroz y Potreros<\/td>\n<\/tr>\n<tr style=\"text-align: justify;\">\n<td width=\"152\"><strong>DOSIS POR CULTIVO<\/strong><\/td>\n<td width=\"420\">\n<ul>\n<li>Arroz: 15g\/Ha<\/li>\n<li>Potreros: 30g\/Ha<\/li>\n<\/ul>\n<\/td>\n<\/tr>\n<tr>\n<td width=\"152\"><strong>TIPO PRODUCTO <\/strong><\/td>\n<td width=\"420\">\n<p style=\"text-align: justify;\">Herbicida<\/p>\n<\/td>\n<\/tr>\n<tr>\n<td width=\"152\"><strong>INDICACIONES<\/strong><\/td>\n<td width=\"420\">\n<p style=\"text-align: justify;\">Es un herbicida sist\u00e9mico no hormonal con efecto residual para el control selectivo de malezas de hoja ancha<\/p>\n<\/td>\n<\/tr>\n<tr>\n<td width=\"152\"><strong>USOS Y BLANCO BIOL\u00d3GICO<\/strong><\/td>\n<td width=\"420\">\n<p style=\"text-align: justify;\"><strong>CULTIVO:<\/strong> Arroz<\/p>\n<p style=\"text-align: justify;\"><strong>BLANCO BIOL\u00d3GICO:<\/strong>Pi\u00f1ita (Murdania nudiflora), Botoncillo (Caperonia palustris), Clavito (Jussiaea linnifolia), Bledo (Amaranthus blitum), Tripa de pollo (Euphorbia hirta), Lechosa (Euphorbia heterophylia), Bot\u00f3n blanco (Eclipta alba), Balsilia(Corchorus orinoccensis), Suelda con suelda (Commelina difussa), Dormidera (Mimosa spp), Chilinchil (Cassia tora), Batatilla(Ipomea congesta), Batatilla (Ipomea hirta), Helecho (Pteridium aquilinum), Morti\u00f1o (Clidemia sp) y Escoba (Sida rhombifolia)<\/p>\n<p style=\"text-align: justify;\"><strong>DOSIS:<\/strong>15 gr\/ha<\/p>\n<p style=\"text-align: justify;\"><strong>CULTIVO:<\/strong> Potreros<\/p>\n<p style=\"text-align: justify;\"><strong>BLANCO BIOL\u00d3GICO:<\/strong>Pi\u00f1ita (Murdania nudiflora), Botoncillo (Caperonia palustris), Clavito (Jussiaea linnifolia), Bledo (Amaranthus blitum), Tripa de pollo (Euphorbia hirta), Lechosa (Euphorbia heterophylia), Bot\u00f3n blanco (Eclipta alba), Balsilia(Corchorus orinoccensis), Suelda con suelda (Commelina difussa), Dormidera (Mimosa spp), Chilinchil (Cassia tora), Batatilla(Ipomea congesta), Batatilla (Ipomea hirta), Helecho (Pteridium aquilinum), Morti\u00f1o (Clidemia sp) y Escoba (Sida rhombifolia)<\/p>\n<p style=\"text-align: justify;\"><strong>DOSIS:<\/strong>30 gr\/ha<\/p>\n<\/td>\n<\/tr>\n<tr>\n<td width=\"152\"><strong>PERIODO DE REENTRADA<\/strong><\/td>\n<td width=\"420\">\n<p style=\"text-align: justify;\"><strong>CULTIVO:<\/strong> Arroz<\/p>\n<p style=\"text-align: justify;\"><strong>PR:<\/strong> 0 horas<\/p>\n<p style=\"text-align: justify;\"><strong>CULTIVO:<\/strong> Potreros<\/p>\n<p style=\"text-align: justify;\"><strong>PR:<\/strong> 0 horas<\/p>\n<\/td>\n<\/tr>\n<tr>\n<td width=\"152\"><strong>PERIODO DE CARENCIA<\/strong><\/td>\n<td width=\"420\">\n<p style=\"text-align: justify;\"><strong>CULTIVO:<\/strong> Arroz<\/p>\n<p style=\"text-align: justify;\"><strong>PC:<\/strong>N.A.<\/p>\n<p style=\"text-align: justify;\"><strong>CULTIVO:<\/strong> Potreros<\/p>\n<p style=\"text-align: justify;\"><strong>PC:<\/strong>N.A.<\/p>\n<\/td>\n<\/tr>\n<tr>\n<td width=\"152\"><strong>PRECAUCIONES Y ALMACENAMIENTO<\/strong><\/td>\n<td width=\"420\">\n<p style=\"text-align: justify;\"><strong>Evaluaci\u00f3n del Riesgo ambiental:<\/strong><\/p>\n<ul>\n<li>Aves: No existe riesgo para las aves<\/li>\n<li>Peces: No existe riesgo para los peces<\/li>\n<li>Abejas No existe riesgo para las abejas.<\/li>\n<li>Lombriz de tierra: No existe riesgo para las lombrices.<\/li>\n<\/ul>\n<p style=\"text-align: justify;\">\u201cPara la aplicaci\u00f3n a\u00e9rea y terrestre respetar la franja de seguridad de 100 y 10 metros respectivamente con relaci\u00f3n a cuerpos de agua\u201d<\/p>\n<p style=\"text-align: justify;\">\u201cNo contaminar lagos, r\u00edos, estanques o arroyos con los desechos y envases vac\u00edos\u201d<\/p>\n<p style=\"text-align: justify;\">\u201cEn caso de derrame recoger el producto o depositarlo en el sitio destinado por las autoridades locales para este fin\u201d<\/p>\n<p style=\"text-align: justify;\">\u201cNo contaminar las fuentes de agua con los restos de la aplicaci\u00f3n o sobrante del producto\u201d<\/p>\n<p style=\"text-align: justify;\"><strong>ALMACENAMIENTO Y MANEJO DEL PRODUCTO<\/strong><\/p>\n<p style=\"text-align: justify;\">\u201cNo almacenar en casas de habitaci\u00f3n\u201d<\/p>\n<p style=\"text-align: justify;\">\u201cNo almacenar ni transportar conjuntamente con alimentos, medicinas, bebidas ni forrajes\u201d<\/p>\n<p style=\"text-align: justify;\">\u201cConservar el producto en el envase original etiquetado y cerrado\u201d<\/p>\n<p style=\"text-align: justify;\">\u201cNo re-envasar o depositar el contenido en otros envases\u201d<\/p>\n<p style=\"text-align: justify;\">\u201cNo debe transportarse con productos de consumo humano o animal\u201d<\/p>\n<p style=\"text-align: justify;\">EMERGENCIAS TOXICOL\u00d3GICAS 24 HORAS CISPROQUIM 018000916012 fuera de Bogot\u00e1. En Bogot\u00e1 comunicarse con el tel\u00e9fono (57) 1 2886012.<\/p>\n<\/td>\n<\/tr>\n<tr>\n<td width=\"152\"><strong>REGISTRO ICA<\/strong><\/td>\n<td width=\"420\">\n<p style=\"text-align: justify;\"><strong>PL0009332023<\/strong><\/p>\n<\/td>\n<\/tr>\n<\/tbody>\n<\/table>","protected":false},"excerpt":{"rendered":"<p>Herbicida sist\u00e9mico no hormonal con efecto residual para el control selectivo de malezas de hoja ancha en aspersi\u00f3n foliar total.<\/p>\n<p>La comercializaci\u00f3n y utilizaci\u00f3n del producto METSULFURON VECOL 60% WG est\u00e1 <strong><u>PROH\u00cdBIDA<\/u><\/strong> en los territorios colectivos del Consejo Comunitario de Alto Mira y Frontera de la zona de la Cuenca del Pac\u00edfico del Departamento de Nari\u00f1o, para el <strong><u>cultivo de palma de aceite<\/u><\/strong>.<\/p>\n<p>Esto, conforme al fallo de Segunda Instancia proferido por el Tribunal Superior del Distrito Judicial de Cali del 22 de abril de 2013.<\/p>","protected":false},"featured_media":2996,"template":"","meta":{"_acf_changed":false,"site-sidebar-layout":"default","site-content-layout":"default","ast-site-content-layout":"default","site-content-style":"default","site-sidebar-style":"default","ast-global-header-display":"","ast-banner-title-visibility":"","ast-main-header-display":"","ast-hfb-above-header-display":"","ast-hfb-below-header-display":"","ast-hfb-mobile-header-display":"","site-post-title":"","ast-breadcrumbs-content":"","ast-featured-img":"","footer-sml-layout":"","ast-disable-related-posts":"","theme-transparent-header-meta":"default","adv-header-id-meta":"","stick-header-meta":"","header-above-stick-meta":"","header-main-stick-meta":"","header-below-stick-meta":"","astra-migrate-meta-layouts":"set","ast-page-background-enabled":"default","ast-page-background-meta":{"desktop":{"background-color":"","background-image":"","background-repeat":"repeat","background-position":"center center","background-size":"auto","background-attachment":"scroll","background-type":"","background-media":"","overlay-type":"","overlay-color":"","overlay-opacity":"","overlay-gradient":""},"tablet":{"background-color":"","background-image":"","background-repeat":"repeat","background-position":"center center","background-size":"auto","background-attachment":"scroll","background-type":"","background-media":"","overlay-type":"","overlay-color":"","overlay-opacity":"","overlay-gradient":""},"mobile":{"background-color":"","background-image":"","background-repeat":"repeat","background-position":"center center","background-size":"auto","background-attachment":"scroll","background-type":"","background-media":"","overlay-type":"","overlay-color":"","overlay-opacity":"","overlay-gradient":""}},"ast-content-background-meta":{"desktop":{"background-color":"var(--ast-global-color-5)","background-image":"","background-repeat":"repeat","background-position":"center center","background-size":"auto","background-attachment":"scroll","background-type":"","background-media":"","overlay-type":"","overlay-color":"","overlay-opacity":"","overlay-gradient":""},"tablet":{"background-color":"var(--ast-global-color-5)","background-image":"","background-repeat":"repeat","background-position":"center center","background-size":"auto","background-attachment":"scroll","background-type":"","background-media":"","overlay-type":"","overlay-color":"","overlay-opacity":"","overlay-gradient":""},"mobile":{"background-color":"var(--ast-global-color-5)","background-image":"","background-repeat":"repeat","background-position":"center center","background-size":"auto","background-attachment":"scroll","background-type":"","background-media":"","overlay-type":"","overlay-color":"","overlay-opacity":"","overlay-gradient":""}}},"product_brand":[],"product_cat":[23,44],"product_tag":[],"class_list":{"0":"post-2211","1":"product","2":"type-product","3":"status-publish","4":"has-post-thumbnail","6":"product_cat-agricola-y-fertilizantes","7":"product_cat-herbicidas","8":"desktop-align-left","9":"tablet-align-left","10":"mobile-align-left","12":"first","13":"instock","14":"shipping-taxable","15":"product-type-simple"},"acf":[],"yoast_head":"<!-- This site is optimized with the Yoast SEO plugin v27.3 - https:\/\/yoast.com\/product\/yoast-seo-wordpress\/ -->\n<title>Metsulfuron Vecol 60 % WG - VECOL<\/title>\n<meta name=\"robots\" content=\"index, follow, max-snippet:-1, max-image-preview:large, max-video-preview:-1\" \/>\n<link rel=\"canonical\" href=\"https:\/\/www.vecol.com.co\/en\/product\/metsulfuron\/\" \/>\n<meta property=\"og:locale\" content=\"en_US\" \/>\n<meta property=\"og:type\" content=\"article\" \/>\n<meta property=\"og:title\" content=\"Metsulfuron Vecol 60 % WG - VECOL\" \/>\n<meta property=\"og:description\" content=\"Herbicida sist\u00e9mico no hormonal con efecto residual para el control selectivo de malezas de hoja ancha en aspersi\u00f3n foliar total.  La comercializaci\u00f3n y utilizaci\u00f3n del producto METSULFURON VECOL 60% WG est\u00e1 PROH\u00cdBIDA en los territorios colectivos del Consejo Comunitario de Alto Mira y Frontera de la zona de la Cuenca del Pac\u00edfico del Departamento de Nari\u00f1o, para el cultivo de palma de aceite.  Esto, conforme al fallo de Segunda Instancia proferido por el Tribunal Superior del Distrito Judicial de Cali del 22 de abril de 2013.\" \/>\n<meta property=\"og:url\" content=\"https:\/\/www.vecol.com.co\/en\/product\/metsulfuron\/\" \/>\n<meta property=\"og:site_name\" content=\"VECOL\" \/>\n<meta property=\"article:publisher\" content=\"https:\/\/www.facebook.com\/vecolveterinaria\" \/>\n<meta property=\"article:modified_time\" content=\"2025-12-29T19:50:29+00:00\" \/>\n<meta property=\"og:image\" content=\"https:\/\/www.vecol.com.co\/wp-content\/uploads\/2020\/07\/Metsulfuron60.jpg\" \/>\n\t<meta property=\"og:image:width\" content=\"1920\" \/>\n\t<meta property=\"og:image:height\" content=\"1920\" \/>\n\t<meta property=\"og:image:type\" content=\"image\/jpeg\" \/>\n<meta name=\"twitter:card\" content=\"summary_large_image\" \/>\n<meta name=\"twitter:site\" content=\"@VecolColombia\" \/>\n<meta name=\"twitter:label1\" content=\"Est. reading time\" \/>\n\t<meta name=\"twitter:data1\" content=\"3 minutes\" \/>\n<script type=\"application\/ld+json\" class=\"yoast-schema-graph\">{\"@context\":\"https:\\\/\\\/schema.org\",\"@graph\":[{\"@type\":\"WebPage\",\"@id\":\"https:\\\/\\\/www.vecol.com.co\\\/producto\\\/metsulfuron\\\/\",\"url\":\"https:\\\/\\\/www.vecol.com.co\\\/producto\\\/metsulfuron\\\/\",\"name\":\"Metsulfuron Vecol 60 % WG - VECOL\",\"isPartOf\":{\"@id\":\"https:\\\/\\\/www.vecol.com.co\\\/#website\"},\"primaryImageOfPage\":{\"@id\":\"https:\\\/\\\/www.vecol.com.co\\\/producto\\\/metsulfuron\\\/#primaryimage\"},\"image\":{\"@id\":\"https:\\\/\\\/www.vecol.com.co\\\/producto\\\/metsulfuron\\\/#primaryimage\"},\"thumbnailUrl\":\"https:\\\/\\\/www.vecol.com.co\\\/wp-content\\\/uploads\\\/2020\\\/07\\\/Metsulfuron60.jpg\",\"datePublished\":\"2020-07-01T22:05:17+00:00\",\"dateModified\":\"2025-12-29T19:50:29+00:00\",\"breadcrumb\":{\"@id\":\"https:\\\/\\\/www.vecol.com.co\\\/producto\\\/metsulfuron\\\/#breadcrumb\"},\"inLanguage\":\"en-US\",\"potentialAction\":[{\"@type\":\"ReadAction\",\"target\":[\"https:\\\/\\\/www.vecol.com.co\\\/producto\\\/metsulfuron\\\/\"]}]},{\"@type\":\"ImageObject\",\"inLanguage\":\"en-US\",\"@id\":\"https:\\\/\\\/www.vecol.com.co\\\/producto\\\/metsulfuron\\\/#primaryimage\",\"url\":\"https:\\\/\\\/www.vecol.com.co\\\/wp-content\\\/uploads\\\/2020\\\/07\\\/Metsulfuron60.jpg\",\"contentUrl\":\"https:\\\/\\\/www.vecol.com.co\\\/wp-content\\\/uploads\\\/2020\\\/07\\\/Metsulfuron60.jpg\",\"width\":1920,\"height\":1920,\"caption\":\"Metsulfuron60\"},{\"@type\":\"BreadcrumbList\",\"@id\":\"https:\\\/\\\/www.vecol.com.co\\\/producto\\\/metsulfuron\\\/#breadcrumb\",\"itemListElement\":[{\"@type\":\"ListItem\",\"position\":1,\"name\":\"Inicio\",\"item\":\"https:\\\/\\\/www.vecol.com.co\\\/\"},{\"@type\":\"ListItem\",\"position\":2,\"name\":\"Productos\",\"item\":\"https:\\\/\\\/www.vecol.com.co\\\/productos\\\/\"},{\"@type\":\"ListItem\",\"position\":3,\"name\":\"Metsulfuron Vecol 60 % WG\"}]},{\"@type\":\"WebSite\",\"@id\":\"https:\\\/\\\/www.vecol.com.co\\\/#website\",\"url\":\"https:\\\/\\\/www.vecol.com.co\\\/\",\"name\":\"VECOL\",\"description\":\"Empresa Colombiana de Productos Veterinarios\",\"publisher\":{\"@id\":\"https:\\\/\\\/www.vecol.com.co\\\/#organization\"},\"potentialAction\":[{\"@type\":\"SearchAction\",\"target\":{\"@type\":\"EntryPoint\",\"urlTemplate\":\"https:\\\/\\\/www.vecol.com.co\\\/?s={search_term_string}\"},\"query-input\":{\"@type\":\"PropertyValueSpecification\",\"valueRequired\":true,\"valueName\":\"search_term_string\"}}],\"inLanguage\":\"en-US\"},{\"@type\":\"Organization\",\"@id\":\"https:\\\/\\\/www.vecol.com.co\\\/#organization\",\"name\":\"Empresa Colombiana de Productos Veterinarios\",\"url\":\"https:\\\/\\\/www.vecol.com.co\\\/\",\"logo\":{\"@type\":\"ImageObject\",\"inLanguage\":\"en-US\",\"@id\":\"https:\\\/\\\/www.vecol.com.co\\\/#\\\/schema\\\/logo\\\/image\\\/\",\"url\":\"https:\\\/\\\/www.vecol.com.co\\\/wp-content\\\/uploads\\\/2023\\\/07\\\/logoVecol.png\",\"contentUrl\":\"https:\\\/\\\/www.vecol.com.co\\\/wp-content\\\/uploads\\\/2023\\\/07\\\/logoVecol.png\",\"width\":106,\"height\":106,\"caption\":\"Empresa Colombiana de Productos Veterinarios\"},\"image\":{\"@id\":\"https:\\\/\\\/www.vecol.com.co\\\/#\\\/schema\\\/logo\\\/image\\\/\"},\"sameAs\":[\"https:\\\/\\\/www.facebook.com\\\/vecolveterinaria\",\"https:\\\/\\\/x.com\\\/VecolColombia\"]}]}<\/script>\n<!-- \/ Yoast SEO plugin. -->","yoast_head_json":{"title":"Metsulfuron Vecol 60 % WG - VECOL","robots":{"index":"index","follow":"follow","max-snippet":"max-snippet:-1","max-image-preview":"max-image-preview:large","max-video-preview":"max-video-preview:-1"},"canonical":"https:\/\/www.vecol.com.co\/en\/product\/metsulfuron\/","og_locale":"en_US","og_type":"article","og_title":"Metsulfuron Vecol 60 % WG - VECOL","og_description":"Herbicida sist\u00e9mico no hormonal con efecto residual para el control selectivo de malezas de hoja ancha en aspersi\u00f3n foliar total.  La comercializaci\u00f3n y utilizaci\u00f3n del producto METSULFURON VECOL 60% WG est\u00e1 PROH\u00cdBIDA en los territorios colectivos del Consejo Comunitario de Alto Mira y Frontera de la zona de la Cuenca del Pac\u00edfico del Departamento de Nari\u00f1o, para el cultivo de palma de aceite.  Esto, conforme al fallo de Segunda Instancia proferido por el Tribunal Superior del Distrito Judicial de Cali del 22 de abril de 2013.","og_url":"https:\/\/www.vecol.com.co\/en\/product\/metsulfuron\/","og_site_name":"VECOL","article_publisher":"https:\/\/www.facebook.com\/vecolveterinaria","article_modified_time":"2025-12-29T19:50:29+00:00","og_image":[{"width":1920,"height":1920,"url":"https:\/\/www.vecol.com.co\/wp-content\/uploads\/2020\/07\/Metsulfuron60.jpg","type":"image\/jpeg"}],"twitter_card":"summary_large_image","twitter_site":"@VecolColombia","twitter_misc":{"Est. reading time":"3 minutes"},"schema":{"@context":"https:\/\/schema.org","@graph":[{"@type":"WebPage","@id":"https:\/\/www.vecol.com.co\/producto\/metsulfuron\/","url":"https:\/\/www.vecol.com.co\/producto\/metsulfuron\/","name":"Metsulfuron Vecol 60 % WG - VECOL","isPartOf":{"@id":"https:\/\/www.vecol.com.co\/#website"},"primaryImageOfPage":{"@id":"https:\/\/www.vecol.com.co\/producto\/metsulfuron\/#primaryimage"},"image":{"@id":"https:\/\/www.vecol.com.co\/producto\/metsulfuron\/#primaryimage"},"thumbnailUrl":"https:\/\/www.vecol.com.co\/wp-content\/uploads\/2020\/07\/Metsulfuron60.jpg","datePublished":"2020-07-01T22:05:17+00:00","dateModified":"2025-12-29T19:50:29+00:00","breadcrumb":{"@id":"https:\/\/www.vecol.com.co\/producto\/metsulfuron\/#breadcrumb"},"inLanguage":"en-US","potentialAction":[{"@type":"ReadAction","target":["https:\/\/www.vecol.com.co\/producto\/metsulfuron\/"]}]},{"@type":"ImageObject","inLanguage":"en-US","@id":"https:\/\/www.vecol.com.co\/producto\/metsulfuron\/#primaryimage","url":"https:\/\/www.vecol.com.co\/wp-content\/uploads\/2020\/07\/Metsulfuron60.jpg","contentUrl":"https:\/\/www.vecol.com.co\/wp-content\/uploads\/2020\/07\/Metsulfuron60.jpg","width":1920,"height":1920,"caption":"Metsulfuron60"},{"@type":"BreadcrumbList","@id":"https:\/\/www.vecol.com.co\/producto\/metsulfuron\/#breadcrumb","itemListElement":[{"@type":"ListItem","position":1,"name":"Inicio","item":"https:\/\/www.vecol.com.co\/"},{"@type":"ListItem","position":2,"name":"Productos","item":"https:\/\/www.vecol.com.co\/productos\/"},{"@type":"ListItem","position":3,"name":"Metsulfuron Vecol 60 % WG"}]},{"@type":"WebSite","@id":"https:\/\/www.vecol.com.co\/#website","url":"https:\/\/www.vecol.com.co\/","name":"VECOL","description":"Colombian Veterinary Products Company","publisher":{"@id":"https:\/\/www.vecol.com.co\/#organization"},"potentialAction":[{"@type":"SearchAction","target":{"@type":"EntryPoint","urlTemplate":"https:\/\/www.vecol.com.co\/?s={search_term_string}"},"query-input":{"@type":"PropertyValueSpecification","valueRequired":true,"valueName":"search_term_string"}}],"inLanguage":"en-US"},{"@type":"Organization","@id":"https:\/\/www.vecol.com.co\/#organization","name":"Colombian Veterinary Products Company","url":"https:\/\/www.vecol.com.co\/","logo":{"@type":"ImageObject","inLanguage":"en-US","@id":"https:\/\/www.vecol.com.co\/#\/schema\/logo\/image\/","url":"https:\/\/www.vecol.com.co\/wp-content\/uploads\/2023\/07\/logoVecol.png","contentUrl":"https:\/\/www.vecol.com.co\/wp-content\/uploads\/2023\/07\/logoVecol.png","width":106,"height":106,"caption":"Empresa Colombiana de Productos Veterinarios"},"image":{"@id":"https:\/\/www.vecol.com.co\/#\/schema\/logo\/image\/"},"sameAs":["https:\/\/www.facebook.com\/vecolveterinaria","https:\/\/x.com\/VecolColombia"]}]}},"_links":{"self":[{"href":"https:\/\/www.vecol.com.co\/en\/wp-json\/wp\/v2\/product\/2211","targetHints":{"allow":["GET"]}}],"collection":[{"href":"https:\/\/www.vecol.com.co\/en\/wp-json\/wp\/v2\/product"}],"about":[{"href":"https:\/\/www.vecol.com.co\/en\/wp-json\/wp\/v2\/types\/product"}],"wp:featuredmedia":[{"embeddable":true,"href":"https:\/\/www.vecol.com.co\/en\/wp-json\/wp\/v2\/media\/2996"}],"wp:attachment":[{"href":"https:\/\/www.vecol.com.co\/en\/wp-json\/wp\/v2\/media?parent=2211"}],"wp:term":[{"taxonomy":"product_brand","embeddable":true,"href":"https:\/\/www.vecol.com.co\/en\/wp-json\/wp\/v2\/product_brand?post=2211"},{"taxonomy":"product_cat","embeddable":true,"href":"https:\/\/www.vecol.com.co\/en\/wp-json\/wp\/v2\/product_cat?post=2211"},{"taxonomy":"product_tag","embeddable":true,"href":"https:\/\/www.vecol.com.co\/en\/wp-json\/wp\/v2\/product_tag?post=2211"}],"curies":[{"name":"wp","href":"https:\/\/api.w.org\/{rel}","templated":true}]}}