{"id":2207,"date":"2020-07-01T22:02:49","date_gmt":"2020-07-01T22:02:49","guid":{"rendered":"https:\/\/www.vecol.com.co\/?post_type=product&#038;p=2207"},"modified":"2024-09-04T15:51:44","modified_gmt":"2024-09-04T20:51:44","slug":"metholaclor","status":"publish","type":"product","link":"https:\/\/www.vecol.com.co\/en\/product\/metholaclor\/","title":{"rendered":"Metholaclor Vecol 960 EC"},"content":{"rendered":"<table width=\"572\">\n<tbody>\n<tr>\n<td width=\"152\"><strong>DESCRIPCI\u00d3N<\/strong><\/td>\n<td width=\"420\">Metholaclor Vecol 960 EC, es un herbicida para el control de la mayor\u00eda de las malezas gram\u00edneas y algunas cyperaceas en los cultivos de sorgo, ma\u00edz y yuca.<\/td>\n<\/tr>\n<tr>\n<td width=\"152\"><strong>PRESENTACI\u00d3N Y FORMULACI\u00d3N<\/strong><\/td>\n<td width=\"420\">1 Litro, 4 Litros y 20 Litros  | Concentrado Emulsionable (EC)<\/td>\n<\/tr>\n<tr>\n<td width=\"152\"><strong>COMPOSICI\u00d3N<\/strong><\/td>\n<td width=\"420\">S-METHOLACLOR     960 g\/L<\/td>\n<\/tr>\n<tr>\n<td width=\"152\"><strong>CONTRAINDICACIONES &#8211; FITOTOXICIDAD &#8211; COMPATIBILIDAD<\/strong><\/td>\n<td width=\"420\">\n<p style=\"text-align: justify;\">Es compatible con otros herbicidas l\u00edquidos que normalmente se utilizan en el cultivo de sorgo y ma\u00edz. Sin embargo, en caso de duda se recomienda hacer una premezcla para observar compatibilidad f\u00edsica. usado de acuerdo con lo recomendado es fitocompatible con los cultivos recomendados.en condiciones de alta humedad, aplicaciones de Metholaclor Vecol 960 EC en presiembra incorporada a las dosis recomendadas pueden retrasar el crecimiento inicial de los cultivos. Sin embargo estos alcanzan posteriormente su desarrollo y producci\u00f3n normal.<\/p>\n<\/td>\n<\/tr>\n<tr>\n<td width=\"152\"><strong>FORMA DE ADMINISTRACI\u00d3N<\/strong><\/td>\n<td width=\"420\">\n<p style=\"text-align: justify;\">Aspersi\u00f3n foliar terrestre dirigida al cultivo, previa diluci\u00f3n del producto en agua. Puede aplicarse con bomba de espalda siendo recomendable usar boquillas de cono lleno o abanico plano y un tama\u00f1o de gota de 350-500 \u00b5m aprox (30-40 gotas por cm2) y a presi\u00f3n constante.<\/p>\n<\/td>\n<\/tr>\n<tr>\n<td width=\"152\"><strong>MODO DE ACCI\u00d3N<\/strong><\/td>\n<td width=\"420\">\n<p style=\"text-align: justify;\">Se absorbe principalmente a trav\u00e9s del cole\u00f3ptilo y\/o hipocotilo de las semillas en germinaci\u00f3n, consecuentemente las malezas son eliminadas antes, durante o despu\u00e9s de la emergencia. La absorci\u00f3n radicular es de menor importancia y mucho m\u00e1s lenta.<\/p>\n<\/td>\n<\/tr>\n<tr>\n<td width=\"152\"><strong>FRECUENCIA Y \u00c9POCA DE APLICACI\u00d3N<\/strong><\/td>\n<td width=\"420\">\n<p style=\"text-align: justify;\">Aplicar las dosis recomendadas cuando el Ingeniero Agr\u00f3nomo lo recomiende en una preemergencia temprana de malezas. Se recomienda realizar una aplicaci\u00f3n por ciclo de cosecha y dentro de un programa integrado para evitar la resistencia al producto.<\/p>\n<\/td>\n<\/tr>\n<tr>\n<td width=\"152\"><strong>REGISTRO ICA N\u00b0<\/strong><\/td>\n<td width=\"420\">PL0013752023 a nombre de VECOL S.A<\/td>\n<\/tr>\n<tr>\n<td width=\"152\"><strong>BLANCO BIOL\u00d3GICO<\/strong><\/td>\n<td width=\"420\">Verdolaga, Liendrepuerco, Granadilla, Caperonia, Pasto angleton, Coquito<\/td>\n<\/tr>\n<tr>\n<td width=\"152\"><strong>CULTIVOS<\/strong><\/td>\n<td width=\"420\">Sorgo, ma\u00edz y yuca<\/td>\n<\/tr>\n<tr>\n<td width=\"152\"><strong>DOSIS POR CULTIVO<\/strong><\/td>\n<td width=\"420\">\n<ul>\n<li>Sorgo:1,25L\/Ha para suelos livianos y de 1,5L\/Ha para suelos pesados<\/li>\n<li>Maiz:1,5L\/Ha para suelos livianos y 1,8L\/Ha para suelos pesados<\/li>\n<li>Yuca:1,25L\/Ha para suelos livianos y 1,5L\/Ha para suelos pesados<\/li>\n<\/ul>\n<\/td>\n<\/tr>\n<tr>\n<td width=\"152\"><strong>TIPO PRODUCTO <\/strong><\/td>\n<td width=\"420\">\n<p style=\"text-align: justify;\">Herbicida<\/p>\n<\/td>\n<\/tr>\n<tr>\n<td width=\"152\"><strong>INDICACIONES<\/strong><\/td>\n<td width=\"420\">\n<p style=\"text-align: justify;\">Es un herbicida para control de malezas en cultivos de sorgo, ma\u00edz y yuca. Se absorbe principalmente a trav\u00e9s del cole\u00f3ptilo y\/o hipoc\u00f3tilo de las semillas en germinaci\u00f3n. Consecuentemente las malezas son eliminadas antes, durante o despu\u00e9s de la emergencia. La absorci\u00f3n radicular es de menor importancia y mucho m\u00e1s lenta. Es efectivo contra la mayor\u00eda de las malezas gram\u00edneas anuales propagadas por semilla y adem\u00e1s ejerce control de Cyperus rotundus, coquito. El efecto residual de este producto no impide la rotaci\u00f3n de los cultivos, pero es suficiente para controlar las malezas durante el periodo en el cual estas compiten con las plantas cultivadas.<\/p>\n<\/td>\n<\/tr>\n<tr>\n<td width=\"152\"><strong>USOS Y BLANCO BIOL\u00d3GICO<\/strong><\/td>\n<td width=\"420\">\n<p style=\"text-align: justify;\"><strong>CULTIVO:<\/strong> Sorgo<\/p>\n<p style=\"text-align: justify;\"><strong>BLANCO BIOL\u00d3GICO:<\/strong>Verdolaga (Portulaca oleraceae), Liendrepuerco (Echinocloa colonum), Granadilla (Panicum fascilatum), Caperonia (Caperonia palustris), Pasto angleton (Dichanthium aristatum), Coquito (Ciperus rotundus).<\/p>\n<p style=\"text-align: justify;\"><strong>DOSIS:<\/strong>1.25 L\/Ha para suelos livianos y de 1.5 L\/Ha para suelos pesados.<\/p>\n<p style=\"text-align: justify;\">\n<p style=\"text-align: justify;\"><strong>CULTIVO:<\/strong> Ma\u00edz<\/p>\n<p style=\"text-align: justify;\"><strong>BLANCO BIOL\u00d3GICO:<\/strong> Verdolaga (Portulaca oleraceae), Liendrepuerco (Echinocloa colonum), Granadilla (Panicum fascilatum), Caperonia (Caperonia palustris), Pasto angleton (Dichanthium aristatum), Coquito (Ciperus rotundus).<\/p>\n<p style=\"text-align: justify;\"><strong>DOSIS:<\/strong>1.5 L\/Ha para suelos livianos y de 1.8 L\/Ha para suelos pesados.<\/p>\n<p style=\"text-align: justify;\">\n<p style=\"text-align: justify;\"><strong>CULTIVO:<\/strong> Yuca<\/p>\n<p style=\"text-align: justify;\"><strong>BLANCO BIOL\u00d3GICO:<\/strong> Verdolaga (Portulaca oleraceae), Liendrepuerco (Echinocloa colonum), Granadilla (Panicum fascilatum), Caperonia (Caperonia palustris), Pasto angleton (Dichanthium aristatum), Coquito (Ciperus rotundus).<\/p>\n<p style=\"text-align: justify;\"><strong>DOSIS:<\/strong> 1.25 L\/Ha para suelos livianos y de 1.5 L\/Ha para suelos pesados.<\/p>\n<\/td>\n<\/tr>\n<tr>\n<td width=\"152\"><strong>PERIODO DE REENTRADA<\/strong><\/td>\n<td width=\"420\">\n<p style=\"text-align: justify;\"><strong>CULTIVO:<\/strong> Sorgo<\/p>\n<p style=\"text-align: justify;\"><strong>PR:<\/strong> 0 horas<\/p>\n<p style=\"text-align: justify;\">\n<p style=\"text-align: justify;\"><strong>CULTIVO:<\/strong> Ma\u00edz<\/p>\n<p style=\"text-align: justify;\"><strong>PR:<\/strong> 0 horas<\/p>\n<p style=\"text-align: justify;\">\n<p style=\"text-align: justify;\"><strong>CULTIVO:<\/strong> Yuca<\/p>\n<p style=\"text-align: justify;\"><strong>PR:<\/strong> 0 horas<\/p>\n<\/td>\n<\/tr>\n<tr>\n<td width=\"152\"><strong>PERIODO DE CARENCIA<\/strong><\/td>\n<td width=\"420\">\n<p style=\"text-align: justify;\"><strong>CULTIVO:<\/strong> Sorgo<\/p>\n<p style=\"text-align: justify;\"><strong>PC:<\/strong>N.A.<\/p>\n<p style=\"text-align: justify;\">\n<p style=\"text-align: justify;\"><strong>CULTIVO:<\/strong> Ma\u00edz<\/p>\n<p style=\"text-align: justify;\"><strong>PC:<\/strong>N.A.<\/p>\n<p style=\"text-align: justify;\">\n<p style=\"text-align: justify;\"><strong>CULTIVO:<\/strong> Yuca<\/p>\n<p style=\"text-align: justify;\"><strong>PC:<\/strong>N.A.<\/p>\n<\/td>\n<\/tr>\n<tr>\n<td width=\"152\"><strong>PRECAUCIONES Y ALMACENAMIENTO<\/strong><\/td>\n<td width=\"420\">\n<p style=\"text-align: justify;\"><strong>Evaluaci\u00f3n del Riesgo ambiental:<\/strong><\/p>\n<ul>\n<li>Aves: Extremadamente t\u00f3xico para las aves.<\/li>\n<li>Peces: Extremadamente t\u00f3xico para los peces.<\/li>\n<li>Abejas: Pr\u00e1cticamente no t\u00f3xico para las abejas-<\/li>\n<li>Lombriz de tierra: No existe riesgo para las lombrices.<\/li>\n<\/ul>\n<p style=\"text-align: justify;\">\u201cPara la aplicaci\u00f3n a\u00e9rea y terrestre respetar la franja de seguridad de 100 y 10 metros respectivamente con relaci\u00f3n a cuerpos de agua\u201d<\/p>\n<p style=\"text-align: justify;\">\u201cNo contaminar lagos, r\u00edos, estanques o arroyos con los desechos y envases vac\u00edos\u201d<\/p>\n<p style=\"text-align: justify;\">\u201cEn caso de derrame recoger el producto o depositarlo en el sitio destinado por las autoridades locales para este fin\u201d<\/p>\n<p style=\"text-align: justify;\">\u201cNo contaminar las fuentes de agua con los restos de la aplicaci\u00f3n o sobrante del producto\u201d<\/p>\n<p style=\"text-align: justify;\"><strong>ALMACENAMIENTO Y MANEJO DEL PRODUCTO<\/strong><\/p>\n<p style=\"text-align: justify;\">\u201cNo almacenar en casas de habitaci\u00f3n\u201d<\/p>\n<p style=\"text-align: justify;\">\u201cNo almacenar ni transportar conjuntamente con alimentos, medicinas, bebidas ni forrajes\u201d<\/p>\n<p style=\"text-align: justify;\">\u201cConservar el producto en el envase original etiquetado y cerrado\u201d<\/p>\n<p style=\"text-align: justify;\">\u201cNo re-envasar o depositar el contenido en otros envases\u201d<\/p>\n<p style=\"text-align: justify;\">\u201cNo debe transportarse con productos de consumo humano o animal\u201d<\/p>\n<p style=\"text-align: justify;\">EMERGENCIAS TOXICOL\u00d3GICAS 24 HORAS CISPROQUIM 018000916012 fuera de Bogot\u00e1. En Bogot\u00e1 comunicarse con el tel\u00e9fono (57) 1 2886012.<\/p>\n<\/td>\n<\/tr>\n<tr>\n<td width=\"152\"><strong>REGISTRO ICA<\/strong><\/td>\n<td width=\"420\">\n<p style=\"text-align: justify;\"><strong>PL0014542023<\/strong><\/p>\n<\/td>\n<\/tr>\n<\/tbody>\n<\/table>","protected":false},"excerpt":{"rendered":"<p>Metholaclor Vecol 960 EC, es un herbicida para el control de la mayor\u00eda de las malezas gram\u00edneas y algunas cyperaceas en los cultivos de sorgo, ma\u00edz y yuca.<\/p>","protected":false},"featured_media":2993,"template":"","meta":{"_acf_changed":false,"site-sidebar-layout":"default","site-content-layout":"default","ast-site-content-layout":"default","site-content-style":"default","site-sidebar-style":"default","ast-global-header-display":"","ast-banner-title-visibility":"","ast-main-header-display":"","ast-hfb-above-header-display":"","ast-hfb-below-header-display":"","ast-hfb-mobile-header-display":"","site-post-title":"","ast-breadcrumbs-content":"","ast-featured-img":"","footer-sml-layout":"","ast-disable-related-posts":"","theme-transparent-header-meta":"default","adv-header-id-meta":"","stick-header-meta":"","header-above-stick-meta":"","header-main-stick-meta":"","header-below-stick-meta":"","astra-migrate-meta-layouts":"set","ast-page-background-enabled":"default","ast-page-background-meta":{"desktop":{"background-color":"","background-image":"","background-repeat":"repeat","background-position":"center center","background-size":"auto","background-attachment":"scroll","background-type":"","background-media":"","overlay-type":"","overlay-color":"","overlay-opacity":"","overlay-gradient":""},"tablet":{"background-color":"","background-image":"","background-repeat":"repeat","background-position":"center center","background-size":"auto","background-attachment":"scroll","background-type":"","background-media":"","overlay-type":"","overlay-color":"","overlay-opacity":"","overlay-gradient":""},"mobile":{"background-color":"","background-image":"","background-repeat":"repeat","background-position":"center center","background-size":"auto","background-attachment":"scroll","background-type":"","background-media":"","overlay-type":"","overlay-color":"","overlay-opacity":"","overlay-gradient":""}},"ast-content-background-meta":{"desktop":{"background-color":"var(--ast-global-color-5)","background-image":"","background-repeat":"repeat","background-position":"center center","background-size":"auto","background-attachment":"scroll","background-type":"","background-media":"","overlay-type":"","overlay-color":"","overlay-opacity":"","overlay-gradient":""},"tablet":{"background-color":"var(--ast-global-color-5)","background-image":"","background-repeat":"repeat","background-position":"center center","background-size":"auto","background-attachment":"scroll","background-type":"","background-media":"","overlay-type":"","overlay-color":"","overlay-opacity":"","overlay-gradient":""},"mobile":{"background-color":"var(--ast-global-color-5)","background-image":"","background-repeat":"repeat","background-position":"center center","background-size":"auto","background-attachment":"scroll","background-type":"","background-media":"","overlay-type":"","overlay-color":"","overlay-opacity":"","overlay-gradient":""}}},"product_brand":[],"product_cat":[23,44],"product_tag":[],"class_list":{"0":"post-2207","1":"product","2":"type-product","3":"status-publish","4":"has-post-thumbnail","6":"product_cat-agricola-y-fertilizantes","7":"product_cat-herbicidas","8":"desktop-align-left","9":"tablet-align-left","10":"mobile-align-left","12":"first","13":"instock","14":"shipping-taxable","15":"product-type-simple"},"acf":[],"yoast_head":"<!-- This site is optimized with the Yoast SEO plugin v27.3 - https:\/\/yoast.com\/product\/yoast-seo-wordpress\/ -->\n<title>Metholaclor Vecol 960 EC - VECOL<\/title>\n<meta name=\"robots\" content=\"index, follow, max-snippet:-1, max-image-preview:large, max-video-preview:-1\" \/>\n<link rel=\"canonical\" href=\"https:\/\/www.vecol.com.co\/en\/product\/metholaclor\/\" \/>\n<meta property=\"og:locale\" content=\"en_US\" \/>\n<meta property=\"og:type\" content=\"article\" \/>\n<meta property=\"og:title\" content=\"Metholaclor Vecol 960 EC - VECOL\" \/>\n<meta property=\"og:description\" content=\"Metholaclor Vecol 960 EC, es un herbicida para el control de la mayor\u00eda de las malezas gram\u00edneas y algunas cyperaceas en los cultivos de sorgo, ma\u00edz y yuca.\" \/>\n<meta property=\"og:url\" content=\"https:\/\/www.vecol.com.co\/en\/product\/metholaclor\/\" \/>\n<meta property=\"og:site_name\" content=\"VECOL\" \/>\n<meta property=\"article:publisher\" content=\"https:\/\/www.facebook.com\/vecolveterinaria\" \/>\n<meta property=\"article:modified_time\" content=\"2024-09-04T20:51:44+00:00\" \/>\n<meta property=\"og:image\" content=\"https:\/\/www.vecol.com.co\/wp-content\/uploads\/2020\/07\/Metholaclor20litros.jpg\" \/>\n\t<meta property=\"og:image:width\" content=\"1920\" \/>\n\t<meta property=\"og:image:height\" content=\"1920\" \/>\n\t<meta property=\"og:image:type\" content=\"image\/jpeg\" \/>\n<meta name=\"twitter:card\" content=\"summary_large_image\" \/>\n<meta name=\"twitter:site\" content=\"@VecolColombia\" \/>\n<meta name=\"twitter:label1\" content=\"Est. reading time\" \/>\n\t<meta name=\"twitter:data1\" content=\"4 minutes\" \/>\n<script type=\"application\/ld+json\" class=\"yoast-schema-graph\">{\"@context\":\"https:\\\/\\\/schema.org\",\"@graph\":[{\"@type\":\"WebPage\",\"@id\":\"https:\\\/\\\/www.vecol.com.co\\\/producto\\\/metholaclor\\\/\",\"url\":\"https:\\\/\\\/www.vecol.com.co\\\/producto\\\/metholaclor\\\/\",\"name\":\"Metholaclor Vecol 960 EC - VECOL\",\"isPartOf\":{\"@id\":\"https:\\\/\\\/www.vecol.com.co\\\/#website\"},\"primaryImageOfPage\":{\"@id\":\"https:\\\/\\\/www.vecol.com.co\\\/producto\\\/metholaclor\\\/#primaryimage\"},\"image\":{\"@id\":\"https:\\\/\\\/www.vecol.com.co\\\/producto\\\/metholaclor\\\/#primaryimage\"},\"thumbnailUrl\":\"https:\\\/\\\/www.vecol.com.co\\\/wp-content\\\/uploads\\\/2020\\\/07\\\/Metholaclor20litros.jpg\",\"datePublished\":\"2020-07-01T22:02:49+00:00\",\"dateModified\":\"2024-09-04T20:51:44+00:00\",\"breadcrumb\":{\"@id\":\"https:\\\/\\\/www.vecol.com.co\\\/producto\\\/metholaclor\\\/#breadcrumb\"},\"inLanguage\":\"en-US\",\"potentialAction\":[{\"@type\":\"ReadAction\",\"target\":[\"https:\\\/\\\/www.vecol.com.co\\\/producto\\\/metholaclor\\\/\"]}]},{\"@type\":\"ImageObject\",\"inLanguage\":\"en-US\",\"@id\":\"https:\\\/\\\/www.vecol.com.co\\\/producto\\\/metholaclor\\\/#primaryimage\",\"url\":\"https:\\\/\\\/www.vecol.com.co\\\/wp-content\\\/uploads\\\/2020\\\/07\\\/Metholaclor20litros.jpg\",\"contentUrl\":\"https:\\\/\\\/www.vecol.com.co\\\/wp-content\\\/uploads\\\/2020\\\/07\\\/Metholaclor20litros.jpg\",\"width\":1920,\"height\":1920,\"caption\":\"Metholaclor20litros\"},{\"@type\":\"BreadcrumbList\",\"@id\":\"https:\\\/\\\/www.vecol.com.co\\\/producto\\\/metholaclor\\\/#breadcrumb\",\"itemListElement\":[{\"@type\":\"ListItem\",\"position\":1,\"name\":\"Inicio\",\"item\":\"https:\\\/\\\/www.vecol.com.co\\\/\"},{\"@type\":\"ListItem\",\"position\":2,\"name\":\"Productos\",\"item\":\"https:\\\/\\\/www.vecol.com.co\\\/productos\\\/\"},{\"@type\":\"ListItem\",\"position\":3,\"name\":\"Metholaclor Vecol 960 EC\"}]},{\"@type\":\"WebSite\",\"@id\":\"https:\\\/\\\/www.vecol.com.co\\\/#website\",\"url\":\"https:\\\/\\\/www.vecol.com.co\\\/\",\"name\":\"VECOL\",\"description\":\"Empresa Colombiana de Productos Veterinarios\",\"publisher\":{\"@id\":\"https:\\\/\\\/www.vecol.com.co\\\/#organization\"},\"potentialAction\":[{\"@type\":\"SearchAction\",\"target\":{\"@type\":\"EntryPoint\",\"urlTemplate\":\"https:\\\/\\\/www.vecol.com.co\\\/?s={search_term_string}\"},\"query-input\":{\"@type\":\"PropertyValueSpecification\",\"valueRequired\":true,\"valueName\":\"search_term_string\"}}],\"inLanguage\":\"en-US\"},{\"@type\":\"Organization\",\"@id\":\"https:\\\/\\\/www.vecol.com.co\\\/#organization\",\"name\":\"Empresa Colombiana de Productos Veterinarios\",\"url\":\"https:\\\/\\\/www.vecol.com.co\\\/\",\"logo\":{\"@type\":\"ImageObject\",\"inLanguage\":\"en-US\",\"@id\":\"https:\\\/\\\/www.vecol.com.co\\\/#\\\/schema\\\/logo\\\/image\\\/\",\"url\":\"https:\\\/\\\/www.vecol.com.co\\\/wp-content\\\/uploads\\\/2023\\\/07\\\/logoVecol.png\",\"contentUrl\":\"https:\\\/\\\/www.vecol.com.co\\\/wp-content\\\/uploads\\\/2023\\\/07\\\/logoVecol.png\",\"width\":106,\"height\":106,\"caption\":\"Empresa Colombiana de Productos Veterinarios\"},\"image\":{\"@id\":\"https:\\\/\\\/www.vecol.com.co\\\/#\\\/schema\\\/logo\\\/image\\\/\"},\"sameAs\":[\"https:\\\/\\\/www.facebook.com\\\/vecolveterinaria\",\"https:\\\/\\\/x.com\\\/VecolColombia\"]}]}<\/script>\n<!-- \/ Yoast SEO plugin. -->","yoast_head_json":{"title":"Metholaclor Vecol 960 EC - VECOL","robots":{"index":"index","follow":"follow","max-snippet":"max-snippet:-1","max-image-preview":"max-image-preview:large","max-video-preview":"max-video-preview:-1"},"canonical":"https:\/\/www.vecol.com.co\/en\/product\/metholaclor\/","og_locale":"en_US","og_type":"article","og_title":"Metholaclor Vecol 960 EC - VECOL","og_description":"Metholaclor Vecol 960 EC, es un herbicida para el control de la mayor\u00eda de las malezas gram\u00edneas y algunas cyperaceas en los cultivos de sorgo, ma\u00edz y yuca.","og_url":"https:\/\/www.vecol.com.co\/en\/product\/metholaclor\/","og_site_name":"VECOL","article_publisher":"https:\/\/www.facebook.com\/vecolveterinaria","article_modified_time":"2024-09-04T20:51:44+00:00","og_image":[{"width":1920,"height":1920,"url":"https:\/\/www.vecol.com.co\/wp-content\/uploads\/2020\/07\/Metholaclor20litros.jpg","type":"image\/jpeg"}],"twitter_card":"summary_large_image","twitter_site":"@VecolColombia","twitter_misc":{"Est. reading time":"4 minutes"},"schema":{"@context":"https:\/\/schema.org","@graph":[{"@type":"WebPage","@id":"https:\/\/www.vecol.com.co\/producto\/metholaclor\/","url":"https:\/\/www.vecol.com.co\/producto\/metholaclor\/","name":"Metholaclor Vecol 960 EC - VECOL","isPartOf":{"@id":"https:\/\/www.vecol.com.co\/#website"},"primaryImageOfPage":{"@id":"https:\/\/www.vecol.com.co\/producto\/metholaclor\/#primaryimage"},"image":{"@id":"https:\/\/www.vecol.com.co\/producto\/metholaclor\/#primaryimage"},"thumbnailUrl":"https:\/\/www.vecol.com.co\/wp-content\/uploads\/2020\/07\/Metholaclor20litros.jpg","datePublished":"2020-07-01T22:02:49+00:00","dateModified":"2024-09-04T20:51:44+00:00","breadcrumb":{"@id":"https:\/\/www.vecol.com.co\/producto\/metholaclor\/#breadcrumb"},"inLanguage":"en-US","potentialAction":[{"@type":"ReadAction","target":["https:\/\/www.vecol.com.co\/producto\/metholaclor\/"]}]},{"@type":"ImageObject","inLanguage":"en-US","@id":"https:\/\/www.vecol.com.co\/producto\/metholaclor\/#primaryimage","url":"https:\/\/www.vecol.com.co\/wp-content\/uploads\/2020\/07\/Metholaclor20litros.jpg","contentUrl":"https:\/\/www.vecol.com.co\/wp-content\/uploads\/2020\/07\/Metholaclor20litros.jpg","width":1920,"height":1920,"caption":"Metholaclor20litros"},{"@type":"BreadcrumbList","@id":"https:\/\/www.vecol.com.co\/producto\/metholaclor\/#breadcrumb","itemListElement":[{"@type":"ListItem","position":1,"name":"Inicio","item":"https:\/\/www.vecol.com.co\/"},{"@type":"ListItem","position":2,"name":"Productos","item":"https:\/\/www.vecol.com.co\/productos\/"},{"@type":"ListItem","position":3,"name":"Metholaclor Vecol 960 EC"}]},{"@type":"WebSite","@id":"https:\/\/www.vecol.com.co\/#website","url":"https:\/\/www.vecol.com.co\/","name":"VECOL","description":"Colombian Veterinary Products Company","publisher":{"@id":"https:\/\/www.vecol.com.co\/#organization"},"potentialAction":[{"@type":"SearchAction","target":{"@type":"EntryPoint","urlTemplate":"https:\/\/www.vecol.com.co\/?s={search_term_string}"},"query-input":{"@type":"PropertyValueSpecification","valueRequired":true,"valueName":"search_term_string"}}],"inLanguage":"en-US"},{"@type":"Organization","@id":"https:\/\/www.vecol.com.co\/#organization","name":"Colombian Veterinary Products Company","url":"https:\/\/www.vecol.com.co\/","logo":{"@type":"ImageObject","inLanguage":"en-US","@id":"https:\/\/www.vecol.com.co\/#\/schema\/logo\/image\/","url":"https:\/\/www.vecol.com.co\/wp-content\/uploads\/2023\/07\/logoVecol.png","contentUrl":"https:\/\/www.vecol.com.co\/wp-content\/uploads\/2023\/07\/logoVecol.png","width":106,"height":106,"caption":"Empresa Colombiana de Productos Veterinarios"},"image":{"@id":"https:\/\/www.vecol.com.co\/#\/schema\/logo\/image\/"},"sameAs":["https:\/\/www.facebook.com\/vecolveterinaria","https:\/\/x.com\/VecolColombia"]}]}},"_links":{"self":[{"href":"https:\/\/www.vecol.com.co\/en\/wp-json\/wp\/v2\/product\/2207","targetHints":{"allow":["GET"]}}],"collection":[{"href":"https:\/\/www.vecol.com.co\/en\/wp-json\/wp\/v2\/product"}],"about":[{"href":"https:\/\/www.vecol.com.co\/en\/wp-json\/wp\/v2\/types\/product"}],"wp:featuredmedia":[{"embeddable":true,"href":"https:\/\/www.vecol.com.co\/en\/wp-json\/wp\/v2\/media\/2993"}],"wp:attachment":[{"href":"https:\/\/www.vecol.com.co\/en\/wp-json\/wp\/v2\/media?parent=2207"}],"wp:term":[{"taxonomy":"product_brand","embeddable":true,"href":"https:\/\/www.vecol.com.co\/en\/wp-json\/wp\/v2\/product_brand?post=2207"},{"taxonomy":"product_cat","embeddable":true,"href":"https:\/\/www.vecol.com.co\/en\/wp-json\/wp\/v2\/product_cat?post=2207"},{"taxonomy":"product_tag","embeddable":true,"href":"https:\/\/www.vecol.com.co\/en\/wp-json\/wp\/v2\/product_tag?post=2207"}],"curies":[{"name":"wp","href":"https:\/\/api.w.org\/{rel}","templated":true}]}}