{"id":2203,"date":"2020-07-01T22:00:28","date_gmt":"2020-07-01T22:00:28","guid":{"rendered":"https:\/\/www.vecol.com.co\/?post_type=product&#038;p=2203"},"modified":"2024-09-04T15:02:24","modified_gmt":"2024-09-04T20:02:24","slug":"glifosato","status":"publish","type":"product","link":"https:\/\/www.vecol.com.co\/en\/product\/glifosato\/","title":{"rendered":"Glifosato Vecol 480 SL"},"content":{"rendered":"<table width=\"572\">\n<tbody>\n<tr>\n<td width=\"152\"><strong>DESCRIPCI\u00d3N<\/strong><\/td>\n<td width=\"420\">\n<p style=\"text-align: justify;\">Glifosato Vecol 480 SL, es un herbicida no selectivo, de aplicaci\u00f3n post-emergente y de acci\u00f3n sist\u00e9mica, recomendado para el control de la mayor\u00eda de las malezas anuales y perennes.<\/p>\n<\/td>\n<\/tr>\n<tr>\n<td width=\"152\"><strong>PRESENTACI\u00d3N Y FORMULACI\u00d3N<\/strong> <\/td>\n<td width=\"420\">1 Litro, 4 Litros, 10 Litros y 20 Litros | Concentrado Soluble (SL)<\/td>\n<\/tr>\n<tr>\n<td width=\"152\"><strong>COMPOSICI\u00d3N<\/strong><\/td>\n<td width=\"420\">Glifosato\u2026..480 g\/litro Ingredientes Aditivos\u2026..c.s.p 1\/litro<\/td>\n<\/tr>\n<tr>\n<td width=\"152\"><strong>CONTRAINDICACIONES &#8211; FITOTOXICIDAD &#8211; COMPATIBILIDAD<\/strong><\/td>\n<td width=\"420\">\n<p style=\"text-align: justify;\">No mezcle Glifosato Vecol 480 SL con herbicidas de contacto. Glifosato Vecol 480 SL es un herbicida no selectivo, por lo cual es fitot\u00f3xico para los cultivos, por eso se recomienda solo para la preparaci\u00f3n de terrenos para la siembra.<\/p>\n<\/td>\n<\/tr>\n<tr>\n<td style=\"text-align: justify;\" width=\"152\"><strong>FORMA DE ADMINISTRACI\u00d3N<\/strong><\/td>\n<td width=\"420\">\n<p style=\"text-align: justify;\">Llene el tanque de mezcla hasta 1\/4 con agua, comience a agitar y agregue la dosis del producto. Complete el volumen final con agua. cuando se desee mezclar con productos s\u00f3lidos se deben hacer 2 premezclas separadas para luego a\u00f1adirlas al tanque principal. Use 200 litros de agua por hect\u00e1rea en aplicaci\u00f3n terrestre. Limpie bien todo el equipo inmediatamente despu\u00e9s de aplicar el producto hasta asegurarse de que no queden residuos.<\/p>\n<\/td>\n<\/tr>\n<tr>\n<td width=\"152\"><strong>MODO DE ACCI\u00d3N<\/strong><\/td>\n<td width=\"420\">\n<p style=\"text-align: justify;\">Herbicida de acci\u00f3n sist\u00e9mica. Cuando cae al suelo es inactivado inmediatamente mediante una reacci\u00f3n qu\u00edmica que ocurre con las arcillas sin dejar residuos que puedan afectar las siembras posteriores ni tampoco penetrar las ra\u00edces de cultivos ya establecidos.<\/p>\n<\/td>\n<\/tr>\n<tr>\n<td style=\"text-align: justify;\" width=\"152\"><strong>FRECUENCIA Y \u00c9POCA DE APLICACI\u00d3N<\/strong><\/td>\n<td width=\"420\">\n<p style=\"text-align: justify;\">Debe aplicarse en \u00e9pocas de lluvia y adecuada humedad en el suelo. No deben hacerse aplicaciones cuando se esperan lluvias, seis horas despu\u00e9s de la aplicaci\u00f3n. Aplique vol\u00famenes de agua bajos (100 a 200 l\/ha) utilizando boquillas de abanico plano de bajas descargas como la tk 0.5, tj 8005 y tj 8001 con presi\u00f3n regulada entre 15 a 20 psi para herbicidas.<\/p>\n<\/td>\n<\/tr>\n<tr>\n<td width=\"152\"><strong>REGISTRO ICA N\u00b0<\/strong><\/td>\n<td width=\"420\">\u00a0PL0014532023 a nombre de VECOL S.A<\/td>\n<\/tr>\n<tr>\n<td width=\"152\"><strong>BLANCO BIOL\u00d3GICO<\/strong><\/td>\n<td width=\"420\">\n<p style=\"text-align: justify;\">ARROZ Y POTREROS: Liendrepuerco, Guardarrocio, Falsa caminadora, Caminadora, Pasto de agua, Paja peluda, Rabo de zorro, Pata gallina, Amania escarlata, Bledo, Caperonia, Buche de gallina, Dormidera, Verdolaga, Sesbania, Botoncillo, Amor seco, Suelda consuelda, Bot\u00f3n blanco, Pega pega, Clavo de agua, Arroz rojo, Pasto argentina, Cortadera y Cola de zorro.<\/p>\n<\/td>\n<\/tr>\n<tr>\n<td width=\"152\"><strong>CULTIVOS<\/strong><\/td>\n<td width=\"420\">Arroz y Potreros<\/td>\n<\/tr>\n<tr>\n<td width=\"152\"><strong>DOSIS POR CULTIVO<\/strong><\/td>\n<td width=\"420\">Arroz\u00a0\u00a0\u00a0\u00a0\u00a0\u00a0\u00a0\u00a0\u00a0\u00a0\u00a0\u00a0\u00a0\u00a0\u00a0 3.0 L\/Ha<\/p>\n<p>                Potreros\u00a0\u00a0\u00a0\u00a0\u00a0\u00a0\u00a0\u00a0\u00a0\u00a0\u00a0\u00a0\u00a0\u00a0\u00a0\u00a0\u00a0\u00a0\u00a0\u00a0\u00a0\u00a0\u00a0 4.0L\/Ha<\/td>\n<\/tr>\n<tr>\n<td width=\"152\"><strong>TIPO PRODUCTO <\/strong><\/td>\n<td width=\"420\">\n<p style=\"text-align: justify;\">Herbicida<\/p>\n<\/td>\n<\/tr>\n<tr>\n<td width=\"152\"><strong>INDICACIONES<\/strong><\/td>\n<td width=\"420\">\n<p style=\"text-align: justify;\">Es un herbicida no selectivo, de aplicaci\u00f3n post emergente y acci\u00f3n sist\u00e9mica recomendado para el control de la mayor\u00eda de las malezas anuales y perennes. El herbicida que cae al suelo es inactivado inmediatamente mediante una reacci\u00f3n qu\u00edmica que ocurre con las arcillas sin dejar residuos que puedan afectar las siembras posteriores y tampoco penetrar por las ra\u00edces de cultivos ya establecidos.<\/p>\n<\/td>\n<\/tr>\n<tr>\n<td width=\"152\"><strong>USOS Y BLANCO BIOL\u00d3GICO<\/strong><\/td>\n<td width=\"420\">\n<p style=\"text-align: justify;\"><strong>CULTIVO:<\/strong> Arroz<\/p>\n<p style=\"text-align: justify;\"><strong>BLANCO BIOL\u00d3GICO:<\/strong>Liendre puerco: Echinocloa colonum, Guardaroc\u00edo: Digitaria horizontales, Falsa caminadora: Ischaemun rugosum, Caminadora: Rottboellia cochinchinensis, Caminadora: Rottboellia exaltata, Pasto de Agua: Paspalum distichum , Paja peluda: Paspalum pilosum, Rabo de Zorro: Leptochloa filiformis, Pata Gallina: Digitaria sanguinalis, Amania escarlata: Amania coccinea, Bledo: Amaranthus sp., Caperonia: Caperonia palustris, Buche de gallina: Heteranthera limosa, Dormidera: Mimosa p\u00fadica, Verdolaga: Portulaca oleracea, Sesbiana: Sesbiana exaltata, Botoncillo: Ecliptica alba, Amor seco: Commelina difusa, Suelda con suelda: Murdannia nidiflora, Bot\u00f3n Blanco: Ecliptica alba, Pega-pega: Desmodium tortuosum, Clavo de agua: Jessiaea linfolia, Arroz rojo: Oriza sativa, Pasto Argentina: Cynodon dactylon<br \/>\n                    Cortadera: Cyperus sp, Cola de zorro: Eragrostis glomerata. <\/p>\n<p style=\"text-align: justify;\"><strong>DOSIS:<\/strong>3.0 L\/Ha<\/p>\n<p style=\"text-align: justify;\">\n<p style=\"text-align: justify;\"><strong>CULTIVO:<\/strong> Potreros<\/p>\n<p style=\"text-align: justify;\"><strong>BLANCO BIOL\u00d3GICO:<\/strong>Liendre puerco: Echinocloa colonum, Guardaroc\u00edo: Digitaria horizontales, Falsa caminadora: Ischaemun rugosum, Caminadora: Rottboellia cochinchinensis, Caminadora: Rottboellia exaltata, Pasto de Agua: Paspalum distichum , Paja peluda: Paspalum pilosum, Rabo de Zorro: Leptochloa filiformis, Pata Gallina: Digitaria sanguinalis, Amania escarlata: Amania coccinea, Bledo: Amaranthus sp., Caperonia: Caperonia palustris, Buche de gallina: Heteranthera limosa, Dormidera: Mimosa p\u00fadica, Verdolaga: Portulaca oleracea, Sesbiana: Sesbiana exaltata, Botoncillo: Ecliptica alba, Amor seco: Commelina difusa, Suelda con suelda: Murdannia nidiflora, Bot\u00f3n Blanco: Ecliptica alba, Pega-pega: Desmodium tortuosum, Clavo de agua: Jessiaea linfolia, Arroz rojo: Oriza sativa, Pasto Argentina: Cynodon dactylon<br \/>\n                    Cortadera: Cyperus sp, Cola de zorro: Eragrostis glomerata.<\/p>\n<p style=\"text-align: justify;\"><strong>DOSIS:<\/strong>4.0 L\/Ha<\/p>\n<\/td>\n<\/tr>\n<tr>\n<td width=\"152\"><strong>PERIODO DE REENTRADA<\/strong><\/td>\n<td width=\"420\">\n<p style=\"text-align: justify;\"><strong>CULTIVO:<\/strong> Arroz<\/p>\n<p style=\"text-align: justify;\"><strong>PR:<\/strong> 0 horas<\/p>\n<p style=\"text-align: justify;\">\n<p style=\"text-align: justify;\"><strong>CULTIVO:<\/strong> Potreros<\/p>\n<p style=\"text-align: justify;\"><strong>PR:<\/strong> 0 horas<\/p>\n<\/td>\n<\/tr>\n<tr>\n<td width=\"152\"><strong>PERIODO DE CARENCIA<\/strong><\/td>\n<td width=\"420\">\n<p style=\"text-align: justify;\"><strong>CULTIVO:<\/strong> Rosa<\/p>\n<p style=\"text-align: justify;\"><strong>PC:<\/strong>N.A<\/p>\n<p style=\"text-align: justify;\">\n<p style=\"text-align: justify;\"><strong>CULTIVO:<\/strong> Clavel<\/p>\n<p style=\"text-align: justify;\"><strong>PC:<\/strong>N.A<\/p>\n<\/td>\n<\/tr>\n<tr>\n<td width=\"152\"><strong>PRECAUCIONES Y ALMACENAMIENTO<\/strong><\/td>\n<td width=\"420\">\n<p style=\"text-align: justify;\"><strong>Evaluaci\u00f3n del Riesgo ambiental:<\/strong><\/p>\n<ul>\n<li>Aves: Existe riesgo para las aves<\/li>\n<li>Peces: Muy t\u00f3xico para organismos acu\u00e1ticos.<\/li>\n<li>No existe riesgo para las abejas.<\/li>\n<li>Lombriz de tierra: No existe riesgo para las lombrices.<\/li>\n<\/ul>\n<p style=\"text-align: justify;\">\u201cPara la aplicaci\u00f3n a\u00e9rea y terrestre respetar la franja de seguridad de 100 y 10 metros respectivamente con relaci\u00f3n a cuerpos de agua\u201d<\/p>\n<p style=\"text-align: justify;\">\u201cNo contaminar lagos, r\u00edos, estanques o arroyos con los desechos y envases vac\u00edos\u201d<\/p>\n<p style=\"text-align: justify;\">\u201cEn caso de derrame recoger el producto o depositarlo en el sitio destinado por las autoridades locales para este fin\u201d<\/p>\n<p style=\"text-align: justify;\">\u201cNo contaminar las fuentes de agua con los restos de la aplicaci\u00f3n o sobrante del producto\u201d<\/p>\n<p style=\"text-align: justify;\"><strong>ALMACENAMIENTO Y MANEJO DEL PRODUCTO<\/strong><\/p>\n<p style=\"text-align: justify;\">\u201cNo almacenar en casas de habitaci\u00f3n\u201d<\/p>\n<p style=\"text-align: justify;\">\u201cNo almacenar ni transportar conjuntamente con alimentos, medicinas, bebidas ni forrajes\u201d<\/p>\n<p style=\"text-align: justify;\">\u201cConservar el producto en el envase original etiquetado y cerrado\u201d<\/p>\n<p style=\"text-align: justify;\">\u201cNo re-envasar o depositar el contenido en otros envases\u201d<\/p>\n<p style=\"text-align: justify;\">\u201cNo debe transportarse con productos de consumo humano o animal\u201d<\/p>\n<p style=\"text-align: justify;\">\u201cNo lavar los envases o equipos de aplicaci\u00f3n en lagos, rios y otras fuentes de agua\u201d<\/p>\n<p style=\"text-align: justify;\">EMERGENCIAS TOXICOL\u00d3GICAS 24 HORAS CISPROQUIM 018000916012 fuera de Bogot\u00e1. En Bogot\u00e1 comunicarse con el tel\u00e9fono (57) 1 2886012.<\/p>\n<\/td>\n<\/tr>\n<tr>\n<td width=\"152\"><strong>REGISTRO ICA<\/strong><\/td>\n<td width=\"420\">\n<p style=\"text-align: justify;\"><strong>PL0014532023<\/strong><\/p>\n<\/td>\n<\/tr>\n<\/tbody>\n<\/table>","protected":false},"excerpt":{"rendered":"<p>Glifosato Vecol 480 SL, es un herbicida no selectivo, de aplicaci\u00f3n post-emergente y de acci\u00f3n sist\u00e9mica, recomendado para el control de la mayor\u00eda de las malezas anuales y perennes.<\/p>\n<p>La comercializaci\u00f3n y utilizaci\u00f3n del producto GLIFOSATO VECOL 480 SL est\u00e1 <strong><u>PROH\u00cdBIDA<\/u><\/strong> en los territorios colectivos del Consejo Comunitario de Alto Mira y Frontera de la zona de la Cuenca del Pac\u00edfico del Departamento de Nari\u00f1o, para el <strong><u>cultivo de palma de africana<\/u><\/strong>.<\/p>\n<p>Esto, conforme al fallo de Segunda Instancia proferido por el Tribunal Superior del Distrito Judicial de Cali del 22 de abril de 2013.<\/p>","protected":false},"featured_media":3013,"template":"","meta":{"_acf_changed":false,"site-sidebar-layout":"default","site-content-layout":"default","ast-site-content-layout":"default","site-content-style":"default","site-sidebar-style":"default","ast-global-header-display":"","ast-banner-title-visibility":"","ast-main-header-display":"","ast-hfb-above-header-display":"","ast-hfb-below-header-display":"","ast-hfb-mobile-header-display":"","site-post-title":"","ast-breadcrumbs-content":"","ast-featured-img":"","footer-sml-layout":"","ast-disable-related-posts":"","theme-transparent-header-meta":"default","adv-header-id-meta":"","stick-header-meta":"","header-above-stick-meta":"","header-main-stick-meta":"","header-below-stick-meta":"","astra-migrate-meta-layouts":"set","ast-page-background-enabled":"default","ast-page-background-meta":{"desktop":{"background-color":"","background-image":"","background-repeat":"repeat","background-position":"center center","background-size":"auto","background-attachment":"scroll","background-type":"","background-media":"","overlay-type":"","overlay-color":"","overlay-opacity":"","overlay-gradient":""},"tablet":{"background-color":"","background-image":"","background-repeat":"repeat","background-position":"center center","background-size":"auto","background-attachment":"scroll","background-type":"","background-media":"","overlay-type":"","overlay-color":"","overlay-opacity":"","overlay-gradient":""},"mobile":{"background-color":"","background-image":"","background-repeat":"repeat","background-position":"center center","background-size":"auto","background-attachment":"scroll","background-type":"","background-media":"","overlay-type":"","overlay-color":"","overlay-opacity":"","overlay-gradient":""}},"ast-content-background-meta":{"desktop":{"background-color":"var(--ast-global-color-5)","background-image":"","background-repeat":"repeat","background-position":"center center","background-size":"auto","background-attachment":"scroll","background-type":"","background-media":"","overlay-type":"","overlay-color":"","overlay-opacity":"","overlay-gradient":""},"tablet":{"background-color":"var(--ast-global-color-5)","background-image":"","background-repeat":"repeat","background-position":"center center","background-size":"auto","background-attachment":"scroll","background-type":"","background-media":"","overlay-type":"","overlay-color":"","overlay-opacity":"","overlay-gradient":""},"mobile":{"background-color":"var(--ast-global-color-5)","background-image":"","background-repeat":"repeat","background-position":"center center","background-size":"auto","background-attachment":"scroll","background-type":"","background-media":"","overlay-type":"","overlay-color":"","overlay-opacity":"","overlay-gradient":""}}},"product_brand":[],"product_cat":[23,44],"product_tag":[],"class_list":{"0":"post-2203","1":"product","2":"type-product","3":"status-publish","4":"has-post-thumbnail","6":"product_cat-agricola-y-fertilizantes","7":"product_cat-herbicidas","8":"desktop-align-left","9":"tablet-align-left","10":"mobile-align-left","12":"first","13":"instock","14":"shipping-taxable","15":"product-type-simple"},"acf":[],"yoast_head":"<!-- This site is optimized with the Yoast SEO plugin v27.3 - https:\/\/yoast.com\/product\/yoast-seo-wordpress\/ -->\n<title>Glifosato Vecol 480 SL - VECOL<\/title>\n<meta name=\"robots\" content=\"index, follow, max-snippet:-1, max-image-preview:large, max-video-preview:-1\" \/>\n<link rel=\"canonical\" href=\"https:\/\/www.vecol.com.co\/en\/product\/glifosato\/\" \/>\n<meta property=\"og:locale\" content=\"en_US\" \/>\n<meta property=\"og:type\" content=\"article\" \/>\n<meta property=\"og:title\" content=\"Glifosato Vecol 480 SL - VECOL\" \/>\n<meta property=\"og:description\" content=\"Glifosato Vecol 480 SL, es un herbicida no selectivo, de aplicaci\u00f3n post-emergente y de acci\u00f3n sist\u00e9mica, recomendado para el control de la mayor\u00eda de las malezas anuales y perennes.  La comercializaci\u00f3n y utilizaci\u00f3n del producto GLIFOSATO VECOL 480 SL est\u00e1 PROH\u00cdBIDA en los territorios colectivos del Consejo Comunitario de Alto Mira y Frontera de la zona de la Cuenca del Pac\u00edfico del Departamento de Nari\u00f1o, para el cultivo de palma de africana.  Esto, conforme al fallo de Segunda Instancia proferido por el Tribunal Superior del Distrito Judicial de Cali del 22 de abril de 2013.\" \/>\n<meta property=\"og:url\" content=\"https:\/\/www.vecol.com.co\/en\/product\/glifosato\/\" \/>\n<meta property=\"og:site_name\" content=\"VECOL\" \/>\n<meta property=\"article:publisher\" content=\"https:\/\/www.facebook.com\/vecolveterinaria\" \/>\n<meta property=\"article:modified_time\" content=\"2024-09-04T20:02:24+00:00\" \/>\n<meta property=\"og:image\" content=\"https:\/\/www.vecol.com.co\/wp-content\/uploads\/2020\/07\/glifosato.png\" \/>\n\t<meta property=\"og:image:width\" content=\"700\" \/>\n\t<meta property=\"og:image:height\" content=\"450\" \/>\n\t<meta property=\"og:image:type\" content=\"image\/png\" \/>\n<meta name=\"twitter:card\" content=\"summary_large_image\" \/>\n<meta name=\"twitter:site\" content=\"@VecolColombia\" \/>\n<meta name=\"twitter:label1\" content=\"Est. reading time\" \/>\n\t<meta name=\"twitter:data1\" content=\"4 minutes\" \/>\n<script type=\"application\/ld+json\" class=\"yoast-schema-graph\">{\"@context\":\"https:\\\/\\\/schema.org\",\"@graph\":[{\"@type\":\"WebPage\",\"@id\":\"https:\\\/\\\/www.vecol.com.co\\\/producto\\\/glifosato\\\/\",\"url\":\"https:\\\/\\\/www.vecol.com.co\\\/producto\\\/glifosato\\\/\",\"name\":\"Glifosato Vecol 480 SL - VECOL\",\"isPartOf\":{\"@id\":\"https:\\\/\\\/www.vecol.com.co\\\/#website\"},\"primaryImageOfPage\":{\"@id\":\"https:\\\/\\\/www.vecol.com.co\\\/producto\\\/glifosato\\\/#primaryimage\"},\"image\":{\"@id\":\"https:\\\/\\\/www.vecol.com.co\\\/producto\\\/glifosato\\\/#primaryimage\"},\"thumbnailUrl\":\"https:\\\/\\\/www.vecol.com.co\\\/wp-content\\\/uploads\\\/2020\\\/07\\\/glifosato.png\",\"datePublished\":\"2020-07-01T22:00:28+00:00\",\"dateModified\":\"2024-09-04T20:02:24+00:00\",\"breadcrumb\":{\"@id\":\"https:\\\/\\\/www.vecol.com.co\\\/producto\\\/glifosato\\\/#breadcrumb\"},\"inLanguage\":\"en-US\",\"potentialAction\":[{\"@type\":\"ReadAction\",\"target\":[\"https:\\\/\\\/www.vecol.com.co\\\/producto\\\/glifosato\\\/\"]}]},{\"@type\":\"ImageObject\",\"inLanguage\":\"en-US\",\"@id\":\"https:\\\/\\\/www.vecol.com.co\\\/producto\\\/glifosato\\\/#primaryimage\",\"url\":\"https:\\\/\\\/www.vecol.com.co\\\/wp-content\\\/uploads\\\/2020\\\/07\\\/glifosato.png\",\"contentUrl\":\"https:\\\/\\\/www.vecol.com.co\\\/wp-content\\\/uploads\\\/2020\\\/07\\\/glifosato.png\",\"width\":700,\"height\":450,\"caption\":\"glifosato\"},{\"@type\":\"BreadcrumbList\",\"@id\":\"https:\\\/\\\/www.vecol.com.co\\\/producto\\\/glifosato\\\/#breadcrumb\",\"itemListElement\":[{\"@type\":\"ListItem\",\"position\":1,\"name\":\"Inicio\",\"item\":\"https:\\\/\\\/www.vecol.com.co\\\/\"},{\"@type\":\"ListItem\",\"position\":2,\"name\":\"Productos\",\"item\":\"https:\\\/\\\/www.vecol.com.co\\\/productos\\\/\"},{\"@type\":\"ListItem\",\"position\":3,\"name\":\"Glifosato Vecol 480 SL\"}]},{\"@type\":\"WebSite\",\"@id\":\"https:\\\/\\\/www.vecol.com.co\\\/#website\",\"url\":\"https:\\\/\\\/www.vecol.com.co\\\/\",\"name\":\"VECOL\",\"description\":\"Empresa Colombiana de Productos Veterinarios\",\"publisher\":{\"@id\":\"https:\\\/\\\/www.vecol.com.co\\\/#organization\"},\"potentialAction\":[{\"@type\":\"SearchAction\",\"target\":{\"@type\":\"EntryPoint\",\"urlTemplate\":\"https:\\\/\\\/www.vecol.com.co\\\/?s={search_term_string}\"},\"query-input\":{\"@type\":\"PropertyValueSpecification\",\"valueRequired\":true,\"valueName\":\"search_term_string\"}}],\"inLanguage\":\"en-US\"},{\"@type\":\"Organization\",\"@id\":\"https:\\\/\\\/www.vecol.com.co\\\/#organization\",\"name\":\"Empresa Colombiana de Productos Veterinarios\",\"url\":\"https:\\\/\\\/www.vecol.com.co\\\/\",\"logo\":{\"@type\":\"ImageObject\",\"inLanguage\":\"en-US\",\"@id\":\"https:\\\/\\\/www.vecol.com.co\\\/#\\\/schema\\\/logo\\\/image\\\/\",\"url\":\"https:\\\/\\\/www.vecol.com.co\\\/wp-content\\\/uploads\\\/2023\\\/07\\\/logoVecol.png\",\"contentUrl\":\"https:\\\/\\\/www.vecol.com.co\\\/wp-content\\\/uploads\\\/2023\\\/07\\\/logoVecol.png\",\"width\":106,\"height\":106,\"caption\":\"Empresa Colombiana de Productos Veterinarios\"},\"image\":{\"@id\":\"https:\\\/\\\/www.vecol.com.co\\\/#\\\/schema\\\/logo\\\/image\\\/\"},\"sameAs\":[\"https:\\\/\\\/www.facebook.com\\\/vecolveterinaria\",\"https:\\\/\\\/x.com\\\/VecolColombia\"]}]}<\/script>\n<!-- \/ Yoast SEO plugin. -->","yoast_head_json":{"title":"Glifosato Vecol 480 SL - VECOL","robots":{"index":"index","follow":"follow","max-snippet":"max-snippet:-1","max-image-preview":"max-image-preview:large","max-video-preview":"max-video-preview:-1"},"canonical":"https:\/\/www.vecol.com.co\/en\/product\/glifosato\/","og_locale":"en_US","og_type":"article","og_title":"Glifosato Vecol 480 SL - VECOL","og_description":"Glifosato Vecol 480 SL, es un herbicida no selectivo, de aplicaci\u00f3n post-emergente y de acci\u00f3n sist\u00e9mica, recomendado para el control de la mayor\u00eda de las malezas anuales y perennes.  La comercializaci\u00f3n y utilizaci\u00f3n del producto GLIFOSATO VECOL 480 SL est\u00e1 PROH\u00cdBIDA en los territorios colectivos del Consejo Comunitario de Alto Mira y Frontera de la zona de la Cuenca del Pac\u00edfico del Departamento de Nari\u00f1o, para el cultivo de palma de africana.  Esto, conforme al fallo de Segunda Instancia proferido por el Tribunal Superior del Distrito Judicial de Cali del 22 de abril de 2013.","og_url":"https:\/\/www.vecol.com.co\/en\/product\/glifosato\/","og_site_name":"VECOL","article_publisher":"https:\/\/www.facebook.com\/vecolveterinaria","article_modified_time":"2024-09-04T20:02:24+00:00","og_image":[{"width":700,"height":450,"url":"https:\/\/www.vecol.com.co\/wp-content\/uploads\/2020\/07\/glifosato.png","type":"image\/png"}],"twitter_card":"summary_large_image","twitter_site":"@VecolColombia","twitter_misc":{"Est. reading time":"4 minutes"},"schema":{"@context":"https:\/\/schema.org","@graph":[{"@type":"WebPage","@id":"https:\/\/www.vecol.com.co\/producto\/glifosato\/","url":"https:\/\/www.vecol.com.co\/producto\/glifosato\/","name":"Glifosato Vecol 480 SL - VECOL","isPartOf":{"@id":"https:\/\/www.vecol.com.co\/#website"},"primaryImageOfPage":{"@id":"https:\/\/www.vecol.com.co\/producto\/glifosato\/#primaryimage"},"image":{"@id":"https:\/\/www.vecol.com.co\/producto\/glifosato\/#primaryimage"},"thumbnailUrl":"https:\/\/www.vecol.com.co\/wp-content\/uploads\/2020\/07\/glifosato.png","datePublished":"2020-07-01T22:00:28+00:00","dateModified":"2024-09-04T20:02:24+00:00","breadcrumb":{"@id":"https:\/\/www.vecol.com.co\/producto\/glifosato\/#breadcrumb"},"inLanguage":"en-US","potentialAction":[{"@type":"ReadAction","target":["https:\/\/www.vecol.com.co\/producto\/glifosato\/"]}]},{"@type":"ImageObject","inLanguage":"en-US","@id":"https:\/\/www.vecol.com.co\/producto\/glifosato\/#primaryimage","url":"https:\/\/www.vecol.com.co\/wp-content\/uploads\/2020\/07\/glifosato.png","contentUrl":"https:\/\/www.vecol.com.co\/wp-content\/uploads\/2020\/07\/glifosato.png","width":700,"height":450,"caption":"glifosato"},{"@type":"BreadcrumbList","@id":"https:\/\/www.vecol.com.co\/producto\/glifosato\/#breadcrumb","itemListElement":[{"@type":"ListItem","position":1,"name":"Inicio","item":"https:\/\/www.vecol.com.co\/"},{"@type":"ListItem","position":2,"name":"Productos","item":"https:\/\/www.vecol.com.co\/productos\/"},{"@type":"ListItem","position":3,"name":"Glifosato Vecol 480 SL"}]},{"@type":"WebSite","@id":"https:\/\/www.vecol.com.co\/#website","url":"https:\/\/www.vecol.com.co\/","name":"VECOL","description":"Colombian Veterinary Products Company","publisher":{"@id":"https:\/\/www.vecol.com.co\/#organization"},"potentialAction":[{"@type":"SearchAction","target":{"@type":"EntryPoint","urlTemplate":"https:\/\/www.vecol.com.co\/?s={search_term_string}"},"query-input":{"@type":"PropertyValueSpecification","valueRequired":true,"valueName":"search_term_string"}}],"inLanguage":"en-US"},{"@type":"Organization","@id":"https:\/\/www.vecol.com.co\/#organization","name":"Colombian Veterinary Products Company","url":"https:\/\/www.vecol.com.co\/","logo":{"@type":"ImageObject","inLanguage":"en-US","@id":"https:\/\/www.vecol.com.co\/#\/schema\/logo\/image\/","url":"https:\/\/www.vecol.com.co\/wp-content\/uploads\/2023\/07\/logoVecol.png","contentUrl":"https:\/\/www.vecol.com.co\/wp-content\/uploads\/2023\/07\/logoVecol.png","width":106,"height":106,"caption":"Empresa Colombiana de Productos Veterinarios"},"image":{"@id":"https:\/\/www.vecol.com.co\/#\/schema\/logo\/image\/"},"sameAs":["https:\/\/www.facebook.com\/vecolveterinaria","https:\/\/x.com\/VecolColombia"]}]}},"_links":{"self":[{"href":"https:\/\/www.vecol.com.co\/en\/wp-json\/wp\/v2\/product\/2203","targetHints":{"allow":["GET"]}}],"collection":[{"href":"https:\/\/www.vecol.com.co\/en\/wp-json\/wp\/v2\/product"}],"about":[{"href":"https:\/\/www.vecol.com.co\/en\/wp-json\/wp\/v2\/types\/product"}],"wp:featuredmedia":[{"embeddable":true,"href":"https:\/\/www.vecol.com.co\/en\/wp-json\/wp\/v2\/media\/3013"}],"wp:attachment":[{"href":"https:\/\/www.vecol.com.co\/en\/wp-json\/wp\/v2\/media?parent=2203"}],"wp:term":[{"taxonomy":"product_brand","embeddable":true,"href":"https:\/\/www.vecol.com.co\/en\/wp-json\/wp\/v2\/product_brand?post=2203"},{"taxonomy":"product_cat","embeddable":true,"href":"https:\/\/www.vecol.com.co\/en\/wp-json\/wp\/v2\/product_cat?post=2203"},{"taxonomy":"product_tag","embeddable":true,"href":"https:\/\/www.vecol.com.co\/en\/wp-json\/wp\/v2\/product_tag?post=2203"}],"curies":[{"name":"wp","href":"https:\/\/api.w.org\/{rel}","templated":true}]}}