{"id":1952,"date":"2020-06-26T17:18:29","date_gmt":"2020-06-26T17:18:29","guid":{"rendered":"https:\/\/www.vecol.com.co\/?post_type=product&#038;p=1952"},"modified":"2025-01-31T12:09:30","modified_gmt":"2025-01-31T17:09:30","slug":"dicogan","status":"publish","type":"product","link":"https:\/\/www.vecol.com.co\/en\/product\/dicogan\/","title":{"rendered":"DICOG\u00c1N\u00ae"},"content":{"rendered":"<table style=\"font-size: 16px; font-style: normal;\" width=\"633\">\n<tbody>\n<tr>\n<td width=\"141\"><strong>COMPOSICI\u00d3N<\/strong><\/td>\n<td width=\"491\">\n<p style=\"text-align: justify;\">Cada mL contiene:<br \/>\nDiclofenaco s\u00f3dico 50 mg<br \/>\nExcipientes c.s.p. 1 ml<\/p>\n<\/td>\n<\/tr>\n<tr>\n<td width=\"141\"><strong>ESPECIES DE DESTINO<\/strong><\/td>\n<td width=\"491\">Bovinos, Ovinos, Equinos, Caprinos, y Porcinos<\/td>\n<\/tr>\n<tr>\n<td width=\"141\"><strong>INDICACIONES<\/strong><\/p>\n<p>&nbsp;<\/p>\n<p>&nbsp;<\/p>\n<p>&nbsp;<\/p>\n<p>&nbsp;<\/p>\n<p><strong>DOSIS Y VIA DE ADMINISTRACI\u00d3N<\/strong><\/td>\n<td width=\"491\">En Bovinos, Ovinos, Equinos, Caprinos, y Porcinos como analg\u00e9sico, antiinflamatorio, en casos agudos por traumatismo m\u00fasculo esquel\u00e9tico como artritis, osteoartritis, bursitis, tendinitis, tenosinovitis. En tratamiento de procesos de dolor visceral y fiebre, como c\u00f3lico y traumatismo de \u00f3rganos internos. Tratamiento de dolor postquir\u00fargico.<\/p>\n<p>&nbsp;<\/p>\n<p>&nbsp;<\/p>\n<p><strong>Bovinos y Porcinos:<\/strong> la dosis es de 2.3 mg\/Kg de peso vivo, en la pr\u00e1ctica 2.3 ml\/50 Kg. de peso vivo por v\u00eda intramuscular una vez al d\u00eda durante 3 d\u00edas.<\/p>\n<p><strong>Equinos:<\/strong> la dosis es de 2.3 mg\/Kg de peso vivo, en la pr\u00e1ctica 2.3 ml\/50 Kg. de peso vivo por v\u00eda intramuscular o intravenosa una vez al d\u00eda durante 3 \u2013 5 d\u00edas.<\/p>\n<p><strong>Ovinos y Caprinos:<\/strong> 1 mg\/Kg de peso vivo, en la pr\u00e1ctica 1 ml\/50 Kg de peso vivo, v\u00eda intramuscular o intravenosa una vez al d\u00eda durante 3 \u2013 5 d\u00edas.<\/td>\n<\/tr>\n<tr>\n<td width=\"141\"><strong>TIEMPO DE RETIRO<\/strong><\/p>\n<p>&nbsp;<\/td>\n<td width=\"491\"><strong>Los animales tratados no deben sacrificarse para consumo humano hasta 10 d\u00edas despu\u00e9s de finalizado el tratamiento. La leche producida durante el tratamiento y 72 horas despu\u00e9s de finalizado el mismo no debe darse al consumo humano.<\/strong><\/td>\n<\/tr>\n<tr>\n<td width=\"141\"><strong>PRECAUCIONES Y<\/strong><br \/>\n<strong>ALMACENAMIENTO<\/strong><\/td>\n<td width=\"491\">Administrar m\u00e1ximo por punto de inyecci\u00f3n 12 ml en Bovinos, 3 ml en Porcinos, 10 ml en Equinos y 5 ml en Ovinos y Caprinos.<\/p>\n<p>No se recomienda su uso durante la gestaci\u00f3n. Administrar con precauci\u00f3n en animales con alteraciones card\u00edacas, hep\u00e1ticas, renales o trastornos hemorr\u00e1gicos. No administrar a animales con \u00falceras g\u00e1stricas y\/o intestinales. No administrar en animales que presenten hipersensibilidad al principio activo. Evitar el uso en animales deshidratados, hipovol\u00e9micos e hipotensos. No administrar con otros antiinflamatorios no esteroides, glucocorticoides, f\u00e1rmacos anticoagulantes, aminogluc\u00f3sidos, o con otras sustancias parcialmente nefrot\u00f3xicas. Mant\u00e9ngase fuera del alcance los ni\u00f1os y animales dom\u00e9sticos. Venta bajo f\u00f3rmula del M\u00e9dico Veterinario. Conservar a una temperatura inferior a 30\u00b0C y protegido de la luz.<\/td>\n<\/tr>\n<tr>\n<td width=\"141\"><strong>PRESENTACION<\/strong><\/p>\n<p>&nbsp;<\/td>\n<td width=\"491\">Frascos por 10 ml y 50 ml.<\/td>\n<\/tr>\n<tr>\n<td width=\"141\"><strong>REGISTRO ICA<\/strong><\/td>\n<td width=\"491\"><strong>8300 MV<\/strong><\/td>\n<\/tr>\n<\/tbody>\n<\/table>\n<p>&nbsp;<\/p>","protected":false},"excerpt":{"rendered":"<p style=\"text-align: justify;\">Soluci\u00f3n inyectable con efecto antiinflamatorio, analg\u00e9sico, antipir\u00e9tico indicado en bovinos, equinos, porcinos, ovinos y caprinos en casos agudos por traumatismo m\u00fasculo esquel\u00e9tico, como artritis, osteoartritis, bursitis, tendinitis, tendosinovitis. En tratamiento de procesos de dolor visceral y fiebre como c\u00f3lico y traumatismo de \u00f3rganos internos. Tratamiento de dolor postquir\u00fargico.<\/p>","protected":false},"featured_media":3025,"template":"","meta":{"_acf_changed":false,"site-sidebar-layout":"default","site-content-layout":"default","ast-site-content-layout":"default","site-content-style":"default","site-sidebar-style":"default","ast-global-header-display":"","ast-banner-title-visibility":"","ast-main-header-display":"","ast-hfb-above-header-display":"","ast-hfb-below-header-display":"","ast-hfb-mobile-header-display":"","site-post-title":"","ast-breadcrumbs-content":"","ast-featured-img":"","footer-sml-layout":"","ast-disable-related-posts":"","theme-transparent-header-meta":"default","adv-header-id-meta":"","stick-header-meta":"","header-above-stick-meta":"","header-main-stick-meta":"","header-below-stick-meta":"","astra-migrate-meta-layouts":"set","ast-page-background-enabled":"default","ast-page-background-meta":{"desktop":{"background-color":"","background-image":"","background-repeat":"repeat","background-position":"center center","background-size":"auto","background-attachment":"scroll","background-type":"","background-media":"","overlay-type":"","overlay-color":"","overlay-opacity":"","overlay-gradient":""},"tablet":{"background-color":"","background-image":"","background-repeat":"repeat","background-position":"center center","background-size":"auto","background-attachment":"scroll","background-type":"","background-media":"","overlay-type":"","overlay-color":"","overlay-opacity":"","overlay-gradient":""},"mobile":{"background-color":"","background-image":"","background-repeat":"repeat","background-position":"center center","background-size":"auto","background-attachment":"scroll","background-type":"","background-media":"","overlay-type":"","overlay-color":"","overlay-opacity":"","overlay-gradient":""}},"ast-content-background-meta":{"desktop":{"background-color":"var(--ast-global-color-5)","background-image":"","background-repeat":"repeat","background-position":"center center","background-size":"auto","background-attachment":"scroll","background-type":"","background-media":"","overlay-type":"","overlay-color":"","overlay-opacity":"","overlay-gradient":""},"tablet":{"background-color":"var(--ast-global-color-5)","background-image":"","background-repeat":"repeat","background-position":"center center","background-size":"auto","background-attachment":"scroll","background-type":"","background-media":"","overlay-type":"","overlay-color":"","overlay-opacity":"","overlay-gradient":""},"mobile":{"background-color":"var(--ast-global-color-5)","background-image":"","background-repeat":"repeat","background-position":"center center","background-size":"auto","background-attachment":"scroll","background-type":"","background-media":"","overlay-type":"","overlay-color":"","overlay-opacity":"","overlay-gradient":""}}},"product_brand":[],"product_cat":[41,17],"product_tag":[],"class_list":{"0":"post-1952","1":"product","2":"type-product","3":"status-publish","4":"has-post-thumbnail","6":"product_cat-analgesicos-antipireticos-antiflamatorios","7":"product_cat-animales-de-produccion","8":"desktop-align-left","9":"tablet-align-left","10":"mobile-align-left","12":"first","13":"instock","14":"shipping-taxable","15":"product-type-simple"},"acf":[],"yoast_head":"<!-- This site is optimized with the Yoast SEO plugin v27.4 - https:\/\/yoast.com\/product\/yoast-seo-wordpress\/ -->\n<title>DICOG\u00c1N\u00ae - Soluci\u00f3n inyectable para animales de producci\u00f3n | VECOL<\/title>\n<meta name=\"robots\" content=\"index, follow, max-snippet:-1, max-image-preview:large, max-video-preview:-1\" \/>\n<link rel=\"canonical\" href=\"https:\/\/www.vecol.com.co\/en\/product\/dicogan\/\" \/>\n<meta property=\"og:locale\" content=\"en_US\" \/>\n<meta property=\"og:type\" content=\"article\" \/>\n<meta property=\"og:title\" content=\"DICOG\u00c1N\u00ae - Soluci\u00f3n inyectable para animales de producci\u00f3n | VECOL\" \/>\n<meta property=\"og:description\" content=\"Soluci\u00f3n inyectable con efecto antiinflamatorio, analg\u00e9sico, antipir\u00e9tico indicado en bovinos, equinos, porcinos, ovinos y caprinos en casos agudos por traumatismo m\u00fasculo esquel\u00e9tico, como artritis, osteoartritis, bursitis, tendinitis, tendosinovitis. En tratamiento de procesos de dolor visceral y fiebre como c\u00f3lico y traumatismo de \u00f3rganos internos. Tratamiento de dolor postquir\u00fargico.\" \/>\n<meta property=\"og:url\" content=\"https:\/\/www.vecol.com.co\/en\/product\/dicogan\/\" \/>\n<meta property=\"og:site_name\" content=\"VECOL\" \/>\n<meta property=\"article:publisher\" content=\"https:\/\/www.facebook.com\/vecolveterinaria\" \/>\n<meta property=\"article:modified_time\" content=\"2025-01-31T17:09:30+00:00\" \/>\n<meta property=\"og:image\" content=\"https:\/\/www.vecol.com.co\/wp-content\/uploads\/2020\/06\/DICOGAN-20ML.jpg\" \/>\n\t<meta property=\"og:image:width\" content=\"1920\" \/>\n\t<meta property=\"og:image:height\" content=\"1920\" \/>\n\t<meta property=\"og:image:type\" content=\"image\/jpeg\" \/>\n<meta name=\"twitter:card\" content=\"summary_large_image\" \/>\n<meta name=\"twitter:site\" content=\"@VecolColombia\" \/>\n<meta name=\"twitter:label1\" content=\"Est. reading time\" \/>\n\t<meta name=\"twitter:data1\" content=\"2 minutes\" \/>\n<script type=\"application\/ld+json\" class=\"yoast-schema-graph\">{\"@context\":\"https:\\\/\\\/schema.org\",\"@graph\":[{\"@type\":\"WebPage\",\"@id\":\"https:\\\/\\\/www.vecol.com.co\\\/producto\\\/dicogan\\\/\",\"url\":\"https:\\\/\\\/www.vecol.com.co\\\/producto\\\/dicogan\\\/\",\"name\":\"DICOG\u00c1N\u00ae - Soluci\u00f3n inyectable para animales de producci\u00f3n | VECOL\",\"isPartOf\":{\"@id\":\"https:\\\/\\\/www.vecol.com.co\\\/#website\"},\"primaryImageOfPage\":{\"@id\":\"https:\\\/\\\/www.vecol.com.co\\\/producto\\\/dicogan\\\/#primaryimage\"},\"image\":{\"@id\":\"https:\\\/\\\/www.vecol.com.co\\\/producto\\\/dicogan\\\/#primaryimage\"},\"thumbnailUrl\":\"https:\\\/\\\/www.vecol.com.co\\\/wp-content\\\/uploads\\\/2020\\\/06\\\/DICOGAN-20ML.jpg\",\"datePublished\":\"2020-06-26T17:18:29+00:00\",\"dateModified\":\"2025-01-31T17:09:30+00:00\",\"breadcrumb\":{\"@id\":\"https:\\\/\\\/www.vecol.com.co\\\/producto\\\/dicogan\\\/#breadcrumb\"},\"inLanguage\":\"en-US\",\"potentialAction\":[{\"@type\":\"ReadAction\",\"target\":[\"https:\\\/\\\/www.vecol.com.co\\\/producto\\\/dicogan\\\/\"]}]},{\"@type\":\"ImageObject\",\"inLanguage\":\"en-US\",\"@id\":\"https:\\\/\\\/www.vecol.com.co\\\/producto\\\/dicogan\\\/#primaryimage\",\"url\":\"https:\\\/\\\/www.vecol.com.co\\\/wp-content\\\/uploads\\\/2020\\\/06\\\/DICOGAN-20ML.jpg\",\"contentUrl\":\"https:\\\/\\\/www.vecol.com.co\\\/wp-content\\\/uploads\\\/2020\\\/06\\\/DICOGAN-20ML.jpg\",\"width\":1920,\"height\":1920,\"caption\":\"DICOGAN 20ML\"},{\"@type\":\"BreadcrumbList\",\"@id\":\"https:\\\/\\\/www.vecol.com.co\\\/producto\\\/dicogan\\\/#breadcrumb\",\"itemListElement\":[{\"@type\":\"ListItem\",\"position\":1,\"name\":\"Inicio\",\"item\":\"https:\\\/\\\/www.vecol.com.co\\\/\"},{\"@type\":\"ListItem\",\"position\":2,\"name\":\"Productos\",\"item\":\"https:\\\/\\\/www.vecol.com.co\\\/productos\\\/\"},{\"@type\":\"ListItem\",\"position\":3,\"name\":\"DICOG\u00c1N\u00ae\"}]},{\"@type\":\"WebSite\",\"@id\":\"https:\\\/\\\/www.vecol.com.co\\\/#website\",\"url\":\"https:\\\/\\\/www.vecol.com.co\\\/\",\"name\":\"VECOL\",\"description\":\"Empresa Colombiana de Productos Veterinarios\",\"publisher\":{\"@id\":\"https:\\\/\\\/www.vecol.com.co\\\/#organization\"},\"potentialAction\":[{\"@type\":\"SearchAction\",\"target\":{\"@type\":\"EntryPoint\",\"urlTemplate\":\"https:\\\/\\\/www.vecol.com.co\\\/?s={search_term_string}\"},\"query-input\":{\"@type\":\"PropertyValueSpecification\",\"valueRequired\":true,\"valueName\":\"search_term_string\"}}],\"inLanguage\":\"en-US\"},{\"@type\":\"Organization\",\"@id\":\"https:\\\/\\\/www.vecol.com.co\\\/#organization\",\"name\":\"Empresa Colombiana de Productos Veterinarios\",\"url\":\"https:\\\/\\\/www.vecol.com.co\\\/\",\"logo\":{\"@type\":\"ImageObject\",\"inLanguage\":\"en-US\",\"@id\":\"https:\\\/\\\/www.vecol.com.co\\\/#\\\/schema\\\/logo\\\/image\\\/\",\"url\":\"https:\\\/\\\/www.vecol.com.co\\\/wp-content\\\/uploads\\\/2023\\\/07\\\/logoVecol.png\",\"contentUrl\":\"https:\\\/\\\/www.vecol.com.co\\\/wp-content\\\/uploads\\\/2023\\\/07\\\/logoVecol.png\",\"width\":106,\"height\":106,\"caption\":\"Empresa Colombiana de Productos Veterinarios\"},\"image\":{\"@id\":\"https:\\\/\\\/www.vecol.com.co\\\/#\\\/schema\\\/logo\\\/image\\\/\"},\"sameAs\":[\"https:\\\/\\\/www.facebook.com\\\/vecolveterinaria\",\"https:\\\/\\\/x.com\\\/VecolColombia\"]}]}<\/script>\n<!-- \/ Yoast SEO plugin. -->","yoast_head_json":{"title":"DICOGAN\u00ae - Injectable solution for production animals | VECOL","robots":{"index":"index","follow":"follow","max-snippet":"max-snippet:-1","max-image-preview":"max-image-preview:large","max-video-preview":"max-video-preview:-1"},"canonical":"https:\/\/www.vecol.com.co\/en\/product\/dicogan\/","og_locale":"en_US","og_type":"article","og_title":"DICOG\u00c1N\u00ae - Soluci\u00f3n inyectable para animales de producci\u00f3n | VECOL","og_description":"Soluci\u00f3n inyectable con efecto antiinflamatorio, analg\u00e9sico, antipir\u00e9tico indicado en bovinos, equinos, porcinos, ovinos y caprinos en casos agudos por traumatismo m\u00fasculo esquel\u00e9tico, como artritis, osteoartritis, bursitis, tendinitis, tendosinovitis. En tratamiento de procesos de dolor visceral y fiebre como c\u00f3lico y traumatismo de \u00f3rganos internos. Tratamiento de dolor postquir\u00fargico.","og_url":"https:\/\/www.vecol.com.co\/en\/product\/dicogan\/","og_site_name":"VECOL","article_publisher":"https:\/\/www.facebook.com\/vecolveterinaria","article_modified_time":"2025-01-31T17:09:30+00:00","og_image":[{"width":1920,"height":1920,"url":"https:\/\/www.vecol.com.co\/wp-content\/uploads\/2020\/06\/DICOGAN-20ML.jpg","type":"image\/jpeg"}],"twitter_card":"summary_large_image","twitter_site":"@VecolColombia","twitter_misc":{"Est. reading time":"2 minutes"},"schema":{"@context":"https:\/\/schema.org","@graph":[{"@type":"WebPage","@id":"https:\/\/www.vecol.com.co\/producto\/dicogan\/","url":"https:\/\/www.vecol.com.co\/producto\/dicogan\/","name":"DICOGAN\u00ae - Injectable solution for production animals | VECOL","isPartOf":{"@id":"https:\/\/www.vecol.com.co\/#website"},"primaryImageOfPage":{"@id":"https:\/\/www.vecol.com.co\/producto\/dicogan\/#primaryimage"},"image":{"@id":"https:\/\/www.vecol.com.co\/producto\/dicogan\/#primaryimage"},"thumbnailUrl":"https:\/\/www.vecol.com.co\/wp-content\/uploads\/2020\/06\/DICOGAN-20ML.jpg","datePublished":"2020-06-26T17:18:29+00:00","dateModified":"2025-01-31T17:09:30+00:00","breadcrumb":{"@id":"https:\/\/www.vecol.com.co\/producto\/dicogan\/#breadcrumb"},"inLanguage":"en-US","potentialAction":[{"@type":"ReadAction","target":["https:\/\/www.vecol.com.co\/producto\/dicogan\/"]}]},{"@type":"ImageObject","inLanguage":"en-US","@id":"https:\/\/www.vecol.com.co\/producto\/dicogan\/#primaryimage","url":"https:\/\/www.vecol.com.co\/wp-content\/uploads\/2020\/06\/DICOGAN-20ML.jpg","contentUrl":"https:\/\/www.vecol.com.co\/wp-content\/uploads\/2020\/06\/DICOGAN-20ML.jpg","width":1920,"height":1920,"caption":"DICOGAN 20ML"},{"@type":"BreadcrumbList","@id":"https:\/\/www.vecol.com.co\/producto\/dicogan\/#breadcrumb","itemListElement":[{"@type":"ListItem","position":1,"name":"Inicio","item":"https:\/\/www.vecol.com.co\/"},{"@type":"ListItem","position":2,"name":"Productos","item":"https:\/\/www.vecol.com.co\/productos\/"},{"@type":"ListItem","position":3,"name":"DICOG\u00c1N\u00ae"}]},{"@type":"WebSite","@id":"https:\/\/www.vecol.com.co\/#website","url":"https:\/\/www.vecol.com.co\/","name":"VECOL","description":"Colombian Veterinary Products Company","publisher":{"@id":"https:\/\/www.vecol.com.co\/#organization"},"potentialAction":[{"@type":"SearchAction","target":{"@type":"EntryPoint","urlTemplate":"https:\/\/www.vecol.com.co\/?s={search_term_string}"},"query-input":{"@type":"PropertyValueSpecification","valueRequired":true,"valueName":"search_term_string"}}],"inLanguage":"en-US"},{"@type":"Organization","@id":"https:\/\/www.vecol.com.co\/#organization","name":"Colombian Veterinary Products Company","url":"https:\/\/www.vecol.com.co\/","logo":{"@type":"ImageObject","inLanguage":"en-US","@id":"https:\/\/www.vecol.com.co\/#\/schema\/logo\/image\/","url":"https:\/\/www.vecol.com.co\/wp-content\/uploads\/2023\/07\/logoVecol.png","contentUrl":"https:\/\/www.vecol.com.co\/wp-content\/uploads\/2023\/07\/logoVecol.png","width":106,"height":106,"caption":"Empresa Colombiana de Productos Veterinarios"},"image":{"@id":"https:\/\/www.vecol.com.co\/#\/schema\/logo\/image\/"},"sameAs":["https:\/\/www.facebook.com\/vecolveterinaria","https:\/\/x.com\/VecolColombia"]}]}},"_links":{"self":[{"href":"https:\/\/www.vecol.com.co\/en\/wp-json\/wp\/v2\/product\/1952","targetHints":{"allow":["GET"]}}],"collection":[{"href":"https:\/\/www.vecol.com.co\/en\/wp-json\/wp\/v2\/product"}],"about":[{"href":"https:\/\/www.vecol.com.co\/en\/wp-json\/wp\/v2\/types\/product"}],"wp:featuredmedia":[{"embeddable":true,"href":"https:\/\/www.vecol.com.co\/en\/wp-json\/wp\/v2\/media\/3025"}],"wp:attachment":[{"href":"https:\/\/www.vecol.com.co\/en\/wp-json\/wp\/v2\/media?parent=1952"}],"wp:term":[{"taxonomy":"product_brand","embeddable":true,"href":"https:\/\/www.vecol.com.co\/en\/wp-json\/wp\/v2\/product_brand?post=1952"},{"taxonomy":"product_cat","embeddable":true,"href":"https:\/\/www.vecol.com.co\/en\/wp-json\/wp\/v2\/product_cat?post=1952"},{"taxonomy":"product_tag","embeddable":true,"href":"https:\/\/www.vecol.com.co\/en\/wp-json\/wp\/v2\/product_tag?post=1952"}],"curies":[{"name":"wp","href":"https:\/\/api.w.org\/{rel}","templated":true}]}}