{"id":1934,"date":"2020-06-26T16:51:52","date_gmt":"2020-06-26T16:51:52","guid":{"rendered":"https:\/\/www.vecol.com.co\/?post_type=product&#038;p=1934"},"modified":"2025-01-31T17:00:08","modified_gmt":"2025-01-31T22:00:08","slug":"lombifar","status":"publish","type":"product","link":"https:\/\/www.vecol.com.co\/en\/product\/lombifar\/","title":{"rendered":"Lombifar\u00ae"},"content":{"rendered":"<table width=\"633\">\n<tbody>\n<tr>\n<td width=\"141\"><strong>COMPOSICI\u00d3N<\/strong><\/td>\n<td width=\"491\">\n<p style=\"text-align: justify;\">Cada 100 mL de suspensi\u00f3n contiene:<br \/>\nFenbendazol micronizado 6 gramos<br \/>\nTriclabendazol micronizado 12 gramos<br \/>\nExcipientes c.s.p. 1 gramo<\/p>\n<\/td>\n<\/tr>\n<tr>\n<td width=\"141\"><strong>ESPECIES DE DESTINO<\/strong><\/td>\n<td width=\"491\">\n<p style=\"text-align: justify;\">Bovinos, Ovinos y Caprinos.<\/p>\n<\/td>\n<\/tr>\n<tr>\n<td width=\"141\"><strong>INDICACIONES<\/strong><\/td>\n<td width=\"491\">\n<p style=\"text-align: justify;\">En <strong>Bovinos, Ovinos y Caprinos<\/strong> para el control y tratamiento de par\u00e1sitos gastrointestinales, pulmonares y hep\u00e1ticos tales como: Haemonchus sp., Ostertagia sp., Trichostrongylus sp., Nematodirus sp., Bunostomum sp., Trichuris sp., Oesophagostomum sp., Strongyloides sp., Chabertia sp., Dictyocaulus sp., Moniezia sp. Y Fasciola hep\u00e1tica.<\/p>\n<\/td>\n<\/tr>\n<tr>\n<td width=\"141\"><strong>DOSIS Y V\u00cdA DE ADMINISTRACI\u00d3N:\u00a0<\/strong><\/td>\n<td width=\"491\">\n<p style=\"text-align: justify;\">Por v\u00eda oral suministrar 1 mL por cada 10 Kg. de peso vivo, en la pr\u00e1ctica 10 mL\/100 Kg de peso vivo, esto corresponde a una dosis de Fenbendazol de 6 mg\/Kg. y 12 mg\/Kg de Triclabendazol.<\/p>\n<\/td>\n<\/tr>\n<tr>\n<td width=\"141\"><strong>TIEMPO DE RETIRO<\/strong><\/td>\n<td width=\"491\">\n<p style=\"text-align: justify;\"><strong>Los animales tratados no deben sacrificarse para consumo humano hasta 28 d\u00edas despu\u00e9s de finalizado el tratamiento. La leche producida durante el tratamiento y 28 d\u00edas despu\u00e9s de finalizado el mismo no debe destinarse para consumo humano.<\/strong><\/p>\n<\/td>\n<\/tr>\n<tr>\n<td width=\"141\"><strong>PRECAUCIONES Y<\/strong><br \/>\n<strong>ALMACENAMIENTO<\/strong><\/td>\n<td width=\"491\">\n<p style=\"text-align: justify;\">Agitar el producto antes de administrarlo.<br \/>\nVenta bajo f\u00f3rmula del M\u00e9dico Veterinario.<br \/>\nMant\u00e9ngase fuera del alcance de los ni\u00f1os y animales dom\u00e9sticos.<br \/>\nMantener a temperatura inferior a 30\u00b0C y protegido de la luz.<\/p>\n<\/td>\n<\/tr>\n<tr>\n<td width=\"141\"><strong>PRESENTACI\u00d3N:\u00a0<\/strong><\/td>\n<td width=\"491\">Frascos por 120 mL, 500 mL, 1000 mL y 2000 mL<\/td>\n<\/tr>\n<tr>\n<td width=\"141\"><strong>REGISTRO ICA N\u00b0.<\/strong><\/td>\n<td width=\"491\"><strong>8813 MV<\/strong><\/td>\n<\/tr>\n<\/tbody>\n<\/table>","protected":false},"excerpt":{"rendered":"<p style=\"text-align: justify;\">Suspensi\u00f3n oral de fenbendazol 6% y triclabendazol 12%, indicada en bovinos, ovinos y caprinos para el control y tratamiento de parasitosis interna causada por par\u00e1sitos gastrointestinales, pulmonares y hep\u00e1ticos (contra fasciolas adultas de m\u00e1s de seis semanas y contra formas inmaduras de hasta una semana de edad).<\/p>","protected":false},"featured_media":3095,"template":"","meta":{"_acf_changed":false,"site-sidebar-layout":"default","site-content-layout":"default","ast-site-content-layout":"default","site-content-style":"default","site-sidebar-style":"default","ast-global-header-display":"","ast-banner-title-visibility":"","ast-main-header-display":"","ast-hfb-above-header-display":"","ast-hfb-below-header-display":"","ast-hfb-mobile-header-display":"","site-post-title":"","ast-breadcrumbs-content":"","ast-featured-img":"","footer-sml-layout":"","ast-disable-related-posts":"","theme-transparent-header-meta":"default","adv-header-id-meta":"","stick-header-meta":"","header-above-stick-meta":"","header-main-stick-meta":"","header-below-stick-meta":"","astra-migrate-meta-layouts":"set","ast-page-background-enabled":"default","ast-page-background-meta":{"desktop":{"background-color":"","background-image":"","background-repeat":"repeat","background-position":"center center","background-size":"auto","background-attachment":"scroll","background-type":"","background-media":"","overlay-type":"","overlay-color":"","overlay-opacity":"","overlay-gradient":""},"tablet":{"background-color":"","background-image":"","background-repeat":"repeat","background-position":"center center","background-size":"auto","background-attachment":"scroll","background-type":"","background-media":"","overlay-type":"","overlay-color":"","overlay-opacity":"","overlay-gradient":""},"mobile":{"background-color":"","background-image":"","background-repeat":"repeat","background-position":"center center","background-size":"auto","background-attachment":"scroll","background-type":"","background-media":"","overlay-type":"","overlay-color":"","overlay-opacity":"","overlay-gradient":""}},"ast-content-background-meta":{"desktop":{"background-color":"var(--ast-global-color-5)","background-image":"","background-repeat":"repeat","background-position":"center center","background-size":"auto","background-attachment":"scroll","background-type":"","background-media":"","overlay-type":"","overlay-color":"","overlay-opacity":"","overlay-gradient":""},"tablet":{"background-color":"var(--ast-global-color-5)","background-image":"","background-repeat":"repeat","background-position":"center center","background-size":"auto","background-attachment":"scroll","background-type":"","background-media":"","overlay-type":"","overlay-color":"","overlay-opacity":"","overlay-gradient":""},"mobile":{"background-color":"var(--ast-global-color-5)","background-image":"","background-repeat":"repeat","background-position":"center center","background-size":"auto","background-attachment":"scroll","background-type":"","background-media":"","overlay-type":"","overlay-color":"","overlay-opacity":"","overlay-gradient":""}}},"product_brand":[],"product_cat":[17,39],"product_tag":[],"class_list":{"0":"post-1934","1":"product","2":"type-product","3":"status-publish","4":"has-post-thumbnail","6":"product_cat-animales-de-produccion","7":"product_cat-antiparasitarios-animales-de-produccion","8":"desktop-align-left","9":"tablet-align-left","10":"mobile-align-left","12":"first","13":"instock","14":"shipping-taxable","15":"product-type-simple"},"acf":[],"yoast_head":"<!-- This site is optimized with the Yoast SEO plugin v27.6 - https:\/\/yoast.com\/product\/yoast-seo-wordpress\/ -->\n<title>Lombifar\u00ae - VECOL<\/title>\n<meta name=\"robots\" content=\"index, follow, max-snippet:-1, max-image-preview:large, max-video-preview:-1\" \/>\n<link rel=\"canonical\" href=\"https:\/\/www.vecol.com.co\/en\/product\/lombifar\/\" \/>\n<meta property=\"og:locale\" content=\"en_US\" \/>\n<meta property=\"og:type\" content=\"article\" \/>\n<meta property=\"og:title\" content=\"Lombifar\u00ae - VECOL\" \/>\n<meta property=\"og:description\" content=\"Suspensi\u00f3n oral de fenbendazol 6% y triclabendazol 12%, indicada en bovinos, ovinos y caprinos para el control y tratamiento de parasitosis interna causada por par\u00e1sitos gastrointestinales, pulmonares y hep\u00e1ticos (contra fasciolas adultas de m\u00e1s de seis semanas y contra formas inmaduras de hasta una semana de edad).\" \/>\n<meta property=\"og:url\" content=\"https:\/\/www.vecol.com.co\/en\/product\/lombifar\/\" \/>\n<meta property=\"og:site_name\" content=\"VECOL\" \/>\n<meta property=\"article:publisher\" content=\"https:\/\/www.facebook.com\/vecolveterinaria\" \/>\n<meta property=\"article:modified_time\" content=\"2025-01-31T22:00:08+00:00\" \/>\n<meta property=\"og:image\" content=\"https:\/\/www.vecol.com.co\/wp-content\/uploads\/2020\/06\/LOMBIFAR-2-LITROS.jpg\" \/>\n\t<meta property=\"og:image:width\" content=\"1920\" \/>\n\t<meta property=\"og:image:height\" content=\"1920\" \/>\n\t<meta property=\"og:image:type\" content=\"image\/jpeg\" \/>\n<meta name=\"twitter:card\" content=\"summary_large_image\" \/>\n<meta name=\"twitter:site\" content=\"@VecolColombia\" \/>\n<meta name=\"twitter:label1\" content=\"Est. reading time\" \/>\n\t<meta name=\"twitter:data1\" content=\"1 minute\" \/>\n<script type=\"application\/ld+json\" class=\"yoast-schema-graph\">{\"@context\":\"https:\\\/\\\/schema.org\",\"@graph\":[{\"@type\":\"WebPage\",\"@id\":\"https:\\\/\\\/www.vecol.com.co\\\/producto\\\/lombifar\\\/\",\"url\":\"https:\\\/\\\/www.vecol.com.co\\\/producto\\\/lombifar\\\/\",\"name\":\"Lombifar\u00ae - VECOL\",\"isPartOf\":{\"@id\":\"https:\\\/\\\/www.vecol.com.co\\\/#website\"},\"primaryImageOfPage\":{\"@id\":\"https:\\\/\\\/www.vecol.com.co\\\/producto\\\/lombifar\\\/#primaryimage\"},\"image\":{\"@id\":\"https:\\\/\\\/www.vecol.com.co\\\/producto\\\/lombifar\\\/#primaryimage\"},\"thumbnailUrl\":\"https:\\\/\\\/www.vecol.com.co\\\/wp-content\\\/uploads\\\/2020\\\/06\\\/LOMBIFAR-2-LITROS.jpg\",\"datePublished\":\"2020-06-26T16:51:52+00:00\",\"dateModified\":\"2025-01-31T22:00:08+00:00\",\"breadcrumb\":{\"@id\":\"https:\\\/\\\/www.vecol.com.co\\\/producto\\\/lombifar\\\/#breadcrumb\"},\"inLanguage\":\"en-US\",\"potentialAction\":[{\"@type\":\"ReadAction\",\"target\":[\"https:\\\/\\\/www.vecol.com.co\\\/producto\\\/lombifar\\\/\"]}]},{\"@type\":\"ImageObject\",\"inLanguage\":\"en-US\",\"@id\":\"https:\\\/\\\/www.vecol.com.co\\\/producto\\\/lombifar\\\/#primaryimage\",\"url\":\"https:\\\/\\\/www.vecol.com.co\\\/wp-content\\\/uploads\\\/2020\\\/06\\\/LOMBIFAR-2-LITROS.jpg\",\"contentUrl\":\"https:\\\/\\\/www.vecol.com.co\\\/wp-content\\\/uploads\\\/2020\\\/06\\\/LOMBIFAR-2-LITROS.jpg\",\"width\":1920,\"height\":1920,\"caption\":\"LOMBIFAR 2 LITROS\"},{\"@type\":\"BreadcrumbList\",\"@id\":\"https:\\\/\\\/www.vecol.com.co\\\/producto\\\/lombifar\\\/#breadcrumb\",\"itemListElement\":[{\"@type\":\"ListItem\",\"position\":1,\"name\":\"Inicio\",\"item\":\"https:\\\/\\\/www.vecol.com.co\\\/\"},{\"@type\":\"ListItem\",\"position\":2,\"name\":\"Productos\",\"item\":\"https:\\\/\\\/www.vecol.com.co\\\/productos\\\/\"},{\"@type\":\"ListItem\",\"position\":3,\"name\":\"Lombifar\u00ae\"}]},{\"@type\":\"WebSite\",\"@id\":\"https:\\\/\\\/www.vecol.com.co\\\/#website\",\"url\":\"https:\\\/\\\/www.vecol.com.co\\\/\",\"name\":\"VECOL\",\"description\":\"Empresa Colombiana de Productos Veterinarios\",\"publisher\":{\"@id\":\"https:\\\/\\\/www.vecol.com.co\\\/#organization\"},\"potentialAction\":[{\"@type\":\"SearchAction\",\"target\":{\"@type\":\"EntryPoint\",\"urlTemplate\":\"https:\\\/\\\/www.vecol.com.co\\\/?s={search_term_string}\"},\"query-input\":{\"@type\":\"PropertyValueSpecification\",\"valueRequired\":true,\"valueName\":\"search_term_string\"}}],\"inLanguage\":\"en-US\"},{\"@type\":\"Organization\",\"@id\":\"https:\\\/\\\/www.vecol.com.co\\\/#organization\",\"name\":\"Empresa Colombiana de Productos Veterinarios\",\"url\":\"https:\\\/\\\/www.vecol.com.co\\\/\",\"logo\":{\"@type\":\"ImageObject\",\"inLanguage\":\"en-US\",\"@id\":\"https:\\\/\\\/www.vecol.com.co\\\/#\\\/schema\\\/logo\\\/image\\\/\",\"url\":\"https:\\\/\\\/www.vecol.com.co\\\/wp-content\\\/uploads\\\/2023\\\/07\\\/logoVecol.png\",\"contentUrl\":\"https:\\\/\\\/www.vecol.com.co\\\/wp-content\\\/uploads\\\/2023\\\/07\\\/logoVecol.png\",\"width\":106,\"height\":106,\"caption\":\"Empresa Colombiana de Productos Veterinarios\"},\"image\":{\"@id\":\"https:\\\/\\\/www.vecol.com.co\\\/#\\\/schema\\\/logo\\\/image\\\/\"},\"sameAs\":[\"https:\\\/\\\/www.facebook.com\\\/vecolveterinaria\",\"https:\\\/\\\/x.com\\\/VecolColombia\"]}]}<\/script>\n<!-- \/ Yoast SEO plugin. -->","yoast_head_json":{"title":"Lombifar\u00ae - VECOL","robots":{"index":"index","follow":"follow","max-snippet":"max-snippet:-1","max-image-preview":"max-image-preview:large","max-video-preview":"max-video-preview:-1"},"canonical":"https:\/\/www.vecol.com.co\/en\/product\/lombifar\/","og_locale":"en_US","og_type":"article","og_title":"Lombifar\u00ae - VECOL","og_description":"Suspensi\u00f3n oral de fenbendazol 6% y triclabendazol 12%, indicada en bovinos, ovinos y caprinos para el control y tratamiento de parasitosis interna causada por par\u00e1sitos gastrointestinales, pulmonares y hep\u00e1ticos (contra fasciolas adultas de m\u00e1s de seis semanas y contra formas inmaduras de hasta una semana de edad).","og_url":"https:\/\/www.vecol.com.co\/en\/product\/lombifar\/","og_site_name":"VECOL","article_publisher":"https:\/\/www.facebook.com\/vecolveterinaria","article_modified_time":"2025-01-31T22:00:08+00:00","og_image":[{"width":1920,"height":1920,"url":"https:\/\/www.vecol.com.co\/wp-content\/uploads\/2020\/06\/LOMBIFAR-2-LITROS.jpg","type":"image\/jpeg"}],"twitter_card":"summary_large_image","twitter_site":"@VecolColombia","twitter_misc":{"Est. reading time":"1 minute"},"schema":{"@context":"https:\/\/schema.org","@graph":[{"@type":"WebPage","@id":"https:\/\/www.vecol.com.co\/producto\/lombifar\/","url":"https:\/\/www.vecol.com.co\/producto\/lombifar\/","name":"Lombifar\u00ae - VECOL","isPartOf":{"@id":"https:\/\/www.vecol.com.co\/#website"},"primaryImageOfPage":{"@id":"https:\/\/www.vecol.com.co\/producto\/lombifar\/#primaryimage"},"image":{"@id":"https:\/\/www.vecol.com.co\/producto\/lombifar\/#primaryimage"},"thumbnailUrl":"https:\/\/www.vecol.com.co\/wp-content\/uploads\/2020\/06\/LOMBIFAR-2-LITROS.jpg","datePublished":"2020-06-26T16:51:52+00:00","dateModified":"2025-01-31T22:00:08+00:00","breadcrumb":{"@id":"https:\/\/www.vecol.com.co\/producto\/lombifar\/#breadcrumb"},"inLanguage":"en-US","potentialAction":[{"@type":"ReadAction","target":["https:\/\/www.vecol.com.co\/producto\/lombifar\/"]}]},{"@type":"ImageObject","inLanguage":"en-US","@id":"https:\/\/www.vecol.com.co\/producto\/lombifar\/#primaryimage","url":"https:\/\/www.vecol.com.co\/wp-content\/uploads\/2020\/06\/LOMBIFAR-2-LITROS.jpg","contentUrl":"https:\/\/www.vecol.com.co\/wp-content\/uploads\/2020\/06\/LOMBIFAR-2-LITROS.jpg","width":1920,"height":1920,"caption":"LOMBIFAR 2 LITROS"},{"@type":"BreadcrumbList","@id":"https:\/\/www.vecol.com.co\/producto\/lombifar\/#breadcrumb","itemListElement":[{"@type":"ListItem","position":1,"name":"Inicio","item":"https:\/\/www.vecol.com.co\/"},{"@type":"ListItem","position":2,"name":"Productos","item":"https:\/\/www.vecol.com.co\/productos\/"},{"@type":"ListItem","position":3,"name":"Lombifar\u00ae"}]},{"@type":"WebSite","@id":"https:\/\/www.vecol.com.co\/#website","url":"https:\/\/www.vecol.com.co\/","name":"VECOL","description":"Colombian Veterinary Products Company","publisher":{"@id":"https:\/\/www.vecol.com.co\/#organization"},"potentialAction":[{"@type":"SearchAction","target":{"@type":"EntryPoint","urlTemplate":"https:\/\/www.vecol.com.co\/?s={search_term_string}"},"query-input":{"@type":"PropertyValueSpecification","valueRequired":true,"valueName":"search_term_string"}}],"inLanguage":"en-US"},{"@type":"Organization","@id":"https:\/\/www.vecol.com.co\/#organization","name":"Colombian Veterinary Products Company","url":"https:\/\/www.vecol.com.co\/","logo":{"@type":"ImageObject","inLanguage":"en-US","@id":"https:\/\/www.vecol.com.co\/#\/schema\/logo\/image\/","url":"https:\/\/www.vecol.com.co\/wp-content\/uploads\/2023\/07\/logoVecol.png","contentUrl":"https:\/\/www.vecol.com.co\/wp-content\/uploads\/2023\/07\/logoVecol.png","width":106,"height":106,"caption":"Empresa Colombiana de Productos Veterinarios"},"image":{"@id":"https:\/\/www.vecol.com.co\/#\/schema\/logo\/image\/"},"sameAs":["https:\/\/www.facebook.com\/vecolveterinaria","https:\/\/x.com\/VecolColombia"]}]}},"_links":{"self":[{"href":"https:\/\/www.vecol.com.co\/en\/wp-json\/wp\/v2\/product\/1934","targetHints":{"allow":["GET"]}}],"collection":[{"href":"https:\/\/www.vecol.com.co\/en\/wp-json\/wp\/v2\/product"}],"about":[{"href":"https:\/\/www.vecol.com.co\/en\/wp-json\/wp\/v2\/types\/product"}],"wp:featuredmedia":[{"embeddable":true,"href":"https:\/\/www.vecol.com.co\/en\/wp-json\/wp\/v2\/media\/3095"}],"wp:attachment":[{"href":"https:\/\/www.vecol.com.co\/en\/wp-json\/wp\/v2\/media?parent=1934"}],"wp:term":[{"taxonomy":"product_brand","embeddable":true,"href":"https:\/\/www.vecol.com.co\/en\/wp-json\/wp\/v2\/product_brand?post=1934"},{"taxonomy":"product_cat","embeddable":true,"href":"https:\/\/www.vecol.com.co\/en\/wp-json\/wp\/v2\/product_cat?post=1934"},{"taxonomy":"product_tag","embeddable":true,"href":"https:\/\/www.vecol.com.co\/en\/wp-json\/wp\/v2\/product_tag?post=1934"}],"curies":[{"name":"wp","href":"https:\/\/api.w.org\/{rel}","templated":true}]}}