{"id":1928,"date":"2020-06-26T16:47:34","date_gmt":"2020-06-26T16:47:34","guid":{"rendered":"https:\/\/www.vecol.com.co\/?post_type=product&#038;p=1928"},"modified":"2025-01-31T16:41:54","modified_gmt":"2025-01-31T21:41:54","slug":"ivermectina-1","status":"publish","type":"product","link":"https:\/\/www.vecol.com.co\/en\/product\/ivermectina-1\/","title":{"rendered":"Ivermectina 1%"},"content":{"rendered":"<table width=\"633\">\n<tbody>\n<tr>\n<td width=\"141\"><strong>COMPOSICI\u00d3N<\/strong><\/td>\n<td width=\"491\">\n<p style=\"text-align: justify;\">Cada mL contiene:<br \/>\nIvermectina 10 mg<br \/>\nExcipientes c.s.p. 1 mL<\/p>\n<\/td>\n<\/tr>\n<tr>\n<td width=\"141\"><strong>ESPECIES DE DESTINO<\/strong><\/td>\n<td width=\"491\">\n<p style=\"text-align: justify;\">Bovinos y Porcinos<\/p>\n<\/td>\n<\/tr>\n<tr>\n<td width=\"141\"><strong>INDICACIONES<\/strong><\/td>\n<td width=\"491\">\n<p style=\"text-align: justify;\">En Bovinos y Porcinos a partir de los 4 meses de edad, para el control y tratamiento del parasitismo gastrointestinal, pulmonar y par\u00e1sitos externos.<\/p>\n<p style=\"text-align: justify;\"><strong>Bovinos:<\/strong> <strong>Endopar\u00e1sitos:<\/strong> Ostertagia sp., Haemonchus sp., Mecistocirrus digitatus, Trichostrongylus colubriformis, Cooperia sp., Bunostomum phlebotomum, Nemaatodirus sp. Strongyloides papillosus, Toxocara vitulorum, Parafilaria bovicola, Thelazia sp., Oesophagostomum radiatum. <strong>Par\u00e1sitos pulmonares:<\/strong> Dictyocaulus viviparus. <strong>Ectopar\u00e1sitos:<\/strong> Lignonathus vituli, Solenopotes capillatus, Haematopinus eurysternus, Psoroptes communis var bovis, Sarcoptes scabiei bovis, Chorioptes bovis, Dermatobia hominis. <strong>Ayuda en el control de la garrapata<\/strong> Rhipicephalus (Boophilus) microplus.<\/p>\n<p style=\"text-align: justify;\"><strong>Porcinos:<\/strong> <strong>Endopar\u00e1sitos:<\/strong> Ascaris suum, Hyostrongylus rubidus, Strongyloides ransomi, Oesophagostomum sp., Trichuris suis, Stephanurus dentatus. <strong>Pulmonar:<\/strong> Metastrongylus sp. <strong>Ectopar\u00e1sitos:<\/strong> Haematopinus suis y Sarcoptes scabiei var suis.<\/p>\n<\/td>\n<\/tr>\n<tr>\n<td width=\"141\"><strong>DOSIS Y V\u00cdA DE ADMINISTRACI\u00d3N:\u00a0<\/strong><\/td>\n<td width=\"491\">\n<p style=\"text-align: justify;\"><strong>Bovinos:<\/strong> 1 mL\/50 Kg de peso vivo.<br \/>\n<strong>Porcinos:<\/strong> 1 mL\/33 Kg de peso vivo.<br \/>\nSe administra \u00fanicamente por v\u00eda subcut\u00e1nea.<\/p>\n<\/td>\n<\/tr>\n<tr>\n<td width=\"141\"><strong>TIEMPO DE RETIRO<\/strong><\/td>\n<td width=\"491\">\n<p style=\"text-align: justify;\"><strong>Los Bovinos tratados no deben sacrificarse para consumo humano hasta 21 d\u00edas despu\u00e9s de finalizado el tratamiento. Los Porcinos tratados no deben sacrificarse para consumo humano hasta 28 d\u00edas despu\u00e9s de finalizado el tratamiento. No administrar en vacas en producci\u00f3n de leche destinada al consumo humano, ni 28 d\u00edas antes del parto.<\/strong><\/p>\n<\/td>\n<\/tr>\n<tr>\n<td width=\"141\"><strong>PRECAUCIONES Y<\/strong><br \/>\n<strong>ALMACENAMIENTO<\/strong><\/td>\n<td width=\"491\">\n<p style=\"text-align: justify;\">No debe aplicarse por v\u00eda intramuscular o intravenosa. No aplicar en animales lactantes. No aplicar en animales gestantes pr\u00f3ximas a la parici\u00f3n. No usar en animales menores de 4 meses de edad. No aplicar en animales con fiebre o estado de desnutrici\u00f3n grave.<\/p>\n<p style=\"text-align: justify;\">Mant\u00e9ngase fuera del alcance de los ni\u00f1os y animales dom\u00e9sticos. Venta bajo f\u00f3rmula del Medico Veterinario.<\/p>\n<p style=\"text-align: justify;\">Almacena a temperatura inferior a 30\u00b0C y protegido de la luz solar.<\/p>\n<\/td>\n<\/tr>\n<tr>\n<td width=\"141\"><strong>PRESENTACI\u00d3N:\u00a0<\/strong><\/td>\n<td width=\"491\">Frascos por 50 mL, 250 mL y 500 mL.<\/td>\n<\/tr>\n<tr>\n<td width=\"141\"><strong>REGISTRO ICA N\u00b0.<\/strong><\/td>\n<td width=\"491\"><strong>3907 DB<\/strong><\/td>\n<\/tr>\n<\/tbody>\n<\/table>\n<p>&nbsp;<\/p>","protected":false},"excerpt":{"rendered":"<p style=\"text-align: justify;\">Soluci\u00f3n inyectable est\u00e9ril que contiene Ivermectina al 1%. Est\u00e1 indicada en bovinos y porcinos para controlar par\u00e1sitos internos y externos (nem\u00e1todos gastrointestinales y pulmonares; nuches, piojos, \u00e1caros de la sarna, larvas de mosca de la miasis, nuche, garrapatas). Ayuda en el control de la garrapata <em>Rhipicephalus (Boophilus) micropulus<\/em> en bovinos y el par\u00e1sito renal del cerdo \u2013 <em>Stephanurus edentatus<\/em> en porcinos.<\/p>","protected":false},"featured_media":3092,"template":"","meta":{"_acf_changed":false,"site-sidebar-layout":"default","site-content-layout":"default","ast-site-content-layout":"default","site-content-style":"default","site-sidebar-style":"default","ast-global-header-display":"","ast-banner-title-visibility":"","ast-main-header-display":"","ast-hfb-above-header-display":"","ast-hfb-below-header-display":"","ast-hfb-mobile-header-display":"","site-post-title":"","ast-breadcrumbs-content":"","ast-featured-img":"","footer-sml-layout":"","ast-disable-related-posts":"","theme-transparent-header-meta":"default","adv-header-id-meta":"","stick-header-meta":"","header-above-stick-meta":"","header-main-stick-meta":"","header-below-stick-meta":"","astra-migrate-meta-layouts":"set","ast-page-background-enabled":"default","ast-page-background-meta":{"desktop":{"background-color":"","background-image":"","background-repeat":"repeat","background-position":"center center","background-size":"auto","background-attachment":"scroll","background-type":"","background-media":"","overlay-type":"","overlay-color":"","overlay-opacity":"","overlay-gradient":""},"tablet":{"background-color":"","background-image":"","background-repeat":"repeat","background-position":"center center","background-size":"auto","background-attachment":"scroll","background-type":"","background-media":"","overlay-type":"","overlay-color":"","overlay-opacity":"","overlay-gradient":""},"mobile":{"background-color":"","background-image":"","background-repeat":"repeat","background-position":"center center","background-size":"auto","background-attachment":"scroll","background-type":"","background-media":"","overlay-type":"","overlay-color":"","overlay-opacity":"","overlay-gradient":""}},"ast-content-background-meta":{"desktop":{"background-color":"var(--ast-global-color-5)","background-image":"","background-repeat":"repeat","background-position":"center center","background-size":"auto","background-attachment":"scroll","background-type":"","background-media":"","overlay-type":"","overlay-color":"","overlay-opacity":"","overlay-gradient":""},"tablet":{"background-color":"var(--ast-global-color-5)","background-image":"","background-repeat":"repeat","background-position":"center center","background-size":"auto","background-attachment":"scroll","background-type":"","background-media":"","overlay-type":"","overlay-color":"","overlay-opacity":"","overlay-gradient":""},"mobile":{"background-color":"var(--ast-global-color-5)","background-image":"","background-repeat":"repeat","background-position":"center center","background-size":"auto","background-attachment":"scroll","background-type":"","background-media":"","overlay-type":"","overlay-color":"","overlay-opacity":"","overlay-gradient":""}}},"product_brand":[],"product_cat":[17,39],"product_tag":[],"class_list":{"0":"post-1928","1":"product","2":"type-product","3":"status-publish","4":"has-post-thumbnail","6":"product_cat-animales-de-produccion","7":"product_cat-antiparasitarios-animales-de-produccion","8":"desktop-align-left","9":"tablet-align-left","10":"mobile-align-left","12":"first","13":"instock","14":"shipping-taxable","15":"product-type-simple"},"acf":[],"yoast_head":"<!-- This site is optimized with the Yoast SEO plugin v27.3 - https:\/\/yoast.com\/product\/yoast-seo-wordpress\/ -->\n<title>Ivermectina 1% - VECOL<\/title>\n<meta name=\"robots\" content=\"index, follow, max-snippet:-1, max-image-preview:large, max-video-preview:-1\" \/>\n<link rel=\"canonical\" href=\"https:\/\/www.vecol.com.co\/en\/product\/ivermectina-1\/\" \/>\n<meta property=\"og:locale\" content=\"en_US\" \/>\n<meta property=\"og:type\" content=\"article\" \/>\n<meta property=\"og:title\" content=\"Ivermectina 1% - VECOL\" \/>\n<meta property=\"og:description\" content=\"Soluci\u00f3n inyectable est\u00e9ril que contiene Ivermectina al 1%. Est\u00e1 indicada en bovinos y porcinos para controlar par\u00e1sitos internos y externos (nem\u00e1todos gastrointestinales y pulmonares; nuches, piojos, \u00e1caros de la sarna, larvas de mosca de la miasis, nuche, garrapatas). Ayuda en el control de la garrapata Rhipicephalus (Boophilus) micropulus en bovinos y el par\u00e1sito renal del cerdo \u2013 Stephanurus edentatus en porcinos.\" \/>\n<meta property=\"og:url\" content=\"https:\/\/www.vecol.com.co\/en\/product\/ivermectina-1\/\" \/>\n<meta property=\"og:site_name\" content=\"VECOL\" \/>\n<meta property=\"article:publisher\" content=\"https:\/\/www.facebook.com\/vecolveterinaria\" \/>\n<meta property=\"article:modified_time\" content=\"2025-01-31T21:41:54+00:00\" \/>\n<meta property=\"og:image\" content=\"https:\/\/www.vecol.com.co\/wp-content\/uploads\/2020\/06\/INVERMECTINA-1.jpg\" \/>\n\t<meta property=\"og:image:width\" content=\"1920\" \/>\n\t<meta property=\"og:image:height\" content=\"1920\" \/>\n\t<meta property=\"og:image:type\" content=\"image\/jpeg\" \/>\n<meta name=\"twitter:card\" content=\"summary_large_image\" \/>\n<meta name=\"twitter:site\" content=\"@VecolColombia\" \/>\n<meta name=\"twitter:label1\" content=\"Est. reading time\" \/>\n\t<meta name=\"twitter:data1\" content=\"2 minutes\" \/>\n<script type=\"application\/ld+json\" class=\"yoast-schema-graph\">{\"@context\":\"https:\\\/\\\/schema.org\",\"@graph\":[{\"@type\":\"WebPage\",\"@id\":\"https:\\\/\\\/www.vecol.com.co\\\/producto\\\/ivermectina-1\\\/\",\"url\":\"https:\\\/\\\/www.vecol.com.co\\\/producto\\\/ivermectina-1\\\/\",\"name\":\"Ivermectina 1% - VECOL\",\"isPartOf\":{\"@id\":\"https:\\\/\\\/www.vecol.com.co\\\/#website\"},\"primaryImageOfPage\":{\"@id\":\"https:\\\/\\\/www.vecol.com.co\\\/producto\\\/ivermectina-1\\\/#primaryimage\"},\"image\":{\"@id\":\"https:\\\/\\\/www.vecol.com.co\\\/producto\\\/ivermectina-1\\\/#primaryimage\"},\"thumbnailUrl\":\"https:\\\/\\\/www.vecol.com.co\\\/wp-content\\\/uploads\\\/2020\\\/06\\\/INVERMECTINA-1.jpg\",\"datePublished\":\"2020-06-26T16:47:34+00:00\",\"dateModified\":\"2025-01-31T21:41:54+00:00\",\"breadcrumb\":{\"@id\":\"https:\\\/\\\/www.vecol.com.co\\\/producto\\\/ivermectina-1\\\/#breadcrumb\"},\"inLanguage\":\"en-US\",\"potentialAction\":[{\"@type\":\"ReadAction\",\"target\":[\"https:\\\/\\\/www.vecol.com.co\\\/producto\\\/ivermectina-1\\\/\"]}]},{\"@type\":\"ImageObject\",\"inLanguage\":\"en-US\",\"@id\":\"https:\\\/\\\/www.vecol.com.co\\\/producto\\\/ivermectina-1\\\/#primaryimage\",\"url\":\"https:\\\/\\\/www.vecol.com.co\\\/wp-content\\\/uploads\\\/2020\\\/06\\\/INVERMECTINA-1.jpg\",\"contentUrl\":\"https:\\\/\\\/www.vecol.com.co\\\/wp-content\\\/uploads\\\/2020\\\/06\\\/INVERMECTINA-1.jpg\",\"width\":1920,\"height\":1920,\"caption\":\"INVERMECTINA 1\"},{\"@type\":\"BreadcrumbList\",\"@id\":\"https:\\\/\\\/www.vecol.com.co\\\/producto\\\/ivermectina-1\\\/#breadcrumb\",\"itemListElement\":[{\"@type\":\"ListItem\",\"position\":1,\"name\":\"Inicio\",\"item\":\"https:\\\/\\\/www.vecol.com.co\\\/\"},{\"@type\":\"ListItem\",\"position\":2,\"name\":\"Productos\",\"item\":\"https:\\\/\\\/www.vecol.com.co\\\/productos\\\/\"},{\"@type\":\"ListItem\",\"position\":3,\"name\":\"Ivermectina 1%\"}]},{\"@type\":\"WebSite\",\"@id\":\"https:\\\/\\\/www.vecol.com.co\\\/#website\",\"url\":\"https:\\\/\\\/www.vecol.com.co\\\/\",\"name\":\"VECOL\",\"description\":\"Empresa Colombiana de Productos Veterinarios\",\"publisher\":{\"@id\":\"https:\\\/\\\/www.vecol.com.co\\\/#organization\"},\"potentialAction\":[{\"@type\":\"SearchAction\",\"target\":{\"@type\":\"EntryPoint\",\"urlTemplate\":\"https:\\\/\\\/www.vecol.com.co\\\/?s={search_term_string}\"},\"query-input\":{\"@type\":\"PropertyValueSpecification\",\"valueRequired\":true,\"valueName\":\"search_term_string\"}}],\"inLanguage\":\"en-US\"},{\"@type\":\"Organization\",\"@id\":\"https:\\\/\\\/www.vecol.com.co\\\/#organization\",\"name\":\"Empresa Colombiana de Productos Veterinarios\",\"url\":\"https:\\\/\\\/www.vecol.com.co\\\/\",\"logo\":{\"@type\":\"ImageObject\",\"inLanguage\":\"en-US\",\"@id\":\"https:\\\/\\\/www.vecol.com.co\\\/#\\\/schema\\\/logo\\\/image\\\/\",\"url\":\"https:\\\/\\\/www.vecol.com.co\\\/wp-content\\\/uploads\\\/2023\\\/07\\\/logoVecol.png\",\"contentUrl\":\"https:\\\/\\\/www.vecol.com.co\\\/wp-content\\\/uploads\\\/2023\\\/07\\\/logoVecol.png\",\"width\":106,\"height\":106,\"caption\":\"Empresa Colombiana de Productos Veterinarios\"},\"image\":{\"@id\":\"https:\\\/\\\/www.vecol.com.co\\\/#\\\/schema\\\/logo\\\/image\\\/\"},\"sameAs\":[\"https:\\\/\\\/www.facebook.com\\\/vecolveterinaria\",\"https:\\\/\\\/x.com\\\/VecolColombia\"]}]}<\/script>\n<!-- \/ Yoast SEO plugin. -->","yoast_head_json":{"title":"Ivermectina 1% - VECOL","robots":{"index":"index","follow":"follow","max-snippet":"max-snippet:-1","max-image-preview":"max-image-preview:large","max-video-preview":"max-video-preview:-1"},"canonical":"https:\/\/www.vecol.com.co\/en\/product\/ivermectina-1\/","og_locale":"en_US","og_type":"article","og_title":"Ivermectina 1% - VECOL","og_description":"Soluci\u00f3n inyectable est\u00e9ril que contiene Ivermectina al 1%. Est\u00e1 indicada en bovinos y porcinos para controlar par\u00e1sitos internos y externos (nem\u00e1todos gastrointestinales y pulmonares; nuches, piojos, \u00e1caros de la sarna, larvas de mosca de la miasis, nuche, garrapatas). Ayuda en el control de la garrapata Rhipicephalus (Boophilus) micropulus en bovinos y el par\u00e1sito renal del cerdo \u2013 Stephanurus edentatus en porcinos.","og_url":"https:\/\/www.vecol.com.co\/en\/product\/ivermectina-1\/","og_site_name":"VECOL","article_publisher":"https:\/\/www.facebook.com\/vecolveterinaria","article_modified_time":"2025-01-31T21:41:54+00:00","og_image":[{"width":1920,"height":1920,"url":"https:\/\/www.vecol.com.co\/wp-content\/uploads\/2020\/06\/INVERMECTINA-1.jpg","type":"image\/jpeg"}],"twitter_card":"summary_large_image","twitter_site":"@VecolColombia","twitter_misc":{"Est. reading time":"2 minutes"},"schema":{"@context":"https:\/\/schema.org","@graph":[{"@type":"WebPage","@id":"https:\/\/www.vecol.com.co\/producto\/ivermectina-1\/","url":"https:\/\/www.vecol.com.co\/producto\/ivermectina-1\/","name":"Ivermectina 1% - VECOL","isPartOf":{"@id":"https:\/\/www.vecol.com.co\/#website"},"primaryImageOfPage":{"@id":"https:\/\/www.vecol.com.co\/producto\/ivermectina-1\/#primaryimage"},"image":{"@id":"https:\/\/www.vecol.com.co\/producto\/ivermectina-1\/#primaryimage"},"thumbnailUrl":"https:\/\/www.vecol.com.co\/wp-content\/uploads\/2020\/06\/INVERMECTINA-1.jpg","datePublished":"2020-06-26T16:47:34+00:00","dateModified":"2025-01-31T21:41:54+00:00","breadcrumb":{"@id":"https:\/\/www.vecol.com.co\/producto\/ivermectina-1\/#breadcrumb"},"inLanguage":"en-US","potentialAction":[{"@type":"ReadAction","target":["https:\/\/www.vecol.com.co\/producto\/ivermectina-1\/"]}]},{"@type":"ImageObject","inLanguage":"en-US","@id":"https:\/\/www.vecol.com.co\/producto\/ivermectina-1\/#primaryimage","url":"https:\/\/www.vecol.com.co\/wp-content\/uploads\/2020\/06\/INVERMECTINA-1.jpg","contentUrl":"https:\/\/www.vecol.com.co\/wp-content\/uploads\/2020\/06\/INVERMECTINA-1.jpg","width":1920,"height":1920,"caption":"INVERMECTINA 1"},{"@type":"BreadcrumbList","@id":"https:\/\/www.vecol.com.co\/producto\/ivermectina-1\/#breadcrumb","itemListElement":[{"@type":"ListItem","position":1,"name":"Inicio","item":"https:\/\/www.vecol.com.co\/"},{"@type":"ListItem","position":2,"name":"Productos","item":"https:\/\/www.vecol.com.co\/productos\/"},{"@type":"ListItem","position":3,"name":"Ivermectina 1%"}]},{"@type":"WebSite","@id":"https:\/\/www.vecol.com.co\/#website","url":"https:\/\/www.vecol.com.co\/","name":"VECOL","description":"Colombian Veterinary Products Company","publisher":{"@id":"https:\/\/www.vecol.com.co\/#organization"},"potentialAction":[{"@type":"SearchAction","target":{"@type":"EntryPoint","urlTemplate":"https:\/\/www.vecol.com.co\/?s={search_term_string}"},"query-input":{"@type":"PropertyValueSpecification","valueRequired":true,"valueName":"search_term_string"}}],"inLanguage":"en-US"},{"@type":"Organization","@id":"https:\/\/www.vecol.com.co\/#organization","name":"Colombian Veterinary Products Company","url":"https:\/\/www.vecol.com.co\/","logo":{"@type":"ImageObject","inLanguage":"en-US","@id":"https:\/\/www.vecol.com.co\/#\/schema\/logo\/image\/","url":"https:\/\/www.vecol.com.co\/wp-content\/uploads\/2023\/07\/logoVecol.png","contentUrl":"https:\/\/www.vecol.com.co\/wp-content\/uploads\/2023\/07\/logoVecol.png","width":106,"height":106,"caption":"Empresa Colombiana de Productos Veterinarios"},"image":{"@id":"https:\/\/www.vecol.com.co\/#\/schema\/logo\/image\/"},"sameAs":["https:\/\/www.facebook.com\/vecolveterinaria","https:\/\/x.com\/VecolColombia"]}]}},"_links":{"self":[{"href":"https:\/\/www.vecol.com.co\/en\/wp-json\/wp\/v2\/product\/1928","targetHints":{"allow":["GET"]}}],"collection":[{"href":"https:\/\/www.vecol.com.co\/en\/wp-json\/wp\/v2\/product"}],"about":[{"href":"https:\/\/www.vecol.com.co\/en\/wp-json\/wp\/v2\/types\/product"}],"wp:featuredmedia":[{"embeddable":true,"href":"https:\/\/www.vecol.com.co\/en\/wp-json\/wp\/v2\/media\/3092"}],"wp:attachment":[{"href":"https:\/\/www.vecol.com.co\/en\/wp-json\/wp\/v2\/media?parent=1928"}],"wp:term":[{"taxonomy":"product_brand","embeddable":true,"href":"https:\/\/www.vecol.com.co\/en\/wp-json\/wp\/v2\/product_brand?post=1928"},{"taxonomy":"product_cat","embeddable":true,"href":"https:\/\/www.vecol.com.co\/en\/wp-json\/wp\/v2\/product_cat?post=1928"},{"taxonomy":"product_tag","embeddable":true,"href":"https:\/\/www.vecol.com.co\/en\/wp-json\/wp\/v2\/product_tag?post=1928"}],"curies":[{"name":"wp","href":"https:\/\/api.w.org\/{rel}","templated":true}]}}