{"id":1926,"date":"2020-06-26T16:45:21","date_gmt":"2020-06-26T16:45:21","guid":{"rendered":"https:\/\/www.vecol.com.co\/?post_type=product&#038;p=1926"},"modified":"2025-01-31T15:31:24","modified_gmt":"2025-01-31T20:31:24","slug":"fenbendazol-25","status":"publish","type":"product","link":"https:\/\/www.vecol.com.co\/en\/product\/fenbendazol-25\/","title":{"rendered":"Fenbendazol 25%"},"content":{"rendered":"<table width=\"633\">\n<tbody>\n<tr>\n<td width=\"141\"><strong>COMPOSICI\u00d3N<\/strong><\/td>\n<td width=\"491\">\n<p style=\"text-align: justify;\">Cada 100 mL contienen:<br \/>\nFenbendazol 25 g<br \/>\nExcipientes c.s.p. 100 mL<\/p>\n<\/td>\n<\/tr>\n<tr>\n<td width=\"141\"><strong>ESPECIES DE DESTINO<\/strong><\/td>\n<td width=\"491\">\n<p style=\"text-align: justify;\">Bovinos, Ovinos, Caprinos, Porcinos, Equinos y Caninos.<\/p>\n<\/td>\n<\/tr>\n<tr>\n<td width=\"141\"><strong>INDICACIONES<\/strong><\/td>\n<td width=\"491\">\n<p style=\"text-align: justify;\"><strong>Bovinos, Caprinos y Ovinos<\/strong> contra las infecciones ocasionadas por formas inmaduras y adultas de par\u00e1sitos como: Haemonchus sp., Ostertagia sp., Cooperia sp., Nematodirus sp., Oesophagostomum dentatum, Strongyloides sp., Dictyocaulus sp., Trichostrongylus sp., Moniezia sp.<\/p>\n<p style=\"text-align: justify;\"><strong>Caninos<\/strong> para Trichuris sp., Capillaria sp., Ascaris sp.<\/p>\n<p style=\"text-align: justify;\"><strong>Porcinos<\/strong> para Oesophagostomum dentatum, Trichuris sp.<\/p>\n<p style=\"text-align: justify;\"><strong>Equinos<\/strong> para Strongyloides sp., Parascaris equorum, Oxyuris equi<\/p>\n<\/td>\n<\/tr>\n<tr>\n<td width=\"141\"><strong>DOSIS Y V\u00cdA DE ADMINISTRACI\u00d3N:\u00a0<\/strong><\/td>\n<td width=\"491\">\n<p style=\"text-align: justify;\"><strong>Bovinos, Caprinos y Ovinos:<\/strong> 5 mg\/Kg de peso, en la pr\u00e1ctica 1 mL\/50 Kg de peso vivo. V\u00eda oral.<\/p>\n<p style=\"text-align: justify;\"><strong>Porcinos:<\/strong> 7.5 mg\/Kg de peso vivo, en la pr\u00e1ctica administrar 1.5 mL\/50 Kg de peso vivo. V\u00eda oral.<\/p>\n<p style=\"text-align: justify;\"><strong>Equinos:<\/strong> 7.5 mg\/Kg de peso vivo, en la pr\u00e1ctica administrar 1 mL\/33 Kg de peso vivo. V\u00eda oral.<\/p>\n<p style=\"text-align: justify;\"><strong>Caninos:<\/strong> 50 mg\/Kg de peso vivo, en la pr\u00e1ctica 1 mL\/5 Kg de peso vivo. Para los casos de Ascaris sp., Trichuris sp., Capillaria sp. Administrar la dosis indicada cada 24 horas durante 3 d\u00edas, repetir la administraci\u00f3n del producto cada 15 a 21 d\u00edas. V\u00eda oral.<\/p>\n<\/td>\n<\/tr>\n<tr>\n<td width=\"141\"><strong>TIEMPO DE RETIRO<\/strong><\/td>\n<td width=\"491\">\n<p style=\"text-align: justify;\"><strong>Los animales tratados no deben sacrificarse para consumo humano hasta 11 d\u00edas despu\u00e9s de finalizado el tratamiento. La leche producida durante el tratamiento y 96 horas despu\u00e9s de finalizado el mismo no debe darse al consumo humano.<\/strong><\/p>\n<\/td>\n<\/tr>\n<tr>\n<td width=\"141\"><strong>PRECAUCIONES Y<\/strong><br \/>\n<strong>ALMACENAMIENTO<\/strong><\/td>\n<td width=\"491\">\n<p style=\"text-align: justify;\">Ag\u00edtese bien antes de usar. Almacene a una temperatura inferior a 30\u00b0C y protegido de la luz solar. Venta bajo f\u00f3rmula del M\u00e9dico Veterinario. Mant\u00e9ngase fuera del alcance de los ni\u00f1os y animales dom\u00e9sticos.<\/p>\n<\/td>\n<\/tr>\n<tr>\n<td width=\"141\"><strong>PRESENTACI\u00d3N:\u00a0<\/strong><\/td>\n<td width=\"491\">Jeringas por 12 mL. Frascos por 120 mL, 500 mL y garrafa por 2000 mL<\/td>\n<\/tr>\n<tr>\n<td width=\"141\"><strong>REGISTRO ICA N\u00b0.<\/strong><\/td>\n<td width=\"491\"><strong>6398 MV<\/strong><\/td>\n<\/tr>\n<\/tbody>\n<\/table>","protected":false},"excerpt":{"rendered":"<p style=\"text-align: justify;\">Antiparasitario en suspensi\u00f3n oral de amplio espectro indicado en Bovinos, ovinos y caprinos para el tratamiento de: par\u00e1sitos gastrointestinales y pulmonares como<em> Haemonchus sp, Ostertagia sp, Cooperia sp, Nematodirus sp, Oesophagostomum sp, Strongyloides sp, Dictyocaulus sp, Trichostrongylus sp, y Moniezia sp,<\/em> entre otros.<\/p>","protected":false},"featured_media":3033,"template":"","meta":{"_acf_changed":false,"site-sidebar-layout":"default","site-content-layout":"default","ast-site-content-layout":"default","site-content-style":"default","site-sidebar-style":"default","ast-global-header-display":"","ast-banner-title-visibility":"","ast-main-header-display":"","ast-hfb-above-header-display":"","ast-hfb-below-header-display":"","ast-hfb-mobile-header-display":"","site-post-title":"","ast-breadcrumbs-content":"","ast-featured-img":"","footer-sml-layout":"","ast-disable-related-posts":"","theme-transparent-header-meta":"default","adv-header-id-meta":"","stick-header-meta":"","header-above-stick-meta":"","header-main-stick-meta":"","header-below-stick-meta":"","astra-migrate-meta-layouts":"set","ast-page-background-enabled":"default","ast-page-background-meta":{"desktop":{"background-color":"","background-image":"","background-repeat":"repeat","background-position":"center center","background-size":"auto","background-attachment":"scroll","background-type":"","background-media":"","overlay-type":"","overlay-color":"","overlay-opacity":"","overlay-gradient":""},"tablet":{"background-color":"","background-image":"","background-repeat":"repeat","background-position":"center center","background-size":"auto","background-attachment":"scroll","background-type":"","background-media":"","overlay-type":"","overlay-color":"","overlay-opacity":"","overlay-gradient":""},"mobile":{"background-color":"","background-image":"","background-repeat":"repeat","background-position":"center center","background-size":"auto","background-attachment":"scroll","background-type":"","background-media":"","overlay-type":"","overlay-color":"","overlay-opacity":"","overlay-gradient":""}},"ast-content-background-meta":{"desktop":{"background-color":"var(--ast-global-color-5)","background-image":"","background-repeat":"repeat","background-position":"center center","background-size":"auto","background-attachment":"scroll","background-type":"","background-media":"","overlay-type":"","overlay-color":"","overlay-opacity":"","overlay-gradient":""},"tablet":{"background-color":"var(--ast-global-color-5)","background-image":"","background-repeat":"repeat","background-position":"center center","background-size":"auto","background-attachment":"scroll","background-type":"","background-media":"","overlay-type":"","overlay-color":"","overlay-opacity":"","overlay-gradient":""},"mobile":{"background-color":"var(--ast-global-color-5)","background-image":"","background-repeat":"repeat","background-position":"center center","background-size":"auto","background-attachment":"scroll","background-type":"","background-media":"","overlay-type":"","overlay-color":"","overlay-opacity":"","overlay-gradient":""}}},"product_brand":[],"product_cat":[17,39],"product_tag":[],"class_list":{"0":"post-1926","1":"product","2":"type-product","3":"status-publish","4":"has-post-thumbnail","6":"product_cat-animales-de-produccion","7":"product_cat-antiparasitarios-animales-de-produccion","8":"desktop-align-left","9":"tablet-align-left","10":"mobile-align-left","12":"first","13":"instock","14":"shipping-taxable","15":"product-type-simple"},"acf":[],"yoast_head":"<!-- This site is optimized with the Yoast SEO plugin v27.3 - https:\/\/yoast.com\/product\/yoast-seo-wordpress\/ -->\n<title>Fenbendazol 25% Antiparasitario en suspensi\u00f3n oral | VECOL<\/title>\n<meta name=\"robots\" content=\"index, follow, max-snippet:-1, max-image-preview:large, max-video-preview:-1\" \/>\n<link rel=\"canonical\" href=\"https:\/\/www.vecol.com.co\/en\/product\/fenbendazol-25\/\" \/>\n<meta property=\"og:locale\" content=\"en_US\" \/>\n<meta property=\"og:type\" content=\"article\" \/>\n<meta property=\"og:title\" content=\"Fenbendazol 25% Antiparasitario en suspensi\u00f3n oral | VECOL\" \/>\n<meta property=\"og:description\" content=\"Antiparasitario en suspensi\u00f3n oral de amplio espectro indicado en Bovinos, ovinos y caprinos para el tratamiento de: par\u00e1sitos gastrointestinales y pulmonares como Haemonchus sp, Ostertagia sp, Cooperia sp, Nematodirus sp, Oesophagostomum sp, Strongyloides sp, Dictyocaulus sp, Trichostrongylus sp, y Moniezia sp, entre otros.\" \/>\n<meta property=\"og:url\" content=\"https:\/\/www.vecol.com.co\/en\/product\/fenbendazol-25\/\" \/>\n<meta property=\"og:site_name\" content=\"VECOL\" \/>\n<meta property=\"article:publisher\" content=\"https:\/\/www.facebook.com\/vecolveterinaria\" \/>\n<meta property=\"article:modified_time\" content=\"2025-01-31T20:31:24+00:00\" \/>\n<meta property=\"og:image\" content=\"https:\/\/www.vecol.com.co\/wp-content\/uploads\/2020\/06\/FENBENDAZOL-SUSPENSION-ORAL.jpg\" \/>\n\t<meta property=\"og:image:width\" content=\"1920\" \/>\n\t<meta property=\"og:image:height\" content=\"1920\" \/>\n\t<meta property=\"og:image:type\" content=\"image\/jpeg\" \/>\n<meta name=\"twitter:card\" content=\"summary_large_image\" \/>\n<meta name=\"twitter:site\" content=\"@VecolColombia\" \/>\n<meta name=\"twitter:label1\" content=\"Est. reading time\" \/>\n\t<meta name=\"twitter:data1\" content=\"1 minute\" \/>\n<script type=\"application\/ld+json\" class=\"yoast-schema-graph\">{\"@context\":\"https:\\\/\\\/schema.org\",\"@graph\":[{\"@type\":\"WebPage\",\"@id\":\"https:\\\/\\\/www.vecol.com.co\\\/producto\\\/fenbendazol-25\\\/\",\"url\":\"https:\\\/\\\/www.vecol.com.co\\\/producto\\\/fenbendazol-25\\\/\",\"name\":\"Fenbendazol 25% Antiparasitario en suspensi\u00f3n oral | VECOL\",\"isPartOf\":{\"@id\":\"https:\\\/\\\/www.vecol.com.co\\\/#website\"},\"primaryImageOfPage\":{\"@id\":\"https:\\\/\\\/www.vecol.com.co\\\/producto\\\/fenbendazol-25\\\/#primaryimage\"},\"image\":{\"@id\":\"https:\\\/\\\/www.vecol.com.co\\\/producto\\\/fenbendazol-25\\\/#primaryimage\"},\"thumbnailUrl\":\"https:\\\/\\\/www.vecol.com.co\\\/wp-content\\\/uploads\\\/2020\\\/06\\\/FENBENDAZOL-SUSPENSION-ORAL.jpg\",\"datePublished\":\"2020-06-26T16:45:21+00:00\",\"dateModified\":\"2025-01-31T20:31:24+00:00\",\"breadcrumb\":{\"@id\":\"https:\\\/\\\/www.vecol.com.co\\\/producto\\\/fenbendazol-25\\\/#breadcrumb\"},\"inLanguage\":\"en-US\",\"potentialAction\":[{\"@type\":\"ReadAction\",\"target\":[\"https:\\\/\\\/www.vecol.com.co\\\/producto\\\/fenbendazol-25\\\/\"]}]},{\"@type\":\"ImageObject\",\"inLanguage\":\"en-US\",\"@id\":\"https:\\\/\\\/www.vecol.com.co\\\/producto\\\/fenbendazol-25\\\/#primaryimage\",\"url\":\"https:\\\/\\\/www.vecol.com.co\\\/wp-content\\\/uploads\\\/2020\\\/06\\\/FENBENDAZOL-SUSPENSION-ORAL.jpg\",\"contentUrl\":\"https:\\\/\\\/www.vecol.com.co\\\/wp-content\\\/uploads\\\/2020\\\/06\\\/FENBENDAZOL-SUSPENSION-ORAL.jpg\",\"width\":1920,\"height\":1920,\"caption\":\"FENBENDAZOL SUSPENSION ORAL\"},{\"@type\":\"BreadcrumbList\",\"@id\":\"https:\\\/\\\/www.vecol.com.co\\\/producto\\\/fenbendazol-25\\\/#breadcrumb\",\"itemListElement\":[{\"@type\":\"ListItem\",\"position\":1,\"name\":\"Inicio\",\"item\":\"https:\\\/\\\/www.vecol.com.co\\\/\"},{\"@type\":\"ListItem\",\"position\":2,\"name\":\"Productos\",\"item\":\"https:\\\/\\\/www.vecol.com.co\\\/productos\\\/\"},{\"@type\":\"ListItem\",\"position\":3,\"name\":\"Fenbendazol 25%\"}]},{\"@type\":\"WebSite\",\"@id\":\"https:\\\/\\\/www.vecol.com.co\\\/#website\",\"url\":\"https:\\\/\\\/www.vecol.com.co\\\/\",\"name\":\"VECOL\",\"description\":\"Empresa Colombiana de Productos Veterinarios\",\"publisher\":{\"@id\":\"https:\\\/\\\/www.vecol.com.co\\\/#organization\"},\"potentialAction\":[{\"@type\":\"SearchAction\",\"target\":{\"@type\":\"EntryPoint\",\"urlTemplate\":\"https:\\\/\\\/www.vecol.com.co\\\/?s={search_term_string}\"},\"query-input\":{\"@type\":\"PropertyValueSpecification\",\"valueRequired\":true,\"valueName\":\"search_term_string\"}}],\"inLanguage\":\"en-US\"},{\"@type\":\"Organization\",\"@id\":\"https:\\\/\\\/www.vecol.com.co\\\/#organization\",\"name\":\"Empresa Colombiana de Productos Veterinarios\",\"url\":\"https:\\\/\\\/www.vecol.com.co\\\/\",\"logo\":{\"@type\":\"ImageObject\",\"inLanguage\":\"en-US\",\"@id\":\"https:\\\/\\\/www.vecol.com.co\\\/#\\\/schema\\\/logo\\\/image\\\/\",\"url\":\"https:\\\/\\\/www.vecol.com.co\\\/wp-content\\\/uploads\\\/2023\\\/07\\\/logoVecol.png\",\"contentUrl\":\"https:\\\/\\\/www.vecol.com.co\\\/wp-content\\\/uploads\\\/2023\\\/07\\\/logoVecol.png\",\"width\":106,\"height\":106,\"caption\":\"Empresa Colombiana de Productos Veterinarios\"},\"image\":{\"@id\":\"https:\\\/\\\/www.vecol.com.co\\\/#\\\/schema\\\/logo\\\/image\\\/\"},\"sameAs\":[\"https:\\\/\\\/www.facebook.com\\\/vecolveterinaria\",\"https:\\\/\\\/x.com\\\/VecolColombia\"]}]}<\/script>\n<!-- \/ Yoast SEO plugin. -->","yoast_head_json":{"title":"Fenbendazole 25% Antiparasitic oral suspension | VECOL","robots":{"index":"index","follow":"follow","max-snippet":"max-snippet:-1","max-image-preview":"max-image-preview:large","max-video-preview":"max-video-preview:-1"},"canonical":"https:\/\/www.vecol.com.co\/en\/product\/fenbendazol-25\/","og_locale":"en_US","og_type":"article","og_title":"Fenbendazol 25% Antiparasitario en suspensi\u00f3n oral | VECOL","og_description":"Antiparasitario en suspensi\u00f3n oral de amplio espectro indicado en Bovinos, ovinos y caprinos para el tratamiento de: par\u00e1sitos gastrointestinales y pulmonares como Haemonchus sp, Ostertagia sp, Cooperia sp, Nematodirus sp, Oesophagostomum sp, Strongyloides sp, Dictyocaulus sp, Trichostrongylus sp, y Moniezia sp, entre otros.","og_url":"https:\/\/www.vecol.com.co\/en\/product\/fenbendazol-25\/","og_site_name":"VECOL","article_publisher":"https:\/\/www.facebook.com\/vecolveterinaria","article_modified_time":"2025-01-31T20:31:24+00:00","og_image":[{"width":1920,"height":1920,"url":"https:\/\/www.vecol.com.co\/wp-content\/uploads\/2020\/06\/FENBENDAZOL-SUSPENSION-ORAL.jpg","type":"image\/jpeg"}],"twitter_card":"summary_large_image","twitter_site":"@VecolColombia","twitter_misc":{"Est. reading time":"1 minute"},"schema":{"@context":"https:\/\/schema.org","@graph":[{"@type":"WebPage","@id":"https:\/\/www.vecol.com.co\/producto\/fenbendazol-25\/","url":"https:\/\/www.vecol.com.co\/producto\/fenbendazol-25\/","name":"Fenbendazole 25% Antiparasitic oral suspension | VECOL","isPartOf":{"@id":"https:\/\/www.vecol.com.co\/#website"},"primaryImageOfPage":{"@id":"https:\/\/www.vecol.com.co\/producto\/fenbendazol-25\/#primaryimage"},"image":{"@id":"https:\/\/www.vecol.com.co\/producto\/fenbendazol-25\/#primaryimage"},"thumbnailUrl":"https:\/\/www.vecol.com.co\/wp-content\/uploads\/2020\/06\/FENBENDAZOL-SUSPENSION-ORAL.jpg","datePublished":"2020-06-26T16:45:21+00:00","dateModified":"2025-01-31T20:31:24+00:00","breadcrumb":{"@id":"https:\/\/www.vecol.com.co\/producto\/fenbendazol-25\/#breadcrumb"},"inLanguage":"en-US","potentialAction":[{"@type":"ReadAction","target":["https:\/\/www.vecol.com.co\/producto\/fenbendazol-25\/"]}]},{"@type":"ImageObject","inLanguage":"en-US","@id":"https:\/\/www.vecol.com.co\/producto\/fenbendazol-25\/#primaryimage","url":"https:\/\/www.vecol.com.co\/wp-content\/uploads\/2020\/06\/FENBENDAZOL-SUSPENSION-ORAL.jpg","contentUrl":"https:\/\/www.vecol.com.co\/wp-content\/uploads\/2020\/06\/FENBENDAZOL-SUSPENSION-ORAL.jpg","width":1920,"height":1920,"caption":"FENBENDAZOL SUSPENSION ORAL"},{"@type":"BreadcrumbList","@id":"https:\/\/www.vecol.com.co\/producto\/fenbendazol-25\/#breadcrumb","itemListElement":[{"@type":"ListItem","position":1,"name":"Inicio","item":"https:\/\/www.vecol.com.co\/"},{"@type":"ListItem","position":2,"name":"Productos","item":"https:\/\/www.vecol.com.co\/productos\/"},{"@type":"ListItem","position":3,"name":"Fenbendazol 25%"}]},{"@type":"WebSite","@id":"https:\/\/www.vecol.com.co\/#website","url":"https:\/\/www.vecol.com.co\/","name":"VECOL","description":"Colombian Veterinary Products Company","publisher":{"@id":"https:\/\/www.vecol.com.co\/#organization"},"potentialAction":[{"@type":"SearchAction","target":{"@type":"EntryPoint","urlTemplate":"https:\/\/www.vecol.com.co\/?s={search_term_string}"},"query-input":{"@type":"PropertyValueSpecification","valueRequired":true,"valueName":"search_term_string"}}],"inLanguage":"en-US"},{"@type":"Organization","@id":"https:\/\/www.vecol.com.co\/#organization","name":"Colombian Veterinary Products Company","url":"https:\/\/www.vecol.com.co\/","logo":{"@type":"ImageObject","inLanguage":"en-US","@id":"https:\/\/www.vecol.com.co\/#\/schema\/logo\/image\/","url":"https:\/\/www.vecol.com.co\/wp-content\/uploads\/2023\/07\/logoVecol.png","contentUrl":"https:\/\/www.vecol.com.co\/wp-content\/uploads\/2023\/07\/logoVecol.png","width":106,"height":106,"caption":"Empresa Colombiana de Productos Veterinarios"},"image":{"@id":"https:\/\/www.vecol.com.co\/#\/schema\/logo\/image\/"},"sameAs":["https:\/\/www.facebook.com\/vecolveterinaria","https:\/\/x.com\/VecolColombia"]}]}},"_links":{"self":[{"href":"https:\/\/www.vecol.com.co\/en\/wp-json\/wp\/v2\/product\/1926","targetHints":{"allow":["GET"]}}],"collection":[{"href":"https:\/\/www.vecol.com.co\/en\/wp-json\/wp\/v2\/product"}],"about":[{"href":"https:\/\/www.vecol.com.co\/en\/wp-json\/wp\/v2\/types\/product"}],"wp:featuredmedia":[{"embeddable":true,"href":"https:\/\/www.vecol.com.co\/en\/wp-json\/wp\/v2\/media\/3033"}],"wp:attachment":[{"href":"https:\/\/www.vecol.com.co\/en\/wp-json\/wp\/v2\/media?parent=1926"}],"wp:term":[{"taxonomy":"product_brand","embeddable":true,"href":"https:\/\/www.vecol.com.co\/en\/wp-json\/wp\/v2\/product_brand?post=1926"},{"taxonomy":"product_cat","embeddable":true,"href":"https:\/\/www.vecol.com.co\/en\/wp-json\/wp\/v2\/product_cat?post=1926"},{"taxonomy":"product_tag","embeddable":true,"href":"https:\/\/www.vecol.com.co\/en\/wp-json\/wp\/v2\/product_tag?post=1926"}],"curies":[{"name":"wp","href":"https:\/\/api.w.org\/{rel}","templated":true}]}}