{"id":1924,"date":"2020-06-26T16:43:24","date_gmt":"2020-06-26T16:43:24","guid":{"rendered":"https:\/\/www.vecol.com.co\/?post_type=product&#038;p=1924"},"modified":"2025-01-31T13:29:37","modified_gmt":"2025-01-31T18:29:37","slug":"doragan","status":"publish","type":"product","link":"https:\/\/www.vecol.com.co\/en\/product\/doragan-sterile-solution-for-injection-vecol\/","title":{"rendered":"Dorag\u00e1n\u00ae"},"content":{"rendered":"<table width=\"633\">\n<tbody>\n<tr>\n<td width=\"141\"><strong>COMPOSICI\u00d3N<\/strong><\/td>\n<td width=\"491\">\n<p style=\"text-align: justify;\">Cada mL contiene:<br \/>\nDoramectina 10 mL<br \/>\nExcipientes c.s.p. 1 mL<\/p>\n<\/td>\n<\/tr>\n<tr>\n<td width=\"141\"><strong>ESPECIES DE DESTINO<\/strong><\/td>\n<td width=\"491\">\n<p style=\"text-align: justify;\">Bovinos, Ovinos y Porcinos.<\/p>\n<\/td>\n<\/tr>\n<tr>\n<td width=\"141\"><strong>INDICACIONES<\/strong><\/td>\n<td width=\"491\">\n<p style=\"text-align: justify;\">Est\u00e1 indicado para el tratamiento y control de parasitosis internas y externas del ganado Bovino, Ovino y Porcino.<\/p>\n<p style=\"text-align: justify;\"><strong>Bovinos<\/strong><br \/>\n<strong>Nem\u00e1todos gastrointestinales:<\/strong> Hamonchus placei, Ostertagia ostertagi, Trichostongylus axei, Bunostomum phlebotomum, Nematodirus spp., Cooperia oncophora, Cooperia pectinata, Cooperia punctata, Trichostrongylus colubriformis, Oesophagostomum radiatum, Strongyloides papillosus, Trichuris spp. <strong>Nem\u00e1todos pulmonares:<\/strong> Dyctiocaulus viviparus. <strong>Garrapatas:<\/strong> Ayuda en el control de Rhipicephalaus (Boophilos) microplus. <strong>Larvas productoras de nuche:<\/strong> Dermatobia hominis, Hypoderma bovis. <strong>\u00c1caros de la Sarna:<\/strong> Chorioptes bovis, Sarcoptes scabei, y Psoroptes sp. <strong>Piojos:<\/strong> Linognathus vituli, Haematopinus eurysternus, Solenopotes capillatus. <strong>Miasis:<\/strong> Gusaneras \u2013 Cochliomya hominivorax. <strong>Piojos masticadores<\/strong> como Bovicola bovis y la <strong>Mosca de los cuernos<\/strong> Haematobia irritans.<\/p>\n<p style=\"text-align: justify;\"><strong>Ovinos<\/strong><br \/>\n<strong>Nem\u00e1todos gastrointestinales:<\/strong> Haemonchus contortus, y Teladorsagia circumcincta, Trychostrongilus axei, Trichostrongylus colubriformis, Trichosntrongylus vitrinus, Chabertia spp., Cooperia oncophora, Nematodirus spp., Trichuris spp. <strong>Nem\u00e1todo pulmonar:<\/strong> Dyctiocaulus viviparus.<strong> \u00c1caros:<\/strong> Psoroptes ovis. <strong>Miasis (gusaneras):<\/strong> Cochliomyia hominivorax (gusano de la cabeza), Oestrus ovis.<\/p>\n<p style=\"text-align: justify;\"><strong>Porcinos<\/strong><br \/>\n<strong>Nem\u00e1todos gastrointestinales:<\/strong> Hyostrongylus rubidus, Strongyloides ransomi, Ascaris suum, Oesophagostomum dentatum, Trichuris suis. <strong>Nem\u00e1todo pulmonar:<\/strong> Metastrongylus spp. <strong>Nem\u00e1todo renal:<\/strong> Stephanurus dentatus. <strong>\u00c1caros de la sarna:<\/strong> Sarcoptes scabiei.<\/p>\n<\/td>\n<\/tr>\n<tr>\n<td width=\"141\"><strong>DOSIS Y V\u00cdA DE ADMINISTRACI\u00d3N:\u00a0<\/strong><\/td>\n<td width=\"491\">\n<p style=\"text-align: justify;\"><strong>Bovinos y Ovinos:<\/strong> Inyectar por v\u00eda subcut\u00e1nea o intramuscular 200 \u00b5g\/Kg de peso vivo, en la pr\u00e1ctica 1 mL\/50 Kg de peso vivo.<\/p>\n<p style=\"text-align: justify;\"><strong>Porcinos:<\/strong> Inyectar por v\u00eda intramuscular 300 \u00b5g\/Kg de peso vivo, en la pr\u00e1ctica 1 mL\/33 Kg de peso vivo.<\/p>\n<\/td>\n<\/tr>\n<tr>\n<td width=\"141\"><strong>TIEMPO DE RETIRO<\/strong><\/td>\n<td width=\"491\">\n<p style=\"text-align: justify;\"><strong>Bovinos y Ovinos: Los animales tratados no deben sacrificarse para consumo humano hasta 35 d\u00edas despu\u00e9s de finalizado el tratamiento.<\/strong><\/p>\n<p style=\"text-align: justify;\"><strong>Porcinos: Los animales tratados no deben sacrificarse para consumo humano hasta 28 d\u00edas despu\u00e9s de finalizado el tratamiento.<\/strong><\/p>\n<\/td>\n<\/tr>\n<tr>\n<td width=\"141\"><strong>PRECAUCIONES Y<\/strong><br \/>\n<strong>ALMACENAMIENTO<\/strong><\/td>\n<td width=\"491\">\n<p style=\"text-align: justify;\">Almacenar a temperatura inferior a 30\u00b0C y protegido de la luz solar. Venta bajo f\u00f3rmula del M\u00e9dico Veterinario. Mant\u00e9ngase fuera del alcance de los ni\u00f1os y animales dom\u00e9sticos.<\/p>\n<\/td>\n<\/tr>\n<tr>\n<td width=\"141\"><strong>PRESENTACI\u00d3N:\u00a0<\/strong><\/td>\n<td width=\"491\">Frascos por 500 ml<\/td>\n<\/tr>\n<tr>\n<td width=\"141\"><strong>REGISTRO ICA N\u00b0.<\/strong><\/td>\n<td width=\"491\"><strong>6851 MV<\/strong><\/td>\n<\/tr>\n<\/tbody>\n<\/table>","protected":false},"excerpt":{"rendered":"<p style=\"text-align: justify;\">DORAG\u00c1N es una soluci\u00f3n inyectable est\u00e9ril que contiene Doramectina al 1%, indicada en bovinos, ovinos y porcinos para el tratamiento y control de par\u00e1sitos internos y externos \u2013par\u00e1sitos gastrointestinales y pulmonares, nuche, garrapatas, \u00e1caros de la sarna, piojos y miasis o \u201cgusanera\u201d.<\/p>","protected":false},"featured_media":3027,"template":"","meta":{"_acf_changed":false,"site-sidebar-layout":"default","site-content-layout":"default","ast-site-content-layout":"default","site-content-style":"default","site-sidebar-style":"default","ast-global-header-display":"","ast-banner-title-visibility":"","ast-main-header-display":"","ast-hfb-above-header-display":"","ast-hfb-below-header-display":"","ast-hfb-mobile-header-display":"","site-post-title":"","ast-breadcrumbs-content":"","ast-featured-img":"","footer-sml-layout":"","ast-disable-related-posts":"","theme-transparent-header-meta":"default","adv-header-id-meta":"","stick-header-meta":"","header-above-stick-meta":"","header-main-stick-meta":"","header-below-stick-meta":"","astra-migrate-meta-layouts":"set","ast-page-background-enabled":"default","ast-page-background-meta":{"desktop":{"background-color":"","background-image":"","background-repeat":"repeat","background-position":"center center","background-size":"auto","background-attachment":"scroll","background-type":"","background-media":"","overlay-type":"","overlay-color":"","overlay-opacity":"","overlay-gradient":""},"tablet":{"background-color":"","background-image":"","background-repeat":"repeat","background-position":"center center","background-size":"auto","background-attachment":"scroll","background-type":"","background-media":"","overlay-type":"","overlay-color":"","overlay-opacity":"","overlay-gradient":""},"mobile":{"background-color":"","background-image":"","background-repeat":"repeat","background-position":"center center","background-size":"auto","background-attachment":"scroll","background-type":"","background-media":"","overlay-type":"","overlay-color":"","overlay-opacity":"","overlay-gradient":""}},"ast-content-background-meta":{"desktop":{"background-color":"var(--ast-global-color-5)","background-image":"","background-repeat":"repeat","background-position":"center center","background-size":"auto","background-attachment":"scroll","background-type":"","background-media":"","overlay-type":"","overlay-color":"","overlay-opacity":"","overlay-gradient":""},"tablet":{"background-color":"var(--ast-global-color-5)","background-image":"","background-repeat":"repeat","background-position":"center center","background-size":"auto","background-attachment":"scroll","background-type":"","background-media":"","overlay-type":"","overlay-color":"","overlay-opacity":"","overlay-gradient":""},"mobile":{"background-color":"var(--ast-global-color-5)","background-image":"","background-repeat":"repeat","background-position":"center center","background-size":"auto","background-attachment":"scroll","background-type":"","background-media":"","overlay-type":"","overlay-color":"","overlay-opacity":"","overlay-gradient":""}}},"product_brand":[],"product_cat":[17,39],"product_tag":[],"class_list":{"0":"post-1924","1":"product","2":"type-product","3":"status-publish","4":"has-post-thumbnail","6":"product_cat-animales-de-produccion","7":"product_cat-antiparasitarios-animales-de-produccion","8":"desktop-align-left","9":"tablet-align-left","10":"mobile-align-left","12":"first","13":"instock","14":"shipping-taxable","15":"product-type-simple"},"acf":[],"yoast_head":"<!-- This site is optimized with the Yoast SEO plugin v27.3 - https:\/\/yoast.com\/product\/yoast-seo-wordpress\/ -->\n<title>Dorag\u00e1n\u00ae - soluci\u00f3n inyectable est\u00e9ril | VECOL<\/title>\n<meta name=\"robots\" content=\"index, follow, max-snippet:-1, max-image-preview:large, max-video-preview:-1\" \/>\n<link rel=\"canonical\" href=\"https:\/\/www.vecol.com.co\/en\/product\/doragan\/\" \/>\n<meta property=\"og:locale\" content=\"en_US\" \/>\n<meta property=\"og:type\" content=\"article\" \/>\n<meta property=\"og:title\" content=\"Dorag\u00e1n\u00ae - soluci\u00f3n inyectable est\u00e9ril | VECOL\" \/>\n<meta property=\"og:description\" content=\"DORAG\u00c1N es una soluci\u00f3n inyectable est\u00e9ril que contiene Doramectina al 1%, indicada en bovinos, ovinos y porcinos para el tratamiento y control de par\u00e1sitos internos y externos \u2013par\u00e1sitos gastrointestinales y pulmonares, nuche, garrapatas, \u00e1caros de la sarna, piojos y miasis o \u201cgusanera\u201d.\" \/>\n<meta property=\"og:url\" content=\"https:\/\/www.vecol.com.co\/en\/product\/doragan\/\" \/>\n<meta property=\"og:site_name\" content=\"VECOL\" \/>\n<meta property=\"article:publisher\" content=\"https:\/\/www.facebook.com\/vecolveterinaria\" \/>\n<meta property=\"article:modified_time\" content=\"2025-01-31T18:29:37+00:00\" \/>\n<meta property=\"og:image\" content=\"https:\/\/www.vecol.com.co\/wp-content\/uploads\/2020\/06\/DORAGAN.jpg\" \/>\n\t<meta property=\"og:image:width\" content=\"1920\" \/>\n\t<meta property=\"og:image:height\" content=\"1920\" \/>\n\t<meta property=\"og:image:type\" content=\"image\/jpeg\" \/>\n<meta name=\"twitter:card\" content=\"summary_large_image\" \/>\n<meta name=\"twitter:site\" content=\"@VecolColombia\" \/>\n<meta name=\"twitter:label1\" content=\"Est. reading time\" \/>\n\t<meta name=\"twitter:data1\" content=\"2 minutes\" \/>\n<script type=\"application\/ld+json\" class=\"yoast-schema-graph\">{\"@context\":\"https:\\\/\\\/schema.org\",\"@graph\":[{\"@type\":\"WebPage\",\"@id\":\"https:\\\/\\\/www.vecol.com.co\\\/producto\\\/doragan\\\/\",\"url\":\"https:\\\/\\\/www.vecol.com.co\\\/producto\\\/doragan\\\/\",\"name\":\"Dorag\u00e1n\u00ae - soluci\u00f3n inyectable est\u00e9ril | VECOL\",\"isPartOf\":{\"@id\":\"https:\\\/\\\/www.vecol.com.co\\\/#website\"},\"primaryImageOfPage\":{\"@id\":\"https:\\\/\\\/www.vecol.com.co\\\/producto\\\/doragan\\\/#primaryimage\"},\"image\":{\"@id\":\"https:\\\/\\\/www.vecol.com.co\\\/producto\\\/doragan\\\/#primaryimage\"},\"thumbnailUrl\":\"https:\\\/\\\/www.vecol.com.co\\\/wp-content\\\/uploads\\\/2020\\\/06\\\/DORAGAN.jpg\",\"datePublished\":\"2020-06-26T16:43:24+00:00\",\"dateModified\":\"2025-01-31T18:29:37+00:00\",\"breadcrumb\":{\"@id\":\"https:\\\/\\\/www.vecol.com.co\\\/producto\\\/doragan\\\/#breadcrumb\"},\"inLanguage\":\"en-US\",\"potentialAction\":[{\"@type\":\"ReadAction\",\"target\":[\"https:\\\/\\\/www.vecol.com.co\\\/producto\\\/doragan\\\/\"]}]},{\"@type\":\"ImageObject\",\"inLanguage\":\"en-US\",\"@id\":\"https:\\\/\\\/www.vecol.com.co\\\/producto\\\/doragan\\\/#primaryimage\",\"url\":\"https:\\\/\\\/www.vecol.com.co\\\/wp-content\\\/uploads\\\/2020\\\/06\\\/DORAGAN.jpg\",\"contentUrl\":\"https:\\\/\\\/www.vecol.com.co\\\/wp-content\\\/uploads\\\/2020\\\/06\\\/DORAGAN.jpg\",\"width\":1920,\"height\":1920,\"caption\":\"DORAGAN\"},{\"@type\":\"BreadcrumbList\",\"@id\":\"https:\\\/\\\/www.vecol.com.co\\\/producto\\\/doragan\\\/#breadcrumb\",\"itemListElement\":[{\"@type\":\"ListItem\",\"position\":1,\"name\":\"Inicio\",\"item\":\"https:\\\/\\\/www.vecol.com.co\\\/\"},{\"@type\":\"ListItem\",\"position\":2,\"name\":\"Productos\",\"item\":\"https:\\\/\\\/www.vecol.com.co\\\/productos\\\/\"},{\"@type\":\"ListItem\",\"position\":3,\"name\":\"Dorag\u00e1n\u00ae\"}]},{\"@type\":\"WebSite\",\"@id\":\"https:\\\/\\\/www.vecol.com.co\\\/#website\",\"url\":\"https:\\\/\\\/www.vecol.com.co\\\/\",\"name\":\"VECOL\",\"description\":\"Empresa Colombiana de Productos Veterinarios\",\"publisher\":{\"@id\":\"https:\\\/\\\/www.vecol.com.co\\\/#organization\"},\"potentialAction\":[{\"@type\":\"SearchAction\",\"target\":{\"@type\":\"EntryPoint\",\"urlTemplate\":\"https:\\\/\\\/www.vecol.com.co\\\/?s={search_term_string}\"},\"query-input\":{\"@type\":\"PropertyValueSpecification\",\"valueRequired\":true,\"valueName\":\"search_term_string\"}}],\"inLanguage\":\"en-US\"},{\"@type\":\"Organization\",\"@id\":\"https:\\\/\\\/www.vecol.com.co\\\/#organization\",\"name\":\"Empresa Colombiana de Productos Veterinarios\",\"url\":\"https:\\\/\\\/www.vecol.com.co\\\/\",\"logo\":{\"@type\":\"ImageObject\",\"inLanguage\":\"en-US\",\"@id\":\"https:\\\/\\\/www.vecol.com.co\\\/#\\\/schema\\\/logo\\\/image\\\/\",\"url\":\"https:\\\/\\\/www.vecol.com.co\\\/wp-content\\\/uploads\\\/2023\\\/07\\\/logoVecol.png\",\"contentUrl\":\"https:\\\/\\\/www.vecol.com.co\\\/wp-content\\\/uploads\\\/2023\\\/07\\\/logoVecol.png\",\"width\":106,\"height\":106,\"caption\":\"Empresa Colombiana de Productos Veterinarios\"},\"image\":{\"@id\":\"https:\\\/\\\/www.vecol.com.co\\\/#\\\/schema\\\/logo\\\/image\\\/\"},\"sameAs\":[\"https:\\\/\\\/www.facebook.com\\\/vecolveterinaria\",\"https:\\\/\\\/x.com\\\/VecolColombia\"]}]}<\/script>\n<!-- \/ Yoast SEO plugin. -->","yoast_head_json":{"title":"Dorag\u00e1n\u00ae - soluci\u00f3n inyectable est\u00e9ril | VECOL","robots":{"index":"index","follow":"follow","max-snippet":"max-snippet:-1","max-image-preview":"max-image-preview:large","max-video-preview":"max-video-preview:-1"},"canonical":"https:\/\/www.vecol.com.co\/en\/product\/doragan\/","og_locale":"en_US","og_type":"article","og_title":"Dorag\u00e1n\u00ae - soluci\u00f3n inyectable est\u00e9ril | VECOL","og_description":"DORAG\u00c1N es una soluci\u00f3n inyectable est\u00e9ril que contiene Doramectina al 1%, indicada en bovinos, ovinos y porcinos para el tratamiento y control de par\u00e1sitos internos y externos \u2013par\u00e1sitos gastrointestinales y pulmonares, nuche, garrapatas, \u00e1caros de la sarna, piojos y miasis o \u201cgusanera\u201d.","og_url":"https:\/\/www.vecol.com.co\/en\/product\/doragan\/","og_site_name":"VECOL","article_publisher":"https:\/\/www.facebook.com\/vecolveterinaria","article_modified_time":"2025-01-31T18:29:37+00:00","og_image":[{"width":1920,"height":1920,"url":"https:\/\/www.vecol.com.co\/wp-content\/uploads\/2020\/06\/DORAGAN.jpg","type":"image\/jpeg"}],"twitter_card":"summary_large_image","twitter_site":"@VecolColombia","twitter_misc":{"Est. reading time":"2 minutes"},"schema":{"@context":"https:\/\/schema.org","@graph":[{"@type":"WebPage","@id":"https:\/\/www.vecol.com.co\/producto\/doragan\/","url":"https:\/\/www.vecol.com.co\/producto\/doragan\/","name":"Dorag\u00e1n\u00ae - soluci\u00f3n inyectable est\u00e9ril | VECOL","isPartOf":{"@id":"https:\/\/www.vecol.com.co\/#website"},"primaryImageOfPage":{"@id":"https:\/\/www.vecol.com.co\/producto\/doragan\/#primaryimage"},"image":{"@id":"https:\/\/www.vecol.com.co\/producto\/doragan\/#primaryimage"},"thumbnailUrl":"https:\/\/www.vecol.com.co\/wp-content\/uploads\/2020\/06\/DORAGAN.jpg","datePublished":"2020-06-26T16:43:24+00:00","dateModified":"2025-01-31T18:29:37+00:00","breadcrumb":{"@id":"https:\/\/www.vecol.com.co\/producto\/doragan\/#breadcrumb"},"inLanguage":"en-US","potentialAction":[{"@type":"ReadAction","target":["https:\/\/www.vecol.com.co\/producto\/doragan\/"]}]},{"@type":"ImageObject","inLanguage":"en-US","@id":"https:\/\/www.vecol.com.co\/producto\/doragan\/#primaryimage","url":"https:\/\/www.vecol.com.co\/wp-content\/uploads\/2020\/06\/DORAGAN.jpg","contentUrl":"https:\/\/www.vecol.com.co\/wp-content\/uploads\/2020\/06\/DORAGAN.jpg","width":1920,"height":1920,"caption":"DORAGAN"},{"@type":"BreadcrumbList","@id":"https:\/\/www.vecol.com.co\/producto\/doragan\/#breadcrumb","itemListElement":[{"@type":"ListItem","position":1,"name":"Inicio","item":"https:\/\/www.vecol.com.co\/"},{"@type":"ListItem","position":2,"name":"Productos","item":"https:\/\/www.vecol.com.co\/productos\/"},{"@type":"ListItem","position":3,"name":"Dorag\u00e1n\u00ae"}]},{"@type":"WebSite","@id":"https:\/\/www.vecol.com.co\/#website","url":"https:\/\/www.vecol.com.co\/","name":"VECOL","description":"Colombian Veterinary Products Company","publisher":{"@id":"https:\/\/www.vecol.com.co\/#organization"},"potentialAction":[{"@type":"SearchAction","target":{"@type":"EntryPoint","urlTemplate":"https:\/\/www.vecol.com.co\/?s={search_term_string}"},"query-input":{"@type":"PropertyValueSpecification","valueRequired":true,"valueName":"search_term_string"}}],"inLanguage":"en-US"},{"@type":"Organization","@id":"https:\/\/www.vecol.com.co\/#organization","name":"Colombian Veterinary Products Company","url":"https:\/\/www.vecol.com.co\/","logo":{"@type":"ImageObject","inLanguage":"en-US","@id":"https:\/\/www.vecol.com.co\/#\/schema\/logo\/image\/","url":"https:\/\/www.vecol.com.co\/wp-content\/uploads\/2023\/07\/logoVecol.png","contentUrl":"https:\/\/www.vecol.com.co\/wp-content\/uploads\/2023\/07\/logoVecol.png","width":106,"height":106,"caption":"Empresa Colombiana de Productos Veterinarios"},"image":{"@id":"https:\/\/www.vecol.com.co\/#\/schema\/logo\/image\/"},"sameAs":["https:\/\/www.facebook.com\/vecolveterinaria","https:\/\/x.com\/VecolColombia"]}]}},"_links":{"self":[{"href":"https:\/\/www.vecol.com.co\/en\/wp-json\/wp\/v2\/product\/1924","targetHints":{"allow":["GET"]}}],"collection":[{"href":"https:\/\/www.vecol.com.co\/en\/wp-json\/wp\/v2\/product"}],"about":[{"href":"https:\/\/www.vecol.com.co\/en\/wp-json\/wp\/v2\/types\/product"}],"wp:featuredmedia":[{"embeddable":true,"href":"https:\/\/www.vecol.com.co\/en\/wp-json\/wp\/v2\/media\/3027"}],"wp:attachment":[{"href":"https:\/\/www.vecol.com.co\/en\/wp-json\/wp\/v2\/media?parent=1924"}],"wp:term":[{"taxonomy":"product_brand","embeddable":true,"href":"https:\/\/www.vecol.com.co\/en\/wp-json\/wp\/v2\/product_brand?post=1924"},{"taxonomy":"product_cat","embeddable":true,"href":"https:\/\/www.vecol.com.co\/en\/wp-json\/wp\/v2\/product_cat?post=1924"},{"taxonomy":"product_tag","embeddable":true,"href":"https:\/\/www.vecol.com.co\/en\/wp-json\/wp\/v2\/product_tag?post=1924"}],"curies":[{"name":"wp","href":"https:\/\/api.w.org\/{rel}","templated":true}]}}