{"id":1912,"date":"2020-06-26T16:27:26","date_gmt":"2020-06-26T16:27:26","guid":{"rendered":"https:\/\/www.vecol.com.co\/?post_type=product&#038;p=1912"},"modified":"2022-04-22T10:07:56","modified_gmt":"2022-04-22T15:07:56","slug":"rayovacuna","status":"publish","type":"product","link":"https:\/\/www.vecol.com.co\/en\/product\/rayovacuna\/","title":{"rendered":"Rayovacuna"},"content":{"rendered":"<table>\n<tbody>\n<tr>\n<td width=\"141\">\n<p style=\"text-align: justify;\"><strong>DESCRIPCI\u00d3N<\/strong><\/p>\n<\/td>\n<td style=\"text-align: justify;\" width=\"447\">Es una suspensi\u00f3n de esporos vivos atenuados de <em>Bacillus anthracis<\/em>, Cepa Sterne F-34, cultivada por fermentaci\u00f3n.<\/td>\n<\/tr>\n<tr style=\"text-align: justify;\">\n<td width=\"141\"><strong>INDICACIONES<\/strong><\/td>\n<td width=\"447\">\n<p style=\"text-align: justify;\">Vacuna para la inmunizaci\u00f3n activa de bovinos, equinos, ovinos y porcinos sanos de 6 meses en adelante contra el carb\u00f3n bacteridiano, \u00e1ntrax o \u201cPeste Rayo\u201d.<\/p>\n<\/td>\n<\/tr>\n<tr style=\"text-align: justify;\">\n<td width=\"141\"><strong>DOSIS Y V\u00cdA DE ADMINISTRACI\u00d3N:\u00a0<\/strong><\/td>\n<td width=\"447\">\n<p style=\"text-align: justify;\"><strong>Bovinos:<\/strong> aplicar 2 ml por v\u00eda subcut\u00e1nea en la tabla del cuello.<\/p>\n<p style=\"text-align: justify;\"><strong>Equinos y ovinos:<\/strong> aplicar 1 ml en la tabla del cuello.<\/p>\n<p style=\"text-align: justify;\"><strong>Porcinos:<\/strong> aplicar 1 ml en la parte posterior o base de la oreja.<\/p>\n<p style=\"text-align: justify;\">Revacunaci\u00f3n anual.<\/p>\n<\/td>\n<\/tr>\n<tr style=\"text-align: justify;\">\n<td width=\"141\"><strong>ADVERTENCIA<\/strong><\/td>\n<td width=\"447\">\n<p style=\"text-align: justify;\">Por ser un biol\u00f3gico, pueden aparecer individuos al\u00e9rgicos al mismo. Se recomienda disponer de un botiqu\u00edn de emergencias conteniendo: un antihistam\u00ednico (ALERVEC<sup>\u00ae<\/sup>), un antiinflamatorio (FLUNIXINA) y un broncodilatador.<\/p>\n<\/td>\n<\/tr>\n<tr style=\"text-align: justify;\">\n<td width=\"141\"><strong>PRECAUCIONES<\/strong><\/td>\n<td width=\"447\">\n<p style=\"text-align: justify;\">No usar desinfectantes en el sitio de aplicaci\u00f3n.<\/p>\n<p style=\"text-align: justify;\">Conservar y transportar refrigerado (entre 2\u00b0C y 8\u00b0C). No congelar<\/p>\n<p style=\"text-align: justify;\">Mant\u00e9ngase fuera del alance de los ni\u00f1os y animales dom\u00e9sticos<\/p>\n<p style=\"text-align: justify;\">Utilice una aguja est\u00e9ril por cada animal a vacunar<\/p>\n<\/td>\n<\/tr>\n<tr style=\"text-align: justify;\">\n<td width=\"141\"><strong>PRESENTACI\u00d3N:\u00a0<\/strong><\/td>\n<td width=\"447\">Frascos por 25 y 50 dosis.<\/td>\n<\/tr>\n<tr style=\"text-align: justify;\">\n<td width=\"141\"><strong>REGISTRO ICA N\u00b0.<\/strong><\/td>\n<td width=\"447\"><strong>570 DB<\/strong><\/td>\n<\/tr>\n<\/tbody>\n<\/table>","protected":false},"excerpt":{"rendered":"<p style=\"text-align: justify;\">Es una suspensi\u00f3n de esporos vivos atenuados de <em>Bacillus anthracis<\/em>, Cepa Sterne F-34, cultivada por fermentaci\u00f3n.<\/p>","protected":false},"featured_media":3047,"template":"","meta":{"_acf_changed":false,"site-sidebar-layout":"default","site-content-layout":"default","ast-site-content-layout":"default","site-content-style":"default","site-sidebar-style":"default","ast-global-header-display":"","ast-banner-title-visibility":"","ast-main-header-display":"","ast-hfb-above-header-display":"","ast-hfb-below-header-display":"","ast-hfb-mobile-header-display":"","site-post-title":"","ast-breadcrumbs-content":"","ast-featured-img":"","footer-sml-layout":"","ast-disable-related-posts":"","theme-transparent-header-meta":"default","adv-header-id-meta":"","stick-header-meta":"","header-above-stick-meta":"","header-main-stick-meta":"","header-below-stick-meta":"","astra-migrate-meta-layouts":"default","ast-page-background-enabled":"default","ast-page-background-meta":{"desktop":{"background-color":"","background-image":"","background-repeat":"repeat","background-position":"center center","background-size":"auto","background-attachment":"scroll","background-type":"","background-media":"","overlay-type":"","overlay-color":"","overlay-opacity":"","overlay-gradient":""},"tablet":{"background-color":"","background-image":"","background-repeat":"repeat","background-position":"center center","background-size":"auto","background-attachment":"scroll","background-type":"","background-media":"","overlay-type":"","overlay-color":"","overlay-opacity":"","overlay-gradient":""},"mobile":{"background-color":"","background-image":"","background-repeat":"repeat","background-position":"center center","background-size":"auto","background-attachment":"scroll","background-type":"","background-media":"","overlay-type":"","overlay-color":"","overlay-opacity":"","overlay-gradient":""}},"ast-content-background-meta":{"desktop":{"background-color":"var(--ast-global-color-5)","background-image":"","background-repeat":"repeat","background-position":"center center","background-size":"auto","background-attachment":"scroll","background-type":"","background-media":"","overlay-type":"","overlay-color":"","overlay-opacity":"","overlay-gradient":""},"tablet":{"background-color":"var(--ast-global-color-5)","background-image":"","background-repeat":"repeat","background-position":"center center","background-size":"auto","background-attachment":"scroll","background-type":"","background-media":"","overlay-type":"","overlay-color":"","overlay-opacity":"","overlay-gradient":""},"mobile":{"background-color":"var(--ast-global-color-5)","background-image":"","background-repeat":"repeat","background-position":"center center","background-size":"auto","background-attachment":"scroll","background-type":"","background-media":"","overlay-type":"","overlay-color":"","overlay-opacity":"","overlay-gradient":""}}},"product_brand":[],"product_cat":[17,38],"product_tag":[],"class_list":{"0":"post-1912","1":"product","2":"type-product","3":"status-publish","4":"has-post-thumbnail","6":"product_cat-animales-de-produccion","7":"product_cat-vacunas","8":"desktop-align-left","9":"tablet-align-left","10":"mobile-align-left","12":"first","13":"instock","14":"shipping-taxable","15":"product-type-simple"},"acf":[],"yoast_head":"<!-- This site is optimized with the Yoast SEO plugin v27.3 - https:\/\/yoast.com\/product\/yoast-seo-wordpress\/ -->\n<title>Rayovacuna - VECOL<\/title>\n<meta name=\"robots\" content=\"index, follow, max-snippet:-1, max-image-preview:large, max-video-preview:-1\" \/>\n<link rel=\"canonical\" href=\"https:\/\/www.vecol.com.co\/en\/product\/rayovacuna\/\" \/>\n<meta property=\"og:locale\" content=\"en_US\" \/>\n<meta property=\"og:type\" content=\"article\" \/>\n<meta property=\"og:title\" content=\"Rayovacuna - VECOL\" \/>\n<meta property=\"og:description\" content=\"Es una suspensi\u00f3n de esporos vivos atenuados de Bacillus anthracis, Cepa Sterne F-34, cultivada por fermentaci\u00f3n.\" \/>\n<meta property=\"og:url\" content=\"https:\/\/www.vecol.com.co\/en\/product\/rayovacuna\/\" \/>\n<meta property=\"og:site_name\" content=\"VECOL\" \/>\n<meta property=\"article:publisher\" content=\"https:\/\/www.facebook.com\/vecolveterinaria\" \/>\n<meta property=\"article:modified_time\" content=\"2022-04-22T15:07:56+00:00\" \/>\n<meta property=\"og:image\" content=\"https:\/\/www.vecol.com.co\/wp-content\/uploads\/2020\/06\/RAYOVACUNA-50-DOSIS.jpg\" \/>\n\t<meta property=\"og:image:width\" content=\"1920\" \/>\n\t<meta property=\"og:image:height\" content=\"1920\" \/>\n\t<meta property=\"og:image:type\" content=\"image\/jpeg\" \/>\n<meta name=\"twitter:card\" content=\"summary_large_image\" \/>\n<meta name=\"twitter:site\" content=\"@VecolColombia\" \/>\n<meta name=\"twitter:label1\" content=\"Est. reading time\" \/>\n\t<meta name=\"twitter:data1\" content=\"1 minute\" \/>\n<script type=\"application\/ld+json\" class=\"yoast-schema-graph\">{\"@context\":\"https:\\\/\\\/schema.org\",\"@graph\":[{\"@type\":\"WebPage\",\"@id\":\"https:\\\/\\\/www.vecol.com.co\\\/producto\\\/rayovacuna\\\/\",\"url\":\"https:\\\/\\\/www.vecol.com.co\\\/producto\\\/rayovacuna\\\/\",\"name\":\"Rayovacuna - VECOL\",\"isPartOf\":{\"@id\":\"https:\\\/\\\/www.vecol.com.co\\\/#website\"},\"primaryImageOfPage\":{\"@id\":\"https:\\\/\\\/www.vecol.com.co\\\/producto\\\/rayovacuna\\\/#primaryimage\"},\"image\":{\"@id\":\"https:\\\/\\\/www.vecol.com.co\\\/producto\\\/rayovacuna\\\/#primaryimage\"},\"thumbnailUrl\":\"https:\\\/\\\/www.vecol.com.co\\\/wp-content\\\/uploads\\\/2020\\\/06\\\/RAYOVACUNA-50-DOSIS.jpg\",\"datePublished\":\"2020-06-26T16:27:26+00:00\",\"dateModified\":\"2022-04-22T15:07:56+00:00\",\"breadcrumb\":{\"@id\":\"https:\\\/\\\/www.vecol.com.co\\\/producto\\\/rayovacuna\\\/#breadcrumb\"},\"inLanguage\":\"en-US\",\"potentialAction\":[{\"@type\":\"ReadAction\",\"target\":[\"https:\\\/\\\/www.vecol.com.co\\\/producto\\\/rayovacuna\\\/\"]}]},{\"@type\":\"ImageObject\",\"inLanguage\":\"en-US\",\"@id\":\"https:\\\/\\\/www.vecol.com.co\\\/producto\\\/rayovacuna\\\/#primaryimage\",\"url\":\"https:\\\/\\\/www.vecol.com.co\\\/wp-content\\\/uploads\\\/2020\\\/06\\\/RAYOVACUNA-50-DOSIS.jpg\",\"contentUrl\":\"https:\\\/\\\/www.vecol.com.co\\\/wp-content\\\/uploads\\\/2020\\\/06\\\/RAYOVACUNA-50-DOSIS.jpg\",\"width\":1920,\"height\":1920,\"caption\":\"RAYOVACUNA 50 DOSIS\"},{\"@type\":\"BreadcrumbList\",\"@id\":\"https:\\\/\\\/www.vecol.com.co\\\/producto\\\/rayovacuna\\\/#breadcrumb\",\"itemListElement\":[{\"@type\":\"ListItem\",\"position\":1,\"name\":\"Inicio\",\"item\":\"https:\\\/\\\/www.vecol.com.co\\\/\"},{\"@type\":\"ListItem\",\"position\":2,\"name\":\"Productos\",\"item\":\"https:\\\/\\\/www.vecol.com.co\\\/productos\\\/\"},{\"@type\":\"ListItem\",\"position\":3,\"name\":\"Rayovacuna\"}]},{\"@type\":\"WebSite\",\"@id\":\"https:\\\/\\\/www.vecol.com.co\\\/#website\",\"url\":\"https:\\\/\\\/www.vecol.com.co\\\/\",\"name\":\"VECOL\",\"description\":\"Empresa Colombiana de Productos Veterinarios\",\"publisher\":{\"@id\":\"https:\\\/\\\/www.vecol.com.co\\\/#organization\"},\"potentialAction\":[{\"@type\":\"SearchAction\",\"target\":{\"@type\":\"EntryPoint\",\"urlTemplate\":\"https:\\\/\\\/www.vecol.com.co\\\/?s={search_term_string}\"},\"query-input\":{\"@type\":\"PropertyValueSpecification\",\"valueRequired\":true,\"valueName\":\"search_term_string\"}}],\"inLanguage\":\"en-US\"},{\"@type\":\"Organization\",\"@id\":\"https:\\\/\\\/www.vecol.com.co\\\/#organization\",\"name\":\"Empresa Colombiana de Productos Veterinarios\",\"url\":\"https:\\\/\\\/www.vecol.com.co\\\/\",\"logo\":{\"@type\":\"ImageObject\",\"inLanguage\":\"en-US\",\"@id\":\"https:\\\/\\\/www.vecol.com.co\\\/#\\\/schema\\\/logo\\\/image\\\/\",\"url\":\"https:\\\/\\\/www.vecol.com.co\\\/wp-content\\\/uploads\\\/2023\\\/07\\\/logoVecol.png\",\"contentUrl\":\"https:\\\/\\\/www.vecol.com.co\\\/wp-content\\\/uploads\\\/2023\\\/07\\\/logoVecol.png\",\"width\":106,\"height\":106,\"caption\":\"Empresa Colombiana de Productos Veterinarios\"},\"image\":{\"@id\":\"https:\\\/\\\/www.vecol.com.co\\\/#\\\/schema\\\/logo\\\/image\\\/\"},\"sameAs\":[\"https:\\\/\\\/www.facebook.com\\\/vecolveterinaria\",\"https:\\\/\\\/x.com\\\/VecolColombia\"]}]}<\/script>\n<!-- \/ Yoast SEO plugin. -->","yoast_head_json":{"title":"Rayovacuna - VECOL","robots":{"index":"index","follow":"follow","max-snippet":"max-snippet:-1","max-image-preview":"max-image-preview:large","max-video-preview":"max-video-preview:-1"},"canonical":"https:\/\/www.vecol.com.co\/en\/product\/rayovacuna\/","og_locale":"en_US","og_type":"article","og_title":"Rayovacuna - VECOL","og_description":"Es una suspensi\u00f3n de esporos vivos atenuados de Bacillus anthracis, Cepa Sterne F-34, cultivada por fermentaci\u00f3n.","og_url":"https:\/\/www.vecol.com.co\/en\/product\/rayovacuna\/","og_site_name":"VECOL","article_publisher":"https:\/\/www.facebook.com\/vecolveterinaria","article_modified_time":"2022-04-22T15:07:56+00:00","og_image":[{"width":1920,"height":1920,"url":"https:\/\/www.vecol.com.co\/wp-content\/uploads\/2020\/06\/RAYOVACUNA-50-DOSIS.jpg","type":"image\/jpeg"}],"twitter_card":"summary_large_image","twitter_site":"@VecolColombia","twitter_misc":{"Est. reading time":"1 minute"},"schema":{"@context":"https:\/\/schema.org","@graph":[{"@type":"WebPage","@id":"https:\/\/www.vecol.com.co\/producto\/rayovacuna\/","url":"https:\/\/www.vecol.com.co\/producto\/rayovacuna\/","name":"Rayovacuna - VECOL","isPartOf":{"@id":"https:\/\/www.vecol.com.co\/#website"},"primaryImageOfPage":{"@id":"https:\/\/www.vecol.com.co\/producto\/rayovacuna\/#primaryimage"},"image":{"@id":"https:\/\/www.vecol.com.co\/producto\/rayovacuna\/#primaryimage"},"thumbnailUrl":"https:\/\/www.vecol.com.co\/wp-content\/uploads\/2020\/06\/RAYOVACUNA-50-DOSIS.jpg","datePublished":"2020-06-26T16:27:26+00:00","dateModified":"2022-04-22T15:07:56+00:00","breadcrumb":{"@id":"https:\/\/www.vecol.com.co\/producto\/rayovacuna\/#breadcrumb"},"inLanguage":"en-US","potentialAction":[{"@type":"ReadAction","target":["https:\/\/www.vecol.com.co\/producto\/rayovacuna\/"]}]},{"@type":"ImageObject","inLanguage":"en-US","@id":"https:\/\/www.vecol.com.co\/producto\/rayovacuna\/#primaryimage","url":"https:\/\/www.vecol.com.co\/wp-content\/uploads\/2020\/06\/RAYOVACUNA-50-DOSIS.jpg","contentUrl":"https:\/\/www.vecol.com.co\/wp-content\/uploads\/2020\/06\/RAYOVACUNA-50-DOSIS.jpg","width":1920,"height":1920,"caption":"RAYOVACUNA 50 DOSIS"},{"@type":"BreadcrumbList","@id":"https:\/\/www.vecol.com.co\/producto\/rayovacuna\/#breadcrumb","itemListElement":[{"@type":"ListItem","position":1,"name":"Inicio","item":"https:\/\/www.vecol.com.co\/"},{"@type":"ListItem","position":2,"name":"Productos","item":"https:\/\/www.vecol.com.co\/productos\/"},{"@type":"ListItem","position":3,"name":"Rayovacuna"}]},{"@type":"WebSite","@id":"https:\/\/www.vecol.com.co\/#website","url":"https:\/\/www.vecol.com.co\/","name":"VECOL","description":"Colombian Veterinary Products Company","publisher":{"@id":"https:\/\/www.vecol.com.co\/#organization"},"potentialAction":[{"@type":"SearchAction","target":{"@type":"EntryPoint","urlTemplate":"https:\/\/www.vecol.com.co\/?s={search_term_string}"},"query-input":{"@type":"PropertyValueSpecification","valueRequired":true,"valueName":"search_term_string"}}],"inLanguage":"en-US"},{"@type":"Organization","@id":"https:\/\/www.vecol.com.co\/#organization","name":"Colombian Veterinary Products Company","url":"https:\/\/www.vecol.com.co\/","logo":{"@type":"ImageObject","inLanguage":"en-US","@id":"https:\/\/www.vecol.com.co\/#\/schema\/logo\/image\/","url":"https:\/\/www.vecol.com.co\/wp-content\/uploads\/2023\/07\/logoVecol.png","contentUrl":"https:\/\/www.vecol.com.co\/wp-content\/uploads\/2023\/07\/logoVecol.png","width":106,"height":106,"caption":"Empresa Colombiana de Productos Veterinarios"},"image":{"@id":"https:\/\/www.vecol.com.co\/#\/schema\/logo\/image\/"},"sameAs":["https:\/\/www.facebook.com\/vecolveterinaria","https:\/\/x.com\/VecolColombia"]}]}},"_links":{"self":[{"href":"https:\/\/www.vecol.com.co\/en\/wp-json\/wp\/v2\/product\/1912","targetHints":{"allow":["GET"]}}],"collection":[{"href":"https:\/\/www.vecol.com.co\/en\/wp-json\/wp\/v2\/product"}],"about":[{"href":"https:\/\/www.vecol.com.co\/en\/wp-json\/wp\/v2\/types\/product"}],"wp:featuredmedia":[{"embeddable":true,"href":"https:\/\/www.vecol.com.co\/en\/wp-json\/wp\/v2\/media\/3047"}],"wp:attachment":[{"href":"https:\/\/www.vecol.com.co\/en\/wp-json\/wp\/v2\/media?parent=1912"}],"wp:term":[{"taxonomy":"product_brand","embeddable":true,"href":"https:\/\/www.vecol.com.co\/en\/wp-json\/wp\/v2\/product_brand?post=1912"},{"taxonomy":"product_cat","embeddable":true,"href":"https:\/\/www.vecol.com.co\/en\/wp-json\/wp\/v2\/product_cat?post=1912"},{"taxonomy":"product_tag","embeddable":true,"href":"https:\/\/www.vecol.com.co\/en\/wp-json\/wp\/v2\/product_tag?post=1912"}],"curies":[{"name":"wp","href":"https:\/\/api.w.org\/{rel}","templated":true}]}}