{"id":1908,"date":"2020-06-26T16:21:19","date_gmt":"2020-06-26T16:21:19","guid":{"rendered":"https:\/\/www.vecol.com.co\/?post_type=product&#038;p=1908"},"modified":"2023-11-30T14:39:11","modified_gmt":"2023-11-30T19:39:11","slug":"suspension-oleosa-bivalente-del-virus-de-la-estomatitis-vesicular","status":"publish","type":"product","link":"https:\/\/www.vecol.com.co\/en\/product\/suspension-oleosa-bivalente-del-virus-de-la-estomatitis-vesicular\/","title":{"rendered":"Vacuna Estomatitis"},"content":{"rendered":"<table>\n<tbody>\n<tr>\n<td style=\"text-align: left;\" width=\"141\"><strong>DESCRIPCI\u00d3N<\/strong><\/td>\n<td width=\"447\">Suspensi\u00f3n oleosa bivalente del virus de la estomatitis vesicular elaborada con los serotipos Indiana y New Jersey, producida en la planta NSB3A de VECOL S.A que cumple normas internacionales de bioseguridad y cuenta con tecnolog\u00eda de punta de reconocimiento a nivel latinoamericano.<\/td>\n<\/tr>\n<tr>\n<td style=\"text-align: left;\" width=\"141\"><strong>INDICACIONES<\/strong><\/td>\n<td width=\"447\">Vacuna inactivada para la inmunizaci\u00f3n activa de bovinos y porcinos en buen estado de salud contra la estomatitis vesicular.<\/p>\n<p><strong>Porcinos: <\/strong>Lechones hijos de madres no vacunadas, Lechones hijos de madres vacunadas, Hembras de reposici\u00f3n (nul\u00edparas), Hembras mult\u00edparas y Machos en edad de crianza.<\/p>\n<p><strong>Bovinos: <\/strong>Ternero(a)s desde los 3 meses de edad.<\/td>\n<\/tr>\n<tr>\n<td style=\"text-align: left;\" width=\"141\"><strong>COMPOSICI\u00d3N<\/strong><\/td>\n<td width=\"447\">Cada 5 mL de emulsi\u00f3n inactivada contiene:<\/p>\n<p>Virus Estomatitis Vesicular serotipo New Jersey &gt;= 10 <sup>6.5<\/sup> DICT50<\/p>\n<p>Virus Estomatitis Vesicular serotipo Indiana &gt;= 10 <sup>9.0<\/sup> DICT50<\/p>\n<p>Adyuvante oleoso Excipientes c.s.p 5 mL<\/td>\n<\/tr>\n<tr>\n<td style=\"text-align: left;\" width=\"141\"><strong>DOSIS Y V\u00cdA DE ADMINISTRACI\u00d3N BOVINOS<\/strong><\/td>\n<td width=\"447\">Agitar y aplicar 5mL por v\u00eda intramuscular o subcut\u00e1nea. Revacunar cada 6 meses.<\/td>\n<\/tr>\n<tr>\n<td style=\"text-align: left;\" width=\"141\"><strong>DOSIS Y V\u00cdA DE ADMINISTRACI\u00d3N PORCINOS<\/strong><\/td>\n<td width=\"447\"><strong>Dosis:\u00a0<\/strong> 2,5 mL por v\u00eda Intramuscular (IM) en la tabla del cuello<\/p>\n<p><strong>V\u00eda de administraci\u00f3n para los diferentes grupos etarios:<\/strong><\/p>\n<p><strong>Lechones hijos de madres no vacunadas.<\/strong><br \/>\n<strong>\u00a0 \u00a0 Primovacunaci\u00f3n:\u00a0 <\/strong>Post-destete entre 21-28 d\u00edas de vida<br \/>\n<strong>\u00a0 \u00a0 Revacunaci\u00f3n:\u00a0 <\/strong>14 d\u00edas despu\u00e9s de la primovacunaci\u00f3n<br \/>\n<strong>Lechones hijos de madres vacunadas.<\/strong><br \/>\n<strong>\u00a0 \u00a0 Primovacunaci\u00f3n:\u00a0 <\/strong>Post-destete entre 28-30 d\u00edas de vida<br \/>\n<strong>\u00a0 \u00a0 Revacunaci\u00f3n:\u00a0 <\/strong>No realizar revacunaci\u00f3n<br \/>\n<strong>Hembras nul\u00edparas.<\/strong><br \/>\n<strong>\u00a0 \u00a0 Primovacunaci\u00f3n:\u00a0 <\/strong>Antes del primer celo y\/o primera inseminaci\u00f3n artificial o monta natural<br \/>\n<strong>\u00a0 \u00a0 Revacunaci\u00f3n:\u00a0 <\/strong>En cada ciclo reproductivo al inicio del intervalo destete-cubrici\u00f3n<br \/>\n<strong>Hembras mult\u00edparas.<\/strong><br \/>\n<strong>\u00a0 \u00a0 Primovacunaci\u00f3n:\u00a0 <\/strong>En el inicio del intervalo destete-cubrici\u00f3n del ciclo reproductivo<br \/>\n<strong>\u00a0 \u00a0 Revacunaci\u00f3n:\u00a0 <\/strong>En cada ciclo reproductivo al inicio del intervalo destete-cubrici\u00f3n<br \/>\n<strong>Machos de crianza.<\/strong><br \/>\n<strong>\u00a0 \u00a0 Primovacunaci\u00f3n:\u00a0 <\/strong>Post-destete entre 21-28 d\u00edas de vida<br \/>\n<strong>\u00a0 \u00a0 Revacunaci\u00f3n:\u00a0 <\/strong>14 d\u00edas despu\u00e9s de la primovacunaci\u00f3n y revacunaci\u00f3n anual<\/td>\n<\/tr>\n<tr>\n<td style=\"text-align: left;\" width=\"141\"><strong>PRECAUCIONES Y ALMACENAMIENTO<\/strong><\/td>\n<td width=\"447\"><strong>Precauci\u00f3n:<\/strong><\/p>\n<p>Como sucede en otras vacunaciones, en animales susceptibles pueden presentarse reacciones anafil\u00e1cticas despu\u00e9s de su uso; se recomienda una terapia de soporte apropiada.<\/p>\n<ul>\n<li>Mant\u00e9ngase refrigerada entre 2\u00baC \u2013 8\u00baC<\/li>\n<li>No congelar<\/li>\n<li>Ag\u00edtese antes de usar<\/li>\n<li>Pueden presentarse reacciones anafil\u00e1cticas despu\u00e9s de su uso<\/li>\n<li>No aplique en animales enfermos o desnutridos<\/li>\n<li>Utilice aguja est\u00e9ril por cada animal a vacunar<\/li>\n<li>Evite el uso de desinfectantes en las agujas y en el sitio de aplicaci\u00f3n<\/li>\n<li>Venta bajo f\u00f3rmula del M\u00e9dico Veterinario<\/li>\n<li>Mant\u00e9ngase fuera del alcance de los ni\u00f1os y animales dom\u00e9sticos<\/li>\n<li><span style=\"font-size: 16px; font-family: inherit;\">USO VETERINARIO<\/span><\/li>\n<\/ul>\n<p><strong>Seguridad:<\/strong><\/p>\n<p><strong>Porcinos:<\/strong> Estudios realizados en lechones hijos de madres vacunadas y no vacunadas, hembras nul\u00edparas y mult\u00edparas, machos en edad de crianza demostraron que la vacuna es segura e inocua dado que:<\/p>\n<ul>\n<li>En los estudios realizados no se observaron reacciones adversas locales y sist\u00e9micas asociadas a la administraci\u00f3n de la vacuna (no afect\u00f3 el crecimiento y el desarrollo de los animales, ni produjo un cuadro febril).<\/li>\n<li>La administraci\u00f3n de la vacuna no afecta a los gl\u00f3bulos rojos presentes en el torrente sangu\u00edneo.<\/li>\n<li>La administraci\u00f3n de la vacuna no desencadena ninguna reacci\u00f3n al\u00e9rgica subyacente en los animales, evaluada en la evoluci\u00f3n eosinof\u00edlica y basof\u00edlica.<\/li>\n<li>La administraci\u00f3n de la vacuna no afecta a la capacidad de coagulaci\u00f3n de los animales.<\/li>\n<li>Durante la administraci\u00f3n de la vacuna no se observaron n\u00f3dulos palpables en el punto de inoculaci\u00f3n, gener\u00e1ndose una resorci\u00f3n macrosc\u00f3pica completa. As\u00ed mismo, no se han encontrado lesiones macrosc\u00f3picas significativas en los grupos en estudio en las inspecciones de matadero.<\/li>\n<li>Despu\u00e9s de la administraci\u00f3n de la vacuna podr\u00eda presentarse reacciones de hipersensibilidad individual en animales susceptibles.<\/li>\n<\/ul>\n<p><strong>Duraci\u00f3n de la inmunidad en porcinos:<\/strong><\/p>\n<ul>\n<li>Lechones hijos de madres no vacunadas: Estudios realizados con la vacuna de estomatitis demostraron que la respuesta inmune contra los ep\u00edtopos inmunizantes de larga duraci\u00f3n no descendi\u00f3 tras 116 d\u00edas post-administraci\u00f3n (143 d\u00edas de vida), consider\u00e1ndose m\u00e1s que suficiente para proteger a los animales a lo largo de todo el ciclo productivo de los cerdos industriales.<\/li>\n<li>Lechones hijos de madres vacunadas: Detecci\u00f3n de anticuerpos tomados por calostro (transferencia pasiva de madres vacunadas) entre los 30 a 60 d\u00edas de edad. Despu\u00e9s de la primovacunaci\u00f3n (60 d\u00edas de edad), se observ\u00f3 seroconversi\u00f3n positiva y neutralizante sin interferencia de anticuerpos calostrales en una concentraci\u00f3n suficiente para proteger al lactante (90 d\u00edas de edad).<\/li>\n<li>Hembras nul\u00edparas y mult\u00edparas: Seroconversi\u00f3n positiva a partir de los 30 d\u00edas de vacunaci\u00f3n y mantenimiento de su respuesta hasta la mitad-final del segundo ciclo reproductivo (260-388 d\u00edas post-inoculaci\u00f3n). En los estudios realizados se observ\u00f3 que la vacuna no interfiere con la capacidad reproductiva.<\/li>\n<\/ul>\n<\/td>\n<\/tr>\n<tr>\n<td width=\"141\"><strong>ADVERTENCIA<\/strong><\/td>\n<td width=\"447\">Por ser un biol\u00f3gico, pueden aparecer individuos al\u00e9rgicos al mismo. Se recomienda disponer de un botiqu\u00edn de emergencias conteniendo: un antihistam\u00ednico (ALERVEC), un antiinflamatorio (FLUNIXINA) y un broncodilatador.<\/td>\n<\/tr>\n<tr>\n<td style=\"text-align: left;\" width=\"141\"><strong>ESPECIES DE DESTINO<\/strong><\/td>\n<td width=\"447\">Bovinos y porcinos.<\/td>\n<\/tr>\n<tr>\n<td style=\"text-align: left;\" width=\"141\"><strong>PRESENTACI\u00d3N<\/strong><\/td>\n<td width=\"447\">\n<ul>\n<li>Frasco x 25 ml (5 dosis Bovinos, 10 dosis Porcinos)<\/li>\n<li>Frasco X 50 ml (10 dosis Bovinos, 20 dosis Porcinos)<\/li>\n<li>Frasco X 100 ml (20 dosis Bovinos, 40 dosis Porcinos)<\/li>\n<li>Frasco X 200 ml (40 dosis Bovinos, 80 dosis Porcinos)<\/li>\n<li>Frasco X 250 ml (50 dosis Bovinos, 100 dosis Porcinos)<\/li>\n<\/ul>\n<\/td>\n<\/tr>\n<tr>\n<td style=\"text-align: left;\" width=\"141\"><strong>REGISTRO ICA<\/strong><\/td>\n<td style=\"text-align: left;\" width=\"447\"><strong>3893-DB<\/strong><\/td>\n<\/tr>\n<\/tbody>\n<\/table>","protected":false},"excerpt":{"rendered":"<p style=\"text-align: justify;\">Suspensi\u00f3n oleosa bivalente del virus de la estomatitis vesicular elaborada con los serotipos Indiana y New Jersey, producida en la planta NSB3A de VECOL S.A que cumple normas internacionales de bioseguridad y cuenta con tecnolog\u00eda de punta de reconocimiento a nivel latinoamericano.<\/p>\n<p><a href=\"https:\/\/www.vecol.com.co\/wp-content\/uploads\/2020\/06\/EIVE_especie_porcina18052023_web.pdf\" target=\"_blank\" rel=\"noopener\">Inocuidad y din\u00e1mica de inmunizaci\u00f3n de la vacuna de estomatitis vesicular producida por VECOL S.A. para su uso en porcinos.<\/a><\/p>\n<h6><a href=\"https:\/\/www.vecol.com.co\/wp-content\/uploads\/2020\/06\/Tarjeton-aprobado-ICA-Vacuna-Estomatitis.pdf\">Tarjet\u00f3n aprobado ICA Vacuna Estomatitis.<\/a><\/h6>","protected":false},"featured_media":8996,"template":"","meta":{"_acf_changed":false,"site-sidebar-layout":"default","site-content-layout":"default","ast-site-content-layout":"default","site-content-style":"default","site-sidebar-style":"default","ast-global-header-display":"","ast-banner-title-visibility":"","ast-main-header-display":"","ast-hfb-above-header-display":"","ast-hfb-below-header-display":"","ast-hfb-mobile-header-display":"","site-post-title":"","ast-breadcrumbs-content":"","ast-featured-img":"","footer-sml-layout":"","ast-disable-related-posts":"","theme-transparent-header-meta":"default","adv-header-id-meta":"","stick-header-meta":"","header-above-stick-meta":"","header-main-stick-meta":"","header-below-stick-meta":"","astra-migrate-meta-layouts":"set","ast-page-background-enabled":"default","ast-page-background-meta":{"desktop":{"background-color":"","background-image":"","background-repeat":"repeat","background-position":"center center","background-size":"auto","background-attachment":"scroll","background-type":"","background-media":"","overlay-type":"","overlay-color":"","overlay-opacity":"","overlay-gradient":""},"tablet":{"background-color":"","background-image":"","background-repeat":"repeat","background-position":"center center","background-size":"auto","background-attachment":"scroll","background-type":"","background-media":"","overlay-type":"","overlay-color":"","overlay-opacity":"","overlay-gradient":""},"mobile":{"background-color":"","background-image":"","background-repeat":"repeat","background-position":"center center","background-size":"auto","background-attachment":"scroll","background-type":"","background-media":"","overlay-type":"","overlay-color":"","overlay-opacity":"","overlay-gradient":""}},"ast-content-background-meta":{"desktop":{"background-color":"var(--ast-global-color-5)","background-image":"","background-repeat":"repeat","background-position":"center center","background-size":"auto","background-attachment":"scroll","background-type":"","background-media":"","overlay-type":"","overlay-color":"","overlay-opacity":"","overlay-gradient":""},"tablet":{"background-color":"var(--ast-global-color-5)","background-image":"","background-repeat":"repeat","background-position":"center center","background-size":"auto","background-attachment":"scroll","background-type":"","background-media":"","overlay-type":"","overlay-color":"","overlay-opacity":"","overlay-gradient":""},"mobile":{"background-color":"var(--ast-global-color-5)","background-image":"","background-repeat":"repeat","background-position":"center center","background-size":"auto","background-attachment":"scroll","background-type":"","background-media":"","overlay-type":"","overlay-color":"","overlay-opacity":"","overlay-gradient":""}}},"product_brand":[],"product_cat":[17,38],"product_tag":[],"class_list":{"0":"post-1908","1":"product","2":"type-product","3":"status-publish","4":"has-post-thumbnail","6":"product_cat-animales-de-produccion","7":"product_cat-vacunas","8":"desktop-align-left","9":"tablet-align-left","10":"mobile-align-left","12":"first","13":"instock","14":"featured","15":"shipping-taxable","16":"product-type-simple"},"acf":[],"yoast_head":"<!-- This site is optimized with the Yoast SEO plugin v27.3 - https:\/\/yoast.com\/product\/yoast-seo-wordpress\/ -->\n<title>Vacuna Estomatitis - VECOL<\/title>\n<meta name=\"description\" content=\"Suspensi\u00f3n oleosa bivalente del virus de la estomatitis vesicular elaborada con los serotipos Indiana y New Jersey, producida en la planta NSB3A de VECOL S.A que cumple normas internacionales de bioseguridad y cuenta con tecnolog\u00eda de punta de reconocimiento a nivel latinoamericano.\" \/>\n<meta name=\"robots\" content=\"index, follow, max-snippet:-1, max-image-preview:large, max-video-preview:-1\" \/>\n<link rel=\"canonical\" href=\"https:\/\/www.vecol.com.co\/en\/product\/suspension-oleosa-bivalente-del-virus-de-la-estomatitis-vesicular\/\" \/>\n<meta property=\"og:locale\" content=\"en_US\" \/>\n<meta property=\"og:type\" content=\"article\" \/>\n<meta property=\"og:title\" content=\"Vacuna Estomatitis - VECOL\" \/>\n<meta property=\"og:description\" content=\"Suspensi\u00f3n oleosa bivalente del virus de la estomatitis vesicular elaborada con los serotipos Indiana y New Jersey, producida en la planta NSB3A de VECOL S.A que cumple normas internacionales de bioseguridad y cuenta con tecnolog\u00eda de punta de reconocimiento a nivel latinoamericano.\" \/>\n<meta property=\"og:url\" content=\"https:\/\/www.vecol.com.co\/en\/product\/suspension-oleosa-bivalente-del-virus-de-la-estomatitis-vesicular\/\" \/>\n<meta property=\"og:site_name\" content=\"VECOL\" \/>\n<meta property=\"article:publisher\" content=\"https:\/\/www.facebook.com\/vecolveterinaria\" \/>\n<meta property=\"article:modified_time\" content=\"2023-11-30T19:39:11+00:00\" \/>\n<meta property=\"og:image\" content=\"https:\/\/www.vecol.com.co\/wp-content\/uploads\/2020\/06\/Vacuna-Estomatitis.png\" \/>\n\t<meta property=\"og:image:width\" content=\"400\" \/>\n\t<meta property=\"og:image:height\" content=\"400\" \/>\n\t<meta property=\"og:image:type\" content=\"image\/png\" \/>\n<meta name=\"twitter:card\" content=\"summary_large_image\" \/>\n<meta name=\"twitter:site\" content=\"@VecolColombia\" \/>\n<meta name=\"twitter:label1\" content=\"Est. reading time\" \/>\n\t<meta name=\"twitter:data1\" content=\"4 minutes\" \/>\n<script type=\"application\/ld+json\" class=\"yoast-schema-graph\">{\"@context\":\"https:\\\/\\\/schema.org\",\"@graph\":[{\"@type\":\"WebPage\",\"@id\":\"https:\\\/\\\/www.vecol.com.co\\\/producto\\\/suspension-oleosa-bivalente-del-virus-de-la-estomatitis-vesicular\\\/\",\"url\":\"https:\\\/\\\/www.vecol.com.co\\\/producto\\\/suspension-oleosa-bivalente-del-virus-de-la-estomatitis-vesicular\\\/\",\"name\":\"Vacuna Estomatitis - VECOL\",\"isPartOf\":{\"@id\":\"https:\\\/\\\/www.vecol.com.co\\\/#website\"},\"primaryImageOfPage\":{\"@id\":\"https:\\\/\\\/www.vecol.com.co\\\/producto\\\/suspension-oleosa-bivalente-del-virus-de-la-estomatitis-vesicular\\\/#primaryimage\"},\"image\":{\"@id\":\"https:\\\/\\\/www.vecol.com.co\\\/producto\\\/suspension-oleosa-bivalente-del-virus-de-la-estomatitis-vesicular\\\/#primaryimage\"},\"thumbnailUrl\":\"https:\\\/\\\/www.vecol.com.co\\\/wp-content\\\/uploads\\\/2020\\\/06\\\/Vacuna-Estomatitis.png\",\"datePublished\":\"2020-06-26T16:21:19+00:00\",\"dateModified\":\"2023-11-30T19:39:11+00:00\",\"description\":\"Suspensi\u00f3n oleosa bivalente del virus de la estomatitis vesicular elaborada con los serotipos Indiana y New Jersey, producida en la planta NSB3A de VECOL S.A que cumple normas internacionales de bioseguridad y cuenta con tecnolog\u00eda de punta de reconocimiento a nivel latinoamericano.\",\"breadcrumb\":{\"@id\":\"https:\\\/\\\/www.vecol.com.co\\\/producto\\\/suspension-oleosa-bivalente-del-virus-de-la-estomatitis-vesicular\\\/#breadcrumb\"},\"inLanguage\":\"en-US\",\"potentialAction\":[{\"@type\":\"ReadAction\",\"target\":[\"https:\\\/\\\/www.vecol.com.co\\\/producto\\\/suspension-oleosa-bivalente-del-virus-de-la-estomatitis-vesicular\\\/\"]}]},{\"@type\":\"ImageObject\",\"inLanguage\":\"en-US\",\"@id\":\"https:\\\/\\\/www.vecol.com.co\\\/producto\\\/suspension-oleosa-bivalente-del-virus-de-la-estomatitis-vesicular\\\/#primaryimage\",\"url\":\"https:\\\/\\\/www.vecol.com.co\\\/wp-content\\\/uploads\\\/2020\\\/06\\\/Vacuna-Estomatitis.png\",\"contentUrl\":\"https:\\\/\\\/www.vecol.com.co\\\/wp-content\\\/uploads\\\/2020\\\/06\\\/Vacuna-Estomatitis.png\",\"width\":400,\"height\":400,\"caption\":\"Vacuna Estomatitis\"},{\"@type\":\"BreadcrumbList\",\"@id\":\"https:\\\/\\\/www.vecol.com.co\\\/producto\\\/suspension-oleosa-bivalente-del-virus-de-la-estomatitis-vesicular\\\/#breadcrumb\",\"itemListElement\":[{\"@type\":\"ListItem\",\"position\":1,\"name\":\"Inicio\",\"item\":\"https:\\\/\\\/www.vecol.com.co\\\/\"},{\"@type\":\"ListItem\",\"position\":2,\"name\":\"Productos\",\"item\":\"https:\\\/\\\/www.vecol.com.co\\\/productos\\\/\"},{\"@type\":\"ListItem\",\"position\":3,\"name\":\"Vacuna Estomatitis\"}]},{\"@type\":\"WebSite\",\"@id\":\"https:\\\/\\\/www.vecol.com.co\\\/#website\",\"url\":\"https:\\\/\\\/www.vecol.com.co\\\/\",\"name\":\"VECOL\",\"description\":\"Empresa Colombiana de Productos Veterinarios\",\"publisher\":{\"@id\":\"https:\\\/\\\/www.vecol.com.co\\\/#organization\"},\"potentialAction\":[{\"@type\":\"SearchAction\",\"target\":{\"@type\":\"EntryPoint\",\"urlTemplate\":\"https:\\\/\\\/www.vecol.com.co\\\/?s={search_term_string}\"},\"query-input\":{\"@type\":\"PropertyValueSpecification\",\"valueRequired\":true,\"valueName\":\"search_term_string\"}}],\"inLanguage\":\"en-US\"},{\"@type\":\"Organization\",\"@id\":\"https:\\\/\\\/www.vecol.com.co\\\/#organization\",\"name\":\"Empresa Colombiana de Productos Veterinarios\",\"url\":\"https:\\\/\\\/www.vecol.com.co\\\/\",\"logo\":{\"@type\":\"ImageObject\",\"inLanguage\":\"en-US\",\"@id\":\"https:\\\/\\\/www.vecol.com.co\\\/#\\\/schema\\\/logo\\\/image\\\/\",\"url\":\"https:\\\/\\\/www.vecol.com.co\\\/wp-content\\\/uploads\\\/2023\\\/07\\\/logoVecol.png\",\"contentUrl\":\"https:\\\/\\\/www.vecol.com.co\\\/wp-content\\\/uploads\\\/2023\\\/07\\\/logoVecol.png\",\"width\":106,\"height\":106,\"caption\":\"Empresa Colombiana de Productos Veterinarios\"},\"image\":{\"@id\":\"https:\\\/\\\/www.vecol.com.co\\\/#\\\/schema\\\/logo\\\/image\\\/\"},\"sameAs\":[\"https:\\\/\\\/www.facebook.com\\\/vecolveterinaria\",\"https:\\\/\\\/x.com\\\/VecolColombia\"]}]}<\/script>\n<!-- \/ Yoast SEO plugin. -->","yoast_head_json":{"title":"Vacuna Estomatitis - VECOL","description":"Suspensi\u00f3n oleosa bivalente del virus de la estomatitis vesicular elaborada con los serotipos Indiana y New Jersey, producida en la planta NSB3A de VECOL S.A que cumple normas internacionales de bioseguridad y cuenta con tecnolog\u00eda de punta de reconocimiento a nivel latinoamericano.","robots":{"index":"index","follow":"follow","max-snippet":"max-snippet:-1","max-image-preview":"max-image-preview:large","max-video-preview":"max-video-preview:-1"},"canonical":"https:\/\/www.vecol.com.co\/en\/product\/suspension-oleosa-bivalente-del-virus-de-la-estomatitis-vesicular\/","og_locale":"en_US","og_type":"article","og_title":"Vacuna Estomatitis - VECOL","og_description":"Suspensi\u00f3n oleosa bivalente del virus de la estomatitis vesicular elaborada con los serotipos Indiana y New Jersey, producida en la planta NSB3A de VECOL S.A que cumple normas internacionales de bioseguridad y cuenta con tecnolog\u00eda de punta de reconocimiento a nivel latinoamericano.","og_url":"https:\/\/www.vecol.com.co\/en\/product\/suspension-oleosa-bivalente-del-virus-de-la-estomatitis-vesicular\/","og_site_name":"VECOL","article_publisher":"https:\/\/www.facebook.com\/vecolveterinaria","article_modified_time":"2023-11-30T19:39:11+00:00","og_image":[{"width":400,"height":400,"url":"https:\/\/www.vecol.com.co\/wp-content\/uploads\/2020\/06\/Vacuna-Estomatitis.png","type":"image\/png"}],"twitter_card":"summary_large_image","twitter_site":"@VecolColombia","twitter_misc":{"Est. reading time":"4 minutes"},"schema":{"@context":"https:\/\/schema.org","@graph":[{"@type":"WebPage","@id":"https:\/\/www.vecol.com.co\/producto\/suspension-oleosa-bivalente-del-virus-de-la-estomatitis-vesicular\/","url":"https:\/\/www.vecol.com.co\/producto\/suspension-oleosa-bivalente-del-virus-de-la-estomatitis-vesicular\/","name":"Vacuna Estomatitis - VECOL","isPartOf":{"@id":"https:\/\/www.vecol.com.co\/#website"},"primaryImageOfPage":{"@id":"https:\/\/www.vecol.com.co\/producto\/suspension-oleosa-bivalente-del-virus-de-la-estomatitis-vesicular\/#primaryimage"},"image":{"@id":"https:\/\/www.vecol.com.co\/producto\/suspension-oleosa-bivalente-del-virus-de-la-estomatitis-vesicular\/#primaryimage"},"thumbnailUrl":"https:\/\/www.vecol.com.co\/wp-content\/uploads\/2020\/06\/Vacuna-Estomatitis.png","datePublished":"2020-06-26T16:21:19+00:00","dateModified":"2023-11-30T19:39:11+00:00","description":"Suspensi\u00f3n oleosa bivalente del virus de la estomatitis vesicular elaborada con los serotipos Indiana y New Jersey, producida en la planta NSB3A de VECOL S.A que cumple normas internacionales de bioseguridad y cuenta con tecnolog\u00eda de punta de reconocimiento a nivel latinoamericano.","breadcrumb":{"@id":"https:\/\/www.vecol.com.co\/producto\/suspension-oleosa-bivalente-del-virus-de-la-estomatitis-vesicular\/#breadcrumb"},"inLanguage":"en-US","potentialAction":[{"@type":"ReadAction","target":["https:\/\/www.vecol.com.co\/producto\/suspension-oleosa-bivalente-del-virus-de-la-estomatitis-vesicular\/"]}]},{"@type":"ImageObject","inLanguage":"en-US","@id":"https:\/\/www.vecol.com.co\/producto\/suspension-oleosa-bivalente-del-virus-de-la-estomatitis-vesicular\/#primaryimage","url":"https:\/\/www.vecol.com.co\/wp-content\/uploads\/2020\/06\/Vacuna-Estomatitis.png","contentUrl":"https:\/\/www.vecol.com.co\/wp-content\/uploads\/2020\/06\/Vacuna-Estomatitis.png","width":400,"height":400,"caption":"Vacuna Estomatitis"},{"@type":"BreadcrumbList","@id":"https:\/\/www.vecol.com.co\/producto\/suspension-oleosa-bivalente-del-virus-de-la-estomatitis-vesicular\/#breadcrumb","itemListElement":[{"@type":"ListItem","position":1,"name":"Inicio","item":"https:\/\/www.vecol.com.co\/"},{"@type":"ListItem","position":2,"name":"Productos","item":"https:\/\/www.vecol.com.co\/productos\/"},{"@type":"ListItem","position":3,"name":"Vacuna Estomatitis"}]},{"@type":"WebSite","@id":"https:\/\/www.vecol.com.co\/#website","url":"https:\/\/www.vecol.com.co\/","name":"VECOL","description":"Colombian Veterinary Products Company","publisher":{"@id":"https:\/\/www.vecol.com.co\/#organization"},"potentialAction":[{"@type":"SearchAction","target":{"@type":"EntryPoint","urlTemplate":"https:\/\/www.vecol.com.co\/?s={search_term_string}"},"query-input":{"@type":"PropertyValueSpecification","valueRequired":true,"valueName":"search_term_string"}}],"inLanguage":"en-US"},{"@type":"Organization","@id":"https:\/\/www.vecol.com.co\/#organization","name":"Colombian Veterinary Products Company","url":"https:\/\/www.vecol.com.co\/","logo":{"@type":"ImageObject","inLanguage":"en-US","@id":"https:\/\/www.vecol.com.co\/#\/schema\/logo\/image\/","url":"https:\/\/www.vecol.com.co\/wp-content\/uploads\/2023\/07\/logoVecol.png","contentUrl":"https:\/\/www.vecol.com.co\/wp-content\/uploads\/2023\/07\/logoVecol.png","width":106,"height":106,"caption":"Empresa Colombiana de Productos Veterinarios"},"image":{"@id":"https:\/\/www.vecol.com.co\/#\/schema\/logo\/image\/"},"sameAs":["https:\/\/www.facebook.com\/vecolveterinaria","https:\/\/x.com\/VecolColombia"]}]}},"_links":{"self":[{"href":"https:\/\/www.vecol.com.co\/en\/wp-json\/wp\/v2\/product\/1908","targetHints":{"allow":["GET"]}}],"collection":[{"href":"https:\/\/www.vecol.com.co\/en\/wp-json\/wp\/v2\/product"}],"about":[{"href":"https:\/\/www.vecol.com.co\/en\/wp-json\/wp\/v2\/types\/product"}],"wp:featuredmedia":[{"embeddable":true,"href":"https:\/\/www.vecol.com.co\/en\/wp-json\/wp\/v2\/media\/8996"}],"wp:attachment":[{"href":"https:\/\/www.vecol.com.co\/en\/wp-json\/wp\/v2\/media?parent=1908"}],"wp:term":[{"taxonomy":"product_brand","embeddable":true,"href":"https:\/\/www.vecol.com.co\/en\/wp-json\/wp\/v2\/product_brand?post=1908"},{"taxonomy":"product_cat","embeddable":true,"href":"https:\/\/www.vecol.com.co\/en\/wp-json\/wp\/v2\/product_cat?post=1908"},{"taxonomy":"product_tag","embeddable":true,"href":"https:\/\/www.vecol.com.co\/en\/wp-json\/wp\/v2\/product_tag?post=1908"}],"curies":[{"name":"wp","href":"https:\/\/api.w.org\/{rel}","templated":true}]}}