{"id":1900,"date":"2020-06-26T16:14:21","date_gmt":"2020-06-26T16:14:21","guid":{"rendered":"https:\/\/www.vecol.com.co\/?post_type=product&#038;p=1900"},"modified":"2024-12-13T12:06:52","modified_gmt":"2024-12-13T17:06:52","slug":"blindagan","status":"publish","type":"product","link":"https:\/\/www.vecol.com.co\/en\/product\/blindagan\/","title":{"rendered":"Blindag\u00e1n\u00ae"},"content":{"rendered":"<table>\n<tbody>\n<tr>\n<td width=\"141\"><strong>DESCRIPCI\u00d3N<\/strong><\/td>\n<td width=\"447\">\n<p style=\"text-align: justify;\">Es una suspensi\u00f3n inactivada de cultivos virales de IBR (rinotraqueitis infecciosa bovina), DVB (diarrea viral bovina &#8211; citop\u00e1tico y no citop\u00e1tico), Parainfluenza tipo 3 (PI 3), virus respiratorio sincitial bovino (VRSB) y siete serovares de Leptospira (<em>L. pomona, L. icterohaemorrhagiae, L. canicola, L. hardjo, L. tarassovi, L. grippotyphosa, L. bratislava<\/em>), m\u00e1s dos serovares de Campylobacter (<em>fetus y fetus veneralis<\/em>).<\/p>\n<\/td>\n<\/tr>\n<tr>\n<td width=\"141\"><strong>INDICACIONES<\/strong><\/td>\n<td width=\"447\">\n<p style=\"text-align: justify;\">Inmunizaci\u00f3n activa de bovinos sanos contra los problemas reproductivos debidos a la rinotraqueitis infecciosa bovina, diarrea viral bovina, parainfluenza tipo 3, virus sincitial bovino, leptospirosis y campylobacter.<\/p>\n<\/td>\n<\/tr>\n<tr>\n<td width=\"141\"><strong>DOSIS Y V\u00cdA DE ADMINISTRACI\u00d3N:\u00a0<\/strong><\/td>\n<td width=\"447\">\n<p style=\"text-align: justify;\">Aplicar exclusivamente a bovinos sanos 5 ml por v\u00eda subcut\u00e1nea (S.C) en la zona media de la tabla del cuello o en el \u00e1rea pre o pos escapular (delante o detr\u00e1s de la paleta) o en el pliegue de la ra\u00edz de la cola (fosa isquiorrectal &#8211; FIR).<\/p>\n<p style=\"text-align: justify;\">Se recomienda vacunar ternero(a)s sanos desde los 3 meses de edad.<\/p>\n<p style=\"text-align: justify;\">Revacunaci\u00f3n anual 30 d\u00edas antes del servicio<\/p>\n<\/td>\n<\/tr>\n<tr>\n<td width=\"141\"><strong>ESQUEMA DE VACUNACI\u00d3N<\/strong><\/td>\n<td width=\"447\">\n<p style=\"text-align: justify;\"><u>En S\u00e1bana:<\/u> Vacunar todos los animales del hato a partir de los 3 meses de edad, revacunar a los 15-20 d\u00edas a primovacunados y despu\u00e9s anualmente.<\/p>\n<p style=\"text-align: justify;\"><u>Vacunaci\u00f3n estrat\u00e9gica:<\/u> Vacunar \u00fanicamente vacas, novillas y toros: una primera aplicaci\u00f3n a los 60 d\u00edas antes del servicio.<\/p>\n<p>&nbsp;<\/td>\n<\/tr>\n<tr>\n<td width=\"141\"><strong>ADVERTENCIA<\/strong><\/td>\n<td width=\"447\">\n<p style=\"text-align: justify;\">Por ser un producto biol\u00f3gico, pueden aparecer individuos al\u00e9rgicos al mismo. Se recomienda disponer de un botiqu\u00edn de emergencias conteniendo: un antihistam\u00ednico (ALERVEC\u00ae), un antiinflamatorio (FLUNIXINA) y un broncodilatador.<\/p>\n<\/td>\n<\/tr>\n<tr>\n<td width=\"141\"><strong>PRECAUCIONES<\/strong><\/td>\n<td width=\"447\">\n<p style=\"text-align: justify;\">Conservar y transportar refrigerado (entre 2\u00b0C y 8\u00b0C).<\/p>\n<p style=\"text-align: justify;\">No congelar<\/p>\n<p style=\"text-align: justify;\">Mant\u00e9ngase fuera del alcance de los ni\u00f1os y animales dom\u00e9sticos<\/p>\n<p style=\"text-align: justify;\">Utilice una aguja est\u00e9ril por cada animal a vacunar<\/p>\n<p>&nbsp;<\/td>\n<\/tr>\n<tr>\n<td width=\"141\"><strong>PRESENTACI\u00d3N:\u00a0<\/strong><\/td>\n<td width=\"447\">Frascos por 20 y 50 dosis.<\/td>\n<\/tr>\n<tr>\n<td width=\"141\"><strong>REGISTRO ICA N\u00b0.<\/strong><\/td>\n<td width=\"447\"><strong>7905 BV<\/strong><\/td>\n<\/tr>\n<\/tbody>\n<\/table>","protected":false},"excerpt":{"rendered":"<p style=\"text-align: justify;\">Es una suspensi\u00f3n inactivada de cultivos virales de IBR (rinotraqueitis infecciosa bovina), DVB (diarrea viral bovina &#8211; citop\u00e1tico y no citop\u00e1tico), Parainfluenza tipo 3 (PI 3), virus respiratorio sincitial bovino (VRSB) y siete serovares de Leptospira (<em>L. pomona, L. icterohaemorrhagiae, L. canicola, L. hardjo, L. tarassovi, L. grippotyphosa, L. bratislava<\/em>), m\u00e1s dos serovares de Campylobacter (<em>fetus y fetus veneralis<\/em>).<\/p>","protected":false},"featured_media":3086,"template":"","meta":{"_acf_changed":false,"site-sidebar-layout":"default","site-content-layout":"default","ast-site-content-layout":"default","site-content-style":"default","site-sidebar-style":"default","ast-global-header-display":"","ast-banner-title-visibility":"","ast-main-header-display":"","ast-hfb-above-header-display":"","ast-hfb-below-header-display":"","ast-hfb-mobile-header-display":"","site-post-title":"","ast-breadcrumbs-content":"","ast-featured-img":"","footer-sml-layout":"","ast-disable-related-posts":"","theme-transparent-header-meta":"default","adv-header-id-meta":"","stick-header-meta":"","header-above-stick-meta":"","header-main-stick-meta":"","header-below-stick-meta":"","astra-migrate-meta-layouts":"set","ast-page-background-enabled":"default","ast-page-background-meta":{"desktop":{"background-color":"","background-image":"","background-repeat":"repeat","background-position":"center center","background-size":"auto","background-attachment":"scroll","background-type":"","background-media":"","overlay-type":"","overlay-color":"","overlay-opacity":"","overlay-gradient":""},"tablet":{"background-color":"","background-image":"","background-repeat":"repeat","background-position":"center center","background-size":"auto","background-attachment":"scroll","background-type":"","background-media":"","overlay-type":"","overlay-color":"","overlay-opacity":"","overlay-gradient":""},"mobile":{"background-color":"","background-image":"","background-repeat":"repeat","background-position":"center center","background-size":"auto","background-attachment":"scroll","background-type":"","background-media":"","overlay-type":"","overlay-color":"","overlay-opacity":"","overlay-gradient":""}},"ast-content-background-meta":{"desktop":{"background-color":"var(--ast-global-color-5)","background-image":"","background-repeat":"repeat","background-position":"center center","background-size":"auto","background-attachment":"scroll","background-type":"","background-media":"","overlay-type":"","overlay-color":"","overlay-opacity":"","overlay-gradient":""},"tablet":{"background-color":"var(--ast-global-color-5)","background-image":"","background-repeat":"repeat","background-position":"center center","background-size":"auto","background-attachment":"scroll","background-type":"","background-media":"","overlay-type":"","overlay-color":"","overlay-opacity":"","overlay-gradient":""},"mobile":{"background-color":"var(--ast-global-color-5)","background-image":"","background-repeat":"repeat","background-position":"center center","background-size":"auto","background-attachment":"scroll","background-type":"","background-media":"","overlay-type":"","overlay-color":"","overlay-opacity":"","overlay-gradient":""}}},"product_brand":[],"product_cat":[17,38],"product_tag":[],"class_list":{"0":"post-1900","1":"product","2":"type-product","3":"status-publish","4":"has-post-thumbnail","6":"product_cat-animales-de-produccion","7":"product_cat-vacunas","8":"desktop-align-left","9":"tablet-align-left","10":"mobile-align-left","12":"first","13":"instock","14":"shipping-taxable","15":"product-type-simple"},"acf":[],"yoast_head":"<!-- This site is optimized with the Yoast SEO plugin v27.4 - https:\/\/yoast.com\/product\/yoast-seo-wordpress\/ -->\n<title>Blindag\u00e1n\u00ae: suspensi\u00f3n inactivada de cultivos virales | VECOL<\/title>\n<meta name=\"robots\" content=\"index, follow, max-snippet:-1, max-image-preview:large, max-video-preview:-1\" \/>\n<link rel=\"canonical\" href=\"https:\/\/www.vecol.com.co\/en\/product\/blindagan\/\" \/>\n<meta property=\"og:locale\" content=\"en_US\" \/>\n<meta property=\"og:type\" content=\"article\" \/>\n<meta property=\"og:title\" content=\"Blindag\u00e1n\u00ae: suspensi\u00f3n inactivada de cultivos virales | VECOL\" \/>\n<meta property=\"og:description\" content=\"Es una suspensi\u00f3n inactivada de cultivos virales de IBR (rinotraqueitis infecciosa bovina), DVB (diarrea viral bovina - citop\u00e1tico y no citop\u00e1tico), Parainfluenza tipo 3 (PI 3), virus respiratorio sincitial bovino (VRSB) y siete serovares de Leptospira (L. pomona, L. icterohaemorrhagiae, L. canicola, L. hardjo, L. tarassovi, L. grippotyphosa, L. bratislava), m\u00e1s dos serovares de Campylobacter (fetus y fetus veneralis).\" \/>\n<meta property=\"og:url\" content=\"https:\/\/www.vecol.com.co\/en\/product\/blindagan\/\" \/>\n<meta property=\"og:site_name\" content=\"VECOL\" \/>\n<meta property=\"article:publisher\" content=\"https:\/\/www.facebook.com\/vecolveterinaria\" \/>\n<meta property=\"article:modified_time\" content=\"2024-12-13T17:06:52+00:00\" \/>\n<meta property=\"og:image\" content=\"https:\/\/www.vecol.com.co\/wp-content\/uploads\/2020\/06\/BLINDAGAN-50-dosis.jpg\" \/>\n\t<meta property=\"og:image:width\" content=\"1920\" \/>\n\t<meta property=\"og:image:height\" content=\"1920\" \/>\n\t<meta property=\"og:image:type\" content=\"image\/jpeg\" \/>\n<meta name=\"twitter:card\" content=\"summary_large_image\" \/>\n<meta name=\"twitter:site\" content=\"@VecolColombia\" \/>\n<meta name=\"twitter:label1\" content=\"Est. reading time\" \/>\n\t<meta name=\"twitter:data1\" content=\"2 minutes\" \/>\n<script type=\"application\/ld+json\" class=\"yoast-schema-graph\">{\"@context\":\"https:\\\/\\\/schema.org\",\"@graph\":[{\"@type\":\"WebPage\",\"@id\":\"https:\\\/\\\/www.vecol.com.co\\\/producto\\\/blindagan\\\/\",\"url\":\"https:\\\/\\\/www.vecol.com.co\\\/producto\\\/blindagan\\\/\",\"name\":\"Blindag\u00e1n\u00ae: suspensi\u00f3n inactivada de cultivos virales | VECOL\",\"isPartOf\":{\"@id\":\"https:\\\/\\\/www.vecol.com.co\\\/#website\"},\"primaryImageOfPage\":{\"@id\":\"https:\\\/\\\/www.vecol.com.co\\\/producto\\\/blindagan\\\/#primaryimage\"},\"image\":{\"@id\":\"https:\\\/\\\/www.vecol.com.co\\\/producto\\\/blindagan\\\/#primaryimage\"},\"thumbnailUrl\":\"https:\\\/\\\/www.vecol.com.co\\\/wp-content\\\/uploads\\\/2020\\\/06\\\/BLINDAGAN-50-dosis.jpg\",\"datePublished\":\"2020-06-26T16:14:21+00:00\",\"dateModified\":\"2024-12-13T17:06:52+00:00\",\"breadcrumb\":{\"@id\":\"https:\\\/\\\/www.vecol.com.co\\\/producto\\\/blindagan\\\/#breadcrumb\"},\"inLanguage\":\"en-US\",\"potentialAction\":[{\"@type\":\"ReadAction\",\"target\":[\"https:\\\/\\\/www.vecol.com.co\\\/producto\\\/blindagan\\\/\"]}]},{\"@type\":\"ImageObject\",\"inLanguage\":\"en-US\",\"@id\":\"https:\\\/\\\/www.vecol.com.co\\\/producto\\\/blindagan\\\/#primaryimage\",\"url\":\"https:\\\/\\\/www.vecol.com.co\\\/wp-content\\\/uploads\\\/2020\\\/06\\\/BLINDAGAN-50-dosis.jpg\",\"contentUrl\":\"https:\\\/\\\/www.vecol.com.co\\\/wp-content\\\/uploads\\\/2020\\\/06\\\/BLINDAGAN-50-dosis.jpg\",\"width\":1920,\"height\":1920,\"caption\":\"BLINDAGAN 50 dosis\"},{\"@type\":\"BreadcrumbList\",\"@id\":\"https:\\\/\\\/www.vecol.com.co\\\/producto\\\/blindagan\\\/#breadcrumb\",\"itemListElement\":[{\"@type\":\"ListItem\",\"position\":1,\"name\":\"Inicio\",\"item\":\"https:\\\/\\\/www.vecol.com.co\\\/\"},{\"@type\":\"ListItem\",\"position\":2,\"name\":\"Productos\",\"item\":\"https:\\\/\\\/www.vecol.com.co\\\/productos\\\/\"},{\"@type\":\"ListItem\",\"position\":3,\"name\":\"Blindag\u00e1n\u00ae\"}]},{\"@type\":\"WebSite\",\"@id\":\"https:\\\/\\\/www.vecol.com.co\\\/#website\",\"url\":\"https:\\\/\\\/www.vecol.com.co\\\/\",\"name\":\"VECOL\",\"description\":\"Empresa Colombiana de Productos Veterinarios\",\"publisher\":{\"@id\":\"https:\\\/\\\/www.vecol.com.co\\\/#organization\"},\"potentialAction\":[{\"@type\":\"SearchAction\",\"target\":{\"@type\":\"EntryPoint\",\"urlTemplate\":\"https:\\\/\\\/www.vecol.com.co\\\/?s={search_term_string}\"},\"query-input\":{\"@type\":\"PropertyValueSpecification\",\"valueRequired\":true,\"valueName\":\"search_term_string\"}}],\"inLanguage\":\"en-US\"},{\"@type\":\"Organization\",\"@id\":\"https:\\\/\\\/www.vecol.com.co\\\/#organization\",\"name\":\"Empresa Colombiana de Productos Veterinarios\",\"url\":\"https:\\\/\\\/www.vecol.com.co\\\/\",\"logo\":{\"@type\":\"ImageObject\",\"inLanguage\":\"en-US\",\"@id\":\"https:\\\/\\\/www.vecol.com.co\\\/#\\\/schema\\\/logo\\\/image\\\/\",\"url\":\"https:\\\/\\\/www.vecol.com.co\\\/wp-content\\\/uploads\\\/2023\\\/07\\\/logoVecol.png\",\"contentUrl\":\"https:\\\/\\\/www.vecol.com.co\\\/wp-content\\\/uploads\\\/2023\\\/07\\\/logoVecol.png\",\"width\":106,\"height\":106,\"caption\":\"Empresa Colombiana de Productos Veterinarios\"},\"image\":{\"@id\":\"https:\\\/\\\/www.vecol.com.co\\\/#\\\/schema\\\/logo\\\/image\\\/\"},\"sameAs\":[\"https:\\\/\\\/www.facebook.com\\\/vecolveterinaria\",\"https:\\\/\\\/x.com\\\/VecolColombia\"]}]}<\/script>\n<!-- \/ Yoast SEO plugin. -->","yoast_head_json":{"title":"Blindag\u00e1n\u00ae: inactivated suspension of viral cultures | VECOL","robots":{"index":"index","follow":"follow","max-snippet":"max-snippet:-1","max-image-preview":"max-image-preview:large","max-video-preview":"max-video-preview:-1"},"canonical":"https:\/\/www.vecol.com.co\/en\/product\/blindagan\/","og_locale":"en_US","og_type":"article","og_title":"Blindag\u00e1n\u00ae: suspensi\u00f3n inactivada de cultivos virales | VECOL","og_description":"Es una suspensi\u00f3n inactivada de cultivos virales de IBR (rinotraqueitis infecciosa bovina), DVB (diarrea viral bovina - citop\u00e1tico y no citop\u00e1tico), Parainfluenza tipo 3 (PI 3), virus respiratorio sincitial bovino (VRSB) y siete serovares de Leptospira (L. pomona, L. icterohaemorrhagiae, L. canicola, L. hardjo, L. tarassovi, L. grippotyphosa, L. bratislava), m\u00e1s dos serovares de Campylobacter (fetus y fetus veneralis).","og_url":"https:\/\/www.vecol.com.co\/en\/product\/blindagan\/","og_site_name":"VECOL","article_publisher":"https:\/\/www.facebook.com\/vecolveterinaria","article_modified_time":"2024-12-13T17:06:52+00:00","og_image":[{"width":1920,"height":1920,"url":"https:\/\/www.vecol.com.co\/wp-content\/uploads\/2020\/06\/BLINDAGAN-50-dosis.jpg","type":"image\/jpeg"}],"twitter_card":"summary_large_image","twitter_site":"@VecolColombia","twitter_misc":{"Est. reading time":"2 minutes"},"schema":{"@context":"https:\/\/schema.org","@graph":[{"@type":"WebPage","@id":"https:\/\/www.vecol.com.co\/producto\/blindagan\/","url":"https:\/\/www.vecol.com.co\/producto\/blindagan\/","name":"Blindag\u00e1n\u00ae: inactivated suspension of viral cultures | VECOL","isPartOf":{"@id":"https:\/\/www.vecol.com.co\/#website"},"primaryImageOfPage":{"@id":"https:\/\/www.vecol.com.co\/producto\/blindagan\/#primaryimage"},"image":{"@id":"https:\/\/www.vecol.com.co\/producto\/blindagan\/#primaryimage"},"thumbnailUrl":"https:\/\/www.vecol.com.co\/wp-content\/uploads\/2020\/06\/BLINDAGAN-50-dosis.jpg","datePublished":"2020-06-26T16:14:21+00:00","dateModified":"2024-12-13T17:06:52+00:00","breadcrumb":{"@id":"https:\/\/www.vecol.com.co\/producto\/blindagan\/#breadcrumb"},"inLanguage":"en-US","potentialAction":[{"@type":"ReadAction","target":["https:\/\/www.vecol.com.co\/producto\/blindagan\/"]}]},{"@type":"ImageObject","inLanguage":"en-US","@id":"https:\/\/www.vecol.com.co\/producto\/blindagan\/#primaryimage","url":"https:\/\/www.vecol.com.co\/wp-content\/uploads\/2020\/06\/BLINDAGAN-50-dosis.jpg","contentUrl":"https:\/\/www.vecol.com.co\/wp-content\/uploads\/2020\/06\/BLINDAGAN-50-dosis.jpg","width":1920,"height":1920,"caption":"BLINDAGAN 50 dosis"},{"@type":"BreadcrumbList","@id":"https:\/\/www.vecol.com.co\/producto\/blindagan\/#breadcrumb","itemListElement":[{"@type":"ListItem","position":1,"name":"Inicio","item":"https:\/\/www.vecol.com.co\/"},{"@type":"ListItem","position":2,"name":"Productos","item":"https:\/\/www.vecol.com.co\/productos\/"},{"@type":"ListItem","position":3,"name":"Blindag\u00e1n\u00ae"}]},{"@type":"WebSite","@id":"https:\/\/www.vecol.com.co\/#website","url":"https:\/\/www.vecol.com.co\/","name":"VECOL","description":"Colombian Veterinary Products Company","publisher":{"@id":"https:\/\/www.vecol.com.co\/#organization"},"potentialAction":[{"@type":"SearchAction","target":{"@type":"EntryPoint","urlTemplate":"https:\/\/www.vecol.com.co\/?s={search_term_string}"},"query-input":{"@type":"PropertyValueSpecification","valueRequired":true,"valueName":"search_term_string"}}],"inLanguage":"en-US"},{"@type":"Organization","@id":"https:\/\/www.vecol.com.co\/#organization","name":"Colombian Veterinary Products Company","url":"https:\/\/www.vecol.com.co\/","logo":{"@type":"ImageObject","inLanguage":"en-US","@id":"https:\/\/www.vecol.com.co\/#\/schema\/logo\/image\/","url":"https:\/\/www.vecol.com.co\/wp-content\/uploads\/2023\/07\/logoVecol.png","contentUrl":"https:\/\/www.vecol.com.co\/wp-content\/uploads\/2023\/07\/logoVecol.png","width":106,"height":106,"caption":"Empresa Colombiana de Productos Veterinarios"},"image":{"@id":"https:\/\/www.vecol.com.co\/#\/schema\/logo\/image\/"},"sameAs":["https:\/\/www.facebook.com\/vecolveterinaria","https:\/\/x.com\/VecolColombia"]}]}},"_links":{"self":[{"href":"https:\/\/www.vecol.com.co\/en\/wp-json\/wp\/v2\/product\/1900","targetHints":{"allow":["GET"]}}],"collection":[{"href":"https:\/\/www.vecol.com.co\/en\/wp-json\/wp\/v2\/product"}],"about":[{"href":"https:\/\/www.vecol.com.co\/en\/wp-json\/wp\/v2\/types\/product"}],"wp:featuredmedia":[{"embeddable":true,"href":"https:\/\/www.vecol.com.co\/en\/wp-json\/wp\/v2\/media\/3086"}],"wp:attachment":[{"href":"https:\/\/www.vecol.com.co\/en\/wp-json\/wp\/v2\/media?parent=1900"}],"wp:term":[{"taxonomy":"product_brand","embeddable":true,"href":"https:\/\/www.vecol.com.co\/en\/wp-json\/wp\/v2\/product_brand?post=1900"},{"taxonomy":"product_cat","embeddable":true,"href":"https:\/\/www.vecol.com.co\/en\/wp-json\/wp\/v2\/product_cat?post=1900"},{"taxonomy":"product_tag","embeddable":true,"href":"https:\/\/www.vecol.com.co\/en\/wp-json\/wp\/v2\/product_tag?post=1900"}],"curies":[{"name":"wp","href":"https:\/\/api.w.org\/{rel}","templated":true}]}}