{"id":148,"date":"2020-03-04T20:36:46","date_gmt":"2020-03-04T20:36:46","guid":{"rendered":"https:\/\/www.vecol.com.co\/?post_type=product&#038;p=148"},"modified":"2025-01-31T11:16:12","modified_gmt":"2025-01-31T16:16:12","slug":"aftogan-rabia-2-ml","status":"publish","type":"product","link":"https:\/\/www.vecol.com.co\/en\/product\/aftogan-rabia-2-ml\/","title":{"rendered":"Aftog\u00e1n\u00ae + Rabia 2 ml"},"content":{"rendered":"<table style=\"font-size: 16px; font-style: normal;\">\n<tbody>\n<tr>\n<td width=\"141\"><strong>COMPOSICI\u00d3N<\/strong><\/td>\n<td width=\"447\">Cada dosis de 2 ml de emulsi\u00f3n inactivada contiene:<\/p>\n<p>Virus inactivado de fiebre aftosa A24 Cruzeiro \u2265 3 \u03bcg<br \/>\nVirus inactivado de fiebre aftosa O1 Campos \u2265 6 \u03bcg<br \/>\nVirus inactivado de la rabia cepa PV \u2265 1 U.I. de NIH<br \/>\nExcipientes c.s.p. 2 mL<br \/>\nEmulsificados en veh\u00edculo oleoso<\/td>\n<\/tr>\n<tr>\n<td width=\"141\"><strong>ESPECIES<\/strong><\/td>\n<td width=\"447\">\n<p style=\"text-align: justify;\">Bovinos y Bufalinos<\/p>\n<\/td>\n<\/tr>\n<tr>\n<td width=\"141\"><strong>INDICACIONES<\/strong><\/td>\n<td width=\"447\">\n<p style=\"text-align: justify;\">Vacuna oleosa inactivada para la inmunizaci\u00f3n activa de Bovinos y B\u00fafalos en buen estado de salud. Protege contra la Fiebre Aftosa por 6 meses y la Rabia durante 1 a\u00f1o<\/p>\n<\/td>\n<\/tr>\n<tr>\n<td width=\"141\"><strong>DOSIS Y VIA DE<\/strong><br \/>\n<strong>ADMINISTRACI\u00d3N<\/strong><\/td>\n<td width=\"447\">\n<p style=\"text-align: justify;\">Agitar y aplicar 2 ml por v\u00eda intramuscular o subcut\u00e1nea en la tabla del cuello. Revacunaci\u00f3n: Cada seis (6) meses de acuerdo con las caracter\u00edsticas de presentaci\u00f3n de la enfermedad en la regi\u00f3n y los ciclos de vacunaci\u00f3n.<\/p>\n<\/td>\n<\/tr>\n<tr>\n<td width=\"141\"><strong>PRECAUCIONES Y<\/strong><br \/>\n<strong>ALMACENAMIENTO<\/strong><\/td>\n<td width=\"447\">\n<p style=\"text-align: justify;\">Consulte con el M\u00e9dico Veterinario.<br \/>\nEn caso de reacciones al\u00e9rgicas en animales susceptibles. Se recomienda disponer de un botiqu\u00edn de emergencia que contenga: ADRENALINA\/EPINEFRINA, antihistam\u00ednico (ALERVEC\u00ae), antiinflamatorio (FLUNIXINA) y Corticoesteroide (DEXAVEC).<br \/>\nUtilice una aguja est\u00e9ril por cada animal a vacunar.<br \/>\nConservar y transportar refrigerado (entre 2\u00b0C y 8\u00b0C).<br \/>\nNo congelar<br \/>\nMant\u00e9ngase fuera del alcance de los ni\u00f1os y animales dom\u00e9sticos<br \/>\nUSO VETERINARIO<br \/>\n<strong><span style=\"color: #ff0000;\">Uso exclusivo en campa\u00f1as de control oficial. <\/span><\/strong><\/p>\n<\/td>\n<\/tr>\n<tr>\n<td width=\"141\"><strong>PRESENTACI\u00d3N:\u00a0<\/strong><\/td>\n<td width=\"447\">Frascos por 10, 25 y 50 dosis.<\/td>\n<\/tr>\n<tr>\n<td width=\"141\"><strong>REGISTRO ICA N\u00b0.<\/strong><\/td>\n<td width=\"447\"><strong>3415 DB\u00a0<\/strong><\/td>\n<\/tr>\n<\/tbody>\n<\/table>\n<p style=\"text-align: center;\">","protected":false},"excerpt":{"rendered":"<p style=\"text-align: justify;\">Suspensi\u00f3n bivalente del virus de la Fiebre Aftosa elaborada con los subtipos A24 Cruzeiro y O1 Campos y virus de la Rabia Cepa PV 2061 originario del Instituto Pasteur.<\/p>","protected":false},"featured_media":3016,"template":"","meta":{"_acf_changed":false,"site-sidebar-layout":"default","site-content-layout":"default","ast-site-content-layout":"default","site-content-style":"default","site-sidebar-style":"default","ast-global-header-display":"","ast-banner-title-visibility":"","ast-main-header-display":"","ast-hfb-above-header-display":"","ast-hfb-below-header-display":"","ast-hfb-mobile-header-display":"","site-post-title":"","ast-breadcrumbs-content":"","ast-featured-img":"","footer-sml-layout":"","ast-disable-related-posts":"","theme-transparent-header-meta":"default","adv-header-id-meta":"","stick-header-meta":"","header-above-stick-meta":"","header-main-stick-meta":"","header-below-stick-meta":"","astra-migrate-meta-layouts":"set","ast-page-background-enabled":"default","ast-page-background-meta":{"desktop":{"background-color":"","background-image":"","background-repeat":"repeat","background-position":"center center","background-size":"auto","background-attachment":"scroll","background-type":"","background-media":"","overlay-type":"","overlay-color":"","overlay-opacity":"","overlay-gradient":""},"tablet":{"background-color":"","background-image":"","background-repeat":"repeat","background-position":"center center","background-size":"auto","background-attachment":"scroll","background-type":"","background-media":"","overlay-type":"","overlay-color":"","overlay-opacity":"","overlay-gradient":""},"mobile":{"background-color":"","background-image":"","background-repeat":"repeat","background-position":"center center","background-size":"auto","background-attachment":"scroll","background-type":"","background-media":"","overlay-type":"","overlay-color":"","overlay-opacity":"","overlay-gradient":""}},"ast-content-background-meta":{"desktop":{"background-color":"var(--ast-global-color-5)","background-image":"","background-repeat":"repeat","background-position":"center center","background-size":"auto","background-attachment":"scroll","background-type":"","background-media":"","overlay-type":"","overlay-color":"","overlay-opacity":"","overlay-gradient":""},"tablet":{"background-color":"var(--ast-global-color-5)","background-image":"","background-repeat":"repeat","background-position":"center center","background-size":"auto","background-attachment":"scroll","background-type":"","background-media":"","overlay-type":"","overlay-color":"","overlay-opacity":"","overlay-gradient":""},"mobile":{"background-color":"var(--ast-global-color-5)","background-image":"","background-repeat":"repeat","background-position":"center center","background-size":"auto","background-attachment":"scroll","background-type":"","background-media":"","overlay-type":"","overlay-color":"","overlay-opacity":"","overlay-gradient":""}}},"product_brand":[],"product_cat":[25,17,38],"product_tag":[],"class_list":{"0":"post-148","1":"product","2":"type-product","3":"status-publish","4":"has-post-thumbnail","6":"product_cat-aftosa","7":"product_cat-animales-de-produccion","8":"product_cat-vacunas","9":"desktop-align-left","10":"tablet-align-left","11":"mobile-align-left","13":"first","14":"instock","15":"shipping-taxable","16":"product-type-simple"},"acf":[],"yoast_head":"<!-- This site is optimized with the Yoast SEO plugin v27.4 - https:\/\/yoast.com\/product\/yoast-seo-wordpress\/ -->\n<title>Aftog\u00e1n\u00ae + Rabia 2 ml | VECOL<\/title>\n<meta name=\"robots\" content=\"index, follow, max-snippet:-1, max-image-preview:large, max-video-preview:-1\" \/>\n<link rel=\"canonical\" href=\"https:\/\/www.vecol.com.co\/en\/product\/aftogan-rabia-2-ml\/\" \/>\n<meta property=\"og:locale\" content=\"en_US\" \/>\n<meta property=\"og:type\" content=\"article\" \/>\n<meta property=\"og:title\" content=\"Aftog\u00e1n\u00ae + Rabia 2 ml | VECOL\" \/>\n<meta property=\"og:description\" content=\"Suspensi\u00f3n bivalente del virus de la Fiebre Aftosa elaborada con los subtipos A24 Cruzeiro y O1 Campos y virus de la Rabia Cepa PV 2061 originario del Instituto Pasteur.\" \/>\n<meta property=\"og:url\" content=\"https:\/\/www.vecol.com.co\/en\/product\/aftogan-rabia-2-ml\/\" \/>\n<meta property=\"og:site_name\" content=\"VECOL\" \/>\n<meta property=\"article:publisher\" content=\"https:\/\/www.facebook.com\/vecolveterinaria\" \/>\n<meta property=\"article:modified_time\" content=\"2025-01-31T16:16:12+00:00\" \/>\n<meta property=\"og:image\" content=\"https:\/\/www.vecol.com.co\/wp-content\/uploads\/2020\/03\/AFTOGAN-RABIA-2ML.jpg\" \/>\n\t<meta property=\"og:image:width\" content=\"1920\" \/>\n\t<meta property=\"og:image:height\" content=\"1920\" \/>\n\t<meta property=\"og:image:type\" content=\"image\/jpeg\" \/>\n<meta name=\"twitter:card\" content=\"summary_large_image\" \/>\n<meta name=\"twitter:site\" content=\"@VecolColombia\" \/>\n<meta name=\"twitter:label1\" content=\"Est. reading time\" \/>\n\t<meta name=\"twitter:data1\" content=\"1 minute\" \/>\n<script type=\"application\/ld+json\" class=\"yoast-schema-graph\">{\"@context\":\"https:\\\/\\\/schema.org\",\"@graph\":[{\"@type\":\"WebPage\",\"@id\":\"https:\\\/\\\/www.vecol.com.co\\\/producto\\\/aftogan-rabia-2-ml\\\/\",\"url\":\"https:\\\/\\\/www.vecol.com.co\\\/producto\\\/aftogan-rabia-2-ml\\\/\",\"name\":\"Aftog\u00e1n\u00ae + Rabia 2 ml | VECOL\",\"isPartOf\":{\"@id\":\"https:\\\/\\\/www.vecol.com.co\\\/#website\"},\"primaryImageOfPage\":{\"@id\":\"https:\\\/\\\/www.vecol.com.co\\\/producto\\\/aftogan-rabia-2-ml\\\/#primaryimage\"},\"image\":{\"@id\":\"https:\\\/\\\/www.vecol.com.co\\\/producto\\\/aftogan-rabia-2-ml\\\/#primaryimage\"},\"thumbnailUrl\":\"https:\\\/\\\/www.vecol.com.co\\\/wp-content\\\/uploads\\\/2020\\\/03\\\/AFTOGAN-RABIA-2ML.jpg\",\"datePublished\":\"2020-03-04T20:36:46+00:00\",\"dateModified\":\"2025-01-31T16:16:12+00:00\",\"breadcrumb\":{\"@id\":\"https:\\\/\\\/www.vecol.com.co\\\/producto\\\/aftogan-rabia-2-ml\\\/#breadcrumb\"},\"inLanguage\":\"en-US\",\"potentialAction\":[{\"@type\":\"ReadAction\",\"target\":[\"https:\\\/\\\/www.vecol.com.co\\\/producto\\\/aftogan-rabia-2-ml\\\/\"]}]},{\"@type\":\"ImageObject\",\"inLanguage\":\"en-US\",\"@id\":\"https:\\\/\\\/www.vecol.com.co\\\/producto\\\/aftogan-rabia-2-ml\\\/#primaryimage\",\"url\":\"https:\\\/\\\/www.vecol.com.co\\\/wp-content\\\/uploads\\\/2020\\\/03\\\/AFTOGAN-RABIA-2ML.jpg\",\"contentUrl\":\"https:\\\/\\\/www.vecol.com.co\\\/wp-content\\\/uploads\\\/2020\\\/03\\\/AFTOGAN-RABIA-2ML.jpg\",\"width\":1920,\"height\":1920,\"caption\":\"AFTOGAN RABIA 2ML\"},{\"@type\":\"BreadcrumbList\",\"@id\":\"https:\\\/\\\/www.vecol.com.co\\\/producto\\\/aftogan-rabia-2-ml\\\/#breadcrumb\",\"itemListElement\":[{\"@type\":\"ListItem\",\"position\":1,\"name\":\"Inicio\",\"item\":\"https:\\\/\\\/www.vecol.com.co\\\/\"},{\"@type\":\"ListItem\",\"position\":2,\"name\":\"Productos\",\"item\":\"https:\\\/\\\/www.vecol.com.co\\\/productos\\\/\"},{\"@type\":\"ListItem\",\"position\":3,\"name\":\"Aftog\u00e1n\u00ae + Rabia 2 ml\"}]},{\"@type\":\"WebSite\",\"@id\":\"https:\\\/\\\/www.vecol.com.co\\\/#website\",\"url\":\"https:\\\/\\\/www.vecol.com.co\\\/\",\"name\":\"VECOL\",\"description\":\"Empresa Colombiana de Productos Veterinarios\",\"publisher\":{\"@id\":\"https:\\\/\\\/www.vecol.com.co\\\/#organization\"},\"potentialAction\":[{\"@type\":\"SearchAction\",\"target\":{\"@type\":\"EntryPoint\",\"urlTemplate\":\"https:\\\/\\\/www.vecol.com.co\\\/?s={search_term_string}\"},\"query-input\":{\"@type\":\"PropertyValueSpecification\",\"valueRequired\":true,\"valueName\":\"search_term_string\"}}],\"inLanguage\":\"en-US\"},{\"@type\":\"Organization\",\"@id\":\"https:\\\/\\\/www.vecol.com.co\\\/#organization\",\"name\":\"Empresa Colombiana de Productos Veterinarios\",\"url\":\"https:\\\/\\\/www.vecol.com.co\\\/\",\"logo\":{\"@type\":\"ImageObject\",\"inLanguage\":\"en-US\",\"@id\":\"https:\\\/\\\/www.vecol.com.co\\\/#\\\/schema\\\/logo\\\/image\\\/\",\"url\":\"https:\\\/\\\/www.vecol.com.co\\\/wp-content\\\/uploads\\\/2023\\\/07\\\/logoVecol.png\",\"contentUrl\":\"https:\\\/\\\/www.vecol.com.co\\\/wp-content\\\/uploads\\\/2023\\\/07\\\/logoVecol.png\",\"width\":106,\"height\":106,\"caption\":\"Empresa Colombiana de Productos Veterinarios\"},\"image\":{\"@id\":\"https:\\\/\\\/www.vecol.com.co\\\/#\\\/schema\\\/logo\\\/image\\\/\"},\"sameAs\":[\"https:\\\/\\\/www.facebook.com\\\/vecolveterinaria\",\"https:\\\/\\\/x.com\\\/VecolColombia\"]}]}<\/script>\n<!-- \/ Yoast SEO plugin. -->","yoast_head_json":{"title":"Aftog\u00e1n\u00ae + Rabies 2 ml | VECOL","robots":{"index":"index","follow":"follow","max-snippet":"max-snippet:-1","max-image-preview":"max-image-preview:large","max-video-preview":"max-video-preview:-1"},"canonical":"https:\/\/www.vecol.com.co\/en\/product\/aftogan-rabia-2-ml\/","og_locale":"en_US","og_type":"article","og_title":"Aftog\u00e1n\u00ae + Rabia 2 ml | VECOL","og_description":"Suspensi\u00f3n bivalente del virus de la Fiebre Aftosa elaborada con los subtipos A24 Cruzeiro y O1 Campos y virus de la Rabia Cepa PV 2061 originario del Instituto Pasteur.","og_url":"https:\/\/www.vecol.com.co\/en\/product\/aftogan-rabia-2-ml\/","og_site_name":"VECOL","article_publisher":"https:\/\/www.facebook.com\/vecolveterinaria","article_modified_time":"2025-01-31T16:16:12+00:00","og_image":[{"width":1920,"height":1920,"url":"https:\/\/www.vecol.com.co\/wp-content\/uploads\/2020\/03\/AFTOGAN-RABIA-2ML.jpg","type":"image\/jpeg"}],"twitter_card":"summary_large_image","twitter_site":"@VecolColombia","twitter_misc":{"Est. reading time":"1 minute"},"schema":{"@context":"https:\/\/schema.org","@graph":[{"@type":"WebPage","@id":"https:\/\/www.vecol.com.co\/producto\/aftogan-rabia-2-ml\/","url":"https:\/\/www.vecol.com.co\/producto\/aftogan-rabia-2-ml\/","name":"Aftog\u00e1n\u00ae + Rabies 2 ml | VECOL","isPartOf":{"@id":"https:\/\/www.vecol.com.co\/#website"},"primaryImageOfPage":{"@id":"https:\/\/www.vecol.com.co\/producto\/aftogan-rabia-2-ml\/#primaryimage"},"image":{"@id":"https:\/\/www.vecol.com.co\/producto\/aftogan-rabia-2-ml\/#primaryimage"},"thumbnailUrl":"https:\/\/www.vecol.com.co\/wp-content\/uploads\/2020\/03\/AFTOGAN-RABIA-2ML.jpg","datePublished":"2020-03-04T20:36:46+00:00","dateModified":"2025-01-31T16:16:12+00:00","breadcrumb":{"@id":"https:\/\/www.vecol.com.co\/producto\/aftogan-rabia-2-ml\/#breadcrumb"},"inLanguage":"en-US","potentialAction":[{"@type":"ReadAction","target":["https:\/\/www.vecol.com.co\/producto\/aftogan-rabia-2-ml\/"]}]},{"@type":"ImageObject","inLanguage":"en-US","@id":"https:\/\/www.vecol.com.co\/producto\/aftogan-rabia-2-ml\/#primaryimage","url":"https:\/\/www.vecol.com.co\/wp-content\/uploads\/2020\/03\/AFTOGAN-RABIA-2ML.jpg","contentUrl":"https:\/\/www.vecol.com.co\/wp-content\/uploads\/2020\/03\/AFTOGAN-RABIA-2ML.jpg","width":1920,"height":1920,"caption":"AFTOGAN RABIA 2ML"},{"@type":"BreadcrumbList","@id":"https:\/\/www.vecol.com.co\/producto\/aftogan-rabia-2-ml\/#breadcrumb","itemListElement":[{"@type":"ListItem","position":1,"name":"Inicio","item":"https:\/\/www.vecol.com.co\/"},{"@type":"ListItem","position":2,"name":"Productos","item":"https:\/\/www.vecol.com.co\/productos\/"},{"@type":"ListItem","position":3,"name":"Aftog\u00e1n\u00ae + Rabia 2 ml"}]},{"@type":"WebSite","@id":"https:\/\/www.vecol.com.co\/#website","url":"https:\/\/www.vecol.com.co\/","name":"VECOL","description":"Colombian Veterinary Products Company","publisher":{"@id":"https:\/\/www.vecol.com.co\/#organization"},"potentialAction":[{"@type":"SearchAction","target":{"@type":"EntryPoint","urlTemplate":"https:\/\/www.vecol.com.co\/?s={search_term_string}"},"query-input":{"@type":"PropertyValueSpecification","valueRequired":true,"valueName":"search_term_string"}}],"inLanguage":"en-US"},{"@type":"Organization","@id":"https:\/\/www.vecol.com.co\/#organization","name":"Colombian Veterinary Products Company","url":"https:\/\/www.vecol.com.co\/","logo":{"@type":"ImageObject","inLanguage":"en-US","@id":"https:\/\/www.vecol.com.co\/#\/schema\/logo\/image\/","url":"https:\/\/www.vecol.com.co\/wp-content\/uploads\/2023\/07\/logoVecol.png","contentUrl":"https:\/\/www.vecol.com.co\/wp-content\/uploads\/2023\/07\/logoVecol.png","width":106,"height":106,"caption":"Empresa Colombiana de Productos Veterinarios"},"image":{"@id":"https:\/\/www.vecol.com.co\/#\/schema\/logo\/image\/"},"sameAs":["https:\/\/www.facebook.com\/vecolveterinaria","https:\/\/x.com\/VecolColombia"]}]}},"_links":{"self":[{"href":"https:\/\/www.vecol.com.co\/en\/wp-json\/wp\/v2\/product\/148","targetHints":{"allow":["GET"]}}],"collection":[{"href":"https:\/\/www.vecol.com.co\/en\/wp-json\/wp\/v2\/product"}],"about":[{"href":"https:\/\/www.vecol.com.co\/en\/wp-json\/wp\/v2\/types\/product"}],"wp:featuredmedia":[{"embeddable":true,"href":"https:\/\/www.vecol.com.co\/en\/wp-json\/wp\/v2\/media\/3016"}],"wp:attachment":[{"href":"https:\/\/www.vecol.com.co\/en\/wp-json\/wp\/v2\/media?parent=148"}],"wp:term":[{"taxonomy":"product_brand","embeddable":true,"href":"https:\/\/www.vecol.com.co\/en\/wp-json\/wp\/v2\/product_brand?post=148"},{"taxonomy":"product_cat","embeddable":true,"href":"https:\/\/www.vecol.com.co\/en\/wp-json\/wp\/v2\/product_cat?post=148"},{"taxonomy":"product_tag","embeddable":true,"href":"https:\/\/www.vecol.com.co\/en\/wp-json\/wp\/v2\/product_tag?post=148"}],"curies":[{"name":"wp","href":"https:\/\/api.w.org\/{rel}","templated":true}]}}