{"id":130,"date":"2020-03-04T19:10:16","date_gmt":"2020-03-05T00:10:16","guid":{"rendered":"https:\/\/www.vecol.com.co\/?post_type=product&#038;p=130"},"modified":"2024-12-27T10:48:11","modified_gmt":"2024-12-27T15:48:11","slug":"enrofloxacina-10","status":"publish","type":"product","link":"https:\/\/www.vecol.com.co\/en\/product\/enrofloxacina-10\/","title":{"rendered":"Enrofloxacina 10%"},"content":{"rendered":"<table>\n<tbody>\n<tr>\n<td width=\"141\"><strong>INDICACIONES<\/strong><\/td>\n<td width=\"447\">\n<p style=\"text-align: justify;\">Es un antibi\u00f3tico de amplio espectro indicado para el tratamiento y control de enfermedades respiratorias, digestivas, genitourinarias y cut\u00e1neas de origen infeccioso en bovinos, equinos, porcinos, ovinos, caprinos, caninos y gatos producidos por<em> Escherichia coli, Proteus sp, Clostridium sp, Clostridium perfringes, Salmonella sp, Pasteurella sp, Bordetella sp, Klebsiella pneumoniae, Mycoplasma sp, Staphylococcus sp, Bacillus sp, Erysipelotrix sp, Campylobacter sp, Corynebacterium pyogenes.<\/em><\/p>\n<\/td>\n<\/tr>\n<tr>\n<td width=\"141\"><strong>DOSIS Y V\u00cdA DE ADMINISTRACI\u00d3N:\u00a0<\/strong><\/td>\n<td width=\"447\">\n<p style=\"text-align: justify;\"><strong>Bovinos, equinos, ovinos y caprinos: <\/strong>aplicar 5 ml \/100 kg de peso vivo v\u00eda intramuscular, intravenoso o subcut\u00e1neo cada 24 horas por 3 a 5 d\u00edas consecutivos.<\/p>\n<p style=\"text-align: justify;\">El tratamiento y la administraci\u00f3n deben ser precedidos por un diagn\u00f3stico cl\u00ednico.<\/p>\n<p style=\"text-align: justify;\"><strong>Porcinos:<\/strong> aplicar 0.5ml\/10kg de peso vivo, v\u00eda intramuscular en la parte anterior del cuello detr\u00e1s de la oreja cada 24 horas por 3 d\u00edas consecutivos.<\/p>\n<p style=\"text-align: justify;\"><strong>Caninos y felinos:<\/strong> Aplicar por v\u00eda subcut\u00e1nea 0,05 ml\/ kg de peso vivo cada 24 horas durante 5 d\u00edas consecutivos.<\/p>\n<\/td>\n<\/tr>\n<tr>\n<td width=\"141\"><strong>TIEMPO DE RETIRO<\/strong><\/td>\n<td width=\"447\">\n<p style=\"text-align: justify;\">Los animales tratados no deben sacrificarse para consumo humano, hasta 7 d\u00edas despu\u00e9s de finalizado el tratamiento.<\/p>\n<p style=\"text-align: justify;\">La leche producida durante el tratamiento y 72 horas despu\u00e9s de finalizado el mismo no debe darse a consumo humano.<\/p>\n<\/td>\n<\/tr>\n<tr>\n<td width=\"141\"><strong>PRECAUCIONES<\/strong><\/td>\n<td width=\"447\">\n<p style=\"text-align: justify;\">No administrar en potrillos debido a la inducci\u00f3n de artropat\u00edas y alteraciones del cart\u00edlago articular.<\/p>\n<p style=\"text-align: justify;\">Mant\u00e9ngase fuera del alcance de los ni\u00f1os.<\/p>\n<p style=\"text-align: justify;\">Venta bajo f\u00f3rmula del M\u00e9dico Veterinario.<\/p>\n<p style=\"text-align: justify;\">Almacenar a temperatura inferior a 30\u00b0C y protegido de la luz solar.<\/p>\n<\/td>\n<\/tr>\n<tr>\n<td width=\"141\"><strong>PRESENTACI\u00d3N:\u00a0<\/strong><\/td>\n<td width=\"447\">Frascos por 50 y 100 ml.<\/td>\n<\/tr>\n<tr>\n<td width=\"141\"><strong>REGISTRO ICA N\u00b0.<\/strong><\/td>\n<td width=\"447\"><strong>8627 MV<\/strong><\/td>\n<\/tr>\n<\/tbody>\n<\/table>","protected":false},"excerpt":{"rendered":"<p style=\"text-align: justify;\">Es un antibi\u00f3tico de amplio espectro indicado para el tratamiento y control de enfermedades respiratorias, digestivas, genitourinarias y cut\u00e1neas de origen infeccioso en bovinos, equinos, porcinos, ovinos, caprinos, caninos y gatos producidos por<em> Escherichia coli, Proteus sp, Clostridium sp, Clostridium perfringes, Salmonella sp, Pasteurella sp, Bordetella sp, Klebsiella pneumoniae, Mycoplasma sp, Staphylococcus sp, Bacillus sp, Erysipelotrix sp, Campylobacter sp, Corynebacterium pyogenes.<\/em><\/p>","protected":false},"featured_media":3029,"template":"","meta":{"_acf_changed":false,"site-sidebar-layout":"default","site-content-layout":"default","ast-site-content-layout":"default","site-content-style":"default","site-sidebar-style":"default","ast-global-header-display":"","ast-banner-title-visibility":"","ast-main-header-display":"","ast-hfb-above-header-display":"","ast-hfb-below-header-display":"","ast-hfb-mobile-header-display":"","site-post-title":"","ast-breadcrumbs-content":"","ast-featured-img":"","footer-sml-layout":"","ast-disable-related-posts":"","theme-transparent-header-meta":"default","adv-header-id-meta":"","stick-header-meta":"","header-above-stick-meta":"","header-main-stick-meta":"","header-below-stick-meta":"","astra-migrate-meta-layouts":"set","ast-page-background-enabled":"default","ast-page-background-meta":{"desktop":{"background-color":"","background-image":"","background-repeat":"repeat","background-position":"center center","background-size":"auto","background-attachment":"scroll","background-type":"","background-media":"","overlay-type":"","overlay-color":"","overlay-opacity":"","overlay-gradient":""},"tablet":{"background-color":"","background-image":"","background-repeat":"repeat","background-position":"center center","background-size":"auto","background-attachment":"scroll","background-type":"","background-media":"","overlay-type":"","overlay-color":"","overlay-opacity":"","overlay-gradient":""},"mobile":{"background-color":"","background-image":"","background-repeat":"repeat","background-position":"center center","background-size":"auto","background-attachment":"scroll","background-type":"","background-media":"","overlay-type":"","overlay-color":"","overlay-opacity":"","overlay-gradient":""}},"ast-content-background-meta":{"desktop":{"background-color":"var(--ast-global-color-5)","background-image":"","background-repeat":"repeat","background-position":"center center","background-size":"auto","background-attachment":"scroll","background-type":"","background-media":"","overlay-type":"","overlay-color":"","overlay-opacity":"","overlay-gradient":""},"tablet":{"background-color":"var(--ast-global-color-5)","background-image":"","background-repeat":"repeat","background-position":"center center","background-size":"auto","background-attachment":"scroll","background-type":"","background-media":"","overlay-type":"","overlay-color":"","overlay-opacity":"","overlay-gradient":""},"mobile":{"background-color":"var(--ast-global-color-5)","background-image":"","background-repeat":"repeat","background-position":"center center","background-size":"auto","background-attachment":"scroll","background-type":"","background-media":"","overlay-type":"","overlay-color":"","overlay-opacity":"","overlay-gradient":""}}},"product_brand":[],"product_cat":[17,18],"product_tag":[],"class_list":{"0":"post-130","1":"product","2":"type-product","3":"status-publish","4":"has-post-thumbnail","6":"product_cat-animales-de-produccion","7":"product_cat-antibioticos","8":"desktop-align-left","9":"tablet-align-left","10":"mobile-align-left","12":"first","13":"instock","14":"shipping-taxable","15":"product-type-simple"},"acf":[],"yoast_head":"<!-- This site is optimized with the Yoast SEO plugin v27.3 - https:\/\/yoast.com\/product\/yoast-seo-wordpress\/ -->\n<title>Enrofloxacina 10% antibi\u00f3tico de amplio espectro | VECOL<\/title>\n<meta name=\"robots\" content=\"index, follow, max-snippet:-1, max-image-preview:large, max-video-preview:-1\" \/>\n<link rel=\"canonical\" href=\"https:\/\/www.vecol.com.co\/en\/product\/enrofloxacina-10\/\" \/>\n<meta property=\"og:locale\" content=\"en_US\" \/>\n<meta property=\"og:type\" content=\"article\" \/>\n<meta property=\"og:title\" content=\"Enrofloxacina 10% antibi\u00f3tico de amplio espectro | VECOL\" \/>\n<meta property=\"og:description\" content=\"Es un antibi\u00f3tico de amplio espectro indicado para el tratamiento y control de enfermedades respiratorias, digestivas, genitourinarias y cut\u00e1neas de origen infeccioso en bovinos, equinos, porcinos, ovinos, caprinos, caninos y gatos producidos por Escherichia coli, Proteus sp, Clostridium sp, Clostridium perfringes, Salmonella sp, Pasteurella sp, Bordetella sp, Klebsiella pneumoniae, Mycoplasma sp, Staphylococcus sp, Bacillus sp, Erysipelotrix sp, Campylobacter sp, Corynebacterium pyogenes.\" \/>\n<meta property=\"og:url\" content=\"https:\/\/www.vecol.com.co\/en\/product\/enrofloxacina-10\/\" \/>\n<meta property=\"og:site_name\" content=\"VECOL\" \/>\n<meta property=\"article:publisher\" content=\"https:\/\/www.facebook.com\/vecolveterinaria\" \/>\n<meta property=\"article:modified_time\" content=\"2024-12-27T15:48:11+00:00\" \/>\n<meta property=\"og:image\" content=\"https:\/\/www.vecol.com.co\/wp-content\/uploads\/2020\/03\/ENROFLOXACINA.jpg\" \/>\n\t<meta property=\"og:image:width\" content=\"1920\" \/>\n\t<meta property=\"og:image:height\" content=\"1920\" \/>\n\t<meta property=\"og:image:type\" content=\"image\/jpeg\" \/>\n<meta name=\"twitter:card\" content=\"summary_large_image\" \/>\n<meta name=\"twitter:site\" content=\"@VecolColombia\" \/>\n<meta name=\"twitter:label1\" content=\"Est. reading time\" \/>\n\t<meta name=\"twitter:data1\" content=\"1 minute\" \/>\n<script type=\"application\/ld+json\" class=\"yoast-schema-graph\">{\"@context\":\"https:\\\/\\\/schema.org\",\"@graph\":[{\"@type\":\"WebPage\",\"@id\":\"https:\\\/\\\/www.vecol.com.co\\\/producto\\\/enrofloxacina-10\\\/\",\"url\":\"https:\\\/\\\/www.vecol.com.co\\\/producto\\\/enrofloxacina-10\\\/\",\"name\":\"Enrofloxacina 10% antibi\u00f3tico de amplio espectro | VECOL\",\"isPartOf\":{\"@id\":\"https:\\\/\\\/www.vecol.com.co\\\/#website\"},\"primaryImageOfPage\":{\"@id\":\"https:\\\/\\\/www.vecol.com.co\\\/producto\\\/enrofloxacina-10\\\/#primaryimage\"},\"image\":{\"@id\":\"https:\\\/\\\/www.vecol.com.co\\\/producto\\\/enrofloxacina-10\\\/#primaryimage\"},\"thumbnailUrl\":\"https:\\\/\\\/www.vecol.com.co\\\/wp-content\\\/uploads\\\/2020\\\/03\\\/ENROFLOXACINA.jpg\",\"datePublished\":\"2020-03-05T00:10:16+00:00\",\"dateModified\":\"2024-12-27T15:48:11+00:00\",\"breadcrumb\":{\"@id\":\"https:\\\/\\\/www.vecol.com.co\\\/producto\\\/enrofloxacina-10\\\/#breadcrumb\"},\"inLanguage\":\"en-US\",\"potentialAction\":[{\"@type\":\"ReadAction\",\"target\":[\"https:\\\/\\\/www.vecol.com.co\\\/producto\\\/enrofloxacina-10\\\/\"]}]},{\"@type\":\"ImageObject\",\"inLanguage\":\"en-US\",\"@id\":\"https:\\\/\\\/www.vecol.com.co\\\/producto\\\/enrofloxacina-10\\\/#primaryimage\",\"url\":\"https:\\\/\\\/www.vecol.com.co\\\/wp-content\\\/uploads\\\/2020\\\/03\\\/ENROFLOXACINA.jpg\",\"contentUrl\":\"https:\\\/\\\/www.vecol.com.co\\\/wp-content\\\/uploads\\\/2020\\\/03\\\/ENROFLOXACINA.jpg\",\"width\":1920,\"height\":1920,\"caption\":\"ENROFLOXACINA\"},{\"@type\":\"BreadcrumbList\",\"@id\":\"https:\\\/\\\/www.vecol.com.co\\\/producto\\\/enrofloxacina-10\\\/#breadcrumb\",\"itemListElement\":[{\"@type\":\"ListItem\",\"position\":1,\"name\":\"Inicio\",\"item\":\"https:\\\/\\\/www.vecol.com.co\\\/\"},{\"@type\":\"ListItem\",\"position\":2,\"name\":\"Productos\",\"item\":\"https:\\\/\\\/www.vecol.com.co\\\/productos\\\/\"},{\"@type\":\"ListItem\",\"position\":3,\"name\":\"Enrofloxacina 10%\"}]},{\"@type\":\"WebSite\",\"@id\":\"https:\\\/\\\/www.vecol.com.co\\\/#website\",\"url\":\"https:\\\/\\\/www.vecol.com.co\\\/\",\"name\":\"VECOL\",\"description\":\"Empresa Colombiana de Productos Veterinarios\",\"publisher\":{\"@id\":\"https:\\\/\\\/www.vecol.com.co\\\/#organization\"},\"potentialAction\":[{\"@type\":\"SearchAction\",\"target\":{\"@type\":\"EntryPoint\",\"urlTemplate\":\"https:\\\/\\\/www.vecol.com.co\\\/?s={search_term_string}\"},\"query-input\":{\"@type\":\"PropertyValueSpecification\",\"valueRequired\":true,\"valueName\":\"search_term_string\"}}],\"inLanguage\":\"en-US\"},{\"@type\":\"Organization\",\"@id\":\"https:\\\/\\\/www.vecol.com.co\\\/#organization\",\"name\":\"Empresa Colombiana de Productos Veterinarios\",\"url\":\"https:\\\/\\\/www.vecol.com.co\\\/\",\"logo\":{\"@type\":\"ImageObject\",\"inLanguage\":\"en-US\",\"@id\":\"https:\\\/\\\/www.vecol.com.co\\\/#\\\/schema\\\/logo\\\/image\\\/\",\"url\":\"https:\\\/\\\/www.vecol.com.co\\\/wp-content\\\/uploads\\\/2023\\\/07\\\/logoVecol.png\",\"contentUrl\":\"https:\\\/\\\/www.vecol.com.co\\\/wp-content\\\/uploads\\\/2023\\\/07\\\/logoVecol.png\",\"width\":106,\"height\":106,\"caption\":\"Empresa Colombiana de Productos Veterinarios\"},\"image\":{\"@id\":\"https:\\\/\\\/www.vecol.com.co\\\/#\\\/schema\\\/logo\\\/image\\\/\"},\"sameAs\":[\"https:\\\/\\\/www.facebook.com\\\/vecolveterinaria\",\"https:\\\/\\\/x.com\\\/VecolColombia\"]}]}<\/script>\n<!-- \/ Yoast SEO plugin. -->","yoast_head_json":{"title":"Enrofloxacin 10% broad spectrum antibiotic | VECOL","robots":{"index":"index","follow":"follow","max-snippet":"max-snippet:-1","max-image-preview":"max-image-preview:large","max-video-preview":"max-video-preview:-1"},"canonical":"https:\/\/www.vecol.com.co\/en\/product\/enrofloxacina-10\/","og_locale":"en_US","og_type":"article","og_title":"Enrofloxacina 10% antibi\u00f3tico de amplio espectro | VECOL","og_description":"Es un antibi\u00f3tico de amplio espectro indicado para el tratamiento y control de enfermedades respiratorias, digestivas, genitourinarias y cut\u00e1neas de origen infeccioso en bovinos, equinos, porcinos, ovinos, caprinos, caninos y gatos producidos por Escherichia coli, Proteus sp, Clostridium sp, Clostridium perfringes, Salmonella sp, Pasteurella sp, Bordetella sp, Klebsiella pneumoniae, Mycoplasma sp, Staphylococcus sp, Bacillus sp, Erysipelotrix sp, Campylobacter sp, Corynebacterium pyogenes.","og_url":"https:\/\/www.vecol.com.co\/en\/product\/enrofloxacina-10\/","og_site_name":"VECOL","article_publisher":"https:\/\/www.facebook.com\/vecolveterinaria","article_modified_time":"2024-12-27T15:48:11+00:00","og_image":[{"width":1920,"height":1920,"url":"https:\/\/www.vecol.com.co\/wp-content\/uploads\/2020\/03\/ENROFLOXACINA.jpg","type":"image\/jpeg"}],"twitter_card":"summary_large_image","twitter_site":"@VecolColombia","twitter_misc":{"Est. reading time":"1 minute"},"schema":{"@context":"https:\/\/schema.org","@graph":[{"@type":"WebPage","@id":"https:\/\/www.vecol.com.co\/producto\/enrofloxacina-10\/","url":"https:\/\/www.vecol.com.co\/producto\/enrofloxacina-10\/","name":"Enrofloxacin 10% broad spectrum antibiotic | VECOL","isPartOf":{"@id":"https:\/\/www.vecol.com.co\/#website"},"primaryImageOfPage":{"@id":"https:\/\/www.vecol.com.co\/producto\/enrofloxacina-10\/#primaryimage"},"image":{"@id":"https:\/\/www.vecol.com.co\/producto\/enrofloxacina-10\/#primaryimage"},"thumbnailUrl":"https:\/\/www.vecol.com.co\/wp-content\/uploads\/2020\/03\/ENROFLOXACINA.jpg","datePublished":"2020-03-05T00:10:16+00:00","dateModified":"2024-12-27T15:48:11+00:00","breadcrumb":{"@id":"https:\/\/www.vecol.com.co\/producto\/enrofloxacina-10\/#breadcrumb"},"inLanguage":"en-US","potentialAction":[{"@type":"ReadAction","target":["https:\/\/www.vecol.com.co\/producto\/enrofloxacina-10\/"]}]},{"@type":"ImageObject","inLanguage":"en-US","@id":"https:\/\/www.vecol.com.co\/producto\/enrofloxacina-10\/#primaryimage","url":"https:\/\/www.vecol.com.co\/wp-content\/uploads\/2020\/03\/ENROFLOXACINA.jpg","contentUrl":"https:\/\/www.vecol.com.co\/wp-content\/uploads\/2020\/03\/ENROFLOXACINA.jpg","width":1920,"height":1920,"caption":"ENROFLOXACINA"},{"@type":"BreadcrumbList","@id":"https:\/\/www.vecol.com.co\/producto\/enrofloxacina-10\/#breadcrumb","itemListElement":[{"@type":"ListItem","position":1,"name":"Inicio","item":"https:\/\/www.vecol.com.co\/"},{"@type":"ListItem","position":2,"name":"Productos","item":"https:\/\/www.vecol.com.co\/productos\/"},{"@type":"ListItem","position":3,"name":"Enrofloxacina 10%"}]},{"@type":"WebSite","@id":"https:\/\/www.vecol.com.co\/#website","url":"https:\/\/www.vecol.com.co\/","name":"VECOL","description":"Colombian Veterinary Products Company","publisher":{"@id":"https:\/\/www.vecol.com.co\/#organization"},"potentialAction":[{"@type":"SearchAction","target":{"@type":"EntryPoint","urlTemplate":"https:\/\/www.vecol.com.co\/?s={search_term_string}"},"query-input":{"@type":"PropertyValueSpecification","valueRequired":true,"valueName":"search_term_string"}}],"inLanguage":"en-US"},{"@type":"Organization","@id":"https:\/\/www.vecol.com.co\/#organization","name":"Colombian Veterinary Products Company","url":"https:\/\/www.vecol.com.co\/","logo":{"@type":"ImageObject","inLanguage":"en-US","@id":"https:\/\/www.vecol.com.co\/#\/schema\/logo\/image\/","url":"https:\/\/www.vecol.com.co\/wp-content\/uploads\/2023\/07\/logoVecol.png","contentUrl":"https:\/\/www.vecol.com.co\/wp-content\/uploads\/2023\/07\/logoVecol.png","width":106,"height":106,"caption":"Empresa Colombiana de Productos Veterinarios"},"image":{"@id":"https:\/\/www.vecol.com.co\/#\/schema\/logo\/image\/"},"sameAs":["https:\/\/www.facebook.com\/vecolveterinaria","https:\/\/x.com\/VecolColombia"]}]}},"_links":{"self":[{"href":"https:\/\/www.vecol.com.co\/en\/wp-json\/wp\/v2\/product\/130","targetHints":{"allow":["GET"]}}],"collection":[{"href":"https:\/\/www.vecol.com.co\/en\/wp-json\/wp\/v2\/product"}],"about":[{"href":"https:\/\/www.vecol.com.co\/en\/wp-json\/wp\/v2\/types\/product"}],"wp:featuredmedia":[{"embeddable":true,"href":"https:\/\/www.vecol.com.co\/en\/wp-json\/wp\/v2\/media\/3029"}],"wp:attachment":[{"href":"https:\/\/www.vecol.com.co\/en\/wp-json\/wp\/v2\/media?parent=130"}],"wp:term":[{"taxonomy":"product_brand","embeddable":true,"href":"https:\/\/www.vecol.com.co\/en\/wp-json\/wp\/v2\/product_brand?post=130"},{"taxonomy":"product_cat","embeddable":true,"href":"https:\/\/www.vecol.com.co\/en\/wp-json\/wp\/v2\/product_cat?post=130"},{"taxonomy":"product_tag","embeddable":true,"href":"https:\/\/www.vecol.com.co\/en\/wp-json\/wp\/v2\/product_tag?post=130"}],"curies":[{"name":"wp","href":"https:\/\/api.w.org\/{rel}","templated":true}]}}