{"id":12125,"date":"2025-12-29T11:16:34","date_gmt":"2025-12-29T16:16:34","guid":{"rendered":"https:\/\/www.vecol.com.co\/?post_type=product&#038;p=12125"},"modified":"2025-12-29T12:26:30","modified_gmt":"2025-12-29T17:26:30","slug":"dexavec","status":"publish","type":"product","link":"https:\/\/www.vecol.com.co\/en\/product\/dexavec\/","title":{"rendered":"DEXAVEC\u00ae"},"content":{"rendered":"<table>\n<tbody>\n<tr>\n<td><strong>INDICACIONES<\/strong><\/td>\n<td>En el tratamiento de procesos inflamatorios agudos o cr\u00f3nicos, en el Shock anafil\u00e1ctico. En afecciones del aparato locomotor (Miositis, artritis, sinovitis, hidrartrosis).<\/td>\n<\/tr>\n<tr>\n<td><strong>ESPECIES DE DESTINO<\/strong><\/td>\n<td>Bovinos, ovinos, equinos, porcinos, perros y gatos<\/td>\n<\/tr>\n<tr>\n<td><strong>COMPOSICI\u00d3N<\/strong><\/td>\n<td>Cada mL de soluci\u00f3n inyectable contiene:<\/p>\n<p>Dexametasona sodio fosfato \u00a0\u00a0\u00a0\u00a0\u00a0\u00a0\u00a0\u00a0\u00a0\u00a0\u00a0\u00a0\u00a0\u00a0\u00a0\u00a0\u00a0\u00a0\u00a0 \u00a04 mg<\/p>\n<p>Excipientes c.s.p.\u00a0\u00a0\u00a0\u00a0\u00a0\u00a0\u00a0\u00a0\u00a0\u00a0\u00a0\u00a0\u00a0\u00a0\u00a0 \u00a0\u00a0\u00a0\u00a0\u00a0\u00a0\u00a0\u00a0\u00a0\u00a0 \u00a0\u00a0\u00a0\u00a0\u00a0\u00a0\u00a0\u00a0\u00a0\u00a0\u00a0\u00a0\u00a01 mL<\/td>\n<\/tr>\n<tr>\n<td><strong>DOSIS Y V\u00cdA DE ADMINISTRACI\u00d3N:<\/strong><\/td>\n<td>Intramuscular o intravenosa.<\/p>\n<p>&nbsp;<\/p>\n<p>Perros: 0,05 mg\/kg &#8211; 0,2 mg\/kg de peso vivo\/d\u00eda<\/p>\n<p>Gatos: 0,1 mg\/kg &#8211; 0,3 mg\/kg de peso vivo\/d\u00eda<\/p>\n<p>Ovinos: 0,04 mg\/kg &#8211; 0,06 mg\/kg de peso vivo\/d\u00eda<\/p>\n<p>Bovinos: 0,02 mg\/kg &#8211; 0,08 mg\/kg de peso vivo\/ d\u00eda<\/p>\n<p>Porcinos: 0,04 mg\/kg &#8211; 0,06 mg\/kg de peso vivo\/d\u00eda<\/p>\n<p>Equinos: 0,02 mg\/kg &#8211; 0,08 mg\/kg de peso vivo\/d\u00eda<\/td>\n<\/tr>\n<tr>\n<td><strong>PRECAUCIONES Y ALMACENAMIENTO<\/strong><\/td>\n<td>Durante la terapia, la administraci\u00f3n de las dosis terap\u00e9uticas puede suprimir el funcionamiento del eje hipot\u00e1lamo-hip\u00f3fisis-adrenal. Los corticoides son conocidos por inducir una amplia gama de efectos colaterales. Pueden ocasionar signos similares a Cushing provocando alteraci\u00f3n significativa del metabolismo de las grasas, minerales y prote\u00ednas y como resultado de estos cambios puede presentarse redistribuci\u00f3n de la grasa corporal, debilidad muscular y osteoporosis. Algunos signos cl\u00ednicos observados con frecuencia son poliuria, polidipsia y polifagia.<\/p>\n<p>La inducci\u00f3n del parto con corticoesteroides puede estar asociada a una viabilidad reducida de la progenie y a un incremento en la incidencia de retenci\u00f3n de placenta.<\/p>\n<p>Los corticoesteroides pueden retrasar la cicatrizaci\u00f3n de las heridas y las acciones inmunosupresoras pueden debilitar la resistencia o agravar las infecciones existentes y retrasar la curaci\u00f3n \u00f3sea y la artropat\u00eda.<\/p>\n<p>Los esteroides pueden provocar el aumento del tama\u00f1o del h\u00edgado (hepatomegalia) con un aumento de las enzimas hep\u00e1ticas.<\/p>\n<p>En tratamientos a largo plazo, los esteroides pueden causar hiperadrenocorticismo iatrog\u00e9nico.<\/p>\n<p>Los corticoesteroides administrados de manera sist\u00e9mica pueden causar poliuria, polidipsia y polifagia, en especial durante las primeras etapas del tratamiento.<\/p>\n<p>Algunos corticoesteroides pueden provocar retenci\u00f3n de sodio y agua e hipopotasemia si se usan a largo plazo.<\/p>\n<p>Venta bajo f\u00f3rmula del M\u00e9dico Veterinario.<\/p>\n<p>Conservar a una temperatura inferior a 30\u00b0C y protegido de la luz.<\/p>\n<p>USO VETERINARIO<\/td>\n<\/tr>\n<tr>\n<td><strong>CONTRAINDICACIONES<\/strong><\/td>\n<td>No usar en hembras pre\u00f1adas.<\/td>\n<\/tr>\n<tr>\n<td><strong>TIEMPO DE RETIRO<\/strong><\/td>\n<td><strong>En Bovinos<\/strong>: Los animales tratados no deben sacrificarse para consumo humano hasta 16 d\u00edas despu\u00e9s de finalizado el tratamiento. La leche producida durante el tratamiento y 4 d\u00edas despu\u00e9s de finalizado el mismo no debe darse al consumo humano.<\/p>\n<p><strong>En Porcinos: <\/strong>Los animales tratados no deben sacrificarse para consumo humano hasta 4 d\u00edas despu\u00e9s de finalizado el tratamiento.<\/p>\n<p><strong>En Equinos: <\/strong>Los animales tratados no deben sacrificarse para consumo humano hasta 16 d\u00edas despu\u00e9s de finalizado el tratamiento.<\/td>\n<\/tr>\n<tr>\n<td width=\"141\"><strong>PRESENTACI\u00d3N:\u00a0<\/strong><\/td>\n<td width=\"447\">Frascos por 10 ml y 50 ml.<\/td>\n<\/tr>\n<tr>\n<td><strong>REGISTRO ICA N\u00b0<\/strong><\/td>\n<td><strong>11066 MV<\/strong><\/td>\n<\/tr>\n<\/tbody>\n<\/table>","protected":false},"excerpt":{"rendered":"<p>En el tratamiento de procesos inflamatorios agudos o cr\u00f3nicos, en el Shock anafil\u00e1ctico. En afecciones del aparato locomotor (Miositis, artritis, sinovitis, hidrartrosis).<\/p>","protected":false},"featured_media":12139,"template":"","meta":{"_acf_changed":false,"site-sidebar-layout":"default","site-content-layout":"default","ast-site-content-layout":"default","site-content-style":"default","site-sidebar-style":"default","ast-global-header-display":"","ast-banner-title-visibility":"","ast-main-header-display":"","ast-hfb-above-header-display":"","ast-hfb-below-header-display":"","ast-hfb-mobile-header-display":"","site-post-title":"","ast-breadcrumbs-content":"","ast-featured-img":"","footer-sml-layout":"","ast-disable-related-posts":"","theme-transparent-header-meta":"default","adv-header-id-meta":"","stick-header-meta":"","header-above-stick-meta":"","header-main-stick-meta":"","header-below-stick-meta":"","astra-migrate-meta-layouts":"set","ast-page-background-enabled":"default","ast-page-background-meta":{"desktop":{"background-color":"","background-image":"","background-repeat":"repeat","background-position":"center center","background-size":"auto","background-attachment":"scroll","background-type":"","background-media":"","overlay-type":"","overlay-color":"","overlay-opacity":"","overlay-gradient":""},"tablet":{"background-color":"","background-image":"","background-repeat":"repeat","background-position":"center center","background-size":"auto","background-attachment":"scroll","background-type":"","background-media":"","overlay-type":"","overlay-color":"","overlay-opacity":"","overlay-gradient":""},"mobile":{"background-color":"","background-image":"","background-repeat":"repeat","background-position":"center center","background-size":"auto","background-attachment":"scroll","background-type":"","background-media":"","overlay-type":"","overlay-color":"","overlay-opacity":"","overlay-gradient":""}},"ast-content-background-meta":{"desktop":{"background-color":"var(--ast-global-color-5)","background-image":"","background-repeat":"repeat","background-position":"center center","background-size":"auto","background-attachment":"scroll","background-type":"","background-media":"","overlay-type":"","overlay-color":"","overlay-opacity":"","overlay-gradient":""},"tablet":{"background-color":"var(--ast-global-color-5)","background-image":"","background-repeat":"repeat","background-position":"center center","background-size":"auto","background-attachment":"scroll","background-type":"","background-media":"","overlay-type":"","overlay-color":"","overlay-opacity":"","overlay-gradient":""},"mobile":{"background-color":"var(--ast-global-color-5)","background-image":"","background-repeat":"repeat","background-position":"center center","background-size":"auto","background-attachment":"scroll","background-type":"","background-media":"","overlay-type":"","overlay-color":"","overlay-opacity":"","overlay-gradient":""}}},"product_brand":[],"product_cat":[41,17],"product_tag":[],"class_list":{"0":"post-12125","1":"product","2":"type-product","3":"status-publish","4":"has-post-thumbnail","6":"product_cat-analgesicos-antipireticos-antiflamatorios","7":"product_cat-animales-de-produccion","8":"desktop-align-left","9":"tablet-align-left","10":"mobile-align-left","12":"first","13":"instock","14":"shipping-taxable","15":"product-type-simple"},"acf":[],"yoast_head":"<!-- This site is optimized with the Yoast SEO plugin v27.3 - https:\/\/yoast.com\/product\/yoast-seo-wordpress\/ -->\n<title>DEXAVEC\u00ae - VECOL<\/title>\n<meta name=\"description\" content=\"En bovinos y equinos, para la inducci\u00f3n de la ovulaci\u00f3n y tanto en caso de des\u00f3rdenes ov\u00e1ricos (por ejemplo, quistes) as\u00ed como programas de mejoramiento de los \u00edndices de concepci\u00f3n en las especies indicadas.\" \/>\n<meta name=\"robots\" content=\"index, follow, max-snippet:-1, max-image-preview:large, max-video-preview:-1\" \/>\n<link rel=\"canonical\" href=\"https:\/\/www.vecol.com.co\/en\/product\/dexavec\/\" \/>\n<meta property=\"og:locale\" content=\"en_US\" \/>\n<meta property=\"og:type\" content=\"article\" \/>\n<meta property=\"og:title\" content=\"DEXAVEC\u00ae - VECOL\" \/>\n<meta property=\"og:description\" content=\"En bovinos y equinos, para la inducci\u00f3n de la ovulaci\u00f3n y tanto en caso de des\u00f3rdenes ov\u00e1ricos (por ejemplo, quistes) as\u00ed como programas de mejoramiento de los \u00edndices de concepci\u00f3n en las especies indicadas.\" \/>\n<meta property=\"og:url\" content=\"https:\/\/www.vecol.com.co\/en\/product\/dexavec\/\" \/>\n<meta property=\"og:site_name\" content=\"VECOL\" \/>\n<meta property=\"article:publisher\" content=\"https:\/\/www.facebook.com\/vecolveterinaria\" \/>\n<meta property=\"article:modified_time\" content=\"2025-12-29T17:26:30+00:00\" \/>\n<meta property=\"og:image\" content=\"https:\/\/www.vecol.com.co\/wp-content\/uploads\/2025\/12\/Dexavec.png\" \/>\n\t<meta property=\"og:image:width\" content=\"1080\" \/>\n\t<meta property=\"og:image:height\" content=\"1080\" \/>\n\t<meta property=\"og:image:type\" content=\"image\/png\" \/>\n<meta name=\"twitter:card\" content=\"summary_large_image\" \/>\n<meta name=\"twitter:site\" content=\"@VecolColombia\" \/>\n<meta name=\"twitter:label1\" content=\"Est. reading time\" \/>\n\t<meta name=\"twitter:data1\" content=\"2 minutes\" \/>\n<script type=\"application\/ld+json\" class=\"yoast-schema-graph\">{\"@context\":\"https:\\\/\\\/schema.org\",\"@graph\":[{\"@type\":\"WebPage\",\"@id\":\"https:\\\/\\\/www.vecol.com.co\\\/producto\\\/dexavec\\\/\",\"url\":\"https:\\\/\\\/www.vecol.com.co\\\/producto\\\/dexavec\\\/\",\"name\":\"DEXAVEC\u00ae - VECOL\",\"isPartOf\":{\"@id\":\"https:\\\/\\\/www.vecol.com.co\\\/#website\"},\"primaryImageOfPage\":{\"@id\":\"https:\\\/\\\/www.vecol.com.co\\\/producto\\\/dexavec\\\/#primaryimage\"},\"image\":{\"@id\":\"https:\\\/\\\/www.vecol.com.co\\\/producto\\\/dexavec\\\/#primaryimage\"},\"thumbnailUrl\":\"https:\\\/\\\/www.vecol.com.co\\\/wp-content\\\/uploads\\\/2025\\\/12\\\/Dexavec.png\",\"datePublished\":\"2025-12-29T16:16:34+00:00\",\"dateModified\":\"2025-12-29T17:26:30+00:00\",\"description\":\"En bovinos y equinos, para la inducci\u00f3n de la ovulaci\u00f3n y tanto en caso de des\u00f3rdenes ov\u00e1ricos (por ejemplo, quistes) as\u00ed como programas de mejoramiento de los \u00edndices de concepci\u00f3n en las especies indicadas.\",\"breadcrumb\":{\"@id\":\"https:\\\/\\\/www.vecol.com.co\\\/producto\\\/dexavec\\\/#breadcrumb\"},\"inLanguage\":\"en-US\",\"potentialAction\":[{\"@type\":\"ReadAction\",\"target\":[\"https:\\\/\\\/www.vecol.com.co\\\/producto\\\/dexavec\\\/\"]}]},{\"@type\":\"ImageObject\",\"inLanguage\":\"en-US\",\"@id\":\"https:\\\/\\\/www.vecol.com.co\\\/producto\\\/dexavec\\\/#primaryimage\",\"url\":\"https:\\\/\\\/www.vecol.com.co\\\/wp-content\\\/uploads\\\/2025\\\/12\\\/Dexavec.png\",\"contentUrl\":\"https:\\\/\\\/www.vecol.com.co\\\/wp-content\\\/uploads\\\/2025\\\/12\\\/Dexavec.png\",\"width\":1080,\"height\":1080},{\"@type\":\"BreadcrumbList\",\"@id\":\"https:\\\/\\\/www.vecol.com.co\\\/producto\\\/dexavec\\\/#breadcrumb\",\"itemListElement\":[{\"@type\":\"ListItem\",\"position\":1,\"name\":\"Inicio\",\"item\":\"https:\\\/\\\/www.vecol.com.co\\\/\"},{\"@type\":\"ListItem\",\"position\":2,\"name\":\"Productos\",\"item\":\"https:\\\/\\\/www.vecol.com.co\\\/productos\\\/\"},{\"@type\":\"ListItem\",\"position\":3,\"name\":\"DEXAVEC\u00ae\"}]},{\"@type\":\"WebSite\",\"@id\":\"https:\\\/\\\/www.vecol.com.co\\\/#website\",\"url\":\"https:\\\/\\\/www.vecol.com.co\\\/\",\"name\":\"VECOL\",\"description\":\"Empresa Colombiana de Productos Veterinarios\",\"publisher\":{\"@id\":\"https:\\\/\\\/www.vecol.com.co\\\/#organization\"},\"potentialAction\":[{\"@type\":\"SearchAction\",\"target\":{\"@type\":\"EntryPoint\",\"urlTemplate\":\"https:\\\/\\\/www.vecol.com.co\\\/?s={search_term_string}\"},\"query-input\":{\"@type\":\"PropertyValueSpecification\",\"valueRequired\":true,\"valueName\":\"search_term_string\"}}],\"inLanguage\":\"en-US\"},{\"@type\":\"Organization\",\"@id\":\"https:\\\/\\\/www.vecol.com.co\\\/#organization\",\"name\":\"Empresa Colombiana de Productos Veterinarios\",\"url\":\"https:\\\/\\\/www.vecol.com.co\\\/\",\"logo\":{\"@type\":\"ImageObject\",\"inLanguage\":\"en-US\",\"@id\":\"https:\\\/\\\/www.vecol.com.co\\\/#\\\/schema\\\/logo\\\/image\\\/\",\"url\":\"https:\\\/\\\/www.vecol.com.co\\\/wp-content\\\/uploads\\\/2023\\\/07\\\/logoVecol.png\",\"contentUrl\":\"https:\\\/\\\/www.vecol.com.co\\\/wp-content\\\/uploads\\\/2023\\\/07\\\/logoVecol.png\",\"width\":106,\"height\":106,\"caption\":\"Empresa Colombiana de Productos Veterinarios\"},\"image\":{\"@id\":\"https:\\\/\\\/www.vecol.com.co\\\/#\\\/schema\\\/logo\\\/image\\\/\"},\"sameAs\":[\"https:\\\/\\\/www.facebook.com\\\/vecolveterinaria\",\"https:\\\/\\\/x.com\\\/VecolColombia\"]}]}<\/script>\n<!-- \/ Yoast SEO plugin. -->","yoast_head_json":{"title":"DEXAVEC\u00ae - VECOL","description":"En bovinos y equinos, para la inducci\u00f3n de la ovulaci\u00f3n y tanto en caso de des\u00f3rdenes ov\u00e1ricos (por ejemplo, quistes) as\u00ed como programas de mejoramiento de los \u00edndices de concepci\u00f3n en las especies indicadas.","robots":{"index":"index","follow":"follow","max-snippet":"max-snippet:-1","max-image-preview":"max-image-preview:large","max-video-preview":"max-video-preview:-1"},"canonical":"https:\/\/www.vecol.com.co\/en\/product\/dexavec\/","og_locale":"en_US","og_type":"article","og_title":"DEXAVEC\u00ae - VECOL","og_description":"En bovinos y equinos, para la inducci\u00f3n de la ovulaci\u00f3n y tanto en caso de des\u00f3rdenes ov\u00e1ricos (por ejemplo, quistes) as\u00ed como programas de mejoramiento de los \u00edndices de concepci\u00f3n en las especies indicadas.","og_url":"https:\/\/www.vecol.com.co\/en\/product\/dexavec\/","og_site_name":"VECOL","article_publisher":"https:\/\/www.facebook.com\/vecolveterinaria","article_modified_time":"2025-12-29T17:26:30+00:00","og_image":[{"width":1080,"height":1080,"url":"https:\/\/www.vecol.com.co\/wp-content\/uploads\/2025\/12\/Dexavec.png","type":"image\/png"}],"twitter_card":"summary_large_image","twitter_site":"@VecolColombia","twitter_misc":{"Est. reading time":"2 minutes"},"schema":{"@context":"https:\/\/schema.org","@graph":[{"@type":"WebPage","@id":"https:\/\/www.vecol.com.co\/producto\/dexavec\/","url":"https:\/\/www.vecol.com.co\/producto\/dexavec\/","name":"DEXAVEC\u00ae - VECOL","isPartOf":{"@id":"https:\/\/www.vecol.com.co\/#website"},"primaryImageOfPage":{"@id":"https:\/\/www.vecol.com.co\/producto\/dexavec\/#primaryimage"},"image":{"@id":"https:\/\/www.vecol.com.co\/producto\/dexavec\/#primaryimage"},"thumbnailUrl":"https:\/\/www.vecol.com.co\/wp-content\/uploads\/2025\/12\/Dexavec.png","datePublished":"2025-12-29T16:16:34+00:00","dateModified":"2025-12-29T17:26:30+00:00","description":"En bovinos y equinos, para la inducci\u00f3n de la ovulaci\u00f3n y tanto en caso de des\u00f3rdenes ov\u00e1ricos (por ejemplo, quistes) as\u00ed como programas de mejoramiento de los \u00edndices de concepci\u00f3n en las especies indicadas.","breadcrumb":{"@id":"https:\/\/www.vecol.com.co\/producto\/dexavec\/#breadcrumb"},"inLanguage":"en-US","potentialAction":[{"@type":"ReadAction","target":["https:\/\/www.vecol.com.co\/producto\/dexavec\/"]}]},{"@type":"ImageObject","inLanguage":"en-US","@id":"https:\/\/www.vecol.com.co\/producto\/dexavec\/#primaryimage","url":"https:\/\/www.vecol.com.co\/wp-content\/uploads\/2025\/12\/Dexavec.png","contentUrl":"https:\/\/www.vecol.com.co\/wp-content\/uploads\/2025\/12\/Dexavec.png","width":1080,"height":1080},{"@type":"BreadcrumbList","@id":"https:\/\/www.vecol.com.co\/producto\/dexavec\/#breadcrumb","itemListElement":[{"@type":"ListItem","position":1,"name":"Inicio","item":"https:\/\/www.vecol.com.co\/"},{"@type":"ListItem","position":2,"name":"Productos","item":"https:\/\/www.vecol.com.co\/productos\/"},{"@type":"ListItem","position":3,"name":"DEXAVEC\u00ae"}]},{"@type":"WebSite","@id":"https:\/\/www.vecol.com.co\/#website","url":"https:\/\/www.vecol.com.co\/","name":"VECOL","description":"Colombian Veterinary Products Company","publisher":{"@id":"https:\/\/www.vecol.com.co\/#organization"},"potentialAction":[{"@type":"SearchAction","target":{"@type":"EntryPoint","urlTemplate":"https:\/\/www.vecol.com.co\/?s={search_term_string}"},"query-input":{"@type":"PropertyValueSpecification","valueRequired":true,"valueName":"search_term_string"}}],"inLanguage":"en-US"},{"@type":"Organization","@id":"https:\/\/www.vecol.com.co\/#organization","name":"Colombian Veterinary Products Company","url":"https:\/\/www.vecol.com.co\/","logo":{"@type":"ImageObject","inLanguage":"en-US","@id":"https:\/\/www.vecol.com.co\/#\/schema\/logo\/image\/","url":"https:\/\/www.vecol.com.co\/wp-content\/uploads\/2023\/07\/logoVecol.png","contentUrl":"https:\/\/www.vecol.com.co\/wp-content\/uploads\/2023\/07\/logoVecol.png","width":106,"height":106,"caption":"Empresa Colombiana de Productos Veterinarios"},"image":{"@id":"https:\/\/www.vecol.com.co\/#\/schema\/logo\/image\/"},"sameAs":["https:\/\/www.facebook.com\/vecolveterinaria","https:\/\/x.com\/VecolColombia"]}]}},"_links":{"self":[{"href":"https:\/\/www.vecol.com.co\/en\/wp-json\/wp\/v2\/product\/12125","targetHints":{"allow":["GET"]}}],"collection":[{"href":"https:\/\/www.vecol.com.co\/en\/wp-json\/wp\/v2\/product"}],"about":[{"href":"https:\/\/www.vecol.com.co\/en\/wp-json\/wp\/v2\/types\/product"}],"wp:featuredmedia":[{"embeddable":true,"href":"https:\/\/www.vecol.com.co\/en\/wp-json\/wp\/v2\/media\/12139"}],"wp:attachment":[{"href":"https:\/\/www.vecol.com.co\/en\/wp-json\/wp\/v2\/media?parent=12125"}],"wp:term":[{"taxonomy":"product_brand","embeddable":true,"href":"https:\/\/www.vecol.com.co\/en\/wp-json\/wp\/v2\/product_brand?post=12125"},{"taxonomy":"product_cat","embeddable":true,"href":"https:\/\/www.vecol.com.co\/en\/wp-json\/wp\/v2\/product_cat?post=12125"},{"taxonomy":"product_tag","embeddable":true,"href":"https:\/\/www.vecol.com.co\/en\/wp-json\/wp\/v2\/product_tag?post=12125"}],"curies":[{"name":"wp","href":"https:\/\/api.w.org\/{rel}","templated":true}]}}