{"id":11884,"date":"2025-04-03T14:11:57","date_gmt":"2025-04-03T19:11:57","guid":{"rendered":"https:\/\/www.vecol.com.co\/?post_type=product&#038;p=11884"},"modified":"2025-04-03T14:15:27","modified_gmt":"2025-04-03T19:15:27","slug":"korda-vecol-100-sc","status":"publish","type":"product","link":"https:\/\/www.vecol.com.co\/en\/product\/korda-vecol-100-sc\/","title":{"rendered":"KORDA VECOL 100 SC"},"content":{"rendered":"<table width=\"572\">\n<tbody>\n<tr>\n<td width=\"152\"><strong>DESCRIPCI\u00d3N<\/strong><\/td>\n<td width=\"420\"><b>KORDA<\/b><b>\u00ae<\/b><b> VECOL 100 SC<\/b><span style=\"font-weight: 400;\">, es un insecticida que act\u00faa por contacto e ingesti\u00f3n y no es sist\u00e9mico.<\/span><\/td>\n<\/tr>\n<tr>\n<td width=\"152\"><strong>PRESENTACI\u00d3N Y FORMULACI\u00d3N<\/strong><\/p>\n<p><strong>\u00a0<\/strong><\/td>\n<td width=\"420\"><span style=\"font-weight: 400;\">1 Litro y 20 Litros \u2013 | Suspensi\u00f3n Concentrada (SC)<\/span><\/td>\n<\/tr>\n<tr>\n<td width=\"152\"><strong>COMPOSICI\u00d3N<\/strong><\/td>\n<td width=\"420\"><b>Indoxacarb\u2026..\u00a0 85 g\/L<\/b><\/p>\n<p><b>Emamectin Benzoate\u2026..<\/b> <b>15 g\/L<\/b><\/td>\n<\/tr>\n<tr>\n<td width=\"152\"><strong>CONTRAINDICACIONES &#8211; FITOTOXICIDAD &#8211; COMPATIBILIDAD<\/strong><\/td>\n<td width=\"420\"><span style=\"font-weight: 400;\">Se recomienda hacer pruebas previas de compatibilidad con otros productos. Es compatible con la mayor\u00eda de los productos fitosanitarios. Sin embargo, Antes de mezclar con otro producto se recomienda efectuar previamente una prueba de compatibilidad f\u00edsica a las dosis recomendadas. Si se realizan mezclas se deben hacer previamente pruebas de compatibilidad f\u00edsica a las dosis recomendadas. Evite la contaminaci\u00f3n con agentes alcalinos, \u00e1cidos fuertes y agentes oxidantes.<\/span><\/td>\n<\/tr>\n<tr>\n<td width=\"152\"><strong>FORMA DE ADMINISTRACI\u00d3N<\/strong><\/td>\n<td width=\"420\"><span style=\"font-weight: 400;\">Se utilizar\u00e1 aplicaci\u00f3n de tipo foliar dirigida a las hojas de las plantas, con bomba de espalda, o el equipo dispuesto en el cultivo para la aspersi\u00f3n foliar del producto, debidamente aforada y calibrada para establecer el volumen de descarga requerido para cada aplicaci\u00f3n en el tratamiento correspondiente.<\/span><\/p>\n<p><span style=\"font-weight: 400;\">Se tiene programada una (1) sola aplicaci\u00f3n, a campo abierto o bajo invernadero cuando se observe da\u00f1o inicial de frutos perforados o larvas en los terminales de las plantas.<\/span><\/td>\n<\/tr>\n<tr>\n<td width=\"152\"><strong>MODO DE ACCI\u00d3N<\/strong><\/td>\n<td width=\"420\"><span style=\"font-weight: 400;\">Indoxacarb: El mecanismo por el cual los insecticidas SCI inhiben la funci\u00f3n de los canales de sodio es un nuevo modo de acci\u00f3n del insecticida sobre los canales de sodio. Los insecticidas SCI se distinguen de los piretroides y los an\u00e1logos del DDT, que tambi\u00e9n se dirigen al canal de sodio dependiente de voltaje, no solo por sus efectos claramente diferentes sobre la funci\u00f3n del canal, sino tambi\u00e9n por sus dominios de uni\u00f3n discretos.<\/span><\/p>\n<p><span style=\"font-weight: 400;\">Emamectin Benzoate: Act\u00faa estimulando la liberaci\u00f3n del \u00e1cido \u03b3-amino but\u00edrico, un neurotransmisor inhibidor, que causa par\u00e1lisis de insectos a las pocas horas de ingesti\u00f3n y posterior muerte.<\/span><\/td>\n<\/tr>\n<tr>\n<td width=\"152\"><strong>REGISTRO ICA N\u00b0<\/strong><\/td>\n<td width=\"420\"><span style=\"font-weight: 400;\">PL0001012025 a nombre de Vecol S.A. <\/span><\/td>\n<\/tr>\n<tr>\n<td width=\"152\"><strong>BLANCO BIOL\u00d3GICO<\/strong><\/td>\n<td width=\"420\">\n<p style=\"text-align: justify;\"><span style=\"font-weight: 400;\">Gusano Cogollero (Tuta absoluta)<\/span><\/p>\n<\/td>\n<\/tr>\n<tr>\n<td width=\"152\"><strong>CULTIVOS<\/strong><\/td>\n<td width=\"420\"><span style=\"font-weight: 400;\">Tomate<\/span><\/td>\n<\/tr>\n<tr>\n<td width=\"152\"><strong>DOSIS POR CULTIVO<\/strong><\/td>\n<td width=\"420\">\n<p style=\"text-align: justify;\"><span style=\"font-weight: 400;\"><b>\u00a0<\/b>0,40 l\/ha<\/span><\/p>\n<\/td>\n<\/tr>\n<tr>\n<td width=\"152\"><strong>TIPO PRODUCTO <\/strong><\/td>\n<td width=\"420\">\n<p style=\"text-align: justify;\"><b>Insecticida<\/b><\/p>\n<\/td>\n<\/tr>\n<tr>\n<td width=\"152\"><strong>PERIODO DE REENTRADA<\/strong><\/td>\n<td width=\"420\"><b>CULTIVO: <\/b><span style=\"font-weight: 400;\">Tomate<\/span><\/p>\n<p><b>PR: <\/b><span style=\"font-weight: 400;\">4 horas<\/span><\/td>\n<\/tr>\n<tr>\n<td width=\"152\"><strong>PERIODO DE CARENCIA<\/strong><\/td>\n<td width=\"420\"><b>CULTIVO: <\/b><span style=\"font-weight: 400;\">Tomate<\/span><\/p>\n<p><b>PC: <\/b><span style=\"font-weight: 400;\">7 d\u00edas<\/span><\/td>\n<\/tr>\n<tr>\n<td width=\"152\"><strong>PRECAUCIONES Y ALMACENAMIENTO<\/strong><\/td>\n<td width=\"420\"><span style=\"font-weight: 400;\">Para aplicaciones terrestres, se deben dejar franjas de seguridad de 10 metros, con relaci\u00f3n a los cuerpos de agua.<\/span><\/p>\n<ul>\n<li style=\"font-weight: 400;\" aria-level=\"1\"><b>Organismos acu\u00e1ticos: <\/b><span style=\"font-weight: 400;\">Extremadamente t\u00f3xico para organismos acu\u00e1ticos.<\/span><\/li>\n<li style=\"font-weight: 400;\" aria-level=\"1\"><b>Aves<\/b><span style=\"font-weight: 400;\">: No presenta riesgo cr\u00f3nico para las aves.<\/span><\/li>\n<li style=\"font-weight: 400;\" aria-level=\"1\"><b>Abejas <\/b><span style=\"font-weight: 400;\">T\u00f3xico para abejas.<\/span><\/li>\n<li aria-level=\"1\"><b>Lombriz de tierra<\/b><span style=\"font-weight: 400;\">: No se presenta riesgo para lombriz de tierra.<\/span><\/li>\n<\/ul>\n<\/td>\n<\/tr>\n<tr>\n<td width=\"152\"><b>ALMACENAMIENTO Y MANEJO DEL PRODUCTO<\/b><\/td>\n<td width=\"420\"><span style=\"font-weight: 400;\">\u201cNing\u00fan envase que haya contenido plaguicidas debe reutilizarce. despu\u00e9s de usar el contenido, enjuague tres veces este envase y vierta la soluci\u00f3n en la mezcla de aplicaci\u00f3n y luego inutil\u00edcelo, tritur\u00e1ndolo o perfor\u00e1ndolo. Entregue o deposite el envase en el lugar de destino dispuesto por la autoridad competente, para su gesti\u00f3n\u201d.<\/span><\/td>\n<\/tr>\n<tr>\n<td width=\"152\"><strong>REGISTRO ICA<\/strong><\/td>\n<td width=\"420\">\n<p style=\"text-align: justify;\"><span style=\"font-weight: 400;\">PL0001012025 a nombre de Vecol S.A. <\/span><\/p>\n<\/td>\n<\/tr>\n<\/tbody>\n<\/table>","protected":false},"excerpt":{"rendered":"<p>DESCRIPCI\u00d3N KORDA\u00ae VECOL 100 SC, es un insecticida que act\u00faa por contacto e ingesti\u00f3n y no es sist\u00e9mico. PRESENTACI\u00d3N Y FORMULACI\u00d3N \u00a0 1 Litro y 20 Litros \u2013 | Suspensi\u00f3n Concentrada (SC) COMPOSICI\u00d3N Indoxacarb\u2026..\u00a0 85 g\/L Emamectin Benzoate\u2026.. 15 g\/L CONTRAINDICACIONES &#8211; FITOTOXICIDAD &#8211; COMPATIBILIDAD Se recomienda hacer pruebas previas de compatibilidad con otros productos. [&hellip;]<\/p>\n","protected":false},"featured_media":11885,"template":"","meta":{"_acf_changed":false,"site-sidebar-layout":"default","site-content-layout":"","ast-site-content-layout":"default","site-content-style":"default","site-sidebar-style":"default","ast-global-header-display":"","ast-banner-title-visibility":"","ast-main-header-display":"","ast-hfb-above-header-display":"","ast-hfb-below-header-display":"","ast-hfb-mobile-header-display":"","site-post-title":"","ast-breadcrumbs-content":"","ast-featured-img":"","footer-sml-layout":"","ast-disable-related-posts":"","theme-transparent-header-meta":"default","adv-header-id-meta":"","stick-header-meta":"","header-above-stick-meta":"","header-main-stick-meta":"","header-below-stick-meta":"","astra-migrate-meta-layouts":"set","ast-page-background-enabled":"default","ast-page-background-meta":{"desktop":{"background-color":"","background-image":"","background-repeat":"repeat","background-position":"center center","background-size":"auto","background-attachment":"scroll","background-type":"","background-media":"","overlay-type":"","overlay-color":"","overlay-opacity":"","overlay-gradient":""},"tablet":{"background-color":"","background-image":"","background-repeat":"repeat","background-position":"center center","background-size":"auto","background-attachment":"scroll","background-type":"","background-media":"","overlay-type":"","overlay-color":"","overlay-opacity":"","overlay-gradient":""},"mobile":{"background-color":"","background-image":"","background-repeat":"repeat","background-position":"center center","background-size":"auto","background-attachment":"scroll","background-type":"","background-media":"","overlay-type":"","overlay-color":"","overlay-opacity":"","overlay-gradient":""}},"ast-content-background-meta":{"desktop":{"background-color":"var(--ast-global-color-5)","background-image":"","background-repeat":"repeat","background-position":"center center","background-size":"auto","background-attachment":"scroll","background-type":"","background-media":"","overlay-type":"","overlay-color":"","overlay-opacity":"","overlay-gradient":""},"tablet":{"background-color":"var(--ast-global-color-5)","background-image":"","background-repeat":"repeat","background-position":"center center","background-size":"auto","background-attachment":"scroll","background-type":"","background-media":"","overlay-type":"","overlay-color":"","overlay-opacity":"","overlay-gradient":""},"mobile":{"background-color":"var(--ast-global-color-5)","background-image":"","background-repeat":"repeat","background-position":"center center","background-size":"auto","background-attachment":"scroll","background-type":"","background-media":"","overlay-type":"","overlay-color":"","overlay-opacity":"","overlay-gradient":""}}},"product_brand":[],"product_cat":[23,45,120],"product_tag":[],"class_list":{"0":"post-11884","1":"product","2":"type-product","3":"status-publish","4":"has-post-thumbnail","6":"product_cat-agricola-y-fertilizantes","7":"product_cat-insecticidas","8":"product_cat-nuevos-productos","9":"desktop-align-left","10":"tablet-align-left","11":"mobile-align-left","13":"first","14":"instock","15":"shipping-taxable","16":"product-type-simple"},"acf":[],"yoast_head":"<!-- This site is optimized with the Yoast SEO plugin v27.3 - https:\/\/yoast.com\/product\/yoast-seo-wordpress\/ -->\n<title>KORDA VECOL 100 SC - VECOL<\/title>\n<meta name=\"robots\" content=\"index, follow, max-snippet:-1, max-image-preview:large, max-video-preview:-1\" \/>\n<link rel=\"canonical\" href=\"https:\/\/www.vecol.com.co\/en\/product\/korda-vecol-100-sc\/\" \/>\n<meta property=\"og:locale\" content=\"en_US\" \/>\n<meta property=\"og:type\" content=\"article\" \/>\n<meta property=\"og:title\" content=\"KORDA VECOL 100 SC - VECOL\" \/>\n<meta property=\"og:description\" content=\"DESCRIPCI\u00d3N KORDA\u00ae VECOL 100 SC, es un insecticida que act\u00faa por contacto e ingesti\u00f3n y no es sist\u00e9mico. PRESENTACI\u00d3N Y FORMULACI\u00d3N \u00a0 1 Litro y 20 Litros \u2013 | Suspensi\u00f3n Concentrada (SC) COMPOSICI\u00d3N Indoxacarb\u2026..\u00a0 85 g\/L Emamectin Benzoate\u2026.. 15 g\/L CONTRAINDICACIONES &#8211; FITOTOXICIDAD &#8211; COMPATIBILIDAD Se recomienda hacer pruebas previas de compatibilidad con otros productos. [&hellip;]\" \/>\n<meta property=\"og:url\" content=\"https:\/\/www.vecol.com.co\/en\/product\/korda-vecol-100-sc\/\" \/>\n<meta property=\"og:site_name\" content=\"VECOL\" \/>\n<meta property=\"article:publisher\" content=\"https:\/\/www.facebook.com\/vecolveterinaria\" \/>\n<meta property=\"article:modified_time\" content=\"2025-04-03T19:15:27+00:00\" \/>\n<meta property=\"og:image\" content=\"https:\/\/www.vecol.com.co\/wp-content\/uploads\/2025\/04\/Korda-Provisional-1.png\" \/>\n\t<meta property=\"og:image:width\" content=\"900\" \/>\n\t<meta property=\"og:image:height\" content=\"900\" \/>\n\t<meta property=\"og:image:type\" content=\"image\/png\" \/>\n<meta name=\"twitter:card\" content=\"summary_large_image\" \/>\n<meta name=\"twitter:site\" content=\"@VecolColombia\" \/>\n<meta name=\"twitter:label1\" content=\"Est. reading time\" \/>\n\t<meta name=\"twitter:data1\" content=\"2 minutes\" \/>\n<script type=\"application\/ld+json\" class=\"yoast-schema-graph\">{\"@context\":\"https:\\\/\\\/schema.org\",\"@graph\":[{\"@type\":\"WebPage\",\"@id\":\"https:\\\/\\\/www.vecol.com.co\\\/producto\\\/korda-vecol-100-sc\\\/\",\"url\":\"https:\\\/\\\/www.vecol.com.co\\\/producto\\\/korda-vecol-100-sc\\\/\",\"name\":\"KORDA VECOL 100 SC - VECOL\",\"isPartOf\":{\"@id\":\"https:\\\/\\\/www.vecol.com.co\\\/#website\"},\"primaryImageOfPage\":{\"@id\":\"https:\\\/\\\/www.vecol.com.co\\\/producto\\\/korda-vecol-100-sc\\\/#primaryimage\"},\"image\":{\"@id\":\"https:\\\/\\\/www.vecol.com.co\\\/producto\\\/korda-vecol-100-sc\\\/#primaryimage\"},\"thumbnailUrl\":\"https:\\\/\\\/www.vecol.com.co\\\/wp-content\\\/uploads\\\/2025\\\/04\\\/Korda-Provisional-1.png\",\"datePublished\":\"2025-04-03T19:11:57+00:00\",\"dateModified\":\"2025-04-03T19:15:27+00:00\",\"breadcrumb\":{\"@id\":\"https:\\\/\\\/www.vecol.com.co\\\/producto\\\/korda-vecol-100-sc\\\/#breadcrumb\"},\"inLanguage\":\"en-US\",\"potentialAction\":[{\"@type\":\"ReadAction\",\"target\":[\"https:\\\/\\\/www.vecol.com.co\\\/producto\\\/korda-vecol-100-sc\\\/\"]}]},{\"@type\":\"ImageObject\",\"inLanguage\":\"en-US\",\"@id\":\"https:\\\/\\\/www.vecol.com.co\\\/producto\\\/korda-vecol-100-sc\\\/#primaryimage\",\"url\":\"https:\\\/\\\/www.vecol.com.co\\\/wp-content\\\/uploads\\\/2025\\\/04\\\/Korda-Provisional-1.png\",\"contentUrl\":\"https:\\\/\\\/www.vecol.com.co\\\/wp-content\\\/uploads\\\/2025\\\/04\\\/Korda-Provisional-1.png\",\"width\":900,\"height\":900},{\"@type\":\"BreadcrumbList\",\"@id\":\"https:\\\/\\\/www.vecol.com.co\\\/producto\\\/korda-vecol-100-sc\\\/#breadcrumb\",\"itemListElement\":[{\"@type\":\"ListItem\",\"position\":1,\"name\":\"Inicio\",\"item\":\"https:\\\/\\\/www.vecol.com.co\\\/\"},{\"@type\":\"ListItem\",\"position\":2,\"name\":\"Productos\",\"item\":\"https:\\\/\\\/www.vecol.com.co\\\/productos\\\/\"},{\"@type\":\"ListItem\",\"position\":3,\"name\":\"KORDA VECOL 100 SC\"}]},{\"@type\":\"WebSite\",\"@id\":\"https:\\\/\\\/www.vecol.com.co\\\/#website\",\"url\":\"https:\\\/\\\/www.vecol.com.co\\\/\",\"name\":\"VECOL\",\"description\":\"Empresa Colombiana de Productos Veterinarios\",\"publisher\":{\"@id\":\"https:\\\/\\\/www.vecol.com.co\\\/#organization\"},\"potentialAction\":[{\"@type\":\"SearchAction\",\"target\":{\"@type\":\"EntryPoint\",\"urlTemplate\":\"https:\\\/\\\/www.vecol.com.co\\\/?s={search_term_string}\"},\"query-input\":{\"@type\":\"PropertyValueSpecification\",\"valueRequired\":true,\"valueName\":\"search_term_string\"}}],\"inLanguage\":\"en-US\"},{\"@type\":\"Organization\",\"@id\":\"https:\\\/\\\/www.vecol.com.co\\\/#organization\",\"name\":\"Empresa Colombiana de Productos Veterinarios\",\"url\":\"https:\\\/\\\/www.vecol.com.co\\\/\",\"logo\":{\"@type\":\"ImageObject\",\"inLanguage\":\"en-US\",\"@id\":\"https:\\\/\\\/www.vecol.com.co\\\/#\\\/schema\\\/logo\\\/image\\\/\",\"url\":\"https:\\\/\\\/www.vecol.com.co\\\/wp-content\\\/uploads\\\/2023\\\/07\\\/logoVecol.png\",\"contentUrl\":\"https:\\\/\\\/www.vecol.com.co\\\/wp-content\\\/uploads\\\/2023\\\/07\\\/logoVecol.png\",\"width\":106,\"height\":106,\"caption\":\"Empresa Colombiana de Productos Veterinarios\"},\"image\":{\"@id\":\"https:\\\/\\\/www.vecol.com.co\\\/#\\\/schema\\\/logo\\\/image\\\/\"},\"sameAs\":[\"https:\\\/\\\/www.facebook.com\\\/vecolveterinaria\",\"https:\\\/\\\/x.com\\\/VecolColombia\"]}]}<\/script>\n<!-- \/ Yoast SEO plugin. -->","yoast_head_json":{"title":"KORDA VECOL 100 SC - VECOL","robots":{"index":"index","follow":"follow","max-snippet":"max-snippet:-1","max-image-preview":"max-image-preview:large","max-video-preview":"max-video-preview:-1"},"canonical":"https:\/\/www.vecol.com.co\/en\/product\/korda-vecol-100-sc\/","og_locale":"en_US","og_type":"article","og_title":"KORDA VECOL 100 SC - VECOL","og_description":"DESCRIPCI\u00d3N KORDA\u00ae VECOL 100 SC, es un insecticida que act\u00faa por contacto e ingesti\u00f3n y no es sist\u00e9mico. PRESENTACI\u00d3N Y FORMULACI\u00d3N \u00a0 1 Litro y 20 Litros \u2013 | Suspensi\u00f3n Concentrada (SC) COMPOSICI\u00d3N Indoxacarb\u2026..\u00a0 85 g\/L Emamectin Benzoate\u2026.. 15 g\/L CONTRAINDICACIONES &#8211; FITOTOXICIDAD &#8211; COMPATIBILIDAD Se recomienda hacer pruebas previas de compatibilidad con otros productos. [&hellip;]","og_url":"https:\/\/www.vecol.com.co\/en\/product\/korda-vecol-100-sc\/","og_site_name":"VECOL","article_publisher":"https:\/\/www.facebook.com\/vecolveterinaria","article_modified_time":"2025-04-03T19:15:27+00:00","og_image":[{"width":900,"height":900,"url":"https:\/\/www.vecol.com.co\/wp-content\/uploads\/2025\/04\/Korda-Provisional-1.png","type":"image\/png"}],"twitter_card":"summary_large_image","twitter_site":"@VecolColombia","twitter_misc":{"Est. reading time":"2 minutes"},"schema":{"@context":"https:\/\/schema.org","@graph":[{"@type":"WebPage","@id":"https:\/\/www.vecol.com.co\/producto\/korda-vecol-100-sc\/","url":"https:\/\/www.vecol.com.co\/producto\/korda-vecol-100-sc\/","name":"KORDA VECOL 100 SC - VECOL","isPartOf":{"@id":"https:\/\/www.vecol.com.co\/#website"},"primaryImageOfPage":{"@id":"https:\/\/www.vecol.com.co\/producto\/korda-vecol-100-sc\/#primaryimage"},"image":{"@id":"https:\/\/www.vecol.com.co\/producto\/korda-vecol-100-sc\/#primaryimage"},"thumbnailUrl":"https:\/\/www.vecol.com.co\/wp-content\/uploads\/2025\/04\/Korda-Provisional-1.png","datePublished":"2025-04-03T19:11:57+00:00","dateModified":"2025-04-03T19:15:27+00:00","breadcrumb":{"@id":"https:\/\/www.vecol.com.co\/producto\/korda-vecol-100-sc\/#breadcrumb"},"inLanguage":"en-US","potentialAction":[{"@type":"ReadAction","target":["https:\/\/www.vecol.com.co\/producto\/korda-vecol-100-sc\/"]}]},{"@type":"ImageObject","inLanguage":"en-US","@id":"https:\/\/www.vecol.com.co\/producto\/korda-vecol-100-sc\/#primaryimage","url":"https:\/\/www.vecol.com.co\/wp-content\/uploads\/2025\/04\/Korda-Provisional-1.png","contentUrl":"https:\/\/www.vecol.com.co\/wp-content\/uploads\/2025\/04\/Korda-Provisional-1.png","width":900,"height":900},{"@type":"BreadcrumbList","@id":"https:\/\/www.vecol.com.co\/producto\/korda-vecol-100-sc\/#breadcrumb","itemListElement":[{"@type":"ListItem","position":1,"name":"Inicio","item":"https:\/\/www.vecol.com.co\/"},{"@type":"ListItem","position":2,"name":"Productos","item":"https:\/\/www.vecol.com.co\/productos\/"},{"@type":"ListItem","position":3,"name":"KORDA VECOL 100 SC"}]},{"@type":"WebSite","@id":"https:\/\/www.vecol.com.co\/#website","url":"https:\/\/www.vecol.com.co\/","name":"VECOL","description":"Colombian Veterinary Products Company","publisher":{"@id":"https:\/\/www.vecol.com.co\/#organization"},"potentialAction":[{"@type":"SearchAction","target":{"@type":"EntryPoint","urlTemplate":"https:\/\/www.vecol.com.co\/?s={search_term_string}"},"query-input":{"@type":"PropertyValueSpecification","valueRequired":true,"valueName":"search_term_string"}}],"inLanguage":"en-US"},{"@type":"Organization","@id":"https:\/\/www.vecol.com.co\/#organization","name":"Colombian Veterinary Products Company","url":"https:\/\/www.vecol.com.co\/","logo":{"@type":"ImageObject","inLanguage":"en-US","@id":"https:\/\/www.vecol.com.co\/#\/schema\/logo\/image\/","url":"https:\/\/www.vecol.com.co\/wp-content\/uploads\/2023\/07\/logoVecol.png","contentUrl":"https:\/\/www.vecol.com.co\/wp-content\/uploads\/2023\/07\/logoVecol.png","width":106,"height":106,"caption":"Empresa Colombiana de Productos Veterinarios"},"image":{"@id":"https:\/\/www.vecol.com.co\/#\/schema\/logo\/image\/"},"sameAs":["https:\/\/www.facebook.com\/vecolveterinaria","https:\/\/x.com\/VecolColombia"]}]}},"_links":{"self":[{"href":"https:\/\/www.vecol.com.co\/en\/wp-json\/wp\/v2\/product\/11884","targetHints":{"allow":["GET"]}}],"collection":[{"href":"https:\/\/www.vecol.com.co\/en\/wp-json\/wp\/v2\/product"}],"about":[{"href":"https:\/\/www.vecol.com.co\/en\/wp-json\/wp\/v2\/types\/product"}],"wp:featuredmedia":[{"embeddable":true,"href":"https:\/\/www.vecol.com.co\/en\/wp-json\/wp\/v2\/media\/11885"}],"wp:attachment":[{"href":"https:\/\/www.vecol.com.co\/en\/wp-json\/wp\/v2\/media?parent=11884"}],"wp:term":[{"taxonomy":"product_brand","embeddable":true,"href":"https:\/\/www.vecol.com.co\/en\/wp-json\/wp\/v2\/product_brand?post=11884"},{"taxonomy":"product_cat","embeddable":true,"href":"https:\/\/www.vecol.com.co\/en\/wp-json\/wp\/v2\/product_cat?post=11884"},{"taxonomy":"product_tag","embeddable":true,"href":"https:\/\/www.vecol.com.co\/en\/wp-json\/wp\/v2\/product_tag?post=11884"}],"curies":[{"name":"wp","href":"https:\/\/api.w.org\/{rel}","templated":true}]}}