{"id":11880,"date":"2025-04-03T14:11:08","date_gmt":"2025-04-03T19:11:08","guid":{"rendered":"https:\/\/www.vecol.com.co\/?post_type=product&#038;p=11880"},"modified":"2025-04-03T14:11:08","modified_gmt":"2025-04-03T19:11:08","slug":"defkon-vecol-200-sc","status":"publish","type":"product","link":"https:\/\/www.vecol.com.co\/en\/product\/defkon-vecol-200-sc\/","title":{"rendered":"DEFKON VECOL 200 SC"},"content":{"rendered":"<table width=\"572\">\n<tbody>\n<tr>\n<td width=\"152\"><strong>DESCRIPCI\u00d3N<\/strong><\/td>\n<td width=\"420\"><b>DEFKON<\/b><b>\u00ae<\/b><b> VECOL 200 SC <\/b><span style=\"font-weight: 400;\">Es un acaricida que act\u00faa por contacto e ingesti\u00f3n y no es sist\u00e9mico<\/span><\/td>\n<\/tr>\n<tr>\n<td width=\"152\"><strong>PRESENTACI\u00d3N Y FORMULACI\u00d3N<\/strong><\/p>\n<p><strong>\u00a0<\/strong><\/td>\n<td width=\"420\"><span style=\"font-weight: 400;\">1 Litro y 20 Litros \u2013 | Suspensi\u00f3n Concentrada (SC)<\/span><\/td>\n<\/tr>\n<tr>\n<td width=\"152\"><strong>COMPOSICI\u00d3N<\/strong><\/td>\n<td width=\"420\"><span style=\"font-weight: 400;\">Etoxazole\u2026.. 160 g\/l<\/span><\/p>\n<p><span style=\"font-weight: 400;\">Abamectina\u2026.. 40 g\/l<\/span><\/p>\n<p><span style=\"font-weight: 400;\">Ingredientes aditivos c.s.p. \u2026.. 1 l<\/span><\/td>\n<\/tr>\n<tr>\n<td width=\"152\"><strong>CONTRAINDICACIONES &#8211; FITOTOXICIDAD &#8211; COMPATIBILIDAD<\/strong><\/td>\n<td width=\"420\"><span style=\"font-weight: 400;\">Se recomienda hacer pruebas previas de compatibilidad con otros productos. Es compatible con la mayor\u00eda de los productos fitosanitarios. Sin embargo, Antes de mezclar con otro producto se recomienda efectuar previamente una prueba de compatibilidad f\u00edsica a las dosis recomendadas. Si se realizan mezclas se deben hacer previamente pruebas de compatibilidad f\u00edsica a las dosis recomendadas. Evite la contaminaci\u00f3n con agentes alcalinos, \u00e1cidos fuertes y agentes oxidantes.<\/span><\/td>\n<\/tr>\n<tr>\n<td width=\"152\"><strong>FORMA DE ADMINISTRACI\u00d3N<\/strong><\/td>\n<td width=\"420\">\n<p style=\"text-align: justify;\"><span style=\"font-weight: 400;\">Se utilizar\u00e1 aplicaci\u00f3n de tipo foliar dirigida a las hojas de las plantas, con bomba de espalda, o el equipo dispuesto en el cultivo para la aspersi\u00f3n foliar del producto, debidamente aforada y calibrada para establecer el volumen de descarga requerido para cada aplicaci\u00f3n en el tratamiento correspondiente. Se tiene programada una (1) sola aplicaci\u00f3n. A campo abierto o bajo invernadero.<\/span><\/p>\n<\/td>\n<\/tr>\n<tr>\n<td width=\"152\"><strong>MODO DE ACCI\u00d3N<\/strong><\/td>\n<td width=\"420\"><span style=\"font-weight: 400;\">Etoxazole: Act\u00faa inhibiendo la s\u00edntesis de quitina. Origina la alteraci\u00f3n de la muda, crecimiento y desarrollo de los estados inmaduros (larvas y ninfas).<\/span><\/p>\n<p><span style=\"font-weight: 400;\">Abamectin: Act\u00faa estimulando la liberaci\u00f3n pre-sin\u00e1ptica de un neurotransmisor inhibitorio, el \u00e1cido gamma-aminobut\u00edrico (GABA). Los \u00e1caros quedan irreversiblemente paralizados y mueren<\/span><\/td>\n<\/tr>\n<tr>\n<td width=\"152\"><strong>REGISTRO ICA N\u00b0<\/strong><\/td>\n<td width=\"420\"><span style=\"font-weight: 400;\">PL0004702024 a nombre de Vecol S.A. <\/span><\/td>\n<\/tr>\n<tr>\n<td width=\"152\"><strong>BLANCO BIOL\u00d3GICO<\/strong><\/td>\n<td width=\"420\">\n<p style=\"text-align: justify;\"><b>\u00c1caros (Panonychus Citri), \u00e1caros (Tetranychus spp)<\/b><\/p>\n<\/td>\n<\/tr>\n<tr>\n<td width=\"152\"><strong>CULTIVOS<\/strong><\/td>\n<td width=\"420\"><span style=\"font-weight: 400;\">C\u00edtricos<br \/>\nRosas<br \/>\n<\/span><\/td>\n<\/tr>\n<tr>\n<td width=\"152\"><strong>DOSIS POR CULTIVO<\/strong><\/td>\n<td width=\"420\">\n<p style=\"text-align: justify;\"><span style=\"font-weight: 400;\">0,35 l\/ha<br \/>\n0,45 l\/ha<br \/>\n<\/span><\/p>\n<\/td>\n<\/tr>\n<tr>\n<td width=\"152\"><strong>TIPO PRODUCTO <\/strong><\/td>\n<td width=\"420\">\n<p style=\"text-align: justify;\"><b>Insecticida \u2013 Acaricida<\/b><\/p>\n<\/td>\n<\/tr>\n<tr>\n<td width=\"152\"><strong>PERIODO DE REENTRADA<\/strong><\/td>\n<td width=\"420\"><b>CULTIVO: <\/b><span style=\"font-weight: 400;\">C\u00edtricos<\/span><\/p>\n<p><b>PR: <\/b><span style=\"font-weight: 400;\">4 horas<\/span><\/p>\n<p><b>CULTIVO: <\/b>Rosas<b><br \/>\n<\/b><span style=\"font-weight: 400;\"><strong>PR:<\/strong> 4 horas<\/span><\/td>\n<\/tr>\n<tr>\n<td width=\"152\"><strong>PERIODO DE CARENCIA<\/strong><\/td>\n<td width=\"420\"><b>CULTIVO: <\/b><span style=\"font-weight: 400;\">C\u00edtricos<\/span><\/p>\n<p><b>PC: <\/b><span style=\"font-weight: 400;\">7 d\u00edas<\/span><\/p>\n<p><b>CULTIVO: Rosas: <\/b><span style=\"font-weight: 400;\">4 horas<\/span><\/p>\n<p><span style=\"font-weight: 400;\"><strong>PC:<\/strong> N.A<\/span><\/td>\n<\/tr>\n<tr>\n<td width=\"152\"><strong>PRECAUCIONES Y ALMACENAMIENTO<\/strong><\/td>\n<td width=\"420\"><b>Evaluaci\u00f3n del Riesgo ambiental:<\/b><\/p>\n<ul>\n<li style=\"font-weight: 400;\" aria-level=\"1\"><span style=\"font-weight: 400;\">Estabilidad qu\u00edmica: estable a temperatura y presi\u00f3n ambiente normales.<\/span><\/li>\n<li style=\"font-weight: 400;\" aria-level=\"1\"><span style=\"font-weight: 400;\">Condiciones a evitar: No se conocen.<\/span><\/li>\n<li style=\"font-weight: 400;\" aria-level=\"1\"><span style=\"font-weight: 400;\">Materiales incompatibles: Ninguno conocido.<\/span><\/li>\n<li style=\"font-weight: 400;\" aria-level=\"1\"><span style=\"font-weight: 400;\">Productos de descomposici\u00f3n peligrosos: La combusti\u00f3n o la descomposici\u00f3n t\u00e9rmica desarrollar\u00e1n vapores t\u00f3xicos e irritantes.<\/span><\/li>\n<li style=\"font-weight: 400;\" aria-level=\"1\"><span style=\"font-weight: 400;\">Reacciones peligrosas: Ninguna conocida.<\/span><\/li>\n<li style=\"font-weight: 400;\" aria-level=\"1\"><span style=\"font-weight: 400;\">Polimerizaci\u00f3n peligrosa: no ocurrir\u00e1.<\/span><\/li>\n<li style=\"font-weight: 400;\" aria-level=\"1\"><span style=\"font-weight: 400;\">No existe evidencia de fitotoxicidad para las condiciones de uso bajo las cuales com\u00fanmente se recomienda el producto; sin embargo, en el caso de nuevas variedades o h\u00edbridos vegetales se recomienda realizar pruebas previas.<\/span><\/li>\n<\/ul>\n<\/td>\n<\/tr>\n<tr>\n<td width=\"152\"><b>ALMACENAMIENTO Y MANEJO DEL PRODUCTO<\/b><\/td>\n<td width=\"420\"><b>ALMACENAJE<\/b><span style=\"font-weight: 400;\">: El producto es estable en condiciones normales de almacenamiento. Almacenar en contenedores cerrados, y etiquetados. El almac\u00e9n se deber\u00eda construir con material incombustible y suelo impermeable, y estar cerrado, seco, y ventilado, y no deber\u00eda tener acceso de personal no autorizado o ni\u00f1os. El almac\u00e9n se deber\u00eda utilizar s\u00f3lo para el almacenamiento de productos qu\u00edmicos. Comida, bebida y piensos no deber\u00edan estar almacenados en las proximidades. Deber\u00eda estar accesible una estaci\u00f3n de lavado de manos.<\/span><\/p>\n<p><b>DISPOSICI\u00d3N: <\/b><span style=\"font-weight: 400;\">Este producto est\u00e1 registrado como fitosanitario, s\u00f3lo puede ser utilizado para las aplicaciones para las que est\u00e1 registrado, de acuerdo con una etiqueta aprobada por las autoridades reguladoras.<\/span><\/td>\n<\/tr>\n<tr>\n<td width=\"152\"><strong>REGISTRO ICA<\/strong><\/td>\n<td width=\"420\">\n<p style=\"text-align: justify;\"><span style=\"font-weight: 400;\">PL0004702024 a nombre de Vecol S.A. <\/span><\/p>\n<\/td>\n<\/tr>\n<\/tbody>\n<\/table>","protected":false},"excerpt":{"rendered":"<p>DESCRIPCI\u00d3N DEFKON\u00ae VECOL 200 SC Es un acaricida que act\u00faa por contacto e ingesti\u00f3n y no es sist\u00e9mico PRESENTACI\u00d3N Y FORMULACI\u00d3N \u00a0 1 Litro y 20 Litros \u2013 | Suspensi\u00f3n Concentrada (SC) COMPOSICI\u00d3N Etoxazole\u2026.. 160 g\/l Abamectina\u2026.. 40 g\/l Ingredientes aditivos c.s.p. \u2026.. 1 l CONTRAINDICACIONES &#8211; FITOTOXICIDAD &#8211; COMPATIBILIDAD Se recomienda hacer pruebas previas [&hellip;]<\/p>\n","protected":false},"featured_media":11881,"template":"","meta":{"_acf_changed":false,"site-sidebar-layout":"default","site-content-layout":"","ast-site-content-layout":"default","site-content-style":"default","site-sidebar-style":"default","ast-global-header-display":"","ast-banner-title-visibility":"","ast-main-header-display":"","ast-hfb-above-header-display":"","ast-hfb-below-header-display":"","ast-hfb-mobile-header-display":"","site-post-title":"","ast-breadcrumbs-content":"","ast-featured-img":"","footer-sml-layout":"","ast-disable-related-posts":"","theme-transparent-header-meta":"default","adv-header-id-meta":"","stick-header-meta":"","header-above-stick-meta":"","header-main-stick-meta":"","header-below-stick-meta":"","astra-migrate-meta-layouts":"set","ast-page-background-enabled":"default","ast-page-background-meta":{"desktop":{"background-color":"","background-image":"","background-repeat":"repeat","background-position":"center center","background-size":"auto","background-attachment":"scroll","background-type":"","background-media":"","overlay-type":"","overlay-color":"","overlay-opacity":"","overlay-gradient":""},"tablet":{"background-color":"","background-image":"","background-repeat":"repeat","background-position":"center center","background-size":"auto","background-attachment":"scroll","background-type":"","background-media":"","overlay-type":"","overlay-color":"","overlay-opacity":"","overlay-gradient":""},"mobile":{"background-color":"","background-image":"","background-repeat":"repeat","background-position":"center center","background-size":"auto","background-attachment":"scroll","background-type":"","background-media":"","overlay-type":"","overlay-color":"","overlay-opacity":"","overlay-gradient":""}},"ast-content-background-meta":{"desktop":{"background-color":"var(--ast-global-color-5)","background-image":"","background-repeat":"repeat","background-position":"center center","background-size":"auto","background-attachment":"scroll","background-type":"","background-media":"","overlay-type":"","overlay-color":"","overlay-opacity":"","overlay-gradient":""},"tablet":{"background-color":"var(--ast-global-color-5)","background-image":"","background-repeat":"repeat","background-position":"center center","background-size":"auto","background-attachment":"scroll","background-type":"","background-media":"","overlay-type":"","overlay-color":"","overlay-opacity":"","overlay-gradient":""},"mobile":{"background-color":"var(--ast-global-color-5)","background-image":"","background-repeat":"repeat","background-position":"center center","background-size":"auto","background-attachment":"scroll","background-type":"","background-media":"","overlay-type":"","overlay-color":"","overlay-opacity":"","overlay-gradient":""}}},"product_brand":[],"product_cat":[23,45,120],"product_tag":[],"class_list":{"0":"post-11880","1":"product","2":"type-product","3":"status-publish","4":"has-post-thumbnail","6":"product_cat-agricola-y-fertilizantes","7":"product_cat-insecticidas","8":"product_cat-nuevos-productos","9":"desktop-align-left","10":"tablet-align-left","11":"mobile-align-left","13":"first","14":"instock","15":"shipping-taxable","16":"product-type-simple"},"acf":[],"yoast_head":"<!-- This site is optimized with the Yoast SEO plugin v27.4 - https:\/\/yoast.com\/product\/yoast-seo-wordpress\/ -->\n<title>DEFKON VECOL 200 SC - VECOL<\/title>\n<meta name=\"robots\" content=\"index, follow, max-snippet:-1, max-image-preview:large, max-video-preview:-1\" \/>\n<link rel=\"canonical\" href=\"https:\/\/www.vecol.com.co\/en\/product\/defkon-vecol-200-sc\/\" \/>\n<meta property=\"og:locale\" content=\"en_US\" \/>\n<meta property=\"og:type\" content=\"article\" \/>\n<meta property=\"og:title\" content=\"DEFKON VECOL 200 SC - VECOL\" \/>\n<meta property=\"og:description\" content=\"DESCRIPCI\u00d3N DEFKON\u00ae VECOL 200 SC Es un acaricida que act\u00faa por contacto e ingesti\u00f3n y no es sist\u00e9mico PRESENTACI\u00d3N Y FORMULACI\u00d3N \u00a0 1 Litro y 20 Litros \u2013 | Suspensi\u00f3n Concentrada (SC) COMPOSICI\u00d3N Etoxazole\u2026.. 160 g\/l Abamectina\u2026.. 40 g\/l Ingredientes aditivos c.s.p. \u2026.. 1 l CONTRAINDICACIONES &#8211; FITOTOXICIDAD &#8211; COMPATIBILIDAD Se recomienda hacer pruebas previas [&hellip;]\" \/>\n<meta property=\"og:url\" content=\"https:\/\/www.vecol.com.co\/en\/product\/defkon-vecol-200-sc\/\" \/>\n<meta property=\"og:site_name\" content=\"VECOL\" \/>\n<meta property=\"article:publisher\" content=\"https:\/\/www.facebook.com\/vecolveterinaria\" \/>\n<meta property=\"og:image\" content=\"https:\/\/www.vecol.com.co\/wp-content\/uploads\/2025\/04\/Defkon-Definitivo-1.png\" \/>\n\t<meta property=\"og:image:width\" content=\"900\" \/>\n\t<meta property=\"og:image:height\" content=\"900\" \/>\n\t<meta property=\"og:image:type\" content=\"image\/png\" \/>\n<meta name=\"twitter:card\" content=\"summary_large_image\" \/>\n<meta name=\"twitter:site\" content=\"@VecolColombia\" \/>\n<meta name=\"twitter:label1\" content=\"Est. reading time\" \/>\n\t<meta name=\"twitter:data1\" content=\"3 minutes\" \/>\n<script type=\"application\/ld+json\" class=\"yoast-schema-graph\">{\"@context\":\"https:\\\/\\\/schema.org\",\"@graph\":[{\"@type\":\"WebPage\",\"@id\":\"https:\\\/\\\/www.vecol.com.co\\\/producto\\\/defkon-vecol-200-sc\\\/\",\"url\":\"https:\\\/\\\/www.vecol.com.co\\\/producto\\\/defkon-vecol-200-sc\\\/\",\"name\":\"DEFKON VECOL 200 SC - VECOL\",\"isPartOf\":{\"@id\":\"https:\\\/\\\/www.vecol.com.co\\\/#website\"},\"primaryImageOfPage\":{\"@id\":\"https:\\\/\\\/www.vecol.com.co\\\/producto\\\/defkon-vecol-200-sc\\\/#primaryimage\"},\"image\":{\"@id\":\"https:\\\/\\\/www.vecol.com.co\\\/producto\\\/defkon-vecol-200-sc\\\/#primaryimage\"},\"thumbnailUrl\":\"https:\\\/\\\/www.vecol.com.co\\\/wp-content\\\/uploads\\\/2025\\\/04\\\/Defkon-Definitivo-1.png\",\"datePublished\":\"2025-04-03T19:11:08+00:00\",\"breadcrumb\":{\"@id\":\"https:\\\/\\\/www.vecol.com.co\\\/producto\\\/defkon-vecol-200-sc\\\/#breadcrumb\"},\"inLanguage\":\"en-US\",\"potentialAction\":[{\"@type\":\"ReadAction\",\"target\":[\"https:\\\/\\\/www.vecol.com.co\\\/producto\\\/defkon-vecol-200-sc\\\/\"]}]},{\"@type\":\"ImageObject\",\"inLanguage\":\"en-US\",\"@id\":\"https:\\\/\\\/www.vecol.com.co\\\/producto\\\/defkon-vecol-200-sc\\\/#primaryimage\",\"url\":\"https:\\\/\\\/www.vecol.com.co\\\/wp-content\\\/uploads\\\/2025\\\/04\\\/Defkon-Definitivo-1.png\",\"contentUrl\":\"https:\\\/\\\/www.vecol.com.co\\\/wp-content\\\/uploads\\\/2025\\\/04\\\/Defkon-Definitivo-1.png\",\"width\":900,\"height\":900},{\"@type\":\"BreadcrumbList\",\"@id\":\"https:\\\/\\\/www.vecol.com.co\\\/producto\\\/defkon-vecol-200-sc\\\/#breadcrumb\",\"itemListElement\":[{\"@type\":\"ListItem\",\"position\":1,\"name\":\"Inicio\",\"item\":\"https:\\\/\\\/www.vecol.com.co\\\/\"},{\"@type\":\"ListItem\",\"position\":2,\"name\":\"Productos\",\"item\":\"https:\\\/\\\/www.vecol.com.co\\\/productos\\\/\"},{\"@type\":\"ListItem\",\"position\":3,\"name\":\"DEFKON VECOL 200 SC\"}]},{\"@type\":\"WebSite\",\"@id\":\"https:\\\/\\\/www.vecol.com.co\\\/#website\",\"url\":\"https:\\\/\\\/www.vecol.com.co\\\/\",\"name\":\"VECOL\",\"description\":\"Empresa Colombiana de Productos Veterinarios\",\"publisher\":{\"@id\":\"https:\\\/\\\/www.vecol.com.co\\\/#organization\"},\"potentialAction\":[{\"@type\":\"SearchAction\",\"target\":{\"@type\":\"EntryPoint\",\"urlTemplate\":\"https:\\\/\\\/www.vecol.com.co\\\/?s={search_term_string}\"},\"query-input\":{\"@type\":\"PropertyValueSpecification\",\"valueRequired\":true,\"valueName\":\"search_term_string\"}}],\"inLanguage\":\"en-US\"},{\"@type\":\"Organization\",\"@id\":\"https:\\\/\\\/www.vecol.com.co\\\/#organization\",\"name\":\"Empresa Colombiana de Productos Veterinarios\",\"url\":\"https:\\\/\\\/www.vecol.com.co\\\/\",\"logo\":{\"@type\":\"ImageObject\",\"inLanguage\":\"en-US\",\"@id\":\"https:\\\/\\\/www.vecol.com.co\\\/#\\\/schema\\\/logo\\\/image\\\/\",\"url\":\"https:\\\/\\\/www.vecol.com.co\\\/wp-content\\\/uploads\\\/2023\\\/07\\\/logoVecol.png\",\"contentUrl\":\"https:\\\/\\\/www.vecol.com.co\\\/wp-content\\\/uploads\\\/2023\\\/07\\\/logoVecol.png\",\"width\":106,\"height\":106,\"caption\":\"Empresa Colombiana de Productos Veterinarios\"},\"image\":{\"@id\":\"https:\\\/\\\/www.vecol.com.co\\\/#\\\/schema\\\/logo\\\/image\\\/\"},\"sameAs\":[\"https:\\\/\\\/www.facebook.com\\\/vecolveterinaria\",\"https:\\\/\\\/x.com\\\/VecolColombia\"]}]}<\/script>\n<!-- \/ Yoast SEO plugin. -->","yoast_head_json":{"title":"DEFKON VECOL 200 SC - VECOL","robots":{"index":"index","follow":"follow","max-snippet":"max-snippet:-1","max-image-preview":"max-image-preview:large","max-video-preview":"max-video-preview:-1"},"canonical":"https:\/\/www.vecol.com.co\/en\/product\/defkon-vecol-200-sc\/","og_locale":"en_US","og_type":"article","og_title":"DEFKON VECOL 200 SC - VECOL","og_description":"DESCRIPCI\u00d3N DEFKON\u00ae VECOL 200 SC Es un acaricida que act\u00faa por contacto e ingesti\u00f3n y no es sist\u00e9mico PRESENTACI\u00d3N Y FORMULACI\u00d3N \u00a0 1 Litro y 20 Litros \u2013 | Suspensi\u00f3n Concentrada (SC) COMPOSICI\u00d3N Etoxazole\u2026.. 160 g\/l Abamectina\u2026.. 40 g\/l Ingredientes aditivos c.s.p. \u2026.. 1 l CONTRAINDICACIONES &#8211; FITOTOXICIDAD &#8211; COMPATIBILIDAD Se recomienda hacer pruebas previas [&hellip;]","og_url":"https:\/\/www.vecol.com.co\/en\/product\/defkon-vecol-200-sc\/","og_site_name":"VECOL","article_publisher":"https:\/\/www.facebook.com\/vecolveterinaria","og_image":[{"width":900,"height":900,"url":"https:\/\/www.vecol.com.co\/wp-content\/uploads\/2025\/04\/Defkon-Definitivo-1.png","type":"image\/png"}],"twitter_card":"summary_large_image","twitter_site":"@VecolColombia","twitter_misc":{"Est. reading time":"3 minutes"},"schema":{"@context":"https:\/\/schema.org","@graph":[{"@type":"WebPage","@id":"https:\/\/www.vecol.com.co\/producto\/defkon-vecol-200-sc\/","url":"https:\/\/www.vecol.com.co\/producto\/defkon-vecol-200-sc\/","name":"DEFKON VECOL 200 SC - VECOL","isPartOf":{"@id":"https:\/\/www.vecol.com.co\/#website"},"primaryImageOfPage":{"@id":"https:\/\/www.vecol.com.co\/producto\/defkon-vecol-200-sc\/#primaryimage"},"image":{"@id":"https:\/\/www.vecol.com.co\/producto\/defkon-vecol-200-sc\/#primaryimage"},"thumbnailUrl":"https:\/\/www.vecol.com.co\/wp-content\/uploads\/2025\/04\/Defkon-Definitivo-1.png","datePublished":"2025-04-03T19:11:08+00:00","breadcrumb":{"@id":"https:\/\/www.vecol.com.co\/producto\/defkon-vecol-200-sc\/#breadcrumb"},"inLanguage":"en-US","potentialAction":[{"@type":"ReadAction","target":["https:\/\/www.vecol.com.co\/producto\/defkon-vecol-200-sc\/"]}]},{"@type":"ImageObject","inLanguage":"en-US","@id":"https:\/\/www.vecol.com.co\/producto\/defkon-vecol-200-sc\/#primaryimage","url":"https:\/\/www.vecol.com.co\/wp-content\/uploads\/2025\/04\/Defkon-Definitivo-1.png","contentUrl":"https:\/\/www.vecol.com.co\/wp-content\/uploads\/2025\/04\/Defkon-Definitivo-1.png","width":900,"height":900},{"@type":"BreadcrumbList","@id":"https:\/\/www.vecol.com.co\/producto\/defkon-vecol-200-sc\/#breadcrumb","itemListElement":[{"@type":"ListItem","position":1,"name":"Inicio","item":"https:\/\/www.vecol.com.co\/"},{"@type":"ListItem","position":2,"name":"Productos","item":"https:\/\/www.vecol.com.co\/productos\/"},{"@type":"ListItem","position":3,"name":"DEFKON VECOL 200 SC"}]},{"@type":"WebSite","@id":"https:\/\/www.vecol.com.co\/#website","url":"https:\/\/www.vecol.com.co\/","name":"VECOL","description":"Colombian Veterinary Products Company","publisher":{"@id":"https:\/\/www.vecol.com.co\/#organization"},"potentialAction":[{"@type":"SearchAction","target":{"@type":"EntryPoint","urlTemplate":"https:\/\/www.vecol.com.co\/?s={search_term_string}"},"query-input":{"@type":"PropertyValueSpecification","valueRequired":true,"valueName":"search_term_string"}}],"inLanguage":"en-US"},{"@type":"Organization","@id":"https:\/\/www.vecol.com.co\/#organization","name":"Colombian Veterinary Products Company","url":"https:\/\/www.vecol.com.co\/","logo":{"@type":"ImageObject","inLanguage":"en-US","@id":"https:\/\/www.vecol.com.co\/#\/schema\/logo\/image\/","url":"https:\/\/www.vecol.com.co\/wp-content\/uploads\/2023\/07\/logoVecol.png","contentUrl":"https:\/\/www.vecol.com.co\/wp-content\/uploads\/2023\/07\/logoVecol.png","width":106,"height":106,"caption":"Empresa Colombiana de Productos Veterinarios"},"image":{"@id":"https:\/\/www.vecol.com.co\/#\/schema\/logo\/image\/"},"sameAs":["https:\/\/www.facebook.com\/vecolveterinaria","https:\/\/x.com\/VecolColombia"]}]}},"_links":{"self":[{"href":"https:\/\/www.vecol.com.co\/en\/wp-json\/wp\/v2\/product\/11880","targetHints":{"allow":["GET"]}}],"collection":[{"href":"https:\/\/www.vecol.com.co\/en\/wp-json\/wp\/v2\/product"}],"about":[{"href":"https:\/\/www.vecol.com.co\/en\/wp-json\/wp\/v2\/types\/product"}],"wp:featuredmedia":[{"embeddable":true,"href":"https:\/\/www.vecol.com.co\/en\/wp-json\/wp\/v2\/media\/11881"}],"wp:attachment":[{"href":"https:\/\/www.vecol.com.co\/en\/wp-json\/wp\/v2\/media?parent=11880"}],"wp:term":[{"taxonomy":"product_brand","embeddable":true,"href":"https:\/\/www.vecol.com.co\/en\/wp-json\/wp\/v2\/product_brand?post=11880"},{"taxonomy":"product_cat","embeddable":true,"href":"https:\/\/www.vecol.com.co\/en\/wp-json\/wp\/v2\/product_cat?post=11880"},{"taxonomy":"product_tag","embeddable":true,"href":"https:\/\/www.vecol.com.co\/en\/wp-json\/wp\/v2\/product_tag?post=11880"}],"curies":[{"name":"wp","href":"https:\/\/api.w.org\/{rel}","templated":true}]}}