{"id":11852,"date":"2025-02-12T08:12:26","date_gmt":"2025-02-12T13:12:26","guid":{"rendered":"https:\/\/www.vecol.com.co\/?post_type=product&#038;p=11852"},"modified":"2025-02-12T08:12:26","modified_gmt":"2025-02-12T13:12:26","slug":"paraquat-vecol-200-sl","status":"publish","type":"product","link":"https:\/\/www.vecol.com.co\/en\/product\/paraquat-vecol-200-sl\/","title":{"rendered":"Paraquat Vecol 200 SL"},"content":{"rendered":"<table width=\"560\">\n<tbody>\n<tr>\n<td width=\"229\"><strong>DESCRIPCI\u00d3N<\/strong><\/td>\n<td width=\"331\"><strong>Modo de acci\u00f3n:<\/strong> Paraquat Dicloruro es un herbicida Actividad no residual de amplio espectro con contacto y alguna acci\u00f3n desecante. Inhibidor del fotosistema I (transporte de electrones).<br \/>\n<strong>Mecanismo de acci\u00f3n:<\/strong> El Paraquat Dicloruro. Herbicida de contacto, no selectivo. Destruye las membranas celulares provocando necrosis y la muerte de las hojas. Dentro de la planta produce un radical que al reaccionar con una mol\u00e9cula de oxigeno produce per\u00f3xido de hidrogeno (H2O2) que ser\u00e1 el encargado de destruir los cloroplastos y las membranas celulares al poco tiempo de reaccionar.<br \/>\n<strong>Modo de empleo:<\/strong> Se utilizar\u00e1 aplicaci\u00f3n de tipo foliar dirigida a las hojas de las malezas, aplicaci\u00f3n terrestre. aplique con bomba de espalda previamente aforada y calibrada. Coloque agua hasta la mitad del tanque, agregue la cantidad recomendada de PARAQUAT VECOL 200 SL, mezcle lentamente y complete el volumen total con agua. Mantenga la mezcla en agitaci\u00f3n durante su preparaci\u00f3n y aplicaci\u00f3n. Se recomienda aplicar en periodo de post-emergencia y directamente sobre las malezas. Para evitar el riego a resistencia, es necesario combinarlo con otros herbicidas de diferentes modos de acci\u00f3n. Se tiene programada una (1) sola aplicaci\u00f3n.<\/td>\n<\/tr>\n<tr>\n<td><strong>USOS<\/strong><\/td>\n<td width=\"331\"><strong>Cultivos Perennes:<\/strong> Banano, cacao, caf\u00e9, c\u00edtricos, frutales, palma aficana, uvas<br \/>\n<strong>Cultivos de Hilera:<\/strong> Algod\u00f3n, ca\u00f1a, papa, ma\u00edz, tomate y frijol<br \/>\n<strong>Presiembra Preemergencia:<\/strong> Algod\u00f3n, papa, ma\u00edz, frijol, arroz y sorgo<\/td>\n<\/tr>\n<tr>\n<td><strong>INGREDIENTE ACTIVO<\/strong><\/td>\n<td>PARAQUAT<\/td>\n<\/tr>\n<tr>\n<td><strong>CATEGOR\u00cdA TOXICOL\u00d3GICA<\/strong><\/td>\n<td width=\"331\">2<br \/>\nMODERADAMENTE PELIGORSO<\/td>\n<\/tr>\n<tr>\n<td><strong>TIPO<\/strong><\/td>\n<td width=\"331\">Herbicida<\/td>\n<\/tr>\n<tr>\n<td><strong>INGREDIENTE ACTIVO<\/strong><\/td>\n<td width=\"331\">Paraquat Dicloruro\u2026\u2026\u2026200 g\/L<\/td>\n<\/tr>\n<tr>\n<td><strong>DICTAMEN T\u00c9CNICO AMBIENTAL<\/strong><\/td>\n<td width=\"331\">&#8220;Dictamen T\u00e9cnico Ambiental para el Producto formulado PARAQUAT VECOL 200 SL, con base en el ingrediente activo grado t\u00e9cnico PARAQUAT&#8221;<\/p>\n<p>Resoluci\u00f3n 1207 del 19 de agosto de 2005.<\/td>\n<\/tr>\n<tr>\n<td><strong>BLANCO BIOL\u00d3GICO<\/strong><\/td>\n<td width=\"331\">Batatilla (Ipomea hirta).<br \/>\nEscoba negra (Sida acuta).<br \/>\nSiempre viva (Commelina difussa).<br \/>\nVerdolaga (Portulaca oleraceae).<br \/>\nLimpia frascos (Setaria geniculata).<br \/>\nGramalote (Paspalum fasciculatum).<br \/>\nGuarda rroc\u00edo (Digitaria sanguinalis).<br \/>\nPasto argentino (Cynodon dactylon).<br \/>\nPasto guineo (Panicum m\u00e1ximum).<br \/>\nCortadera (Scleria pterota).<\/td>\n<\/tr>\n<tr>\n<td><strong>DOSIS<\/strong><\/td>\n<td width=\"331\">1.5 \u2013 3.0 L\/ha<\/td>\n<\/tr>\n<tr>\n<td><strong>P.R. &#8211; P.C.<\/strong><\/td>\n<td width=\"331\">4 horas\u00a0\u00a0\u00a0 N.A.<br \/>\n4 horas\u00a0\u00a0\u00a0 N.A.<br \/>\n0 horas\u00a0\u00a0\u00a0 N.A.<\/td>\n<\/tr>\n<tr>\n<td><strong>FECHA APROBACI\u00d3N ROTULADO ICA<\/strong><\/td>\n<td>2 de febrero 2024<\/td>\n<\/tr>\n<tr>\n<td><strong>FORMULADOR APROBADO ICA<\/strong><\/td>\n<td width=\"331\">SINO AGRO CHEMICAL INDUSTRY LTD<br \/>\nNANJING REDSUN CO., LTD<\/td>\n<\/tr>\n<tr>\n<td><strong>No. REGISTRO NACIONAL<\/strong><\/td>\n<td width=\"331\">PL0000212024<\/td>\n<\/tr>\n<\/tbody>\n<\/table>","protected":false},"excerpt":{"rendered":"<p>DESCRIPCI\u00d3N Modo de acci\u00f3n: Paraquat Dicloruro es un herbicida Actividad no residual de amplio espectro con contacto y alguna acci\u00f3n desecante. Inhibidor del fotosistema I (transporte de electrones). Mecanismo de acci\u00f3n: El Paraquat Dicloruro. Herbicida de contacto, no selectivo. Destruye las membranas celulares provocando necrosis y la muerte de las hojas. Dentro de la planta [&hellip;]<\/p>\n","protected":false},"featured_media":11853,"template":"","meta":{"_acf_changed":false,"site-sidebar-layout":"default","site-content-layout":"","ast-site-content-layout":"default","site-content-style":"default","site-sidebar-style":"default","ast-global-header-display":"","ast-banner-title-visibility":"","ast-main-header-display":"","ast-hfb-above-header-display":"","ast-hfb-below-header-display":"","ast-hfb-mobile-header-display":"","site-post-title":"","ast-breadcrumbs-content":"","ast-featured-img":"","footer-sml-layout":"","ast-disable-related-posts":"","theme-transparent-header-meta":"default","adv-header-id-meta":"","stick-header-meta":"","header-above-stick-meta":"","header-main-stick-meta":"","header-below-stick-meta":"","astra-migrate-meta-layouts":"set","ast-page-background-enabled":"default","ast-page-background-meta":{"desktop":{"background-color":"","background-image":"","background-repeat":"repeat","background-position":"center center","background-size":"auto","background-attachment":"scroll","background-type":"","background-media":"","overlay-type":"","overlay-color":"","overlay-opacity":"","overlay-gradient":""},"tablet":{"background-color":"","background-image":"","background-repeat":"repeat","background-position":"center center","background-size":"auto","background-attachment":"scroll","background-type":"","background-media":"","overlay-type":"","overlay-color":"","overlay-opacity":"","overlay-gradient":""},"mobile":{"background-color":"","background-image":"","background-repeat":"repeat","background-position":"center center","background-size":"auto","background-attachment":"scroll","background-type":"","background-media":"","overlay-type":"","overlay-color":"","overlay-opacity":"","overlay-gradient":""}},"ast-content-background-meta":{"desktop":{"background-color":"var(--ast-global-color-5)","background-image":"","background-repeat":"repeat","background-position":"center center","background-size":"auto","background-attachment":"scroll","background-type":"","background-media":"","overlay-type":"","overlay-color":"","overlay-opacity":"","overlay-gradient":""},"tablet":{"background-color":"var(--ast-global-color-5)","background-image":"","background-repeat":"repeat","background-position":"center center","background-size":"auto","background-attachment":"scroll","background-type":"","background-media":"","overlay-type":"","overlay-color":"","overlay-opacity":"","overlay-gradient":""},"mobile":{"background-color":"var(--ast-global-color-5)","background-image":"","background-repeat":"repeat","background-position":"center center","background-size":"auto","background-attachment":"scroll","background-type":"","background-media":"","overlay-type":"","overlay-color":"","overlay-opacity":"","overlay-gradient":""}}},"product_brand":[],"product_cat":[23,44],"product_tag":[],"class_list":{"0":"post-11852","1":"product","2":"type-product","3":"status-publish","4":"has-post-thumbnail","6":"product_cat-agricola-y-fertilizantes","7":"product_cat-herbicidas","8":"desktop-align-left","9":"tablet-align-left","10":"mobile-align-left","12":"first","13":"instock","14":"shipping-taxable","15":"product-type-simple"},"acf":[],"yoast_head":"<!-- This site is optimized with the Yoast SEO plugin v27.4 - https:\/\/yoast.com\/product\/yoast-seo-wordpress\/ -->\n<title>Paraquat Vecol 200 SL - VECOL<\/title>\n<meta name=\"robots\" content=\"index, follow, max-snippet:-1, max-image-preview:large, max-video-preview:-1\" \/>\n<link rel=\"canonical\" href=\"https:\/\/www.vecol.com.co\/en\/product\/paraquat-vecol-200-sl\/\" \/>\n<meta property=\"og:locale\" content=\"en_US\" \/>\n<meta property=\"og:type\" content=\"article\" \/>\n<meta property=\"og:title\" content=\"Paraquat Vecol 200 SL - VECOL\" \/>\n<meta property=\"og:description\" content=\"DESCRIPCI\u00d3N Modo de acci\u00f3n: Paraquat Dicloruro es un herbicida Actividad no residual de amplio espectro con contacto y alguna acci\u00f3n desecante. Inhibidor del fotosistema I (transporte de electrones). Mecanismo de acci\u00f3n: El Paraquat Dicloruro. Herbicida de contacto, no selectivo. Destruye las membranas celulares provocando necrosis y la muerte de las hojas. Dentro de la planta [&hellip;]\" \/>\n<meta property=\"og:url\" content=\"https:\/\/www.vecol.com.co\/en\/product\/paraquat-vecol-200-sl\/\" \/>\n<meta property=\"og:site_name\" content=\"VECOL\" \/>\n<meta property=\"article:publisher\" content=\"https:\/\/www.facebook.com\/vecolveterinaria\" \/>\n<meta property=\"og:image\" content=\"https:\/\/www.vecol.com.co\/wp-content\/uploads\/2025\/02\/PARAQUAT-VECOL-1024x1024.png\" \/>\n\t<meta property=\"og:image:width\" content=\"1024\" \/>\n\t<meta property=\"og:image:height\" content=\"1024\" \/>\n\t<meta property=\"og:image:type\" content=\"image\/png\" \/>\n<meta name=\"twitter:card\" content=\"summary_large_image\" \/>\n<meta name=\"twitter:site\" content=\"@VecolColombia\" \/>\n<meta name=\"twitter:label1\" content=\"Est. reading time\" \/>\n\t<meta name=\"twitter:data1\" content=\"2 minutes\" \/>\n<script type=\"application\/ld+json\" class=\"yoast-schema-graph\">{\"@context\":\"https:\\\/\\\/schema.org\",\"@graph\":[{\"@type\":\"WebPage\",\"@id\":\"https:\\\/\\\/www.vecol.com.co\\\/producto\\\/paraquat-vecol-200-sl\\\/\",\"url\":\"https:\\\/\\\/www.vecol.com.co\\\/producto\\\/paraquat-vecol-200-sl\\\/\",\"name\":\"Paraquat Vecol 200 SL - VECOL\",\"isPartOf\":{\"@id\":\"https:\\\/\\\/www.vecol.com.co\\\/#website\"},\"primaryImageOfPage\":{\"@id\":\"https:\\\/\\\/www.vecol.com.co\\\/producto\\\/paraquat-vecol-200-sl\\\/#primaryimage\"},\"image\":{\"@id\":\"https:\\\/\\\/www.vecol.com.co\\\/producto\\\/paraquat-vecol-200-sl\\\/#primaryimage\"},\"thumbnailUrl\":\"https:\\\/\\\/www.vecol.com.co\\\/wp-content\\\/uploads\\\/2025\\\/02\\\/PARAQUAT-VECOL.png\",\"datePublished\":\"2025-02-12T13:12:26+00:00\",\"breadcrumb\":{\"@id\":\"https:\\\/\\\/www.vecol.com.co\\\/producto\\\/paraquat-vecol-200-sl\\\/#breadcrumb\"},\"inLanguage\":\"en-US\",\"potentialAction\":[{\"@type\":\"ReadAction\",\"target\":[\"https:\\\/\\\/www.vecol.com.co\\\/producto\\\/paraquat-vecol-200-sl\\\/\"]}]},{\"@type\":\"ImageObject\",\"inLanguage\":\"en-US\",\"@id\":\"https:\\\/\\\/www.vecol.com.co\\\/producto\\\/paraquat-vecol-200-sl\\\/#primaryimage\",\"url\":\"https:\\\/\\\/www.vecol.com.co\\\/wp-content\\\/uploads\\\/2025\\\/02\\\/PARAQUAT-VECOL.png\",\"contentUrl\":\"https:\\\/\\\/www.vecol.com.co\\\/wp-content\\\/uploads\\\/2025\\\/02\\\/PARAQUAT-VECOL.png\",\"width\":1920,\"height\":1920},{\"@type\":\"BreadcrumbList\",\"@id\":\"https:\\\/\\\/www.vecol.com.co\\\/producto\\\/paraquat-vecol-200-sl\\\/#breadcrumb\",\"itemListElement\":[{\"@type\":\"ListItem\",\"position\":1,\"name\":\"Inicio\",\"item\":\"https:\\\/\\\/www.vecol.com.co\\\/\"},{\"@type\":\"ListItem\",\"position\":2,\"name\":\"Productos\",\"item\":\"https:\\\/\\\/www.vecol.com.co\\\/productos\\\/\"},{\"@type\":\"ListItem\",\"position\":3,\"name\":\"Paraquat Vecol 200 SL\"}]},{\"@type\":\"WebSite\",\"@id\":\"https:\\\/\\\/www.vecol.com.co\\\/#website\",\"url\":\"https:\\\/\\\/www.vecol.com.co\\\/\",\"name\":\"VECOL\",\"description\":\"Empresa Colombiana de Productos Veterinarios\",\"publisher\":{\"@id\":\"https:\\\/\\\/www.vecol.com.co\\\/#organization\"},\"potentialAction\":[{\"@type\":\"SearchAction\",\"target\":{\"@type\":\"EntryPoint\",\"urlTemplate\":\"https:\\\/\\\/www.vecol.com.co\\\/?s={search_term_string}\"},\"query-input\":{\"@type\":\"PropertyValueSpecification\",\"valueRequired\":true,\"valueName\":\"search_term_string\"}}],\"inLanguage\":\"en-US\"},{\"@type\":\"Organization\",\"@id\":\"https:\\\/\\\/www.vecol.com.co\\\/#organization\",\"name\":\"Empresa Colombiana de Productos Veterinarios\",\"url\":\"https:\\\/\\\/www.vecol.com.co\\\/\",\"logo\":{\"@type\":\"ImageObject\",\"inLanguage\":\"en-US\",\"@id\":\"https:\\\/\\\/www.vecol.com.co\\\/#\\\/schema\\\/logo\\\/image\\\/\",\"url\":\"https:\\\/\\\/www.vecol.com.co\\\/wp-content\\\/uploads\\\/2023\\\/07\\\/logoVecol.png\",\"contentUrl\":\"https:\\\/\\\/www.vecol.com.co\\\/wp-content\\\/uploads\\\/2023\\\/07\\\/logoVecol.png\",\"width\":106,\"height\":106,\"caption\":\"Empresa Colombiana de Productos Veterinarios\"},\"image\":{\"@id\":\"https:\\\/\\\/www.vecol.com.co\\\/#\\\/schema\\\/logo\\\/image\\\/\"},\"sameAs\":[\"https:\\\/\\\/www.facebook.com\\\/vecolveterinaria\",\"https:\\\/\\\/x.com\\\/VecolColombia\"]}]}<\/script>\n<!-- \/ Yoast SEO plugin. -->","yoast_head_json":{"title":"Paraquat Vecol 200 SL - VECOL","robots":{"index":"index","follow":"follow","max-snippet":"max-snippet:-1","max-image-preview":"max-image-preview:large","max-video-preview":"max-video-preview:-1"},"canonical":"https:\/\/www.vecol.com.co\/en\/product\/paraquat-vecol-200-sl\/","og_locale":"en_US","og_type":"article","og_title":"Paraquat Vecol 200 SL - VECOL","og_description":"DESCRIPCI\u00d3N Modo de acci\u00f3n: Paraquat Dicloruro es un herbicida Actividad no residual de amplio espectro con contacto y alguna acci\u00f3n desecante. Inhibidor del fotosistema I (transporte de electrones). Mecanismo de acci\u00f3n: El Paraquat Dicloruro. Herbicida de contacto, no selectivo. Destruye las membranas celulares provocando necrosis y la muerte de las hojas. Dentro de la planta [&hellip;]","og_url":"https:\/\/www.vecol.com.co\/en\/product\/paraquat-vecol-200-sl\/","og_site_name":"VECOL","article_publisher":"https:\/\/www.facebook.com\/vecolveterinaria","og_image":[{"width":1024,"height":1024,"url":"https:\/\/www.vecol.com.co\/wp-content\/uploads\/2025\/02\/PARAQUAT-VECOL-1024x1024.png","type":"image\/png"}],"twitter_card":"summary_large_image","twitter_site":"@VecolColombia","twitter_misc":{"Est. reading time":"2 minutes"},"schema":{"@context":"https:\/\/schema.org","@graph":[{"@type":"WebPage","@id":"https:\/\/www.vecol.com.co\/producto\/paraquat-vecol-200-sl\/","url":"https:\/\/www.vecol.com.co\/producto\/paraquat-vecol-200-sl\/","name":"Paraquat Vecol 200 SL - VECOL","isPartOf":{"@id":"https:\/\/www.vecol.com.co\/#website"},"primaryImageOfPage":{"@id":"https:\/\/www.vecol.com.co\/producto\/paraquat-vecol-200-sl\/#primaryimage"},"image":{"@id":"https:\/\/www.vecol.com.co\/producto\/paraquat-vecol-200-sl\/#primaryimage"},"thumbnailUrl":"https:\/\/www.vecol.com.co\/wp-content\/uploads\/2025\/02\/PARAQUAT-VECOL.png","datePublished":"2025-02-12T13:12:26+00:00","breadcrumb":{"@id":"https:\/\/www.vecol.com.co\/producto\/paraquat-vecol-200-sl\/#breadcrumb"},"inLanguage":"en-US","potentialAction":[{"@type":"ReadAction","target":["https:\/\/www.vecol.com.co\/producto\/paraquat-vecol-200-sl\/"]}]},{"@type":"ImageObject","inLanguage":"en-US","@id":"https:\/\/www.vecol.com.co\/producto\/paraquat-vecol-200-sl\/#primaryimage","url":"https:\/\/www.vecol.com.co\/wp-content\/uploads\/2025\/02\/PARAQUAT-VECOL.png","contentUrl":"https:\/\/www.vecol.com.co\/wp-content\/uploads\/2025\/02\/PARAQUAT-VECOL.png","width":1920,"height":1920},{"@type":"BreadcrumbList","@id":"https:\/\/www.vecol.com.co\/producto\/paraquat-vecol-200-sl\/#breadcrumb","itemListElement":[{"@type":"ListItem","position":1,"name":"Inicio","item":"https:\/\/www.vecol.com.co\/"},{"@type":"ListItem","position":2,"name":"Productos","item":"https:\/\/www.vecol.com.co\/productos\/"},{"@type":"ListItem","position":3,"name":"Paraquat Vecol 200 SL"}]},{"@type":"WebSite","@id":"https:\/\/www.vecol.com.co\/#website","url":"https:\/\/www.vecol.com.co\/","name":"VECOL","description":"Colombian Veterinary Products Company","publisher":{"@id":"https:\/\/www.vecol.com.co\/#organization"},"potentialAction":[{"@type":"SearchAction","target":{"@type":"EntryPoint","urlTemplate":"https:\/\/www.vecol.com.co\/?s={search_term_string}"},"query-input":{"@type":"PropertyValueSpecification","valueRequired":true,"valueName":"search_term_string"}}],"inLanguage":"en-US"},{"@type":"Organization","@id":"https:\/\/www.vecol.com.co\/#organization","name":"Colombian Veterinary Products Company","url":"https:\/\/www.vecol.com.co\/","logo":{"@type":"ImageObject","inLanguage":"en-US","@id":"https:\/\/www.vecol.com.co\/#\/schema\/logo\/image\/","url":"https:\/\/www.vecol.com.co\/wp-content\/uploads\/2023\/07\/logoVecol.png","contentUrl":"https:\/\/www.vecol.com.co\/wp-content\/uploads\/2023\/07\/logoVecol.png","width":106,"height":106,"caption":"Empresa Colombiana de Productos Veterinarios"},"image":{"@id":"https:\/\/www.vecol.com.co\/#\/schema\/logo\/image\/"},"sameAs":["https:\/\/www.facebook.com\/vecolveterinaria","https:\/\/x.com\/VecolColombia"]}]}},"_links":{"self":[{"href":"https:\/\/www.vecol.com.co\/en\/wp-json\/wp\/v2\/product\/11852","targetHints":{"allow":["GET"]}}],"collection":[{"href":"https:\/\/www.vecol.com.co\/en\/wp-json\/wp\/v2\/product"}],"about":[{"href":"https:\/\/www.vecol.com.co\/en\/wp-json\/wp\/v2\/types\/product"}],"wp:featuredmedia":[{"embeddable":true,"href":"https:\/\/www.vecol.com.co\/en\/wp-json\/wp\/v2\/media\/11853"}],"wp:attachment":[{"href":"https:\/\/www.vecol.com.co\/en\/wp-json\/wp\/v2\/media?parent=11852"}],"wp:term":[{"taxonomy":"product_brand","embeddable":true,"href":"https:\/\/www.vecol.com.co\/en\/wp-json\/wp\/v2\/product_brand?post=11852"},{"taxonomy":"product_cat","embeddable":true,"href":"https:\/\/www.vecol.com.co\/en\/wp-json\/wp\/v2\/product_cat?post=11852"},{"taxonomy":"product_tag","embeddable":true,"href":"https:\/\/www.vecol.com.co\/en\/wp-json\/wp\/v2\/product_tag?post=11852"}],"curies":[{"name":"wp","href":"https:\/\/api.w.org\/{rel}","templated":true}]}}