{"id":11703,"date":"2024-12-18T13:23:53","date_gmt":"2024-12-18T18:23:53","guid":{"rendered":"https:\/\/www.vecol.com.co\/?post_type=product&#038;p=11703"},"modified":"2024-12-18T13:29:02","modified_gmt":"2024-12-18T18:29:02","slug":"opoku-vecol-500-sc","status":"publish","type":"product","link":"https:\/\/www.vecol.com.co\/en\/product\/opoku-vecol-500-sc\/","title":{"rendered":"OPOKU VECOL 500 SC"},"content":{"rendered":"<table width=\"572\">\n<tbody>\n<tr>\n<td width=\"152\"><strong>DESCRIPCI\u00d3N<\/strong><\/td>\n<td width=\"420\"><span style=\"font-weight: 400;\">Herbicida de contacto selectivo y residual, perteneciente al grupo qu\u00edmico de la piridincarboxamida, absorbido principalmente por los brotes de pl\u00e1ntulas en germinaci\u00f3n, con translocaci\u00f3n limitada.<\/span><\/p>\n<p><span style=\"font-weight: 400;\">Proporciona actividad contra las malezas de hoja ancha, es absorbido por el brote y parcialmente por las ra\u00edces.<\/span><\/td>\n<\/tr>\n<tr>\n<td width=\"152\"><strong>PRESENTACI\u00d3N Y FORMULACI\u00d3N<\/strong><\/p>\n<p><strong>\u00a0<\/strong><\/td>\n<td width=\"420\"><span style=\"font-weight: 400;\">1 Litro y 20 Litros &#8211; | Suspensi\u00f3n Concentrada (SC)<\/span><\/td>\n<\/tr>\n<tr>\n<td width=\"152\"><strong>COMPOSICI\u00d3N<\/strong><\/td>\n<td width=\"420\"><span style=\"font-weight: 400;\">Diflufenican\u2026..500 g\/Lt<\/span><\/td>\n<\/tr>\n<tr>\n<td width=\"152\"><strong>CONTRAINDICACIONES &#8211; FITOTOXICIDAD &#8211; COMPATIBILIDAD<\/strong><\/td>\n<td width=\"420\"><span style=\"font-weight: 400;\">Se recomienda hacer pruebas previas de compatibilidad con otros productos. Es compatible con la mayor\u00eda de los productos fitosanitarios. Sin embargo, Antes de mezclar con otro producto se recomienda efectuar previamente una prueba de compatibilidad f\u00edsica a las dosis recomendadas. Si se realizan mezclas se deben hacer previamente pruebas de compatibilidad f\u00edsica a las dosis recomendadas. Evite la contaminaci\u00f3n con agentes alcalinos, \u00e1cidos fuertes y agentes oxidantes.<\/span><\/td>\n<\/tr>\n<tr>\n<td width=\"152\"><strong>FORMA DE ADMINISTRACI\u00d3N<\/strong><\/td>\n<td width=\"420\">\n<p style=\"text-align: justify;\"><span style=\"font-weight: 400;\">Se utilizar\u00e1 aplicaci\u00f3n de tipo foliar dirigida a las hojas de las malezas. Aplique con bomba de espalda previamente aforada y calibrada. Coloque agua hasta la mitad del tanque, agregue la cantidad recomendada del El OPOKU VECOL 500 SC, mezcle lentamente y complete el volumen total con agua. Mantenga la mezcla en agitaci\u00f3n durante su preparaci\u00f3n y aplicaci\u00f3n. Se recomienda aplicar en periodo de post-emergencia y directamente sobre las malezas. Para evitar el riego a resistencia, es necesario combinarlo con otros herbicidas de diferentes modos de acci\u00f3n.<\/span><\/p>\n<\/td>\n<\/tr>\n<tr>\n<td width=\"152\"><strong>MODO DE ACCI\u00d3N<\/strong><\/td>\n<td width=\"420\">\n<p style=\"text-align: justify;\"><span style=\"font-weight: 400;\">OPOKU VECOL 500 SC es un herbicida que act\u00faa por contacto, es selectivo y acci\u00f3n residual. Blanqueamiento: inhibici\u00f3n de la bios\u00edntesis de carotenoides.<\/span><\/p>\n<\/td>\n<\/tr>\n<tr>\n<td style=\"text-align: justify;\" width=\"152\"><strong>FRECUENCIA Y \u00c9POCA DE APLICACI\u00d3N<\/strong><\/td>\n<td width=\"420\">\n<p style=\"text-align: justify;\"><span style=\"font-weight: 400;\">Se realizar\u00e1 una (1) sola aplicaci\u00f3n de control de los tratamientos en pos-emergencia al cultivo y\/o a las malezas dirigido a las malezas presentes, cuando se observe un nivel de malezas apreciable (mayor al 10% de incidencia), con pl\u00e1ntulas de malezas que presenten de 3 a 5 hojas en crecimiento activo y requieren aplicaciones de control. Intercalar con herbicidas de diferente modo de acci\u00f3n, para evitar riesgo de resistencia. Se recomienda hacer una aplicaci\u00f3n del producto por temporada. Sin embargo, si ocurren nuevas emergencias de malezas, puede hacerse otra aplicaci\u00f3n.<\/span><\/p>\n<\/td>\n<\/tr>\n<tr>\n<td width=\"152\"><strong>REGISTRO ICA N\u00b0<\/strong><\/td>\n<td width=\"420\"><span style=\"font-weight: 400;\">PL0002202024<\/span> <span style=\"font-weight: 400;\">a nombre de VECOL S.A<\/span><\/td>\n<\/tr>\n<tr>\n<td width=\"152\"><strong>BLANCO BIOL\u00d3GICO<\/strong><\/td>\n<td width=\"420\">\n<p style=\"text-align: justify;\"><span style=\"font-weight: 400;\">Liendre puerco (Echinochloa colona), Falsa caminadora (Ischaemum rugosum), Guarda roci\u00f3 (Digitaria sanguinalis), Pata de gallina (Eleusina indica), Cadillo (Cenchrus echinatus), Caminadora (Rottboellia cochinchinensis), Coquito (Cyperus rotundus), Botoncillo (Eclipta alba) y Barba de Indio (Fimbrystilis annua).<\/span><\/p>\n<\/td>\n<\/tr>\n<tr>\n<td width=\"152\"><strong>CULTIVOS<\/strong><\/td>\n<td width=\"420\"><span style=\"font-weight: 400;\">Arroz<\/span><\/td>\n<\/tr>\n<tr>\n<td width=\"152\"><strong>DOSIS POR CULTIVO<\/strong><\/td>\n<td width=\"420\">\n<p style=\"text-align: justify;\"><span style=\"font-weight: 400;\">0,6 L\/ha<\/span><\/p>\n<\/td>\n<\/tr>\n<tr>\n<td width=\"152\"><strong>TIPO PRODUCTO <\/strong><\/td>\n<td width=\"420\">\n<p style=\"text-align: justify;\"><span style=\"font-weight: 400;\">Herbicida<\/span><\/p>\n<\/td>\n<\/tr>\n<tr>\n<td width=\"152\"><strong>PERIODO DE REENTRADA<\/strong><\/td>\n<td width=\"420\"><b>CULTIVO: <\/b><span style=\"font-weight: 400;\">Arroz<\/span><\/p>\n<p><span style=\"font-weight: 400;\"><strong>PR:<\/strong> 0 horas<\/span><\/td>\n<\/tr>\n<tr>\n<td width=\"152\"><strong>PERIODO DE CARENCIA<\/strong><\/td>\n<td width=\"420\"><b>CULTIVO:<\/b><span style=\"font-weight: 400;\"> Arroz<\/span><\/p>\n<p><span style=\"font-weight: 400;\"><strong>PC:<\/strong> N.A.<\/span><\/td>\n<\/tr>\n<tr>\n<td width=\"152\"><strong>PRECAUCIONES Y ALMACENAMIENTO<\/strong><\/td>\n<td width=\"420\"><b>Evaluaci\u00f3n del Riesgo ambiental:<\/b><\/p>\n<ul>\n<li><b> <\/b>Extremadamente t\u00f3xico para organismos acu\u00e1ticos,<\/li>\n<li>No contamine fuentes de agua<\/li>\n<li>Respetar las franjas de seguridad con relaci\u00f3n a cuerpos de agua.<\/li>\n<li>Nocivo para abejas<\/li>\n<li>Puede matar insectos polinizadores<\/li>\n<li><span style=\"font-size: 16px; font-family: inherit;\">No aplicar este producto en presencia o actividad de insectos polinizadores o en \u00e9poca de\u00a0 floraci\u00f3n<\/span><span style=\"font-weight: 400;\">.<\/span><\/li>\n<\/ul>\n<\/td>\n<\/tr>\n<tr>\n<td width=\"152\"><b>ALMACENAMIENTO Y MANEJO DEL PRODUCTO<\/b><\/td>\n<td width=\"420\">\n<ul>\n<li>\u201cALMACENAR EL PRODUCTO EN EL ENVASE ORIGINAL, ETIQUETADO Y CERRADO, ALEJADO DE ALIMENTOS Y MEDICINAS PARA USO HUMANO Y VETERINARIO, BAJO CONDICIONES QUE GARANTICEN SU CONSERVACI\u00d3N.\u201d<\/li>\n<li>\u201cEL USO INADECUADO DEL PRODUCTO CAUSA DA\u00d1OS A LA SALUD Y AL AMBIENTE.\u201d<\/li>\n<li>\u201cNO ALMACENAR EN CASA DE HABITACI\u00d3N.\u201d<\/li>\n<li>\u201cNO ALMACENAR NI TRANSPORTAR CONJUNTAMENTE CON ALIMENTOS, MEDICINAS, BEBIDAS NI FORRAJES.\u201d<\/li>\n<li>CAUSA IRRITACI\u00d3N MODERADA A LOS OJOS<\/li>\n<\/ul>\n<p>EMERGENCIAS TOXICOL\u00d3GICAS 24 HORAS CISPROQUIM 018000916012 fuera de Bogot\u00e1. En Bogot\u00e1 comunicarse con el tel\u00e9fono (57) 1 2886012.<\/td>\n<\/tr>\n<tr>\n<td width=\"152\"><strong>REGISTRO ICA<\/strong><\/td>\n<td width=\"420\">\n<p style=\"text-align: justify;\"><span style=\"font-weight: 400;\">PL0002202024<\/span><\/p>\n<\/td>\n<\/tr>\n<\/tbody>\n<\/table>","protected":false},"excerpt":{"rendered":"<p>DESCRIPCI\u00d3N Herbicida de contacto selectivo y residual, perteneciente al grupo qu\u00edmico de la piridincarboxamida, absorbido principalmente por los brotes de pl\u00e1ntulas en germinaci\u00f3n, con translocaci\u00f3n limitada. Proporciona actividad contra las malezas de hoja ancha, es absorbido por el brote y parcialmente por las ra\u00edces. PRESENTACI\u00d3N Y FORMULACI\u00d3N \u00a0 1 Litro y 20 Litros &#8211; | [&hellip;]<\/p>\n","protected":false},"featured_media":11704,"template":"","meta":{"_acf_changed":false,"site-sidebar-layout":"default","site-content-layout":"","ast-site-content-layout":"default","site-content-style":"default","site-sidebar-style":"default","ast-global-header-display":"","ast-banner-title-visibility":"","ast-main-header-display":"","ast-hfb-above-header-display":"","ast-hfb-below-header-display":"","ast-hfb-mobile-header-display":"","site-post-title":"","ast-breadcrumbs-content":"","ast-featured-img":"","footer-sml-layout":"","ast-disable-related-posts":"","theme-transparent-header-meta":"default","adv-header-id-meta":"","stick-header-meta":"","header-above-stick-meta":"","header-main-stick-meta":"","header-below-stick-meta":"","astra-migrate-meta-layouts":"set","ast-page-background-enabled":"default","ast-page-background-meta":{"desktop":{"background-color":"","background-image":"","background-repeat":"repeat","background-position":"center center","background-size":"auto","background-attachment":"scroll","background-type":"","background-media":"","overlay-type":"","overlay-color":"","overlay-opacity":"","overlay-gradient":""},"tablet":{"background-color":"","background-image":"","background-repeat":"repeat","background-position":"center center","background-size":"auto","background-attachment":"scroll","background-type":"","background-media":"","overlay-type":"","overlay-color":"","overlay-opacity":"","overlay-gradient":""},"mobile":{"background-color":"","background-image":"","background-repeat":"repeat","background-position":"center center","background-size":"auto","background-attachment":"scroll","background-type":"","background-media":"","overlay-type":"","overlay-color":"","overlay-opacity":"","overlay-gradient":""}},"ast-content-background-meta":{"desktop":{"background-color":"var(--ast-global-color-5)","background-image":"","background-repeat":"repeat","background-position":"center center","background-size":"auto","background-attachment":"scroll","background-type":"","background-media":"","overlay-type":"","overlay-color":"","overlay-opacity":"","overlay-gradient":""},"tablet":{"background-color":"var(--ast-global-color-5)","background-image":"","background-repeat":"repeat","background-position":"center center","background-size":"auto","background-attachment":"scroll","background-type":"","background-media":"","overlay-type":"","overlay-color":"","overlay-opacity":"","overlay-gradient":""},"mobile":{"background-color":"var(--ast-global-color-5)","background-image":"","background-repeat":"repeat","background-position":"center center","background-size":"auto","background-attachment":"scroll","background-type":"","background-media":"","overlay-type":"","overlay-color":"","overlay-opacity":"","overlay-gradient":""}}},"product_brand":[],"product_cat":[23,44,120],"product_tag":[],"class_list":{"0":"post-11703","1":"product","2":"type-product","3":"status-publish","4":"has-post-thumbnail","6":"product_cat-agricola-y-fertilizantes","7":"product_cat-herbicidas","8":"product_cat-nuevos-productos","9":"desktop-align-left","10":"tablet-align-left","11":"mobile-align-left","13":"first","14":"instock","15":"shipping-taxable","16":"product-type-simple"},"acf":[],"yoast_head":"<!-- This site is optimized with the Yoast SEO plugin v27.3 - https:\/\/yoast.com\/product\/yoast-seo-wordpress\/ -->\n<title>OPOKU VECOL 500 SC - VECOL<\/title>\n<meta name=\"robots\" content=\"index, follow, max-snippet:-1, max-image-preview:large, max-video-preview:-1\" \/>\n<link rel=\"canonical\" href=\"https:\/\/www.vecol.com.co\/en\/product\/opoku-vecol-500-sc\/\" \/>\n<meta property=\"og:locale\" content=\"en_US\" \/>\n<meta property=\"og:type\" content=\"article\" \/>\n<meta property=\"og:title\" content=\"OPOKU VECOL 500 SC - VECOL\" \/>\n<meta property=\"og:description\" content=\"DESCRIPCI\u00d3N Herbicida de contacto selectivo y residual, perteneciente al grupo qu\u00edmico de la piridincarboxamida, absorbido principalmente por los brotes de pl\u00e1ntulas en germinaci\u00f3n, con translocaci\u00f3n limitada. Proporciona actividad contra las malezas de hoja ancha, es absorbido por el brote y parcialmente por las ra\u00edces. PRESENTACI\u00d3N Y FORMULACI\u00d3N \u00a0 1 Litro y 20 Litros &#8211; | [&hellip;]\" \/>\n<meta property=\"og:url\" content=\"https:\/\/www.vecol.com.co\/en\/product\/opoku-vecol-500-sc\/\" \/>\n<meta property=\"og:site_name\" content=\"VECOL\" \/>\n<meta property=\"article:publisher\" content=\"https:\/\/www.facebook.com\/vecolveterinaria\" \/>\n<meta property=\"article:modified_time\" content=\"2024-12-18T18:29:02+00:00\" \/>\n<meta property=\"og:image\" content=\"https:\/\/www.vecol.com.co\/wp-content\/uploads\/2024\/12\/Opoku-definitivo-1.png\" \/>\n\t<meta property=\"og:image:width\" content=\"1000\" \/>\n\t<meta property=\"og:image:height\" content=\"1406\" \/>\n\t<meta property=\"og:image:type\" content=\"image\/png\" \/>\n<meta name=\"twitter:card\" content=\"summary_large_image\" \/>\n<meta name=\"twitter:site\" content=\"@VecolColombia\" \/>\n<meta name=\"twitter:label1\" content=\"Est. reading time\" \/>\n\t<meta name=\"twitter:data1\" content=\"3 minutes\" \/>\n<script type=\"application\/ld+json\" class=\"yoast-schema-graph\">{\"@context\":\"https:\\\/\\\/schema.org\",\"@graph\":[{\"@type\":\"WebPage\",\"@id\":\"https:\\\/\\\/www.vecol.com.co\\\/en\\\/product\\\/opoku-vecol-500-sc\\\/\",\"url\":\"https:\\\/\\\/www.vecol.com.co\\\/en\\\/product\\\/opoku-vecol-500-sc\\\/\",\"name\":\"OPOKU VECOL 500 SC - VECOL\",\"isPartOf\":{\"@id\":\"https:\\\/\\\/www.vecol.com.co\\\/#website\"},\"primaryImageOfPage\":{\"@id\":\"https:\\\/\\\/www.vecol.com.co\\\/en\\\/product\\\/opoku-vecol-500-sc\\\/#primaryimage\"},\"image\":{\"@id\":\"https:\\\/\\\/www.vecol.com.co\\\/en\\\/product\\\/opoku-vecol-500-sc\\\/#primaryimage\"},\"thumbnailUrl\":\"https:\\\/\\\/www.vecol.com.co\\\/wp-content\\\/uploads\\\/2024\\\/12\\\/Opoku-definitivo-1.png\",\"datePublished\":\"2024-12-18T18:23:53+00:00\",\"dateModified\":\"2024-12-18T18:29:02+00:00\",\"breadcrumb\":{\"@id\":\"https:\\\/\\\/www.vecol.com.co\\\/en\\\/product\\\/opoku-vecol-500-sc\\\/#breadcrumb\"},\"inLanguage\":\"en-US\",\"potentialAction\":[{\"@type\":\"ReadAction\",\"target\":[\"https:\\\/\\\/www.vecol.com.co\\\/en\\\/product\\\/opoku-vecol-500-sc\\\/\"]}]},{\"@type\":\"ImageObject\",\"inLanguage\":\"en-US\",\"@id\":\"https:\\\/\\\/www.vecol.com.co\\\/en\\\/product\\\/opoku-vecol-500-sc\\\/#primaryimage\",\"url\":\"https:\\\/\\\/www.vecol.com.co\\\/wp-content\\\/uploads\\\/2024\\\/12\\\/Opoku-definitivo-1.png\",\"contentUrl\":\"https:\\\/\\\/www.vecol.com.co\\\/wp-content\\\/uploads\\\/2024\\\/12\\\/Opoku-definitivo-1.png\",\"width\":1000,\"height\":1406},{\"@type\":\"BreadcrumbList\",\"@id\":\"https:\\\/\\\/www.vecol.com.co\\\/en\\\/product\\\/opoku-vecol-500-sc\\\/#breadcrumb\",\"itemListElement\":[{\"@type\":\"ListItem\",\"position\":1,\"name\":\"Inicio\",\"item\":\"https:\\\/\\\/www.vecol.com.co\\\/\"},{\"@type\":\"ListItem\",\"position\":2,\"name\":\"Productos\",\"item\":\"https:\\\/\\\/www.vecol.com.co\\\/productos\\\/\"},{\"@type\":\"ListItem\",\"position\":3,\"name\":\"OPOKU VECOL 500 SC\"}]},{\"@type\":\"WebSite\",\"@id\":\"https:\\\/\\\/www.vecol.com.co\\\/#website\",\"url\":\"https:\\\/\\\/www.vecol.com.co\\\/\",\"name\":\"VECOL\",\"description\":\"Empresa Colombiana de Productos Veterinarios\",\"publisher\":{\"@id\":\"https:\\\/\\\/www.vecol.com.co\\\/#organization\"},\"potentialAction\":[{\"@type\":\"SearchAction\",\"target\":{\"@type\":\"EntryPoint\",\"urlTemplate\":\"https:\\\/\\\/www.vecol.com.co\\\/?s={search_term_string}\"},\"query-input\":{\"@type\":\"PropertyValueSpecification\",\"valueRequired\":true,\"valueName\":\"search_term_string\"}}],\"inLanguage\":\"en-US\"},{\"@type\":\"Organization\",\"@id\":\"https:\\\/\\\/www.vecol.com.co\\\/#organization\",\"name\":\"Empresa Colombiana de Productos Veterinarios\",\"url\":\"https:\\\/\\\/www.vecol.com.co\\\/\",\"logo\":{\"@type\":\"ImageObject\",\"inLanguage\":\"en-US\",\"@id\":\"https:\\\/\\\/www.vecol.com.co\\\/#\\\/schema\\\/logo\\\/image\\\/\",\"url\":\"https:\\\/\\\/www.vecol.com.co\\\/wp-content\\\/uploads\\\/2023\\\/07\\\/logoVecol.png\",\"contentUrl\":\"https:\\\/\\\/www.vecol.com.co\\\/wp-content\\\/uploads\\\/2023\\\/07\\\/logoVecol.png\",\"width\":106,\"height\":106,\"caption\":\"Empresa Colombiana de Productos Veterinarios\"},\"image\":{\"@id\":\"https:\\\/\\\/www.vecol.com.co\\\/#\\\/schema\\\/logo\\\/image\\\/\"},\"sameAs\":[\"https:\\\/\\\/www.facebook.com\\\/vecolveterinaria\",\"https:\\\/\\\/x.com\\\/VecolColombia\"]}]}<\/script>\n<!-- \/ Yoast SEO plugin. -->","yoast_head_json":{"title":"OPOKU VECOL 500 SC - VECOL","robots":{"index":"index","follow":"follow","max-snippet":"max-snippet:-1","max-image-preview":"max-image-preview:large","max-video-preview":"max-video-preview:-1"},"canonical":"https:\/\/www.vecol.com.co\/en\/product\/opoku-vecol-500-sc\/","og_locale":"en_US","og_type":"article","og_title":"OPOKU VECOL 500 SC - VECOL","og_description":"DESCRIPCI\u00d3N Herbicida de contacto selectivo y residual, perteneciente al grupo qu\u00edmico de la piridincarboxamida, absorbido principalmente por los brotes de pl\u00e1ntulas en germinaci\u00f3n, con translocaci\u00f3n limitada. Proporciona actividad contra las malezas de hoja ancha, es absorbido por el brote y parcialmente por las ra\u00edces. PRESENTACI\u00d3N Y FORMULACI\u00d3N \u00a0 1 Litro y 20 Litros &#8211; | [&hellip;]","og_url":"https:\/\/www.vecol.com.co\/en\/product\/opoku-vecol-500-sc\/","og_site_name":"VECOL","article_publisher":"https:\/\/www.facebook.com\/vecolveterinaria","article_modified_time":"2024-12-18T18:29:02+00:00","og_image":[{"width":1000,"height":1406,"url":"https:\/\/www.vecol.com.co\/wp-content\/uploads\/2024\/12\/Opoku-definitivo-1.png","type":"image\/png"}],"twitter_card":"summary_large_image","twitter_site":"@VecolColombia","twitter_misc":{"Est. reading time":"3 minutes"},"schema":{"@context":"https:\/\/schema.org","@graph":[{"@type":"WebPage","@id":"https:\/\/www.vecol.com.co\/en\/product\/opoku-vecol-500-sc\/","url":"https:\/\/www.vecol.com.co\/en\/product\/opoku-vecol-500-sc\/","name":"OPOKU VECOL 500 SC - VECOL","isPartOf":{"@id":"https:\/\/www.vecol.com.co\/#website"},"primaryImageOfPage":{"@id":"https:\/\/www.vecol.com.co\/en\/product\/opoku-vecol-500-sc\/#primaryimage"},"image":{"@id":"https:\/\/www.vecol.com.co\/en\/product\/opoku-vecol-500-sc\/#primaryimage"},"thumbnailUrl":"https:\/\/www.vecol.com.co\/wp-content\/uploads\/2024\/12\/Opoku-definitivo-1.png","datePublished":"2024-12-18T18:23:53+00:00","dateModified":"2024-12-18T18:29:02+00:00","breadcrumb":{"@id":"https:\/\/www.vecol.com.co\/en\/product\/opoku-vecol-500-sc\/#breadcrumb"},"inLanguage":"en-US","potentialAction":[{"@type":"ReadAction","target":["https:\/\/www.vecol.com.co\/en\/product\/opoku-vecol-500-sc\/"]}]},{"@type":"ImageObject","inLanguage":"en-US","@id":"https:\/\/www.vecol.com.co\/en\/product\/opoku-vecol-500-sc\/#primaryimage","url":"https:\/\/www.vecol.com.co\/wp-content\/uploads\/2024\/12\/Opoku-definitivo-1.png","contentUrl":"https:\/\/www.vecol.com.co\/wp-content\/uploads\/2024\/12\/Opoku-definitivo-1.png","width":1000,"height":1406},{"@type":"BreadcrumbList","@id":"https:\/\/www.vecol.com.co\/en\/product\/opoku-vecol-500-sc\/#breadcrumb","itemListElement":[{"@type":"ListItem","position":1,"name":"Inicio","item":"https:\/\/www.vecol.com.co\/"},{"@type":"ListItem","position":2,"name":"Productos","item":"https:\/\/www.vecol.com.co\/productos\/"},{"@type":"ListItem","position":3,"name":"OPOKU VECOL 500 SC"}]},{"@type":"WebSite","@id":"https:\/\/www.vecol.com.co\/#website","url":"https:\/\/www.vecol.com.co\/","name":"VECOL","description":"Colombian Veterinary Products Company","publisher":{"@id":"https:\/\/www.vecol.com.co\/#organization"},"potentialAction":[{"@type":"SearchAction","target":{"@type":"EntryPoint","urlTemplate":"https:\/\/www.vecol.com.co\/?s={search_term_string}"},"query-input":{"@type":"PropertyValueSpecification","valueRequired":true,"valueName":"search_term_string"}}],"inLanguage":"en-US"},{"@type":"Organization","@id":"https:\/\/www.vecol.com.co\/#organization","name":"Colombian Veterinary Products Company","url":"https:\/\/www.vecol.com.co\/","logo":{"@type":"ImageObject","inLanguage":"en-US","@id":"https:\/\/www.vecol.com.co\/#\/schema\/logo\/image\/","url":"https:\/\/www.vecol.com.co\/wp-content\/uploads\/2023\/07\/logoVecol.png","contentUrl":"https:\/\/www.vecol.com.co\/wp-content\/uploads\/2023\/07\/logoVecol.png","width":106,"height":106,"caption":"Empresa Colombiana de Productos Veterinarios"},"image":{"@id":"https:\/\/www.vecol.com.co\/#\/schema\/logo\/image\/"},"sameAs":["https:\/\/www.facebook.com\/vecolveterinaria","https:\/\/x.com\/VecolColombia"]}]}},"_links":{"self":[{"href":"https:\/\/www.vecol.com.co\/en\/wp-json\/wp\/v2\/product\/11703","targetHints":{"allow":["GET"]}}],"collection":[{"href":"https:\/\/www.vecol.com.co\/en\/wp-json\/wp\/v2\/product"}],"about":[{"href":"https:\/\/www.vecol.com.co\/en\/wp-json\/wp\/v2\/types\/product"}],"wp:featuredmedia":[{"embeddable":true,"href":"https:\/\/www.vecol.com.co\/en\/wp-json\/wp\/v2\/media\/11704"}],"wp:attachment":[{"href":"https:\/\/www.vecol.com.co\/en\/wp-json\/wp\/v2\/media?parent=11703"}],"wp:term":[{"taxonomy":"product_brand","embeddable":true,"href":"https:\/\/www.vecol.com.co\/en\/wp-json\/wp\/v2\/product_brand?post=11703"},{"taxonomy":"product_cat","embeddable":true,"href":"https:\/\/www.vecol.com.co\/en\/wp-json\/wp\/v2\/product_cat?post=11703"},{"taxonomy":"product_tag","embeddable":true,"href":"https:\/\/www.vecol.com.co\/en\/wp-json\/wp\/v2\/product_tag?post=11703"}],"curies":[{"name":"wp","href":"https:\/\/api.w.org\/{rel}","templated":true}]}}