{"id":11699,"date":"2024-12-18T12:36:37","date_gmt":"2024-12-18T17:36:37","guid":{"rendered":"https:\/\/www.vecol.com.co\/?post_type=product&#038;p=11699"},"modified":"2024-12-18T12:36:37","modified_gmt":"2024-12-18T17:36:37","slug":"sivert-vecol-350-sc","status":"publish","type":"product","link":"https:\/\/www.vecol.com.co\/en\/product\/sivert-vecol-350-sc\/","title":{"rendered":"SIVERT VECOL 350 SC"},"content":{"rendered":"<table width=\"572\">\n<tbody>\n<tr>\n<td width=\"152\"><strong>DESCRIPCI\u00d3N<\/strong><\/td>\n<td width=\"420\"><span style=\"font-weight: 400;\">Herbicida que act\u00faa como regulador de crecimiento de las malezas, provocando una respuesta similar al \u00e1cido indolac\u00e9tico o herbicidas aux\u00ednicos de la clase de compuestos \u00e1cido benz\u00f3ico y piridina. Inhibe la s\u00edntesis de la pared celular.<\/span><\/p>\n<p><span style=\"font-weight: 400;\">Es absorbido a trav\u00e9s del follaje de la planta.<\/span><\/td>\n<\/tr>\n<tr>\n<td width=\"152\"><strong>PRESENTACI\u00d3N Y FORMULACI\u00d3N<\/strong><\/p>\n<p><strong>\u00a0<\/strong><\/td>\n<td width=\"420\"><span style=\"font-weight: 400;\">1 Litro y 20 Litros &#8211; | Suspensi\u00f3n Concentrada (SC)<\/span><\/td>\n<\/tr>\n<tr>\n<td width=\"152\"><strong>COMPOSICI\u00d3N<\/strong><\/td>\n<td width=\"420\"><b>\u00a0<\/b><span style=\"font-weight: 400;\">Quinclorac 350 g\/L<\/span><\/td>\n<\/tr>\n<tr>\n<td width=\"152\"><strong>CONTRAINDICACIONES &#8211; FITOTOXICIDAD &#8211; COMPATIBILIDAD<\/strong><\/td>\n<td width=\"420\"><span style=\"font-weight: 400;\">Es compatible con la mayor\u00eda de los productos fitosanitarios. Sin embargo, Antes de mezclar con otro producto se recomienda efectuar previamente una prueba de compatibilidad f\u00edsica a las dosis recomendadas.<\/span><\/td>\n<\/tr>\n<tr>\n<td width=\"152\"><strong>FORMA DE ADMINISTRACI\u00d3N<\/strong><\/td>\n<td width=\"420\">\n<p style=\"text-align: justify;\"><span style=\"font-weight: 400;\">Aspersi\u00f3n foliar terrestre sobre el follaje previa diluci\u00f3n del producto en agua. Puede aplicarse con bomba de espalda, siendo recomendable usar boquillas de cono hueco y un tama\u00f1o de gota de 250\u00b5m aprox. y a presi\u00f3n constante (40psi a 60psi). Seguir las recomendaciones de la etiqueta del producto y de la hoja de seguridad.<\/span><\/p>\n<\/td>\n<\/tr>\n<tr>\n<td width=\"152\"><strong>MODO DE ACCI\u00d3N<\/strong><\/td>\n<td width=\"420\">\n<p style=\"text-align: justify;\"><span style=\"font-weight: 400;\">Absorbido a trav\u00e9s del follaje. Actividad de auxinas. Inhibici\u00f3n de la s\u00edntesis de la pared celular.<\/span><\/p>\n<\/td>\n<\/tr>\n<tr>\n<td style=\"text-align: justify;\" width=\"152\"><strong>FRECUENCIA Y \u00c9POCA DE APLICACI\u00d3N<\/strong><\/td>\n<td width=\"420\">\n<p style=\"text-align: justify;\"><span style=\"font-weight: 400;\">Despu\u00e9s de las pl\u00e1ntulas en la etapa de 2 hojas y 1 coraz\u00f3n, la hierba de corral se puede aplicar en la etapa de 1-7 hojas, y la hierba de corral en la etapa de 2-3 hojas tiene el mejor efecto. Drene el agua del campo antes de la aplicaci\u00f3n, mant\u00e9ngala h\u00fameda, devuelva el agua al campo dentro de 1-2 d\u00edas despu\u00e9s de la aplicaci\u00f3n y mantenga una capa de agua de 3-5 cm durante 5-7 d\u00edas, y luego reanude el manejo normal del campo. Se realizar\u00e1 una sola aplicaci\u00f3n de control de los tratamientos sobre el cultivo, cuando se presente un nivel de da\u00f1o apreciable en plantas en forma inicial (5-10% de incidencia)<\/span><\/p>\n<\/td>\n<\/tr>\n<tr>\n<td width=\"152\"><strong>REGISTRO ICA N\u00b0<\/strong><\/td>\n<td width=\"420\"><span style=\"font-weight: 400;\">PL0002212024 a nombre de VECOL S.A.<\/span><\/td>\n<\/tr>\n<tr>\n<td width=\"152\"><strong>BLANCO BIOL\u00d3GICO<\/strong><\/td>\n<td width=\"420\">\n<p style=\"text-align: justify;\"><span style=\"font-weight: 400;\">Liendre puerca (Echinochloa colona) Falsa caminadora (Ischaemum rugosum) Guarda roci\u00f3 (Digitaria sanguinalis) Pata de gallina (Eleusina indica) Cadillo (Cenchrus echinatus) Caminadora (Rottboellia cochinchinensis) Coquito (Cyperus rotundus) Botoncillo (Eclipta alba) Barba de Indio (Fimbrystilis annua) Pi\u00f1ita (Murdania nudiflora)<\/span><\/p>\n<\/td>\n<\/tr>\n<tr>\n<td width=\"152\"><strong>CULTIVOS<\/strong><\/td>\n<td width=\"420\"><span style=\"font-weight: 400;\">Arroz<\/span><\/td>\n<\/tr>\n<tr>\n<td width=\"152\"><strong>DOSIS POR CULTIVO<\/strong><\/td>\n<td width=\"420\">\n<p style=\"text-align: justify;\"><span style=\"font-weight: 400;\">1,5 L\/ha<\/span><\/p>\n<\/td>\n<\/tr>\n<tr>\n<td width=\"152\"><strong>TIPO PRODUCTO <\/strong><\/td>\n<td width=\"420\">\n<p style=\"text-align: justify;\"><span style=\"font-weight: 400;\">Herbicida<\/span><\/p>\n<\/td>\n<\/tr>\n<tr>\n<td width=\"152\"><strong>PERIODO DE REENTRADA<\/strong><\/td>\n<td width=\"420\"><b>CULTIVO: <\/b><span style=\"font-weight: 400;\">Arroz<\/span><\/p>\n<p><span style=\"font-weight: 400;\"><strong>PR:<\/strong> 12 horas<\/span><\/td>\n<\/tr>\n<tr>\n<td width=\"152\"><strong>PERIODO DE CARENCIA<\/strong><\/td>\n<td width=\"420\"><b>CULTIVO:<\/b><span style=\"font-weight: 400;\"> Arroz<\/span><\/p>\n<p><span style=\"font-weight: 400;\"><strong>PC:<\/strong> 20 d\u00edas<\/span><\/td>\n<\/tr>\n<tr>\n<td width=\"152\"><strong>PRECAUCIONES Y ALMACENAMIENTO<\/strong><\/td>\n<td width=\"420\"><b>Evaluaci\u00f3n del Riesgo ambiental:<\/b><\/p>\n<ul>\n<li>\u201cLigeramente t\u00f3xico a altamente t\u00f3xico para especies acu\u00e1ticas\u201d.<\/li>\n<li>\u201cPr\u00e1cticamente no t\u00f3xico a levemente toxico para aves\u201d<\/li>\n<li>\u201cPr\u00e1cticamente no t\u00f3xico para las abejas.\u201d<\/li>\n<li>\u201cNo existe riesgo para las lombrices\u201d<\/li>\n<li>\u201cNo aplicar este producto en presencia o actividad de insectos polinizadores o en \u00e9poca de floraci\u00f3n\u201d.<\/li>\n<li>\u201cNo contaminar las fuentes de agua con los restos de la aplicaci\u00f3n o sobrantes del producto, desechos o envases vac\u00edos.\u201d<\/li>\n<li>\u201cRespetar las franjas de seguridad con relaci\u00f3n a cuerpos de agua\u201d<\/li>\n<li>\u201cPara aplicaciones terrestres del producto, se debe respetar la franja de seguridad de 10 metros, con relaci\u00f3n a los cuerpos de agua.\u201d<\/li>\n<li>\u201cEn caso de derrame recoger el producto y gestionarlo seg\u00fan lo establecido por las autoridades competentes para este fin\u201d<\/li>\n<li>Realizar las aplicaciones con el volumen de agua recomendado para evitar la escorrent\u00eda.<\/li>\n<\/ul>\n<\/td>\n<\/tr>\n<tr>\n<td width=\"152\"><b>ALMACENAMIENTO Y MANEJO DEL PRODUCTO<\/b><\/td>\n<td width=\"420\">\n<ul>\n<li>\u201cALMACENAR EL PRODUCTO EN EL ENVASE ORIGINAL, ETIQUETADO Y CERRADO, ALEJADO DE ALIMENTOS Y MEDICINAS PARA USO HUMANO Y VETERINARIO, BAJO CONDICIONES QUE GARANTICEN SU CONSERVACI\u00d3N.\u201d<\/li>\n<li>\u201cEL USO INADECUADO DEL PRODUCTO CAUSA DA\u00d1OS A LA SALUD Y AL AMBIENTE.\u201d<\/li>\n<li>\u201cNO ALMACENAR EN CASA DE HABITACI\u00d3N.\u201d<\/li>\n<li>\u201cNO ALMACENAR NI TRANSPORTAR CONJUNTAMENTE CON ALIMENTOS, MEDICINAS, BEBIDAS NI FORRAJES.\u201d<\/li>\n<li>CAUSA IRRITACI\u00d3N MODERADA A LOS OJOS<\/li>\n<\/ul>\n<p>EMERGENCIAS TOXICOL\u00d3GICAS 24 HORAS CISPROQUIM 018000916012 fuera de Bogot\u00e1. En Bogot\u00e1 comunicarse con el tel\u00e9fono (57) 1 2886012.<\/td>\n<\/tr>\n<tr>\n<td width=\"152\"><strong>REGISTRO ICA<\/strong><\/td>\n<td width=\"420\">\n<p style=\"text-align: justify;\"><span style=\"font-weight: 400;\">PL0002212024<\/span><\/p>\n<\/td>\n<\/tr>\n<\/tbody>\n<\/table>","protected":false},"excerpt":{"rendered":"<p>DESCRIPCI\u00d3N Herbicida que act\u00faa como regulador de crecimiento de las malezas, provocando una respuesta similar al \u00e1cido indolac\u00e9tico o herbicidas aux\u00ednicos de la clase de compuestos \u00e1cido benz\u00f3ico y piridina. Inhibe la s\u00edntesis de la pared celular. Es absorbido a trav\u00e9s del follaje de la planta. PRESENTACI\u00d3N Y FORMULACI\u00d3N \u00a0 1 Litro y 20 Litros [&hellip;]<\/p>\n","protected":false},"featured_media":11700,"template":"","meta":{"_acf_changed":false,"site-sidebar-layout":"default","site-content-layout":"","ast-site-content-layout":"default","site-content-style":"default","site-sidebar-style":"default","ast-global-header-display":"","ast-banner-title-visibility":"","ast-main-header-display":"","ast-hfb-above-header-display":"","ast-hfb-below-header-display":"","ast-hfb-mobile-header-display":"","site-post-title":"","ast-breadcrumbs-content":"","ast-featured-img":"","footer-sml-layout":"","ast-disable-related-posts":"","theme-transparent-header-meta":"default","adv-header-id-meta":"","stick-header-meta":"","header-above-stick-meta":"","header-main-stick-meta":"","header-below-stick-meta":"","astra-migrate-meta-layouts":"set","ast-page-background-enabled":"default","ast-page-background-meta":{"desktop":{"background-color":"","background-image":"","background-repeat":"repeat","background-position":"center center","background-size":"auto","background-attachment":"scroll","background-type":"","background-media":"","overlay-type":"","overlay-color":"","overlay-opacity":"","overlay-gradient":""},"tablet":{"background-color":"","background-image":"","background-repeat":"repeat","background-position":"center center","background-size":"auto","background-attachment":"scroll","background-type":"","background-media":"","overlay-type":"","overlay-color":"","overlay-opacity":"","overlay-gradient":""},"mobile":{"background-color":"","background-image":"","background-repeat":"repeat","background-position":"center center","background-size":"auto","background-attachment":"scroll","background-type":"","background-media":"","overlay-type":"","overlay-color":"","overlay-opacity":"","overlay-gradient":""}},"ast-content-background-meta":{"desktop":{"background-color":"var(--ast-global-color-5)","background-image":"","background-repeat":"repeat","background-position":"center center","background-size":"auto","background-attachment":"scroll","background-type":"","background-media":"","overlay-type":"","overlay-color":"","overlay-opacity":"","overlay-gradient":""},"tablet":{"background-color":"var(--ast-global-color-5)","background-image":"","background-repeat":"repeat","background-position":"center center","background-size":"auto","background-attachment":"scroll","background-type":"","background-media":"","overlay-type":"","overlay-color":"","overlay-opacity":"","overlay-gradient":""},"mobile":{"background-color":"var(--ast-global-color-5)","background-image":"","background-repeat":"repeat","background-position":"center center","background-size":"auto","background-attachment":"scroll","background-type":"","background-media":"","overlay-type":"","overlay-color":"","overlay-opacity":"","overlay-gradient":""}}},"product_brand":[],"product_cat":[23,44,120],"product_tag":[],"class_list":{"0":"post-11699","1":"product","2":"type-product","3":"status-publish","4":"has-post-thumbnail","6":"product_cat-agricola-y-fertilizantes","7":"product_cat-herbicidas","8":"product_cat-nuevos-productos","9":"desktop-align-left","10":"tablet-align-left","11":"mobile-align-left","13":"first","14":"instock","15":"shipping-taxable","16":"product-type-simple"},"acf":[],"yoast_head":"<!-- This site is optimized with the Yoast SEO plugin v27.4 - https:\/\/yoast.com\/product\/yoast-seo-wordpress\/ -->\n<title>SIVERT VECOL 350 SC - VECOL<\/title>\n<meta name=\"robots\" content=\"index, follow, max-snippet:-1, max-image-preview:large, max-video-preview:-1\" \/>\n<link rel=\"canonical\" href=\"https:\/\/www.vecol.com.co\/en\/product\/sivert-vecol-350-sc\/\" \/>\n<meta property=\"og:locale\" content=\"en_US\" \/>\n<meta property=\"og:type\" content=\"article\" \/>\n<meta property=\"og:title\" content=\"SIVERT VECOL 350 SC - VECOL\" \/>\n<meta property=\"og:description\" content=\"DESCRIPCI\u00d3N Herbicida que act\u00faa como regulador de crecimiento de las malezas, provocando una respuesta similar al \u00e1cido indolac\u00e9tico o herbicidas aux\u00ednicos de la clase de compuestos \u00e1cido benz\u00f3ico y piridina. Inhibe la s\u00edntesis de la pared celular. Es absorbido a trav\u00e9s del follaje de la planta. PRESENTACI\u00d3N Y FORMULACI\u00d3N \u00a0 1 Litro y 20 Litros [&hellip;]\" \/>\n<meta property=\"og:url\" content=\"https:\/\/www.vecol.com.co\/en\/product\/sivert-vecol-350-sc\/\" \/>\n<meta property=\"og:site_name\" content=\"VECOL\" \/>\n<meta property=\"article:publisher\" content=\"https:\/\/www.facebook.com\/vecolveterinaria\" \/>\n<meta property=\"og:image\" content=\"https:\/\/www.vecol.com.co\/wp-content\/uploads\/2024\/12\/Sivert-Definitivo.png\" \/>\n\t<meta property=\"og:image:width\" content=\"1000\" \/>\n\t<meta property=\"og:image:height\" content=\"1406\" \/>\n\t<meta property=\"og:image:type\" content=\"image\/png\" \/>\n<meta name=\"twitter:card\" content=\"summary_large_image\" \/>\n<meta name=\"twitter:site\" content=\"@VecolColombia\" \/>\n<meta name=\"twitter:label1\" content=\"Est. reading time\" \/>\n\t<meta name=\"twitter:data1\" content=\"3 minutes\" \/>\n<script type=\"application\/ld+json\" class=\"yoast-schema-graph\">{\"@context\":\"https:\\\/\\\/schema.org\",\"@graph\":[{\"@type\":\"WebPage\",\"@id\":\"https:\\\/\\\/www.vecol.com.co\\\/producto\\\/sivert-vecol-350-sc\\\/\",\"url\":\"https:\\\/\\\/www.vecol.com.co\\\/producto\\\/sivert-vecol-350-sc\\\/\",\"name\":\"SIVERT VECOL 350 SC - VECOL\",\"isPartOf\":{\"@id\":\"https:\\\/\\\/www.vecol.com.co\\\/#website\"},\"primaryImageOfPage\":{\"@id\":\"https:\\\/\\\/www.vecol.com.co\\\/producto\\\/sivert-vecol-350-sc\\\/#primaryimage\"},\"image\":{\"@id\":\"https:\\\/\\\/www.vecol.com.co\\\/producto\\\/sivert-vecol-350-sc\\\/#primaryimage\"},\"thumbnailUrl\":\"https:\\\/\\\/www.vecol.com.co\\\/wp-content\\\/uploads\\\/2024\\\/12\\\/Sivert-Definitivo.png\",\"datePublished\":\"2024-12-18T17:36:37+00:00\",\"breadcrumb\":{\"@id\":\"https:\\\/\\\/www.vecol.com.co\\\/producto\\\/sivert-vecol-350-sc\\\/#breadcrumb\"},\"inLanguage\":\"en-US\",\"potentialAction\":[{\"@type\":\"ReadAction\",\"target\":[\"https:\\\/\\\/www.vecol.com.co\\\/producto\\\/sivert-vecol-350-sc\\\/\"]}]},{\"@type\":\"ImageObject\",\"inLanguage\":\"en-US\",\"@id\":\"https:\\\/\\\/www.vecol.com.co\\\/producto\\\/sivert-vecol-350-sc\\\/#primaryimage\",\"url\":\"https:\\\/\\\/www.vecol.com.co\\\/wp-content\\\/uploads\\\/2024\\\/12\\\/Sivert-Definitivo.png\",\"contentUrl\":\"https:\\\/\\\/www.vecol.com.co\\\/wp-content\\\/uploads\\\/2024\\\/12\\\/Sivert-Definitivo.png\",\"width\":1000,\"height\":1406},{\"@type\":\"BreadcrumbList\",\"@id\":\"https:\\\/\\\/www.vecol.com.co\\\/producto\\\/sivert-vecol-350-sc\\\/#breadcrumb\",\"itemListElement\":[{\"@type\":\"ListItem\",\"position\":1,\"name\":\"Inicio\",\"item\":\"https:\\\/\\\/www.vecol.com.co\\\/\"},{\"@type\":\"ListItem\",\"position\":2,\"name\":\"Productos\",\"item\":\"https:\\\/\\\/www.vecol.com.co\\\/productos\\\/\"},{\"@type\":\"ListItem\",\"position\":3,\"name\":\"SIVERT VECOL 350 SC\"}]},{\"@type\":\"WebSite\",\"@id\":\"https:\\\/\\\/www.vecol.com.co\\\/#website\",\"url\":\"https:\\\/\\\/www.vecol.com.co\\\/\",\"name\":\"VECOL\",\"description\":\"Empresa Colombiana de Productos Veterinarios\",\"publisher\":{\"@id\":\"https:\\\/\\\/www.vecol.com.co\\\/#organization\"},\"potentialAction\":[{\"@type\":\"SearchAction\",\"target\":{\"@type\":\"EntryPoint\",\"urlTemplate\":\"https:\\\/\\\/www.vecol.com.co\\\/?s={search_term_string}\"},\"query-input\":{\"@type\":\"PropertyValueSpecification\",\"valueRequired\":true,\"valueName\":\"search_term_string\"}}],\"inLanguage\":\"en-US\"},{\"@type\":\"Organization\",\"@id\":\"https:\\\/\\\/www.vecol.com.co\\\/#organization\",\"name\":\"Empresa Colombiana de Productos Veterinarios\",\"url\":\"https:\\\/\\\/www.vecol.com.co\\\/\",\"logo\":{\"@type\":\"ImageObject\",\"inLanguage\":\"en-US\",\"@id\":\"https:\\\/\\\/www.vecol.com.co\\\/#\\\/schema\\\/logo\\\/image\\\/\",\"url\":\"https:\\\/\\\/www.vecol.com.co\\\/wp-content\\\/uploads\\\/2023\\\/07\\\/logoVecol.png\",\"contentUrl\":\"https:\\\/\\\/www.vecol.com.co\\\/wp-content\\\/uploads\\\/2023\\\/07\\\/logoVecol.png\",\"width\":106,\"height\":106,\"caption\":\"Empresa Colombiana de Productos Veterinarios\"},\"image\":{\"@id\":\"https:\\\/\\\/www.vecol.com.co\\\/#\\\/schema\\\/logo\\\/image\\\/\"},\"sameAs\":[\"https:\\\/\\\/www.facebook.com\\\/vecolveterinaria\",\"https:\\\/\\\/x.com\\\/VecolColombia\"]}]}<\/script>\n<!-- \/ Yoast SEO plugin. -->","yoast_head_json":{"title":"SIVERT VECOL 350 SC - VECOL","robots":{"index":"index","follow":"follow","max-snippet":"max-snippet:-1","max-image-preview":"max-image-preview:large","max-video-preview":"max-video-preview:-1"},"canonical":"https:\/\/www.vecol.com.co\/en\/product\/sivert-vecol-350-sc\/","og_locale":"en_US","og_type":"article","og_title":"SIVERT VECOL 350 SC - VECOL","og_description":"DESCRIPCI\u00d3N Herbicida que act\u00faa como regulador de crecimiento de las malezas, provocando una respuesta similar al \u00e1cido indolac\u00e9tico o herbicidas aux\u00ednicos de la clase de compuestos \u00e1cido benz\u00f3ico y piridina. Inhibe la s\u00edntesis de la pared celular. Es absorbido a trav\u00e9s del follaje de la planta. PRESENTACI\u00d3N Y FORMULACI\u00d3N \u00a0 1 Litro y 20 Litros [&hellip;]","og_url":"https:\/\/www.vecol.com.co\/en\/product\/sivert-vecol-350-sc\/","og_site_name":"VECOL","article_publisher":"https:\/\/www.facebook.com\/vecolveterinaria","og_image":[{"width":1000,"height":1406,"url":"https:\/\/www.vecol.com.co\/wp-content\/uploads\/2024\/12\/Sivert-Definitivo.png","type":"image\/png"}],"twitter_card":"summary_large_image","twitter_site":"@VecolColombia","twitter_misc":{"Est. reading time":"3 minutes"},"schema":{"@context":"https:\/\/schema.org","@graph":[{"@type":"WebPage","@id":"https:\/\/www.vecol.com.co\/producto\/sivert-vecol-350-sc\/","url":"https:\/\/www.vecol.com.co\/producto\/sivert-vecol-350-sc\/","name":"SIVERT VECOL 350 SC - VECOL","isPartOf":{"@id":"https:\/\/www.vecol.com.co\/#website"},"primaryImageOfPage":{"@id":"https:\/\/www.vecol.com.co\/producto\/sivert-vecol-350-sc\/#primaryimage"},"image":{"@id":"https:\/\/www.vecol.com.co\/producto\/sivert-vecol-350-sc\/#primaryimage"},"thumbnailUrl":"https:\/\/www.vecol.com.co\/wp-content\/uploads\/2024\/12\/Sivert-Definitivo.png","datePublished":"2024-12-18T17:36:37+00:00","breadcrumb":{"@id":"https:\/\/www.vecol.com.co\/producto\/sivert-vecol-350-sc\/#breadcrumb"},"inLanguage":"en-US","potentialAction":[{"@type":"ReadAction","target":["https:\/\/www.vecol.com.co\/producto\/sivert-vecol-350-sc\/"]}]},{"@type":"ImageObject","inLanguage":"en-US","@id":"https:\/\/www.vecol.com.co\/producto\/sivert-vecol-350-sc\/#primaryimage","url":"https:\/\/www.vecol.com.co\/wp-content\/uploads\/2024\/12\/Sivert-Definitivo.png","contentUrl":"https:\/\/www.vecol.com.co\/wp-content\/uploads\/2024\/12\/Sivert-Definitivo.png","width":1000,"height":1406},{"@type":"BreadcrumbList","@id":"https:\/\/www.vecol.com.co\/producto\/sivert-vecol-350-sc\/#breadcrumb","itemListElement":[{"@type":"ListItem","position":1,"name":"Inicio","item":"https:\/\/www.vecol.com.co\/"},{"@type":"ListItem","position":2,"name":"Productos","item":"https:\/\/www.vecol.com.co\/productos\/"},{"@type":"ListItem","position":3,"name":"SIVERT VECOL 350 SC"}]},{"@type":"WebSite","@id":"https:\/\/www.vecol.com.co\/#website","url":"https:\/\/www.vecol.com.co\/","name":"VECOL","description":"Colombian Veterinary Products Company","publisher":{"@id":"https:\/\/www.vecol.com.co\/#organization"},"potentialAction":[{"@type":"SearchAction","target":{"@type":"EntryPoint","urlTemplate":"https:\/\/www.vecol.com.co\/?s={search_term_string}"},"query-input":{"@type":"PropertyValueSpecification","valueRequired":true,"valueName":"search_term_string"}}],"inLanguage":"en-US"},{"@type":"Organization","@id":"https:\/\/www.vecol.com.co\/#organization","name":"Colombian Veterinary Products Company","url":"https:\/\/www.vecol.com.co\/","logo":{"@type":"ImageObject","inLanguage":"en-US","@id":"https:\/\/www.vecol.com.co\/#\/schema\/logo\/image\/","url":"https:\/\/www.vecol.com.co\/wp-content\/uploads\/2023\/07\/logoVecol.png","contentUrl":"https:\/\/www.vecol.com.co\/wp-content\/uploads\/2023\/07\/logoVecol.png","width":106,"height":106,"caption":"Empresa Colombiana de Productos Veterinarios"},"image":{"@id":"https:\/\/www.vecol.com.co\/#\/schema\/logo\/image\/"},"sameAs":["https:\/\/www.facebook.com\/vecolveterinaria","https:\/\/x.com\/VecolColombia"]}]}},"_links":{"self":[{"href":"https:\/\/www.vecol.com.co\/en\/wp-json\/wp\/v2\/product\/11699","targetHints":{"allow":["GET"]}}],"collection":[{"href":"https:\/\/www.vecol.com.co\/en\/wp-json\/wp\/v2\/product"}],"about":[{"href":"https:\/\/www.vecol.com.co\/en\/wp-json\/wp\/v2\/types\/product"}],"wp:featuredmedia":[{"embeddable":true,"href":"https:\/\/www.vecol.com.co\/en\/wp-json\/wp\/v2\/media\/11700"}],"wp:attachment":[{"href":"https:\/\/www.vecol.com.co\/en\/wp-json\/wp\/v2\/media?parent=11699"}],"wp:term":[{"taxonomy":"product_brand","embeddable":true,"href":"https:\/\/www.vecol.com.co\/en\/wp-json\/wp\/v2\/product_brand?post=11699"},{"taxonomy":"product_cat","embeddable":true,"href":"https:\/\/www.vecol.com.co\/en\/wp-json\/wp\/v2\/product_cat?post=11699"},{"taxonomy":"product_tag","embeddable":true,"href":"https:\/\/www.vecol.com.co\/en\/wp-json\/wp\/v2\/product_tag?post=11699"}],"curies":[{"name":"wp","href":"https:\/\/api.w.org\/{rel}","templated":true}]}}