{"id":11070,"date":"2024-02-22T15:02:09","date_gmt":"2024-02-22T20:02:09","guid":{"rendered":"https:\/\/www.vecol.com.co\/?post_type=product&#038;p=11070"},"modified":"2024-02-22T15:12:56","modified_gmt":"2024-02-22T20:12:56","slug":"gestavec-d-12","status":"publish","type":"product","link":"https:\/\/www.vecol.com.co\/en\/product\/gestavec-d-12\/","title":{"rendered":"GESTAVEC\u00ae D 1,2"},"content":{"rendered":"<table width=\"633\">\n<tbody>\n<tr>\n<td width=\"141\"><strong>INDICACIONES<\/strong><\/td>\n<td width=\"491\">En bovinos para la sincronizaci\u00f3n del celo en vacas y vaquillonas.<\/p>\n<p>Para la sincronizaci\u00f3n de celos para programas de inseminaci\u00f3n artificial a tiempo fijo (IATF).<\/td>\n<\/tr>\n<tr>\n<td width=\"141\"><strong>ESPECIES DE DESTINO<\/strong><\/p>\n<p>&nbsp;<\/p>\n<p><strong>COMPOSICI\u00d3N<\/strong><\/p>\n<p>&nbsp;<\/p>\n<p>&nbsp;<\/p>\n<p>&nbsp;<\/p>\n<p><strong>DOSIS Y V\u00cdA DE ADMINISTRACI\u00d3N:\u00a0<\/strong><\/td>\n<td width=\"491\">Bovinos<\/p>\n<p>&nbsp;<\/p>\n<p>Cada dispositivo intravaginal contiene:<\/p>\n<p>Progesterona (4 \u2013 pregnano \u2013 3,20- diona) Micronizada \u2026\u2026\u00a0\u00a0\u00a0\u00a0\u00a0 1,20g<\/p>\n<p>Excipientes: (Acelerante vulcanizante [Per\u00f3xido de bis (2.4 \u2013 diclorobenzoilo)] y Silicona inerte) c.s.p\u2026\u2026\u2026\u20261 dispositivo<\/p>\n<p>&nbsp;<\/p>\n<p>V\u00eda de administraci\u00f3n: intravaginal.<\/p>\n<p>Forma de aplicaci\u00f3n y Dosis:<\/p>\n<ul>\n<li>Utilizando guantes de l\u00e1tex, tomar el dispositivo y colocarlo en el aplicador, desinfectar en soluciones de amonio cuaternario al 0,5%, realizar higiene de la zona perivulvar y aplicar intravaginalmente.<\/li>\n<li>Utilizar un dispositivo por animal. Se sugieren los siguientes protocolos posol\u00f3gicos para cada indicaci\u00f3n. Estos pueden modificarse de acuerdo a la indicaci\u00f3n del M\u00e9dico Veterinario.<\/li>\n<\/ul>\n<p>&nbsp;<\/p>\n<p>Sincronizaci\u00f3n de celo: D\u00eda 0 colocar el dispositivo + 2mg de benzoato de estradiol. Retirar el dispositivo al d\u00eda 8 y aplicar 150ug de D+cloprostenol. Detectar celo desde el retiro de dispositivo durante 4 d\u00edas y realizar Inseminaci\u00f3n Artificial 12 horas posteriores a la detecci\u00f3n de celo.<\/p>\n<p>Con toros: colocar los toros durante 4 d\u00edas desde el retiro del dispositivo.<\/p>\n<p>&nbsp;<\/p>\n<p>Sincronizaci\u00f3n de celo para IATF: d\u00eda 0 colocar el dispositivo + 2mg de benzoato de estradiol. Retirar el dispositivo al d\u00eda 8 y aplicar 150ug de D+cloprostenol. D\u00eda 9 administrar 1 mg de benzoato de estradiol (24 horas pos retiro de dispositivo). Realizar IATF a las 54 horas de retirado el dispositivo.<\/td>\n<\/tr>\n<tr>\n<td width=\"141\"><strong>PRECAUCIONES Y ALMACENAMIENTO<\/strong><\/td>\n<td width=\"491\">\n<ul>\n<li>Verificar que el sistema de inviolabilidad del producto y sus condiciones de almacenamiento previo a su uso sean las adecuadas, as\u00ed como que el mismo haya caducado en referencia a la fecha de vencimiento expresada en el rotulo.<\/li>\n<li>Limpiar la zona perivulvar antes de la aplicaci\u00f3n del dispositivo. Lubricar el aplicador (lubricante obst\u00e9trico) antes de la aplicaci\u00f3n (sobre todo en vaquillonas).<\/li>\n<li>Tiempo de retiro: pre orde\u00f1o: 0 d\u00edas. pre \u2013 faena: 0 d\u00edas.<\/li>\n<li>Almacenar a una temperatura inferior 30\u00b0C y protegido de la luz solar.<\/li>\n<li>Venta bajo f\u00f3rmula del M\u00e9dico Veterinario<\/li>\n<li>Mant\u00e9ngase fuera del alcance de los ni\u00f1os y de los animales dom\u00e9sticos.<\/li>\n<li>La disposici\u00f3n de los envases o contenido residual debe hacerse seg\u00fan la normativa ambiental nacional vigente.<\/li>\n<\/ul>\n<\/td>\n<\/tr>\n<tr>\n<td width=\"141\"><strong>PRESENTACI\u00d3N:\u00a0<\/strong><\/td>\n<td width=\"491\">Bolsa Doy Pack con cierre de seguridad zipper por 10 dispositivos intravaginales acompa\u00f1ados por un soporte de nylon y cord\u00f3n en polietileno cada uno.<\/td>\n<\/tr>\n<tr>\n<td width=\"141\"><strong>REGISTRO ICA N\u00b0<\/strong><\/td>\n<td width=\"491\"><strong>11110-MV<\/strong><\/td>\n<\/tr>\n<\/tbody>\n<\/table>\n","protected":false},"excerpt":{"rendered":"<p>En bovinos para la sincronizaci\u00f3n del celo en vacas y vaquillonas. Para la sincronizaci\u00f3n de celos para programas de inseminaci\u00f3n artificial a tiempo fijo (IATF).<\/p>","protected":false},"featured_media":11071,"template":"","meta":{"_acf_changed":false,"site-sidebar-layout":"default","site-content-layout":"default","ast-site-content-layout":"default","site-content-style":"default","site-sidebar-style":"default","ast-global-header-display":"","ast-banner-title-visibility":"","ast-main-header-display":"","ast-hfb-above-header-display":"","ast-hfb-below-header-display":"","ast-hfb-mobile-header-display":"","site-post-title":"","ast-breadcrumbs-content":"","ast-featured-img":"","footer-sml-layout":"","ast-disable-related-posts":"","theme-transparent-header-meta":"default","adv-header-id-meta":"","stick-header-meta":"","header-above-stick-meta":"","header-main-stick-meta":"","header-below-stick-meta":"","astra-migrate-meta-layouts":"set","ast-page-background-enabled":"default","ast-page-background-meta":{"desktop":{"background-color":"","background-image":"","background-repeat":"repeat","background-position":"center center","background-size":"auto","background-attachment":"scroll","background-type":"","background-media":"","overlay-type":"","overlay-color":"","overlay-opacity":"","overlay-gradient":""},"tablet":{"background-color":"","background-image":"","background-repeat":"repeat","background-position":"center center","background-size":"auto","background-attachment":"scroll","background-type":"","background-media":"","overlay-type":"","overlay-color":"","overlay-opacity":"","overlay-gradient":""},"mobile":{"background-color":"","background-image":"","background-repeat":"repeat","background-position":"center center","background-size":"auto","background-attachment":"scroll","background-type":"","background-media":"","overlay-type":"","overlay-color":"","overlay-opacity":"","overlay-gradient":""}},"ast-content-background-meta":{"desktop":{"background-color":"var(--ast-global-color-5)","background-image":"","background-repeat":"repeat","background-position":"center center","background-size":"auto","background-attachment":"scroll","background-type":"","background-media":"","overlay-type":"","overlay-color":"","overlay-opacity":"","overlay-gradient":""},"tablet":{"background-color":"var(--ast-global-color-5)","background-image":"","background-repeat":"repeat","background-position":"center center","background-size":"auto","background-attachment":"scroll","background-type":"","background-media":"","overlay-type":"","overlay-color":"","overlay-opacity":"","overlay-gradient":""},"mobile":{"background-color":"var(--ast-global-color-5)","background-image":"","background-repeat":"repeat","background-position":"center center","background-size":"auto","background-attachment":"scroll","background-type":"","background-media":"","overlay-type":"","overlay-color":"","overlay-opacity":"","overlay-gradient":""}}},"product_brand":[],"product_cat":[17,48],"product_tag":[],"class_list":{"0":"post-11070","1":"product","2":"type-product","3":"status-publish","4":"has-post-thumbnail","6":"product_cat-animales-de-produccion","7":"product_cat-phibro-animal-health-corporation","8":"desktop-align-left","9":"tablet-align-left","10":"mobile-align-left","12":"first","13":"instock","14":"shipping-taxable","15":"product-type-simple"},"acf":[],"yoast_head":"<!-- This site is optimized with the Yoast SEO plugin v27.3 - https:\/\/yoast.com\/product\/yoast-seo-wordpress\/ -->\n<title>GESTAVEC\u00ae D 1,2 - VECOL<\/title>\n<meta name=\"description\" content=\"En bovinos para la sincronizaci\u00f3n del celo en vacas y vaquillonas. Para la sincronizaci\u00f3n de celos para programas de inseminaci\u00f3n artificial a tiempo fijo (IATF)\" \/>\n<meta name=\"robots\" content=\"index, follow, max-snippet:-1, max-image-preview:large, max-video-preview:-1\" \/>\n<link rel=\"canonical\" href=\"https:\/\/www.vecol.com.co\/en\/product\/gestavec-d-12\/\" \/>\n<meta property=\"og:locale\" content=\"en_US\" \/>\n<meta property=\"og:type\" content=\"article\" \/>\n<meta property=\"og:title\" content=\"GESTAVEC\u00ae D 1,2 - VECOL\" \/>\n<meta property=\"og:description\" content=\"En bovinos para la sincronizaci\u00f3n del celo en vacas y vaquillonas. Para la sincronizaci\u00f3n de celos para programas de inseminaci\u00f3n artificial a tiempo fijo (IATF)\" \/>\n<meta property=\"og:url\" content=\"https:\/\/www.vecol.com.co\/en\/product\/gestavec-d-12\/\" \/>\n<meta property=\"og:site_name\" content=\"VECOL\" \/>\n<meta property=\"article:publisher\" content=\"https:\/\/www.facebook.com\/vecolveterinaria\" \/>\n<meta property=\"article:modified_time\" content=\"2024-02-22T20:12:56+00:00\" \/>\n<meta property=\"og:image\" content=\"https:\/\/www.vecol.com.co\/wp-content\/uploads\/2024\/02\/GESTAVEC-D_12C.jpg\" \/>\n\t<meta property=\"og:image:width\" content=\"1080\" \/>\n\t<meta property=\"og:image:height\" content=\"1080\" \/>\n\t<meta property=\"og:image:type\" content=\"image\/jpeg\" \/>\n<meta name=\"twitter:card\" content=\"summary_large_image\" \/>\n<meta name=\"twitter:site\" content=\"@VecolColombia\" \/>\n<meta name=\"twitter:label1\" content=\"Est. reading time\" \/>\n\t<meta name=\"twitter:data1\" content=\"2 minutes\" \/>\n<script type=\"application\/ld+json\" class=\"yoast-schema-graph\">{\"@context\":\"https:\\\/\\\/schema.org\",\"@graph\":[{\"@type\":\"WebPage\",\"@id\":\"https:\\\/\\\/www.vecol.com.co\\\/producto\\\/gestavec-d-12\\\/\",\"url\":\"https:\\\/\\\/www.vecol.com.co\\\/producto\\\/gestavec-d-12\\\/\",\"name\":\"GESTAVEC\u00ae D 1,2 - VECOL\",\"isPartOf\":{\"@id\":\"https:\\\/\\\/www.vecol.com.co\\\/#website\"},\"primaryImageOfPage\":{\"@id\":\"https:\\\/\\\/www.vecol.com.co\\\/producto\\\/gestavec-d-12\\\/#primaryimage\"},\"image\":{\"@id\":\"https:\\\/\\\/www.vecol.com.co\\\/producto\\\/gestavec-d-12\\\/#primaryimage\"},\"thumbnailUrl\":\"https:\\\/\\\/www.vecol.com.co\\\/wp-content\\\/uploads\\\/2024\\\/02\\\/GESTAVEC-D_12C.jpg\",\"datePublished\":\"2024-02-22T20:02:09+00:00\",\"dateModified\":\"2024-02-22T20:12:56+00:00\",\"description\":\"En bovinos para la sincronizaci\u00f3n del celo en vacas y vaquillonas. Para la sincronizaci\u00f3n de celos para programas de inseminaci\u00f3n artificial a tiempo fijo (IATF)\",\"breadcrumb\":{\"@id\":\"https:\\\/\\\/www.vecol.com.co\\\/producto\\\/gestavec-d-12\\\/#breadcrumb\"},\"inLanguage\":\"en-US\",\"potentialAction\":[{\"@type\":\"ReadAction\",\"target\":[\"https:\\\/\\\/www.vecol.com.co\\\/producto\\\/gestavec-d-12\\\/\"]}]},{\"@type\":\"ImageObject\",\"inLanguage\":\"en-US\",\"@id\":\"https:\\\/\\\/www.vecol.com.co\\\/producto\\\/gestavec-d-12\\\/#primaryimage\",\"url\":\"https:\\\/\\\/www.vecol.com.co\\\/wp-content\\\/uploads\\\/2024\\\/02\\\/GESTAVEC-D_12C.jpg\",\"contentUrl\":\"https:\\\/\\\/www.vecol.com.co\\\/wp-content\\\/uploads\\\/2024\\\/02\\\/GESTAVEC-D_12C.jpg\",\"width\":1080,\"height\":1080},{\"@type\":\"BreadcrumbList\",\"@id\":\"https:\\\/\\\/www.vecol.com.co\\\/producto\\\/gestavec-d-12\\\/#breadcrumb\",\"itemListElement\":[{\"@type\":\"ListItem\",\"position\":1,\"name\":\"Inicio\",\"item\":\"https:\\\/\\\/www.vecol.com.co\\\/\"},{\"@type\":\"ListItem\",\"position\":2,\"name\":\"Productos\",\"item\":\"https:\\\/\\\/www.vecol.com.co\\\/productos\\\/\"},{\"@type\":\"ListItem\",\"position\":3,\"name\":\"GESTAVEC\u00ae D 1,2\"}]},{\"@type\":\"WebSite\",\"@id\":\"https:\\\/\\\/www.vecol.com.co\\\/#website\",\"url\":\"https:\\\/\\\/www.vecol.com.co\\\/\",\"name\":\"VECOL\",\"description\":\"Empresa Colombiana de Productos Veterinarios\",\"publisher\":{\"@id\":\"https:\\\/\\\/www.vecol.com.co\\\/#organization\"},\"potentialAction\":[{\"@type\":\"SearchAction\",\"target\":{\"@type\":\"EntryPoint\",\"urlTemplate\":\"https:\\\/\\\/www.vecol.com.co\\\/?s={search_term_string}\"},\"query-input\":{\"@type\":\"PropertyValueSpecification\",\"valueRequired\":true,\"valueName\":\"search_term_string\"}}],\"inLanguage\":\"en-US\"},{\"@type\":\"Organization\",\"@id\":\"https:\\\/\\\/www.vecol.com.co\\\/#organization\",\"name\":\"Empresa Colombiana de Productos Veterinarios\",\"url\":\"https:\\\/\\\/www.vecol.com.co\\\/\",\"logo\":{\"@type\":\"ImageObject\",\"inLanguage\":\"en-US\",\"@id\":\"https:\\\/\\\/www.vecol.com.co\\\/#\\\/schema\\\/logo\\\/image\\\/\",\"url\":\"https:\\\/\\\/www.vecol.com.co\\\/wp-content\\\/uploads\\\/2023\\\/07\\\/logoVecol.png\",\"contentUrl\":\"https:\\\/\\\/www.vecol.com.co\\\/wp-content\\\/uploads\\\/2023\\\/07\\\/logoVecol.png\",\"width\":106,\"height\":106,\"caption\":\"Empresa Colombiana de Productos Veterinarios\"},\"image\":{\"@id\":\"https:\\\/\\\/www.vecol.com.co\\\/#\\\/schema\\\/logo\\\/image\\\/\"},\"sameAs\":[\"https:\\\/\\\/www.facebook.com\\\/vecolveterinaria\",\"https:\\\/\\\/x.com\\\/VecolColombia\"]}]}<\/script>\n<!-- \/ Yoast SEO plugin. -->","yoast_head_json":{"title":"GESTAVEC\u00ae D 1,2 - VECOL","description":"En bovinos para la sincronizaci\u00f3n del celo en vacas y vaquillonas. Para la sincronizaci\u00f3n de celos para programas de inseminaci\u00f3n artificial a tiempo fijo (IATF)","robots":{"index":"index","follow":"follow","max-snippet":"max-snippet:-1","max-image-preview":"max-image-preview:large","max-video-preview":"max-video-preview:-1"},"canonical":"https:\/\/www.vecol.com.co\/en\/product\/gestavec-d-12\/","og_locale":"en_US","og_type":"article","og_title":"GESTAVEC\u00ae D 1,2 - VECOL","og_description":"En bovinos para la sincronizaci\u00f3n del celo en vacas y vaquillonas. Para la sincronizaci\u00f3n de celos para programas de inseminaci\u00f3n artificial a tiempo fijo (IATF)","og_url":"https:\/\/www.vecol.com.co\/en\/product\/gestavec-d-12\/","og_site_name":"VECOL","article_publisher":"https:\/\/www.facebook.com\/vecolveterinaria","article_modified_time":"2024-02-22T20:12:56+00:00","og_image":[{"width":1080,"height":1080,"url":"https:\/\/www.vecol.com.co\/wp-content\/uploads\/2024\/02\/GESTAVEC-D_12C.jpg","type":"image\/jpeg"}],"twitter_card":"summary_large_image","twitter_site":"@VecolColombia","twitter_misc":{"Est. reading time":"2 minutes"},"schema":{"@context":"https:\/\/schema.org","@graph":[{"@type":"WebPage","@id":"https:\/\/www.vecol.com.co\/producto\/gestavec-d-12\/","url":"https:\/\/www.vecol.com.co\/producto\/gestavec-d-12\/","name":"GESTAVEC\u00ae D 1,2 - VECOL","isPartOf":{"@id":"https:\/\/www.vecol.com.co\/#website"},"primaryImageOfPage":{"@id":"https:\/\/www.vecol.com.co\/producto\/gestavec-d-12\/#primaryimage"},"image":{"@id":"https:\/\/www.vecol.com.co\/producto\/gestavec-d-12\/#primaryimage"},"thumbnailUrl":"https:\/\/www.vecol.com.co\/wp-content\/uploads\/2024\/02\/GESTAVEC-D_12C.jpg","datePublished":"2024-02-22T20:02:09+00:00","dateModified":"2024-02-22T20:12:56+00:00","description":"En bovinos para la sincronizaci\u00f3n del celo en vacas y vaquillonas. Para la sincronizaci\u00f3n de celos para programas de inseminaci\u00f3n artificial a tiempo fijo (IATF)","breadcrumb":{"@id":"https:\/\/www.vecol.com.co\/producto\/gestavec-d-12\/#breadcrumb"},"inLanguage":"en-US","potentialAction":[{"@type":"ReadAction","target":["https:\/\/www.vecol.com.co\/producto\/gestavec-d-12\/"]}]},{"@type":"ImageObject","inLanguage":"en-US","@id":"https:\/\/www.vecol.com.co\/producto\/gestavec-d-12\/#primaryimage","url":"https:\/\/www.vecol.com.co\/wp-content\/uploads\/2024\/02\/GESTAVEC-D_12C.jpg","contentUrl":"https:\/\/www.vecol.com.co\/wp-content\/uploads\/2024\/02\/GESTAVEC-D_12C.jpg","width":1080,"height":1080},{"@type":"BreadcrumbList","@id":"https:\/\/www.vecol.com.co\/producto\/gestavec-d-12\/#breadcrumb","itemListElement":[{"@type":"ListItem","position":1,"name":"Inicio","item":"https:\/\/www.vecol.com.co\/"},{"@type":"ListItem","position":2,"name":"Productos","item":"https:\/\/www.vecol.com.co\/productos\/"},{"@type":"ListItem","position":3,"name":"GESTAVEC\u00ae D 1,2"}]},{"@type":"WebSite","@id":"https:\/\/www.vecol.com.co\/#website","url":"https:\/\/www.vecol.com.co\/","name":"VECOL","description":"Colombian Veterinary Products Company","publisher":{"@id":"https:\/\/www.vecol.com.co\/#organization"},"potentialAction":[{"@type":"SearchAction","target":{"@type":"EntryPoint","urlTemplate":"https:\/\/www.vecol.com.co\/?s={search_term_string}"},"query-input":{"@type":"PropertyValueSpecification","valueRequired":true,"valueName":"search_term_string"}}],"inLanguage":"en-US"},{"@type":"Organization","@id":"https:\/\/www.vecol.com.co\/#organization","name":"Colombian Veterinary Products Company","url":"https:\/\/www.vecol.com.co\/","logo":{"@type":"ImageObject","inLanguage":"en-US","@id":"https:\/\/www.vecol.com.co\/#\/schema\/logo\/image\/","url":"https:\/\/www.vecol.com.co\/wp-content\/uploads\/2023\/07\/logoVecol.png","contentUrl":"https:\/\/www.vecol.com.co\/wp-content\/uploads\/2023\/07\/logoVecol.png","width":106,"height":106,"caption":"Empresa Colombiana de Productos Veterinarios"},"image":{"@id":"https:\/\/www.vecol.com.co\/#\/schema\/logo\/image\/"},"sameAs":["https:\/\/www.facebook.com\/vecolveterinaria","https:\/\/x.com\/VecolColombia"]}]}},"_links":{"self":[{"href":"https:\/\/www.vecol.com.co\/en\/wp-json\/wp\/v2\/product\/11070","targetHints":{"allow":["GET"]}}],"collection":[{"href":"https:\/\/www.vecol.com.co\/en\/wp-json\/wp\/v2\/product"}],"about":[{"href":"https:\/\/www.vecol.com.co\/en\/wp-json\/wp\/v2\/types\/product"}],"wp:featuredmedia":[{"embeddable":true,"href":"https:\/\/www.vecol.com.co\/en\/wp-json\/wp\/v2\/media\/11071"}],"wp:attachment":[{"href":"https:\/\/www.vecol.com.co\/en\/wp-json\/wp\/v2\/media?parent=11070"}],"wp:term":[{"taxonomy":"product_brand","embeddable":true,"href":"https:\/\/www.vecol.com.co\/en\/wp-json\/wp\/v2\/product_brand?post=11070"},{"taxonomy":"product_cat","embeddable":true,"href":"https:\/\/www.vecol.com.co\/en\/wp-json\/wp\/v2\/product_cat?post=11070"},{"taxonomy":"product_tag","embeddable":true,"href":"https:\/\/www.vecol.com.co\/en\/wp-json\/wp\/v2\/product_tag?post=11070"}],"curies":[{"name":"wp","href":"https:\/\/api.w.org\/{rel}","templated":true}]}}