{"id":11063,"date":"2024-02-19T11:55:31","date_gmt":"2024-02-19T16:55:31","guid":{"rendered":"https:\/\/www.vecol.com.co\/?post_type=product&#038;p=11063"},"modified":"2024-12-13T12:21:27","modified_gmt":"2024-12-13T17:21:27","slug":"celovec","status":"publish","type":"product","link":"https:\/\/www.vecol.com.co\/en\/product\/celovec\/","title":{"rendered":"CELOVEC\u00ae"},"content":{"rendered":"<table width=\"633\">\n<tbody>\n<tr>\n<td width=\"141\"><strong>INDICACIONES<\/strong><\/td>\n<td width=\"491\">En Hembras bovinas, porcinas y ovinas, para la sincronizaci\u00f3n del celo desordenes funcionales del ciclo estral, patolog\u00edas uterinas post parto, interrupci\u00f3n de las gestaciones no deseadas en el primer tercio de la gestaci\u00f3n.<\/p>\n<p>Aplicaci\u00f3n de las indicaciones: sincronizaci\u00f3n del celo: por tratarse de un agente luteol\u00edtico provoca la regresi\u00f3n morfol\u00f3gica y funcional del cuerpo l\u00fateo. De este modo se consigue que los animales manifiesten el celo y ovulen entre los 2 a 5 d\u00edas posteriores al tratamiento. Desordenes funcionales del ciclo estral. Desordenes funcionales de los ovarios (quistes foliculares o luteales).<\/p>\n<p>Patolog\u00edas uterinas post parto (piometra, endometritis cr\u00f3nicas). El Cloprostenol es \u00fatil en el tratamiento de un \u00fatero infectado. Es probable que el mecanismo de acci\u00f3n se deba a dos efectos: primero, por la involuci\u00f3n del cuerpo l\u00fateo, si est\u00e1 presente, con la consecuente inducci\u00f3n del crecimiento folicular y producci\u00f3n de estr\u00f3genos. Segundo, por la contracci\u00f3n del \u00fatero tanto por una acci\u00f3n directa como por la acci\u00f3n de los estr\u00f3genos.<\/td>\n<\/tr>\n<tr>\n<td width=\"141\"><strong>ESPECIES DE DESTINO<\/strong><\/p>\n<p>&nbsp;<\/p>\n<p><strong>COMPOSICI\u00d3N<\/strong><\/p>\n<p>&nbsp;<\/p>\n<p>&nbsp;<\/p>\n<p>&nbsp;<\/p>\n<p><strong>DOSIS Y V\u00cdA DE ADMINISTRACI\u00d3N:\u00a0<\/strong><\/td>\n<td width=\"491\">Bovinos, porcinos y ovinos<\/p>\n<p>&nbsp;<\/p>\n<p>Cada 1 ml de la soluci\u00f3n inyectable contiene:<\/p>\n<p>D- Cloprostenol (equivalente a D \u2013 Cloprostenol s\u00f3dico 0,079 mg)\u2026\u20260,075mg<\/p>\n<p>Excipientes: c.s.p 1 ml<\/p>\n<p>&nbsp;<\/p>\n<p>V\u00eda de administraci\u00f3n: Intramuscular.<\/p>\n<p>Dosis:<\/p>\n<p>Bovinos: 2 ml por animal (0,150 mg totales).<\/p>\n<p>Porcinos: 1 ml por animal (0,075 mg totales).<\/p>\n<p>Ovinos: 0,5 ml por animal (0,0375 mg totales).<\/p>\n<p>En todos los casos se aplica en dosis \u00fanica. Para la sincronizaci\u00f3n de celo se puede utilizar alguno de los siguientes esquemas. En caso de aplicar el esquema de sincronizaci\u00f3n ciega a tiempo fijo, se aplica Cloprostenol a todos los animales con un intervalo de 11 d\u00edas entre las aplicaciones y se inseminan todos los individuos entre 72 y 96 horas despu\u00e9s de la segunda inyecci\u00f3n. Otra alternativa es detectar celo e inseminar despu\u00e9s de la primera aplicaci\u00f3n; aquellos animales que no manifiesten celo recibir\u00e1n una segunda inyecci\u00f3n a los 11 d\u00edas del primer tratamiento y se inseminaran luego de la manifestaci\u00f3n del celo.<\/td>\n<\/tr>\n<tr>\n<td width=\"141\"><strong>PRECAUCIONES Y ALMACENAMIENTO<\/strong><\/p>\n<p>&nbsp;<\/p>\n<p>&nbsp;<\/p>\n<p>&nbsp;<\/p>\n<p>&nbsp;<\/p>\n<p>&nbsp;<\/p>\n<p>&nbsp;<\/p>\n<p>&nbsp;<\/p>\n<p><strong>CONTRAINDICACIONES<\/strong><\/td>\n<td width=\"491\">\n<ul>\n<li>Las mujeres embarazadas y las personas con predisposici\u00f3n asm\u00e1tica no deben manipular el producto, puesto que puede provocar abortos o episodios de bronco espasmo.<\/li>\n<li>Los animales tratados no deben sacrificarse para consumo humano hasta un (1) d\u00eda despu\u00e9s de finalizado el tratamiento.<\/li>\n<li>La leche producida durante el tratamiento y veinticuatro (24) horas despu\u00e9s de finalizado el tratamiento no debe darse para consumo humano.<\/li>\n<li>No derramar el contenido de los frascos o desechar estos en causes de agua, lagunas etc.<\/li>\n<li>Conservar a una temperatura inferior 30\u00b0C, en un lugar, fresco, seco y protegido de la luz solar.<\/li>\n<li>Mant\u00e9ngase fuera del alcance de los ni\u00f1os y de los animales dom\u00e9sticos.<\/li>\n<li>La disposici\u00f3n de los envases o contenido residual debe hacerse seg\u00fan la normativa ambiental nacional vigente<\/li>\n<li>Venta bajo f\u00f3rmula del M\u00e9dico Veterinario.<\/li>\n<\/ul>\n<p>&nbsp;<\/p>\n<p>&nbsp;<\/p>\n<ul>\n<li>No utilizar en hembras pre\u00f1adas a menos que el objeto sea terminar con la pre\u00f1ez.<\/li>\n<li>No administrara en cerdas antes de los tres (3) d\u00edas previos al parto.<\/li>\n<li>Los efectos colaterales que pueden presentarse en, bovinos: incremento de la temperatura corporal y salivaci\u00f3n. En porcinos: eritema, prurito, ligera incoordinaci\u00f3n, rascado y espasmo de la musculaci\u00f3n abdominal<\/li>\n<\/ul>\n<\/td>\n<\/tr>\n<tr>\n<td width=\"141\"><strong>PRESENTACI\u00d3N:\u00a0<\/strong><\/td>\n<td width=\"491\">Frascos ampolla multidosis por 20 y 50 ml<\/td>\n<\/tr>\n<tr>\n<td width=\"141\"><strong>REGISTRO ICA N\u00b0<\/strong><\/td>\n<td width=\"491\"><strong>10927-MV<\/strong><\/td>\n<\/tr>\n<\/tbody>\n<\/table>","protected":false},"excerpt":{"rendered":"<p style=\"text-align: justify;\">En Hembras bovinas, porcinas y ovinas, para la sincronizaci\u00f3n del celo desordenes funcionales del ciclo estral, patolog\u00edas uterinas post parto, interrupci\u00f3n de las gestaciones no deseadas en el primer tercio de la gestaci\u00f3n.<\/p>","protected":false},"featured_media":11064,"template":"","meta":{"_acf_changed":false,"site-sidebar-layout":"default","site-content-layout":"default","ast-site-content-layout":"default","site-content-style":"default","site-sidebar-style":"default","ast-global-header-display":"","ast-banner-title-visibility":"","ast-main-header-display":"","ast-hfb-above-header-display":"","ast-hfb-below-header-display":"","ast-hfb-mobile-header-display":"","site-post-title":"","ast-breadcrumbs-content":"","ast-featured-img":"","footer-sml-layout":"","ast-disable-related-posts":"","theme-transparent-header-meta":"default","adv-header-id-meta":"","stick-header-meta":"","header-above-stick-meta":"","header-main-stick-meta":"","header-below-stick-meta":"","astra-migrate-meta-layouts":"set","ast-page-background-enabled":"default","ast-page-background-meta":{"desktop":{"background-color":"","background-image":"","background-repeat":"repeat","background-position":"center center","background-size":"auto","background-attachment":"scroll","background-type":"","background-media":"","overlay-type":"","overlay-color":"","overlay-opacity":"","overlay-gradient":""},"tablet":{"background-color":"","background-image":"","background-repeat":"repeat","background-position":"center center","background-size":"auto","background-attachment":"scroll","background-type":"","background-media":"","overlay-type":"","overlay-color":"","overlay-opacity":"","overlay-gradient":""},"mobile":{"background-color":"","background-image":"","background-repeat":"repeat","background-position":"center center","background-size":"auto","background-attachment":"scroll","background-type":"","background-media":"","overlay-type":"","overlay-color":"","overlay-opacity":"","overlay-gradient":""}},"ast-content-background-meta":{"desktop":{"background-color":"var(--ast-global-color-5)","background-image":"","background-repeat":"repeat","background-position":"center center","background-size":"auto","background-attachment":"scroll","background-type":"","background-media":"","overlay-type":"","overlay-color":"","overlay-opacity":"","overlay-gradient":""},"tablet":{"background-color":"var(--ast-global-color-5)","background-image":"","background-repeat":"repeat","background-position":"center center","background-size":"auto","background-attachment":"scroll","background-type":"","background-media":"","overlay-type":"","overlay-color":"","overlay-opacity":"","overlay-gradient":""},"mobile":{"background-color":"var(--ast-global-color-5)","background-image":"","background-repeat":"repeat","background-position":"center center","background-size":"auto","background-attachment":"scroll","background-type":"","background-media":"","overlay-type":"","overlay-color":"","overlay-opacity":"","overlay-gradient":""}}},"product_brand":[],"product_cat":[17,48],"product_tag":[],"class_list":{"0":"post-11063","1":"product","2":"type-product","3":"status-publish","4":"has-post-thumbnail","6":"product_cat-animales-de-produccion","7":"product_cat-phibro-animal-health-corporation","8":"desktop-align-left","9":"tablet-align-left","10":"mobile-align-left","12":"first","13":"instock","14":"shipping-taxable","15":"product-type-simple"},"acf":[],"yoast_head":"<!-- This site is optimized with the Yoast SEO plugin v27.4 - https:\/\/yoast.com\/product\/yoast-seo-wordpress\/ -->\n<title>CELOVEC\u00ae para hembras bovinas, porcinas y ovinas | VECOL<\/title>\n<meta name=\"description\" content=\"En Hembras bovinas, porcinas y ovinas, para la sincronizaci\u00f3n del celo desordenes funcionales del ciclo estral, patolog\u00edas uterinas post parto, interrupci\u00f3n de las gestaciones no deseadas en el primer tercio de la gestaci\u00f3n.\" \/>\n<meta name=\"robots\" content=\"index, follow, max-snippet:-1, max-image-preview:large, max-video-preview:-1\" \/>\n<link rel=\"canonical\" href=\"https:\/\/www.vecol.com.co\/en\/product\/celovec\/\" \/>\n<meta property=\"og:locale\" content=\"en_US\" \/>\n<meta property=\"og:type\" content=\"article\" \/>\n<meta property=\"og:title\" content=\"CELOVEC\u00ae para hembras bovinas, porcinas y ovinas | VECOL\" \/>\n<meta property=\"og:description\" content=\"En Hembras bovinas, porcinas y ovinas, para la sincronizaci\u00f3n del celo desordenes funcionales del ciclo estral, patolog\u00edas uterinas post parto, interrupci\u00f3n de las gestaciones no deseadas en el primer tercio de la gestaci\u00f3n.\" \/>\n<meta property=\"og:url\" content=\"https:\/\/www.vecol.com.co\/en\/product\/celovec\/\" \/>\n<meta property=\"og:site_name\" content=\"VECOL\" \/>\n<meta property=\"article:publisher\" content=\"https:\/\/www.facebook.com\/vecolveterinaria\" \/>\n<meta property=\"article:modified_time\" content=\"2024-12-13T17:21:27+00:00\" \/>\n<meta property=\"og:image\" content=\"https:\/\/www.vecol.com.co\/wp-content\/uploads\/2024\/02\/CELOVEC.jpg\" \/>\n\t<meta property=\"og:image:width\" content=\"810\" \/>\n\t<meta property=\"og:image:height\" content=\"810\" \/>\n\t<meta property=\"og:image:type\" content=\"image\/jpeg\" \/>\n<meta name=\"twitter:card\" content=\"summary_large_image\" \/>\n<meta name=\"twitter:site\" content=\"@VecolColombia\" \/>\n<meta name=\"twitter:label1\" content=\"Est. reading time\" \/>\n\t<meta name=\"twitter:data1\" content=\"3 minutes\" \/>\n<script type=\"application\/ld+json\" class=\"yoast-schema-graph\">{\"@context\":\"https:\\\/\\\/schema.org\",\"@graph\":[{\"@type\":\"WebPage\",\"@id\":\"https:\\\/\\\/www.vecol.com.co\\\/producto\\\/celovec\\\/\",\"url\":\"https:\\\/\\\/www.vecol.com.co\\\/producto\\\/celovec\\\/\",\"name\":\"CELOVEC\u00ae para hembras bovinas, porcinas y ovinas | VECOL\",\"isPartOf\":{\"@id\":\"https:\\\/\\\/www.vecol.com.co\\\/#website\"},\"primaryImageOfPage\":{\"@id\":\"https:\\\/\\\/www.vecol.com.co\\\/producto\\\/celovec\\\/#primaryimage\"},\"image\":{\"@id\":\"https:\\\/\\\/www.vecol.com.co\\\/producto\\\/celovec\\\/#primaryimage\"},\"thumbnailUrl\":\"https:\\\/\\\/www.vecol.com.co\\\/wp-content\\\/uploads\\\/2024\\\/02\\\/CELOVEC.jpg\",\"datePublished\":\"2024-02-19T16:55:31+00:00\",\"dateModified\":\"2024-12-13T17:21:27+00:00\",\"description\":\"En Hembras bovinas, porcinas y ovinas, para la sincronizaci\u00f3n del celo desordenes funcionales del ciclo estral, patolog\u00edas uterinas post parto, interrupci\u00f3n de las gestaciones no deseadas en el primer tercio de la gestaci\u00f3n.\",\"breadcrumb\":{\"@id\":\"https:\\\/\\\/www.vecol.com.co\\\/producto\\\/celovec\\\/#breadcrumb\"},\"inLanguage\":\"en-US\",\"potentialAction\":[{\"@type\":\"ReadAction\",\"target\":[\"https:\\\/\\\/www.vecol.com.co\\\/producto\\\/celovec\\\/\"]}]},{\"@type\":\"ImageObject\",\"inLanguage\":\"en-US\",\"@id\":\"https:\\\/\\\/www.vecol.com.co\\\/producto\\\/celovec\\\/#primaryimage\",\"url\":\"https:\\\/\\\/www.vecol.com.co\\\/wp-content\\\/uploads\\\/2024\\\/02\\\/CELOVEC.jpg\",\"contentUrl\":\"https:\\\/\\\/www.vecol.com.co\\\/wp-content\\\/uploads\\\/2024\\\/02\\\/CELOVEC.jpg\",\"width\":810,\"height\":810},{\"@type\":\"BreadcrumbList\",\"@id\":\"https:\\\/\\\/www.vecol.com.co\\\/producto\\\/celovec\\\/#breadcrumb\",\"itemListElement\":[{\"@type\":\"ListItem\",\"position\":1,\"name\":\"Inicio\",\"item\":\"https:\\\/\\\/www.vecol.com.co\\\/\"},{\"@type\":\"ListItem\",\"position\":2,\"name\":\"Productos\",\"item\":\"https:\\\/\\\/www.vecol.com.co\\\/productos\\\/\"},{\"@type\":\"ListItem\",\"position\":3,\"name\":\"CELOVEC\u00ae\"}]},{\"@type\":\"WebSite\",\"@id\":\"https:\\\/\\\/www.vecol.com.co\\\/#website\",\"url\":\"https:\\\/\\\/www.vecol.com.co\\\/\",\"name\":\"VECOL\",\"description\":\"Empresa Colombiana de Productos Veterinarios\",\"publisher\":{\"@id\":\"https:\\\/\\\/www.vecol.com.co\\\/#organization\"},\"potentialAction\":[{\"@type\":\"SearchAction\",\"target\":{\"@type\":\"EntryPoint\",\"urlTemplate\":\"https:\\\/\\\/www.vecol.com.co\\\/?s={search_term_string}\"},\"query-input\":{\"@type\":\"PropertyValueSpecification\",\"valueRequired\":true,\"valueName\":\"search_term_string\"}}],\"inLanguage\":\"en-US\"},{\"@type\":\"Organization\",\"@id\":\"https:\\\/\\\/www.vecol.com.co\\\/#organization\",\"name\":\"Empresa Colombiana de Productos Veterinarios\",\"url\":\"https:\\\/\\\/www.vecol.com.co\\\/\",\"logo\":{\"@type\":\"ImageObject\",\"inLanguage\":\"en-US\",\"@id\":\"https:\\\/\\\/www.vecol.com.co\\\/#\\\/schema\\\/logo\\\/image\\\/\",\"url\":\"https:\\\/\\\/www.vecol.com.co\\\/wp-content\\\/uploads\\\/2023\\\/07\\\/logoVecol.png\",\"contentUrl\":\"https:\\\/\\\/www.vecol.com.co\\\/wp-content\\\/uploads\\\/2023\\\/07\\\/logoVecol.png\",\"width\":106,\"height\":106,\"caption\":\"Empresa Colombiana de Productos Veterinarios\"},\"image\":{\"@id\":\"https:\\\/\\\/www.vecol.com.co\\\/#\\\/schema\\\/logo\\\/image\\\/\"},\"sameAs\":[\"https:\\\/\\\/www.facebook.com\\\/vecolveterinaria\",\"https:\\\/\\\/x.com\\\/VecolColombia\"]}]}<\/script>\n<!-- \/ Yoast SEO plugin. -->","yoast_head_json":{"title":"CELOVEC\u00ae for bovine, swine and ovine females | VECOL","description":"En Hembras bovinas, porcinas y ovinas, para la sincronizaci\u00f3n del celo desordenes funcionales del ciclo estral, patolog\u00edas uterinas post parto, interrupci\u00f3n de las gestaciones no deseadas en el primer tercio de la gestaci\u00f3n.","robots":{"index":"index","follow":"follow","max-snippet":"max-snippet:-1","max-image-preview":"max-image-preview:large","max-video-preview":"max-video-preview:-1"},"canonical":"https:\/\/www.vecol.com.co\/en\/product\/celovec\/","og_locale":"en_US","og_type":"article","og_title":"CELOVEC\u00ae para hembras bovinas, porcinas y ovinas | VECOL","og_description":"En Hembras bovinas, porcinas y ovinas, para la sincronizaci\u00f3n del celo desordenes funcionales del ciclo estral, patolog\u00edas uterinas post parto, interrupci\u00f3n de las gestaciones no deseadas en el primer tercio de la gestaci\u00f3n.","og_url":"https:\/\/www.vecol.com.co\/en\/product\/celovec\/","og_site_name":"VECOL","article_publisher":"https:\/\/www.facebook.com\/vecolveterinaria","article_modified_time":"2024-12-13T17:21:27+00:00","og_image":[{"width":810,"height":810,"url":"https:\/\/www.vecol.com.co\/wp-content\/uploads\/2024\/02\/CELOVEC.jpg","type":"image\/jpeg"}],"twitter_card":"summary_large_image","twitter_site":"@VecolColombia","twitter_misc":{"Est. reading time":"3 minutes"},"schema":{"@context":"https:\/\/schema.org","@graph":[{"@type":"WebPage","@id":"https:\/\/www.vecol.com.co\/producto\/celovec\/","url":"https:\/\/www.vecol.com.co\/producto\/celovec\/","name":"CELOVEC\u00ae for bovine, swine and ovine females | VECOL","isPartOf":{"@id":"https:\/\/www.vecol.com.co\/#website"},"primaryImageOfPage":{"@id":"https:\/\/www.vecol.com.co\/producto\/celovec\/#primaryimage"},"image":{"@id":"https:\/\/www.vecol.com.co\/producto\/celovec\/#primaryimage"},"thumbnailUrl":"https:\/\/www.vecol.com.co\/wp-content\/uploads\/2024\/02\/CELOVEC.jpg","datePublished":"2024-02-19T16:55:31+00:00","dateModified":"2024-12-13T17:21:27+00:00","description":"En Hembras bovinas, porcinas y ovinas, para la sincronizaci\u00f3n del celo desordenes funcionales del ciclo estral, patolog\u00edas uterinas post parto, interrupci\u00f3n de las gestaciones no deseadas en el primer tercio de la gestaci\u00f3n.","breadcrumb":{"@id":"https:\/\/www.vecol.com.co\/producto\/celovec\/#breadcrumb"},"inLanguage":"en-US","potentialAction":[{"@type":"ReadAction","target":["https:\/\/www.vecol.com.co\/producto\/celovec\/"]}]},{"@type":"ImageObject","inLanguage":"en-US","@id":"https:\/\/www.vecol.com.co\/producto\/celovec\/#primaryimage","url":"https:\/\/www.vecol.com.co\/wp-content\/uploads\/2024\/02\/CELOVEC.jpg","contentUrl":"https:\/\/www.vecol.com.co\/wp-content\/uploads\/2024\/02\/CELOVEC.jpg","width":810,"height":810},{"@type":"BreadcrumbList","@id":"https:\/\/www.vecol.com.co\/producto\/celovec\/#breadcrumb","itemListElement":[{"@type":"ListItem","position":1,"name":"Inicio","item":"https:\/\/www.vecol.com.co\/"},{"@type":"ListItem","position":2,"name":"Productos","item":"https:\/\/www.vecol.com.co\/productos\/"},{"@type":"ListItem","position":3,"name":"CELOVEC\u00ae"}]},{"@type":"WebSite","@id":"https:\/\/www.vecol.com.co\/#website","url":"https:\/\/www.vecol.com.co\/","name":"VECOL","description":"Colombian Veterinary Products Company","publisher":{"@id":"https:\/\/www.vecol.com.co\/#organization"},"potentialAction":[{"@type":"SearchAction","target":{"@type":"EntryPoint","urlTemplate":"https:\/\/www.vecol.com.co\/?s={search_term_string}"},"query-input":{"@type":"PropertyValueSpecification","valueRequired":true,"valueName":"search_term_string"}}],"inLanguage":"en-US"},{"@type":"Organization","@id":"https:\/\/www.vecol.com.co\/#organization","name":"Colombian Veterinary Products Company","url":"https:\/\/www.vecol.com.co\/","logo":{"@type":"ImageObject","inLanguage":"en-US","@id":"https:\/\/www.vecol.com.co\/#\/schema\/logo\/image\/","url":"https:\/\/www.vecol.com.co\/wp-content\/uploads\/2023\/07\/logoVecol.png","contentUrl":"https:\/\/www.vecol.com.co\/wp-content\/uploads\/2023\/07\/logoVecol.png","width":106,"height":106,"caption":"Empresa Colombiana de Productos Veterinarios"},"image":{"@id":"https:\/\/www.vecol.com.co\/#\/schema\/logo\/image\/"},"sameAs":["https:\/\/www.facebook.com\/vecolveterinaria","https:\/\/x.com\/VecolColombia"]}]}},"_links":{"self":[{"href":"https:\/\/www.vecol.com.co\/en\/wp-json\/wp\/v2\/product\/11063","targetHints":{"allow":["GET"]}}],"collection":[{"href":"https:\/\/www.vecol.com.co\/en\/wp-json\/wp\/v2\/product"}],"about":[{"href":"https:\/\/www.vecol.com.co\/en\/wp-json\/wp\/v2\/types\/product"}],"wp:featuredmedia":[{"embeddable":true,"href":"https:\/\/www.vecol.com.co\/en\/wp-json\/wp\/v2\/media\/11064"}],"wp:attachment":[{"href":"https:\/\/www.vecol.com.co\/en\/wp-json\/wp\/v2\/media?parent=11063"}],"wp:term":[{"taxonomy":"product_brand","embeddable":true,"href":"https:\/\/www.vecol.com.co\/en\/wp-json\/wp\/v2\/product_brand?post=11063"},{"taxonomy":"product_cat","embeddable":true,"href":"https:\/\/www.vecol.com.co\/en\/wp-json\/wp\/v2\/product_cat?post=11063"},{"taxonomy":"product_tag","embeddable":true,"href":"https:\/\/www.vecol.com.co\/en\/wp-json\/wp\/v2\/product_tag?post=11063"}],"curies":[{"name":"wp","href":"https:\/\/api.w.org\/{rel}","templated":true}]}}