{"id":11061,"date":"2024-02-19T11:29:27","date_gmt":"2024-02-19T16:29:27","guid":{"rendered":"https:\/\/www.vecol.com.co\/?post_type=product&#038;p=11061"},"modified":"2025-01-31T14:09:52","modified_gmt":"2025-01-31T19:09:52","slug":"enervec","status":"publish","type":"product","link":"https:\/\/www.vecol.com.co\/en\/product\/enervec\/","title":{"rendered":"ENERVEC\u00ae"},"content":{"rendered":"<table width=\"633\">\n<tbody>\n<tr>\n<td width=\"141\"><strong>COMPOSICI\u00d3N<\/strong><\/td>\n<td width=\"491\">\n<p style=\"text-align: justify;\">Cada mL contiene:<br \/>\nFosforilcolamina 100 mg<br \/>\nYoduro de Potasio 20 mg<br \/>\nSelenito de sodio 0.34 mg<br \/>\nSulfato de zinc 15.10 mg<br \/>\nExcipientes c.s.p. 1 ml<\/p>\n<\/td>\n<\/tr>\n<tr>\n<td width=\"141\"><strong>ESPECIES DE DESTINO<\/strong><\/td>\n<td width=\"491\">\n<p style=\"text-align: justify;\">Bovinos, Equinos, Caninos, Caprinos y Porcinos.<\/p>\n<\/td>\n<\/tr>\n<tr>\n<td width=\"141\"><strong>INDICACIONES<\/strong><\/td>\n<td width=\"491\">\n<p style=\"text-align: justify;\">En Bovinos, Equinos, Caninos, Caprinos y Porcinos, como coadyuvante en el tratamiento de las deficiencias de f\u00f3sforo, yodo, selenio y zinc, relacionados con trastornos reproductivos como baja fertilidad por celos suprimidos o irregulares, trastornos en el proceso reproductivo desde el celo al parto y la lactancia. Estimula la funci\u00f3n reproductiva y la maduraci\u00f3n folicular mejorando la tasa reproductiva y la maduraci\u00f3n folicular mejorando la tasa de concepci\u00f3n. Favorece la involuci\u00f3n uterina y reduce la incidencia de distocias y retenci\u00f3n placentaria. Coadyuvante en el tratamiento de enfermedades de diferente etiolog\u00eda y en la convalecencia de las mismas. En los machos: en el descenso de la libido, baja calidad del semen, y trastornos de la espermatog\u00e9nesis.<\/p>\n<\/td>\n<\/tr>\n<tr>\n<td width=\"141\"><strong>DOSIS Y V\u00cdA DE ADMINISTRACI\u00d3N:\u00a0<\/strong><\/td>\n<td width=\"491\">\n<p style=\"text-align: justify;\">Se recomienda aplicar 1 ml por cada 10 a 20 Kg de peso vivo, v\u00eda intravenosa o intramuscular, diariamente durante 3 a 5 d\u00edas o m\u00e1s si es necesario, lo que equivale a administrar:<br \/>\n<strong>Bovinos y Equinos adultos:<\/strong> 10-20 ml<br \/>\n<strong>Ternero y Potros:<\/strong> 5-10 ml<br \/>\n<strong>Cerdos adultos:<\/strong> 5 ml<br \/>\n<strong>Lechones:<\/strong> 2-5 ml<br \/>\n<strong>Caninos:<\/strong> 0.5-3 ml<br \/>\nLa dosis y frecuencia podr\u00e1n ser ajustadas a criterio del M\u00e9dico Veterinario.<\/p>\n<\/td>\n<\/tr>\n<tr>\n<td width=\"141\"><strong>PRECAUCIONES Y<\/strong><br \/>\n<strong>ALMACENAMIENTO<\/strong><\/td>\n<td width=\"491\">\n<p style=\"text-align: justify;\">Mant\u00e9ngase fuera del alcance de los ni\u00f1os y animales dom\u00e9sticos. Conservar a una temperatura inferior a 30\u00b0C y protegido de la luz. Periodo de vida \u00fatil en uso no mayor a 15 d\u00edas abierto una vez en uso el recipiente del producto.<\/p>\n<\/td>\n<\/tr>\n<tr>\n<td width=\"141\"><strong>PRESENTACI\u00d3N:\u00a0<\/strong><\/td>\n<td width=\"491\">Frascos por 100 ml, 250 ml y 500 ml.<\/td>\n<\/tr>\n<tr>\n<td width=\"141\"><strong>REGISTRO ICA N\u00b0.<\/strong><\/td>\n<td width=\"491\"><strong>10899 MV<\/strong><\/td>\n<\/tr>\n<\/tbody>\n<\/table>","protected":false},"excerpt":{"rendered":"<p style=\"text-align: justify;\">Estimulante del proceso reproductivo y como coadyuvante en el tratamiento de las deficiencias del f\u00f3sforo, yodo, selenio y zinc, relacionadas con trastornos reproductivos como: Baja fertilidad por celos suprimidos o irregulares, trastornos en el proceso reproductivo desde el celo al parto y lactancia. Estimula la funci\u00f3n reproductiva y la maduraci\u00f3n folicular mejorando la tasa de concepci\u00f3n.<\/p>","protected":false},"featured_media":11062,"template":"","meta":{"_acf_changed":false,"site-sidebar-layout":"default","site-content-layout":"default","ast-site-content-layout":"default","site-content-style":"default","site-sidebar-style":"default","ast-global-header-display":"","ast-banner-title-visibility":"","ast-main-header-display":"","ast-hfb-above-header-display":"","ast-hfb-below-header-display":"","ast-hfb-mobile-header-display":"","site-post-title":"","ast-breadcrumbs-content":"","ast-featured-img":"","footer-sml-layout":"","ast-disable-related-posts":"","theme-transparent-header-meta":"default","adv-header-id-meta":"","stick-header-meta":"","header-above-stick-meta":"","header-main-stick-meta":"","header-below-stick-meta":"","astra-migrate-meta-layouts":"set","ast-page-background-enabled":"default","ast-page-background-meta":{"desktop":{"background-color":"","background-image":"","background-repeat":"repeat","background-position":"center center","background-size":"auto","background-attachment":"scroll","background-type":"","background-media":"","overlay-type":"","overlay-color":"","overlay-opacity":"","overlay-gradient":""},"tablet":{"background-color":"","background-image":"","background-repeat":"repeat","background-position":"center center","background-size":"auto","background-attachment":"scroll","background-type":"","background-media":"","overlay-type":"","overlay-color":"","overlay-opacity":"","overlay-gradient":""},"mobile":{"background-color":"","background-image":"","background-repeat":"repeat","background-position":"center center","background-size":"auto","background-attachment":"scroll","background-type":"","background-media":"","overlay-type":"","overlay-color":"","overlay-opacity":"","overlay-gradient":""}},"ast-content-background-meta":{"desktop":{"background-color":"var(--ast-global-color-5)","background-image":"","background-repeat":"repeat","background-position":"center center","background-size":"auto","background-attachment":"scroll","background-type":"","background-media":"","overlay-type":"","overlay-color":"","overlay-opacity":"","overlay-gradient":""},"tablet":{"background-color":"var(--ast-global-color-5)","background-image":"","background-repeat":"repeat","background-position":"center center","background-size":"auto","background-attachment":"scroll","background-type":"","background-media":"","overlay-type":"","overlay-color":"","overlay-opacity":"","overlay-gradient":""},"mobile":{"background-color":"var(--ast-global-color-5)","background-image":"","background-repeat":"repeat","background-position":"center center","background-size":"auto","background-attachment":"scroll","background-type":"","background-media":"","overlay-type":"","overlay-color":"","overlay-opacity":"","overlay-gradient":""}}},"product_brand":[],"product_cat":[17,42],"product_tag":[],"class_list":{"0":"post-11061","1":"product","2":"type-product","3":"status-publish","4":"has-post-thumbnail","6":"product_cat-animales-de-produccion","7":"product_cat-multivitaminicos-y-minerales","8":"desktop-align-left","9":"tablet-align-left","10":"mobile-align-left","12":"first","13":"instock","14":"shipping-taxable","15":"product-type-simple"},"acf":[],"yoast_head":"<!-- This site is optimized with the Yoast SEO plugin v27.3 - https:\/\/yoast.com\/product\/yoast-seo-wordpress\/ -->\n<title>ENERVEC\u00ae Estimulante del proceso reproductivo | VECOL<\/title>\n<meta name=\"description\" content=\"Estimulante del proceso reproductivo y como coadyuvante en el tratamiento de las deficiencias del f\u00f3sforo, yodo, selenio y zinc, relacionadas con trastornos reproductivos como: Baja fertilidad por celos suprimidos o irregulares, trastornos en el proceso reproductivo desde el celo al parto y lactancia. Estimula la funci\u00f3n reproductiva y la maduraci\u00f3n folicular mejorando la tasa de concepci\u00f3n.\" \/>\n<meta name=\"robots\" content=\"index, follow, max-snippet:-1, max-image-preview:large, max-video-preview:-1\" \/>\n<link rel=\"canonical\" href=\"https:\/\/www.vecol.com.co\/en\/product\/enervec\/\" \/>\n<meta property=\"og:locale\" content=\"en_US\" \/>\n<meta property=\"og:type\" content=\"article\" \/>\n<meta property=\"og:title\" content=\"ENERVEC\u00ae Estimulante del proceso reproductivo | VECOL\" \/>\n<meta property=\"og:description\" content=\"Estimulante del proceso reproductivo y como coadyuvante en el tratamiento de las deficiencias del f\u00f3sforo, yodo, selenio y zinc, relacionadas con trastornos reproductivos como: Baja fertilidad por celos suprimidos o irregulares, trastornos en el proceso reproductivo desde el celo al parto y lactancia. Estimula la funci\u00f3n reproductiva y la maduraci\u00f3n folicular mejorando la tasa de concepci\u00f3n.\" \/>\n<meta property=\"og:url\" content=\"https:\/\/www.vecol.com.co\/en\/product\/enervec\/\" \/>\n<meta property=\"og:site_name\" content=\"VECOL\" \/>\n<meta property=\"article:publisher\" content=\"https:\/\/www.facebook.com\/vecolveterinaria\" \/>\n<meta property=\"article:modified_time\" content=\"2025-01-31T19:09:52+00:00\" \/>\n<meta property=\"og:image\" content=\"https:\/\/www.vecol.com.co\/wp-content\/uploads\/2024\/02\/ENERVEC.jpg\" \/>\n\t<meta property=\"og:image:width\" content=\"810\" \/>\n\t<meta property=\"og:image:height\" content=\"810\" \/>\n\t<meta property=\"og:image:type\" content=\"image\/jpeg\" \/>\n<meta name=\"twitter:card\" content=\"summary_large_image\" \/>\n<meta name=\"twitter:site\" content=\"@VecolColombia\" \/>\n<meta name=\"twitter:label1\" content=\"Est. reading time\" \/>\n\t<meta name=\"twitter:data1\" content=\"1 minute\" \/>\n<script type=\"application\/ld+json\" class=\"yoast-schema-graph\">{\"@context\":\"https:\\\/\\\/schema.org\",\"@graph\":[{\"@type\":\"WebPage\",\"@id\":\"https:\\\/\\\/www.vecol.com.co\\\/producto\\\/enervec\\\/\",\"url\":\"https:\\\/\\\/www.vecol.com.co\\\/producto\\\/enervec\\\/\",\"name\":\"ENERVEC\u00ae Estimulante del proceso reproductivo | VECOL\",\"isPartOf\":{\"@id\":\"https:\\\/\\\/www.vecol.com.co\\\/#website\"},\"primaryImageOfPage\":{\"@id\":\"https:\\\/\\\/www.vecol.com.co\\\/producto\\\/enervec\\\/#primaryimage\"},\"image\":{\"@id\":\"https:\\\/\\\/www.vecol.com.co\\\/producto\\\/enervec\\\/#primaryimage\"},\"thumbnailUrl\":\"https:\\\/\\\/www.vecol.com.co\\\/wp-content\\\/uploads\\\/2024\\\/02\\\/ENERVEC.jpg\",\"datePublished\":\"2024-02-19T16:29:27+00:00\",\"dateModified\":\"2025-01-31T19:09:52+00:00\",\"description\":\"Estimulante del proceso reproductivo y como coadyuvante en el tratamiento de las deficiencias del f\u00f3sforo, yodo, selenio y zinc, relacionadas con trastornos reproductivos como: Baja fertilidad por celos suprimidos o irregulares, trastornos en el proceso reproductivo desde el celo al parto y lactancia. Estimula la funci\u00f3n reproductiva y la maduraci\u00f3n folicular mejorando la tasa de concepci\u00f3n.\",\"breadcrumb\":{\"@id\":\"https:\\\/\\\/www.vecol.com.co\\\/producto\\\/enervec\\\/#breadcrumb\"},\"inLanguage\":\"en-US\",\"potentialAction\":[{\"@type\":\"ReadAction\",\"target\":[\"https:\\\/\\\/www.vecol.com.co\\\/producto\\\/enervec\\\/\"]}]},{\"@type\":\"ImageObject\",\"inLanguage\":\"en-US\",\"@id\":\"https:\\\/\\\/www.vecol.com.co\\\/producto\\\/enervec\\\/#primaryimage\",\"url\":\"https:\\\/\\\/www.vecol.com.co\\\/wp-content\\\/uploads\\\/2024\\\/02\\\/ENERVEC.jpg\",\"contentUrl\":\"https:\\\/\\\/www.vecol.com.co\\\/wp-content\\\/uploads\\\/2024\\\/02\\\/ENERVEC.jpg\",\"width\":810,\"height\":810},{\"@type\":\"BreadcrumbList\",\"@id\":\"https:\\\/\\\/www.vecol.com.co\\\/producto\\\/enervec\\\/#breadcrumb\",\"itemListElement\":[{\"@type\":\"ListItem\",\"position\":1,\"name\":\"Inicio\",\"item\":\"https:\\\/\\\/www.vecol.com.co\\\/\"},{\"@type\":\"ListItem\",\"position\":2,\"name\":\"Productos\",\"item\":\"https:\\\/\\\/www.vecol.com.co\\\/productos\\\/\"},{\"@type\":\"ListItem\",\"position\":3,\"name\":\"ENERVEC\u00ae\"}]},{\"@type\":\"WebSite\",\"@id\":\"https:\\\/\\\/www.vecol.com.co\\\/#website\",\"url\":\"https:\\\/\\\/www.vecol.com.co\\\/\",\"name\":\"VECOL\",\"description\":\"Empresa Colombiana de Productos Veterinarios\",\"publisher\":{\"@id\":\"https:\\\/\\\/www.vecol.com.co\\\/#organization\"},\"potentialAction\":[{\"@type\":\"SearchAction\",\"target\":{\"@type\":\"EntryPoint\",\"urlTemplate\":\"https:\\\/\\\/www.vecol.com.co\\\/?s={search_term_string}\"},\"query-input\":{\"@type\":\"PropertyValueSpecification\",\"valueRequired\":true,\"valueName\":\"search_term_string\"}}],\"inLanguage\":\"en-US\"},{\"@type\":\"Organization\",\"@id\":\"https:\\\/\\\/www.vecol.com.co\\\/#organization\",\"name\":\"Empresa Colombiana de Productos Veterinarios\",\"url\":\"https:\\\/\\\/www.vecol.com.co\\\/\",\"logo\":{\"@type\":\"ImageObject\",\"inLanguage\":\"en-US\",\"@id\":\"https:\\\/\\\/www.vecol.com.co\\\/#\\\/schema\\\/logo\\\/image\\\/\",\"url\":\"https:\\\/\\\/www.vecol.com.co\\\/wp-content\\\/uploads\\\/2023\\\/07\\\/logoVecol.png\",\"contentUrl\":\"https:\\\/\\\/www.vecol.com.co\\\/wp-content\\\/uploads\\\/2023\\\/07\\\/logoVecol.png\",\"width\":106,\"height\":106,\"caption\":\"Empresa Colombiana de Productos Veterinarios\"},\"image\":{\"@id\":\"https:\\\/\\\/www.vecol.com.co\\\/#\\\/schema\\\/logo\\\/image\\\/\"},\"sameAs\":[\"https:\\\/\\\/www.facebook.com\\\/vecolveterinaria\",\"https:\\\/\\\/x.com\\\/VecolColombia\"]}]}<\/script>\n<!-- \/ Yoast SEO plugin. -->","yoast_head_json":{"title":"ENERVEC\u00ae Stimulant of the reproductive process | VECOL","description":"Estimulante del proceso reproductivo y como coadyuvante en el tratamiento de las deficiencias del f\u00f3sforo, yodo, selenio y zinc, relacionadas con trastornos reproductivos como: Baja fertilidad por celos suprimidos o irregulares, trastornos en el proceso reproductivo desde el celo al parto y lactancia. Estimula la funci\u00f3n reproductiva y la maduraci\u00f3n folicular mejorando la tasa de concepci\u00f3n.","robots":{"index":"index","follow":"follow","max-snippet":"max-snippet:-1","max-image-preview":"max-image-preview:large","max-video-preview":"max-video-preview:-1"},"canonical":"https:\/\/www.vecol.com.co\/en\/product\/enervec\/","og_locale":"en_US","og_type":"article","og_title":"ENERVEC\u00ae Estimulante del proceso reproductivo | VECOL","og_description":"Estimulante del proceso reproductivo y como coadyuvante en el tratamiento de las deficiencias del f\u00f3sforo, yodo, selenio y zinc, relacionadas con trastornos reproductivos como: Baja fertilidad por celos suprimidos o irregulares, trastornos en el proceso reproductivo desde el celo al parto y lactancia. Estimula la funci\u00f3n reproductiva y la maduraci\u00f3n folicular mejorando la tasa de concepci\u00f3n.","og_url":"https:\/\/www.vecol.com.co\/en\/product\/enervec\/","og_site_name":"VECOL","article_publisher":"https:\/\/www.facebook.com\/vecolveterinaria","article_modified_time":"2025-01-31T19:09:52+00:00","og_image":[{"width":810,"height":810,"url":"https:\/\/www.vecol.com.co\/wp-content\/uploads\/2024\/02\/ENERVEC.jpg","type":"image\/jpeg"}],"twitter_card":"summary_large_image","twitter_site":"@VecolColombia","twitter_misc":{"Est. reading time":"1 minute"},"schema":{"@context":"https:\/\/schema.org","@graph":[{"@type":"WebPage","@id":"https:\/\/www.vecol.com.co\/producto\/enervec\/","url":"https:\/\/www.vecol.com.co\/producto\/enervec\/","name":"ENERVEC\u00ae Stimulant of the reproductive process | VECOL","isPartOf":{"@id":"https:\/\/www.vecol.com.co\/#website"},"primaryImageOfPage":{"@id":"https:\/\/www.vecol.com.co\/producto\/enervec\/#primaryimage"},"image":{"@id":"https:\/\/www.vecol.com.co\/producto\/enervec\/#primaryimage"},"thumbnailUrl":"https:\/\/www.vecol.com.co\/wp-content\/uploads\/2024\/02\/ENERVEC.jpg","datePublished":"2024-02-19T16:29:27+00:00","dateModified":"2025-01-31T19:09:52+00:00","description":"Estimulante del proceso reproductivo y como coadyuvante en el tratamiento de las deficiencias del f\u00f3sforo, yodo, selenio y zinc, relacionadas con trastornos reproductivos como: Baja fertilidad por celos suprimidos o irregulares, trastornos en el proceso reproductivo desde el celo al parto y lactancia. Estimula la funci\u00f3n reproductiva y la maduraci\u00f3n folicular mejorando la tasa de concepci\u00f3n.","breadcrumb":{"@id":"https:\/\/www.vecol.com.co\/producto\/enervec\/#breadcrumb"},"inLanguage":"en-US","potentialAction":[{"@type":"ReadAction","target":["https:\/\/www.vecol.com.co\/producto\/enervec\/"]}]},{"@type":"ImageObject","inLanguage":"en-US","@id":"https:\/\/www.vecol.com.co\/producto\/enervec\/#primaryimage","url":"https:\/\/www.vecol.com.co\/wp-content\/uploads\/2024\/02\/ENERVEC.jpg","contentUrl":"https:\/\/www.vecol.com.co\/wp-content\/uploads\/2024\/02\/ENERVEC.jpg","width":810,"height":810},{"@type":"BreadcrumbList","@id":"https:\/\/www.vecol.com.co\/producto\/enervec\/#breadcrumb","itemListElement":[{"@type":"ListItem","position":1,"name":"Inicio","item":"https:\/\/www.vecol.com.co\/"},{"@type":"ListItem","position":2,"name":"Productos","item":"https:\/\/www.vecol.com.co\/productos\/"},{"@type":"ListItem","position":3,"name":"ENERVEC\u00ae"}]},{"@type":"WebSite","@id":"https:\/\/www.vecol.com.co\/#website","url":"https:\/\/www.vecol.com.co\/","name":"VECOL","description":"Colombian Veterinary Products Company","publisher":{"@id":"https:\/\/www.vecol.com.co\/#organization"},"potentialAction":[{"@type":"SearchAction","target":{"@type":"EntryPoint","urlTemplate":"https:\/\/www.vecol.com.co\/?s={search_term_string}"},"query-input":{"@type":"PropertyValueSpecification","valueRequired":true,"valueName":"search_term_string"}}],"inLanguage":"en-US"},{"@type":"Organization","@id":"https:\/\/www.vecol.com.co\/#organization","name":"Colombian Veterinary Products Company","url":"https:\/\/www.vecol.com.co\/","logo":{"@type":"ImageObject","inLanguage":"en-US","@id":"https:\/\/www.vecol.com.co\/#\/schema\/logo\/image\/","url":"https:\/\/www.vecol.com.co\/wp-content\/uploads\/2023\/07\/logoVecol.png","contentUrl":"https:\/\/www.vecol.com.co\/wp-content\/uploads\/2023\/07\/logoVecol.png","width":106,"height":106,"caption":"Empresa Colombiana de Productos Veterinarios"},"image":{"@id":"https:\/\/www.vecol.com.co\/#\/schema\/logo\/image\/"},"sameAs":["https:\/\/www.facebook.com\/vecolveterinaria","https:\/\/x.com\/VecolColombia"]}]}},"_links":{"self":[{"href":"https:\/\/www.vecol.com.co\/en\/wp-json\/wp\/v2\/product\/11061","targetHints":{"allow":["GET"]}}],"collection":[{"href":"https:\/\/www.vecol.com.co\/en\/wp-json\/wp\/v2\/product"}],"about":[{"href":"https:\/\/www.vecol.com.co\/en\/wp-json\/wp\/v2\/types\/product"}],"wp:featuredmedia":[{"embeddable":true,"href":"https:\/\/www.vecol.com.co\/en\/wp-json\/wp\/v2\/media\/11062"}],"wp:attachment":[{"href":"https:\/\/www.vecol.com.co\/en\/wp-json\/wp\/v2\/media?parent=11061"}],"wp:term":[{"taxonomy":"product_brand","embeddable":true,"href":"https:\/\/www.vecol.com.co\/en\/wp-json\/wp\/v2\/product_brand?post=11061"},{"taxonomy":"product_cat","embeddable":true,"href":"https:\/\/www.vecol.com.co\/en\/wp-json\/wp\/v2\/product_cat?post=11061"},{"taxonomy":"product_tag","embeddable":true,"href":"https:\/\/www.vecol.com.co\/en\/wp-json\/wp\/v2\/product_tag?post=11061"}],"curies":[{"name":"wp","href":"https:\/\/api.w.org\/{rel}","templated":true}]}}