{"id":11048,"date":"2024-02-08T15:34:32","date_gmt":"2024-02-08T20:34:32","guid":{"rendered":"https:\/\/www.vecol.com.co\/?post_type=product&#038;p=11048"},"modified":"2024-12-27T10:51:18","modified_gmt":"2024-12-27T15:51:18","slug":"estravec","status":"publish","type":"product","link":"https:\/\/www.vecol.com.co\/en\/product\/estravec\/","title":{"rendered":"ESTRAVEC\u00ae"},"content":{"rendered":"<table width=\"633\">\n<tbody>\n<tr>\n<td width=\"141\"><strong>INDICACIONES<\/strong><\/td>\n<td width=\"491\">En bovinos como coadyuvante para el tratamiento de retenci\u00f3n placentaria, piometra, inducci\u00f3n y sincronizaci\u00f3n de celo. categor\u00eda etaria: Hembras bovinas en etapa reproductiva.<\/td>\n<\/tr>\n<tr>\n<td width=\"141\"><strong>ESPECIES DE DESTINO<\/strong><\/td>\n<td width=\"491\"><strong>Bovinos, porcinos y ovinos<\/strong><\/td>\n<\/tr>\n<tr>\n<td width=\"141\"><strong>COMPOSICI\u00d3N<\/strong><\/p>\n<p>&nbsp;<\/p>\n<p>&nbsp;<\/p>\n<p>&nbsp;<\/p>\n<p>&nbsp;<\/p>\n<p><strong>DOSIS Y VIA DE ADMINISTRACI\u00d3N<\/strong><\/td>\n<td width=\"491\">Cada 100 ml de la soluci\u00f3n inyectable contiene:<\/p>\n<p>Benzoato de Estradiol 0,1 g<\/p>\n<p>Excipientes c.s.p. 100 ml<\/p>\n<p>&nbsp;<\/p>\n<p>&nbsp;<\/p>\n<p>Se debe administrar 1 a 2,5 mg, equivalente a 1 a 2,5 ml totales seg\u00fan indicaci\u00f3n y criterio profesional.<\/p>\n<p>V\u00eda de administraci\u00f3n: Intramuscular.<\/td>\n<\/tr>\n<tr>\n<td width=\"141\"><strong>PRECAUCIONES Y ALMACENAMIENTO<\/strong><\/p>\n<p>&nbsp;<\/td>\n<td width=\"491\">\n<ul>\n<li>Conservar a una temperatura inferior 30\u00b0C y protegido de la luz solar.<\/li>\n<li>Venta bajo f\u00f3rmula del M\u00e9dico Veterinario.<\/li>\n<li>Consulte al M\u00e9dico Veterinario.<\/li>\n<li>Mant\u00e9ngase fuera del alcance de los ni\u00f1os y de los animales dom\u00e9sticos.<\/li>\n<li>La disposici\u00f3n de los envases o contenido residual debe hacerse seg\u00fan la normativa ambiental nacional vigente.<\/li>\n<\/ul>\n<\/td>\n<\/tr>\n<tr>\n<td width=\"141\">&nbsp;<\/p>\n<p><strong>CONTRAINDICACIONES E INTERACCIONES<\/strong><\/p>\n<p>&nbsp;<\/p>\n<p>&nbsp;<\/p>\n<p>&nbsp;<\/p>\n<p><strong>TIEMPO DE RETIRO<\/strong><\/p>\n<p>&nbsp;<\/p>\n<p>&nbsp;<\/p>\n<p><strong>PRESENTACION<\/strong><\/p>\n<p>&nbsp;<\/p>\n<p><strong>REGISTRO ICA<\/strong><\/td>\n<td width=\"491\">&nbsp;<\/p>\n<ul>\n<li>No administrar en animales hipersensibles a los principios activos.<\/li>\n<li>No administrar a pacientes con insuficiencia cardiaca congestiva.<\/li>\n<li>No administrar en animales afectados por neoplasias uterinas o mamarias.<\/li>\n<\/ul>\n<p>&nbsp;<\/p>\n<p>&nbsp;<\/p>\n<p>Sin tiempo de retiro en carne.<\/p>\n<p>No debe aplicare a vacas en producci\u00f3n de leche destinada al consumo humano.<\/p>\n<p>El producto no est\u00e1 indicado para su uso en medicina humana.<\/p>\n<p>&nbsp;<\/p>\n<p>Caja plegadiza que contiene frasco de vidrio por 100 mL.<\/p>\n<p>&nbsp;<\/p>\n<p><strong>10978-MV<\/strong><\/td>\n<\/tr>\n<\/tbody>\n<\/table>","protected":false},"excerpt":{"rendered":"<p>En bovinos como coadyuvante para el tratamiento de retenci\u00f3n placentaria, piometra, inducci\u00f3n y sincronizaci\u00f3n de celo. categor\u00eda etaria: Hembras bovinas en etapa reproductiva.<\/p>\n<p style=\"text-align: justify;\">","protected":false},"featured_media":11049,"template":"","meta":{"_acf_changed":false,"site-sidebar-layout":"default","site-content-layout":"default","ast-site-content-layout":"default","site-content-style":"default","site-sidebar-style":"default","ast-global-header-display":"","ast-banner-title-visibility":"","ast-main-header-display":"","ast-hfb-above-header-display":"","ast-hfb-below-header-display":"","ast-hfb-mobile-header-display":"","site-post-title":"","ast-breadcrumbs-content":"","ast-featured-img":"","footer-sml-layout":"","ast-disable-related-posts":"","theme-transparent-header-meta":"default","adv-header-id-meta":"","stick-header-meta":"","header-above-stick-meta":"","header-main-stick-meta":"","header-below-stick-meta":"","astra-migrate-meta-layouts":"set","ast-page-background-enabled":"default","ast-page-background-meta":{"desktop":{"background-color":"","background-image":"","background-repeat":"repeat","background-position":"center center","background-size":"auto","background-attachment":"scroll","background-type":"","background-media":"","overlay-type":"","overlay-color":"","overlay-opacity":"","overlay-gradient":""},"tablet":{"background-color":"","background-image":"","background-repeat":"repeat","background-position":"center center","background-size":"auto","background-attachment":"scroll","background-type":"","background-media":"","overlay-type":"","overlay-color":"","overlay-opacity":"","overlay-gradient":""},"mobile":{"background-color":"","background-image":"","background-repeat":"repeat","background-position":"center center","background-size":"auto","background-attachment":"scroll","background-type":"","background-media":"","overlay-type":"","overlay-color":"","overlay-opacity":"","overlay-gradient":""}},"ast-content-background-meta":{"desktop":{"background-color":"var(--ast-global-color-5)","background-image":"","background-repeat":"repeat","background-position":"center center","background-size":"auto","background-attachment":"scroll","background-type":"","background-media":"","overlay-type":"","overlay-color":"","overlay-opacity":"","overlay-gradient":""},"tablet":{"background-color":"var(--ast-global-color-5)","background-image":"","background-repeat":"repeat","background-position":"center center","background-size":"auto","background-attachment":"scroll","background-type":"","background-media":"","overlay-type":"","overlay-color":"","overlay-opacity":"","overlay-gradient":""},"mobile":{"background-color":"var(--ast-global-color-5)","background-image":"","background-repeat":"repeat","background-position":"center center","background-size":"auto","background-attachment":"scroll","background-type":"","background-media":"","overlay-type":"","overlay-color":"","overlay-opacity":"","overlay-gradient":""}}},"product_brand":[],"product_cat":[17,48],"product_tag":[],"class_list":{"0":"post-11048","1":"product","2":"type-product","3":"status-publish","4":"has-post-thumbnail","6":"product_cat-animales-de-produccion","7":"product_cat-phibro-animal-health-corporation","8":"desktop-align-left","9":"tablet-align-left","10":"mobile-align-left","12":"first","13":"instock","14":"shipping-taxable","15":"product-type-simple"},"acf":[],"yoast_head":"<!-- This site is optimized with the Yoast SEO plugin v27.3 - https:\/\/yoast.com\/product\/yoast-seo-wordpress\/ -->\n<title>ESTRAVEC\u00ae coadyuvante para bovinos | VECOL<\/title>\n<meta name=\"description\" content=\"En bovinos como coadyuvante para el tratamiento de retenci\u00f3n placentaria, piometra, inducci\u00f3n y sincronizaci\u00f3n de celo. categor\u00eda etaria: Hembras bovinas en etapa reproductiva.\" \/>\n<meta name=\"robots\" content=\"index, follow, max-snippet:-1, max-image-preview:large, max-video-preview:-1\" \/>\n<link rel=\"canonical\" href=\"https:\/\/www.vecol.com.co\/en\/product\/estravec\/\" \/>\n<meta property=\"og:locale\" content=\"en_US\" \/>\n<meta property=\"og:type\" content=\"article\" \/>\n<meta property=\"og:title\" content=\"ESTRAVEC\u00ae coadyuvante para bovinos | VECOL\" \/>\n<meta property=\"og:description\" content=\"En bovinos como coadyuvante para el tratamiento de retenci\u00f3n placentaria, piometra, inducci\u00f3n y sincronizaci\u00f3n de celo. categor\u00eda etaria: Hembras bovinas en etapa reproductiva.\" \/>\n<meta property=\"og:url\" content=\"https:\/\/www.vecol.com.co\/en\/product\/estravec\/\" \/>\n<meta property=\"og:site_name\" content=\"VECOL\" \/>\n<meta property=\"article:publisher\" content=\"https:\/\/www.facebook.com\/vecolveterinaria\" \/>\n<meta property=\"article:modified_time\" content=\"2024-12-27T15:51:18+00:00\" \/>\n<meta property=\"og:image\" content=\"https:\/\/www.vecol.com.co\/wp-content\/uploads\/2024\/02\/ESTRAVEC.jpg\" \/>\n\t<meta property=\"og:image:width\" content=\"945\" \/>\n\t<meta property=\"og:image:height\" content=\"945\" \/>\n\t<meta property=\"og:image:type\" content=\"image\/jpeg\" \/>\n<meta name=\"twitter:card\" content=\"summary_large_image\" \/>\n<meta name=\"twitter:site\" content=\"@VecolColombia\" \/>\n<meta name=\"twitter:label1\" content=\"Est. reading time\" \/>\n\t<meta name=\"twitter:data1\" content=\"1 minute\" \/>\n<script type=\"application\/ld+json\" class=\"yoast-schema-graph\">{\"@context\":\"https:\\\/\\\/schema.org\",\"@graph\":[{\"@type\":\"WebPage\",\"@id\":\"https:\\\/\\\/www.vecol.com.co\\\/producto\\\/estravec\\\/\",\"url\":\"https:\\\/\\\/www.vecol.com.co\\\/producto\\\/estravec\\\/\",\"name\":\"ESTRAVEC\u00ae coadyuvante para bovinos | VECOL\",\"isPartOf\":{\"@id\":\"https:\\\/\\\/www.vecol.com.co\\\/#website\"},\"primaryImageOfPage\":{\"@id\":\"https:\\\/\\\/www.vecol.com.co\\\/producto\\\/estravec\\\/#primaryimage\"},\"image\":{\"@id\":\"https:\\\/\\\/www.vecol.com.co\\\/producto\\\/estravec\\\/#primaryimage\"},\"thumbnailUrl\":\"https:\\\/\\\/www.vecol.com.co\\\/wp-content\\\/uploads\\\/2024\\\/02\\\/ESTRAVEC.jpg\",\"datePublished\":\"2024-02-08T20:34:32+00:00\",\"dateModified\":\"2024-12-27T15:51:18+00:00\",\"description\":\"En bovinos como coadyuvante para el tratamiento de retenci\u00f3n placentaria, piometra, inducci\u00f3n y sincronizaci\u00f3n de celo. categor\u00eda etaria: Hembras bovinas en etapa reproductiva.\",\"breadcrumb\":{\"@id\":\"https:\\\/\\\/www.vecol.com.co\\\/producto\\\/estravec\\\/#breadcrumb\"},\"inLanguage\":\"en-US\",\"potentialAction\":[{\"@type\":\"ReadAction\",\"target\":[\"https:\\\/\\\/www.vecol.com.co\\\/producto\\\/estravec\\\/\"]}]},{\"@type\":\"ImageObject\",\"inLanguage\":\"en-US\",\"@id\":\"https:\\\/\\\/www.vecol.com.co\\\/producto\\\/estravec\\\/#primaryimage\",\"url\":\"https:\\\/\\\/www.vecol.com.co\\\/wp-content\\\/uploads\\\/2024\\\/02\\\/ESTRAVEC.jpg\",\"contentUrl\":\"https:\\\/\\\/www.vecol.com.co\\\/wp-content\\\/uploads\\\/2024\\\/02\\\/ESTRAVEC.jpg\",\"width\":945,\"height\":945},{\"@type\":\"BreadcrumbList\",\"@id\":\"https:\\\/\\\/www.vecol.com.co\\\/producto\\\/estravec\\\/#breadcrumb\",\"itemListElement\":[{\"@type\":\"ListItem\",\"position\":1,\"name\":\"Inicio\",\"item\":\"https:\\\/\\\/www.vecol.com.co\\\/\"},{\"@type\":\"ListItem\",\"position\":2,\"name\":\"Productos\",\"item\":\"https:\\\/\\\/www.vecol.com.co\\\/productos\\\/\"},{\"@type\":\"ListItem\",\"position\":3,\"name\":\"ESTRAVEC\u00ae\"}]},{\"@type\":\"WebSite\",\"@id\":\"https:\\\/\\\/www.vecol.com.co\\\/#website\",\"url\":\"https:\\\/\\\/www.vecol.com.co\\\/\",\"name\":\"VECOL\",\"description\":\"Empresa Colombiana de Productos Veterinarios\",\"publisher\":{\"@id\":\"https:\\\/\\\/www.vecol.com.co\\\/#organization\"},\"potentialAction\":[{\"@type\":\"SearchAction\",\"target\":{\"@type\":\"EntryPoint\",\"urlTemplate\":\"https:\\\/\\\/www.vecol.com.co\\\/?s={search_term_string}\"},\"query-input\":{\"@type\":\"PropertyValueSpecification\",\"valueRequired\":true,\"valueName\":\"search_term_string\"}}],\"inLanguage\":\"en-US\"},{\"@type\":\"Organization\",\"@id\":\"https:\\\/\\\/www.vecol.com.co\\\/#organization\",\"name\":\"Empresa Colombiana de Productos Veterinarios\",\"url\":\"https:\\\/\\\/www.vecol.com.co\\\/\",\"logo\":{\"@type\":\"ImageObject\",\"inLanguage\":\"en-US\",\"@id\":\"https:\\\/\\\/www.vecol.com.co\\\/#\\\/schema\\\/logo\\\/image\\\/\",\"url\":\"https:\\\/\\\/www.vecol.com.co\\\/wp-content\\\/uploads\\\/2023\\\/07\\\/logoVecol.png\",\"contentUrl\":\"https:\\\/\\\/www.vecol.com.co\\\/wp-content\\\/uploads\\\/2023\\\/07\\\/logoVecol.png\",\"width\":106,\"height\":106,\"caption\":\"Empresa Colombiana de Productos Veterinarios\"},\"image\":{\"@id\":\"https:\\\/\\\/www.vecol.com.co\\\/#\\\/schema\\\/logo\\\/image\\\/\"},\"sameAs\":[\"https:\\\/\\\/www.facebook.com\\\/vecolveterinaria\",\"https:\\\/\\\/x.com\\\/VecolColombia\"]}]}<\/script>\n<!-- \/ Yoast SEO plugin. -->","yoast_head_json":{"title":"ESTRAVEC\u00ae coadjuvant for bovines | VECOL","description":"En bovinos como coadyuvante para el tratamiento de retenci\u00f3n placentaria, piometra, inducci\u00f3n y sincronizaci\u00f3n de celo. categor\u00eda etaria: Hembras bovinas en etapa reproductiva.","robots":{"index":"index","follow":"follow","max-snippet":"max-snippet:-1","max-image-preview":"max-image-preview:large","max-video-preview":"max-video-preview:-1"},"canonical":"https:\/\/www.vecol.com.co\/en\/product\/estravec\/","og_locale":"en_US","og_type":"article","og_title":"ESTRAVEC\u00ae coadyuvante para bovinos | VECOL","og_description":"En bovinos como coadyuvante para el tratamiento de retenci\u00f3n placentaria, piometra, inducci\u00f3n y sincronizaci\u00f3n de celo. categor\u00eda etaria: Hembras bovinas en etapa reproductiva.","og_url":"https:\/\/www.vecol.com.co\/en\/product\/estravec\/","og_site_name":"VECOL","article_publisher":"https:\/\/www.facebook.com\/vecolveterinaria","article_modified_time":"2024-12-27T15:51:18+00:00","og_image":[{"width":945,"height":945,"url":"https:\/\/www.vecol.com.co\/wp-content\/uploads\/2024\/02\/ESTRAVEC.jpg","type":"image\/jpeg"}],"twitter_card":"summary_large_image","twitter_site":"@VecolColombia","twitter_misc":{"Est. reading time":"1 minute"},"schema":{"@context":"https:\/\/schema.org","@graph":[{"@type":"WebPage","@id":"https:\/\/www.vecol.com.co\/producto\/estravec\/","url":"https:\/\/www.vecol.com.co\/producto\/estravec\/","name":"ESTRAVEC\u00ae coadjuvant for bovines | VECOL","isPartOf":{"@id":"https:\/\/www.vecol.com.co\/#website"},"primaryImageOfPage":{"@id":"https:\/\/www.vecol.com.co\/producto\/estravec\/#primaryimage"},"image":{"@id":"https:\/\/www.vecol.com.co\/producto\/estravec\/#primaryimage"},"thumbnailUrl":"https:\/\/www.vecol.com.co\/wp-content\/uploads\/2024\/02\/ESTRAVEC.jpg","datePublished":"2024-02-08T20:34:32+00:00","dateModified":"2024-12-27T15:51:18+00:00","description":"En bovinos como coadyuvante para el tratamiento de retenci\u00f3n placentaria, piometra, inducci\u00f3n y sincronizaci\u00f3n de celo. categor\u00eda etaria: Hembras bovinas en etapa reproductiva.","breadcrumb":{"@id":"https:\/\/www.vecol.com.co\/producto\/estravec\/#breadcrumb"},"inLanguage":"en-US","potentialAction":[{"@type":"ReadAction","target":["https:\/\/www.vecol.com.co\/producto\/estravec\/"]}]},{"@type":"ImageObject","inLanguage":"en-US","@id":"https:\/\/www.vecol.com.co\/producto\/estravec\/#primaryimage","url":"https:\/\/www.vecol.com.co\/wp-content\/uploads\/2024\/02\/ESTRAVEC.jpg","contentUrl":"https:\/\/www.vecol.com.co\/wp-content\/uploads\/2024\/02\/ESTRAVEC.jpg","width":945,"height":945},{"@type":"BreadcrumbList","@id":"https:\/\/www.vecol.com.co\/producto\/estravec\/#breadcrumb","itemListElement":[{"@type":"ListItem","position":1,"name":"Inicio","item":"https:\/\/www.vecol.com.co\/"},{"@type":"ListItem","position":2,"name":"Productos","item":"https:\/\/www.vecol.com.co\/productos\/"},{"@type":"ListItem","position":3,"name":"ESTRAVEC\u00ae"}]},{"@type":"WebSite","@id":"https:\/\/www.vecol.com.co\/#website","url":"https:\/\/www.vecol.com.co\/","name":"VECOL","description":"Colombian Veterinary Products Company","publisher":{"@id":"https:\/\/www.vecol.com.co\/#organization"},"potentialAction":[{"@type":"SearchAction","target":{"@type":"EntryPoint","urlTemplate":"https:\/\/www.vecol.com.co\/?s={search_term_string}"},"query-input":{"@type":"PropertyValueSpecification","valueRequired":true,"valueName":"search_term_string"}}],"inLanguage":"en-US"},{"@type":"Organization","@id":"https:\/\/www.vecol.com.co\/#organization","name":"Colombian Veterinary Products Company","url":"https:\/\/www.vecol.com.co\/","logo":{"@type":"ImageObject","inLanguage":"en-US","@id":"https:\/\/www.vecol.com.co\/#\/schema\/logo\/image\/","url":"https:\/\/www.vecol.com.co\/wp-content\/uploads\/2023\/07\/logoVecol.png","contentUrl":"https:\/\/www.vecol.com.co\/wp-content\/uploads\/2023\/07\/logoVecol.png","width":106,"height":106,"caption":"Empresa Colombiana de Productos Veterinarios"},"image":{"@id":"https:\/\/www.vecol.com.co\/#\/schema\/logo\/image\/"},"sameAs":["https:\/\/www.facebook.com\/vecolveterinaria","https:\/\/x.com\/VecolColombia"]}]}},"_links":{"self":[{"href":"https:\/\/www.vecol.com.co\/en\/wp-json\/wp\/v2\/product\/11048","targetHints":{"allow":["GET"]}}],"collection":[{"href":"https:\/\/www.vecol.com.co\/en\/wp-json\/wp\/v2\/product"}],"about":[{"href":"https:\/\/www.vecol.com.co\/en\/wp-json\/wp\/v2\/types\/product"}],"wp:featuredmedia":[{"embeddable":true,"href":"https:\/\/www.vecol.com.co\/en\/wp-json\/wp\/v2\/media\/11049"}],"wp:attachment":[{"href":"https:\/\/www.vecol.com.co\/en\/wp-json\/wp\/v2\/media?parent=11048"}],"wp:term":[{"taxonomy":"product_brand","embeddable":true,"href":"https:\/\/www.vecol.com.co\/en\/wp-json\/wp\/v2\/product_brand?post=11048"},{"taxonomy":"product_cat","embeddable":true,"href":"https:\/\/www.vecol.com.co\/en\/wp-json\/wp\/v2\/product_cat?post=11048"},{"taxonomy":"product_tag","embeddable":true,"href":"https:\/\/www.vecol.com.co\/en\/wp-json\/wp\/v2\/product_tag?post=11048"}],"curies":[{"name":"wp","href":"https:\/\/api.w.org\/{rel}","templated":true}]}}