{"id":11046,"date":"2024-02-08T15:22:59","date_gmt":"2024-02-08T20:22:59","guid":{"rendered":"https:\/\/www.vecol.com.co\/?post_type=product&#038;p=11046"},"modified":"2024-12-13T12:19:32","modified_gmt":"2024-12-13T17:19:32","slug":"cefiro-duo","status":"publish","type":"product","link":"https:\/\/www.vecol.com.co\/en\/product\/cefiro-duo\/","title":{"rendered":"CEFIRO DUO\u00ae"},"content":{"rendered":"<table width=\"633\">\n<tbody>\n<tr>\n<td width=\"141\"><strong>INDICACIONES<\/strong><\/td>\n<td width=\"491\">\n<ul>\n<li>En bovinos y porcinos para el tratamiento de procesos infecciosos causados por microorganismos sensibles al principio Ceftiofur principalmente neumon\u00edas, fiebre de embarque, necrosis interdigital y endometritis en bovinos, neumon\u00edas en porcinos. En bovinos: <em>Mannheimia haemolytica, Pasteurella multocida, Histophilus somni, Fusobacterium necrophorum y Porphyromonas asaccharolytica (Bacteroides melaninogenicus<\/em>). En porcinos<em>: Streptococcus suis, Actinobacillus pleuropneumoniae,Glaesserella parasuis, Salmonella choleraesuis, Pasteurella multocida.<\/em><\/li>\n<\/ul>\n<p style=\"text-align: justify;\">\u2022 La terapia antimicrobiana se complementa en este producto con un antiinflamatorio no esteroide, el ketoprofeno, el cual ejerce actividad antiinflamatoria, analg\u00e9sica y antipir\u00e9tica.<\/p>\n<\/td>\n<\/tr>\n<tr>\n<td width=\"141\"><strong>ESPECIES DE DESTINO<\/strong><\/td>\n<td width=\"491\"><strong>Bovinos y porcinos<\/strong><\/td>\n<\/tr>\n<tr>\n<td width=\"141\"><strong>COMPOSICI\u00d3N<\/strong><\/p>\n<p>&nbsp;<\/p>\n<p>&nbsp;<\/p>\n<p>&nbsp;<\/p>\n<p>&nbsp;<\/p>\n<p><strong>DOSIS Y VIA DE ADMINISTRACI\u00d3N<\/strong><\/td>\n<td width=\"491\">Cada 100ml de suspensi\u00f3n inyectable contiene:<\/p>\n<p>Ceftiofur clorhidrato 7,5 g<\/p>\n<p>Ketoprofeno 10,0 g<\/p>\n<p>Excipientes c.s.p. 100 ml<\/p>\n<p>&nbsp;<\/p>\n<p>V\u00eda de administraci\u00f3n: Intramuscular profunda.<\/p>\n<p>Dosis:<\/p>\n<ul>\n<li>Bovinos: 1 ml\/ 33 kg de peso vivo, equivalente a 2,2 mg \/ kg de Ceftiofur y 3 mg \/ kg de Ketoprofeno. Repetir cada 24 horas.<\/li>\n<li>Porcinos: 1 ml \/ 25 kg de peso vivo, equivalente a 3 mg\/ kg de Ceftiofur 4 mg\/ kg de Ketoprofeno. Repetir cada 24 horas.<\/li>\n<\/ul>\n<p>El uso de dosis m\u00e1s altas, durante un tiempo mayor o el suministro del medicamento por una v\u00eda diferente a la intramuscular profunda puede generar residuos perjudiciales en tejidos y\/o leche.<\/p>\n<p>La mayor\u00eda de los animales responde al tratamiento dentro de 3 \u2013 5 d\u00edas. Si no se observa mejor\u00eda, ser\u00e1 necesario reevaluar el diagn\u00f3stico y la terapia.<\/td>\n<\/tr>\n<tr>\n<td width=\"141\"><strong>PRECAUCIONES Y ALMACENAMIENTO<\/strong><\/p>\n<p>&nbsp;<\/td>\n<td width=\"491\">\n<ul>\n<li>El operador deber\u00e1 evitar el contacto directo del producto con la piel o las mucosas, con el fin de prevenir el riesgo de reacciones al\u00e9rgicas.<\/li>\n<li>Se recomienda utilizar guantes de l\u00e1tex para su administraci\u00f3n.<\/li>\n<li>Verificar que el sistema de inviolabilidad del producto y sus condiciones de almacenamiento previo a su uso sean las adecuadas, as\u00ed como que el mismo no haya caducado en referencia a la fecha de vencimiento expresada en el rotulo.<\/li>\n<li>El uso del producto puede generar resultados positivos a residuos de Ceftiofur cuando se utilizan pruebas cuya sensibilidad permite detectar en la leche de los animales tratados niveles inferiores a los establecidos por el ministerio de Salud y Protecci\u00f3n Social mediante la Resoluci\u00f3n No. 1382 de 2013 (100 p g \/ L, 0,1 p. p. m).<\/li>\n<li>Agitar bien antes de usar.<\/li>\n<li>Almacenar a una temperatura inferior 30\u00b0C y protegido de la luz solar.<\/li>\n<li>Descartar el producto una vez abierto el envase.<\/li>\n<li>Venta bajo f\u00f3rmula del M\u00e9dico Veterinario.<\/li>\n<li>Mant\u00e9ngase fuera del alcance de los ni\u00f1os y de los animales dom\u00e9sticos.<\/li>\n<li>La disposici\u00f3n de los envases o contenido residual debe hacerse seg\u00fan la normativa ambiental nacional vigente.<\/li>\n<li>USO VETERINARIO<\/li>\n<\/ul>\n<\/td>\n<\/tr>\n<tr>\n<td width=\"141\">&nbsp;<\/p>\n<p><strong>CONTRAINDICACIONES E INTERACCIONES<\/strong><\/p>\n<p>&nbsp;<\/p>\n<p>&nbsp;<\/p>\n<p>&nbsp;<\/p>\n<p><strong>TIEMPO DE RETIRO<\/strong><\/p>\n<p>&nbsp;<\/p>\n<p>&nbsp;<\/p>\n<p>&nbsp;<\/p>\n<p><strong>PRESENTACION<\/strong><\/p>\n<p>&nbsp;<\/p>\n<p><strong>REGISTRO ICA<\/strong><\/td>\n<td width=\"491\">&nbsp;<\/p>\n<ul>\n<li>No administrar en animales hipersensibles a alguno de los componentes del producto.<\/li>\n<li>No administrar junto a antiinflamatorios no esteroides (AINEs).<\/li>\n<li>Contraindicado en animales con ulcera y\/o sangrado gastrointestinal.<\/li>\n<li>Evitar su uso en animales deshidratados, hipovol\u00e9micos o hipotensos.<\/li>\n<li>No usar en animales con enfermedades cardiacas, hep\u00e1ticas o renales.<\/li>\n<\/ul>\n<p>&nbsp;<\/p>\n<p>Los bovinos y porcinos tratados no deben ser sacrificados para consumo humano hasta 4 d\u00edas despu\u00e9s de finalizado el tratamiento, no requiere tiempo de retiro en leche, el uso de dosis m\u00e1s altas que las aprobadas o la administraci\u00f3n por v\u00edas diferentes puede generar residuos perjudiciales en tejidos y\/o leche.<\/p>\n<p>&nbsp;<\/p>\n<p>&nbsp;<\/p>\n<p>Caja con frascos 100 o 250 mL.<\/p>\n<p>&nbsp;<\/p>\n<p><strong>11040-MV<\/strong><\/td>\n<\/tr>\n<\/tbody>\n<\/table>","protected":false},"excerpt":{"rendered":"<p>En bovinos y porcinos para el tratamiento de procesos infecciosos causados por microorganismos sensibles al principio Ceftiofur principalmente neumon\u00edas, fiebre de embarque, necrosis interdigital y endometritis en bovinos, neumon\u00edas en porcinos. En bovinos: <em>Mannheimia haemolytica, Pasteurella multocida, Histophilus somni, Fusobacterium necrophorum y Porphyromonas asaccharolytica (Bacteroides melaninogenicus<\/em>). En porcinos<em>: Streptococcus suis, Actinobacillus pleuropneumoniae,Glaesserella parasuis, Salmonella choleraesuis, Pasteurella multocida.<\/em><\/p>\n<p style=\"text-align: justify;\">","protected":false},"featured_media":11047,"template":"","meta":{"_acf_changed":false,"site-sidebar-layout":"default","site-content-layout":"default","ast-site-content-layout":"default","site-content-style":"default","site-sidebar-style":"default","ast-global-header-display":"","ast-banner-title-visibility":"","ast-main-header-display":"","ast-hfb-above-header-display":"","ast-hfb-below-header-display":"","ast-hfb-mobile-header-display":"","site-post-title":"","ast-breadcrumbs-content":"","ast-featured-img":"","footer-sml-layout":"","ast-disable-related-posts":"","theme-transparent-header-meta":"default","adv-header-id-meta":"","stick-header-meta":"","header-above-stick-meta":"","header-main-stick-meta":"","header-below-stick-meta":"","astra-migrate-meta-layouts":"set","ast-page-background-enabled":"default","ast-page-background-meta":{"desktop":{"background-color":"","background-image":"","background-repeat":"repeat","background-position":"center center","background-size":"auto","background-attachment":"scroll","background-type":"","background-media":"","overlay-type":"","overlay-color":"","overlay-opacity":"","overlay-gradient":""},"tablet":{"background-color":"","background-image":"","background-repeat":"repeat","background-position":"center center","background-size":"auto","background-attachment":"scroll","background-type":"","background-media":"","overlay-type":"","overlay-color":"","overlay-opacity":"","overlay-gradient":""},"mobile":{"background-color":"","background-image":"","background-repeat":"repeat","background-position":"center center","background-size":"auto","background-attachment":"scroll","background-type":"","background-media":"","overlay-type":"","overlay-color":"","overlay-opacity":"","overlay-gradient":""}},"ast-content-background-meta":{"desktop":{"background-color":"var(--ast-global-color-5)","background-image":"","background-repeat":"repeat","background-position":"center center","background-size":"auto","background-attachment":"scroll","background-type":"","background-media":"","overlay-type":"","overlay-color":"","overlay-opacity":"","overlay-gradient":""},"tablet":{"background-color":"var(--ast-global-color-5)","background-image":"","background-repeat":"repeat","background-position":"center center","background-size":"auto","background-attachment":"scroll","background-type":"","background-media":"","overlay-type":"","overlay-color":"","overlay-opacity":"","overlay-gradient":""},"mobile":{"background-color":"var(--ast-global-color-5)","background-image":"","background-repeat":"repeat","background-position":"center center","background-size":"auto","background-attachment":"scroll","background-type":"","background-media":"","overlay-type":"","overlay-color":"","overlay-opacity":"","overlay-gradient":""}}},"product_brand":[],"product_cat":[17,18],"product_tag":[],"class_list":{"0":"post-11046","1":"product","2":"type-product","3":"status-publish","4":"has-post-thumbnail","6":"product_cat-animales-de-produccion","7":"product_cat-antibioticos","8":"desktop-align-left","9":"tablet-align-left","10":"mobile-align-left","12":"first","13":"instock","14":"shipping-taxable","15":"product-type-simple"},"acf":[],"yoast_head":"<!-- This site is optimized with the Yoast SEO plugin v27.4 - https:\/\/yoast.com\/product\/yoast-seo-wordpress\/ -->\n<title>Cefiro Duo\u00ae - tratamiento de procesos infecciosos | VECOL<\/title>\n<meta name=\"description\" content=\"En bovinos y porcinos para el tratamiento de procesos infecciosos causados por microorganismos sensibles al principio Ceftiofur principalmente neumon\u00edas, fiebre de embarque, necrosis interdigital y endometritis en bovinos, neumon\u00edas en porcinos. En bovinos: Mannheimia haemolytica, Pasteurella multocida, Histophilus somni, Fusobacterium necrophorum y Porphyromonas asaccharolytica (Bacteroides melaninogenicus). En porcinos: Streptococcus suis, Actinobacillus pleuropneumoniae,Glaesserella parasuis, Salmonella choleraesuis, Pasteurella multocida.\" \/>\n<meta name=\"robots\" content=\"index, follow, max-snippet:-1, max-image-preview:large, max-video-preview:-1\" \/>\n<link rel=\"canonical\" href=\"https:\/\/www.vecol.com.co\/en\/product\/cefiro-duo\/\" \/>\n<meta property=\"og:locale\" content=\"en_US\" \/>\n<meta property=\"og:type\" content=\"article\" \/>\n<meta property=\"og:title\" content=\"Cefiro Duo\u00ae - tratamiento de procesos infecciosos | VECOL\" \/>\n<meta property=\"og:description\" content=\"En bovinos y porcinos para el tratamiento de procesos infecciosos causados por microorganismos sensibles al principio Ceftiofur principalmente neumon\u00edas, fiebre de embarque, necrosis interdigital y endometritis en bovinos, neumon\u00edas en porcinos. En bovinos: Mannheimia haemolytica, Pasteurella multocida, Histophilus somni, Fusobacterium necrophorum y Porphyromonas asaccharolytica (Bacteroides melaninogenicus). En porcinos: Streptococcus suis, Actinobacillus pleuropneumoniae,Glaesserella parasuis, Salmonella choleraesuis, Pasteurella multocida.\" \/>\n<meta property=\"og:url\" content=\"https:\/\/www.vecol.com.co\/en\/product\/cefiro-duo\/\" \/>\n<meta property=\"og:site_name\" content=\"VECOL\" \/>\n<meta property=\"article:publisher\" content=\"https:\/\/www.facebook.com\/vecolveterinaria\" \/>\n<meta property=\"article:modified_time\" content=\"2024-12-13T17:19:32+00:00\" \/>\n<meta property=\"og:image\" content=\"https:\/\/www.vecol.com.co\/wp-content\/uploads\/2024\/02\/CEFIRO-DUO.jpg\" \/>\n\t<meta property=\"og:image:width\" content=\"945\" \/>\n\t<meta property=\"og:image:height\" content=\"945\" \/>\n\t<meta property=\"og:image:type\" content=\"image\/jpeg\" \/>\n<meta name=\"twitter:card\" content=\"summary_large_image\" \/>\n<meta name=\"twitter:site\" content=\"@VecolColombia\" \/>\n<meta name=\"twitter:label1\" content=\"Est. reading time\" \/>\n\t<meta name=\"twitter:data1\" content=\"3 minutes\" \/>\n<script type=\"application\/ld+json\" class=\"yoast-schema-graph\">{\"@context\":\"https:\\\/\\\/schema.org\",\"@graph\":[{\"@type\":\"WebPage\",\"@id\":\"https:\\\/\\\/www.vecol.com.co\\\/producto\\\/cefiro-duo\\\/\",\"url\":\"https:\\\/\\\/www.vecol.com.co\\\/producto\\\/cefiro-duo\\\/\",\"name\":\"Cefiro Duo\u00ae - tratamiento de procesos infecciosos | VECOL\",\"isPartOf\":{\"@id\":\"https:\\\/\\\/www.vecol.com.co\\\/#website\"},\"primaryImageOfPage\":{\"@id\":\"https:\\\/\\\/www.vecol.com.co\\\/producto\\\/cefiro-duo\\\/#primaryimage\"},\"image\":{\"@id\":\"https:\\\/\\\/www.vecol.com.co\\\/producto\\\/cefiro-duo\\\/#primaryimage\"},\"thumbnailUrl\":\"https:\\\/\\\/www.vecol.com.co\\\/wp-content\\\/uploads\\\/2024\\\/02\\\/CEFIRO-DUO.jpg\",\"datePublished\":\"2024-02-08T20:22:59+00:00\",\"dateModified\":\"2024-12-13T17:19:32+00:00\",\"description\":\"En bovinos y porcinos para el tratamiento de procesos infecciosos causados por microorganismos sensibles al principio Ceftiofur principalmente neumon\u00edas, fiebre de embarque, necrosis interdigital y endometritis en bovinos, neumon\u00edas en porcinos. En bovinos: Mannheimia haemolytica, Pasteurella multocida, Histophilus somni, Fusobacterium necrophorum y Porphyromonas asaccharolytica (Bacteroides melaninogenicus). En porcinos: Streptococcus suis, Actinobacillus pleuropneumoniae,Glaesserella parasuis, Salmonella choleraesuis, Pasteurella multocida.\",\"breadcrumb\":{\"@id\":\"https:\\\/\\\/www.vecol.com.co\\\/producto\\\/cefiro-duo\\\/#breadcrumb\"},\"inLanguage\":\"en-US\",\"potentialAction\":[{\"@type\":\"ReadAction\",\"target\":[\"https:\\\/\\\/www.vecol.com.co\\\/producto\\\/cefiro-duo\\\/\"]}]},{\"@type\":\"ImageObject\",\"inLanguage\":\"en-US\",\"@id\":\"https:\\\/\\\/www.vecol.com.co\\\/producto\\\/cefiro-duo\\\/#primaryimage\",\"url\":\"https:\\\/\\\/www.vecol.com.co\\\/wp-content\\\/uploads\\\/2024\\\/02\\\/CEFIRO-DUO.jpg\",\"contentUrl\":\"https:\\\/\\\/www.vecol.com.co\\\/wp-content\\\/uploads\\\/2024\\\/02\\\/CEFIRO-DUO.jpg\",\"width\":945,\"height\":945},{\"@type\":\"BreadcrumbList\",\"@id\":\"https:\\\/\\\/www.vecol.com.co\\\/producto\\\/cefiro-duo\\\/#breadcrumb\",\"itemListElement\":[{\"@type\":\"ListItem\",\"position\":1,\"name\":\"Inicio\",\"item\":\"https:\\\/\\\/www.vecol.com.co\\\/\"},{\"@type\":\"ListItem\",\"position\":2,\"name\":\"Productos\",\"item\":\"https:\\\/\\\/www.vecol.com.co\\\/productos\\\/\"},{\"@type\":\"ListItem\",\"position\":3,\"name\":\"CEFIRO DUO\u00ae\"}]},{\"@type\":\"WebSite\",\"@id\":\"https:\\\/\\\/www.vecol.com.co\\\/#website\",\"url\":\"https:\\\/\\\/www.vecol.com.co\\\/\",\"name\":\"VECOL\",\"description\":\"Empresa Colombiana de Productos Veterinarios\",\"publisher\":{\"@id\":\"https:\\\/\\\/www.vecol.com.co\\\/#organization\"},\"potentialAction\":[{\"@type\":\"SearchAction\",\"target\":{\"@type\":\"EntryPoint\",\"urlTemplate\":\"https:\\\/\\\/www.vecol.com.co\\\/?s={search_term_string}\"},\"query-input\":{\"@type\":\"PropertyValueSpecification\",\"valueRequired\":true,\"valueName\":\"search_term_string\"}}],\"inLanguage\":\"en-US\"},{\"@type\":\"Organization\",\"@id\":\"https:\\\/\\\/www.vecol.com.co\\\/#organization\",\"name\":\"Empresa Colombiana de Productos Veterinarios\",\"url\":\"https:\\\/\\\/www.vecol.com.co\\\/\",\"logo\":{\"@type\":\"ImageObject\",\"inLanguage\":\"en-US\",\"@id\":\"https:\\\/\\\/www.vecol.com.co\\\/#\\\/schema\\\/logo\\\/image\\\/\",\"url\":\"https:\\\/\\\/www.vecol.com.co\\\/wp-content\\\/uploads\\\/2023\\\/07\\\/logoVecol.png\",\"contentUrl\":\"https:\\\/\\\/www.vecol.com.co\\\/wp-content\\\/uploads\\\/2023\\\/07\\\/logoVecol.png\",\"width\":106,\"height\":106,\"caption\":\"Empresa Colombiana de Productos Veterinarios\"},\"image\":{\"@id\":\"https:\\\/\\\/www.vecol.com.co\\\/#\\\/schema\\\/logo\\\/image\\\/\"},\"sameAs\":[\"https:\\\/\\\/www.facebook.com\\\/vecolveterinaria\",\"https:\\\/\\\/x.com\\\/VecolColombia\"]}]}<\/script>\n<!-- \/ Yoast SEO plugin. -->","yoast_head_json":{"title":"Cefiro Duo\u00ae - treatment of infectious processes | VECOL","description":"En bovinos y porcinos para el tratamiento de procesos infecciosos causados por microorganismos sensibles al principio Ceftiofur principalmente neumon\u00edas, fiebre de embarque, necrosis interdigital y endometritis en bovinos, neumon\u00edas en porcinos. En bovinos: Mannheimia haemolytica, Pasteurella multocida, Histophilus somni, Fusobacterium necrophorum y Porphyromonas asaccharolytica (Bacteroides melaninogenicus). En porcinos: Streptococcus suis, Actinobacillus pleuropneumoniae,Glaesserella parasuis, Salmonella choleraesuis, Pasteurella multocida.","robots":{"index":"index","follow":"follow","max-snippet":"max-snippet:-1","max-image-preview":"max-image-preview:large","max-video-preview":"max-video-preview:-1"},"canonical":"https:\/\/www.vecol.com.co\/en\/product\/cefiro-duo\/","og_locale":"en_US","og_type":"article","og_title":"Cefiro Duo\u00ae - tratamiento de procesos infecciosos | VECOL","og_description":"En bovinos y porcinos para el tratamiento de procesos infecciosos causados por microorganismos sensibles al principio Ceftiofur principalmente neumon\u00edas, fiebre de embarque, necrosis interdigital y endometritis en bovinos, neumon\u00edas en porcinos. En bovinos: Mannheimia haemolytica, Pasteurella multocida, Histophilus somni, Fusobacterium necrophorum y Porphyromonas asaccharolytica (Bacteroides melaninogenicus). En porcinos: Streptococcus suis, Actinobacillus pleuropneumoniae,Glaesserella parasuis, Salmonella choleraesuis, Pasteurella multocida.","og_url":"https:\/\/www.vecol.com.co\/en\/product\/cefiro-duo\/","og_site_name":"VECOL","article_publisher":"https:\/\/www.facebook.com\/vecolveterinaria","article_modified_time":"2024-12-13T17:19:32+00:00","og_image":[{"width":945,"height":945,"url":"https:\/\/www.vecol.com.co\/wp-content\/uploads\/2024\/02\/CEFIRO-DUO.jpg","type":"image\/jpeg"}],"twitter_card":"summary_large_image","twitter_site":"@VecolColombia","twitter_misc":{"Est. reading time":"3 minutes"},"schema":{"@context":"https:\/\/schema.org","@graph":[{"@type":"WebPage","@id":"https:\/\/www.vecol.com.co\/producto\/cefiro-duo\/","url":"https:\/\/www.vecol.com.co\/producto\/cefiro-duo\/","name":"Cefiro Duo\u00ae - treatment of infectious processes | VECOL","isPartOf":{"@id":"https:\/\/www.vecol.com.co\/#website"},"primaryImageOfPage":{"@id":"https:\/\/www.vecol.com.co\/producto\/cefiro-duo\/#primaryimage"},"image":{"@id":"https:\/\/www.vecol.com.co\/producto\/cefiro-duo\/#primaryimage"},"thumbnailUrl":"https:\/\/www.vecol.com.co\/wp-content\/uploads\/2024\/02\/CEFIRO-DUO.jpg","datePublished":"2024-02-08T20:22:59+00:00","dateModified":"2024-12-13T17:19:32+00:00","description":"En bovinos y porcinos para el tratamiento de procesos infecciosos causados por microorganismos sensibles al principio Ceftiofur principalmente neumon\u00edas, fiebre de embarque, necrosis interdigital y endometritis en bovinos, neumon\u00edas en porcinos. En bovinos: Mannheimia haemolytica, Pasteurella multocida, Histophilus somni, Fusobacterium necrophorum y Porphyromonas asaccharolytica (Bacteroides melaninogenicus). En porcinos: Streptococcus suis, Actinobacillus pleuropneumoniae,Glaesserella parasuis, Salmonella choleraesuis, Pasteurella multocida.","breadcrumb":{"@id":"https:\/\/www.vecol.com.co\/producto\/cefiro-duo\/#breadcrumb"},"inLanguage":"en-US","potentialAction":[{"@type":"ReadAction","target":["https:\/\/www.vecol.com.co\/producto\/cefiro-duo\/"]}]},{"@type":"ImageObject","inLanguage":"en-US","@id":"https:\/\/www.vecol.com.co\/producto\/cefiro-duo\/#primaryimage","url":"https:\/\/www.vecol.com.co\/wp-content\/uploads\/2024\/02\/CEFIRO-DUO.jpg","contentUrl":"https:\/\/www.vecol.com.co\/wp-content\/uploads\/2024\/02\/CEFIRO-DUO.jpg","width":945,"height":945},{"@type":"BreadcrumbList","@id":"https:\/\/www.vecol.com.co\/producto\/cefiro-duo\/#breadcrumb","itemListElement":[{"@type":"ListItem","position":1,"name":"Inicio","item":"https:\/\/www.vecol.com.co\/"},{"@type":"ListItem","position":2,"name":"Productos","item":"https:\/\/www.vecol.com.co\/productos\/"},{"@type":"ListItem","position":3,"name":"CEFIRO DUO\u00ae"}]},{"@type":"WebSite","@id":"https:\/\/www.vecol.com.co\/#website","url":"https:\/\/www.vecol.com.co\/","name":"VECOL","description":"Colombian Veterinary Products Company","publisher":{"@id":"https:\/\/www.vecol.com.co\/#organization"},"potentialAction":[{"@type":"SearchAction","target":{"@type":"EntryPoint","urlTemplate":"https:\/\/www.vecol.com.co\/?s={search_term_string}"},"query-input":{"@type":"PropertyValueSpecification","valueRequired":true,"valueName":"search_term_string"}}],"inLanguage":"en-US"},{"@type":"Organization","@id":"https:\/\/www.vecol.com.co\/#organization","name":"Colombian Veterinary Products Company","url":"https:\/\/www.vecol.com.co\/","logo":{"@type":"ImageObject","inLanguage":"en-US","@id":"https:\/\/www.vecol.com.co\/#\/schema\/logo\/image\/","url":"https:\/\/www.vecol.com.co\/wp-content\/uploads\/2023\/07\/logoVecol.png","contentUrl":"https:\/\/www.vecol.com.co\/wp-content\/uploads\/2023\/07\/logoVecol.png","width":106,"height":106,"caption":"Empresa Colombiana de Productos Veterinarios"},"image":{"@id":"https:\/\/www.vecol.com.co\/#\/schema\/logo\/image\/"},"sameAs":["https:\/\/www.facebook.com\/vecolveterinaria","https:\/\/x.com\/VecolColombia"]}]}},"_links":{"self":[{"href":"https:\/\/www.vecol.com.co\/en\/wp-json\/wp\/v2\/product\/11046","targetHints":{"allow":["GET"]}}],"collection":[{"href":"https:\/\/www.vecol.com.co\/en\/wp-json\/wp\/v2\/product"}],"about":[{"href":"https:\/\/www.vecol.com.co\/en\/wp-json\/wp\/v2\/types\/product"}],"wp:featuredmedia":[{"embeddable":true,"href":"https:\/\/www.vecol.com.co\/en\/wp-json\/wp\/v2\/media\/11047"}],"wp:attachment":[{"href":"https:\/\/www.vecol.com.co\/en\/wp-json\/wp\/v2\/media?parent=11046"}],"wp:term":[{"taxonomy":"product_brand","embeddable":true,"href":"https:\/\/www.vecol.com.co\/en\/wp-json\/wp\/v2\/product_brand?post=11046"},{"taxonomy":"product_cat","embeddable":true,"href":"https:\/\/www.vecol.com.co\/en\/wp-json\/wp\/v2\/product_cat?post=11046"},{"taxonomy":"product_tag","embeddable":true,"href":"https:\/\/www.vecol.com.co\/en\/wp-json\/wp\/v2\/product_tag?post=11046"}],"curies":[{"name":"wp","href":"https:\/\/api.w.org\/{rel}","templated":true}]}}