{"id":4784,"date":"2022-06-10T16:12:40","date_gmt":"2022-06-10T21:12:40","guid":{"rendered":"https:\/\/www.vecol.com.co\/?page_id=4784"},"modified":"2023-01-16T11:10:53","modified_gmt":"2023-01-16T16:10:53","slug":"politica-de-cookies","status":"publish","type":"page","link":"https:\/\/www.vecol.com.co\/en\/politica-de-cookies\/","title":{"rendered":"Pol\u00edtica de Cookies"},"content":{"rendered":"<div data-elementor-type=\"wp-page\" data-elementor-id=\"4784\" class=\"elementor elementor-4784\" data-elementor-post-type=\"page\">\n\t\t\t\t\t\t<section data-particle_enable=\"false\" data-particle-mobile-disabled=\"false\" class=\"elementor-section elementor-top-section elementor-element elementor-element-4c073d01 elementor-section-boxed elementor-section-height-default elementor-section-height-default\" data-id=\"4c073d01\" data-element_type=\"section\" data-e-type=\"section\">\n\t\t\t\t\t\t<div class=\"elementor-container elementor-column-gap-default\">\n\t\t\t\t\t<div class=\"elementor-column elementor-col-100 elementor-top-column elementor-element elementor-element-5eef2201\" data-id=\"5eef2201\" data-element_type=\"column\" data-e-type=\"column\">\n\t\t\t<div class=\"elementor-widget-wrap elementor-element-populated\">\n\t\t\t\t\t\t<div class=\"elementor-element elementor-element-13e6d14f elementor-widget elementor-widget-text-editor\" data-id=\"13e6d14f\" data-element_type=\"widget\" data-e-type=\"widget\" data-widget_type=\"text-editor.default\">\n\t\t\t\t<div class=\"elementor-widget-container\">\n\t\t\t\t\t\t\t\t\t\n<h1 class=\"wp-block-heading\"><strong>POL\u00cdTICA DE COOKIES &#8211; VECOL S.A.<\/strong><\/h1>\n\n<h3 class=\"wp-block-heading\"><strong>\u00bfQU\u00c9 SON LAS COOKIES Y POR QU\u00c9 LAS USAMOS?<\/strong><\/h3>\n\n<p>Las cookies son peque\u00f1os archivos de texto que las aplicaciones o los sitios web que visita colocan en su ordenador. Las cookies se usan para ayudarnos a mejorar su experiencia cuando usa nuestros sitios web, por ejemplo, guardando su ajuste de idioma preferido para la pr\u00f3xima vez que nos visite.<\/p>\n\n<p>La informaci\u00f3n que recabamos de las cookies nos permite:<\/p>\n\n<ul class=\"wp-block-list\">\n<li>Adecuar nuestros sitios web a sus necesidades personales<\/li>\n<li>Recordar las notificaciones que se le han mostrado, de forma que no se le muestren de nuevo<\/li>\n<li>Hacer mejoras y actualizaciones en nuestros sitios web basadas en la forma en la que usted quiere utilizarlas<\/li>\n<\/ul>\n\n<p>No usamos las cookies para identificarle personalmente.<\/p>\n\n<h3 class=\"wp-block-heading\"><strong>\u00bfQU\u00c9 TIPO DE COOKIES USAMOS?<\/strong><\/h3>\n\n<p>Usamos las siguientes categor\u00edas de cookies:<\/p>\n\n<p><strong>Categor\u00eda 1: cookies necesarias<\/strong><\/p>\n\n<p>Las cookies necesarias le permiten usar nuestros sitios web y todas sus funciones, como habilitar el acceso a \u00e1reas seguras del sitio web. Sin estas cookies, puede que usted no pueda hacer uso de todas las funciones de nuestros sitios web.<\/p>\n\n<p><strong>Categor\u00eda 2: cookies de rendimiento<\/strong><\/p>\n\n<p>Las cookies de rendimiento recogen informaci\u00f3n acerca de c\u00f3mo usted usa nuestros sitios web, de forma que podamos mejorarlas para usted en el futuro. Por ejemplo, recogen informaci\u00f3n acerca de las p\u00e1ginas que visita m\u00e1s frecuentemente y cualquier mensaje de error que usted pueda recibir.<strong> La informaci\u00f3n obtenida por estas cookies es an\u00f3nima. No recogen ninguna informaci\u00f3n que pueda identificarle personalmente.<\/strong><\/p>\n\n<ul class=\"wp-block-list\">\n<li><strong>Google Analytics (universal):<\/strong> utilizamos Google Universal Analytics para supervisar el rendimiento de nuestros sitios web y chequear las actividades del visitante, para adaptar nuestro contenido a sus expectativas.<\/li>\n<\/ul>\n\n<p><strong>Categor\u00eda 3: cookies de funcionalidad<\/strong><\/p>\n\n<p>Las cookies de funcionalidad nos permiten proporcionarle una experiencia m\u00e1s personalizada. Nos ayudan a recordar datos como su nombre de usuario y su idioma seleccionado para que no tenga que introducirlos de nuevo la pr\u00f3xima vez que nos visite. La informaci\u00f3n recogida por estas cookies es an\u00f3nima. No puede ser rastreada su actividad al navegar por otros sitios web.<\/p>\n\n<p><strong>Categor\u00eda 4: cookies de medios sociales<\/strong><\/p>\n\n<p>Los sitios web de <strong>Vecol S.A.<\/strong> usan cookies de terceros de sitios de redes sociales como Facebook, Twitter y LinkedIn para permitir realizar informes de campa\u00f1as en profundidad y hacer un seguimiento de los usuarios de redes sociales cuando visitan nuestros sitios web mediante el uso de un mecanismo de etiquetado proporcionado por esas redes sociales. Estas cookies pueden usarse tambi\u00e9n para el seguimiento de eventos y para la comercializaci\u00f3n de productos. Los datos recogidos con estas etiquetas se usar\u00e1n conforme a la normativa de privacidad de Vecol S.A. y las normativas de privacidad de las redes sociales. Los sitios web de Vecol S.A. no recoger\u00e1n ni almacenar\u00e1n datos que permitan identificar al usuario.<\/p>\n\n<p>En los siguientes enlaces puede encontrar informaci\u00f3n sobre c\u00f3mo puede rechazar estas cookies:<\/p>\n\n<ul class=\"wp-block-list\">\n<li><a href=\"https:\/\/support.twitter.com\/articles\/20170514\">Twitter<\/a><\/li>\n<li><a href=\"https:\/\/www.linkedin.com\/legal\/cookie-policy?trk=hp-cookies\">Linkedin<\/a><\/li>\n<\/ul>\n\t\t\t\t\t\t\t\t<\/div>\n\t\t\t\t<\/div>\n\t\t\t\t\t<\/div>\n\t\t<\/div>\n\t\t\t\t\t<\/div>\n\t\t<\/section>\n\t\t\t\t<\/div>","protected":false},"excerpt":{"rendered":"<p>POL\u00cdTICA DE COOKIES &#8211; VECOL S.A. \u00bfQU\u00c9 SON LAS COOKIES Y POR QU\u00c9 LAS USAMOS? Las cookies son peque\u00f1os archivos de texto que las aplicaciones o los sitios web que visita colocan en su ordenador. Las cookies se usan para ayudarnos a mejorar su experiencia cuando usa nuestros sitios web, por ejemplo, guardando su ajuste [&hellip;]<\/p>\n","protected":false},"author":1,"featured_media":0,"parent":0,"menu_order":0,"comment_status":"closed","ping_status":"closed","template":"elementor_header_footer","meta":{"_acf_changed":false,"site-sidebar-layout":"default","site-content-layout":"","ast-site-content-layout":"default","site-content-style":"default","site-sidebar-style":"default","ast-global-header-display":"","ast-banner-title-visibility":"","ast-main-header-display":"","ast-hfb-above-header-display":"","ast-hfb-below-header-display":"","ast-hfb-mobile-header-display":"","site-post-title":"disabled","ast-breadcrumbs-content":"","ast-featured-img":"disabled","footer-sml-layout":"","ast-disable-related-posts":"","theme-transparent-header-meta":"","adv-header-id-meta":"","stick-header-meta":"","header-above-stick-meta":"","header-main-stick-meta":"","header-below-stick-meta":"","astra-migrate-meta-layouts":"default","ast-page-background-enabled":"default","ast-page-background-meta":{"desktop":{"background-color":"","background-image":"","background-repeat":"repeat","background-position":"center center","background-size":"auto","background-attachment":"scroll","background-type":"","background-media":"","overlay-type":"","overlay-color":"","overlay-opacity":"","overlay-gradient":""},"tablet":{"background-color":"","background-image":"","background-repeat":"repeat","background-position":"center center","background-size":"auto","background-attachment":"scroll","background-type":"","background-media":"","overlay-type":"","overlay-color":"","overlay-opacity":"","overlay-gradient":""},"mobile":{"background-color":"","background-image":"","background-repeat":"repeat","background-position":"center center","background-size":"auto","background-attachment":"scroll","background-type":"","background-media":"","overlay-type":"","overlay-color":"","overlay-opacity":"","overlay-gradient":""}},"ast-content-background-meta":{"desktop":{"background-color":"var(--ast-global-color-5)","background-image":"","background-repeat":"repeat","background-position":"center center","background-size":"auto","background-attachment":"scroll","background-type":"","background-media":"","overlay-type":"","overlay-color":"","overlay-opacity":"","overlay-gradient":""},"tablet":{"background-color":"var(--ast-global-color-5)","background-image":"","background-repeat":"repeat","background-position":"center center","background-size":"auto","background-attachment":"scroll","background-type":"","background-media":"","overlay-type":"","overlay-color":"","overlay-opacity":"","overlay-gradient":""},"mobile":{"background-color":"var(--ast-global-color-5)","background-image":"","background-repeat":"repeat","background-position":"center center","background-size":"auto","background-attachment":"scroll","background-type":"","background-media":"","overlay-type":"","overlay-color":"","overlay-opacity":"","overlay-gradient":""}},"footnotes":""},"class_list":["post-4784","page","type-page","status-publish","hentry"],"acf":[],"yoast_head":"<!-- This site is optimized with the Yoast SEO plugin v27.4 - https:\/\/yoast.com\/product\/yoast-seo-wordpress\/ -->\n<title>Pol\u00edtica de Cookies - VECOL<\/title>\n<meta name=\"robots\" content=\"index, follow, max-snippet:-1, max-image-preview:large, max-video-preview:-1\" \/>\n<link rel=\"canonical\" href=\"https:\/\/www.vecol.com.co\/en\/politica-de-cookies\/\" \/>\n<meta property=\"og:locale\" content=\"en_US\" \/>\n<meta property=\"og:type\" content=\"article\" \/>\n<meta property=\"og:title\" content=\"Pol\u00edtica de Cookies - VECOL\" \/>\n<meta property=\"og:description\" content=\"POL\u00cdTICA DE COOKIES &#8211; VECOL S.A. \u00bfQU\u00c9 SON LAS COOKIES Y POR QU\u00c9 LAS USAMOS? Las cookies son peque\u00f1os archivos de texto que las aplicaciones o los sitios web que visita colocan en su ordenador. Las cookies se usan para ayudarnos a mejorar su experiencia cuando usa nuestros sitios web, por ejemplo, guardando su ajuste [&hellip;]\" \/>\n<meta property=\"og:url\" content=\"https:\/\/www.vecol.com.co\/en\/politica-de-cookies\/\" \/>\n<meta property=\"og:site_name\" content=\"VECOL\" \/>\n<meta property=\"article:publisher\" content=\"https:\/\/www.facebook.com\/vecolveterinaria\" \/>\n<meta property=\"article:modified_time\" content=\"2023-01-16T16:10:53+00:00\" \/>\n<meta name=\"twitter:card\" content=\"summary_large_image\" \/>\n<meta name=\"twitter:site\" content=\"@VecolColombia\" \/>\n<meta name=\"twitter:label1\" content=\"Est. reading time\" \/>\n\t<meta name=\"twitter:data1\" content=\"3 minutes\" \/>\n<script type=\"application\/ld+json\" class=\"yoast-schema-graph\">{\"@context\":\"https:\\\/\\\/schema.org\",\"@graph\":[{\"@type\":\"WebPage\",\"@id\":\"https:\\\/\\\/www.vecol.com.co\\\/politica-de-cookies\\\/\",\"url\":\"https:\\\/\\\/www.vecol.com.co\\\/politica-de-cookies\\\/\",\"name\":\"Pol\u00edtica de Cookies - VECOL\",\"isPartOf\":{\"@id\":\"https:\\\/\\\/www.vecol.com.co\\\/#website\"},\"datePublished\":\"2022-06-10T21:12:40+00:00\",\"dateModified\":\"2023-01-16T16:10:53+00:00\",\"breadcrumb\":{\"@id\":\"https:\\\/\\\/www.vecol.com.co\\\/politica-de-cookies\\\/#breadcrumb\"},\"inLanguage\":\"en-US\",\"potentialAction\":[{\"@type\":\"ReadAction\",\"target\":[\"https:\\\/\\\/www.vecol.com.co\\\/politica-de-cookies\\\/\"]}]},{\"@type\":\"BreadcrumbList\",\"@id\":\"https:\\\/\\\/www.vecol.com.co\\\/politica-de-cookies\\\/#breadcrumb\",\"itemListElement\":[{\"@type\":\"ListItem\",\"position\":1,\"name\":\"Inicio\",\"item\":\"https:\\\/\\\/www.vecol.com.co\\\/\"},{\"@type\":\"ListItem\",\"position\":2,\"name\":\"Pol\u00edtica de Cookies\"}]},{\"@type\":\"WebSite\",\"@id\":\"https:\\\/\\\/www.vecol.com.co\\\/#website\",\"url\":\"https:\\\/\\\/www.vecol.com.co\\\/\",\"name\":\"VECOL\",\"description\":\"Empresa Colombiana de Productos Veterinarios\",\"publisher\":{\"@id\":\"https:\\\/\\\/www.vecol.com.co\\\/#organization\"},\"potentialAction\":[{\"@type\":\"SearchAction\",\"target\":{\"@type\":\"EntryPoint\",\"urlTemplate\":\"https:\\\/\\\/www.vecol.com.co\\\/?s={search_term_string}\"},\"query-input\":{\"@type\":\"PropertyValueSpecification\",\"valueRequired\":true,\"valueName\":\"search_term_string\"}}],\"inLanguage\":\"en-US\"},{\"@type\":\"Organization\",\"@id\":\"https:\\\/\\\/www.vecol.com.co\\\/#organization\",\"name\":\"Empresa Colombiana de Productos Veterinarios\",\"url\":\"https:\\\/\\\/www.vecol.com.co\\\/\",\"logo\":{\"@type\":\"ImageObject\",\"inLanguage\":\"en-US\",\"@id\":\"https:\\\/\\\/www.vecol.com.co\\\/#\\\/schema\\\/logo\\\/image\\\/\",\"url\":\"https:\\\/\\\/www.vecol.com.co\\\/wp-content\\\/uploads\\\/2023\\\/07\\\/logoVecol.png\",\"contentUrl\":\"https:\\\/\\\/www.vecol.com.co\\\/wp-content\\\/uploads\\\/2023\\\/07\\\/logoVecol.png\",\"width\":106,\"height\":106,\"caption\":\"Empresa Colombiana de Productos Veterinarios\"},\"image\":{\"@id\":\"https:\\\/\\\/www.vecol.com.co\\\/#\\\/schema\\\/logo\\\/image\\\/\"},\"sameAs\":[\"https:\\\/\\\/www.facebook.com\\\/vecolveterinaria\",\"https:\\\/\\\/x.com\\\/VecolColombia\"]}]}<\/script>\n<!-- \/ Yoast SEO plugin. -->","yoast_head_json":{"title":"Pol\u00edtica de Cookies - VECOL","robots":{"index":"index","follow":"follow","max-snippet":"max-snippet:-1","max-image-preview":"max-image-preview:large","max-video-preview":"max-video-preview:-1"},"canonical":"https:\/\/www.vecol.com.co\/en\/politica-de-cookies\/","og_locale":"en_US","og_type":"article","og_title":"Pol\u00edtica de Cookies - VECOL","og_description":"POL\u00cdTICA DE COOKIES &#8211; VECOL S.A. \u00bfQU\u00c9 SON LAS COOKIES Y POR QU\u00c9 LAS USAMOS? Las cookies son peque\u00f1os archivos de texto que las aplicaciones o los sitios web que visita colocan en su ordenador. Las cookies se usan para ayudarnos a mejorar su experiencia cuando usa nuestros sitios web, por ejemplo, guardando su ajuste [&hellip;]","og_url":"https:\/\/www.vecol.com.co\/en\/politica-de-cookies\/","og_site_name":"VECOL","article_publisher":"https:\/\/www.facebook.com\/vecolveterinaria","article_modified_time":"2023-01-16T16:10:53+00:00","twitter_card":"summary_large_image","twitter_site":"@VecolColombia","twitter_misc":{"Est. reading time":"3 minutes"},"schema":{"@context":"https:\/\/schema.org","@graph":[{"@type":"WebPage","@id":"https:\/\/www.vecol.com.co\/politica-de-cookies\/","url":"https:\/\/www.vecol.com.co\/politica-de-cookies\/","name":"Pol\u00edtica de Cookies - VECOL","isPartOf":{"@id":"https:\/\/www.vecol.com.co\/#website"},"datePublished":"2022-06-10T21:12:40+00:00","dateModified":"2023-01-16T16:10:53+00:00","breadcrumb":{"@id":"https:\/\/www.vecol.com.co\/politica-de-cookies\/#breadcrumb"},"inLanguage":"en-US","potentialAction":[{"@type":"ReadAction","target":["https:\/\/www.vecol.com.co\/politica-de-cookies\/"]}]},{"@type":"BreadcrumbList","@id":"https:\/\/www.vecol.com.co\/politica-de-cookies\/#breadcrumb","itemListElement":[{"@type":"ListItem","position":1,"name":"Inicio","item":"https:\/\/www.vecol.com.co\/"},{"@type":"ListItem","position":2,"name":"Pol\u00edtica de Cookies"}]},{"@type":"WebSite","@id":"https:\/\/www.vecol.com.co\/#website","url":"https:\/\/www.vecol.com.co\/","name":"VECOL","description":"Colombian Veterinary Products Company","publisher":{"@id":"https:\/\/www.vecol.com.co\/#organization"},"potentialAction":[{"@type":"SearchAction","target":{"@type":"EntryPoint","urlTemplate":"https:\/\/www.vecol.com.co\/?s={search_term_string}"},"query-input":{"@type":"PropertyValueSpecification","valueRequired":true,"valueName":"search_term_string"}}],"inLanguage":"en-US"},{"@type":"Organization","@id":"https:\/\/www.vecol.com.co\/#organization","name":"Colombian Veterinary Products Company","url":"https:\/\/www.vecol.com.co\/","logo":{"@type":"ImageObject","inLanguage":"en-US","@id":"https:\/\/www.vecol.com.co\/#\/schema\/logo\/image\/","url":"https:\/\/www.vecol.com.co\/wp-content\/uploads\/2023\/07\/logoVecol.png","contentUrl":"https:\/\/www.vecol.com.co\/wp-content\/uploads\/2023\/07\/logoVecol.png","width":106,"height":106,"caption":"Empresa Colombiana de Productos Veterinarios"},"image":{"@id":"https:\/\/www.vecol.com.co\/#\/schema\/logo\/image\/"},"sameAs":["https:\/\/www.facebook.com\/vecolveterinaria","https:\/\/x.com\/VecolColombia"]}]}},"_links":{"self":[{"href":"https:\/\/www.vecol.com.co\/en\/wp-json\/wp\/v2\/pages\/4784","targetHints":{"allow":["GET"]}}],"collection":[{"href":"https:\/\/www.vecol.com.co\/en\/wp-json\/wp\/v2\/pages"}],"about":[{"href":"https:\/\/www.vecol.com.co\/en\/wp-json\/wp\/v2\/types\/page"}],"author":[{"embeddable":true,"href":"https:\/\/www.vecol.com.co\/en\/wp-json\/wp\/v2\/users\/1"}],"replies":[{"embeddable":true,"href":"https:\/\/www.vecol.com.co\/en\/wp-json\/wp\/v2\/comments?post=4784"}],"version-history":[{"count":4,"href":"https:\/\/www.vecol.com.co\/en\/wp-json\/wp\/v2\/pages\/4784\/revisions"}],"predecessor-version":[{"id":8344,"href":"https:\/\/www.vecol.com.co\/en\/wp-json\/wp\/v2\/pages\/4784\/revisions\/8344"}],"wp:attachment":[{"href":"https:\/\/www.vecol.com.co\/en\/wp-json\/wp\/v2\/media?parent=4784"}],"curies":[{"name":"wp","href":"https:\/\/api.w.org\/{rel}","templated":true}]}}